{"id":1106,"date":"2024-12-08T14:23:20","date_gmt":"2024-12-08T14:23:20","guid":{"rendered":"https:\/\/chemgramx.com\/?post_type=product&#038;p=1106"},"modified":"2025-10-18T05:24:17","modified_gmt":"2025-10-18T05:24:17","slug":"furanylfentanyl-fu-f225","status":"publish","type":"product","link":"https:\/\/chemgramx.com\/cs\/product\/furanylfentanyl-fu-f225\/","title":{"rendered":"Koupit Furanylfentanyl (Fu-F)225 online"},"content":{"rendered":"<h2 data-start=\"152\" data-end=\"196\">Koupit Furanylfentanyl (Fu-F)225 online<\/h2>\n<p data-start=\"198\" data-end=\"747\">Suchen Sie nach einer sicheren M\u00f6glichkeit,Furanylfentanyl (Fu-F)225 online kaufen? Bei uns finden Sie hochwertiges Furanylfentanyl (Fu-F)225 for sale, gepr\u00fcft und mit h\u00f6chster Reinheit. Egal ob Sie echtes oder gef\u00e4lschtes Furanylfentanyl (Fu-F)225 kaufen m\u00f6chten oder sich fragen, wo kann man Furanylfentanyl (Fu-F)225 kaufen, wir bieten eine verl\u00e4ssliche L\u00f6sung f\u00fcr Labore und Forschungseinrichtungen. Durch unsere fairen Konditionen k\u00f6nnen Sie auch Furanylfentanyl (Fu-F)225 g\u00fcnstig online kaufen, ohne Abstriche bei Qualit\u00e4t und Sicherheit zu machen.<\/p>\n<h3 data-start=\"754\" data-end=\"793\">Co je furanylfentanyl (Fu-F)225?<\/h3>\n<p data-start=\"795\" data-end=\"1109\">kter\u00fd byl speci\u00e1ln\u011b navr\u017een pro pou\u017eit\u00ed ve v\u011bdeck\u00e9m v\u00fdzkumu. Tato slou\u010denina se \u010dasto pou\u017e\u00edv\u00e1 v laborato\u0159\u00edch ke studiu interakc\u00ed s opioidn\u00edmi receptory a farmakologick\u00fdch a toxikologick\u00fdch vlastnost\u00ed.<\/p>\n<p data-start=\"1111\" data-end=\"1295\">Mnoho v\u00fdzkumn\u00edk\u016f si vyb\u00edr\u00e1 <a href=\"https:\/\/chemgramx.com\/cs\/product\/furanylfentanyl-fu-f225\/\">Koupit Furanylfentanyl (Fu-F)225 online<\/a>proto\u017ee ka\u017ed\u00e1 \u0161ar\u017ee je testov\u00e1na za nejp\u0159\u00edsn\u011bj\u0161\u00edch laboratorn\u00edch podm\u00ednek, co\u017e zaru\u010duje spolehliv\u00e9 v\u00fdsledky.<\/p>\n<h3 data-start=\"1302\" data-end=\"1333\">Aplikace ve v\u00fdzkumu<\/h3>\n<p data-start=\"1335\" data-end=\"1644\">Dank seiner pr\u00e4zisen chemischen Eigenschaften ist Furanylfentanyl (Fu-F)225 besonders n\u00fctzlich in der Rezeptorforschung und bei Studien zu molekularen Wirkmechanismen. Wissenschaftler, die Bestellen Sie echtes oder gef\u00e4lschtes Furanylfentanyl (Fu-F)225, profitieren von gepr\u00fcfter Qualit\u00e4t und zuverl\u00e4ssiger Stabilit\u00e4t.<\/p>\n<h3 data-start=\"1651\" data-end=\"1679\">Kvalita a bezpe\u010dnost<\/h3>\n<p data-start=\"1681\" data-end=\"2002\">Ka\u017ed\u00e1 \u0161ar\u017ee furanylfentanylu (Fu-F)225 je vyr\u00e1b\u011bna a testov\u00e1na podle nejvy\u0161\u0161\u00edch standard\u016f. To zaji\u0161\u0165uje, \u017ee v\u011bdci mohou dos\u00e1hnout p\u0159esn\u00fdch a reprodukovateln\u00fdch v\u00fdsledk\u016f. Pokud hled\u00e1te nejlep\u0161\u00ed m\u00edsto pro n\u00e1kup furanylfentanylu (Fu-F)225, klademe d\u016fraz na bezpe\u010dnost, \u010distotu a diskr\u00e9tnost.<\/p>\n<p data-start=\"2004\" data-end=\"2144\">Unsere Kunden sch\u00e4tzen auch den fairen Furanylfentanyl (Fu-F)225 Preis, der trotz h\u00f6chster Qualit\u00e4tsstandards wettbewerbsf\u00e4hig bleibt.<\/p>\n<h3 data-start=\"2151\" data-end=\"2173\">Pokyny pro skladov\u00e1n\u00ed<\/h3>\n<p data-start=\"2175\" data-end=\"2465\">Z d\u016fvodu chemick\u00e9 stability by m\u011bl b\u00fdt furanylfentanyl (Fu-F)225 skladov\u00e1n na chladn\u00e9m a such\u00e9m m\u00edst\u011b, chr\u00e1n\u011bn\u00e9m p\u0159ed p\u0159\u00edm\u00fdm slune\u010dn\u00edm z\u00e1\u0159en\u00edm. Tato l\u00e1tka je ur\u010dena pouze pro laboratorn\u00ed pou\u017eit\u00ed a sm\u00ed b\u00fdt pou\u017e\u00edv\u00e1na pouze v kontrolovan\u00e9m v\u00fdzkumn\u00e9m prost\u0159ed\u00ed.<\/p>\n<h3 data-start=\"2472\" data-end=\"2503\">Hlavn\u00ed vlastnosti a v\u00fdhody<\/h3>\n<ul data-start=\"2505\" data-end=\"2820\">\n<li data-start=\"2505\" data-end=\"2565\">\n<p data-start=\"2507\" data-end=\"2565\">Maxim\u00e1ln\u00ed \u010distota pro p\u0159esn\u00fd farmakologick\u00fd v\u00fdzkum<\/p>\n<\/li>\n<li data-start=\"2566\" data-end=\"2629\">\n<p data-start=\"2568\" data-end=\"2629\">Podporuje v\u00fdzkum interakc\u00ed mezi receptory<\/p>\n<\/li>\n<li data-start=\"2630\" data-end=\"2689\">\n<p data-start=\"2632\" data-end=\"2689\">P\u0159\u00edsn\u00e9 kontroly kvality pro spolehliv\u00e9 v\u00fdsledky<\/p>\n<\/li>\n<li data-start=\"2690\" data-end=\"2737\">\n<p data-start=\"2692\" data-end=\"2737\">Pouze pro v\u011bdeck\u00e9 \u00fa\u010dely:<\/p>\n<\/li>\n<li data-start=\"2738\" data-end=\"2820\">\n<p data-start=\"2740\" data-end=\"2820\">Attraktive Konditionen f\u00fcr echtes oder gef\u00e4lschtes Furanylfentanyl (Fu-F)225 zu verkaufen<\/p>\n<\/li>\n<\/ul>\n<h3 data-start=\"2827\" data-end=\"2837\">Z\u00e1v\u011br<\/h3>\n<p data-start=\"2839\" data-end=\"3135\">Wenn Sie Furanylfentanyl (Fu-F)225 online kaufen m\u00f6chten, sind wir Ihr zuverl\u00e4ssiger Partner. Ob Furanylfentanyl (Fu-F)225 g\u00fcnstig online kaufen oder die Suche nach dem bester Ort, um Furanylfentanyl (Fu-F)225 zu kaufen, bei uns erhalten Sie gepr\u00fcfte Reinheit, faire Preise und diskrete Lieferung.<\/p>\n<p data-start=\"3137\" data-end=\"3278\">Starten Sie jetzt Ihre Bestellung und sichern Sie sich Furanylfentanyl (Fu-F)225 zu verkaufen \u2013 schnell, sicher und mit absoluter Qualit\u00e4t.<\/p>","protected":false},"excerpt":{"rendered":"<p><strong>Furanylfentanyl (Fu-F)<\/strong> je syntetick\u00fd analog opioidu vyvinut\u00fd pro \u00fa\u010dely v\u011bdeck\u00e9ho v\u00fdzkumu. Nab\u00edz\u00ed p\u0159esn\u00fd zp\u016fsob anal\u00fdzy farmakologick\u00fdch vlastnost\u00ed a interakc\u00ed s receptory. Nejvy\u0161\u0161\u00ed \u010distota a kvalita zaru\u010duj\u00ed spolehliv\u00e9 v\u00fdsledky. Povoleno pouze pro laboratorn\u00ed pou\u017eit\u00ed, nikoliv pro lidskou spot\u0159ebu.<\/p>","protected":false},"featured_media":1107,"comment_status":"open","ping_status":"closed","template":"","meta":{"_joinchat":[]},"product_brand":[],"product_cat":[1800],"product_tag":[2238,2246,2240,2242,2237,2239,2244,2241,2243,2245],"class_list":{"0":"post-1106","1":"product","2":"type-product","3":"status-publish","4":"has-post-thumbnail","6":"product_cat-sedatives","7":"product_tag-fu-f-225","8":"product_tag-fu-f-225-forschung","9":"product_tag-fu-f-225-kaufen","10":"product_tag-fu-f-225-online","11":"product_tag-furanylfentanyl","12":"product_tag-furanylfentanyl-kaufen","13":"product_tag-furanylfentanyl-kristalle","14":"product_tag-furanylfentanyl-online","15":"product_tag-furanylfentanyl-pulver","16":"product_tag-synthetische-opioide","18":"first","19":"instock","20":"shipping-taxable","21":"purchasable","22":"product-type-variable"},"yoast_head":"<!-- This site is optimized with the Yoast SEO plugin v26.1.1 - https:\/\/yoast.com\/wordpress\/plugins\/seo\/ -->\n<title>Furanylfentanyl (Fu-F) | Hochreine Substanz f\u00fcr Laborstudien<\/title>\n<meta name=\"description\" content=\"F\u00fchren Sie pr\u00e4zise Forschung mit Furanylfentanyl (Fu-F) durch. Ideal f\u00fcr pharmakologische Studien mit h\u00f6chster Reinheit. Nur f\u00fcr wissenschaftliche Zwecke zugelassen.\" \/>\n<meta name=\"robots\" content=\"index, follow, max-snippet:-1, max-image-preview:large, max-video-preview:-1\" \/>\n<link rel=\"canonical\" href=\"https:\/\/chemgramx.com\/cs\/product\/furanylfentanyl-fu-f225\/\" \/>\n<meta property=\"og:locale\" content=\"cs_CZ\" \/>\n<meta property=\"og:type\" content=\"article\" \/>\n<meta property=\"og:title\" content=\"Furanylfentanyl (Fu-F) | Hochreine Substanz f\u00fcr Laborstudien\" \/>\n<meta property=\"og:description\" content=\"F\u00fchren Sie pr\u00e4zise Forschung mit Furanylfentanyl (Fu-F) durch. Ideal f\u00fcr pharmakologische Studien mit h\u00f6chster Reinheit. Nur f\u00fcr wissenschaftliche Zwecke zugelassen.\" \/>\n<meta property=\"og:url\" content=\"https:\/\/chemgramx.com\/cs\/product\/furanylfentanyl-fu-f225\/\" \/>\n<meta property=\"og:site_name\" content=\"Chemgramx\" \/>\n<meta property=\"article:modified_time\" content=\"2025-10-18T05:24:17+00:00\" \/>\n<meta property=\"og:image\" content=\"https:\/\/chemgramx.com\/wp-content\/uploads\/2024\/12\/fuf.png\" \/>\n\t<meta property=\"og:image:width\" content=\"600\" \/>\n\t<meta property=\"og:image:height\" content=\"400\" \/>\n\t<meta property=\"og:image:type\" content=\"image\/png\" \/>\n<meta name=\"twitter:card\" content=\"summary_large_image\" \/>\n<meta name=\"twitter:label1\" content=\"Odhadovan\u00e1 doba \u010dten\u00ed\" \/>\n\t<meta name=\"twitter:data1\" content=\"2 minuty\" \/>\n<script type=\"application\/ld+json\" class=\"yoast-schema-graph\">{\"@context\":\"https:\/\/schema.org\",\"@graph\":[{\"@type\":\"WebPage\",\"@id\":\"https:\/\/chemgramx.com\/product\/furanylfentanyl-fu-f225\/\",\"url\":\"https:\/\/chemgramx.com\/product\/furanylfentanyl-fu-f225\/\",\"name\":\"Furanylfentanyl (Fu-F) | Hochreine Substanz f\u00fcr Laborstudien\",\"isPartOf\":{\"@id\":\"https:\/\/chemgramx.com\/#website\"},\"primaryImageOfPage\":{\"@id\":\"https:\/\/chemgramx.com\/product\/furanylfentanyl-fu-f225\/#primaryimage\"},\"image\":{\"@id\":\"https:\/\/chemgramx.com\/product\/furanylfentanyl-fu-f225\/#primaryimage\"},\"thumbnailUrl\":\"https:\/\/chemgramx.com\/wp-content\/uploads\/2024\/12\/fuf.png\",\"datePublished\":\"2024-12-08T14:23:20+00:00\",\"dateModified\":\"2025-10-18T05:24:17+00:00\",\"description\":\"F\u00fchren Sie pr\u00e4zise Forschung mit Furanylfentanyl (Fu-F) durch. Ideal f\u00fcr pharmakologische Studien mit h\u00f6chster Reinheit. Nur f\u00fcr wissenschaftliche Zwecke zugelassen.\",\"breadcrumb\":{\"@id\":\"https:\/\/chemgramx.com\/product\/furanylfentanyl-fu-f225\/#breadcrumb\"},\"inLanguage\":\"cs\",\"potentialAction\":[{\"@type\":\"ReadAction\",\"target\":[\"https:\/\/chemgramx.com\/product\/furanylfentanyl-fu-f225\/\"]}]},{\"@type\":\"ImageObject\",\"inLanguage\":\"cs\",\"@id\":\"https:\/\/chemgramx.com\/product\/furanylfentanyl-fu-f225\/#primaryimage\",\"url\":\"https:\/\/chemgramx.com\/wp-content\/uploads\/2024\/12\/fuf.png\",\"contentUrl\":\"https:\/\/chemgramx.com\/wp-content\/uploads\/2024\/12\/fuf.png\",\"width\":600,\"height\":400,\"caption\":\"Furanylfentanyl (Fu-F)\"},{\"@type\":\"BreadcrumbList\",\"@id\":\"https:\/\/chemgramx.com\/product\/furanylfentanyl-fu-f225\/#breadcrumb\",\"itemListElement\":[{\"@type\":\"ListItem\",\"position\":1,\"name\":\"Home\",\"item\":\"https:\/\/chemgramx.com\/\"},{\"@type\":\"ListItem\",\"position\":2,\"name\":\"Shop\",\"item\":\"https:\/\/chemgramx.com\/shop\/\"},{\"@type\":\"ListItem\",\"position\":3,\"name\":\"Furanylfentanyl (Fu-F)225 online kaufen\"}]},{\"@type\":\"WebSite\",\"@id\":\"https:\/\/chemgramx.com\/#website\",\"url\":\"https:\/\/chemgramx.com\/\",\"name\":\"Chemgramx\",\"description\":\"\",\"publisher\":{\"@id\":\"https:\/\/chemgramx.com\/#organization\"},\"potentialAction\":[{\"@type\":\"SearchAction\",\"target\":{\"@type\":\"EntryPoint\",\"urlTemplate\":\"https:\/\/chemgramx.com\/?s={search_term_string}\"},\"query-input\":{\"@type\":\"PropertyValueSpecification\",\"valueRequired\":true,\"valueName\":\"search_term_string\"}}],\"inLanguage\":\"cs\"},{\"@type\":\"Organization\",\"@id\":\"https:\/\/chemgramx.com\/#organization\",\"name\":\"Chemgramx\",\"url\":\"https:\/\/chemgramx.com\/\",\"logo\":{\"@type\":\"ImageObject\",\"inLanguage\":\"cs\",\"@id\":\"https:\/\/chemgramx.com\/#\/schema\/logo\/image\/\",\"url\":\"https:\/\/chemgramx.com\/wp-content\/uploads\/2024\/10\/final-logo.png\",\"contentUrl\":\"https:\/\/chemgramx.com\/wp-content\/uploads\/2024\/10\/final-logo.png\",\"width\":250,\"height\":48,\"caption\":\"Chemgramx\"},\"image\":{\"@id\":\"https:\/\/chemgramx.com\/#\/schema\/logo\/image\/\"}}]}<\/script>\n<!-- \/ Yoast SEO plugin. -->","yoast_head_json":{"title":"Furanylfentanyl (Fu-F) | Hochreine Substanz f\u00fcr Laborstudien","description":"F\u00fchren Sie pr\u00e4zise Forschung mit Furanylfentanyl (Fu-F) durch. Ideal f\u00fcr pharmakologische Studien mit h\u00f6chster Reinheit. Nur f\u00fcr wissenschaftliche Zwecke zugelassen.","robots":{"index":"index","follow":"follow","max-snippet":"max-snippet:-1","max-image-preview":"max-image-preview:large","max-video-preview":"max-video-preview:-1"},"canonical":"https:\/\/chemgramx.com\/cs\/product\/furanylfentanyl-fu-f225\/","og_locale":"cs_CZ","og_type":"article","og_title":"Furanylfentanyl (Fu-F) | Hochreine Substanz f\u00fcr Laborstudien","og_description":"F\u00fchren Sie pr\u00e4zise Forschung mit Furanylfentanyl (Fu-F) durch. Ideal f\u00fcr pharmakologische Studien mit h\u00f6chster Reinheit. Nur f\u00fcr wissenschaftliche Zwecke zugelassen.","og_url":"https:\/\/chemgramx.com\/cs\/product\/furanylfentanyl-fu-f225\/","og_site_name":"Chemgramx","article_modified_time":"2025-10-18T05:24:17+00:00","og_image":[{"width":600,"height":400,"url":"https:\/\/chemgramx.com\/wp-content\/uploads\/2024\/12\/fuf.png","type":"image\/png"}],"twitter_card":"summary_large_image","twitter_misc":{"Odhadovan\u00e1 doba \u010dten\u00ed":"2 minuty"},"schema":{"@context":"https:\/\/schema.org","@graph":[{"@type":"WebPage","@id":"https:\/\/chemgramx.com\/product\/furanylfentanyl-fu-f225\/","url":"https:\/\/chemgramx.com\/product\/furanylfentanyl-fu-f225\/","name":"Furanylfentanyl (Fu-F) | Hochreine Substanz f\u00fcr Laborstudien","isPartOf":{"@id":"https:\/\/chemgramx.com\/#website"},"primaryImageOfPage":{"@id":"https:\/\/chemgramx.com\/product\/furanylfentanyl-fu-f225\/#primaryimage"},"image":{"@id":"https:\/\/chemgramx.com\/product\/furanylfentanyl-fu-f225\/#primaryimage"},"thumbnailUrl":"https:\/\/chemgramx.com\/wp-content\/uploads\/2024\/12\/fuf.png","datePublished":"2024-12-08T14:23:20+00:00","dateModified":"2025-10-18T05:24:17+00:00","description":"F\u00fchren Sie pr\u00e4zise Forschung mit Furanylfentanyl (Fu-F) durch. Ideal f\u00fcr pharmakologische Studien mit h\u00f6chster Reinheit. Nur f\u00fcr wissenschaftliche Zwecke zugelassen.","breadcrumb":{"@id":"https:\/\/chemgramx.com\/product\/furanylfentanyl-fu-f225\/#breadcrumb"},"inLanguage":"cs","potentialAction":[{"@type":"ReadAction","target":["https:\/\/chemgramx.com\/product\/furanylfentanyl-fu-f225\/"]}]},{"@type":"ImageObject","inLanguage":"cs","@id":"https:\/\/chemgramx.com\/product\/furanylfentanyl-fu-f225\/#primaryimage","url":"https:\/\/chemgramx.com\/wp-content\/uploads\/2024\/12\/fuf.png","contentUrl":"https:\/\/chemgramx.com\/wp-content\/uploads\/2024\/12\/fuf.png","width":600,"height":400,"caption":"Furanylfentanyl (Fu-F)"},{"@type":"BreadcrumbList","@id":"https:\/\/chemgramx.com\/product\/furanylfentanyl-fu-f225\/#breadcrumb","itemListElement":[{"@type":"ListItem","position":1,"name":"Home","item":"https:\/\/chemgramx.com\/"},{"@type":"ListItem","position":2,"name":"Shop","item":"https:\/\/chemgramx.com\/shop\/"},{"@type":"ListItem","position":3,"name":"Furanylfentanyl (Fu-F)225 online kaufen"}]},{"@type":"WebSite","@id":"https:\/\/chemgramx.com\/#website","url":"https:\/\/chemgramx.com\/","name":"Chemgramx","description":"","publisher":{"@id":"https:\/\/chemgramx.com\/#organization"},"potentialAction":[{"@type":"SearchAction","target":{"@type":"EntryPoint","urlTemplate":"https:\/\/chemgramx.com\/?s={search_term_string}"},"query-input":{"@type":"PropertyValueSpecification","valueRequired":true,"valueName":"search_term_string"}}],"inLanguage":"cs"},{"@type":"Organization","@id":"https:\/\/chemgramx.com\/#organization","name":"Chemgramx","url":"https:\/\/chemgramx.com\/","logo":{"@type":"ImageObject","inLanguage":"cs","@id":"https:\/\/chemgramx.com\/#\/schema\/logo\/image\/","url":"https:\/\/chemgramx.com\/wp-content\/uploads\/2024\/10\/final-logo.png","contentUrl":"https:\/\/chemgramx.com\/wp-content\/uploads\/2024\/10\/final-logo.png","width":250,"height":48,"caption":"Chemgramx"},"image":{"@id":"https:\/\/chemgramx.com\/#\/schema\/logo\/image\/"}}]}},"_links":{"self":[{"href":"https:\/\/chemgramx.com\/cs\/wp-json\/wp\/v2\/product\/1106","targetHints":{"allow":["GET"]}}],"collection":[{"href":"https:\/\/chemgramx.com\/cs\/wp-json\/wp\/v2\/product"}],"about":[{"href":"https:\/\/chemgramx.com\/cs\/wp-json\/wp\/v2\/types\/product"}],"replies":[{"embeddable":true,"href":"https:\/\/chemgramx.com\/cs\/wp-json\/wp\/v2\/comments?post=1106"}],"wp:featuredmedia":[{"embeddable":true,"href":"https:\/\/chemgramx.com\/cs\/wp-json\/wp\/v2\/media\/1107"}],"wp:attachment":[{"href":"https:\/\/chemgramx.com\/cs\/wp-json\/wp\/v2\/media?parent=1106"}],"wp:term":[{"taxonomy":"product_brand","embeddable":true,"href":"https:\/\/chemgramx.com\/cs\/wp-json\/wp\/v2\/product_brand?post=1106"},{"taxonomy":"product_cat","embeddable":true,"href":"https:\/\/chemgramx.com\/cs\/wp-json\/wp\/v2\/product_cat?post=1106"},{"taxonomy":"product_tag","embeddable":true,"href":"https:\/\/chemgramx.com\/cs\/wp-json\/wp\/v2\/product_tag?post=1106"}],"curies":[{"name":"wp","href":"https:\/\/api.w.org\/{rel}","templated":true}]}}