{"id":6418,"date":"2025-11-21T11:05:19","date_gmt":"2025-11-21T11:05:19","guid":{"rendered":"https:\/\/chemgramx.com\/?post_type=product&#038;p=6418"},"modified":"2025-11-21T11:06:13","modified_gmt":"2025-11-21T11:06:13","slug":"koupit-4-ho-met","status":"publish","type":"product","link":"https:\/\/chemgramx.com\/cs\/product\/4-ho-met-kaufen\/","title":{"rendered":"Koupit 4-HO-MET"},"content":{"rendered":"<p>Dostupnost vysoce \u010dist\u00fdch, dob\u0159e charakterizovan\u00fdch deriv\u00e1t\u016f tryptaminu je z\u00e1sadn\u00ed pro dal\u0161\u00ed v\u00fdvoj. <b>Neurofarmakologie<\/b> z\u00e1sadn\u00ed v\u00fdznam. <b>4-HO-MET (4-hydroxy-N-methyl-N-ethyltryptamin)<\/b> je pova\u017eov\u00e1n za specializovan\u00fd <b>V\u00fdzkum chemick\u00fdch l\u00e1tek<\/b> kter\u00fd je ur\u010den v\u00fdhradn\u011b pro analytick\u00e9 studie a experimenty v kontrolovan\u00e9m laboratorn\u00edm prost\u0159ed\u00ed. N\u00e1\u0161 z\u00e1vazek k nejvy\u0161\u0161\u00ed \u010distot\u011b zaru\u010duje, \u017ee va\u0161e v\u00fdzkumn\u00e9 projekty budou zalo\u017eeny na spolehliv\u00fdch, konzistentn\u00edch a validn\u00edch materi\u00e1lech.<\/p>\n<p>Tento vysoce \u010dist\u00fd materi\u00e1l slou\u017e\u00ed jako z\u00e1kladn\u00ed n\u00e1stroj pro v\u011bdce specializuj\u00edc\u00ed se na <b>Studie vazby na receptory, anal\u00fdzy metabolismu<\/b> a podrobn\u00e9 <b>chemick\u00e1 charakterizace<\/b> zam\u011b\u0159en\u00ed. Zd\u016fraz\u0148ujeme, \u017ee pou\u017eit\u00ed tohoto produktu je p\u0159\u00edsn\u011b omezeno na kvalifikovan\u00fd v\u00fdzkum a v \u017e\u00e1dn\u00e9m p\u0159\u00edpad\u011b se nesm\u00ed pou\u017e\u00edvat mimo laborato\u0159 nebo pro spot\u0159ebitelsk\u00e9 \u00fa\u010dely.<\/p>\n<h2>Chemick\u00e1 charakterizace a zaru\u010den\u00e1 \u010distota<\/h2>\n<p>P\u0159esn\u00e1 znalost chemick\u00e9 struktury a stupn\u011b \u010distoty je z\u00e1kladem ka\u017ed\u00e9ho reprodukovateln\u00e9ho v\u011bdeck\u00e9ho experimentu.<\/p>\n<h3>Podrobn\u00e9 chemick\u00e9 vlastnosti<\/h3>\n<p>4-HO-MET pat\u0159\u00ed do skupiny substituovan\u00fdch tryptamin\u016f. Chemick\u00e1 struktura je z\u00e1sadn\u00ed pro pochopen\u00ed jeho \u00falohy v experiment\u00e1ln\u00edch sestav\u00e1ch.<\/p>\n<ul>\n<li><b>N\u00e1zev IUPAC:<\/b> Spr\u00e1vn\u00e9 chemick\u00e9 n\u00e1zvoslov\u00ed je <b>4-hydroxy-N-methyl-N-ethyltryptamin<\/b>.<\/li>\n<li><b>Struktura:<\/b> Jedn\u00e1 se o tryptaminovou molekulu, kter\u00e1 m\u00e1 hydroxyskupinu v poloze C4 indolov\u00e9ho kruhu a N-methyl-N-ethylovou skupinu na aminov\u00e9m dus\u00edku.<\/li>\n<li><b>Forma:<\/b> \u010cinidlo je k dispozici jako <b>krystalick\u00fd pr\u00e1\u0161ek<\/b> co\u017e umo\u017e\u0148uje p\u0159esnou \u00favahu p\u0159i p\u0159\u00edprav\u011b standardn\u00edch roztok\u016f.<\/li>\n<li><b>Rozpustnost:<\/b> 4-HO-MET m\u00e1 <b>Omezen\u00e1 rozpustnost ve vod\u011b<\/b> kter\u00e9 je t\u0159eba vz\u00edt v \u00favahu p\u0159i p\u0159\u00edprav\u011b pufrovac\u00edch roztok\u016f a testech in vitro. Je v\u0161ak <b>lep\u0161\u00ed v organick\u00fdch rozpou\u0161t\u011bdlech<\/b> rozpustn\u00e9, co\u017e je vlastnost d\u016fle\u017eit\u00e1 pro extrakci a chromatografickou anal\u00fdzu.<\/li>\n<\/ul>\n<h3>Osv\u011bd\u010den\u00e9 kvalitn\u00ed vlastnosti a stabilita<\/h3>\n<p>Na\u0161e standardy jsou navr\u017eeny tak, aby chr\u00e1nily integritu v\u00fdsledk\u016f va\u0161eho v\u00fdzkumu. Zaru\u010den\u00e9 <b>\u010cistota <span class=\"math-inline\" data-math=\"ge 98%\">$ge 98%$<\/span><\/b> je potvrzena podrobn\u00fdmi analytick\u00fdmi protokoly.<\/p>\n<ul>\n<li><b>Analytick\u00e1 dokumentace:<\/b> Ka\u017ed\u00e1 \u0161ar\u017ee je ozna\u010dena <b>kompletn\u00ed certifik\u00e1ty anal\u00fdzy<\/b> (CoA), kter\u00fd obsahuje v\u00fdsledky anal\u00fdzy. <b>Anal\u00fdzy HPLC a GC\/MS<\/b> podrobn\u011b. T\u00edm se potvrd\u00ed \u010distota i molekul\u00e1rn\u00ed identita l\u00e1tky.<\/li>\n<li><b>Konzistence d\u00e1vky:<\/b> D\u00edky standardizovan\u00fdm proces\u016fm synt\u00e9zy a purifikace zaru\u010dujeme.<a href=\"\/product\/1b-lsd-125mcg-blotters-kaufen\/\"> <b>Konzistentn\u00ed kvalita<\/b><\/a> od d\u00e1vky k d\u00e1vce. To m\u00e1 z\u00e1sadn\u00ed v\u00fdznam pro dlouhodob\u00e9 v\u00fdzkumn\u00e9 projekty a porovn\u00e1v\u00e1n\u00ed \u00fadaj\u016f za r\u016fzn\u00e1 \u010dasov\u00e1 obdob\u00ed.<\/li>\n<li><b>Pozn\u00e1mka ke stabilit\u011b:<\/b> 4-HO-MET je <b>citliv\u00e9 na sv\u011btlo a kysl\u00edk<\/b>. Tato nestabilita vy\u017eaduje p\u0159\u00edsn\u00e9 dodr\u017eov\u00e1n\u00ed skladovac\u00edch protokol\u016f, aby se zabr\u00e1nilo rozkladu, a t\u00edm sn\u00ed\u017een\u00ed \u010distoty.<\/li>\n<\/ul>\n<h2>Z\u00e1kladn\u00ed v\u00fdzkumn\u00e9 aplikace v neurov\u011bd\u00e1ch<\/h2>\n<p>Jako vysoce \u010dist\u00fd deriv\u00e1t tryptaminu je 4-HO-MET v\u00fdznamn\u00fdm n\u00e1strojem pro <b>Neurofarmakologie<\/b> a <b>analytick\u00e1 toxikologie<\/b>.<\/p>\n<h3>Mo\u017en\u00e9 oblasti v\u00fdzkumu<\/h3>\n<ul>\n<li><b>Neurofarmakologie a studie vazby na receptory:<\/b> 4-HO-MET se pou\u017e\u00edv\u00e1 jako ligand ve studi\u00edch zkoumaj\u00edc\u00edch interakci se serotoninov\u00fdmi receptory (zejm\u00e9na s receptory pro serotonin). <b>Rodina 5-HT2A<\/b>). C\u00edlem v\u00fdzkumu je charakterizovat afinitu, aktivitu a funk\u010dn\u00ed selektivitu ve srovn\u00e1n\u00ed s endogenn\u00edmi ligandy nebo jin\u00fdmi tryptaminov\u00fdmi deriv\u00e1ty.<\/li>\n<li><b>Psychofarmakologie a v\u00fdzkum mechanismu \u00fa\u010dinku:<\/b> Anal\u00fdzy vztah\u016f mezi strukturou a aktivitou (<b>SAR<\/b>) pom\u00e1haj\u00ed v\u00fdzkumn\u00edk\u016fm pochopit, jak substituce na indolov\u00e9m kruhu a aminov\u00e9m dus\u00edku ovliv\u0148uj\u00ed farmakologick\u00fd \u00fa\u010dinek.<\/li>\n<li><b>Studie metabolismu a anal\u00fdzy degrada\u010dn\u00edch cest:<\/b> Velk\u00fd v\u00fdznam m\u00e1 zkoum\u00e1n\u00ed degradace 4-HO-MET v jatern\u00edch enzymatick\u00fdch syst\u00e9mech (nap\u0159. CYP450). Tyto studie identifikuj\u00ed metabolity, kter\u00e9 jsou d\u016fle\u017eit\u00e9 pro forenzn\u00ed a toxikologick\u00e9 metody detekce.<\/li>\n<li><b>Analytick\u00e1 standardizace a objasn\u011bn\u00ed struktury:<\/b> Vysoce \u010dist\u00fd pr\u00e1\u0161ek slou\u017e\u00ed jako <a href=\"\/product\/cp-lsd-150mcg-pellets-kaufen\/\"><b>Referen\u010dn\u00ed standard<\/b> <\/a>pro kalibraci za\u0159\u00edzen\u00ed HPLC, GC\/MS a NMR a pro v\u00fdvoj nov\u00fdch analytick\u00fdch metod ve forenzn\u00ed chemii.<\/li>\n<\/ul>\n<h2>P\u0159\u00edsn\u00e9 bezpe\u010dnostn\u00ed protokoly a laboratorn\u00ed po\u017eadavky<\/h2>\n<p>Manipulace s vysoce \u00fa\u010dinn\u00fdmi v\u00fdzkumn\u00fdmi chemik\u00e1liemi vy\u017eaduje nekompromisn\u00ed bezpe\u010dnost.<\/p>\n<h3>Nezbytn\u00e1 bezpe\u010dnostn\u00ed opat\u0159en\u00ed a laboratorn\u00ed standard<\/h3>\n<p>N\u00e1kup a pou\u017e\u00edv\u00e1n\u00ed 4-HO-MET mus\u00ed podl\u00e9hat p\u0159\u00edsn\u00fdm laboratorn\u00edm norm\u00e1m, aby byl chr\u00e1n\u011bn person\u00e1l a zaji\u0161t\u011bna integrita pokus\u016f.<\/p>\n<ul>\n<li><b>Laboratorn\u00ed norma:<\/b> Pr\u00e1ce s touto l\u00e1tkou je povolena pouze v <b>V souladu se spr\u00e1vnou laboratorn\u00ed prax\u00ed (GLP)<\/b> povolen\u00e1 za\u0159\u00edzen\u00ed.<\/li>\n<li><b>Osobn\u00ed ochrann\u00e9 prost\u0159edky (OOP):<\/b> Aby se p\u0159ede\u0161lo jak\u00e9koli expozici, zejm\u00e9na vdechnut\u00ed pr\u00e1\u0161ku, je t\u0159eba pou\u017e\u00edt pr\u00e1\u0161ek. <b>Laboratorn\u00ed pl\u00e1\u0161\u0165, jednor\u00e1zov\u00e9 rukavice<\/b> (nitril) a <b>Ochrann\u00e9 br\u00fdle<\/b> povinn\u00e9.<\/li>\n<li><b>V\u011btr\u00e1n\u00ed:<\/b> V\u00e1\u017een\u00ed a rozpou\u0161t\u011bn\u00ed pr\u00e1\u0161ku mus\u00ed b\u00fdt v\u017edy prov\u00e1d\u011bno pod kontrolou. <b>Chemick\u00e1 digesto\u0159<\/b> aby se zabr\u00e1nilo \u00faniku \u010d\u00e1stic nebo v\u00fdpar\u016f do ovzdu\u0161\u00ed laborato\u0159e.<\/li>\n<li><b>Nouzov\u00e1 opat\u0159en\u00ed:<\/b> V p\u0159\u00edpad\u011b n\u00e1hodn\u00e9ho kontaktu je t\u0159eba. <b>V\u00fdplach o\u010d\u00ed a bezpe\u010dnostn\u00ed sprcha<\/b> b\u00fdt v bezprost\u0159edn\u00ed bl\u00edzkosti a pln\u011b funk\u010dn\u00ed.<\/li>\n<\/ul>\n<h2>Optimalizovan\u00e9 skladov\u00e1n\u00ed a manipulace pro zaji\u0161t\u011bn\u00ed stability<\/h2>\n<p>Vzhledem k citlivosti l\u00e1tky na sv\u011btlo a kysl\u00edk mus\u00ed b\u00fdt skladov\u00e1na za kontrolovan\u00fdch a ide\u00e1ln\u00edch podm\u00ednek.<\/p>\n<h3>Optim\u00e1ln\u00ed podm\u00ednky skladov\u00e1n\u00ed<\/h3>\n<ul>\n<li><b>Regulace teploty:<\/b> Optim\u00e1ln\u00ed dlouhodob\u00e9 skladov\u00e1n\u00ed prob\u00edh\u00e1 p\u0159i <b>-20 \u00b0C (mrazni\u010dka)<\/b>, \u00fa\u010dinn\u011b zpomalit procesy chemick\u00e9ho rozkladu.<\/li>\n<li><b>Atmosf\u00e9ra:<\/b> Aby se zabr\u00e1nilo oxidaci, m\u011bla by b\u00fdt n\u00e1doba po vyjmut\u00ed a p\u0159ed uzav\u0159en\u00edm zakryta ochrannou f\u00f3li\u00ed. <b>Atmosf\u00e9ra inertn\u00edho plynu<\/b> (nap\u0159. argon nebo dus\u00edk).<\/li>\n<li><b>Ochrana proti sv\u011btlu:<\/b> L\u00e1tka mus\u00ed <b>Chr\u00e1n\u011bno p\u0159ed sv\u011btlem<\/b> na adrese <b>tmav\u00e9, nepr\u016fhledn\u00e9 n\u00e1doby<\/b> proto\u017ee sv\u011btlo (zejm\u00e9na UV z\u00e1\u0159en\u00ed) je hlavn\u00edm katalyz\u00e1torem rozkladu.<\/li>\n<li><b>Kontejner:<\/b> Kontejnery mus\u00ed <b>Pevn\u011b ut\u011bsn\u011bn\u00e9<\/b> a z\u0159eteln\u011b ozna\u010den\u00e9 chemick\u00fdm n\u00e1zvem a bezpe\u010dnostn\u00edmi pokyny. <b>ozna\u010den\u00e9<\/b> aby nedo\u0161lo ke kontaminaci a z\u00e1m\u011bn\u011b.<\/li>\n<\/ul>\n<h2>Objednac\u00ed informace a regula\u010dn\u00ed po\u017eadavky<\/h2>\n<p>Tato specializovan\u00e1 v\u00fdzkumn\u00e1 chemik\u00e1lie se prod\u00e1v\u00e1 pouze ov\u011b\u0159en\u00fdm v\u011bdeck\u00fdm instituc\u00edm.<\/p>\n<h3>Dostupn\u00e1 mno\u017estv\u00ed a po\u017eadavky na v\u00fdzkum<\/h3>\n<p>Nab\u00edz\u00edme r\u016fzn\u00e9 velikosti balen\u00ed, kter\u00e9 spl\u0148uj\u00ed r\u016fzn\u00e9 analytick\u00e9 a experiment\u00e1ln\u00ed po\u017eadavky:<\/p>\n<ul>\n<li><b>V\u00fdzkumn\u00fd vzorek:<\/b> 100 mg<\/li>\n<li><b>Mal\u00e9 mno\u017estv\u00ed:<\/b> 250 mg<\/li>\n<li><b>Standardn\u00ed mno\u017estv\u00ed:<\/b> 500 mg<\/li>\n<li><b>Hromadn\u00e9 mno\u017estv\u00ed:<\/b> 1g (pro rozs\u00e1hl\u00e9 studie nebo studie v\u00fdvoje metod)<\/li>\n<\/ul>\n<h3>Povinn\u00e9 po\u017eadavky na objedn\u00e1vku<\/h3>\n<p>V z\u00e1jmu ochrany v\u011bdeck\u00e9 komunity a dodr\u017eov\u00e1n\u00ed p\u0159edpis\u016f vy\u017eadujeme:<\/p>\n<ol start=\"1\">\n<li><b>Certifik\u00e1t Institutu:<\/b> Form\u00e1ln\u00ed dokumentace od v\u00fdzkumn\u00e9 instituce, univerzity nebo autorizovan\u00e9 analytick\u00e9 laborato\u0159e.<\/li>\n<li><b>Ur\u010den\u00e9 pou\u017eit\u00ed:<\/b> V\u011bdeck\u00fd popis v\u00fdzkumn\u00e9ho projektu, kter\u00fd od\u016fvod\u0148uje nezbytnost l\u00e1tky.<\/li>\n<li><b>Potvrzen\u00ed bezpe\u010dnostn\u00edho listu:<\/b> Potvrzen\u00ed o uzn\u00e1n\u00ed a dodr\u017eov\u00e1n\u00ed v\u0161ech <b>Bezpe\u010dnostn\u00ed list<\/b> (MSDS) bezpe\u010dnostn\u00ed protokoly.<\/li>\n<\/ol>\n<h2>D\u016fle\u017eit\u00e9 informace a \u010dasto kladen\u00e9 ot\u00e1zky pro v\u00fdzkumn\u00e9 pracovn\u00edky<\/h2>\n<p>Dodr\u017eov\u00e1n\u00ed p\u0159\u00edsn\u00fdch omezen\u00ed pou\u017e\u00edv\u00e1n\u00ed je neoddiskutovateln\u00e9.<\/p>\n<ul>\n<li><strong>Ot\u00e1zka: Je 4-HO-MET vhodn\u00fd pro pou\u017eit\u00ed u lid\u00ed?<\/strong>\n<p>Odpov\u011b\u010f: Ne. Tento produkt je ur\u010den pouze pro v\u00fdzkumn\u00e9 \u00fa\u010dely a nesm\u00ed se konzumovat.<\/li>\n<li><strong>Ot\u00e1zka: Jak\u00e1 analytick\u00e1 data jsou sou\u010d\u00e1st\u00ed z\u00e1silky?<\/strong>\n<p>Odpov\u011b\u010f: Ka\u017ed\u00e1 \u0161ar\u017ee obsahuje podrobn\u00e9 \u00fadaje HPLC a GC\/MS a \u00fapln\u00fd certifik\u00e1t anal\u00fdzy.<\/li>\n<li><strong>Ot\u00e1zka: Pro\u010d je nutn\u00e9 speci\u00e1ln\u00ed skladov\u00e1n\u00ed?<\/strong>\n<p>Odpov\u011b\u010f: L\u00e1tka je vysoce citliv\u00e1 na sv\u011btlo a kysl\u00edk, a proto vy\u017eaduje skladov\u00e1n\u00ed p\u0159i -20 \u00b0C v inertn\u00edm plynu.<\/li>\n<li><strong>Ot\u00e1zka: Jak se kontroluje kvalita?<\/strong>\n<p>Odpov\u011b\u010f: Prost\u0159ednictv\u00edm v\u00edcestup\u0148ov\u00fdch analytick\u00fdch kontroln\u00edch postup\u016f a pravideln\u00fdch test\u016f \u010distoty v certifikovan\u00e9 laborato\u0159i.<\/li>\n<li><strong>Ot\u00e1zka: Je odesl\u00e1n\u00ed diskr\u00e9tn\u00ed?<\/strong>\n<p>Odpov\u011b\u010f: Ano, z\u00e1silka je vyrobena v neutr\u00e1ln\u00edm laboratorn\u00edm obalu bez jak\u00e9hokoli vn\u011bj\u0161\u00edho ozna\u010den\u00ed chemick\u00e9ho obsahu.<\/li>\n<\/ul>\n<h2>Pr\u00e1vn\u00ed upozorn\u011bn\u00ed - P\u0159\u00edsn\u00e9 dodr\u017eov\u00e1n\u00ed p\u0159edpis\u016f<\/h2>\n<p>Tento produkt je <b>v\u00fdhradn\u011b pro v\u00fdzkumn\u00e9 \u00fa\u010dely<\/b> ve v\u011bdeck\u00fdch instituc\u00edch. Kupuj\u00edc\u00ed neodvolateln\u011b potvrzuje koupi:<\/p>\n<ul>\n<li>Pou\u017e\u00edv\u00e1 se pouze v <b>leg\u00e1ln\u00ed a autorizovan\u00e9 v\u00fdzkumn\u00e9 prost\u0159ed\u00ed<\/b>.<\/li>\n<li>Na str\u00e1nk\u00e1ch <b>Dodr\u017eov\u00e1n\u00ed v\u0161ech m\u00edstn\u00edch z\u00e1kon\u016f a p\u0159edpis\u016f<\/b> v p\u0159\u00edslu\u0161n\u00e9 jurisdikci.<\/li>\n<li>Na str\u00e1nk\u00e1ch <b>Zaveden\u00ed vhodn\u00fdch bezpe\u010dnostn\u00edch opat\u0159en\u00ed<\/b> pro ochranu person\u00e1lu.<\/li>\n<li>Na str\u00e1nk\u00e1ch <b>Z\u00e1kaz neopr\u00e1vn\u011bn\u00e9ho pou\u017eit\u00ed<\/b> a spot\u0159eby.<\/li>\n<\/ul>","protected":false},"excerpt":{"rendered":"<p>Koupit 4-HO-MET: Vysoce \u010dist\u00e1 v\u00fdzkumn\u00e1 chemik\u00e1lie pro v\u011bdeck\u00e9 \u00fa\u010dely v laboratorn\u00edm prost\u0159ed\u00ed. Laboratorn\u011b testovan\u00e1 kvalita s certifik\u00e1tem anal\u00fdzy. V\u00fdhradn\u011b pro v\u00fdzkumn\u00e9 \u00fa\u010dely.<\/p>","protected":false},"featured_media":6448,"comment_status":"open","ping_status":"closed","template":"","meta":{"_joinchat":[]},"product_brand":[],"product_cat":[54],"product_tag":[578,3076,2907,2917,3079,3077,3078,3074,3101,3075],"class_list":{"0":"post-6418","1":"product","2":"type-product","3":"status-publish","4":"has-post-thumbnail","6":"product_cat-tryptamines","7":"product_tag-4-ho-met","8":"product_tag-analytische-chemie","9":"product_tag-forschungschemikalie","10":"product_tag-laborchemikalie","11":"product_tag-laborqualitaet","12":"product_tag-pharmakologische-studie","13":"product_tag-reinstoff","14":"product_tag-research-chemical","15":"product_tag-tryptamin","16":"product_tag-wissenschaftliche-forschung","18":"first","19":"instock","20":"shipping-taxable","21":"purchasable","22":"product-type-variable"},"yoast_head":"<!-- This site is optimized with the Yoast SEO plugin v27.5 - https:\/\/yoast.com\/product\/yoast-seo-wordpress\/ -->\n<title>4-HO-MET Kaufen | Research Chemical | Laborqualit\u00e4t Chemgramx<\/title>\n<meta name=\"description\" content=\"4-HO-MET kaufen - Hochreine Forschungschemikalie f\u00fcr wissenschaftliche Zwecke. Laborgepr\u00fcfte Qualit\u00e4t, diskret &amp; sicher. Nur f\u00fcr Forschungszwecke.\" \/>\n<meta name=\"robots\" content=\"index, follow, max-snippet:-1, max-image-preview:large, max-video-preview:-1\" \/>\n<link rel=\"canonical\" href=\"https:\/\/chemgramx.com\/cs\/produkt-1\/koupit-4-ho-met\/\" \/>\n<meta property=\"og:locale\" content=\"cs_CZ\" \/>\n<meta property=\"og:type\" content=\"article\" \/>\n<meta property=\"og:title\" content=\"4-HO-MET Kaufen | Research Chemical | Laborqualit\u00e4t Chemgramx\" \/>\n<meta property=\"og:description\" content=\"4-HO-MET kaufen - Hochreine Forschungschemikalie f\u00fcr wissenschaftliche Zwecke. Laborgepr\u00fcfte Qualit\u00e4t, diskret &amp; sicher. Nur f\u00fcr Forschungszwecke.\" \/>\n<meta property=\"og:url\" content=\"https:\/\/chemgramx.com\/cs\/produkt-1\/koupit-4-ho-met\/\" \/>\n<meta property=\"og:site_name\" content=\"Chemgramx\" \/>\n<meta property=\"article:modified_time\" content=\"2025-11-21T11:06:13+00:00\" \/>\n<meta property=\"og:image\" content=\"https:\/\/chemgramx.com\/wp-content\/uploads\/2025\/11\/4-meo-dmt.jpeg\" \/>\n\t<meta property=\"og:image:width\" content=\"600\" \/>\n\t<meta property=\"og:image:height\" content=\"600\" \/>\n\t<meta property=\"og:image:type\" content=\"image\/jpeg\" \/>\n<meta name=\"twitter:card\" content=\"summary_large_image\" \/>\n<meta name=\"twitter:label1\" content=\"Odhadovan\u00e1 doba \u010dten\u00ed\" \/>\n\t<meta name=\"twitter:data1\" content=\"5 minut\" \/>\n<script type=\"application\/ld+json\" class=\"yoast-schema-graph\">{\"@context\":\"https:\\\/\\\/schema.org\",\"@graph\":[{\"@type\":\"WebPage\",\"@id\":\"https:\\\/\\\/chemgramx.com\\\/product\\\/4-ho-met-kaufen\\\/\",\"url\":\"https:\\\/\\\/chemgramx.com\\\/product\\\/4-ho-met-kaufen\\\/\",\"name\":\"4-HO-MET Kaufen | Research Chemical | Laborqualit\u00e4t Chemgramx\",\"isPartOf\":{\"@id\":\"https:\\\/\\\/chemgramx.com\\\/#website\"},\"primaryImageOfPage\":{\"@id\":\"https:\\\/\\\/chemgramx.com\\\/product\\\/4-ho-met-kaufen\\\/#primaryimage\"},\"image\":{\"@id\":\"https:\\\/\\\/chemgramx.com\\\/product\\\/4-ho-met-kaufen\\\/#primaryimage\"},\"thumbnailUrl\":\"https:\\\/\\\/chemgramx.com\\\/wp-content\\\/uploads\\\/2025\\\/11\\\/4-meo-dmt.jpeg\",\"datePublished\":\"2025-11-21T11:05:19+00:00\",\"dateModified\":\"2025-11-21T11:06:13+00:00\",\"description\":\"4-HO-MET kaufen - Hochreine Forschungschemikalie f\u00fcr wissenschaftliche Zwecke. Laborgepr\u00fcfte Qualit\u00e4t, diskret &amp; sicher. Nur f\u00fcr Forschungszwecke.\",\"breadcrumb\":{\"@id\":\"https:\\\/\\\/chemgramx.com\\\/product\\\/4-ho-met-kaufen\\\/#breadcrumb\"},\"inLanguage\":\"cs\",\"potentialAction\":[{\"@type\":\"ReadAction\",\"target\":[\"https:\\\/\\\/chemgramx.com\\\/product\\\/4-ho-met-kaufen\\\/\"]}]},{\"@type\":\"ImageObject\",\"inLanguage\":\"cs\",\"@id\":\"https:\\\/\\\/chemgramx.com\\\/product\\\/4-ho-met-kaufen\\\/#primaryimage\",\"url\":\"https:\\\/\\\/chemgramx.com\\\/wp-content\\\/uploads\\\/2025\\\/11\\\/4-meo-dmt.jpeg\",\"contentUrl\":\"https:\\\/\\\/chemgramx.com\\\/wp-content\\\/uploads\\\/2025\\\/11\\\/4-meo-dmt.jpeg\",\"width\":600,\"height\":600},{\"@type\":\"BreadcrumbList\",\"@id\":\"https:\\\/\\\/chemgramx.com\\\/product\\\/4-ho-met-kaufen\\\/#breadcrumb\",\"itemListElement\":[{\"@type\":\"ListItem\",\"position\":1,\"name\":\"Home\",\"item\":\"https:\\\/\\\/chemgramx.com\\\/\"},{\"@type\":\"ListItem\",\"position\":2,\"name\":\"Shop\",\"item\":\"https:\\\/\\\/chemgramx.com\\\/shop\\\/\"},{\"@type\":\"ListItem\",\"position\":3,\"name\":\"4-HO-MET kaufen\"}]},{\"@type\":\"WebSite\",\"@id\":\"https:\\\/\\\/chemgramx.com\\\/#website\",\"url\":\"https:\\\/\\\/chemgramx.com\\\/\",\"name\":\"Chemgramx\",\"description\":\"\",\"publisher\":{\"@id\":\"https:\\\/\\\/chemgramx.com\\\/#organization\"},\"potentialAction\":[{\"@type\":\"SearchAction\",\"target\":{\"@type\":\"EntryPoint\",\"urlTemplate\":\"https:\\\/\\\/chemgramx.com\\\/?s={search_term_string}\"},\"query-input\":{\"@type\":\"PropertyValueSpecification\",\"valueRequired\":true,\"valueName\":\"search_term_string\"}}],\"inLanguage\":\"cs\"},{\"@type\":\"Organization\",\"@id\":\"https:\\\/\\\/chemgramx.com\\\/#organization\",\"name\":\"Chemgramx\",\"url\":\"https:\\\/\\\/chemgramx.com\\\/\",\"logo\":{\"@type\":\"ImageObject\",\"inLanguage\":\"cs\",\"@id\":\"https:\\\/\\\/chemgramx.com\\\/#\\\/schema\\\/logo\\\/image\\\/\",\"url\":\"https:\\\/\\\/chemgramx.com\\\/wp-content\\\/uploads\\\/2024\\\/10\\\/final-logo.png\",\"contentUrl\":\"https:\\\/\\\/chemgramx.com\\\/wp-content\\\/uploads\\\/2024\\\/10\\\/final-logo.png\",\"width\":250,\"height\":48,\"caption\":\"Chemgramx\"},\"image\":{\"@id\":\"https:\\\/\\\/chemgramx.com\\\/#\\\/schema\\\/logo\\\/image\\\/\"}}]}<\/script>\n<!-- \/ Yoast SEO plugin. -->","yoast_head_json":{"title":"Koupit 4-HO-MET | V\u00fdzkumn\u00e9 chemick\u00e9 | Kvalita laborato\u0159e Chemgramx","description":"Koupit 4-HO-MET - vysoce \u010dist\u00e1 v\u00fdzkumn\u00e1 chemik\u00e1lie pro v\u011bdeck\u00e9 \u00fa\u010dely. Laboratorn\u011b testovan\u00e1 kvalita, diskr\u00e9tn\u00ed a bezpe\u010dn\u00e1. Pouze pro v\u00fdzkumn\u00e9 \u00fa\u010dely.","robots":{"index":"index","follow":"follow","max-snippet":"max-snippet:-1","max-image-preview":"max-image-preview:large","max-video-preview":"max-video-preview:-1"},"canonical":"https:\/\/chemgramx.com\/cs\/produkt-1\/koupit-4-ho-met\/","og_locale":"cs_CZ","og_type":"article","og_title":"4-HO-MET Kaufen | Research Chemical | Laborqualit\u00e4t Chemgramx","og_description":"4-HO-MET kaufen - Hochreine Forschungschemikalie f\u00fcr wissenschaftliche Zwecke. Laborgepr\u00fcfte Qualit\u00e4t, diskret &amp; sicher. Nur f\u00fcr Forschungszwecke.","og_url":"https:\/\/chemgramx.com\/cs\/produkt-1\/koupit-4-ho-met\/","og_site_name":"Chemgramx","article_modified_time":"2025-11-21T11:06:13+00:00","og_image":[{"width":600,"height":600,"url":"https:\/\/chemgramx.com\/wp-content\/uploads\/2025\/11\/4-meo-dmt.jpeg","type":"image\/jpeg"}],"twitter_card":"summary_large_image","twitter_misc":{"Odhadovan\u00e1 doba \u010dten\u00ed":"5 minut"},"schema":{"@context":"https:\/\/schema.org","@graph":[{"@type":"WebPage","@id":"https:\/\/chemgramx.com\/product\/4-ho-met-kaufen\/","url":"https:\/\/chemgramx.com\/product\/4-ho-met-kaufen\/","name":"Koupit 4-HO-MET | V\u00fdzkumn\u00e9 chemick\u00e9 | Kvalita laborato\u0159e Chemgramx","isPartOf":{"@id":"https:\/\/chemgramx.com\/#website"},"primaryImageOfPage":{"@id":"https:\/\/chemgramx.com\/product\/4-ho-met-kaufen\/#primaryimage"},"image":{"@id":"https:\/\/chemgramx.com\/product\/4-ho-met-kaufen\/#primaryimage"},"thumbnailUrl":"https:\/\/chemgramx.com\/wp-content\/uploads\/2025\/11\/4-meo-dmt.jpeg","datePublished":"2025-11-21T11:05:19+00:00","dateModified":"2025-11-21T11:06:13+00:00","description":"Koupit 4-HO-MET - vysoce \u010dist\u00e1 v\u00fdzkumn\u00e1 chemik\u00e1lie pro v\u011bdeck\u00e9 \u00fa\u010dely. Laboratorn\u011b testovan\u00e1 kvalita, diskr\u00e9tn\u00ed a bezpe\u010dn\u00e1. Pouze pro v\u00fdzkumn\u00e9 \u00fa\u010dely.","breadcrumb":{"@id":"https:\/\/chemgramx.com\/product\/4-ho-met-kaufen\/#breadcrumb"},"inLanguage":"cs","potentialAction":[{"@type":"ReadAction","target":["https:\/\/chemgramx.com\/product\/4-ho-met-kaufen\/"]}]},{"@type":"ImageObject","inLanguage":"cs","@id":"https:\/\/chemgramx.com\/product\/4-ho-met-kaufen\/#primaryimage","url":"https:\/\/chemgramx.com\/wp-content\/uploads\/2025\/11\/4-meo-dmt.jpeg","contentUrl":"https:\/\/chemgramx.com\/wp-content\/uploads\/2025\/11\/4-meo-dmt.jpeg","width":600,"height":600},{"@type":"BreadcrumbList","@id":"https:\/\/chemgramx.com\/product\/4-ho-met-kaufen\/#breadcrumb","itemListElement":[{"@type":"ListItem","position":1,"name":"Home","item":"https:\/\/chemgramx.com\/"},{"@type":"ListItem","position":2,"name":"Shop","item":"https:\/\/chemgramx.com\/shop\/"},{"@type":"ListItem","position":3,"name":"4-HO-MET kaufen"}]},{"@type":"WebSite","@id":"https:\/\/chemgramx.com\/#website","url":"https:\/\/chemgramx.com\/","name":"Chemgramx","description":"","publisher":{"@id":"https:\/\/chemgramx.com\/#organization"},"potentialAction":[{"@type":"SearchAction","target":{"@type":"EntryPoint","urlTemplate":"https:\/\/chemgramx.com\/?s={search_term_string}"},"query-input":{"@type":"PropertyValueSpecification","valueRequired":true,"valueName":"search_term_string"}}],"inLanguage":"cs"},{"@type":"Organization","@id":"https:\/\/chemgramx.com\/#organization","name":"Chemgramx","url":"https:\/\/chemgramx.com\/","logo":{"@type":"ImageObject","inLanguage":"cs","@id":"https:\/\/chemgramx.com\/#\/schema\/logo\/image\/","url":"https:\/\/chemgramx.com\/wp-content\/uploads\/2024\/10\/final-logo.png","contentUrl":"https:\/\/chemgramx.com\/wp-content\/uploads\/2024\/10\/final-logo.png","width":250,"height":48,"caption":"Chemgramx"},"image":{"@id":"https:\/\/chemgramx.com\/#\/schema\/logo\/image\/"}}]}},"_links":{"self":[{"href":"https:\/\/chemgramx.com\/cs\/wp-json\/wp\/v2\/product\/6418","targetHints":{"allow":["GET"]}}],"collection":[{"href":"https:\/\/chemgramx.com\/cs\/wp-json\/wp\/v2\/product"}],"about":[{"href":"https:\/\/chemgramx.com\/cs\/wp-json\/wp\/v2\/types\/product"}],"replies":[{"embeddable":true,"href":"https:\/\/chemgramx.com\/cs\/wp-json\/wp\/v2\/comments?post=6418"}],"wp:featuredmedia":[{"embeddable":true,"href":"https:\/\/chemgramx.com\/cs\/wp-json\/wp\/v2\/media\/6448"}],"wp:attachment":[{"href":"https:\/\/chemgramx.com\/cs\/wp-json\/wp\/v2\/media?parent=6418"}],"wp:term":[{"taxonomy":"product_brand","embeddable":true,"href":"https:\/\/chemgramx.com\/cs\/wp-json\/wp\/v2\/product_brand?post=6418"},{"taxonomy":"product_cat","embeddable":true,"href":"https:\/\/chemgramx.com\/cs\/wp-json\/wp\/v2\/product_cat?post=6418"},{"taxonomy":"product_tag","embeddable":true,"href":"https:\/\/chemgramx.com\/cs\/wp-json\/wp\/v2\/product_tag?post=6418"}],"curies":[{"name":"wp","href":"https:\/\/api.w.org\/{rel}","templated":true}]}}