{"id":6426,"date":"2025-11-21T11:05:20","date_gmt":"2025-11-21T11:05:20","guid":{"rendered":"https:\/\/chemgramx.com\/?post_type=product&#038;p=6426"},"modified":"2025-11-21T11:06:22","modified_gmt":"2025-11-21T11:06:22","slug":"koupit-5-meo-mipt-10-mg-pelet","status":"publish","type":"product","link":"https:\/\/chemgramx.com\/cs\/product\/5-meo-mipt-10mg-pellets-kaufen\/","title":{"rendered":"Koupit 5-MeO-MiPT 10 mg pelety"},"content":{"rendered":"<p><b>Pelety 5-MeO-MiPT<\/b> p\u0159edstavuj\u00ed mikrotabletovanou, p\u0159esn\u011b d\u00e1vkovanou formu tryptaminov\u00e9ho deriv\u00e1tu. <b>5-Methoxy-N-methyl-N-isopropyltryptamin<\/b> reprezentovat. Tento specializovan\u00fd v\u00fdzkumn\u00fd materi\u00e1l je <b>v\u00fdhradn\u011b<\/b> ur\u010den\u00e9 pro kvalifikovan\u00e9 v\u011bdeck\u00e9 anal\u00fdzy v p\u0159\u00edsn\u011b kontrolovan\u00e9m laboratorn\u00edm prost\u0159ed\u00ed. Standardizovan\u00e9 d\u00e1vkov\u00e1n\u00ed <b>10 mg v jedn\u00e9 pelet\u011b<\/b> je rozhoduj\u00edc\u00ed v\u00fdhodou pro reprodukovatelnost experiment\u016f. Vysok\u00e1 \u010distota a konzistence \u0161ar\u017e\u00ed \u010din\u00ed z t\u011bchto pelet mimo\u0159\u00e1dn\u011b spolehliv\u00fd v\u00fdzkumn\u00fd standard pro n\u00e1ro\u010dn\u00e9 analytick\u00e9 projekty. Manipulace s 5-MeO-MiPT proto podl\u00e9h\u00e1 nejp\u0159\u00edsn\u011bj\u0161\u00edm bezpe\u010dnostn\u00edm a pr\u00e1vn\u00edm protokol\u016fm, jejich\u017e dodr\u017eov\u00e1n\u00ed je pro ka\u017edou v\u00fdzkumnou organizaci povinn\u00e9.<\/p>\n<h2>Chemick\u00e1 klasifikace a strukturn\u00ed vlastnosti<\/h2>\n<p>Chemick\u00e1 struktura 5-MeO-MiPT poskytuje d\u016fle\u017eit\u00e1 vod\u00edtka pro jeho potenci\u00e1ln\u00ed roli v biologick\u00e9m v\u00fdzkumu. <b>5-MeO-MiPT<\/b> pat\u0159\u00ed do rodiny <b>substituovan\u00e9 tryptaminy<\/b>. Jeho chemick\u00e1 struktura je \u00fazce p\u0159\u00edbuzn\u00e1 endogenn\u00edmu neurotransmiteru serotoninu, co\u017e je z\u00e1kladem jeho v\u00fdznamu pro neurofarmakologick\u00fd v\u00fdzkum. Studium t\u011bchto analog\u016f umo\u017e\u0148uje v\u011bdc\u016fm p\u0159esn\u011b de\u0161ifrovat slo\u017eit\u00e9 interakce mezi chemickou strukturou a biologickou aktivitou.<\/p>\n<h3>Struktura tryptaminu a jej\u00ed modifikace<\/h3>\n<p>Na str\u00e1nk\u00e1ch <b>Indol-alkylaminov\u00e1 p\u00e1te\u0159<\/b> je charakteristick\u00fd pro tryptaminy. Tato chemick\u00e1 t\u0159\u00edda je obecn\u011b zn\u00e1m\u00e1 pro svou silnou interakci s <b>Serotoninov\u00e9 receptory (5-HT)<\/b> zn\u00e1m\u00e9. Na str\u00e1nk\u00e1ch <b>5-methoxy skupina<\/b> v poloze C5 indolov\u00e9ho kruhu je kl\u00ed\u010dovou modifikac\u00ed; \u010dasto ovliv\u0148uje afinitu k ur\u010dit\u00fdm podtyp\u016fm receptor\u016f a m\u016f\u017ee m\u011bnit lipofilitu slou\u010deniny. Krom\u011b toho <b>N-methyl-N-isopropyl (MiPT) substituce<\/b> na aminoskupin\u011b v\u00fdznamn\u011b ovliv\u0148uj\u00ed metabolick\u00fd profil slou\u010deniny. V d\u016fsledku toho tyto modifikace ur\u010duj\u00ed, jak rychle se l\u00e1tka odbour\u00e1v\u00e1 a jak\u00e9 farmakologick\u00e9 vlastnosti vykazuje v syst\u00e9mech in vitro.<\/p>\n<h2>Analytick\u00e1 \u010distota a stabilita pro v\u00fdzkum<\/h2>\n<p>Spolehlivost analytick\u00fdch \u00fadaj\u016f z\u00e1vis\u00ed na kvalit\u011b v\u00fdchoz\u00edch materi\u00e1l\u016f. P\u0159\u00edsn\u00e1 kontrola \u010distoty a stability 5-MeO-MiPT je proto nesm\u00edrn\u011b d\u016fle\u017eit\u00e1.<\/p>\n<h3>Osv\u011bd\u010den\u00e1 kvalita a integrita<\/h3>\n<p>Analytick\u00e1 dokumentace, kter\u00e1 je <b>HPLC (vysoko\u00fa\u010dinn\u00e1 kapalinov\u00e1 chromatografie)<\/b> je vytvo\u0159en, zaru\u010duje <b>Vysok\u00e1 \u010distota<\/b> materi\u00e1lu. Tato kvalita je pro v\u011bdeck\u00fd v\u00fdzkum z\u00e1sadn\u00ed, proto\u017ee i drobn\u00e9 ne\u010distoty mohou zkreslit v\u00fdsledky vazebn\u00fdch studi\u00ed nebo chromatografick\u00fdch anal\u00fdz. Krom\u011b toho je deklarovan\u00e1 <b>Dlouhodob\u00e1 stabilita<\/b> p\u0159i spr\u00e1vn\u00e9m skladov\u00e1n\u00ed (v chladu, suchu, chr\u00e1n\u011bn\u00e9m p\u0159ed sv\u011btlem) je podlo\u017eena zdokumentovan\u00fdmi \u00fadaji o stabilit\u011b. To m\u00e1 velk\u00fd v\u00fdznam pro <a href=\"\/product\/legal-psychedelics-kaufen\/\">chemick\u00e9<\/a> integrita spojen\u00ed po celou dobu trv\u00e1n\u00ed v\u00fdzkumn\u00e9ho projektu.<\/p>\n<h3>L\u00e9kov\u00e1 forma: v\u00fdhody 10mg pelet<\/h3>\n<p>Prezentace jako <b>mikrotabletov\u00e9 pelety<\/b> m\u00e1 oproti pr\u00e1\u0161kov\u00e9 form\u011b zna\u010dn\u00e9 v\u00fdhody pro laboratorn\u00ed pr\u00e1ci a pro zaji\u0161t\u011bn\u00ed reprodukovatelnosti.<\/p>\n<ul>\n<li><b>P\u0159esn\u00e9 d\u00e1vkov\u00e1n\u00ed a reprodukovatelnost:<\/b> D\u00e1vkov\u00e1n\u00ed <b>10 mg v jedn\u00e9 pelet\u011b<\/b> je strojov\u011b vyr\u00e1b\u011bn\u00fd a velmi p\u0159esn\u00fd. T\u00edm se eliminuj\u00ed v\u00fdznamn\u00e9 zdroje chyb, ke kter\u00fdm m\u016f\u017ee doch\u00e1zet p\u0159i ru\u010dn\u00edm v\u00e1\u017een\u00ed pr\u00e1\u0161k\u016f, zejm\u00e9na v mal\u00fdch miligramov\u00fdch mno\u017estv\u00edch. V\u00fdsledkem je, \u017ee <b>Reprodukovatelnost<\/b> studi\u00ed d\u00e1vkov\u00e1n\u00ed a srovn\u00e1vac\u00edch anal\u00fdz, co\u017e je z\u00e1kladn\u00edm p\u0159edpokladem pro publikovateln\u00e9 v\u00fdsledky v\u00fdzkumu.<\/li>\n<li><b>Bezpe\u010dn\u00e9 zach\u00e1zen\u00ed:<\/b> S peletami se manipuluje snadn\u011bji a bezpe\u010dn\u011bji ne\u017e s jemn\u00fdmi t\u011bkav\u00fdmi pr\u00e1\u0161ky. T\u00edm se minimalizuje riziko <b>inhala\u010dn\u00ed expozice<\/b> pracovn\u00edk\u016f laborato\u0159e a zjednodu\u0161uje dodr\u017eov\u00e1n\u00ed p\u0159edpis\u016f. <b>Standardy SLP (spr\u00e1vn\u00e1 laboratorn\u00ed praxe)<\/b>.<\/li>\n<li><b>V\u00fdzkum stability:<\/b> V neposledn\u00ed \u0159ad\u011b slou\u017e\u00ed samotn\u00e9 pelety jako modelov\u00fd syst\u00e9m pro zkoum\u00e1n\u00ed. <b>Stabilita a trvanlivost<\/b> \u00fa\u010dinn\u00e9 l\u00e1tky v pevn\u00e9 l\u00e9kov\u00e9 form\u011b, co\u017e je d\u016fle\u017eit\u00e9 pro v\u00fdzkum farmaceutick\u00fdch materi\u00e1l\u016f.<\/li>\n<\/ul>\n<h2>V\u00fdzkumn\u00e9 aplikace a oblasti pou\u017eit\u00ed<\/h2>\n<p>Vzhledem ke strukturn\u00ed podobnosti s endogenn\u00edmi a jin\u00fdmi psychoaktivn\u00edmi tryptaminy je 5-MeO-MiPT d\u016fle\u017eit\u00fdm n\u00e1strojem p\u0159i studiu neurochemick\u00fdch proces\u016f.<\/p>\n<h3>Mo\u017en\u00e9 oblasti pou\u017eit\u00ed<\/h3>\n<p>Pelety jsou vhodn\u00e9 pro \u0159adu analytick\u00fdch a preklinick\u00fdch studi\u00ed, kde je vy\u017eadov\u00e1na p\u0159esn\u00e1, p\u0159edem definovan\u00e1 d\u00e1vka:<\/p>\n<ul>\n<li><b>Studie vazby na receptory:<\/b> Materi\u00e1l se pou\u017e\u00edv\u00e1 jako ligand ke stanoven\u00ed afinity a funk\u010dn\u00ed aktivity na subtypech serotoninov\u00fdch receptor\u016f.<\/li>\n<li><b>Farmakologick\u00e9 testy a testy mechanismu \u00fa\u010dinku:<\/b> Studie zkoumaj\u00ed bun\u011b\u010dn\u00e9 a molekul\u00e1rn\u00ed mechanismy vyvolan\u00e9 touto slou\u010deninou, co\u017e m\u016f\u017ee p\u0159isp\u011bt k v\u00fdzkumu nov\u00fdch sign\u00e1ln\u00edch drah.<\/li>\n<li><b>V\u00fdzkum metabolismu:<\/b> Pelety mohou slou\u017eit jako substr\u00e1t pro studie metabolismu in vitro k identifikaci zp\u016fsob\u016f rozkladu a produkovan\u00fdch metabolit\u016f. Tyto \u00fadaje jsou u\u017eite\u010dn\u00e9 pro <b>Forenzn\u00ed a analytick\u00e1 toxikologie<\/b> nepostradateln\u00e9.<\/li>\n<li><b>Srovn\u00e1vac\u00ed anal\u00fdzy:<\/b> Standardizovan\u00e9 pelety slou\u017e\u00ed jako referen\u010dn\u00ed materi\u00e1l p\u0159i chromatografick\u00e9 anal\u00fdze pro v\u00fdvoj a validaci nov\u00fdch detek\u010dn\u00edch metod.<\/li>\n<\/ul>\n<h2>Pr\u00e1vn\u00ed upozorn\u011bn\u00ed - P\u0159\u00edsn\u00e9 dodr\u017eov\u00e1n\u00ed p\u0159edpis\u016f<\/h2>\n<p>Tento produkt je\u00a0<b>v\u00fdhradn\u011b pro v\u00fdzkumn\u00e9 \u00fa\u010dely<\/b>\u00a0ve v\u011bdeck\u00fdch instituc\u00edch. Kupuj\u00edc\u00ed neodvolateln\u011b potvrzuje koupi:<\/p>\n<ul>\n<li>Pou\u017e\u00edv\u00e1 se pouze v\u00a0<b>leg\u00e1ln\u00ed a autorizovan\u00e9 v\u00fdzkumn\u00e9 prost\u0159ed\u00ed<\/b>.<\/li>\n<li>Na str\u00e1nk\u00e1ch\u00a0<b>Dodr\u017eov\u00e1n\u00ed v\u0161ech m\u00edstn\u00edch z\u00e1kon\u016f a p\u0159edpis\u016f<\/b>\u00a0v p\u0159\u00edslu\u0161n\u00e9 jurisdikci.<\/li>\n<li>Na str\u00e1nk\u00e1ch\u00a0<b>Zaveden\u00ed vhodn\u00fdch bezpe\u010dnostn\u00edch opat\u0159en\u00ed<\/b>\u00a0pro ochranu person\u00e1lu.<\/li>\n<li>Na str\u00e1nk\u00e1ch\u00a0<b>Z\u00e1kaz neopr\u00e1vn\u011bn\u00e9ho pou\u017eit\u00ed<\/b>\u00a0a spot\u0159eby.<\/li>\n<\/ul>","protected":false},"excerpt":{"rendered":"<p>Kupte si 5-MeO-MiPT 10 mg pelety: Pro p\u0159esnou v\u011bdeckou pr\u00e1ci: V\u00fdzkumn\u00e1 chemick\u00e1 l\u00e1tka v rovnom\u011brn\u011b d\u00e1vkovan\u00fdch pelet\u00e1ch. V\u00fdhradn\u011b pro v\u00fdzkumn\u00e9 \u00fa\u010dely v laboratorn\u00edm prost\u0159ed\u00ed.<\/p>","protected":false},"featured_media":6456,"comment_status":"open","ping_status":"closed","template":"","meta":{"_joinchat":[]},"product_brand":[],"product_cat":[54],"product_tag":[],"class_list":{"0":"post-6426","1":"product","2":"type-product","3":"status-publish","4":"has-post-thumbnail","6":"product_cat-tryptamines","8":"first","9":"instock","10":"shipping-taxable","11":"purchasable","12":"product-type-variable"},"yoast_head":"<!-- This site is optimized with the Yoast SEO plugin v27.5 - https:\/\/yoast.com\/product\/yoast-seo-wordpress\/ -->\n<title>5-MeO-MiPT Pellets Kaufen | 10mg | Research Chemical Chemgramx<\/title>\n<meta name=\"description\" content=\"5-MeO-MiPT 10mg Pellets kaufen - Forschungschemikalie in pelletierter Form. F\u00fcr wissenschaftliche Analysen. Laborgepr\u00fcft &amp; diskret.\" \/>\n<meta name=\"robots\" content=\"index, follow, max-snippet:-1, max-image-preview:large, max-video-preview:-1\" \/>\n<link rel=\"canonical\" href=\"https:\/\/chemgramx.com\/cs\/produkt-1\/koupit-5-meo-mipt-10-mg-pelet\/\" \/>\n<meta property=\"og:locale\" content=\"cs_CZ\" \/>\n<meta property=\"og:type\" content=\"article\" \/>\n<meta property=\"og:title\" content=\"5-MeO-MiPT Pellets Kaufen | 10mg | Research Chemical Chemgramx\" \/>\n<meta property=\"og:description\" content=\"5-MeO-MiPT 10mg Pellets kaufen - Forschungschemikalie in pelletierter Form. F\u00fcr wissenschaftliche Analysen. Laborgepr\u00fcft &amp; diskret.\" \/>\n<meta property=\"og:url\" content=\"https:\/\/chemgramx.com\/cs\/produkt-1\/koupit-5-meo-mipt-10-mg-pelet\/\" \/>\n<meta property=\"og:site_name\" content=\"Chemgramx\" \/>\n<meta property=\"article:modified_time\" content=\"2025-11-21T11:06:22+00:00\" \/>\n<meta property=\"og:image\" content=\"https:\/\/chemgramx.com\/wp-content\/uploads\/2025\/11\/buy-5-meo-mipt-10mg-pellets-chem-store-online.png\" \/>\n\t<meta property=\"og:image:width\" content=\"623\" \/>\n\t<meta property=\"og:image:height\" content=\"535\" \/>\n\t<meta property=\"og:image:type\" content=\"image\/png\" \/>\n<meta name=\"twitter:card\" content=\"summary_large_image\" \/>\n<meta name=\"twitter:label1\" content=\"Odhadovan\u00e1 doba \u010dten\u00ed\" \/>\n\t<meta name=\"twitter:data1\" content=\"4 minuty\" \/>\n<script type=\"application\/ld+json\" class=\"yoast-schema-graph\">{\"@context\":\"https:\\\/\\\/schema.org\",\"@graph\":[{\"@type\":\"WebPage\",\"@id\":\"https:\\\/\\\/chemgramx.com\\\/product\\\/5-meo-mipt-10mg-pellets-kaufen\\\/\",\"url\":\"https:\\\/\\\/chemgramx.com\\\/product\\\/5-meo-mipt-10mg-pellets-kaufen\\\/\",\"name\":\"5-MeO-MiPT Pellets Kaufen | 10mg | Research Chemical Chemgramx\",\"isPartOf\":{\"@id\":\"https:\\\/\\\/chemgramx.com\\\/#website\"},\"primaryImageOfPage\":{\"@id\":\"https:\\\/\\\/chemgramx.com\\\/product\\\/5-meo-mipt-10mg-pellets-kaufen\\\/#primaryimage\"},\"image\":{\"@id\":\"https:\\\/\\\/chemgramx.com\\\/product\\\/5-meo-mipt-10mg-pellets-kaufen\\\/#primaryimage\"},\"thumbnailUrl\":\"https:\\\/\\\/chemgramx.com\\\/wp-content\\\/uploads\\\/2025\\\/11\\\/buy-5-meo-mipt-10mg-pellets-chem-store-online.png\",\"datePublished\":\"2025-11-21T11:05:20+00:00\",\"dateModified\":\"2025-11-21T11:06:22+00:00\",\"description\":\"5-MeO-MiPT 10mg Pellets kaufen - Forschungschemikalie in pelletierter Form. F\u00fcr wissenschaftliche Analysen. Laborgepr\u00fcft &amp; diskret.\",\"breadcrumb\":{\"@id\":\"https:\\\/\\\/chemgramx.com\\\/product\\\/5-meo-mipt-10mg-pellets-kaufen\\\/#breadcrumb\"},\"inLanguage\":\"cs\",\"potentialAction\":[{\"@type\":\"ReadAction\",\"target\":[\"https:\\\/\\\/chemgramx.com\\\/product\\\/5-meo-mipt-10mg-pellets-kaufen\\\/\"]}]},{\"@type\":\"ImageObject\",\"inLanguage\":\"cs\",\"@id\":\"https:\\\/\\\/chemgramx.com\\\/product\\\/5-meo-mipt-10mg-pellets-kaufen\\\/#primaryimage\",\"url\":\"https:\\\/\\\/chemgramx.com\\\/wp-content\\\/uploads\\\/2025\\\/11\\\/buy-5-meo-mipt-10mg-pellets-chem-store-online.png\",\"contentUrl\":\"https:\\\/\\\/chemgramx.com\\\/wp-content\\\/uploads\\\/2025\\\/11\\\/buy-5-meo-mipt-10mg-pellets-chem-store-online.png\",\"width\":623,\"height\":535},{\"@type\":\"BreadcrumbList\",\"@id\":\"https:\\\/\\\/chemgramx.com\\\/product\\\/5-meo-mipt-10mg-pellets-kaufen\\\/#breadcrumb\",\"itemListElement\":[{\"@type\":\"ListItem\",\"position\":1,\"name\":\"Home\",\"item\":\"https:\\\/\\\/chemgramx.com\\\/\"},{\"@type\":\"ListItem\",\"position\":2,\"name\":\"Shop\",\"item\":\"https:\\\/\\\/chemgramx.com\\\/shop\\\/\"},{\"@type\":\"ListItem\",\"position\":3,\"name\":\"5-MeO-MiPT 10mg Pellets kaufen\"}]},{\"@type\":\"WebSite\",\"@id\":\"https:\\\/\\\/chemgramx.com\\\/#website\",\"url\":\"https:\\\/\\\/chemgramx.com\\\/\",\"name\":\"Chemgramx\",\"description\":\"\",\"publisher\":{\"@id\":\"https:\\\/\\\/chemgramx.com\\\/#organization\"},\"potentialAction\":[{\"@type\":\"SearchAction\",\"target\":{\"@type\":\"EntryPoint\",\"urlTemplate\":\"https:\\\/\\\/chemgramx.com\\\/?s={search_term_string}\"},\"query-input\":{\"@type\":\"PropertyValueSpecification\",\"valueRequired\":true,\"valueName\":\"search_term_string\"}}],\"inLanguage\":\"cs\"},{\"@type\":\"Organization\",\"@id\":\"https:\\\/\\\/chemgramx.com\\\/#organization\",\"name\":\"Chemgramx\",\"url\":\"https:\\\/\\\/chemgramx.com\\\/\",\"logo\":{\"@type\":\"ImageObject\",\"inLanguage\":\"cs\",\"@id\":\"https:\\\/\\\/chemgramx.com\\\/#\\\/schema\\\/logo\\\/image\\\/\",\"url\":\"https:\\\/\\\/chemgramx.com\\\/wp-content\\\/uploads\\\/2024\\\/10\\\/final-logo.png\",\"contentUrl\":\"https:\\\/\\\/chemgramx.com\\\/wp-content\\\/uploads\\\/2024\\\/10\\\/final-logo.png\",\"width\":250,\"height\":48,\"caption\":\"Chemgramx\"},\"image\":{\"@id\":\"https:\\\/\\\/chemgramx.com\\\/#\\\/schema\\\/logo\\\/image\\\/\"}}]}<\/script>\n<!-- \/ Yoast SEO plugin. -->","yoast_head_json":{"title":"Koupit 5-MeO-MiPT Pelety | 10mg | V\u00fdzkum Chemgramx Chemick\u00e9 l\u00e1tky","description":"Koupit 5-MeO-MiPT 10 mg pelety - V\u00fdzkumn\u00e1 chemick\u00e1 l\u00e1tka ve form\u011b pelet. Pro v\u011bdeck\u00e9 anal\u00fdzy. Laboratorn\u011b testov\u00e1no a diskr\u00e9tn\u00ed.","robots":{"index":"index","follow":"follow","max-snippet":"max-snippet:-1","max-image-preview":"max-image-preview:large","max-video-preview":"max-video-preview:-1"},"canonical":"https:\/\/chemgramx.com\/cs\/produkt-1\/koupit-5-meo-mipt-10-mg-pelet\/","og_locale":"cs_CZ","og_type":"article","og_title":"5-MeO-MiPT Pellets Kaufen | 10mg | Research Chemical Chemgramx","og_description":"5-MeO-MiPT 10mg Pellets kaufen - Forschungschemikalie in pelletierter Form. F\u00fcr wissenschaftliche Analysen. Laborgepr\u00fcft &amp; diskret.","og_url":"https:\/\/chemgramx.com\/cs\/produkt-1\/koupit-5-meo-mipt-10-mg-pelet\/","og_site_name":"Chemgramx","article_modified_time":"2025-11-21T11:06:22+00:00","og_image":[{"width":623,"height":535,"url":"https:\/\/chemgramx.com\/wp-content\/uploads\/2025\/11\/buy-5-meo-mipt-10mg-pellets-chem-store-online.png","type":"image\/png"}],"twitter_card":"summary_large_image","twitter_misc":{"Odhadovan\u00e1 doba \u010dten\u00ed":"4 minuty"},"schema":{"@context":"https:\/\/schema.org","@graph":[{"@type":"WebPage","@id":"https:\/\/chemgramx.com\/product\/5-meo-mipt-10mg-pellets-kaufen\/","url":"https:\/\/chemgramx.com\/product\/5-meo-mipt-10mg-pellets-kaufen\/","name":"Koupit 5-MeO-MiPT Pelety | 10mg | V\u00fdzkum Chemgramx Chemick\u00e9 l\u00e1tky","isPartOf":{"@id":"https:\/\/chemgramx.com\/#website"},"primaryImageOfPage":{"@id":"https:\/\/chemgramx.com\/product\/5-meo-mipt-10mg-pellets-kaufen\/#primaryimage"},"image":{"@id":"https:\/\/chemgramx.com\/product\/5-meo-mipt-10mg-pellets-kaufen\/#primaryimage"},"thumbnailUrl":"https:\/\/chemgramx.com\/wp-content\/uploads\/2025\/11\/buy-5-meo-mipt-10mg-pellets-chem-store-online.png","datePublished":"2025-11-21T11:05:20+00:00","dateModified":"2025-11-21T11:06:22+00:00","description":"Koupit 5-MeO-MiPT 10 mg pelety - V\u00fdzkumn\u00e1 chemick\u00e1 l\u00e1tka ve form\u011b pelet. Pro v\u011bdeck\u00e9 anal\u00fdzy. Laboratorn\u011b testov\u00e1no a diskr\u00e9tn\u00ed.","breadcrumb":{"@id":"https:\/\/chemgramx.com\/product\/5-meo-mipt-10mg-pellets-kaufen\/#breadcrumb"},"inLanguage":"cs","potentialAction":[{"@type":"ReadAction","target":["https:\/\/chemgramx.com\/product\/5-meo-mipt-10mg-pellets-kaufen\/"]}]},{"@type":"ImageObject","inLanguage":"cs","@id":"https:\/\/chemgramx.com\/product\/5-meo-mipt-10mg-pellets-kaufen\/#primaryimage","url":"https:\/\/chemgramx.com\/wp-content\/uploads\/2025\/11\/buy-5-meo-mipt-10mg-pellets-chem-store-online.png","contentUrl":"https:\/\/chemgramx.com\/wp-content\/uploads\/2025\/11\/buy-5-meo-mipt-10mg-pellets-chem-store-online.png","width":623,"height":535},{"@type":"BreadcrumbList","@id":"https:\/\/chemgramx.com\/product\/5-meo-mipt-10mg-pellets-kaufen\/#breadcrumb","itemListElement":[{"@type":"ListItem","position":1,"name":"Home","item":"https:\/\/chemgramx.com\/"},{"@type":"ListItem","position":2,"name":"Shop","item":"https:\/\/chemgramx.com\/shop\/"},{"@type":"ListItem","position":3,"name":"5-MeO-MiPT 10mg Pellets kaufen"}]},{"@type":"WebSite","@id":"https:\/\/chemgramx.com\/#website","url":"https:\/\/chemgramx.com\/","name":"Chemgramx","description":"","publisher":{"@id":"https:\/\/chemgramx.com\/#organization"},"potentialAction":[{"@type":"SearchAction","target":{"@type":"EntryPoint","urlTemplate":"https:\/\/chemgramx.com\/?s={search_term_string}"},"query-input":{"@type":"PropertyValueSpecification","valueRequired":true,"valueName":"search_term_string"}}],"inLanguage":"cs"},{"@type":"Organization","@id":"https:\/\/chemgramx.com\/#organization","name":"Chemgramx","url":"https:\/\/chemgramx.com\/","logo":{"@type":"ImageObject","inLanguage":"cs","@id":"https:\/\/chemgramx.com\/#\/schema\/logo\/image\/","url":"https:\/\/chemgramx.com\/wp-content\/uploads\/2024\/10\/final-logo.png","contentUrl":"https:\/\/chemgramx.com\/wp-content\/uploads\/2024\/10\/final-logo.png","width":250,"height":48,"caption":"Chemgramx"},"image":{"@id":"https:\/\/chemgramx.com\/#\/schema\/logo\/image\/"}}]}},"_links":{"self":[{"href":"https:\/\/chemgramx.com\/cs\/wp-json\/wp\/v2\/product\/6426","targetHints":{"allow":["GET"]}}],"collection":[{"href":"https:\/\/chemgramx.com\/cs\/wp-json\/wp\/v2\/product"}],"about":[{"href":"https:\/\/chemgramx.com\/cs\/wp-json\/wp\/v2\/types\/product"}],"replies":[{"embeddable":true,"href":"https:\/\/chemgramx.com\/cs\/wp-json\/wp\/v2\/comments?post=6426"}],"wp:featuredmedia":[{"embeddable":true,"href":"https:\/\/chemgramx.com\/cs\/wp-json\/wp\/v2\/media\/6456"}],"wp:attachment":[{"href":"https:\/\/chemgramx.com\/cs\/wp-json\/wp\/v2\/media?parent=6426"}],"wp:term":[{"taxonomy":"product_brand","embeddable":true,"href":"https:\/\/chemgramx.com\/cs\/wp-json\/wp\/v2\/product_brand?post=6426"},{"taxonomy":"product_cat","embeddable":true,"href":"https:\/\/chemgramx.com\/cs\/wp-json\/wp\/v2\/product_cat?post=6426"},{"taxonomy":"product_tag","embeddable":true,"href":"https:\/\/chemgramx.com\/cs\/wp-json\/wp\/v2\/product_tag?post=6426"}],"curies":[{"name":"wp","href":"https:\/\/api.w.org\/{rel}","templated":true}]}}