{"id":6427,"date":"2025-11-21T11:05:20","date_gmt":"2025-11-21T11:05:20","guid":{"rendered":"https:\/\/chemgramx.com\/?post_type=product&#038;p=6427"},"modified":"2025-11-21T11:06:22","modified_gmt":"2025-11-21T11:06:22","slug":"koupit-5-meo-dmt-freebase","status":"publish","type":"product","link":"https:\/\/chemgramx.com\/cs\/product\/5-meo-dmt-freebase-kaufen\/","title":{"rendered":"Koupit 5-MeO-DMT Freebase"},"content":{"rendered":"<p><b>5-MeO-DMT Freebase<\/b> je vysoce specializovan\u00e1 chemick\u00e1 l\u00e1tka pro v\u00fdzkum a d\u016fle\u017eit\u00fd deriv\u00e1t ze skupiny tryptamin\u016f. Tento materi\u00e1l je <b>v\u00fdhradn\u011b<\/b> ur\u010den\u00e9 pro v\u011bdeck\u00e9 v\u00fdzkumy v p\u0159\u00edsn\u011b kontrolovan\u00e9m laboratorn\u00edm prost\u0159ed\u00ed. Na str\u00e1nk\u00e1ch <b>Formul\u00e1\u0159 Freebase<\/b> spojen\u00ed <b>5-methoxy-N,N-dimethyltryptamin<\/b> m\u00e1 specifick\u00e9 chemick\u00e9 vlastnosti, d\u00edky nim\u017e je zvl\u00e1\u0161t\u011b cenn\u00fd pro ur\u010dit\u00e9 analytick\u00e9 a syntetick\u00e9 v\u00fdzkumn\u00e9 protokoly. Vysok\u00e1 \u010distota a podrobn\u00e1 analytick\u00e1 dokumentace (HPLC, GC\/MS, NMR) toti\u017e zaji\u0161\u0165uj\u00ed, \u017ee se <b>Spolehlivost v\u00fdsledk\u016f v\u00fdzkumu<\/b>. Z\u00edsk\u00e1v\u00e1n\u00ed a nakl\u00e1d\u00e1n\u00ed s 5-MeO-DMT Freebase proto podl\u00e9h\u00e1 nejp\u0159\u00edsn\u011bj\u0161\u00edm bezpe\u010dnostn\u00edm, etick\u00fdm a pr\u00e1vn\u00edm po\u017eadavk\u016fm, jejich\u017e dodr\u017eov\u00e1n\u00ed je pro ka\u017edou v\u00fdzkumnou organizaci povinn\u00e9.<\/p>\n<h2>Chemick\u00e9 vlastnosti: V\u00fdznam \u201evoln\u00e9\u201c formy<\/h2>\n<p>Rozli\u0161ov\u00e1n\u00ed mezi volnou a solnou formou (nap\u0159. hydrochloridem) m\u00e1 v chemick\u00e9m v\u00fdzkumu z\u00e1sadn\u00ed v\u00fdznam. Ozna\u010den\u00ed <b>Freebase<\/b> ozna\u010duje neutralizovan\u00fd, <b>neionizovan\u00e9<\/b> Forma aminoslou\u010deniny. Tato forma se z\u00e1sadn\u011b li\u0161\u00ed od protonovan\u00fdch sol\u00ed, co\u017e m\u00e1 p\u0159\u00edm\u00fd vliv na fyzik\u00e1ln\u011b-chemick\u00e9 vlastnosti a pou\u017eitelnost v laborato\u0159i.<\/p>\n<h3>Fyzik\u00e1ln\u011b-chemick\u00e9 rozd\u00edly<\/h3>\n<p>Voln\u00e1 b\u00e1ze nab\u00edz\u00ed specifick\u00e9 v\u00fdhody pro organicko-chemick\u00fd a analytick\u00fd v\u00fdzkum:<\/p>\n<ul>\n<li><b>Rozpustnost a polarita:<\/b> Voln\u00e1 forma 5-MeO-DMT je <b>V\u00fdrazn\u011b m\u00e9n\u011b pol\u00e1rn\u00ed<\/b> ne\u017e jejich soli. Z toho vypl\u00fdv\u00e1, \u017ee <b>Dobr\u00e9 v organick\u00fdch rozpou\u0161t\u011bdlech<\/b> (jako je dichlormethan, \u00e9ter nebo ethanol) je rozpustn\u00fd, ale <b>hor\u0161\u00ed ve vod\u011b<\/b>. Tato vlastnost je v\u00fdhodn\u00e1 pro organick\u00e9 chemick\u00e9 synt\u00e9zy, p\u0159i nich\u017e mus\u00ed voln\u00e1 b\u00e1ze reagovat v nevodn\u00fdch rozpou\u0161t\u011bdlech, a tak\u00e9 pro extrak\u010dn\u00ed protokoly.<\/li>\n<li><b>Souhrnn\u00fd stav:<\/b> Voln\u00e1 z\u00e1kladna je obvykle <b>Krystalick\u00fd pr\u00e1\u0161ek nebo prysky\u0159ice<\/b> jsou p\u0159\u00edtomny. Jejich teplota t\u00e1n\u00ed je obecn\u011b ni\u017e\u0161\u00ed ne\u017e teplota t\u00e1n\u00ed p\u0159\u00edslu\u0161n\u00e9 soli, co\u017e je t\u0159eba zohlednit p\u0159i termick\u00fdch anal\u00fdz\u00e1ch.<\/li>\n<li><b>Molekulov\u00e1 hmotnost:<\/b> Na str\u00e1nk\u00e1ch <b>Molekulov\u00e1 hmotnost<\/b> \u010din\u00ed <span class=\"math-inline\" data-math=\"mathbf{244.33 , g\/mol}\">$mathbf{244,33 , g\/mol}$<\/span>. Tyto informace jsou nezbytn\u00e9 pro p\u0159esn\u00e9 <b>Stechiometrick\u00fd v\u00fdpo\u010det<\/b> v\u00fdzkumn\u00fdch roztok\u016f a reakc\u00ed je nezbytn\u00e9 pro zaji\u0161t\u011bn\u00ed p\u0159esnosti kvantitativn\u00edch experiment\u016f.<\/li>\n<\/ul>\n<h3>Stabilita a n\u00e1chylnost k oxidaci: Kritick\u00e9 manipula\u010dn\u00ed protokoly<\/h3>\n<p>D\u016fle\u017eit\u00fdm chemick\u00fdm aspektem voln\u00e9 b\u00e1ze 5-MeO-DMT je jej\u00ed <b>Vysok\u00e1 nestabilita<\/b>. Na rozd\u00edl od stabiln\u00edch forem sol\u00ed je voln\u00e1 b\u00e1ze <b>Vysok\u00e1 citlivost na sv\u011btlo a kysl\u00edk<\/b>. Tato n\u00e1chylnost snadno vede k <b>Oxidace<\/b> aminoskupiny nebo indolov\u00e9ho kruhu, co\u017e rychle sni\u017euje \u010distotu a fal\u0161uje v\u00fdsledky v\u00fdzkumu. Proto je nutn\u00e9 dodr\u017eovat p\u0159\u00edsn\u00e9 podm\u00ednky skladov\u00e1n\u00ed <b>s\u00a0 <span class=\"math-inline\" data-math=\"mathbf{-20^circ C}\">-20 C}<\/span>, v atmosf\u00e9\u0159e inertn\u00edho plynu a chr\u00e1n\u011bn\u00e9 p\u0159ed sv\u011btlem).<\/b> To je nezbytn\u00e9 pro zaji\u0161t\u011bn\u00ed chemick\u00e9 integrity materi\u00e1lu v pr\u016fb\u011bhu \u010dasu.<\/p>\n<h2>Neurofarmakologie a v\u00fdznam pro v\u00fdzkum<\/h2>\n<p>5-MeO-DMT je centr\u00e1ln\u00ed deriv\u00e1t tryptaminu, kter\u00fd se vyzna\u010duje velmi vysokou afinitou k serotoninov\u00fdm receptor\u016fm. Slou\u017e\u00ed jako z\u00e1kladn\u00ed modelov\u00fd syst\u00e9m v neurofarmakologii pro zkoum\u00e1n\u00ed komplexn\u00edch neuron\u00e1ln\u00edch interakc\u00ed.<\/p>\n<h3>P\u0159\u00edslu\u0161n\u00e9 oblasti v\u00fdzkumu<\/h3>\n<ul>\n<li><b>Vztahy mezi strukturou a aktivitou (SAR):<\/b> Slou\u010denina je bl\u00edzce p\u0159\u00edbuzn\u00e1 endogenn\u00edmu neurotransmiteru serotoninu (5-HT) a p\u016fsob\u00ed jako siln\u00fd agonista, zejm\u00e9na v oblasti, kde se vyskytuje. <span class=\"math-inline\" data-math=\"mathbf{5-HT_{2A}}\">$mathbf{5-HT_{2A}}$<\/span><b>-receptor<\/b>. V\u00fdzkumn\u00e1 pr\u00e1ce vyu\u017e\u00edv\u00e1 specifick\u00e9 substituce <b>(5-methoxy a N,N-dimethyl)<\/b> tryptaminov\u00e9ho skeletu, aby bylo mo\u017en\u00e9 prozkoumat p\u0159esn\u00e9 vazebn\u00e9 mechanismy t\u00e9to t\u0159\u00eddy receptor\u016f.<\/li>\n<li><b>V\u00fdzkum metabolismu:<\/b> Anal\u00fdza <b>Degrada\u010dn\u00ed cesta (metabolismus)<\/b> slou\u010deniny v laboratorn\u00edm modelu (nap\u0159. pomoc\u00ed jatern\u00edch mikrosom\u016f nebo enzymov\u00fdch syst\u00e9m\u016f P450). Slou\u017e\u00ed k identifikaci metabolit\u016f, kter\u00e9 jsou relevantn\u00ed pro <b>Farmakokinetika<\/b> a potenci\u00e1ln\u00ed toxikologick\u00fd profil.<\/li>\n<li><b>Srovn\u00e1vac\u00ed studie:<\/b> P\u0159\u00edm\u00e9 srovn\u00e1n\u00ed <b>5-MeO-DMT Freebase<\/b> s jejich solemi nebo jin\u00fdmi tryptaminov\u00fdmi deriv\u00e1ty je z\u00e1sadn\u00ed pro pochopen\u00ed chemick\u00fdch a fyzik\u00e1ln\u00edch vliv\u016f na vazebnou aktivitu, enzymatickou stabilitu a analytickou detekci.<\/li>\n<\/ul>\n<h3>Analytick\u00e1 dokumentace a zaji\u0161t\u011bn\u00ed kvality<\/h3>\n<p>Zaji\u0161t\u011bn\u00ed kvality zahrnuje podrobn\u00e9 analytick\u00e9 postupy. Poskytov\u00e1n\u00ed <b>Anal\u00fdzy HPLC, GC\/MS a NMR<a href=\"\/product\/1d-lsd-225mcg-pellets-kaufen\/\">data<\/a><\/b> je ukazatelem vysok\u00e9 \u00farovn\u011b kontroly kvality a je pro v\u00fdzkumn\u00fd \u00fastav z\u00e1sadn\u00ed, aby zajistil soulad s p\u0159edpisy. <b>Po\u017eadavky SLP (spr\u00e1vn\u00e1 laboratorn\u00ed praxe)<\/b> dok\u00e1zat.<\/p>\n<h2>Bezpe\u010dnostn\u00ed protokoly a dodr\u017eov\u00e1n\u00ed pr\u00e1vn\u00edch p\u0159edpis\u016f<\/h2>\n<p>Vzhledem k vysok\u00e9 \u00fa\u010dinnosti a chemick\u00e9 nestabilit\u011b 5-MeO-DMT Freebase se s n\u00edm mus\u00ed zach\u00e1zet v souladu s nejvy\u0161\u0161\u00edmi laboratorn\u00edmi bezpe\u010dnostn\u00edmi standardy.<\/p>\n<h3>Laboratorn\u00ed bezpe\u010dnost a standardy SLP<\/h3>\n<ul>\n<li><b>Osobn\u00ed ochrann\u00e9 prost\u0159edky (OOP):<\/b> Manipulace s l\u00e1tkou, zejm\u00e9na p\u0159i pln\u011bn\u00ed krystalick\u00e9ho pr\u00e1\u0161ku nebo prysky\u0159ice, bezpodm\u00edne\u010dn\u011b vy\u017eaduje <b>Laboratorn\u00ed pl\u00e1\u0161\u0165, jednor\u00e1zov\u00e9 rukavice<\/b> a <b>Ochrana o\u010d\u00ed<\/b>.<\/li>\n<li><b>V\u011btr\u00e1n\u00ed:<\/b> Vzhledem k tomu, \u017ee se l\u00e1tka ve form\u011b pr\u00e1\u0161ku snadno odpa\u0159uje a je vysoce \u00fa\u010dinn\u00e1, pracuje se s n\u00ed v podm\u00ednk\u00e1ch <b>Chemick\u00e1 digesto\u0159<\/b> povinn\u00e9 zabr\u00e1nit jak\u00e9koli expozici vdechnut\u00edm.<\/li>\n<\/ul>\n<h2>Pr\u00e1vn\u00ed upozorn\u011bn\u00ed - P\u0159\u00edsn\u00e9 dodr\u017eov\u00e1n\u00ed p\u0159edpis\u016f<\/h2>\n<p>Tento produkt je\u00a0<b>v\u00fdhradn\u011b pro v\u00fdzkumn\u00e9 \u00fa\u010dely<\/b>\u00a0ve v\u011bdeck\u00fdch instituc\u00edch. Kupuj\u00edc\u00ed neodvolateln\u011b potvrzuje koupi:<\/p>\n<ul>\n<li>Pou\u017e\u00edv\u00e1 se pouze v\u00a0<b>leg\u00e1ln\u00ed a autorizovan\u00e9 v\u00fdzkumn\u00e9 prost\u0159ed\u00ed<\/b>.<\/li>\n<li>Na str\u00e1nk\u00e1ch\u00a0<b>Dodr\u017eov\u00e1n\u00ed v\u0161ech m\u00edstn\u00edch z\u00e1kon\u016f a p\u0159edpis\u016f<\/b>\u00a0v p\u0159\u00edslu\u0161n\u00e9 jurisdikci.<\/li>\n<li>Na str\u00e1nk\u00e1ch\u00a0<b>Zaveden\u00ed vhodn\u00fdch bezpe\u010dnostn\u00edch opat\u0159en\u00ed<\/b>\u00a0pro ochranu person\u00e1lu.<\/li>\n<li>Na str\u00e1nk\u00e1ch\u00a0<b>Z\u00e1kaz neopr\u00e1vn\u011bn\u00e9ho pou\u017eit\u00ed<\/b>\u00a0a spot\u0159eby.<\/li>\n<\/ul>","protected":false},"excerpt":{"rendered":"<p>Koupit 5-MeO-DMT Freebase: Pro \u00fa\u010dely v\u011bdeck\u00e9ho v\u00fdzkumu: vysoce \u010dist\u00e1 v\u00fdzkumn\u00e1 chemik\u00e1lie ve form\u011b voln\u00e9 b\u00e1ze. Laboratorn\u011b testovan\u00e1 kvalita s certifik\u00e1tem anal\u00fdzy. V\u00fdhradn\u011b pro v\u00fdzkumn\u00e9 \u00fa\u010dely v laboratorn\u00edm prost\u0159ed\u00ed.<\/p>","protected":false},"featured_media":6466,"comment_status":"open","ping_status":"closed","template":"","meta":{"_joinchat":[]},"product_brand":[],"product_cat":[54],"product_tag":[],"class_list":{"0":"post-6427","1":"product","2":"type-product","3":"status-publish","4":"has-post-thumbnail","6":"product_cat-tryptamines","8":"first","9":"instock","10":"shipping-taxable","11":"purchasable","12":"product-type-variable"},"yoast_head":"<!-- This site is optimized with the Yoast SEO plugin v27.5 - https:\/\/yoast.com\/product\/yoast-seo-wordpress\/ -->\n<title>5-MeO-DMT Freebase Kaufen | Research Chemical | Laborqualit\u00e4t Chemgramx<\/title>\n<meta name=\"description\" content=\"5-MeO-DMT Freebase kaufen - Hochreine Forschungschemikalie in Freebase-Form. Laborgepr\u00fcfte Qualit\u00e4t, diskret &amp; sicher. Nur f\u00fcr Forschungszwecke.\" \/>\n<meta name=\"robots\" content=\"index, follow, max-snippet:-1, max-image-preview:large, max-video-preview:-1\" \/>\n<link rel=\"canonical\" href=\"https:\/\/chemgramx.com\/cs\/produkt-1\/koupit-5-meo-dmt-freebase\/\" \/>\n<meta property=\"og:locale\" content=\"cs_CZ\" \/>\n<meta property=\"og:type\" content=\"article\" \/>\n<meta property=\"og:title\" content=\"5-MeO-DMT Freebase Kaufen | Research Chemical | Laborqualit\u00e4t Chemgramx\" \/>\n<meta property=\"og:description\" content=\"5-MeO-DMT Freebase kaufen - Hochreine Forschungschemikalie in Freebase-Form. Laborgepr\u00fcfte Qualit\u00e4t, diskret &amp; sicher. Nur f\u00fcr Forschungszwecke.\" \/>\n<meta property=\"og:url\" content=\"https:\/\/chemgramx.com\/cs\/produkt-1\/koupit-5-meo-dmt-freebase\/\" \/>\n<meta property=\"og:site_name\" content=\"Chemgramx\" \/>\n<meta property=\"article:modified_time\" content=\"2025-11-21T11:06:22+00:00\" \/>\n<meta property=\"og:image\" content=\"https:\/\/chemgramx.com\/wp-content\/uploads\/2025\/11\/buy-5-meo-dmt-freebase-chem-store-online.png\" \/>\n\t<meta property=\"og:image:width\" content=\"619\" \/>\n\t<meta property=\"og:image:height\" content=\"474\" \/>\n\t<meta property=\"og:image:type\" content=\"image\/png\" \/>\n<meta name=\"twitter:card\" content=\"summary_large_image\" \/>\n<meta name=\"twitter:label1\" content=\"Odhadovan\u00e1 doba \u010dten\u00ed\" \/>\n\t<meta name=\"twitter:data1\" content=\"4 minuty\" \/>\n<script type=\"application\/ld+json\" class=\"yoast-schema-graph\">{\"@context\":\"https:\\\/\\\/schema.org\",\"@graph\":[{\"@type\":\"WebPage\",\"@id\":\"https:\\\/\\\/chemgramx.com\\\/product\\\/5-meo-dmt-freebase-kaufen\\\/\",\"url\":\"https:\\\/\\\/chemgramx.com\\\/product\\\/5-meo-dmt-freebase-kaufen\\\/\",\"name\":\"5-MeO-DMT Freebase Kaufen | Research Chemical | Laborqualit\u00e4t Chemgramx\",\"isPartOf\":{\"@id\":\"https:\\\/\\\/chemgramx.com\\\/#website\"},\"primaryImageOfPage\":{\"@id\":\"https:\\\/\\\/chemgramx.com\\\/product\\\/5-meo-dmt-freebase-kaufen\\\/#primaryimage\"},\"image\":{\"@id\":\"https:\\\/\\\/chemgramx.com\\\/product\\\/5-meo-dmt-freebase-kaufen\\\/#primaryimage\"},\"thumbnailUrl\":\"https:\\\/\\\/chemgramx.com\\\/wp-content\\\/uploads\\\/2025\\\/11\\\/buy-5-meo-dmt-freebase-chem-store-online.png\",\"datePublished\":\"2025-11-21T11:05:20+00:00\",\"dateModified\":\"2025-11-21T11:06:22+00:00\",\"description\":\"5-MeO-DMT Freebase kaufen - Hochreine Forschungschemikalie in Freebase-Form. Laborgepr\u00fcfte Qualit\u00e4t, diskret &amp; sicher. Nur f\u00fcr Forschungszwecke.\",\"breadcrumb\":{\"@id\":\"https:\\\/\\\/chemgramx.com\\\/product\\\/5-meo-dmt-freebase-kaufen\\\/#breadcrumb\"},\"inLanguage\":\"cs\",\"potentialAction\":[{\"@type\":\"ReadAction\",\"target\":[\"https:\\\/\\\/chemgramx.com\\\/product\\\/5-meo-dmt-freebase-kaufen\\\/\"]}]},{\"@type\":\"ImageObject\",\"inLanguage\":\"cs\",\"@id\":\"https:\\\/\\\/chemgramx.com\\\/product\\\/5-meo-dmt-freebase-kaufen\\\/#primaryimage\",\"url\":\"https:\\\/\\\/chemgramx.com\\\/wp-content\\\/uploads\\\/2025\\\/11\\\/buy-5-meo-dmt-freebase-chem-store-online.png\",\"contentUrl\":\"https:\\\/\\\/chemgramx.com\\\/wp-content\\\/uploads\\\/2025\\\/11\\\/buy-5-meo-dmt-freebase-chem-store-online.png\",\"width\":619,\"height\":474},{\"@type\":\"BreadcrumbList\",\"@id\":\"https:\\\/\\\/chemgramx.com\\\/product\\\/5-meo-dmt-freebase-kaufen\\\/#breadcrumb\",\"itemListElement\":[{\"@type\":\"ListItem\",\"position\":1,\"name\":\"Home\",\"item\":\"https:\\\/\\\/chemgramx.com\\\/\"},{\"@type\":\"ListItem\",\"position\":2,\"name\":\"Shop\",\"item\":\"https:\\\/\\\/chemgramx.com\\\/shop\\\/\"},{\"@type\":\"ListItem\",\"position\":3,\"name\":\"5-MeO-DMT Freebase kaufen\"}]},{\"@type\":\"WebSite\",\"@id\":\"https:\\\/\\\/chemgramx.com\\\/#website\",\"url\":\"https:\\\/\\\/chemgramx.com\\\/\",\"name\":\"Chemgramx\",\"description\":\"\",\"publisher\":{\"@id\":\"https:\\\/\\\/chemgramx.com\\\/#organization\"},\"potentialAction\":[{\"@type\":\"SearchAction\",\"target\":{\"@type\":\"EntryPoint\",\"urlTemplate\":\"https:\\\/\\\/chemgramx.com\\\/?s={search_term_string}\"},\"query-input\":{\"@type\":\"PropertyValueSpecification\",\"valueRequired\":true,\"valueName\":\"search_term_string\"}}],\"inLanguage\":\"cs\"},{\"@type\":\"Organization\",\"@id\":\"https:\\\/\\\/chemgramx.com\\\/#organization\",\"name\":\"Chemgramx\",\"url\":\"https:\\\/\\\/chemgramx.com\\\/\",\"logo\":{\"@type\":\"ImageObject\",\"inLanguage\":\"cs\",\"@id\":\"https:\\\/\\\/chemgramx.com\\\/#\\\/schema\\\/logo\\\/image\\\/\",\"url\":\"https:\\\/\\\/chemgramx.com\\\/wp-content\\\/uploads\\\/2024\\\/10\\\/final-logo.png\",\"contentUrl\":\"https:\\\/\\\/chemgramx.com\\\/wp-content\\\/uploads\\\/2024\\\/10\\\/final-logo.png\",\"width\":250,\"height\":48,\"caption\":\"Chemgramx\"},\"image\":{\"@id\":\"https:\\\/\\\/chemgramx.com\\\/#\\\/schema\\\/logo\\\/image\\\/\"}}]}<\/script>\n<!-- \/ Yoast SEO plugin. -->","yoast_head_json":{"title":"5-MeO-DMT Freebase Koupit | V\u00fdzkum Chemick\u00e9 | Kvalita laborato\u0159e Chemgramx","description":"Koupit 5-MeO-DMT Freebase - vysoce \u010dist\u00e1 v\u00fdzkumn\u00e1 chemik\u00e1lie ve form\u011b freebase. Laboratorn\u011b testovan\u00e1 kvalita, diskr\u00e9tn\u00ed a bezpe\u010dn\u00e1. Pouze pro v\u00fdzkumn\u00e9 pou\u017eit\u00ed.","robots":{"index":"index","follow":"follow","max-snippet":"max-snippet:-1","max-image-preview":"max-image-preview:large","max-video-preview":"max-video-preview:-1"},"canonical":"https:\/\/chemgramx.com\/cs\/produkt-1\/koupit-5-meo-dmt-freebase\/","og_locale":"cs_CZ","og_type":"article","og_title":"5-MeO-DMT Freebase Kaufen | Research Chemical | Laborqualit\u00e4t Chemgramx","og_description":"5-MeO-DMT Freebase kaufen - Hochreine Forschungschemikalie in Freebase-Form. Laborgepr\u00fcfte Qualit\u00e4t, diskret &amp; sicher. Nur f\u00fcr Forschungszwecke.","og_url":"https:\/\/chemgramx.com\/cs\/produkt-1\/koupit-5-meo-dmt-freebase\/","og_site_name":"Chemgramx","article_modified_time":"2025-11-21T11:06:22+00:00","og_image":[{"width":619,"height":474,"url":"https:\/\/chemgramx.com\/wp-content\/uploads\/2025\/11\/buy-5-meo-dmt-freebase-chem-store-online.png","type":"image\/png"}],"twitter_card":"summary_large_image","twitter_misc":{"Odhadovan\u00e1 doba \u010dten\u00ed":"4 minuty"},"schema":{"@context":"https:\/\/schema.org","@graph":[{"@type":"WebPage","@id":"https:\/\/chemgramx.com\/product\/5-meo-dmt-freebase-kaufen\/","url":"https:\/\/chemgramx.com\/product\/5-meo-dmt-freebase-kaufen\/","name":"5-MeO-DMT Freebase Koupit | V\u00fdzkum Chemick\u00e9 | Kvalita laborato\u0159e Chemgramx","isPartOf":{"@id":"https:\/\/chemgramx.com\/#website"},"primaryImageOfPage":{"@id":"https:\/\/chemgramx.com\/product\/5-meo-dmt-freebase-kaufen\/#primaryimage"},"image":{"@id":"https:\/\/chemgramx.com\/product\/5-meo-dmt-freebase-kaufen\/#primaryimage"},"thumbnailUrl":"https:\/\/chemgramx.com\/wp-content\/uploads\/2025\/11\/buy-5-meo-dmt-freebase-chem-store-online.png","datePublished":"2025-11-21T11:05:20+00:00","dateModified":"2025-11-21T11:06:22+00:00","description":"Koupit 5-MeO-DMT Freebase - vysoce \u010dist\u00e1 v\u00fdzkumn\u00e1 chemik\u00e1lie ve form\u011b freebase. Laboratorn\u011b testovan\u00e1 kvalita, diskr\u00e9tn\u00ed a bezpe\u010dn\u00e1. Pouze pro v\u00fdzkumn\u00e9 pou\u017eit\u00ed.","breadcrumb":{"@id":"https:\/\/chemgramx.com\/product\/5-meo-dmt-freebase-kaufen\/#breadcrumb"},"inLanguage":"cs","potentialAction":[{"@type":"ReadAction","target":["https:\/\/chemgramx.com\/product\/5-meo-dmt-freebase-kaufen\/"]}]},{"@type":"ImageObject","inLanguage":"cs","@id":"https:\/\/chemgramx.com\/product\/5-meo-dmt-freebase-kaufen\/#primaryimage","url":"https:\/\/chemgramx.com\/wp-content\/uploads\/2025\/11\/buy-5-meo-dmt-freebase-chem-store-online.png","contentUrl":"https:\/\/chemgramx.com\/wp-content\/uploads\/2025\/11\/buy-5-meo-dmt-freebase-chem-store-online.png","width":619,"height":474},{"@type":"BreadcrumbList","@id":"https:\/\/chemgramx.com\/product\/5-meo-dmt-freebase-kaufen\/#breadcrumb","itemListElement":[{"@type":"ListItem","position":1,"name":"Home","item":"https:\/\/chemgramx.com\/"},{"@type":"ListItem","position":2,"name":"Shop","item":"https:\/\/chemgramx.com\/shop\/"},{"@type":"ListItem","position":3,"name":"5-MeO-DMT Freebase kaufen"}]},{"@type":"WebSite","@id":"https:\/\/chemgramx.com\/#website","url":"https:\/\/chemgramx.com\/","name":"Chemgramx","description":"","publisher":{"@id":"https:\/\/chemgramx.com\/#organization"},"potentialAction":[{"@type":"SearchAction","target":{"@type":"EntryPoint","urlTemplate":"https:\/\/chemgramx.com\/?s={search_term_string}"},"query-input":{"@type":"PropertyValueSpecification","valueRequired":true,"valueName":"search_term_string"}}],"inLanguage":"cs"},{"@type":"Organization","@id":"https:\/\/chemgramx.com\/#organization","name":"Chemgramx","url":"https:\/\/chemgramx.com\/","logo":{"@type":"ImageObject","inLanguage":"cs","@id":"https:\/\/chemgramx.com\/#\/schema\/logo\/image\/","url":"https:\/\/chemgramx.com\/wp-content\/uploads\/2024\/10\/final-logo.png","contentUrl":"https:\/\/chemgramx.com\/wp-content\/uploads\/2024\/10\/final-logo.png","width":250,"height":48,"caption":"Chemgramx"},"image":{"@id":"https:\/\/chemgramx.com\/#\/schema\/logo\/image\/"}}]}},"_links":{"self":[{"href":"https:\/\/chemgramx.com\/cs\/wp-json\/wp\/v2\/product\/6427","targetHints":{"allow":["GET"]}}],"collection":[{"href":"https:\/\/chemgramx.com\/cs\/wp-json\/wp\/v2\/product"}],"about":[{"href":"https:\/\/chemgramx.com\/cs\/wp-json\/wp\/v2\/types\/product"}],"replies":[{"embeddable":true,"href":"https:\/\/chemgramx.com\/cs\/wp-json\/wp\/v2\/comments?post=6427"}],"wp:featuredmedia":[{"embeddable":true,"href":"https:\/\/chemgramx.com\/cs\/wp-json\/wp\/v2\/media\/6466"}],"wp:attachment":[{"href":"https:\/\/chemgramx.com\/cs\/wp-json\/wp\/v2\/media?parent=6427"}],"wp:term":[{"taxonomy":"product_brand","embeddable":true,"href":"https:\/\/chemgramx.com\/cs\/wp-json\/wp\/v2\/product_brand?post=6427"},{"taxonomy":"product_cat","embeddable":true,"href":"https:\/\/chemgramx.com\/cs\/wp-json\/wp\/v2\/product_cat?post=6427"},{"taxonomy":"product_tag","embeddable":true,"href":"https:\/\/chemgramx.com\/cs\/wp-json\/wp\/v2\/product_tag?post=6427"}],"curies":[{"name":"wp","href":"https:\/\/api.w.org\/{rel}","templated":true}]}}