{"id":6431,"date":"2025-11-21T11:05:21","date_gmt":"2025-11-21T11:05:21","guid":{"rendered":"https:\/\/chemgramx.com\/?post_type=product&#038;p=6431"},"modified":"2025-11-21T11:06:23","modified_gmt":"2025-11-21T11:06:23","slug":"koupit-mipt-fumarat","status":"publish","type":"product","link":"https:\/\/chemgramx.com\/cs\/product\/mipt-fumarate-kaufen\/","title":{"rendered":"Koupit MiPT Fumarate"},"content":{"rendered":"<p><b>MiPT fumar\u00e1t (N-methyl-N-isopropyltryptamin)<\/b> je specializovan\u00e1 v\u00fdzkumn\u00e1 chemick\u00e1 l\u00e1tka, kter\u00e1 pat\u0159\u00ed do z\u00e1kladn\u00ed t\u0159\u00eddy chemick\u00fdch l\u00e1tek. <b>Deriv\u00e1ty tryptaminu<\/b> pat\u0159\u00ed. Tento materi\u00e1l je v <b>Forma fumar\u00e1tov\u00e9 soli<\/b> a je <b>v\u00fdhradn\u011b<\/b> ur\u010den\u00e9 pro v\u011bdeck\u00fd v\u00fdzkum v p\u0159\u00edsn\u011b kontrolovan\u00e9m laboratorn\u00edm prost\u0159ed\u00ed. Volba fumar\u00e1tov\u00e9 formy nab\u00edz\u00ed <b>Lep\u0161\u00ed stabilita a trvanlivost<\/b> v porovn\u00e1n\u00ed s volnou b\u00e1z\u00ed nebo jin\u00fdmi solemi, co\u017e m\u00e1 z\u00e1sadn\u00ed v\u00fdznam pro spolehlivost dlouhodob\u00fdch v\u00fdzkumn\u00fdch projekt\u016f. Krom\u011b toho vysok\u00e1 \u010distota (<span class=\"math-inline\" data-math=\"mathbf{ge 98%}\">$mathbf{ge 98%}$<\/span>) a p\u0159esn\u00e1 molekulov\u00e1 hmotnost zaji\u0161\u0165uj\u00ed reprodukovatelnost analytick\u00fdch a farmakologick\u00fdch experiment\u016f. V d\u016fsledku toho je z\u00edsk\u00e1v\u00e1n\u00ed a manipulace s fumar\u00e1tem MiPT <b>nejp\u0159\u00edsn\u011bj\u0161\u00ed bezpe\u010dnostn\u00ed, etick\u00e9 a pr\u00e1vn\u00ed protokoly.<\/b>.<\/p>\n<h2>Chemick\u00e1 struktura a v\u00fdhody stability fumar\u00e1tov\u00e9 formy<\/h2>\n<p>Chemick\u00fd n\u00e1zev <b>N-methyl-N-isopropyltryptamin fumar\u00e1t<\/b> ur\u010duje p\u0159esnou konfiguraci tohoto N-alkylovan\u00e9ho tryptaminu. Pochopen\u00ed t\u00e9to struktury a v\u00fdhod soln\u00e9 formy m\u00e1 pro laboratorn\u00ed aplikace z\u00e1sadn\u00ed v\u00fdznam.<\/p>\n<h3>Asymetrick\u00e1 N-alkylace a farmakokinetika<\/h3>\n<p>Jako <b>Indolov\u00fd alkylaminov\u00fd deriv\u00e1t<\/b> MiPT je strukturn\u00ed analog endogenn\u00edho neurotransmiteru serotoninu (<span class=\"math-inline\" data-math=\"mathbf{5-HT}\">$mathbf{5-HT}$<\/span>). Tato strukturn\u00ed podobnost je hlavn\u00edm z\u00e1kladem pro jeho zkoum\u00e1n\u00ed v neurofarmakologii. Na druhou stranu <b>asymetrick\u00e1 N-alkylace<\/b> s methylovou a isopropylovou skupinou na aminoskupin\u011b m\u00e1 z\u00e1sadn\u00ed v\u00fdznam pro farmakokinetick\u00e9 vlastnosti a receptorovou afinitu slou\u010deniny. Zejm\u00e9na <b>Objemn\u00fd izopropylov\u00fd zbytek<\/b> na <b>Lipophilia<\/b> a metabolick\u00fd osud l\u00e1tky. Proto je \u00fa\u010dinek t\u011bchto asymetrick\u00fdch N-substituc\u00ed ve <b>V\u00fdzkum vztah\u016f mezi strukturou a \u010dinnost\u00ed (SAR)<\/b> intenzivn\u011b zkoum\u00e1ny s c\u00edlem zmapovat molekul\u00e1rn\u00ed determinanty biologick\u00e9ho \u00fa\u010dinku.<\/p>\n<h3>Fumar\u00e1tov\u00e1 s\u016fl a analytick\u00e1 p\u0159esnost<\/h3>\n<p>Pou\u017eit\u00ed <b>Fumar\u00e1tov\u00e1 s\u016fl<\/b> je b\u011b\u017enou a obl\u00edbenou prax\u00ed v chemick\u00e9m v\u00fdzkumu. D\u016fvodem je skute\u010dnost, \u017ee fumar\u00e1ty maj\u00ed \u010dasto charakter <b>Lep\u0161\u00ed krystalick\u00e1 stabilita<\/b> a <b><a href=\"\/product\/1b-lsd-125mcg-blotters-kaufen\/\">ni\u017e\u0161\u00ed<\/a> Absorpce vlhkosti (hygroskopi\u010dnost)<\/b> ne\u017e jin\u00e9 formy sol\u00ed nebo voln\u00e9 b\u00e1ze. Tato vlastnost je rozhoduj\u00edc\u00ed pro dlouhodob\u00e9 skladov\u00e1n\u00ed v doporu\u010den\u00fdch such\u00fdch a chladn\u00fdch podm\u00ednk\u00e1ch, aby byla zaji\u0161t\u011bna chemick\u00e1 integrita materi\u00e1lu. Kone\u010dn\u011b <b>Fumar\u00e1ty MiPT<\/b> jako <b>krystalick\u00fd pr\u00e1\u0161ek<\/b> a je <b>st\u0159edn\u011b rozpustn\u00fd ve vod\u011b<\/b>, co\u017e usnad\u0148uje nekomplikovanou v\u00fdrobu <b>vodn\u00e9 roztoky<\/b> pro v\u011bt\u0161inu biologick\u00fdch test\u016f a analytick\u00fdch postup\u016f.<\/p>\n<h2>V\u00fdzkumn\u00e9 aplikace a dodr\u017eov\u00e1n\u00ed p\u0159edpis\u016f<\/h2>\n<p>MiPT Fumar\u00e1t slou\u017e\u00ed jako d\u016fle\u017eit\u00fd modelov\u00fd syst\u00e9m v neurofarmakologii k objasn\u011bn\u00ed mechanism\u016f \u00fa\u010dinku tryptaminov\u00fdch deriv\u00e1t\u016f na monoaminov\u00e9 syst\u00e9my.<\/p>\n<h3>V\u00fdznam pro v\u00fdzkum serotoninov\u00fdch receptor\u016f<\/h3>\n<p>Hlavn\u00ed oblast\u00ed pou\u017eit\u00ed je zkoum\u00e1n\u00ed <b>P\u0159\u00edbuznost vazeb<\/b> a <b>funk\u010dn\u00ed \u010dinnosti<\/b> z MiPT do <a href=\"\/product\/black-gold-hash-kaufen\/\">r\u016fzn\u00e9<\/a> Podtypy serotoninov\u00fdch receptor\u016f. Tento v\u00fdzkum pom\u00e1h\u00e1 pochopit vztah mezi chemickou strukturou a biologick\u00fdm \u00fa\u010dinkem. Krom\u011b toho se tato slou\u010denina pou\u017e\u00edv\u00e1 jako substr\u00e1t v oblasti <b>Studie metabolismu<\/b> se pou\u017e\u00edv\u00e1. To zahrnuje zmapov\u00e1n\u00ed biochemick\u00fdch degrada\u010dn\u00edch cest a \u00falohy detoxika\u010dn\u00edch enzym\u016f (nap\u0159. cytochromu P450). Tyto znalosti jsou <b>Z\u00e1sadn\u00ed pro farmakokinetiku<\/b> a predikce potenci\u00e1ln\u00ed aktivity metabolit\u016f.<\/p>\n<h3>Pot\u0159eba p\u0159\u00edsn\u00fdch bezpe\u010dnostn\u00edch protokol\u016f<\/h3>\n<p>Vzhledem k potenci\u00e1ln\u00ed farmakologick\u00e9 aktivit\u011b a klasifikaci chemick\u00e9 l\u00e1tky jako v\u00fdzkumn\u00e9 chemick\u00e9 l\u00e1tky mus\u00ed b\u00fdt manipulace s n\u00ed prov\u00e1d\u011bna v souladu s nejvy\u0161\u0161\u00edmi bezpe\u010dnostn\u00edmi standardy. <b>Laboratorn\u00ed bezpe\u010dnostn\u00ed normy<\/b> se uskute\u010dn\u00ed.<\/p>\n<ul>\n<li>Manipulace s krystalick\u00fdm pr\u00e1\u0161kem vy\u017eaduje povinnou <b>Osobn\u00ed ochrann\u00e9 prost\u0159edky (OOP)<\/b>, laboratorn\u00ed pl\u00e1\u0161\u0165, rukavice a ochrann\u00e9 br\u00fdle.<\/li>\n<li>Pr\u00e1ce pod <b>Chemick\u00e1 digesto\u0159<\/b> je nutn\u00e9 zabr\u00e1nit jak\u00e9koli expozici vdechnut\u00edm.<\/li>\n<li>P\u0159ilo\u017een\u00fd <b>Certifik\u00e1ty o anal\u00fdze<\/b> jsou nejen d\u016fkazem kvality, ale jsou tak\u00e9 povinn\u00e9 pro. <b>Dokumenta\u010dn\u00ed povinnost<\/b> jako sou\u010d\u00e1st <b>V\u00fdzkum v souladu s GLP<\/b> po\u017eadov\u00e1no.<\/li>\n<\/ul>\n<h2>Skladov\u00e1n\u00ed a regula\u010dn\u00ed po\u017eadavky<\/h2>\n<p>Spr\u00e1vn\u00e9 skladov\u00e1n\u00ed je nezbytn\u00e9 pro zaji\u0161t\u011bn\u00ed stability l\u00e1tky. Je nutn\u00e9 dodr\u017eovat v\u0161echny m\u00edstn\u00ed a n\u00e1rodn\u00ed z\u00e1kony.<\/p>\n<h3>Optim\u00e1ln\u00ed podm\u00ednky skladov\u00e1n\u00ed<\/h3>\n<ul>\n<li><b>Teplota:<\/b> Optim\u00e1ln\u00ed dlouhodob\u00e9 skladov\u00e1n\u00ed prob\u00edh\u00e1 p\u0159i <b>-20 \u00b0C (mrazni\u010dka)<\/b>.<\/li>\n<li><b>Atmosf\u00e9ra:<\/b> Pod <b>Atmosf\u00e9ra inertn\u00edho plynu<\/b> (argon\/dus\u00edk).<\/li>\n<li><b>Ochrana proti sv\u011btlu:<\/b> V tmav\u00fdch nepr\u016fhledn\u00fdch n\u00e1dob\u00e1ch.<\/li>\n<li><b>Kontejner:<\/b> Pevn\u011b uzav\u0159en\u00e9 a z\u0159eteln\u011b ozna\u010den\u00e9.<\/li>\n<\/ul>\n<h2>Po\u017eadavky na objedn\u00e1vku a pr\u00e1vn\u00ed upozorn\u011bn\u00ed<\/h2>\n<p>Z\u00edsk\u00e1n\u00ed t\u00e9to specializovan\u00e9 v\u00fdzkumn\u00e9 chemik\u00e1lie je mo\u017en\u00e9 pouze v ov\u011b\u0159en\u00fdch v\u011bdeck\u00fdch instituc\u00edch.<\/p>\n<p><b>Mno\u017estv\u00ed dostupn\u00e9 pro v\u00fdzkumn\u00e9 instituce:<\/b><\/p>\n<ul>\n<li>V\u00fdzkumn\u00fd vzorek: 10g<\/li>\n<li>Mal\u00e9 mno\u017estv\u00ed: 25 g<\/li>\n<li>Standardn\u00ed mno\u017estv\u00ed: 50 g<\/li>\n<li>Hromadn\u00e9 mno\u017estv\u00ed: 100 g<\/li>\n<\/ul>\n<h2><b>Pr\u00e1vn\u00ed upozorn\u011bn\u00ed - P\u0159\u00edsn\u00e9 dodr\u017eov\u00e1n\u00ed p\u0159edpis\u016f:<\/b><\/h2>\n<p>Tento produkt je <b>v\u00fdhradn\u011b pro \u00fa\u010dely v\u011bdeck\u00e9ho v\u00fdzkumu<\/b> ur\u010deno. Kupuj\u00edc\u00ed koup\u00ed neodvolateln\u011b stvrzuje. <b>Pou\u017e\u00edvejte pouze v prost\u0159ed\u00ed pr\u00e1vn\u00edho v\u00fdzkumu<\/b>kter\u00fd <b>Dodr\u017eov\u00e1n\u00ed v\u0161ech platn\u00fdch z\u00e1kon\u016f a p\u0159edpis\u016f<\/b>kter\u00fd <b>Zaveden\u00ed vhodn\u00fdch bezpe\u010dnostn\u00edch opat\u0159en\u00ed<\/b> a <b>Z\u00e1kaz neopr\u00e1vn\u011bn\u00e9ho pou\u017eit\u00ed<\/b>.<\/p>","protected":false},"excerpt":{"rendered":"<p>Koupit MiPT Fumar\u00e1t: N-methyl-N-isopropyltryptamin ve form\u011b fumar\u00e1tu pro v\u011bdeck\u00e9 \u00fa\u010dely. Kvalita vysok\u00e9 \u010distoty s certifik\u00e1tem anal\u00fdzy. Pouze pro kvalifikovan\u00e9 v\u00fdzkumn\u00e9 organizace.<\/p>","protected":false},"featured_media":6470,"comment_status":"open","ping_status":"closed","template":"","meta":{"_joinchat":[]},"product_brand":[],"product_cat":[54],"product_tag":[],"class_list":{"0":"post-6431","1":"product","2":"type-product","3":"status-publish","4":"has-post-thumbnail","6":"product_cat-tryptamines","8":"first","9":"instock","10":"shipping-taxable","11":"purchasable","12":"product-type-variable"},"yoast_head":"<!-- This site is optimized with the Yoast SEO plugin v27.5 - https:\/\/yoast.com\/product\/yoast-seo-wordpress\/ -->\n<title>MiPT Fumarate Kaufen | N-methyl-N-isopropyltryptamine- Chemgramx<\/title>\n<meta name=\"description\" content=\"MiPT Fumarate kaufen - N-methyl-N-isopropyltryptamine f\u00fcr wissenschaftliche Forschung. Hochrein, laborgepr\u00fcft. Ausschlie\u00dflich f\u00fcr Forschungszwecke.\" \/>\n<meta name=\"robots\" content=\"index, follow, max-snippet:-1, max-image-preview:large, max-video-preview:-1\" \/>\n<link rel=\"canonical\" href=\"https:\/\/chemgramx.com\/cs\/produkt-1\/koupit-mipt-fumarat\/\" \/>\n<meta property=\"og:locale\" content=\"cs_CZ\" \/>\n<meta property=\"og:type\" content=\"article\" \/>\n<meta property=\"og:title\" content=\"MiPT Fumarate Kaufen | N-methyl-N-isopropyltryptamine- Chemgramx\" \/>\n<meta property=\"og:description\" content=\"MiPT Fumarate kaufen - N-methyl-N-isopropyltryptamine f\u00fcr wissenschaftliche Forschung. Hochrein, laborgepr\u00fcft. Ausschlie\u00dflich f\u00fcr Forschungszwecke.\" \/>\n<meta property=\"og:url\" content=\"https:\/\/chemgramx.com\/cs\/produkt-1\/koupit-mipt-fumarat\/\" \/>\n<meta property=\"og:site_name\" content=\"Chemgramx\" \/>\n<meta property=\"article:modified_time\" content=\"2025-11-21T11:06:23+00:00\" \/>\n<meta property=\"og:image\" content=\"https:\/\/chemgramx.com\/wp-content\/uploads\/2025\/11\/buy-mipt-fumarate-n-methyl-n-isopropyltryptamine-chem-store-online.png\" \/>\n\t<meta property=\"og:image:width\" content=\"618\" \/>\n\t<meta property=\"og:image:height\" content=\"389\" \/>\n\t<meta property=\"og:image:type\" content=\"image\/png\" \/>\n<meta name=\"twitter:card\" content=\"summary_large_image\" \/>\n<meta name=\"twitter:label1\" content=\"Odhadovan\u00e1 doba \u010dten\u00ed\" \/>\n\t<meta name=\"twitter:data1\" content=\"3 minuty\" \/>\n<script type=\"application\/ld+json\" class=\"yoast-schema-graph\">{\"@context\":\"https:\\\/\\\/schema.org\",\"@graph\":[{\"@type\":\"WebPage\",\"@id\":\"https:\\\/\\\/chemgramx.com\\\/product\\\/mipt-fumarate-kaufen\\\/\",\"url\":\"https:\\\/\\\/chemgramx.com\\\/product\\\/mipt-fumarate-kaufen\\\/\",\"name\":\"MiPT Fumarate Kaufen | N-methyl-N-isopropyltryptamine- Chemgramx\",\"isPartOf\":{\"@id\":\"https:\\\/\\\/chemgramx.com\\\/#website\"},\"primaryImageOfPage\":{\"@id\":\"https:\\\/\\\/chemgramx.com\\\/product\\\/mipt-fumarate-kaufen\\\/#primaryimage\"},\"image\":{\"@id\":\"https:\\\/\\\/chemgramx.com\\\/product\\\/mipt-fumarate-kaufen\\\/#primaryimage\"},\"thumbnailUrl\":\"https:\\\/\\\/chemgramx.com\\\/wp-content\\\/uploads\\\/2025\\\/11\\\/buy-mipt-fumarate-n-methyl-n-isopropyltryptamine-chem-store-online.png\",\"datePublished\":\"2025-11-21T11:05:21+00:00\",\"dateModified\":\"2025-11-21T11:06:23+00:00\",\"description\":\"MiPT Fumarate kaufen - N-methyl-N-isopropyltryptamine f\u00fcr wissenschaftliche Forschung. Hochrein, laborgepr\u00fcft. Ausschlie\u00dflich f\u00fcr Forschungszwecke.\",\"breadcrumb\":{\"@id\":\"https:\\\/\\\/chemgramx.com\\\/product\\\/mipt-fumarate-kaufen\\\/#breadcrumb\"},\"inLanguage\":\"cs\",\"potentialAction\":[{\"@type\":\"ReadAction\",\"target\":[\"https:\\\/\\\/chemgramx.com\\\/product\\\/mipt-fumarate-kaufen\\\/\"]}]},{\"@type\":\"ImageObject\",\"inLanguage\":\"cs\",\"@id\":\"https:\\\/\\\/chemgramx.com\\\/product\\\/mipt-fumarate-kaufen\\\/#primaryimage\",\"url\":\"https:\\\/\\\/chemgramx.com\\\/wp-content\\\/uploads\\\/2025\\\/11\\\/buy-mipt-fumarate-n-methyl-n-isopropyltryptamine-chem-store-online.png\",\"contentUrl\":\"https:\\\/\\\/chemgramx.com\\\/wp-content\\\/uploads\\\/2025\\\/11\\\/buy-mipt-fumarate-n-methyl-n-isopropyltryptamine-chem-store-online.png\",\"width\":618,\"height\":389},{\"@type\":\"BreadcrumbList\",\"@id\":\"https:\\\/\\\/chemgramx.com\\\/product\\\/mipt-fumarate-kaufen\\\/#breadcrumb\",\"itemListElement\":[{\"@type\":\"ListItem\",\"position\":1,\"name\":\"Home\",\"item\":\"https:\\\/\\\/chemgramx.com\\\/\"},{\"@type\":\"ListItem\",\"position\":2,\"name\":\"Shop\",\"item\":\"https:\\\/\\\/chemgramx.com\\\/shop\\\/\"},{\"@type\":\"ListItem\",\"position\":3,\"name\":\"MiPT Fumarate kaufen\"}]},{\"@type\":\"WebSite\",\"@id\":\"https:\\\/\\\/chemgramx.com\\\/#website\",\"url\":\"https:\\\/\\\/chemgramx.com\\\/\",\"name\":\"Chemgramx\",\"description\":\"\",\"publisher\":{\"@id\":\"https:\\\/\\\/chemgramx.com\\\/#organization\"},\"potentialAction\":[{\"@type\":\"SearchAction\",\"target\":{\"@type\":\"EntryPoint\",\"urlTemplate\":\"https:\\\/\\\/chemgramx.com\\\/?s={search_term_string}\"},\"query-input\":{\"@type\":\"PropertyValueSpecification\",\"valueRequired\":true,\"valueName\":\"search_term_string\"}}],\"inLanguage\":\"cs\"},{\"@type\":\"Organization\",\"@id\":\"https:\\\/\\\/chemgramx.com\\\/#organization\",\"name\":\"Chemgramx\",\"url\":\"https:\\\/\\\/chemgramx.com\\\/\",\"logo\":{\"@type\":\"ImageObject\",\"inLanguage\":\"cs\",\"@id\":\"https:\\\/\\\/chemgramx.com\\\/#\\\/schema\\\/logo\\\/image\\\/\",\"url\":\"https:\\\/\\\/chemgramx.com\\\/wp-content\\\/uploads\\\/2024\\\/10\\\/final-logo.png\",\"contentUrl\":\"https:\\\/\\\/chemgramx.com\\\/wp-content\\\/uploads\\\/2024\\\/10\\\/final-logo.png\",\"width\":250,\"height\":48,\"caption\":\"Chemgramx\"},\"image\":{\"@id\":\"https:\\\/\\\/chemgramx.com\\\/#\\\/schema\\\/logo\\\/image\\\/\"}}]}<\/script>\n<!-- \/ Yoast SEO plugin. -->","yoast_head_json":{"title":"Koupit MiPT fumar\u00e1t | N-methyl-N-isopropyltryptamin- Chemgramx","description":"Kupte si MiPT Fumarate - N-methyl-N-isopropyltryptamin pro v\u011bdeck\u00fd v\u00fdzkum. Vysoce \u010dist\u00fd, laboratorn\u011b testovan\u00fd. V\u00fdhradn\u011b pro v\u00fdzkumn\u00e9 \u00fa\u010dely.","robots":{"index":"index","follow":"follow","max-snippet":"max-snippet:-1","max-image-preview":"max-image-preview:large","max-video-preview":"max-video-preview:-1"},"canonical":"https:\/\/chemgramx.com\/cs\/produkt-1\/koupit-mipt-fumarat\/","og_locale":"cs_CZ","og_type":"article","og_title":"MiPT Fumarate Kaufen | N-methyl-N-isopropyltryptamine- Chemgramx","og_description":"MiPT Fumarate kaufen - N-methyl-N-isopropyltryptamine f\u00fcr wissenschaftliche Forschung. Hochrein, laborgepr\u00fcft. Ausschlie\u00dflich f\u00fcr Forschungszwecke.","og_url":"https:\/\/chemgramx.com\/cs\/produkt-1\/koupit-mipt-fumarat\/","og_site_name":"Chemgramx","article_modified_time":"2025-11-21T11:06:23+00:00","og_image":[{"width":618,"height":389,"url":"https:\/\/chemgramx.com\/wp-content\/uploads\/2025\/11\/buy-mipt-fumarate-n-methyl-n-isopropyltryptamine-chem-store-online.png","type":"image\/png"}],"twitter_card":"summary_large_image","twitter_misc":{"Odhadovan\u00e1 doba \u010dten\u00ed":"3 minuty"},"schema":{"@context":"https:\/\/schema.org","@graph":[{"@type":"WebPage","@id":"https:\/\/chemgramx.com\/product\/mipt-fumarate-kaufen\/","url":"https:\/\/chemgramx.com\/product\/mipt-fumarate-kaufen\/","name":"Koupit MiPT fumar\u00e1t | N-methyl-N-isopropyltryptamin- Chemgramx","isPartOf":{"@id":"https:\/\/chemgramx.com\/#website"},"primaryImageOfPage":{"@id":"https:\/\/chemgramx.com\/product\/mipt-fumarate-kaufen\/#primaryimage"},"image":{"@id":"https:\/\/chemgramx.com\/product\/mipt-fumarate-kaufen\/#primaryimage"},"thumbnailUrl":"https:\/\/chemgramx.com\/wp-content\/uploads\/2025\/11\/buy-mipt-fumarate-n-methyl-n-isopropyltryptamine-chem-store-online.png","datePublished":"2025-11-21T11:05:21+00:00","dateModified":"2025-11-21T11:06:23+00:00","description":"Kupte si MiPT Fumarate - N-methyl-N-isopropyltryptamin pro v\u011bdeck\u00fd v\u00fdzkum. Vysoce \u010dist\u00fd, laboratorn\u011b testovan\u00fd. V\u00fdhradn\u011b pro v\u00fdzkumn\u00e9 \u00fa\u010dely.","breadcrumb":{"@id":"https:\/\/chemgramx.com\/product\/mipt-fumarate-kaufen\/#breadcrumb"},"inLanguage":"cs","potentialAction":[{"@type":"ReadAction","target":["https:\/\/chemgramx.com\/product\/mipt-fumarate-kaufen\/"]}]},{"@type":"ImageObject","inLanguage":"cs","@id":"https:\/\/chemgramx.com\/product\/mipt-fumarate-kaufen\/#primaryimage","url":"https:\/\/chemgramx.com\/wp-content\/uploads\/2025\/11\/buy-mipt-fumarate-n-methyl-n-isopropyltryptamine-chem-store-online.png","contentUrl":"https:\/\/chemgramx.com\/wp-content\/uploads\/2025\/11\/buy-mipt-fumarate-n-methyl-n-isopropyltryptamine-chem-store-online.png","width":618,"height":389},{"@type":"BreadcrumbList","@id":"https:\/\/chemgramx.com\/product\/mipt-fumarate-kaufen\/#breadcrumb","itemListElement":[{"@type":"ListItem","position":1,"name":"Home","item":"https:\/\/chemgramx.com\/"},{"@type":"ListItem","position":2,"name":"Shop","item":"https:\/\/chemgramx.com\/shop\/"},{"@type":"ListItem","position":3,"name":"MiPT Fumarate kaufen"}]},{"@type":"WebSite","@id":"https:\/\/chemgramx.com\/#website","url":"https:\/\/chemgramx.com\/","name":"Chemgramx","description":"","publisher":{"@id":"https:\/\/chemgramx.com\/#organization"},"potentialAction":[{"@type":"SearchAction","target":{"@type":"EntryPoint","urlTemplate":"https:\/\/chemgramx.com\/?s={search_term_string}"},"query-input":{"@type":"PropertyValueSpecification","valueRequired":true,"valueName":"search_term_string"}}],"inLanguage":"cs"},{"@type":"Organization","@id":"https:\/\/chemgramx.com\/#organization","name":"Chemgramx","url":"https:\/\/chemgramx.com\/","logo":{"@type":"ImageObject","inLanguage":"cs","@id":"https:\/\/chemgramx.com\/#\/schema\/logo\/image\/","url":"https:\/\/chemgramx.com\/wp-content\/uploads\/2024\/10\/final-logo.png","contentUrl":"https:\/\/chemgramx.com\/wp-content\/uploads\/2024\/10\/final-logo.png","width":250,"height":48,"caption":"Chemgramx"},"image":{"@id":"https:\/\/chemgramx.com\/#\/schema\/logo\/image\/"}}]}},"_links":{"self":[{"href":"https:\/\/chemgramx.com\/cs\/wp-json\/wp\/v2\/product\/6431","targetHints":{"allow":["GET"]}}],"collection":[{"href":"https:\/\/chemgramx.com\/cs\/wp-json\/wp\/v2\/product"}],"about":[{"href":"https:\/\/chemgramx.com\/cs\/wp-json\/wp\/v2\/types\/product"}],"replies":[{"embeddable":true,"href":"https:\/\/chemgramx.com\/cs\/wp-json\/wp\/v2\/comments?post=6431"}],"wp:featuredmedia":[{"embeddable":true,"href":"https:\/\/chemgramx.com\/cs\/wp-json\/wp\/v2\/media\/6470"}],"wp:attachment":[{"href":"https:\/\/chemgramx.com\/cs\/wp-json\/wp\/v2\/media?parent=6431"}],"wp:term":[{"taxonomy":"product_brand","embeddable":true,"href":"https:\/\/chemgramx.com\/cs\/wp-json\/wp\/v2\/product_brand?post=6431"},{"taxonomy":"product_cat","embeddable":true,"href":"https:\/\/chemgramx.com\/cs\/wp-json\/wp\/v2\/product_cat?post=6431"},{"taxonomy":"product_tag","embeddable":true,"href":"https:\/\/chemgramx.com\/cs\/wp-json\/wp\/v2\/product_tag?post=6431"}],"curies":[{"name":"wp","href":"https:\/\/api.w.org\/{rel}","templated":true}]}}