{"id":6432,"date":"2025-11-21T11:05:21","date_gmt":"2025-11-21T11:05:21","guid":{"rendered":"https:\/\/chemgramx.com\/?post_type=product&#038;p=6432"},"modified":"2025-11-21T11:06:32","modified_gmt":"2025-11-21T11:06:32","slug":"koupit-4-ho-met-21mg-pelety","status":"publish","type":"product","link":"https:\/\/chemgramx.com\/cs\/product\/4-ho-met-21mg-pellets-kaufen\/","title":{"rendered":"Koupit 4-HO-MET 21 mg pelety"},"content":{"rendered":"<p>Platnost v\u011bdeck\u00fdch experiment\u016f z\u00e1vis\u00ed do zna\u010dn\u00e9 m\u00edry na p\u0159esn\u00e9m d\u00e1vkov\u00e1n\u00ed pou\u017eit\u00e9ho materi\u00e1lu. Na\u0161e str\u00e1nky <b>4-HO-MET 21 mg pelety<\/b> byly navr\u017eeny jako specializovan\u00e1 l\u00e9kov\u00e1 forma, kter\u00e1 spl\u0148uje nejvy\u0161\u0161\u00ed po\u017eadavky na standardizaci a konzistenci v n\u00e1ro\u010dn\u00fdch laboratorn\u00edch podm\u00ednk\u00e1ch. Tato formulace poskytuje p\u0159esn\u011b d\u00e1vkovan\u00e9 a snadno manipulovateln\u00e9 mno\u017estv\u00ed tryptaminov\u00e9ho deriv\u00e1tu. <b>4-hydroxy-N-methyl-N-ethyltryptamin<\/b> (Metocin).<\/p>\n<p>Tvar mikrotabulky je navr\u017een tak, aby minimalizoval nep\u0159esnosti, kter\u00e9 jsou vlastn\u00ed ru\u010dn\u00edmu v\u00e1\u017een\u00ed mal\u00fdch mno\u017estv\u00ed pr\u00e1\u0161ku. Ka\u017ed\u00e1 peleta zaji\u0161\u0165uje p\u0159esnou d\u00e1vku <b>21 miligram\u016f (mg)<\/b> s toleranc\u00ed m\u011b\u0159en\u00ed <b><span class=\"math-inline\" data-math=\"mathbf{pm 1mg}\">1mg<\/span><\/b>, co\u017e je z\u00e1sadn\u00ed p\u0159edpoklad pro reprodukovatelnost kvantitativn\u00edch experiment\u016f.<\/p>\n<p><b>P\u0159\u00edsn\u00e9 omezen\u00ed:<\/b> Tento materi\u00e1l je <b>v\u00fdhradn\u011b<\/b> ur\u010deno pro pou\u017eit\u00ed kvalifikovan\u00fdm person\u00e1lem v autorizovan\u00fdch v\u00fdzkumn\u00fdch laborato\u0159\u00edch. Jak\u00e9koli pou\u017eit\u00ed mimo tento v\u011bdeck\u00fd r\u00e1mec, zejm\u00e9na konzumace lidmi, je p\u0159\u00edsn\u011b zak\u00e1z\u00e1no a je v rozporu s na\u0161imi dodac\u00edmi podm\u00ednkami.<\/p>\n<h2>Analytick\u00e9 specifikace a z\u00e1ruka kvality pelet<\/h2>\n<p>Chemick\u00e1 \u010distota a konzistence pelet 4-HO-MET je zaji\u0161t\u011bna p\u0159\u00edsn\u00fdmi testovac\u00edmi postupy, kter\u00e9 zaru\u010duj\u00ed integritu va\u0161eho v\u00fdzkumu.<\/p>\n<h3>Podrobn\u00e9 specifikace v\u00fdzkumn\u00e9ho materi\u00e1lu<\/h3>\n<p>Pelety se vyzna\u010duj\u00ed n\u00e1sleduj\u00edc\u00edmi kl\u00ed\u010dov\u00fdmi vlastnostmi, kter\u00e9 z nich \u010din\u00ed ide\u00e1ln\u00ed \u010dinidlo pro v\u011bdeck\u00e9 studie:<\/p>\n<ul>\n<li><b>L\u00e1tka:<\/b> Aktivn\u00ed p\u0159ipojen\u00ed je <b>4-hydroxy-N-methyl-N-ethyltryptamin<\/b> (Metocin). Tento deriv\u00e1t tryptaminu se pou\u017e\u00edv\u00e1 ve v\u00fdzkumu ke zkoum\u00e1n\u00ed serotoninov\u00fdch syst\u00e9m\u016f.<\/li>\n<li><b>L\u00e9kov\u00e1 forma:<\/b> <b>Mikrotabletov\u00e9 pelety<\/b>. Tato pevn\u00e1 forma nab\u00edz\u00ed lep\u0161\u00ed manipulaci a chemickou stabilitu ve srovn\u00e1n\u00ed s \u010distou pr\u00e1\u0161kovou formou.<\/li>\n<li><b>D\u00e1vkov\u00e1n\u00ed:<\/b> P\u0159esn\u011b <b>21mg<\/b> na jednu peletu, s minim\u00e1ln\u00ed toleranc\u00ed <b><span class=\"math-inline\" data-math=\"mathbf{pm 1mg}\">pm 1mg<\/span><\/b>. Vysok\u00e1 p\u0159esnost d\u00e1vkov\u00e1n\u00ed je pro studie d\u00e1vkov\u00e1n\u00ed nezbytn\u00e1.<\/li>\n<li><b>\u010cistota:<\/b> Chemick\u00e1 \u010distota \u00fa\u010dinn\u00e9 l\u00e1tky je <b><span class=\"math-inline\" data-math=\"ge 97%\">\u00a097%<\/span><\/b>, kter\u00e9 bylo dosa\u017eeno nez\u00e1visl\u00fdm <a href=\"\/product\/1d-lsd-150mcg-blotters-kaufen\/\"><b>Anal\u00fdzy HPLC<\/b><\/a> (vysoko\u00fa\u010dinn\u00e1 kapalinov\u00e1 chromatografie).<\/li>\n<li><b>Stabilita:<\/b> P\u0159i dodr\u017een\u00ed doporu\u010den\u00fdch skladovac\u00edch podm\u00ednek je p\u0159\u00edpravek <b>Dlouhodob\u00e1 stabilita<\/b>.<\/li>\n<\/ul>\n<h3>Komplexn\u00ed funkce kvality a kontrola \u0161ar\u017e\u00ed<\/h3>\n<p>Zaji\u0161t\u011bn\u00ed kvality je v\u00edcestup\u0148ov\u00fd proces, kter\u00fd p\u0159esahuje r\u00e1mec m\u011b\u0159en\u00ed \u010distoty:<\/p>\n<ul>\n<li><b>P\u0159esn\u00e9 d\u00e1vkov\u00e1n\u00ed:<\/b> V\u00fdrobn\u00ed proces zaru\u010duje <b>Rovnom\u011brn\u00e9 rozlo\u017een\u00ed \u00fa\u010dinn\u00fdch l\u00e1tek<\/b> (homogenita) v matrici pelet, co\u017e minimalizuje rozptyl mezi jednotliv\u00fdmi vzorky.<\/li>\n<li><b>Analytick\u00e1 dokumentace:<\/b> Ka\u017ed\u00e1 \u0161ar\u017ee je ozna\u010dena <b>\u00fapln\u00fd certifik\u00e1t o anal\u00fdze (CoA)<\/b> co\u017e potvrzuje analytick\u00e9 \u00fadaje o identit\u011b a \u010distot\u011b.<\/li>\n<li><b>Konzistence d\u00e1vky:<\/b> D\u00edky standardizovan\u00fdm v\u00fdrobn\u00edm protokol\u016fm zaji\u0161\u0165ujeme. <b>Reprodukovateln\u00e1 kvalita<\/b> co\u017e je nezbytn\u00e9 pro porovn\u00e1v\u00e1n\u00ed dat v del\u0161\u00edch s\u00e9ri\u00edch test\u016f.<\/li>\n<li><b>\u00dadaje o stabilit\u011b:<\/b> K dispozici bude <b>Dolo\u017een\u00e1 data ukon\u010den\u00ed platnosti<\/b> kter\u00e9 zaji\u0161\u0165uj\u00ed stabilitu materi\u00e1lu pro <b>nejm\u00e9n\u011b 18 m\u011bs\u00edc\u016f<\/b> p\u0159i spr\u00e1vn\u00e9m skladov\u00e1n\u00ed.<\/li>\n<\/ul>\n<h2>V\u00fdzkumn\u00e9 aplikace v neurofarmakologii<\/h2>\n<p>Standardizovan\u00e1 granulovan\u00e1 forma 4-HO-MET je obzvl\u00e1\u0161t\u011b u\u017eite\u010dn\u00e1 pro kvantitativn\u00ed anal\u00fdzy a farmakologick\u00e9 studie, kter\u00e9 vy\u017eaduj\u00ed p\u0159esn\u00e9, p\u0159edem definovan\u00e9 d\u00e1vkov\u00e1n\u00ed.<\/p>\n<h3>Mo\u017en\u00e9 oblasti pou\u017eit\u00ed v laboratorn\u00edm v\u00fdzkumu<\/h3>\n<p>Tento materi\u00e1l se pou\u017e\u00edv\u00e1 jako \u010dinidlo v r\u016fzn\u00fdch v\u011bdn\u00edch oborech, zejm\u00e9na v preklinick\u00e9m a analytick\u00e9m v\u00fdzkumu:<\/p>\n<ul>\n<li><b>Studie d\u00e1vkov\u00e1n\u00ed:<\/b> P\u0159esn\u00e1 aplikace \u00fa\u010dinn\u00fdch l\u00e1tek umo\u017e\u0148uje p\u0159esn\u00e9 porovn\u00e1n\u00ed. <b>Vztahy mezi d\u00e1vkou a odezvou<\/b> na adrese <b>Syst\u00e9my in vitro<\/b> nebo v preklinick\u00fdch modelech, co\u017e eliminuje chybovost zp\u016fsobenou manu\u00e1ln\u00edm d\u00e1vkov\u00e1n\u00edm.<\/li>\n<li><b>V\u00fdzkum stability:<\/b> Pelety jsou vhodn\u00e9 k prov\u00e1d\u011bn\u00ed <b>Zkou\u0161ky trvanlivosti<\/b> v r\u016fzn\u00fdch kontrolovan\u00fdch klimatick\u00fdch podm\u00ednk\u00e1ch. Tyto studie jsou d\u016fle\u017eit\u00e9 pro v\u00fdvoj optim\u00e1ln\u00edch protokol\u016f skladov\u00e1n\u00ed hydroxy-tryptaminov\u00fdch deriv\u00e1t\u016f.<\/li>\n<li><b>Srovn\u00e1vac\u00ed anal\u00fdzy:<\/b> 4-HO-MET slou\u017e\u00ed jako <b>analytick\u00fd referen\u010dn\u00ed standard<\/b> pro validaci nov\u00fdch detek\u010dn\u00edch metod v chromatografii (nap\u0159. LC-MS\/MS) a spektrometrii, zejm\u00e9na ve srovn\u00e1n\u00ed s jin\u00fdmi deriv\u00e1ty tryptaminu.<\/li>\n<li><b>Vlastnosti materi\u00e1lu:<\/b> Pelety lze pou\u017e\u00edt k anal\u00fdze <b>fyzik\u00e1ln\u00ed charakteristika<\/b> samotn\u00e9ho slo\u017een\u00ed, v\u010detn\u011b chov\u00e1n\u00ed matrice a mechanism\u016f uvol\u0148ov\u00e1n\u00ed \u00fa\u010dinn\u00e9 l\u00e1tky.<\/li>\n<\/ul>\n<h2>P\u0159\u00edsn\u00e9 bezpe\u010dnostn\u00ed protokoly a dodr\u017eov\u00e1n\u00ed p\u0159edpis\u016f<\/h2>\n<p>Manipulace s t\u00edmto siln\u00fdm v\u00fdzkumn\u00fdm materi\u00e1lem vy\u017eaduje nekompromisn\u00ed bezpe\u010dnostn\u00ed protokoly a p\u0159\u00edsn\u00e9 dodr\u017eov\u00e1n\u00ed v\u0161ech z\u00e1kon\u016f.<\/p>\n<h3>D\u016fle\u017eit\u00e1 opat\u0159en\u00ed v laborato\u0159i<\/h3>\n<p>N\u00e1sleduj\u00edc\u00ed opat\u0159en\u00ed jsou povinn\u00e1 pro ochranu laboratorn\u00edho person\u00e1lu a zaji\u0161t\u011bn\u00ed integrity experimentu:<\/p>\n<ul>\n<li><b>V\u00fdhradn\u011b pro v\u00fdzkumn\u00e9 \u00fa\u010dely:<\/b> Materi\u00e1l m\u016f\u017ee <b>\u017d\u00e1dn\u00e9 jin\u00e9 pou\u017eit\u00ed<\/b> ne\u017e ty, kter\u00e9 prob\u00edhaj\u00ed v r\u00e1mci v\u00fdzkumu.<\/li>\n<li><b>Laboratorn\u00ed podm\u00ednky:<\/b> Manipulace mus\u00ed b\u00fdt <b>v\u00fdhradn\u011b<\/b> ve vhodn\u011b vybaven\u00fdch a <b>V souladu s GLP<\/b> (Spr\u00e1vn\u00e1 laboratorn\u00ed praxe).<\/li>\n<li><b>Osobn\u00ed ochrann\u00e9 prost\u0159edky (OOP):<\/b> Zam\u011bstnanci mus\u00ed v\u017edy nosit vhodn\u00fd ochrann\u00fd od\u011bv, kter\u00fd se skl\u00e1d\u00e1 z <b>Laboratorn\u00ed pl\u00e1\u0161\u0165, ochrann\u00e9 br\u00fdle a rukavice<\/b>, na sebe.<\/li>\n<li><b>Dodr\u017eov\u00e1n\u00ed pr\u00e1vn\u00edch p\u0159edpis\u016f:<\/b> Kupuj\u00edc\u00ed je povinen splnit v\u0161echny <b>m\u00edstn\u00ed, st\u00e1tn\u00ed a n\u00e1rodn\u00ed z\u00e1kony<\/b> ohledn\u011b dr\u017een\u00ed a pou\u017e\u00edv\u00e1n\u00ed t\u00e9to v\u00fdzkumn\u00e9 chemick\u00e9 l\u00e1tky.<\/li>\n<\/ul>\n<h2>Doporu\u010den\u00ed pro optim\u00e1ln\u00ed skladov\u00e1n\u00ed a manipulaci<\/h2>\n<p>Stabilita 4-HO-MET vy\u017eaduje kontrolovan\u00e9, chladn\u00e9 podm\u00ednky, aby byla zaji\u0161t\u011bna jeho \u010distota po celou dobu \u017eivotnosti.<\/p>\n<h3>Optim\u00e1ln\u00ed podm\u00ednky pro dlouhodob\u00e9 skladov\u00e1n\u00ed<\/h3>\n<ul>\n<li><b>Regulace teploty:<\/b> Optim\u00e1ln\u00ed skladovac\u00ed teplota je <b><span class=\"math-inline\" data-math=\"mathbf{2-8^circ C}\">2-8 C<\/span>\u00a0(Lednice)<\/b>, ke zpomalen\u00ed chemick\u00fdch rozkladn\u00fdch reakc\u00ed.<\/li>\n<li><b>Ochrana proti vlhkosti:<\/b> Prost\u0159ed\u00ed mus\u00ed <b>such\u00e9<\/b> b\u00fdt (v ide\u00e1ln\u00edm p\u0159\u00edpad\u011b <b>&lt;60% relativn\u00ed vlhkost<\/b>), aby byla zaji\u0161t\u011bna chemick\u00e1 stabilita.<\/li>\n<li><b>Ochrana proti sv\u011btlu:<\/b> Pelety mus\u00ed <b>p\u0159ed p\u0159\u00edm\u00fdm slune\u010dn\u00edm sv\u011btlem<\/b> chr\u00e1n\u011bn\u00e9 a ve tm\u011b, <b>nepr\u016fhledn\u00e9 n\u00e1doby<\/b> b\u00fdt ulo\u017eeny.<\/li>\n<li><b>Balen\u00ed:<\/b> Na str\u00e1nk\u00e1ch <b>Origin\u00e1ln\u00ed balen\u00ed<\/b> mus\u00ed z\u016fstat pevn\u011b uzav\u0159en\u00e1 a neporu\u0161en\u00e1.<\/li>\n<\/ul>\n<h2>Regula\u010dn\u00ed po\u017eadavky a informace pro objedn\u00e1v\u00e1n\u00ed<\/h2>\n<p>Distribuce t\u011bchto specializovan\u00fdch v\u00fdzkumn\u00fdch materi\u00e1l\u016f je omezena na ov\u011b\u0159en\u00e9 v\u011bdeck\u00e9 instituce, kter\u00e9 spl\u0148uj\u00ed p\u0159\u00edsn\u00e9 po\u017eadavky.<\/p>\n<h3>Dostupn\u00e1 mno\u017estv\u00ed pro v\u00fdzkumn\u00e9 instituce<\/h3>\n<p>Veli\u010diny jsou odstup\u0148ov\u00e1ny tak, aby spl\u0148ovaly r\u016fzn\u00e9 analytick\u00e9 a experiment\u00e1ln\u00ed po\u017eadavky:<\/p>\n<ul>\n<li>Mal\u00e9 balen\u00ed: 10 pelet<\/li>\n<li>Standardn\u00ed balen\u00ed: 25 pelet<\/li>\n<li>Hromadn\u00e9 balen\u00ed: 100 pelet<\/li>\n<li>V\u00fdzkumn\u00e9 velkoobjemov\u00e9 balen\u00ed: 250 pelet<\/li>\n<\/ul>\n<h3>Povinn\u00e9 po\u017eadavky na objedn\u00e1vku<\/h3>\n<p>P\u0159ed objedn\u00e1n\u00edm je nutn\u00e9 p\u0159edlo\u017eit n\u00e1sleduj\u00edc\u00ed n\u00e1hledy:<\/p>\n<ol start=\"1\">\n<li><b>V\u00fdzkumn\u00e1 instituce:<\/b> P\u0159edlo\u017een\u00ed form\u00e1ln\u00edho dokladu od instituce.<\/li>\n<li><b>Ur\u010den\u00e9 pou\u017eit\u00ed:<\/b> V\u011bdeck\u00fd popis v\u00fdzkumn\u00e9ho projektu.<\/li>\n<li><b>Bezpe\u010dnostn\u00ed znalosti:<\/b> Potvrzen\u00ed o znalosti a dodr\u017eov\u00e1n\u00ed bezpe\u010dnostn\u00edho listu materi\u00e1lu (MSDS).<\/li>\n<\/ol>\n<h2>D\u016fle\u017eit\u00e9 informace a \u010dasto kladen\u00e9 ot\u00e1zky pro v\u00fdzkumn\u00e9 pracovn\u00edky<\/h2>\n<p>Zde naleznete odpov\u011bdi na nej\u010dast\u011bj\u0161\u00ed ot\u00e1zky t\u00fdkaj\u00edc\u00ed se manipulace s produktem:<\/p>\n<ul>\n<li><strong>Ot\u00e1zka: Jsou pelety vhodn\u00e9 k lidsk\u00e9 spot\u0159eb\u011b?<\/strong>Odpov\u011b\u010f: Ne, pouze pro v\u00fdzkumn\u00e9 \u00fa\u010dely v laboratorn\u00edm prost\u0159ed\u00ed.<\/li>\n<li><strong>Ot\u00e1zka: Jak\u00e1 analytick\u00e1 data jsou k dispozici?<\/strong>Odpov\u011b\u010f: Kompletn\u00ed anal\u00fdzy HPLC a dokumentace \u0161ar\u017ee.<\/li>\n<li><strong>Ot\u00e1zka: Jak\u00e1 je trvanlivost pelet?<\/strong>Odpov\u011b\u010f: P\u0159i spr\u00e1vn\u00e9m skladov\u00e1n\u00ed (2-8 \u00b0C) nejm\u00e9n\u011b 18 m\u011bs\u00edc\u016f.<\/li>\n<li><strong>Ot\u00e1zka: Pot\u0159ebuji zvl\u00e1\u0161tn\u00ed povolen\u00ed?<\/strong>Odpov\u011b\u010f: V\u00fdzkumn\u00e9 organizace mus\u00ed dodr\u017eovat m\u00edstn\u00ed p\u0159edpisy.<\/li>\n<li><strong>Ot\u00e1zka: Je odesl\u00e1n\u00ed diskr\u00e9tn\u00ed?<\/strong>Odpov\u011b\u010f: Ano, v neutr\u00e1ln\u00edm laboratorn\u00edm balen\u00ed bez n\u00e1vodu.<\/li>\n<\/ul>\n<h2>Pr\u00e1vn\u00ed upozorn\u011bn\u00ed - P\u0159\u00edsn\u00e9 dodr\u017eov\u00e1n\u00ed p\u0159edpis\u016f<\/h2>\n<p>Tento produkt je <b>v\u00fdhradn\u011b pro \u00fa\u010dely v\u011bdeck\u00e9ho v\u00fdzkumu<\/b> ur\u010deno. Kupuj\u00edc\u00ed n\u00e1kupem neodvolateln\u011b potvrzuje, \u017ee v\u00fdrobek sm\u00ed b\u00fdt pou\u017e\u00edv\u00e1n pouze v t\u011bchto za\u0159\u00edzen\u00edch <b>prost\u0159ed\u00ed pro pr\u00e1vn\u00ed v\u00fdzkum<\/b>kter\u00fd <b>Dodr\u017eov\u00e1n\u00ed v\u0161ech platn\u00fdch z\u00e1kon\u016f a p\u0159edpis\u016f<\/b>kter\u00fd <b>Zaveden\u00ed vhodn\u00fdch bezpe\u010dnostn\u00edch opat\u0159en\u00ed<\/b> a <b>Z\u00e1kaz neopr\u00e1vn\u011bn\u00e9ho pou\u017eit\u00ed<\/b>.<\/p>","protected":false},"excerpt":{"rendered":"<p>Kupte si 4-HO-MET 21 mg pelety: V\u011bdeck\u00e9 chemik\u00e1lie v rovnom\u011brn\u011b d\u00e1vkovan\u00fdch pelet\u00e1ch pro p\u0159esnou v\u011bdeckou pr\u00e1ci. V\u00fdhradn\u011b pro v\u00fdzkumn\u00e9 \u00fa\u010dely v laboratorn\u00edm prost\u0159ed\u00ed.<\/p>","protected":false},"featured_media":6471,"comment_status":"open","ping_status":"closed","template":"","meta":{"_joinchat":[]},"product_brand":[],"product_cat":[54],"product_tag":[],"class_list":{"0":"post-6432","1":"product","2":"type-product","3":"status-publish","4":"has-post-thumbnail","6":"product_cat-tryptamines","8":"first","9":"instock","10":"shipping-taxable","11":"purchasable","12":"product-type-variable"},"yoast_head":"<!-- This site is optimized with the Yoast SEO plugin v27.5 - https:\/\/yoast.com\/product\/yoast-seo-wordpress\/ -->\n<title>4-HO-MET Pellets Kaufen | 21mg | Research Chemical Chemgramx<\/title>\n<meta name=\"description\" content=\"4-HO-MET 21mg Pellets kaufen - Forschungschemikalie in pelletierter Form. F\u00fcr wissenschaftliche Analysen. Laborgepr\u00fcft &amp; diskret.\" \/>\n<meta name=\"robots\" content=\"index, follow, max-snippet:-1, max-image-preview:large, max-video-preview:-1\" \/>\n<link rel=\"canonical\" href=\"https:\/\/chemgramx.com\/cs\/produkt-1\/koupit-4-ho-met-21mg-pelety\/\" \/>\n<meta property=\"og:locale\" content=\"cs_CZ\" \/>\n<meta property=\"og:type\" content=\"article\" \/>\n<meta property=\"og:title\" content=\"4-HO-MET Pellets Kaufen | 21mg | Research Chemical Chemgramx\" \/>\n<meta property=\"og:description\" content=\"4-HO-MET 21mg Pellets kaufen - Forschungschemikalie in pelletierter Form. F\u00fcr wissenschaftliche Analysen. Laborgepr\u00fcft &amp; diskret.\" \/>\n<meta property=\"og:url\" content=\"https:\/\/chemgramx.com\/cs\/produkt-1\/koupit-4-ho-met-21mg-pelety\/\" \/>\n<meta property=\"og:site_name\" content=\"Chemgramx\" \/>\n<meta property=\"article:modified_time\" content=\"2025-11-21T11:06:32+00:00\" \/>\n<meta property=\"og:image\" content=\"https:\/\/chemgramx.com\/wp-content\/uploads\/2025\/11\/buy-metocin-4-ho-met-21-mg-pellets-chem-store-online.png\" \/>\n\t<meta property=\"og:image:width\" content=\"723\" \/>\n\t<meta property=\"og:image:height\" content=\"517\" \/>\n\t<meta property=\"og:image:type\" content=\"image\/png\" \/>\n<meta name=\"twitter:card\" content=\"summary_large_image\" \/>\n<meta name=\"twitter:label1\" content=\"Odhadovan\u00e1 doba \u010dten\u00ed\" \/>\n\t<meta name=\"twitter:data1\" content=\"5 minut\" \/>\n<script type=\"application\/ld+json\" class=\"yoast-schema-graph\">{\"@context\":\"https:\\\/\\\/schema.org\",\"@graph\":[{\"@type\":\"WebPage\",\"@id\":\"https:\\\/\\\/chemgramx.com\\\/product\\\/4-ho-met-21mg-pellets-kaufen\\\/\",\"url\":\"https:\\\/\\\/chemgramx.com\\\/product\\\/4-ho-met-21mg-pellets-kaufen\\\/\",\"name\":\"4-HO-MET Pellets Kaufen | 21mg | Research Chemical Chemgramx\",\"isPartOf\":{\"@id\":\"https:\\\/\\\/chemgramx.com\\\/#website\"},\"primaryImageOfPage\":{\"@id\":\"https:\\\/\\\/chemgramx.com\\\/product\\\/4-ho-met-21mg-pellets-kaufen\\\/#primaryimage\"},\"image\":{\"@id\":\"https:\\\/\\\/chemgramx.com\\\/product\\\/4-ho-met-21mg-pellets-kaufen\\\/#primaryimage\"},\"thumbnailUrl\":\"https:\\\/\\\/chemgramx.com\\\/wp-content\\\/uploads\\\/2025\\\/11\\\/buy-metocin-4-ho-met-21-mg-pellets-chem-store-online.png\",\"datePublished\":\"2025-11-21T11:05:21+00:00\",\"dateModified\":\"2025-11-21T11:06:32+00:00\",\"description\":\"4-HO-MET 21mg Pellets kaufen - Forschungschemikalie in pelletierter Form. F\u00fcr wissenschaftliche Analysen. Laborgepr\u00fcft &amp; diskret.\",\"breadcrumb\":{\"@id\":\"https:\\\/\\\/chemgramx.com\\\/product\\\/4-ho-met-21mg-pellets-kaufen\\\/#breadcrumb\"},\"inLanguage\":\"cs\",\"potentialAction\":[{\"@type\":\"ReadAction\",\"target\":[\"https:\\\/\\\/chemgramx.com\\\/product\\\/4-ho-met-21mg-pellets-kaufen\\\/\"]}]},{\"@type\":\"ImageObject\",\"inLanguage\":\"cs\",\"@id\":\"https:\\\/\\\/chemgramx.com\\\/product\\\/4-ho-met-21mg-pellets-kaufen\\\/#primaryimage\",\"url\":\"https:\\\/\\\/chemgramx.com\\\/wp-content\\\/uploads\\\/2025\\\/11\\\/buy-metocin-4-ho-met-21-mg-pellets-chem-store-online.png\",\"contentUrl\":\"https:\\\/\\\/chemgramx.com\\\/wp-content\\\/uploads\\\/2025\\\/11\\\/buy-metocin-4-ho-met-21-mg-pellets-chem-store-online.png\",\"width\":723,\"height\":517},{\"@type\":\"BreadcrumbList\",\"@id\":\"https:\\\/\\\/chemgramx.com\\\/product\\\/4-ho-met-21mg-pellets-kaufen\\\/#breadcrumb\",\"itemListElement\":[{\"@type\":\"ListItem\",\"position\":1,\"name\":\"Home\",\"item\":\"https:\\\/\\\/chemgramx.com\\\/\"},{\"@type\":\"ListItem\",\"position\":2,\"name\":\"Shop\",\"item\":\"https:\\\/\\\/chemgramx.com\\\/shop\\\/\"},{\"@type\":\"ListItem\",\"position\":3,\"name\":\"4-HO-MET 21mg Pellets kaufen\"}]},{\"@type\":\"WebSite\",\"@id\":\"https:\\\/\\\/chemgramx.com\\\/#website\",\"url\":\"https:\\\/\\\/chemgramx.com\\\/\",\"name\":\"Chemgramx\",\"description\":\"\",\"publisher\":{\"@id\":\"https:\\\/\\\/chemgramx.com\\\/#organization\"},\"potentialAction\":[{\"@type\":\"SearchAction\",\"target\":{\"@type\":\"EntryPoint\",\"urlTemplate\":\"https:\\\/\\\/chemgramx.com\\\/?s={search_term_string}\"},\"query-input\":{\"@type\":\"PropertyValueSpecification\",\"valueRequired\":true,\"valueName\":\"search_term_string\"}}],\"inLanguage\":\"cs\"},{\"@type\":\"Organization\",\"@id\":\"https:\\\/\\\/chemgramx.com\\\/#organization\",\"name\":\"Chemgramx\",\"url\":\"https:\\\/\\\/chemgramx.com\\\/\",\"logo\":{\"@type\":\"ImageObject\",\"inLanguage\":\"cs\",\"@id\":\"https:\\\/\\\/chemgramx.com\\\/#\\\/schema\\\/logo\\\/image\\\/\",\"url\":\"https:\\\/\\\/chemgramx.com\\\/wp-content\\\/uploads\\\/2024\\\/10\\\/final-logo.png\",\"contentUrl\":\"https:\\\/\\\/chemgramx.com\\\/wp-content\\\/uploads\\\/2024\\\/10\\\/final-logo.png\",\"width\":250,\"height\":48,\"caption\":\"Chemgramx\"},\"image\":{\"@id\":\"https:\\\/\\\/chemgramx.com\\\/#\\\/schema\\\/logo\\\/image\\\/\"}}]}<\/script>\n<!-- \/ Yoast SEO plugin. -->","yoast_head_json":{"title":"Koupit 4-HO-MET Pelety | 21mg | V\u00fdzkum Chemgramx Chemical","description":"Koupit 4-HO-MET 21 mg pelety - V\u00fdzkumn\u00e1 chemick\u00e1 l\u00e1tka ve form\u011b pelet. Pro v\u011bdeck\u00e9 anal\u00fdzy. Laboratorn\u011b testov\u00e1no a diskr\u00e9tn\u00ed.","robots":{"index":"index","follow":"follow","max-snippet":"max-snippet:-1","max-image-preview":"max-image-preview:large","max-video-preview":"max-video-preview:-1"},"canonical":"https:\/\/chemgramx.com\/cs\/produkt-1\/koupit-4-ho-met-21mg-pelety\/","og_locale":"cs_CZ","og_type":"article","og_title":"4-HO-MET Pellets Kaufen | 21mg | Research Chemical Chemgramx","og_description":"4-HO-MET 21mg Pellets kaufen - Forschungschemikalie in pelletierter Form. F\u00fcr wissenschaftliche Analysen. Laborgepr\u00fcft &amp; diskret.","og_url":"https:\/\/chemgramx.com\/cs\/produkt-1\/koupit-4-ho-met-21mg-pelety\/","og_site_name":"Chemgramx","article_modified_time":"2025-11-21T11:06:32+00:00","og_image":[{"width":723,"height":517,"url":"https:\/\/chemgramx.com\/wp-content\/uploads\/2025\/11\/buy-metocin-4-ho-met-21-mg-pellets-chem-store-online.png","type":"image\/png"}],"twitter_card":"summary_large_image","twitter_misc":{"Odhadovan\u00e1 doba \u010dten\u00ed":"5 minut"},"schema":{"@context":"https:\/\/schema.org","@graph":[{"@type":"WebPage","@id":"https:\/\/chemgramx.com\/product\/4-ho-met-21mg-pellets-kaufen\/","url":"https:\/\/chemgramx.com\/product\/4-ho-met-21mg-pellets-kaufen\/","name":"Koupit 4-HO-MET Pelety | 21mg | V\u00fdzkum Chemgramx Chemical","isPartOf":{"@id":"https:\/\/chemgramx.com\/#website"},"primaryImageOfPage":{"@id":"https:\/\/chemgramx.com\/product\/4-ho-met-21mg-pellets-kaufen\/#primaryimage"},"image":{"@id":"https:\/\/chemgramx.com\/product\/4-ho-met-21mg-pellets-kaufen\/#primaryimage"},"thumbnailUrl":"https:\/\/chemgramx.com\/wp-content\/uploads\/2025\/11\/buy-metocin-4-ho-met-21-mg-pellets-chem-store-online.png","datePublished":"2025-11-21T11:05:21+00:00","dateModified":"2025-11-21T11:06:32+00:00","description":"Koupit 4-HO-MET 21 mg pelety - V\u00fdzkumn\u00e1 chemick\u00e1 l\u00e1tka ve form\u011b pelet. Pro v\u011bdeck\u00e9 anal\u00fdzy. Laboratorn\u011b testov\u00e1no a diskr\u00e9tn\u00ed.","breadcrumb":{"@id":"https:\/\/chemgramx.com\/product\/4-ho-met-21mg-pellets-kaufen\/#breadcrumb"},"inLanguage":"cs","potentialAction":[{"@type":"ReadAction","target":["https:\/\/chemgramx.com\/product\/4-ho-met-21mg-pellets-kaufen\/"]}]},{"@type":"ImageObject","inLanguage":"cs","@id":"https:\/\/chemgramx.com\/product\/4-ho-met-21mg-pellets-kaufen\/#primaryimage","url":"https:\/\/chemgramx.com\/wp-content\/uploads\/2025\/11\/buy-metocin-4-ho-met-21-mg-pellets-chem-store-online.png","contentUrl":"https:\/\/chemgramx.com\/wp-content\/uploads\/2025\/11\/buy-metocin-4-ho-met-21-mg-pellets-chem-store-online.png","width":723,"height":517},{"@type":"BreadcrumbList","@id":"https:\/\/chemgramx.com\/product\/4-ho-met-21mg-pellets-kaufen\/#breadcrumb","itemListElement":[{"@type":"ListItem","position":1,"name":"Home","item":"https:\/\/chemgramx.com\/"},{"@type":"ListItem","position":2,"name":"Shop","item":"https:\/\/chemgramx.com\/shop\/"},{"@type":"ListItem","position":3,"name":"4-HO-MET 21mg Pellets kaufen"}]},{"@type":"WebSite","@id":"https:\/\/chemgramx.com\/#website","url":"https:\/\/chemgramx.com\/","name":"Chemgramx","description":"","publisher":{"@id":"https:\/\/chemgramx.com\/#organization"},"potentialAction":[{"@type":"SearchAction","target":{"@type":"EntryPoint","urlTemplate":"https:\/\/chemgramx.com\/?s={search_term_string}"},"query-input":{"@type":"PropertyValueSpecification","valueRequired":true,"valueName":"search_term_string"}}],"inLanguage":"cs"},{"@type":"Organization","@id":"https:\/\/chemgramx.com\/#organization","name":"Chemgramx","url":"https:\/\/chemgramx.com\/","logo":{"@type":"ImageObject","inLanguage":"cs","@id":"https:\/\/chemgramx.com\/#\/schema\/logo\/image\/","url":"https:\/\/chemgramx.com\/wp-content\/uploads\/2024\/10\/final-logo.png","contentUrl":"https:\/\/chemgramx.com\/wp-content\/uploads\/2024\/10\/final-logo.png","width":250,"height":48,"caption":"Chemgramx"},"image":{"@id":"https:\/\/chemgramx.com\/#\/schema\/logo\/image\/"}}]}},"_links":{"self":[{"href":"https:\/\/chemgramx.com\/cs\/wp-json\/wp\/v2\/product\/6432","targetHints":{"allow":["GET"]}}],"collection":[{"href":"https:\/\/chemgramx.com\/cs\/wp-json\/wp\/v2\/product"}],"about":[{"href":"https:\/\/chemgramx.com\/cs\/wp-json\/wp\/v2\/types\/product"}],"replies":[{"embeddable":true,"href":"https:\/\/chemgramx.com\/cs\/wp-json\/wp\/v2\/comments?post=6432"}],"wp:featuredmedia":[{"embeddable":true,"href":"https:\/\/chemgramx.com\/cs\/wp-json\/wp\/v2\/media\/6471"}],"wp:attachment":[{"href":"https:\/\/chemgramx.com\/cs\/wp-json\/wp\/v2\/media?parent=6432"}],"wp:term":[{"taxonomy":"product_brand","embeddable":true,"href":"https:\/\/chemgramx.com\/cs\/wp-json\/wp\/v2\/product_brand?post=6432"},{"taxonomy":"product_cat","embeddable":true,"href":"https:\/\/chemgramx.com\/cs\/wp-json\/wp\/v2\/product_cat?post=6432"},{"taxonomy":"product_tag","embeddable":true,"href":"https:\/\/chemgramx.com\/cs\/wp-json\/wp\/v2\/product_tag?post=6432"}],"curies":[{"name":"wp","href":"https:\/\/api.w.org\/{rel}","templated":true}]}}