{"id":6554,"date":"2025-11-21T11:06:35","date_gmt":"2025-11-21T11:06:35","guid":{"rendered":"https:\/\/chemgramx.com\/?post_type=product&#038;p=6554"},"modified":"2025-11-21T11:07:28","modified_gmt":"2025-11-21T11:07:28","slug":"koupit-u-49900-online","status":"publish","type":"product","link":"https:\/\/chemgramx.com\/cs\/product\/u-49900-online-kaufen\/","title":{"rendered":"Koupit U-49900 online"},"content":{"rendered":"<p data-start=\"476\" data-end=\"977\">U-49900 je syntetick\u00e1 chemick\u00e1 slou\u010denina, kter\u00e1 je zkoum\u00e1na v r\u00e1mci farmakologick\u00e9ho a toxikologick\u00e9ho v\u00fdzkumu. Je jednou z tzv. <strong data-start=\"636\" data-end=\"654\">Opioidn\u00ed analogy<\/strong> a byl p\u016fvodn\u011b vyvinut za \u00fa\u010delem lep\u0161\u00edho pochopen\u00ed interakce syntetick\u00fdch molekul s opioidn\u00edmi receptory. Vzhledem ke strukturn\u00ed podobnosti se zn\u00e1m\u00fdmi l\u00e1tkami, jako je U-47700 nebo fentanyl, byl U-49900 p\u0159edm\u011btem mnoha studi\u00ed afinity k receptor\u016fm, potenci\u00e1ln\u00ed toxicity a metabolismu.<\/p>\n<p data-start=\"979\" data-end=\"1266\">Z v\u011bdeck\u00e9ho hlediska poskytuje v\u00fdzkum t\u011bchto molekul cenn\u00e9 \u00fadaje o. <strong data-start=\"1069\" data-end=\"1117\">molekul\u00e1rn\u00ed <a href=\"\/product\/impvp-online-kaufen\/\">Mechanismy<\/a> modulace bolesti<\/strong> a biochemick\u00fd z\u00e1klad opioidn\u00edho \u00fa\u010dinku. D\u016fraz nen\u00ed kladen na klinick\u00e9 pou\u017eit\u00ed, ale na \u010dist\u011b z\u00e1kladn\u00ed v\u00fdzkum.<\/p>\n<h2 data-start=\"1273\" data-end=\"1322\">Chemick\u00e9 a farmakologick\u00e9 vlastnosti<\/h2>\n<p data-start=\"1324\" data-end=\"1668\">U-49900 pat\u0159\u00ed do skupiny <strong data-start=\"1354\" data-end=\"1392\">opioidy na b\u00e1zi difenyletylaminu<\/strong>. Vyzna\u010duj\u00ed se vysokou afinitou k \u00b5-opioidn\u00edm receptor\u016fm, kter\u00e9 jsou zodpov\u011bdn\u00e9 za analgetick\u00e9 \u00fa\u010dinky. V laboratorn\u00edch anal\u00fdz\u00e1ch se tyto molekuly pou\u017e\u00edvaj\u00ed k porovn\u00e1n\u00ed struktur, kter\u00e9 ovliv\u0148uj\u00ed aktivaci, \u00fa\u010dinnost a selektivitu receptor\u016f.<\/p>\n<p data-start=\"1670\" data-end=\"1977\">Jeho farmakologick\u00fd v\u00fdznam spo\u010d\u00edv\u00e1 v mo\u017enosti, <strong data-start=\"1728\" data-end=\"1757\">Vztahy mezi \u00fa\u010dinkem a strukturou<\/strong> za \u00fa\u010delem c\u00edlen\u011bj\u0161\u00edho a bezpe\u010dn\u011bj\u0161\u00edho v\u00fdvoje budouc\u00edch l\u00e9k\u016f proti bolesti. L\u00e1tka m\u00e1 v\u0161ak <strong data-start=\"1872\" data-end=\"1902\">Nejasn\u00fd bezpe\u010dnostn\u00ed profil<\/strong> a je proto ur\u010den v\u00fdhradn\u011b pro \u00fa\u010dely preklinick\u00e9ho v\u00fdzkumu.<\/p>\n<h2 data-start=\"1984\" data-end=\"2019\">Typick\u00e9 v\u00fdzkumn\u00e9 aplikace<\/h2>\n<p data-start=\"2021\" data-end=\"2140\">U-49900 se pou\u017e\u00edv\u00e1 p\u0159edev\u0161\u00edm v analytick\u00fdch a farmakologick\u00fdch laborato\u0159\u00edch. Pou\u017e\u00edv\u00e1 se k anal\u00fdze:<\/p>\n<ul data-start=\"2142\" data-end=\"2363\">\n<li data-start=\"2142\" data-end=\"2193\">\n<p data-start=\"2144\" data-end=\"2193\">Vazba na receptory a signalizace<\/p>\n<\/li>\n<li data-start=\"2194\" data-end=\"2250\">\n<p data-start=\"2196\" data-end=\"2250\">Srovn\u00e1vac\u00ed studie s jin\u00fdmi syntetick\u00fdmi opioidy<\/p>\n<\/li>\n<li data-start=\"2251\" data-end=\"2296\">\n<p data-start=\"2253\" data-end=\"2296\">V\u00fdvoj forenzn\u00edch detek\u010dn\u00edch metod<\/p>\n<\/li>\n<li data-start=\"2297\" data-end=\"2363\">\n<p data-start=\"2299\" data-end=\"2363\">Anal\u00fdzy toxikologick\u00e9ho profilu v r\u00e1mci p\u0159edklinick\u00fdch studi\u00ed<\/p>\n<\/li>\n<\/ul>\n<p data-start=\"2365\" data-end=\"2526\">Tyto v\u00fdzkumn\u00e9 p\u0159\u00edstupy pom\u00e1haj\u00ed pochopit rizika a molekul\u00e1rn\u00ed mechanismy syntetick\u00fdch opioid\u016f a zlep\u0161it budouc\u00ed bezpe\u010dnostn\u00ed standardy.<\/p>\n<h2 data-start=\"2533\" data-end=\"2575\">Bezpe\u010dnostn\u00ed pokyny a manipulace<\/h2>\n<p data-start=\"2577\" data-end=\"2745\">Proto\u017ee U-49900 je vysoce \u00fa\u010dinn\u00e1 slou\u010denina, je t\u0159eba s n\u00ed zach\u00e1zet velmi opatrn\u011b. Pr\u00e1ce se sm\u00ed prov\u00e1d\u011bt pouze v <strong data-start=\"2699\" data-end=\"2733\"><a href=\"\/product\/d-tertylone-online-kaufen\/\">certifikovan\u00e9<\/a> Laboratorn\u00ed prost\u0159ed\u00ed<\/strong> se uskute\u010dn\u00ed.<\/p>\n<p data-start=\"2747\" data-end=\"2790\">Doporu\u010den\u00e1 bezpe\u010dnostn\u00ed opat\u0159en\u00ed zahrnuj\u00ed:<\/p>\n<ul data-start=\"2791\" data-end=\"3042\">\n<li data-start=\"2791\" data-end=\"2861\">\n<p data-start=\"2793\" data-end=\"2861\">Osobn\u00ed ochrann\u00e9 prost\u0159edky (rukavice, ochrana d\u00fdchac\u00edch cest, laboratorn\u00ed pl\u00e1\u0161\u0165).<\/p>\n<\/li>\n<li data-start=\"2862\" data-end=\"2924\">\n<p data-start=\"2864\" data-end=\"2924\">Pou\u017e\u00edv\u00e1n\u00ed digesto\u0159\u00ed nebo uzav\u0159en\u00fdch syst\u00e9m\u016f.<\/p>\n<\/li>\n<li data-start=\"2925\" data-end=\"2980\">\n<p data-start=\"2927\" data-end=\"2980\">Dokumentace v\u0161ech pracovn\u00edch krok\u016f a materi\u00e1l\u016f<\/p>\n<\/li>\n<li data-start=\"2981\" data-end=\"3042\">\n<p data-start=\"2983\" data-end=\"3042\">Bezpe\u010dn\u00e9 skladov\u00e1n\u00ed v uzav\u0159en\u00fdch a ozna\u010den\u00fdch n\u00e1dob\u00e1ch<\/p>\n<\/li>\n<\/ul>\n<p data-start=\"3044\" data-end=\"3211\">Dodr\u017eov\u00e1n\u00ed t\u011bchto pokyn\u016f chr\u00e1n\u00ed v\u00fdzkumn\u00e9 pracovn\u00edky p\u0159ed ne\u00famyslnou expozic\u00ed a zaji\u0161\u0165uje, \u017ee laboratorn\u00ed procesy prob\u00edhaj\u00ed sledovateln\u011b a v souladu s p\u0159edpisy.<\/p>\n<h2 data-start=\"3218\" data-end=\"3254\">Zaji\u0161t\u011bn\u00ed kvality a analytika<\/h2>\n<p data-start=\"3256\" data-end=\"3444\">Pro v\u011bdeckou platnost jsou nezbytn\u00e9 vysok\u00e9 standardy kvality. Ka\u017ed\u00fd laboratorn\u00ed vzorek by m\u011bl b\u00fdt ov\u011b\u0159en nez\u00e1visl\u00fdmi anal\u00fdzami.<br data-start=\"3400\" data-end=\"3403\" \/>Mezi b\u011b\u017en\u00e9 testovac\u00ed dokumenty pat\u0159\u00ed<\/p>\n<ul data-start=\"3446\" data-end=\"3668\">\n<li data-start=\"3446\" data-end=\"3515\">\n<p data-start=\"3448\" data-end=\"3515\"><strong data-start=\"3448\" data-end=\"3482\">COA (certifik\u00e1t o anal\u00fdze):<\/strong> Prokazuje identitu a \u010distotu.<\/p>\n<\/li>\n<li data-start=\"3516\" data-end=\"3588\">\n<p data-start=\"3518\" data-end=\"3588\"><strong data-start=\"3518\" data-end=\"3531\">BEZPE\u010cNOSTN\u00cd LIST\/KARTA BEZPE\u010cNOSTN\u00cdCH \u00daDAJ\u016e:<\/strong> Obsahuje bezpe\u010dnostn\u00ed \u00fadaje o manipulaci a likvidaci.<\/p>\n<\/li>\n<li data-start=\"3589\" data-end=\"3668\">\n<p data-start=\"3591\" data-end=\"3668\"><strong data-start=\"3591\" data-end=\"3627\">Anal\u00fdzy HPLC, GC\/MS a NMR:<\/strong> Zajist\u011bte analytickou p\u0159esnost.<\/p>\n<\/li>\n<\/ul>\n<p data-start=\"3670\" data-end=\"3780\">Pouze s pou\u017eit\u00edm t\u011bchto testovan\u00fdch materi\u00e1l\u016f lze dos\u00e1hnout reprodukovateln\u00fdch v\u00fdsledk\u016f v\u00fdzkumu.<\/p>\n<h2 data-start=\"3670\" data-end=\"3780\">Pr\u00e1vn\u00ed a etick\u00fd r\u00e1mec<\/h2>\n<p data-start=\"3826\" data-end=\"4160\">Pr\u00e1vn\u00ed klasifikace U-49900 se v jednotliv\u00fdch zem\u00edch li\u0161\u00ed. V N\u011bmecku a ve velk\u00e9 \u010d\u00e1sti Evropy spad\u00e1 tato l\u00e1tka do kategorie <strong data-start=\"3953\" data-end=\"4004\">analogick\u00e1 ustanoven\u00ed z\u00e1kona o omamn\u00fdch l\u00e1tk\u00e1ch<\/strong>, kter\u00fd zakazuje v\u00fdrobu, obchod a neopr\u00e1vn\u011bn\u00e9 dr\u017een\u00ed. V USA a Kanad\u011b se \u010dasto pou\u017e\u00edv\u00e1 jako <strong data-start=\"4119\" data-end=\"4146\">\u0159\u00edzen\u00fd analogov\u00fd<\/strong> za\u0159azeno do kategori\u00ed.<\/p>\n<p data-start=\"4162\" data-end=\"4481\">V\u00fdzkumn\u00ed pracovn\u00edci se proto mus\u00ed p\u0159ed zah\u00e1jen\u00edm ka\u017ed\u00e9ho projektu informovat o tom. <strong data-start=\"4238\" data-end=\"4315\">vnitrost\u00e1tn\u00ed pr\u00e1vn\u00ed p\u0159edpisy, institucion\u00e1ln\u00ed povolen\u00ed a etick\u00e9 sm\u011brnice.<\/strong> informovat. Pouze pr\u00e1ce v jasn\u011b definovan\u00e9m pr\u00e1vn\u00edm r\u00e1mci zaru\u010duje bezpe\u010dnost, sledovatelnost a v\u011bdeckou odpov\u011bdnost.<\/p>\n<h2 data-start=\"4488\" data-end=\"4498\">Z\u00e1v\u011br<\/h2>\n<p data-start=\"4500\" data-end=\"4900\">U-49900 je d\u016fle\u017eitou v\u00fdzkumnou l\u00e1tkou, kter\u00e1 se pou\u017e\u00edv\u00e1 v preklinick\u00e9 farmakologii pro zkoum\u00e1n\u00ed <strong data-start=\"4605\" data-end=\"4637\">Interakce s opioidn\u00edmi receptory<\/strong> slou\u017e\u00ed. Jeho vysok\u00e1 \u00fa\u010dinnost a omezen\u00e9 mno\u017estv\u00ed \u00fadaj\u016f z n\u011bj \u010din\u00ed d\u016fle\u017eit\u00fd, ale citliv\u00fd p\u0159edm\u011bt zkoum\u00e1n\u00ed. L\u00e1tku lze pou\u017e\u00edvat pouze v kontrolovan\u00fdch laborato\u0159\u00edch za p\u0159\u00edsn\u00fdch bezpe\u010dnostn\u00edch a dokumenta\u010dn\u00edch po\u017eadavk\u016f.<\/p>\n<p data-start=\"4902\" data-end=\"5181\">V\u00fdzkum U-49900 p\u0159isp\u00edv\u00e1 k pochopen\u00ed mechanism\u016f \u00fa\u010dinku syntetick\u00fdch opioid\u016f a m\u016f\u017ee pomoci v dlouhodob\u00e9m horizontu, <strong data-start=\"5039\" data-end=\"5069\">nov\u00e1, bezpe\u010dn\u011bj\u0161\u00ed analgetika<\/strong> rozv\u00edjet. Kl\u00ed\u010dov\u00fd je zde zodpov\u011bdn\u00fd, transparentn\u00ed a pr\u00e1vn\u011b souladn\u00fd p\u0159\u00edstup.<\/p>","protected":false},"excerpt":{"rendered":"<p><strong>U-49900<\/strong> je vysoce kvalitn\u00ed syntetick\u00e1 slou\u010denina, ide\u00e1ln\u00ed pro v\u011bdeck\u00fd v\u00fdzkum. D\u00edky v\u00fdjime\u010dn\u00e9 \u010distot\u011b a stabilit\u011b podporuje v\u00fdzkum farmakologick\u00fdch vlastnost\u00ed a molekul\u00e1rn\u00edch interakc\u00ed. Ide\u00e1ln\u00ed pro laboratorn\u00ed aplikace, nen\u00ed povolena pro lidskou spot\u0159ebu.<\/p>","protected":false},"featured_media":6591,"comment_status":"open","ping_status":"closed","template":"","meta":{"_joinchat":[]},"product_brand":[],"product_cat":[1800],"product_tag":[2182,2210,2218,2216,2217,2211,2215,2213,2214,2212],"class_list":{"0":"post-6554","1":"product","2":"type-product","3":"status-publish","4":"has-post-thumbnail","6":"product_cat-sedatives","7":"product_tag-synthetische-chemikalien","8":"product_tag-u-49900","9":"product_tag-u-49900-chemikalien","10":"product_tag-u-49900-forschung","11":"product_tag-u-49900-fur-forschung","12":"product_tag-u-49900-kaufen","13":"product_tag-u-49900-kristalle","14":"product_tag-u-49900-online","15":"product_tag-u-49900-pulver","16":"product_tag-u-49900-zum-verkauf","18":"first","19":"instock","20":"shipping-taxable","21":"purchasable","22":"product-type-variable"},"yoast_head":"<!-- This site is optimized with the Yoast SEO plugin v27.5 - https:\/\/yoast.com\/product\/yoast-seo-wordpress\/ -->\n<title>U-49900 | Premium-Chemikalie f\u00fcr anspruchsvolle<\/title>\n<meta name=\"description\" content=\"Erforschen Sie mit U-49900 eine pr\u00e4zise synthetische Verbindung f\u00fcr Laborstudien. H\u00f6chste Reinheit und Stabilit\u00e4t. Nur f\u00fcr wissenschaftliche Zwecke entwickelt.\" \/>\n<meta name=\"robots\" content=\"index, follow, max-snippet:-1, max-image-preview:large, max-video-preview:-1\" \/>\n<link rel=\"canonical\" href=\"https:\/\/chemgramx.com\/cs\/produkt-1\/koupit-u-49900-online\/\" \/>\n<meta property=\"og:locale\" content=\"cs_CZ\" \/>\n<meta property=\"og:type\" content=\"article\" \/>\n<meta property=\"og:title\" content=\"U-49900 | Premium-Chemikalie f\u00fcr anspruchsvolle\" \/>\n<meta property=\"og:description\" content=\"Erforschen Sie mit U-49900 eine pr\u00e4zise synthetische Verbindung f\u00fcr Laborstudien. H\u00f6chste Reinheit und Stabilit\u00e4t. Nur f\u00fcr wissenschaftliche Zwecke entwickelt.\" \/>\n<meta property=\"og:url\" content=\"https:\/\/chemgramx.com\/cs\/produkt-1\/koupit-u-49900-online\/\" \/>\n<meta property=\"og:site_name\" content=\"Chemgramx\" \/>\n<meta property=\"article:modified_time\" content=\"2025-11-21T11:07:28+00:00\" \/>\n<meta property=\"og:image\" content=\"https:\/\/chemgramx.com\/wp-content\/uploads\/2025\/11\/u49900.png\" \/>\n\t<meta property=\"og:image:width\" content=\"600\" \/>\n\t<meta property=\"og:image:height\" content=\"400\" \/>\n\t<meta property=\"og:image:type\" content=\"image\/png\" \/>\n<meta name=\"twitter:card\" content=\"summary_large_image\" \/>\n<meta name=\"twitter:label1\" content=\"Odhadovan\u00e1 doba \u010dten\u00ed\" \/>\n\t<meta name=\"twitter:data1\" content=\"3 minuty\" \/>\n<script type=\"application\/ld+json\" class=\"yoast-schema-graph\">{\"@context\":\"https:\\\/\\\/schema.org\",\"@graph\":[{\"@type\":\"WebPage\",\"@id\":\"https:\\\/\\\/chemgramx.com\\\/product\\\/u-49900-online-kaufen\\\/\",\"url\":\"https:\\\/\\\/chemgramx.com\\\/product\\\/u-49900-online-kaufen\\\/\",\"name\":\"U-49900 | Premium-Chemikalie f\u00fcr anspruchsvolle\",\"isPartOf\":{\"@id\":\"https:\\\/\\\/chemgramx.com\\\/#website\"},\"primaryImageOfPage\":{\"@id\":\"https:\\\/\\\/chemgramx.com\\\/product\\\/u-49900-online-kaufen\\\/#primaryimage\"},\"image\":{\"@id\":\"https:\\\/\\\/chemgramx.com\\\/product\\\/u-49900-online-kaufen\\\/#primaryimage\"},\"thumbnailUrl\":\"https:\\\/\\\/chemgramx.com\\\/wp-content\\\/uploads\\\/2025\\\/11\\\/u49900.png\",\"datePublished\":\"2025-11-21T11:06:35+00:00\",\"dateModified\":\"2025-11-21T11:07:28+00:00\",\"description\":\"Erforschen Sie mit U-49900 eine pr\u00e4zise synthetische Verbindung f\u00fcr Laborstudien. H\u00f6chste Reinheit und Stabilit\u00e4t. Nur f\u00fcr wissenschaftliche Zwecke entwickelt.\",\"breadcrumb\":{\"@id\":\"https:\\\/\\\/chemgramx.com\\\/product\\\/u-49900-online-kaufen\\\/#breadcrumb\"},\"inLanguage\":\"cs\",\"potentialAction\":[{\"@type\":\"ReadAction\",\"target\":[\"https:\\\/\\\/chemgramx.com\\\/product\\\/u-49900-online-kaufen\\\/\"]}]},{\"@type\":\"ImageObject\",\"inLanguage\":\"cs\",\"@id\":\"https:\\\/\\\/chemgramx.com\\\/product\\\/u-49900-online-kaufen\\\/#primaryimage\",\"url\":\"https:\\\/\\\/chemgramx.com\\\/wp-content\\\/uploads\\\/2025\\\/11\\\/u49900.png\",\"contentUrl\":\"https:\\\/\\\/chemgramx.com\\\/wp-content\\\/uploads\\\/2025\\\/11\\\/u49900.png\",\"width\":600,\"height\":400},{\"@type\":\"BreadcrumbList\",\"@id\":\"https:\\\/\\\/chemgramx.com\\\/product\\\/u-49900-online-kaufen\\\/#breadcrumb\",\"itemListElement\":[{\"@type\":\"ListItem\",\"position\":1,\"name\":\"Home\",\"item\":\"https:\\\/\\\/chemgramx.com\\\/\"},{\"@type\":\"ListItem\",\"position\":2,\"name\":\"Shop\",\"item\":\"https:\\\/\\\/chemgramx.com\\\/shop\\\/\"},{\"@type\":\"ListItem\",\"position\":3,\"name\":\"U-49900 online kaufen\"}]},{\"@type\":\"WebSite\",\"@id\":\"https:\\\/\\\/chemgramx.com\\\/#website\",\"url\":\"https:\\\/\\\/chemgramx.com\\\/\",\"name\":\"Chemgramx\",\"description\":\"\",\"publisher\":{\"@id\":\"https:\\\/\\\/chemgramx.com\\\/#organization\"},\"potentialAction\":[{\"@type\":\"SearchAction\",\"target\":{\"@type\":\"EntryPoint\",\"urlTemplate\":\"https:\\\/\\\/chemgramx.com\\\/?s={search_term_string}\"},\"query-input\":{\"@type\":\"PropertyValueSpecification\",\"valueRequired\":true,\"valueName\":\"search_term_string\"}}],\"inLanguage\":\"cs\"},{\"@type\":\"Organization\",\"@id\":\"https:\\\/\\\/chemgramx.com\\\/#organization\",\"name\":\"Chemgramx\",\"url\":\"https:\\\/\\\/chemgramx.com\\\/\",\"logo\":{\"@type\":\"ImageObject\",\"inLanguage\":\"cs\",\"@id\":\"https:\\\/\\\/chemgramx.com\\\/#\\\/schema\\\/logo\\\/image\\\/\",\"url\":\"https:\\\/\\\/chemgramx.com\\\/wp-content\\\/uploads\\\/2024\\\/10\\\/final-logo.png\",\"contentUrl\":\"https:\\\/\\\/chemgramx.com\\\/wp-content\\\/uploads\\\/2024\\\/10\\\/final-logo.png\",\"width\":250,\"height\":48,\"caption\":\"Chemgramx\"},\"image\":{\"@id\":\"https:\\\/\\\/chemgramx.com\\\/#\\\/schema\\\/logo\\\/image\\\/\"}}]}<\/script>\n<!-- \/ Yoast SEO plugin. -->","yoast_head_json":{"title":"U-49900 | Pr\u00e9miov\u00e1 chemik\u00e1lie pro n\u00e1ro\u010dn\u00e9","description":"Prozkoumejte p\u0159esnou syntetickou slou\u010deninu pro laboratorn\u00ed studie s U-49900. Nejvy\u0161\u0161\u00ed \u010distota a stabilita. Vyvinuto pouze pro v\u011bdeck\u00e9 pou\u017eit\u00ed.","robots":{"index":"index","follow":"follow","max-snippet":"max-snippet:-1","max-image-preview":"max-image-preview:large","max-video-preview":"max-video-preview:-1"},"canonical":"https:\/\/chemgramx.com\/cs\/produkt-1\/koupit-u-49900-online\/","og_locale":"cs_CZ","og_type":"article","og_title":"U-49900 | Premium-Chemikalie f\u00fcr anspruchsvolle","og_description":"Erforschen Sie mit U-49900 eine pr\u00e4zise synthetische Verbindung f\u00fcr Laborstudien. H\u00f6chste Reinheit und Stabilit\u00e4t. Nur f\u00fcr wissenschaftliche Zwecke entwickelt.","og_url":"https:\/\/chemgramx.com\/cs\/produkt-1\/koupit-u-49900-online\/","og_site_name":"Chemgramx","article_modified_time":"2025-11-21T11:07:28+00:00","og_image":[{"width":600,"height":400,"url":"https:\/\/chemgramx.com\/wp-content\/uploads\/2025\/11\/u49900.png","type":"image\/png"}],"twitter_card":"summary_large_image","twitter_misc":{"Odhadovan\u00e1 doba \u010dten\u00ed":"3 minuty"},"schema":{"@context":"https:\/\/schema.org","@graph":[{"@type":"WebPage","@id":"https:\/\/chemgramx.com\/product\/u-49900-online-kaufen\/","url":"https:\/\/chemgramx.com\/product\/u-49900-online-kaufen\/","name":"U-49900 | Pr\u00e9miov\u00e1 chemik\u00e1lie pro n\u00e1ro\u010dn\u00e9","isPartOf":{"@id":"https:\/\/chemgramx.com\/#website"},"primaryImageOfPage":{"@id":"https:\/\/chemgramx.com\/product\/u-49900-online-kaufen\/#primaryimage"},"image":{"@id":"https:\/\/chemgramx.com\/product\/u-49900-online-kaufen\/#primaryimage"},"thumbnailUrl":"https:\/\/chemgramx.com\/wp-content\/uploads\/2025\/11\/u49900.png","datePublished":"2025-11-21T11:06:35+00:00","dateModified":"2025-11-21T11:07:28+00:00","description":"Prozkoumejte p\u0159esnou syntetickou slou\u010deninu pro laboratorn\u00ed studie s U-49900. Nejvy\u0161\u0161\u00ed \u010distota a stabilita. Vyvinuto pouze pro v\u011bdeck\u00e9 pou\u017eit\u00ed.","breadcrumb":{"@id":"https:\/\/chemgramx.com\/product\/u-49900-online-kaufen\/#breadcrumb"},"inLanguage":"cs","potentialAction":[{"@type":"ReadAction","target":["https:\/\/chemgramx.com\/product\/u-49900-online-kaufen\/"]}]},{"@type":"ImageObject","inLanguage":"cs","@id":"https:\/\/chemgramx.com\/product\/u-49900-online-kaufen\/#primaryimage","url":"https:\/\/chemgramx.com\/wp-content\/uploads\/2025\/11\/u49900.png","contentUrl":"https:\/\/chemgramx.com\/wp-content\/uploads\/2025\/11\/u49900.png","width":600,"height":400},{"@type":"BreadcrumbList","@id":"https:\/\/chemgramx.com\/product\/u-49900-online-kaufen\/#breadcrumb","itemListElement":[{"@type":"ListItem","position":1,"name":"Home","item":"https:\/\/chemgramx.com\/"},{"@type":"ListItem","position":2,"name":"Shop","item":"https:\/\/chemgramx.com\/shop\/"},{"@type":"ListItem","position":3,"name":"U-49900 online kaufen"}]},{"@type":"WebSite","@id":"https:\/\/chemgramx.com\/#website","url":"https:\/\/chemgramx.com\/","name":"Chemgramx","description":"","publisher":{"@id":"https:\/\/chemgramx.com\/#organization"},"potentialAction":[{"@type":"SearchAction","target":{"@type":"EntryPoint","urlTemplate":"https:\/\/chemgramx.com\/?s={search_term_string}"},"query-input":{"@type":"PropertyValueSpecification","valueRequired":true,"valueName":"search_term_string"}}],"inLanguage":"cs"},{"@type":"Organization","@id":"https:\/\/chemgramx.com\/#organization","name":"Chemgramx","url":"https:\/\/chemgramx.com\/","logo":{"@type":"ImageObject","inLanguage":"cs","@id":"https:\/\/chemgramx.com\/#\/schema\/logo\/image\/","url":"https:\/\/chemgramx.com\/wp-content\/uploads\/2024\/10\/final-logo.png","contentUrl":"https:\/\/chemgramx.com\/wp-content\/uploads\/2024\/10\/final-logo.png","width":250,"height":48,"caption":"Chemgramx"},"image":{"@id":"https:\/\/chemgramx.com\/#\/schema\/logo\/image\/"}}]}},"_links":{"self":[{"href":"https:\/\/chemgramx.com\/cs\/wp-json\/wp\/v2\/product\/6554","targetHints":{"allow":["GET"]}}],"collection":[{"href":"https:\/\/chemgramx.com\/cs\/wp-json\/wp\/v2\/product"}],"about":[{"href":"https:\/\/chemgramx.com\/cs\/wp-json\/wp\/v2\/types\/product"}],"replies":[{"embeddable":true,"href":"https:\/\/chemgramx.com\/cs\/wp-json\/wp\/v2\/comments?post=6554"}],"wp:featuredmedia":[{"embeddable":true,"href":"https:\/\/chemgramx.com\/cs\/wp-json\/wp\/v2\/media\/6591"}],"wp:attachment":[{"href":"https:\/\/chemgramx.com\/cs\/wp-json\/wp\/v2\/media?parent=6554"}],"wp:term":[{"taxonomy":"product_brand","embeddable":true,"href":"https:\/\/chemgramx.com\/cs\/wp-json\/wp\/v2\/product_brand?post=6554"},{"taxonomy":"product_cat","embeddable":true,"href":"https:\/\/chemgramx.com\/cs\/wp-json\/wp\/v2\/product_cat?post=6554"},{"taxonomy":"product_tag","embeddable":true,"href":"https:\/\/chemgramx.com\/cs\/wp-json\/wp\/v2\/product_tag?post=6554"}],"curies":[{"name":"wp","href":"https:\/\/api.w.org\/{rel}","templated":true}]}}