{"id":6557,"date":"2025-11-21T11:06:35","date_gmt":"2025-11-21T11:06:35","guid":{"rendered":"https:\/\/chemgramx.com\/?post_type=product&#038;p=6557"},"modified":"2025-11-21T11:07:57","modified_gmt":"2025-11-21T11:07:57","slug":"4f-pentedrone-online-order","status":"publish","type":"product","link":"https:\/\/chemgramx.com\/cs\/product\/4f-pentedrone-online-bestellung\/","title":{"rendered":"4F-Pentedrone Online objedn\u00e1vka"},"content":{"rendered":"<p><span class=\"\">Chemick\u00e9 prost\u0159ed\u00ed v\u00fdzkumn\u00fdch l\u00e1tek se neust\u00e1le vyv\u00edj\u00ed,<\/span><span class=\"\"> a <\/span><a href=\"\/product\/4f-pentedrone-online-kaufen\/\"><b class=\"\">F-Pentedron<\/b><\/a><span class=\"\"> (4-fluoropentedron) se stal \u00fast\u0159edn\u00edm p\u0159edm\u011btem studia v neurov\u011bd\u00e1ch a neurobiologii.<\/span><b class=\"\">4<\/b><span class=\"\">\u00a0Psychofarmakologie zavedena.<\/span><span class=\"\"> V\u011bdci ho pou\u017e\u00edvaj\u00ed jako fluorovan\u00fd deriv\u00e1t pentedronu,<\/span><span class=\"\"> z\u00edskat p\u0159esn\u00e9 \u00fadaje o <\/span><b class=\"\">neurochemick\u00e9 vlastnosti<\/b><span class=\"\"> a interakce s centr\u00e1ln\u00edm nervov\u00fdm syst\u00e9mem.<\/span><span class=\"\"> V\u00fdznam t\u00e9to l\u00e1tky v analytice a toxikologii zvy\u0161uje popt\u00e1vku,<\/span><span class=\"\"> proto jsou vyhled\u00e1vac\u00ed dotazy, jako nap\u0159. <\/span><b class=\"\">Koupit 4F-Pentedron online<\/b><span class=\"\"> a hled\u00e1n\u00ed transparentn\u00edho <\/span><b class=\"\">4F-Pentedrone Cena<\/b><span class=\"\"> jsou st\u00e1le \u010dast\u011bj\u0161\u00ed.<\/span><span class=\"\"> Pro laborato\u0159e a v\u00fdzkumn\u00e9 instituce je v\u00fdb\u011br <\/span><b class=\"\">Nejlep\u0161\u00ed m\u00edsto pro n\u00e1kup 4F-Pentedron<\/b><span class=\"\"> rozhoduj\u00edc\u00ed,<\/span><span class=\"\"> zajistit integritu jejich v\u011bdeck\u00e9 pr\u00e1ce.<\/span><\/p>\n<h2 class=\"\"><b>Co je 4F-pentadron? Chemick\u00e1 struktura a v\u00fdznam<\/b><\/h2>\n<p><b class=\"\">4F-Pentedron<\/b><span class=\"\"> je syntetick\u00fd katinon,<\/span><span class=\"\"> kter\u00fd pat\u0159\u00ed do skupiny stimulant\u016f.<\/span><span class=\"\"> Jeho molekul\u00e1rn\u00ed struktura je velmi podobn\u00e1 pentedronu,<\/span><span class=\"\"> ale s rozhoduj\u00edc\u00ed zm\u011bnou:<\/span><span class=\"\"> zaveden\u00ed <\/span><b class=\"\">Atom fluoru<\/b><span class=\"\"> ve \u010dtvrt\u00e9 poloze fenylov\u00e9ho kruhu.<\/span><\/p>\n<h3 class=\"\"><b>Chemick\u00e1 klasifikace a zp\u016fsob \u010dinnosti<\/b><\/h3>\n<ul>\n<li><b class=\"\">Chemick\u00e1 t\u0159\u00edda:<\/b><span class=\"\"> Syntetick\u00fd katinon,<\/span><span class=\"\"> jeden<\/span><span class=\"math-inline\" data-math=\"beta\">beta-<\/span><span class=\"\">Keto deriv\u00e1ty fenetylamin\u016f.<\/span><span class=\"\"> N\u00e1zev podle IUPAC je 1-(4-fluorofenyl)-2-(methylamino)pentan-1-on.<\/span><\/li>\n<li><b class=\"\">Mechanismus \u00fa\u010dinku:<\/b><span class=\"\"> Stejn\u011b jako jeho nefluorovan\u00e9 p\u0159\u00edbuzn\u00e9 l\u00e1tky p\u016fsob\u00ed 4F-pentadron p\u0159edev\u0161\u00edm jako <\/span><b class=\"\">Inhibitory zp\u011btn\u00e9ho vychyt\u00e1v\u00e1n\u00ed monoamin\u016f (MRI)<\/b><span class=\"\">.<\/span><span class=\"\"> Inhibuje zp\u011btn\u00e9 vychyt\u00e1v\u00e1n\u00ed neurotransmiter\u016f, jako jsou nap\u0159. <\/span><b class=\"\">Dopamin<\/b><span class=\"\"> a <\/span><b class=\"\">Noradrenalin<\/b><span class=\"\"> a v men\u0161\u00ed m\u00ed\u0159e serotonin.<\/span><span class=\"\"> V preklinick\u00e9m kontextu vede tato inhibice ke zv\u00fd\u0161en\u00e9 koncentraci t\u011bchto poselsk\u00fdch l\u00e1tek v synaptick\u00e9 \u0161t\u011brbin\u011b,<\/span><span class=\"\"> kter\u00fd vyvol\u00e1v\u00e1 stimula\u010dn\u00ed \u00fa\u010dinky.<\/span><\/li>\n<li><b class=\"\">\u00daloha fluorizace:<\/b><span class=\"\"> Zaveden\u00ed mal\u00e9ho,<\/span><span class=\"\"> Integrace siln\u011b elektronegativn\u00edch atom\u016f fluoru do organick\u00fdch molekul je b\u011b\u017enou strategi\u00ed v medicin\u00e1ln\u00ed chemii.<\/span><span class=\"\"> V p\u0159\u00edpad\u011b 4F pentadronu m\u016f\u017ee fluorace <\/span><b class=\"\">Rozpustnost v tuc\u00edch (lipofilita)<\/b><span class=\"\"> molekuly a jej\u00ed <\/span><b class=\"\">Metabolick\u00e1 stabilita<\/b><span class=\"\"> zm\u011bna.<\/span><span class=\"\"> To m\u016f\u017ee <\/span><b class=\"\">Biologick\u00e1 dostupnost<\/b><span class=\"\"> a zpomaluj\u00ed metabolizaci (p\u0159em\u011bnu) v j\u00e1trech,<\/span><span class=\"\"> co\u017e m\u016f\u017ee ovlivnit d\u00e9lku \u00fa\u010dinku.<\/span><span class=\"\"> V\u011bdci zkoumaj\u00ed tyto specifick\u00e9 rozd\u00edly ve srovn\u00e1n\u00ed s Pentedronem,<\/span><span class=\"\"> k p\u0159esn\u011bj\u0161\u00edmu ur\u010den\u00ed farmakologick\u00e9ho profilu.<\/span><\/li>\n<\/ul>\n<h3 class=\"\"><b>V\u00fdznam pro v\u00fdzkum v oblasti neurov\u011bd a toxikologie<\/b><\/h3>\n<p><span class=\"\">4F pentadron se intenzivn\u011b pou\u017e\u00edv\u00e1 ve v\u00fdzkumu,<\/span><span class=\"\"> z\u00edskat hlub\u0161\u00ed vhled do neuron\u00e1ln\u00edch interakc\u00ed.<\/span><\/p>\n<ul>\n<li><b class=\"\">Studie chov\u00e1n\u00ed:<\/b><span class=\"\"> L\u00e1tka umo\u017e\u0148uje v\u011bdc\u016fm studovat \u00fa\u010dinky fluorace na chov\u00e1n\u00ed a du\u0161evn\u00ed stavy na zv\u00ed\u0159ec\u00edch modelech,<\/span><span class=\"\"> kter\u00e1 p\u0159isp\u00edv\u00e1 k roz\u0161\u00ed\u0159en\u00ed znalost\u00ed v oblasti <\/span><b class=\"\">Psychofarmakologie<\/b><span class=\"\"> p\u0159isp\u00edv\u00e1.<\/span><\/li>\n<li><b class=\"\">Analytick\u00fd a forenzn\u00ed v\u00fdzkum:<\/b><span class=\"\"> 4F-Pentedron slou\u017e\u00ed jako d\u016fle\u017eit\u00fd <\/span><b class=\"\">Referen\u010dn\u00ed standard<\/b><span class=\"\"> pro forenzn\u00ed a toxikologick\u00e9 laborato\u0159e.<\/span><span class=\"\"> L\u00e1tka mus\u00ed b\u00fdt jasn\u011b identifikovateln\u00e1,<\/span><span class=\"\"> v p\u0159\u00edpad\u011b sm\u00ed\u0161en\u00fdch intoxikac\u00ed (jako je tomu v p\u0159\u00edpad\u011b katinon\u016f, jako je pentedron a <\/span><span class=\"\">-PVP) nebo umo\u017enit rychlou a spolehlivou anal\u00fdzu p\u0159i charakterizaci vzork\u016f.<\/span><\/li>\n<li><b class=\"\">Studie metabolismu:<\/b><span class=\"\"> Vyu\u017eit\u00ed v\u00fdzkumn\u00fdch laborato\u0159\u00ed <\/span><b class=\"\">4F-Pentedron<\/b><span class=\"\"> pro jeho <\/span><b class=\"\">Metabolity<\/b><span class=\"\"> identifikovat.<\/span><span class=\"\"> To je z\u00e1sadn\u00ed,<\/span><span class=\"\"> proto\u017ee n\u011bkter\u00e9 produkty rozkladu (metabolity) mohou b\u00fdt samy o sob\u011b psychoaktivn\u00ed nebo potenci\u00e1ln\u011b toxick\u00e9.<\/span><\/li>\n<\/ul>\n<h2 class=\"\"><b>Trh a zaji\u0161t\u011bn\u00ed kvality n\u00e1kup\u016f online<\/b><\/h2>\n<p><span class=\"\">Dostupnost 4F-Pentedronu prost\u0159ednictv\u00edm specializovan\u00fdch online platforem usnadnila n\u00e1kup pro v\u00fdzkumn\u00e9 laborato\u0159e.<\/span><span class=\"\"> Nicm\u00e9n\u011b trh je,<\/span><span class=\"\"> stejn\u011b jako u v\u0161ech nov\u00fdch psychoaktivn\u00edch l\u00e1tek (NPS),<\/span><span class=\"\"> n\u00e1chyln\u00e9 k pad\u011bl\u00e1n\u00ed a kontaminaci.<\/span><\/p>\n<h3 class=\"\"><b>Nab\u00eddky a hlavn\u00ed funkce<\/b><\/h3>\n<ul>\n<li><b class=\"\">Chemick\u00e1 anal\u00fdza:<\/b><span class=\"\"> Laborato\u0159e mohou pou\u017e\u00edvat 4F-Pentedron k validaci a v\u00fdvoji analytick\u00fdch metod (nap\u0159.<\/span><span class=\"\">B.<\/span><span class=\"\"> HPLC-QTOF-MS).<\/span><\/li>\n<li><b class=\"\">Dostupnost a n\u00e1klady:<\/b><span class=\"\"> N\u011bkolik prodejc\u016f <\/span><b class=\"\">poslechnout 4F-Pentedrone na prodej<\/b><span class=\"\">,<\/span><span class=\"\"> p\u0159i\u010dem\u017e laborato\u0159e teoreticky <\/span><b class=\"\">Koupit 4F-Pentedron levn\u011b online<\/b><span class=\"\"> m\u016f\u017ee.<\/span><\/li>\n<li><b class=\"\">V\u00e1\u017enost:<\/b><span class=\"\"> Kdo <\/span><b class=\"\">Prod\u00e1m prav\u00fd nebo pad\u011blan\u00fd pentadron 4F<\/b><span class=\"\"> by cht\u011bla,<\/span><span class=\"\"> mus\u00ed v\u011bnovat pozornost poskytovatel\u016fm,<\/span><span class=\"\"> kter\u00e9 maj\u00ed transparentn\u00ed zaji\u0161t\u011bn\u00ed kvality a cenov\u00e9 struktury.<\/span><span class=\"\"> Na str\u00e1nk\u00e1ch <\/span><b class=\"\">4F-Pentedrone Cena<\/b><span class=\"\"> by m\u011bl b\u00fdt v\u017edy ve vztahu k <\/span><b class=\"\">zaru\u010den\u00e1 \u010distota<\/b><span class=\"\"> b\u00fdt vid\u011bn.<\/span><\/li>\n<\/ul>\n<h3 class=\"\"><b>V\u00fdb\u011br nejlep\u0161\u00edho m\u00edsta pro n\u00e1kup<\/b><\/h3>\n<p><span class=\"\">Z\u00e1sadn\u00ed rozd\u00edl mezi <\/span><b class=\"\">prav\u00fd nebo pad\u011blan\u00fd 4F-Pentedron<\/b><span class=\"\"> je z\u00e1sadn\u00ed.<\/span><span class=\"\"> Seri\u00f3zn\u00ed n\u00e1kupn\u00ed proces vy\u017eaduje:<\/span><\/p>\n<ul>\n<li><b>Certifik\u00e1ty \u010distoty (COA):<\/b> Kupujte pouze produkty, kter\u00e9 jsou <b>nez\u00e1visl\u00e9 laborato\u0159e<\/b> NMR, GC-MS nebo HPLC ke stanoven\u00ed jejich obsahu. <b>chemick\u00e1 identita<\/b> a <b>Purity<\/b> byly testov\u00e1ny.<\/li>\n<li><b>Transparentn\u00ed prodejci:<\/b> Na str\u00e1nk\u00e1ch <b>Nejlep\u0161\u00ed m\u00edsto pro n\u00e1kup 4F-Pentedron<\/b> je distributor, kter\u00fd zve\u0159ej\u0148uje sv\u00e9 standardy kvality a specializuje se na v\u00fdzkumn\u00e9 chemik\u00e1lie.<\/li>\n<li><b>Objednejte si prav\u00fd nebo pad\u011blan\u00fd pentadron 4F:<\/b> \u201ePrav\u00fd\u201c se zde vztahuje na <b><a href=\"\/product\/ebk-online-kaufen\/\">certifikovan\u00e9<\/a> Purity<\/b> a \u201epad\u011blky\u201c na \u010dasto ne\u010dist\u00e9 nebo fale\u0161n\u011b deklarovan\u00e9 vzorky na pochybn\u00fdch tr\u017ei\u0161t\u00edch.<\/li>\n<\/ul>\n<h2><b>Vyu\u017eit\u00ed, bezpe\u010dnost a pr\u00e1vn\u00ed situace<\/b><\/h2>\n<p>Nebezpe\u010dnost syntetick\u00fdch katinon\u016f je prok\u00e1z\u00e1na toxikologick\u00fdmi p\u0159\u00edpady. <b>4F-Pentedron nen\u00ed povolen k lidsk\u00e9 spot\u0159eb\u011b a sm\u00ed se pou\u017e\u00edvat pouze ve v\u011bdeck\u00e9m prost\u0159ed\u00ed.<\/b><\/p>\n<h3><b>P\u0159\u00edsn\u00e1 bezpe\u010dnostn\u00ed opat\u0159en\u00ed ve v\u00fdzkumn\u00fdch instituc\u00edch<\/b><\/h3>\n<p>V\u00fdzkumn\u00e9 instituce, kter\u00e9 <b>Koupit 4F-Pentedron online<\/b>, mus\u00ed spl\u0148ovat nejvy\u0161\u0161\u00ed standardy kvality a bezpe\u010dnosti:<\/p>\n<ul>\n<li><b>Ur\u010den\u00e9 pou\u017eit\u00ed:<\/b> Pou\u017eit\u00ed je p\u0159\u00edsn\u011b omezeno na v\u00fdzkumn\u00e9, v\u00fdukov\u00e9 a analytick\u00e9 \u00fa\u010dely.<\/li>\n<li><b>Manipulace:<\/b> Vhodn\u00e9 osobn\u00ed ochrann\u00e9 prost\u0159edky (OOP) a bezpe\u010dn\u00e9 protokoly v laborato\u0159i jsou nezbytn\u00e9.<\/li>\n<li><b>Likvidace:<\/b> Likvidace zbytk\u016f materi\u00e1l\u016f mus\u00ed b\u00fdt prov\u00e1d\u011bna v souladu s platn\u00fdmi p\u0159edpisy o nebezpe\u010dn\u00fdch l\u00e1tk\u00e1ch.<\/li>\n<\/ul>\n<h3><b>Pr\u00e1vn\u00ed situace v N\u011bmecku a EU<\/b><\/h3>\n<p>Pr\u00e1vn\u00ed situace <b>Koupit 4F-Pentedron online<\/b> je slo\u017eit\u00e1, zejm\u00e9na v N\u011bmecku:<\/p>\n<ul>\n<li><b>Z\u00e1kon o nov\u00fdch psychoaktivn\u00edch l\u00e1tk\u00e1ch (NpSG):<\/b> Jako deriv\u00e1t katinonu spad\u00e1 4F-pentadron s nejv\u011bt\u0161\u00ed pravd\u011bpodobnost\u00ed do kategorie <b>Regulace skupiny l\u00e1tek NpSG<\/b>. Tento z\u00e1kon zakazuje obchodov\u00e1n\u00ed s NPS, jejich uv\u00e1d\u011bn\u00ed na trh, v\u00fdrobu, dovoz, v\u00fdvoz a tranzit, nab\u00fdv\u00e1n\u00ed a dr\u017een\u00ed za \u00fa\u010delem spot\u0159eby.<\/li>\n<li><b>Kontrolovan\u00e1 l\u00e1tka:<\/b> D\u00edky tomu je 4F-Pentedron v N\u011bmecku <b>\u0159\u00edzen\u00e9<\/b> a pro soukrom\u00e9 nebo neopr\u00e1vn\u011bn\u00e9 pou\u017eit\u00ed <b>neleg\u00e1ln\u00ed<\/b>. Z\u00e1konn\u00e9 zad\u00e1v\u00e1n\u00ed ve\u0159ejn\u00fdch zak\u00e1zek je mo\u017en\u00e9 pouze pro <b>Povolen\u00e9 v\u011bdeck\u00e9, pr\u016fmyslov\u00e9 nebo obchodn\u00ed \u00fa\u010dely<\/b> schv\u00e1leno.<\/li>\n<\/ul>\n<h2><b>Z\u00e1v\u011br: opatrnost a odpov\u011bdnost p\u0159i n\u00e1kupu 4F-Pentedronu<\/b><\/h2>\n<p><b>4F-Pentedron<\/b> hraje d\u016fle\u017eitou roli ve v\u00fdzkumu neurochemie stimulant\u016f. Kdo <b>Prod\u00e1m prav\u00fd nebo pad\u011blan\u00fd pentadron 4F<\/b> nebo <b>Koupit 4F-Pentedron online<\/b> by cht\u011bl pou\u017e\u00edvat <b>P\u0159\u00edsn\u00e1 regulace (NpSG)<\/b> a nutnost <b>Testovan\u00e1 kvalita<\/b> aby bylo jasno. Na str\u00e1nk\u00e1ch <b>Nejlep\u0161\u00ed m\u00edsto pro n\u00e1kup 4F-Pentedron<\/b> je v\u017edy distributorem, kter\u00fd zaru\u010duje transparentnost, aktu\u00e1ln\u00ed laboratorn\u00ed anal\u00fdzy a dodr\u017eov\u00e1n\u00ed p\u0159\u00edsn\u00e9ho pr\u00e1vn\u00edho r\u00e1mce. Integrita v\u00fdzkumu p\u0159\u00edmo z\u00e1vis\u00ed na \u010distot\u011b pou\u017eit\u00fdch l\u00e1tek.<\/p>","protected":false},"excerpt":{"rendered":"<p><strong>4F-Pentedrone<\/strong> je syntetick\u00e1 chemick\u00e1 slou\u010denina pou\u017e\u00edvan\u00e1 pro \u00fa\u010dely v\u011bdeck\u00e9ho v\u00fdzkumu. Pat\u0159\u00ed do skupiny katinon\u016f a studuje se v kontrolovan\u00fdch laborato\u0159\u00edch, aby se pochopily jej\u00ed \u00fa\u010dinky na centr\u00e1ln\u00ed nervov\u00fd syst\u00e9m. <strong>4F-Pentedrone<\/strong> je ur\u010den pouze pro v\u00fdzkumn\u00e9 \u00fa\u010dely a nen\u00ed vhodn\u00fd k lidsk\u00e9 spot\u0159eb\u011b.<\/p>","protected":false},"featured_media":6594,"comment_status":"open","ping_status":"closed","template":"","meta":{"_joinchat":[]},"product_brand":[],"product_cat":[1806],"product_tag":[1967,1973,1968,1971,1972,1970,1969,188,1814,248],"class_list":{"0":"post-6557","1":"product","2":"type-product","3":"status-publish","4":"has-post-thumbnail","6":"product_cat-pyrrolidin-und-pyrrolidinophena","7":"product_tag-4f-pentedrone","8":"product_tag-4f-pentedrone-chemikalien","9":"product_tag-4f-pentedrone-kaufen","10":"product_tag-4f-pentedrone-kristalle","11":"product_tag-4f-pentedrone-online","12":"product_tag-4f-pentedrone-pulver","13":"product_tag-4f-pentedrone-zum-verkauf","14":"product_tag-forschungschemikalien","15":"product_tag-forschungsstoffe-kaufen","16":"product_tag-synthetische-stimulanzien","18":"first","19":"instock","20":"shipping-taxable","21":"purchasable","22":"product-type-variable"},"yoast_head":"<!-- This site is optimized with the Yoast SEO plugin v27.5 - https:\/\/yoast.com\/product\/yoast-seo-wordpress\/ -->\n<title>4F-PHP (4-Fluorphenylpyrrolidin) online kaufen | Chemgramx<\/title>\n<meta name=\"description\" content=\"Suchen Sie 4f-php (4-Fluorphenylpyrrolidin) zum Online-Verkauf? Chemgramx ist ein f\u00fchrender Shop, in dem Sie 4f-php online kaufen k\u00f6nnen. Kaufen Sie Mephtetramin online zum besten Preis. Jetzt mit diskretem Versand bestellen!\" \/>\n<meta name=\"robots\" content=\"index, follow, max-snippet:-1, max-image-preview:large, max-video-preview:-1\" \/>\n<link rel=\"canonical\" href=\"https:\/\/chemgramx.com\/cs\/produkt-1\/4f-pentedrone-online-order\/\" \/>\n<meta property=\"og:locale\" content=\"cs_CZ\" \/>\n<meta property=\"og:type\" content=\"article\" \/>\n<meta property=\"og:title\" content=\"4F-PHP (4-Fluorphenylpyrrolidin) online kaufen | Chemgramx\" \/>\n<meta property=\"og:description\" content=\"Suchen Sie 4f-php (4-Fluorphenylpyrrolidin) zum Online-Verkauf? Chemgramx ist ein f\u00fchrender Shop, in dem Sie 4f-php online kaufen k\u00f6nnen. Kaufen Sie Mephtetramin online zum besten Preis. Jetzt mit diskretem Versand bestellen!\" \/>\n<meta property=\"og:url\" content=\"https:\/\/chemgramx.com\/cs\/produkt-1\/4f-pentedrone-online-order\/\" \/>\n<meta property=\"og:site_name\" content=\"Chemgramx\" \/>\n<meta property=\"article:modified_time\" content=\"2025-11-21T11:07:57+00:00\" \/>\n<meta property=\"og:image\" content=\"https:\/\/chemgramx.com\/wp-content\/uploads\/2025\/11\/4penti.png\" \/>\n\t<meta property=\"og:image:width\" content=\"600\" \/>\n\t<meta property=\"og:image:height\" content=\"400\" \/>\n\t<meta property=\"og:image:type\" content=\"image\/png\" \/>\n<meta name=\"twitter:card\" content=\"summary_large_image\" \/>\n<meta name=\"twitter:label1\" content=\"Odhadovan\u00e1 doba \u010dten\u00ed\" \/>\n\t<meta name=\"twitter:data1\" content=\"4 minuty\" \/>\n<script type=\"application\/ld+json\" class=\"yoast-schema-graph\">{\"@context\":\"https:\\\/\\\/schema.org\",\"@graph\":[{\"@type\":\"WebPage\",\"@id\":\"https:\\\/\\\/chemgramx.com\\\/product\\\/4f-pentedrone-online-bestellung\\\/\",\"url\":\"https:\\\/\\\/chemgramx.com\\\/product\\\/4f-pentedrone-online-bestellung\\\/\",\"name\":\"4F-PHP (4-Fluorphenylpyrrolidin) online kaufen | Chemgramx\",\"isPartOf\":{\"@id\":\"https:\\\/\\\/chemgramx.com\\\/#website\"},\"primaryImageOfPage\":{\"@id\":\"https:\\\/\\\/chemgramx.com\\\/product\\\/4f-pentedrone-online-bestellung\\\/#primaryimage\"},\"image\":{\"@id\":\"https:\\\/\\\/chemgramx.com\\\/product\\\/4f-pentedrone-online-bestellung\\\/#primaryimage\"},\"thumbnailUrl\":\"https:\\\/\\\/chemgramx.com\\\/wp-content\\\/uploads\\\/2025\\\/11\\\/4penti.png\",\"datePublished\":\"2025-11-21T11:06:35+00:00\",\"dateModified\":\"2025-11-21T11:07:57+00:00\",\"description\":\"Suchen Sie 4f-php (4-Fluorphenylpyrrolidin) zum Online-Verkauf? Chemgramx ist ein f\u00fchrender Shop, in dem Sie 4f-php online kaufen k\u00f6nnen. Kaufen Sie Mephtetramin online zum besten Preis. Jetzt mit diskretem Versand bestellen!\",\"breadcrumb\":{\"@id\":\"https:\\\/\\\/chemgramx.com\\\/product\\\/4f-pentedrone-online-bestellung\\\/#breadcrumb\"},\"inLanguage\":\"cs\",\"potentialAction\":[{\"@type\":\"ReadAction\",\"target\":[\"https:\\\/\\\/chemgramx.com\\\/product\\\/4f-pentedrone-online-bestellung\\\/\"]}]},{\"@type\":\"ImageObject\",\"inLanguage\":\"cs\",\"@id\":\"https:\\\/\\\/chemgramx.com\\\/product\\\/4f-pentedrone-online-bestellung\\\/#primaryimage\",\"url\":\"https:\\\/\\\/chemgramx.com\\\/wp-content\\\/uploads\\\/2025\\\/11\\\/4penti.png\",\"contentUrl\":\"https:\\\/\\\/chemgramx.com\\\/wp-content\\\/uploads\\\/2025\\\/11\\\/4penti.png\",\"width\":600,\"height\":400},{\"@type\":\"BreadcrumbList\",\"@id\":\"https:\\\/\\\/chemgramx.com\\\/product\\\/4f-pentedrone-online-bestellung\\\/#breadcrumb\",\"itemListElement\":[{\"@type\":\"ListItem\",\"position\":1,\"name\":\"Home\",\"item\":\"https:\\\/\\\/chemgramx.com\\\/\"},{\"@type\":\"ListItem\",\"position\":2,\"name\":\"Shop\",\"item\":\"https:\\\/\\\/chemgramx.com\\\/shop\\\/\"},{\"@type\":\"ListItem\",\"position\":3,\"name\":\"4F-Pentedrone Online Bestellung\"}]},{\"@type\":\"WebSite\",\"@id\":\"https:\\\/\\\/chemgramx.com\\\/#website\",\"url\":\"https:\\\/\\\/chemgramx.com\\\/\",\"name\":\"Chemgramx\",\"description\":\"\",\"publisher\":{\"@id\":\"https:\\\/\\\/chemgramx.com\\\/#organization\"},\"potentialAction\":[{\"@type\":\"SearchAction\",\"target\":{\"@type\":\"EntryPoint\",\"urlTemplate\":\"https:\\\/\\\/chemgramx.com\\\/?s={search_term_string}\"},\"query-input\":{\"@type\":\"PropertyValueSpecification\",\"valueRequired\":true,\"valueName\":\"search_term_string\"}}],\"inLanguage\":\"cs\"},{\"@type\":\"Organization\",\"@id\":\"https:\\\/\\\/chemgramx.com\\\/#organization\",\"name\":\"Chemgramx\",\"url\":\"https:\\\/\\\/chemgramx.com\\\/\",\"logo\":{\"@type\":\"ImageObject\",\"inLanguage\":\"cs\",\"@id\":\"https:\\\/\\\/chemgramx.com\\\/#\\\/schema\\\/logo\\\/image\\\/\",\"url\":\"https:\\\/\\\/chemgramx.com\\\/wp-content\\\/uploads\\\/2024\\\/10\\\/final-logo.png\",\"contentUrl\":\"https:\\\/\\\/chemgramx.com\\\/wp-content\\\/uploads\\\/2024\\\/10\\\/final-logo.png\",\"width\":250,\"height\":48,\"caption\":\"Chemgramx\"},\"image\":{\"@id\":\"https:\\\/\\\/chemgramx.com\\\/#\\\/schema\\\/logo\\\/image\\\/\"}}]}<\/script>\n<!-- \/ Yoast SEO plugin. -->","yoast_head_json":{"title":"Koupit 4F-PHP (4-fluorfenylpyrrolidin) online | Chemgramx","description":"Hled\u00e1te 4f-php (4-fluorfenylpyrrolidin) k prodeji online? Chemgramx je p\u0159edn\u00ed obchod, kde si m\u016f\u017eete koupit 4f-php online. Kupte si meftetramin online za nejlep\u0161\u00ed cenu. Objednejte si nyn\u00ed s diskr\u00e9tn\u00edm doru\u010den\u00edm!","robots":{"index":"index","follow":"follow","max-snippet":"max-snippet:-1","max-image-preview":"max-image-preview:large","max-video-preview":"max-video-preview:-1"},"canonical":"https:\/\/chemgramx.com\/cs\/produkt-1\/4f-pentedrone-online-order\/","og_locale":"cs_CZ","og_type":"article","og_title":"4F-PHP (4-Fluorphenylpyrrolidin) online kaufen | Chemgramx","og_description":"Suchen Sie 4f-php (4-Fluorphenylpyrrolidin) zum Online-Verkauf? Chemgramx ist ein f\u00fchrender Shop, in dem Sie 4f-php online kaufen k\u00f6nnen. Kaufen Sie Mephtetramin online zum besten Preis. Jetzt mit diskretem Versand bestellen!","og_url":"https:\/\/chemgramx.com\/cs\/produkt-1\/4f-pentedrone-online-order\/","og_site_name":"Chemgramx","article_modified_time":"2025-11-21T11:07:57+00:00","og_image":[{"width":600,"height":400,"url":"https:\/\/chemgramx.com\/wp-content\/uploads\/2025\/11\/4penti.png","type":"image\/png"}],"twitter_card":"summary_large_image","twitter_misc":{"Odhadovan\u00e1 doba \u010dten\u00ed":"4 minuty"},"schema":{"@context":"https:\/\/schema.org","@graph":[{"@type":"WebPage","@id":"https:\/\/chemgramx.com\/product\/4f-pentedrone-online-bestellung\/","url":"https:\/\/chemgramx.com\/product\/4f-pentedrone-online-bestellung\/","name":"Koupit 4F-PHP (4-fluorfenylpyrrolidin) online | Chemgramx","isPartOf":{"@id":"https:\/\/chemgramx.com\/#website"},"primaryImageOfPage":{"@id":"https:\/\/chemgramx.com\/product\/4f-pentedrone-online-bestellung\/#primaryimage"},"image":{"@id":"https:\/\/chemgramx.com\/product\/4f-pentedrone-online-bestellung\/#primaryimage"},"thumbnailUrl":"https:\/\/chemgramx.com\/wp-content\/uploads\/2025\/11\/4penti.png","datePublished":"2025-11-21T11:06:35+00:00","dateModified":"2025-11-21T11:07:57+00:00","description":"Hled\u00e1te 4f-php (4-fluorfenylpyrrolidin) k prodeji online? Chemgramx je p\u0159edn\u00ed obchod, kde si m\u016f\u017eete koupit 4f-php online. Kupte si meftetramin online za nejlep\u0161\u00ed cenu. Objednejte si nyn\u00ed s diskr\u00e9tn\u00edm doru\u010den\u00edm!","breadcrumb":{"@id":"https:\/\/chemgramx.com\/product\/4f-pentedrone-online-bestellung\/#breadcrumb"},"inLanguage":"cs","potentialAction":[{"@type":"ReadAction","target":["https:\/\/chemgramx.com\/product\/4f-pentedrone-online-bestellung\/"]}]},{"@type":"ImageObject","inLanguage":"cs","@id":"https:\/\/chemgramx.com\/product\/4f-pentedrone-online-bestellung\/#primaryimage","url":"https:\/\/chemgramx.com\/wp-content\/uploads\/2025\/11\/4penti.png","contentUrl":"https:\/\/chemgramx.com\/wp-content\/uploads\/2025\/11\/4penti.png","width":600,"height":400},{"@type":"BreadcrumbList","@id":"https:\/\/chemgramx.com\/product\/4f-pentedrone-online-bestellung\/#breadcrumb","itemListElement":[{"@type":"ListItem","position":1,"name":"Home","item":"https:\/\/chemgramx.com\/"},{"@type":"ListItem","position":2,"name":"Shop","item":"https:\/\/chemgramx.com\/shop\/"},{"@type":"ListItem","position":3,"name":"4F-Pentedrone Online Bestellung"}]},{"@type":"WebSite","@id":"https:\/\/chemgramx.com\/#website","url":"https:\/\/chemgramx.com\/","name":"Chemgramx","description":"","publisher":{"@id":"https:\/\/chemgramx.com\/#organization"},"potentialAction":[{"@type":"SearchAction","target":{"@type":"EntryPoint","urlTemplate":"https:\/\/chemgramx.com\/?s={search_term_string}"},"query-input":{"@type":"PropertyValueSpecification","valueRequired":true,"valueName":"search_term_string"}}],"inLanguage":"cs"},{"@type":"Organization","@id":"https:\/\/chemgramx.com\/#organization","name":"Chemgramx","url":"https:\/\/chemgramx.com\/","logo":{"@type":"ImageObject","inLanguage":"cs","@id":"https:\/\/chemgramx.com\/#\/schema\/logo\/image\/","url":"https:\/\/chemgramx.com\/wp-content\/uploads\/2024\/10\/final-logo.png","contentUrl":"https:\/\/chemgramx.com\/wp-content\/uploads\/2024\/10\/final-logo.png","width":250,"height":48,"caption":"Chemgramx"},"image":{"@id":"https:\/\/chemgramx.com\/#\/schema\/logo\/image\/"}}]}},"_links":{"self":[{"href":"https:\/\/chemgramx.com\/cs\/wp-json\/wp\/v2\/product\/6557","targetHints":{"allow":["GET"]}}],"collection":[{"href":"https:\/\/chemgramx.com\/cs\/wp-json\/wp\/v2\/product"}],"about":[{"href":"https:\/\/chemgramx.com\/cs\/wp-json\/wp\/v2\/types\/product"}],"replies":[{"embeddable":true,"href":"https:\/\/chemgramx.com\/cs\/wp-json\/wp\/v2\/comments?post=6557"}],"wp:featuredmedia":[{"embeddable":true,"href":"https:\/\/chemgramx.com\/cs\/wp-json\/wp\/v2\/media\/6594"}],"wp:attachment":[{"href":"https:\/\/chemgramx.com\/cs\/wp-json\/wp\/v2\/media?parent=6557"}],"wp:term":[{"taxonomy":"product_brand","embeddable":true,"href":"https:\/\/chemgramx.com\/cs\/wp-json\/wp\/v2\/product_brand?post=6557"},{"taxonomy":"product_cat","embeddable":true,"href":"https:\/\/chemgramx.com\/cs\/wp-json\/wp\/v2\/product_cat?post=6557"},{"taxonomy":"product_tag","embeddable":true,"href":"https:\/\/chemgramx.com\/cs\/wp-json\/wp\/v2\/product_tag?post=6557"}],"curies":[{"name":"wp","href":"https:\/\/api.w.org\/{rel}","templated":true}]}}