{"id":6660,"date":"2025-11-21T11:07:59","date_gmt":"2025-11-21T11:07:59","guid":{"rendered":"https:\/\/chemgramx.com\/?post_type=product&#038;p=6660"},"modified":"2025-11-21T11:08:48","modified_gmt":"2025-11-21T11:08:48","slug":"koupit-3me-fentanyl-online","status":"publish","type":"product","link":"https:\/\/chemgramx.com\/cs\/product\/3me-fentanyl-online-kaufen\/","title":{"rendered":"Koupit 3me-Fentanyl online"},"content":{"rendered":"<p data-start=\"211\" data-end=\"761\">3me-Fentanyl je siln\u00fd syntetick\u00fd opioid z rodiny fentanyl\u016f pou\u017e\u00edvan\u00fd ve v\u011bdeck\u00e9m v\u00fdzkumu a chemick\u00e9 anal\u00fdze. Chemicky zn\u00e1m\u00fd jako 3-methylfentanyl pat\u0159\u00ed do skupiny vysoce \u00fa\u010dinn\u00fdch analog\u016f fentanylu. D\u00edky sv\u00e9 jedine\u010dn\u00e9 struktu\u0159e je v\u00fdrazn\u011b \u00fa\u010dinn\u011bj\u0161\u00ed ne\u017e konven\u010dn\u00ed fentanyl. P\u016fvodn\u011b byl vyvinut v r\u00e1mci chemick\u00e9ho v\u00fdzkumu a nab\u00edz\u00ed v\u011bdc\u016fm cenn\u00e9 poznatky o studiu opioidn\u00edch receptor\u016f a jejich mechanism\u016f \u00fa\u010dinku.<\/p>\n<p data-start=\"763\" data-end=\"936\"><a href=\"https:\/\/chemgramx.com\/product\/3me-fentanyl\/\">Koupit prav\u00fd nebo fale\u0161n\u00fd fentanyl 3me<\/a> cht\u011bj\u00ed jej vyu\u017e\u00edt k pochopen\u00ed vazby na \u00b5-opioidn\u00ed receptory a k proveden\u00ed nov\u00fdch farmakologick\u00fdch studi\u00ed.<\/p>\n<h2 data-start=\"943\" data-end=\"1018\">Kupte si 3me-Fentanyl online nyn\u00ed \u2013 3me-Fentanyl k dispozici k prodeji<\/h2>\n<p data-start=\"1020\" data-end=\"1269\">Pokud si chcete koupit vysoce kvalitn\u00ed fentanyl 3me online, jste na spr\u00e1vn\u00e9m m\u00edst\u011b. Nab\u00edz\u00edme k prodeji fentanyl 3me se zaru\u010denou vysokou \u010distotou a kvalitou, kter\u00fd se dokonale hod\u00ed pro profesion\u00e1ln\u00ed v\u00fdzkumn\u00e9 a analytick\u00e9 \u00fa\u010dely.<\/p>\n<p data-start=\"1271\" data-end=\"1628\">U n\u00e1s si m\u016f\u017eete koupit 3me-Fentanyl online \u2013 bezpe\u010dn\u011b, diskr\u00e9tn\u011b a spolehliv\u011b. Objevte na\u0161e nab\u00eddky, objednejte si p\u0159\u00edmo od profesion\u00e1ln\u00edho dodavatele a vyu\u017eijte nejlep\u0161\u00edch podm\u00ednek. Nejlep\u0161\u00ed m\u00edsto pro n\u00e1kup 3me-Fentanylu online \u2013 p\u0159\u00edmo od odborn\u00edka. Kupte si 3me-Fentanyl levn\u011b online a vyu\u017eijte exkluzivn\u00ed slevy.<\/p>\n<h2 data-start=\"1635\" data-end=\"1681\">Pro\u010d koupit 3me Fentanyl online od n\u00e1s?<\/h2>\n<ul data-start=\"1683\" data-end=\"2037\">\n<li data-start=\"1683\" data-end=\"1749\">\n<p data-start=\"1685\" data-end=\"1749\">Laboratorn\u011b testov\u00e1no pro nejvy\u0161\u0161\u00ed kvalitu ve v\u00fdzkumu.<\/p>\n<\/li>\n<li data-start=\"1750\" data-end=\"1807\">\n<p data-start=\"1752\" data-end=\"1807\">Exp\u00e9dition rapide et discr\u00e8te dans un emballage neutre<\/p>\n<\/li>\n<li data-start=\"1808\" data-end=\"1852\">\n<p data-start=\"1810\" data-end=\"1852\">M\u00e9todos de pago flexibles y seguros<\/p>\n<\/li>\n<li data-start=\"1853\" data-end=\"1923\">\n<p data-start=\"1855\" data-end=\"1923\">Atraktivn\u00ed cena 3me-Fentanylu pro jednor\u00e1zov\u00e9 i hromadn\u00e9 objedn\u00e1vky<\/p>\n<\/li>\n<li data-start=\"1924\" data-end=\"1969\">\n<p data-start=\"1926\" data-end=\"1969\">Service client comp\u00e9tent pour toutes questions<\/p>\n<\/li>\n<li data-start=\"1970\" data-end=\"2037\">\n<p data-start=\"1972\" data-end=\"2037\">Mo\u017enost zakoupen\u00ed prav\u00e9ho nebo fale\u0161n\u00e9ho 3me-Fentanylu k prodeji<\/p>\n<\/li>\n<\/ul>\n<h2 data-start=\"2044\" data-end=\"2079\">P\u016fvod a chemick\u00fd profil<\/h2>\n<p data-start=\"2081\" data-end=\"2378\">3me-fentanyl byl poprv\u00e9 syntetizov\u00e1n v 70. letech 20. stolet\u00ed v r\u00e1mci l\u00e9ka\u0159sk\u00e9ho a chemick\u00e9ho v\u00fdzkumu. Strukturn\u011b l\u00e1tka pat\u0159\u00ed do rodiny deriv\u00e1t\u016f fentanylu a li\u0161\u00ed se 3-methylovou skupinou, kter\u00e1 umo\u017e\u0148uje siln\u011bj\u0161\u00ed vazbu na \u00b5-opioidn\u00ed receptor.<\/p>\n<p data-start=\"2380\" data-end=\"2538\">D\u00edky t\u00e9to struktu\u0159e je obzvl\u00e1\u0161t\u011b cenn\u00fd pro v\u00fdzkumn\u00edky p\u0159i studiu vazby na receptory a v\u00fdvoji nov\u00fdch p\u0159\u00edstup\u016f ve v\u00fdzkumu bolesti.<\/p>\n<h2 data-start=\"2545\" data-end=\"2577\">Pou\u017eit\u00ed 3me-Fentanylu<\/h2>\n<p data-start=\"2579\" data-end=\"2777\">3me-Fentanyl se pou\u017e\u00edv\u00e1 v\u00fdhradn\u011b pro v\u011bdeckov\u00fdzkumn\u00e9 \u00fa\u010dely. V\u00fdzkumn\u00e9 instituce a laborato\u0159e, kter\u00e9 se zaj\u00edmaj\u00ed o to, kde koupit 3me-Fentanyl, vyu\u017e\u00edvaj\u00ed na\u0161ich slu\u017eeb pro:<\/p>\n<ul data-start=\"2779\" data-end=\"2944\">\n<li data-start=\"2779\" data-end=\"2814\">\n<p data-start=\"2781\" data-end=\"2814\">Investigaci\u00f3n neurofarmacol\u00f3gica<\/p>\n<\/li>\n<li data-start=\"2815\" data-end=\"2847\">\n<p data-start=\"2817\" data-end=\"2847\">chemick\u00e9 studie<\/p>\n<\/li>\n<li data-start=\"2848\" data-end=\"2892\">\n<p data-start=\"2850\" data-end=\"2892\">Recherche fondamentale sur les r\u00e9cepteurs opio\u00efdes<\/p>\n<\/li>\n<li data-start=\"2893\" data-end=\"2944\">\n<p data-start=\"2895\" data-end=\"2944\">Toxicologische analyses in het forensisch veld<\/p>\n<\/li>\n<\/ul>\n<h2 data-start=\"2951\" data-end=\"3006\">Jak a kde si mohu objednat 3me-Fentanyl online?<\/h2>\n<p data-start=\"3008\" data-end=\"3218\">M\u016f\u017eete si u n\u00e1s objednat origin\u00e1ln\u00ed nebo pad\u011blan\u00fd fentanyl 3me \u2013 rychle, bezpe\u010dn\u011b a diskr\u00e9tn\u011b. N\u00e1\u0161 u\u017eivatelsky p\u0159\u00edv\u011btiv\u00fd obchod nab\u00edz\u00ed flexibiln\u00ed mo\u017enosti platby a celosv\u011btovou dopravu v neutr\u00e1ln\u00edm balen\u00ed.<\/p>\n<h2 data-start=\"3225\" data-end=\"3272\">V\u00fdhody n\u00e1kupu 3me-Fentanyl online<\/h2>\n<ul data-start=\"3274\" data-end=\"3528\">\n<li data-start=\"3274\" data-end=\"3332\">\n<p data-start=\"3276\" data-end=\"3332\">Nakupujte p\u0159\u00edmo bez zprost\u0159edkovatel\u016f za lep\u0161\u00ed ceny<\/p>\n<\/li>\n<li data-start=\"3333\" data-end=\"3385\">\n<p data-start=\"3335\" data-end=\"3385\">Snelle en discrete verzending wereldwijd<\/p>\n<\/li>\n<li data-start=\"3386\" data-end=\"3436\">\n<p data-start=\"3388\" data-end=\"3436\">Acc\u00e8s \u00e0 des remises exclusives et des offres sp\u00e9ciales<\/p>\n<\/li>\n<li data-start=\"3437\" data-end=\"3489\">\n<p data-start=\"3439\" data-end=\"3489\">Eerlijke 3me-Fentanyl prijs voor elke bestelling<\/p>\n<\/li>\n<li data-start=\"3490\" data-end=\"3528\">\n<p data-start=\"3492\" data-end=\"3528\">Des conseils comp\u00e9tents d'experts<\/p>\n<\/li>\n<\/ul>\n<h2 data-start=\"3535\" data-end=\"3576\">Jak vybrat spr\u00e1vn\u00e9ho poskytovatele<\/h2>\n<p data-start=\"3578\" data-end=\"3715\">Zejm\u00e9na pokud jde o vysoce \u00fa\u010dinn\u00e9 v\u00fdzkumn\u00e9 chemik\u00e1lie, jako je 3me-fentanyl, je z\u00e1sadn\u00ed spolehnout se na d\u016fv\u011bryhodn\u00e9ho partnera.<\/p>\n<p data-start=\"3717\" data-end=\"3745\">D\u016fle\u017eit\u00e1 krit\u00e9ria v\u00fdb\u011bru:<\/p>\n<ul data-start=\"3746\" data-end=\"3918\">\n<li data-start=\"3746\" data-end=\"3788\">\n<p data-start=\"3748\" data-end=\"3788\">Certificats de qualit\u00e9 et de puret\u00e9 test\u00e9s<\/p>\n<\/li>\n<li data-start=\"3789\" data-end=\"3845\">\n<p data-start=\"3791\" data-end=\"3845\">Exp\u00e9dition fiable : rapide, discr\u00e8te et assur\u00e9e<\/p>\n<\/li>\n<li data-start=\"3846\" data-end=\"3874\">\n<p data-start=\"3848\" data-end=\"3874\">M\u00e9todos de pago flexibles y seguros<\/p>\n<\/li>\n<li data-start=\"3875\" data-end=\"3918\">\n<p data-start=\"3877\" data-end=\"3918\">Un accompagnement personnalis\u00e9 pour vos recherches<\/p>\n<\/li>\n<\/ul>\n<h2 data-start=\"3925\" data-end=\"3935\">Z\u00e1v\u011br<\/h2>\n<p data-start=\"3937\" data-end=\"4240\">Pokud si chcete koupit 3me Fentanyl online, n\u00e1\u0161 obchod je va\u0161\u00ed prvn\u00ed volbou. Nab\u00edz\u00edme v\u00e1m ov\u011b\u0159enou kvalitu, f\u00e9rov\u00e9 \u200b\u200bceny 3me Fentanylu, diskr\u00e9tn\u00ed dopravu a absolutn\u00ed bezpe\u010dnost. S na\u0161\u00ed nab\u00eddkou origin\u00e1ln\u00edch i pad\u011blan\u00fdch 3me Fentanylu k prodeji podporujeme va\u0161e hled\u00e1n\u00ed na nejvy\u0161\u0161\u00ed \u00farovni.<\/p>","protected":false},"excerpt":{"rendered":"<p><strong>3ME-Fentanyl<\/strong> je vysoce \u010dist\u00e1 chemick\u00e1 slou\u010denina pou\u017e\u00edvan\u00e1 ve v\u011bdeck\u00e9m v\u00fdzkumu ke studiu farmakologick\u00fdch \u00fa\u010dink\u016f a vlastnost\u00ed deriv\u00e1t\u016f fentanylu. Tato l\u00e1tka se pou\u017e\u00edv\u00e1 v\u00fdhradn\u011b v kontrolovan\u00e9m laboratorn\u00edm prost\u0159ed\u00ed a nen\u00ed ur\u010dena k lidsk\u00e9 spot\u0159eb\u011b.<\/p>","protected":false},"featured_media":6690,"comment_status":"open","ping_status":"closed","template":"","meta":{"_joinchat":[]},"product_brand":[],"product_cat":[1803],"product_tag":[2079,2085,2080,2083,2084,2082,2081,2070,188,1814],"class_list":{"0":"post-6660","1":"product","2":"type-product","3":"status-publish","4":"has-post-thumbnail","6":"product_cat-andere","7":"product_tag-3me-fentanyl","8":"product_tag-3me-fentanyl-chemikalien","9":"product_tag-3me-fentanyl-kaufen","10":"product_tag-3me-fentanyl-kristalle","11":"product_tag-3me-fentanyl-online","12":"product_tag-3me-fentanyl-pulver","13":"product_tag-3me-fentanyl-zum-verkauf","14":"product_tag-fentanyl-derivate","15":"product_tag-forschungschemikalien","16":"product_tag-forschungsstoffe-kaufen","18":"first","19":"instock","20":"shipping-taxable","21":"purchasable","22":"product-type-variable"},"yoast_head":"<!-- This site is optimized with the Yoast SEO plugin v27.5 - https:\/\/yoast.com\/product\/yoast-seo-wordpress\/ -->\n<title>3ME-Fentanyl online kaufen \u2013 3ME-Fentanyl zu verkaufen<\/title>\n<meta name=\"description\" content=\"Wenn Sie 3me-Fentanyl online ohne Rezept kaufen m\u00f6chten, ist chemgramx.com der beste Ort, um 3me-Fentanyl online zu kaufen, 3me-Fentanyl zu verkaufen, 3me-Fentanyl online zum besten Preis. Jetzt bestellen!\" \/>\n<meta name=\"robots\" content=\"index, follow, max-snippet:-1, max-image-preview:large, max-video-preview:-1\" \/>\n<link rel=\"canonical\" href=\"https:\/\/chemgramx.com\/cs\/produkt-1\/koupit-3me-fentanyl-online\/\" \/>\n<meta property=\"og:locale\" content=\"cs_CZ\" \/>\n<meta property=\"og:type\" content=\"article\" \/>\n<meta property=\"og:title\" content=\"3ME-Fentanyl online kaufen \u2013 3ME-Fentanyl zu verkaufen\" \/>\n<meta property=\"og:description\" content=\"Wenn Sie 3me-Fentanyl online ohne Rezept kaufen m\u00f6chten, ist chemgramx.com der beste Ort, um 3me-Fentanyl online zu kaufen, 3me-Fentanyl zu verkaufen, 3me-Fentanyl online zum besten Preis. Jetzt bestellen!\" \/>\n<meta property=\"og:url\" content=\"https:\/\/chemgramx.com\/cs\/produkt-1\/koupit-3me-fentanyl-online\/\" \/>\n<meta property=\"og:site_name\" content=\"Chemgramx\" \/>\n<meta property=\"article:modified_time\" content=\"2025-11-21T11:08:48+00:00\" \/>\n<meta property=\"og:image\" content=\"https:\/\/chemgramx.com\/wp-content\/uploads\/2025\/11\/3me.png\" \/>\n\t<meta property=\"og:image:width\" content=\"600\" \/>\n\t<meta property=\"og:image:height\" content=\"400\" \/>\n\t<meta property=\"og:image:type\" content=\"image\/png\" \/>\n<meta name=\"twitter:card\" content=\"summary_large_image\" \/>\n<meta name=\"twitter:label1\" content=\"Odhadovan\u00e1 doba \u010dten\u00ed\" \/>\n\t<meta name=\"twitter:data1\" content=\"3 minuty\" \/>\n<script type=\"application\/ld+json\" class=\"yoast-schema-graph\">{\"@context\":\"https:\\\/\\\/schema.org\",\"@graph\":[{\"@type\":\"WebPage\",\"@id\":\"https:\\\/\\\/chemgramx.com\\\/product\\\/3me-fentanyl-online-kaufen\\\/\",\"url\":\"https:\\\/\\\/chemgramx.com\\\/product\\\/3me-fentanyl-online-kaufen\\\/\",\"name\":\"3ME-Fentanyl online kaufen \u2013 3ME-Fentanyl zu verkaufen\",\"isPartOf\":{\"@id\":\"https:\\\/\\\/chemgramx.com\\\/#website\"},\"primaryImageOfPage\":{\"@id\":\"https:\\\/\\\/chemgramx.com\\\/product\\\/3me-fentanyl-online-kaufen\\\/#primaryimage\"},\"image\":{\"@id\":\"https:\\\/\\\/chemgramx.com\\\/product\\\/3me-fentanyl-online-kaufen\\\/#primaryimage\"},\"thumbnailUrl\":\"https:\\\/\\\/chemgramx.com\\\/wp-content\\\/uploads\\\/2025\\\/11\\\/3me.png\",\"datePublished\":\"2025-11-21T11:07:59+00:00\",\"dateModified\":\"2025-11-21T11:08:48+00:00\",\"description\":\"Wenn Sie 3me-Fentanyl online ohne Rezept kaufen m\u00f6chten, ist chemgramx.com der beste Ort, um 3me-Fentanyl online zu kaufen, 3me-Fentanyl zu verkaufen, 3me-Fentanyl online zum besten Preis. Jetzt bestellen!\",\"breadcrumb\":{\"@id\":\"https:\\\/\\\/chemgramx.com\\\/product\\\/3me-fentanyl-online-kaufen\\\/#breadcrumb\"},\"inLanguage\":\"cs\",\"potentialAction\":[{\"@type\":\"ReadAction\",\"target\":[\"https:\\\/\\\/chemgramx.com\\\/product\\\/3me-fentanyl-online-kaufen\\\/\"]}]},{\"@type\":\"ImageObject\",\"inLanguage\":\"cs\",\"@id\":\"https:\\\/\\\/chemgramx.com\\\/product\\\/3me-fentanyl-online-kaufen\\\/#primaryimage\",\"url\":\"https:\\\/\\\/chemgramx.com\\\/wp-content\\\/uploads\\\/2025\\\/11\\\/3me.png\",\"contentUrl\":\"https:\\\/\\\/chemgramx.com\\\/wp-content\\\/uploads\\\/2025\\\/11\\\/3me.png\",\"width\":600,\"height\":400},{\"@type\":\"BreadcrumbList\",\"@id\":\"https:\\\/\\\/chemgramx.com\\\/product\\\/3me-fentanyl-online-kaufen\\\/#breadcrumb\",\"itemListElement\":[{\"@type\":\"ListItem\",\"position\":1,\"name\":\"Home\",\"item\":\"https:\\\/\\\/chemgramx.com\\\/\"},{\"@type\":\"ListItem\",\"position\":2,\"name\":\"Shop\",\"item\":\"https:\\\/\\\/chemgramx.com\\\/shop\\\/\"},{\"@type\":\"ListItem\",\"position\":3,\"name\":\"3me-Fentanyl online kaufen\"}]},{\"@type\":\"WebSite\",\"@id\":\"https:\\\/\\\/chemgramx.com\\\/#website\",\"url\":\"https:\\\/\\\/chemgramx.com\\\/\",\"name\":\"Chemgramx\",\"description\":\"\",\"publisher\":{\"@id\":\"https:\\\/\\\/chemgramx.com\\\/#organization\"},\"potentialAction\":[{\"@type\":\"SearchAction\",\"target\":{\"@type\":\"EntryPoint\",\"urlTemplate\":\"https:\\\/\\\/chemgramx.com\\\/?s={search_term_string}\"},\"query-input\":{\"@type\":\"PropertyValueSpecification\",\"valueRequired\":true,\"valueName\":\"search_term_string\"}}],\"inLanguage\":\"cs\"},{\"@type\":\"Organization\",\"@id\":\"https:\\\/\\\/chemgramx.com\\\/#organization\",\"name\":\"Chemgramx\",\"url\":\"https:\\\/\\\/chemgramx.com\\\/\",\"logo\":{\"@type\":\"ImageObject\",\"inLanguage\":\"cs\",\"@id\":\"https:\\\/\\\/chemgramx.com\\\/#\\\/schema\\\/logo\\\/image\\\/\",\"url\":\"https:\\\/\\\/chemgramx.com\\\/wp-content\\\/uploads\\\/2024\\\/10\\\/final-logo.png\",\"contentUrl\":\"https:\\\/\\\/chemgramx.com\\\/wp-content\\\/uploads\\\/2024\\\/10\\\/final-logo.png\",\"width\":250,\"height\":48,\"caption\":\"Chemgramx\"},\"image\":{\"@id\":\"https:\\\/\\\/chemgramx.com\\\/#\\\/schema\\\/logo\\\/image\\\/\"}}]}<\/script>\n<!-- \/ Yoast SEO plugin. -->","yoast_head_json":{"title":"Koupit 3ME Fentanyl online \u2013 3ME Fentanyl na prodej","description":"Pokud si chcete koupit 3me-Fentanyl online bez l\u00e9ka\u0159sk\u00e9ho p\u0159edpisu, chemgramx.com je nejlep\u0161\u00edm m\u00edstem pro online n\u00e1kup 3me-Fentanylu, prodej 3me-Fentanylu a n\u00e1kup 3me-Fentanylu online za nejlep\u0161\u00ed cenu. Objednejte si nyn\u00ed!","robots":{"index":"index","follow":"follow","max-snippet":"max-snippet:-1","max-image-preview":"max-image-preview:large","max-video-preview":"max-video-preview:-1"},"canonical":"https:\/\/chemgramx.com\/cs\/produkt-1\/koupit-3me-fentanyl-online\/","og_locale":"cs_CZ","og_type":"article","og_title":"3ME-Fentanyl online kaufen \u2013 3ME-Fentanyl zu verkaufen","og_description":"Wenn Sie 3me-Fentanyl online ohne Rezept kaufen m\u00f6chten, ist chemgramx.com der beste Ort, um 3me-Fentanyl online zu kaufen, 3me-Fentanyl zu verkaufen, 3me-Fentanyl online zum besten Preis. Jetzt bestellen!","og_url":"https:\/\/chemgramx.com\/cs\/produkt-1\/koupit-3me-fentanyl-online\/","og_site_name":"Chemgramx","article_modified_time":"2025-11-21T11:08:48+00:00","og_image":[{"width":600,"height":400,"url":"https:\/\/chemgramx.com\/wp-content\/uploads\/2025\/11\/3me.png","type":"image\/png"}],"twitter_card":"summary_large_image","twitter_misc":{"Odhadovan\u00e1 doba \u010dten\u00ed":"3 minuty"},"schema":{"@context":"https:\/\/schema.org","@graph":[{"@type":"WebPage","@id":"https:\/\/chemgramx.com\/product\/3me-fentanyl-online-kaufen\/","url":"https:\/\/chemgramx.com\/product\/3me-fentanyl-online-kaufen\/","name":"Koupit 3ME Fentanyl online \u2013 3ME Fentanyl na prodej","isPartOf":{"@id":"https:\/\/chemgramx.com\/#website"},"primaryImageOfPage":{"@id":"https:\/\/chemgramx.com\/product\/3me-fentanyl-online-kaufen\/#primaryimage"},"image":{"@id":"https:\/\/chemgramx.com\/product\/3me-fentanyl-online-kaufen\/#primaryimage"},"thumbnailUrl":"https:\/\/chemgramx.com\/wp-content\/uploads\/2025\/11\/3me.png","datePublished":"2025-11-21T11:07:59+00:00","dateModified":"2025-11-21T11:08:48+00:00","description":"Pokud si chcete koupit 3me-Fentanyl online bez l\u00e9ka\u0159sk\u00e9ho p\u0159edpisu, chemgramx.com je nejlep\u0161\u00edm m\u00edstem pro online n\u00e1kup 3me-Fentanylu, prodej 3me-Fentanylu a n\u00e1kup 3me-Fentanylu online za nejlep\u0161\u00ed cenu. Objednejte si nyn\u00ed!","breadcrumb":{"@id":"https:\/\/chemgramx.com\/product\/3me-fentanyl-online-kaufen\/#breadcrumb"},"inLanguage":"cs","potentialAction":[{"@type":"ReadAction","target":["https:\/\/chemgramx.com\/product\/3me-fentanyl-online-kaufen\/"]}]},{"@type":"ImageObject","inLanguage":"cs","@id":"https:\/\/chemgramx.com\/product\/3me-fentanyl-online-kaufen\/#primaryimage","url":"https:\/\/chemgramx.com\/wp-content\/uploads\/2025\/11\/3me.png","contentUrl":"https:\/\/chemgramx.com\/wp-content\/uploads\/2025\/11\/3me.png","width":600,"height":400},{"@type":"BreadcrumbList","@id":"https:\/\/chemgramx.com\/product\/3me-fentanyl-online-kaufen\/#breadcrumb","itemListElement":[{"@type":"ListItem","position":1,"name":"Home","item":"https:\/\/chemgramx.com\/"},{"@type":"ListItem","position":2,"name":"Shop","item":"https:\/\/chemgramx.com\/shop\/"},{"@type":"ListItem","position":3,"name":"3me-Fentanyl online kaufen"}]},{"@type":"WebSite","@id":"https:\/\/chemgramx.com\/#website","url":"https:\/\/chemgramx.com\/","name":"Chemgramx","description":"","publisher":{"@id":"https:\/\/chemgramx.com\/#organization"},"potentialAction":[{"@type":"SearchAction","target":{"@type":"EntryPoint","urlTemplate":"https:\/\/chemgramx.com\/?s={search_term_string}"},"query-input":{"@type":"PropertyValueSpecification","valueRequired":true,"valueName":"search_term_string"}}],"inLanguage":"cs"},{"@type":"Organization","@id":"https:\/\/chemgramx.com\/#organization","name":"Chemgramx","url":"https:\/\/chemgramx.com\/","logo":{"@type":"ImageObject","inLanguage":"cs","@id":"https:\/\/chemgramx.com\/#\/schema\/logo\/image\/","url":"https:\/\/chemgramx.com\/wp-content\/uploads\/2024\/10\/final-logo.png","contentUrl":"https:\/\/chemgramx.com\/wp-content\/uploads\/2024\/10\/final-logo.png","width":250,"height":48,"caption":"Chemgramx"},"image":{"@id":"https:\/\/chemgramx.com\/#\/schema\/logo\/image\/"}}]}},"_links":{"self":[{"href":"https:\/\/chemgramx.com\/cs\/wp-json\/wp\/v2\/product\/6660","targetHints":{"allow":["GET"]}}],"collection":[{"href":"https:\/\/chemgramx.com\/cs\/wp-json\/wp\/v2\/product"}],"about":[{"href":"https:\/\/chemgramx.com\/cs\/wp-json\/wp\/v2\/types\/product"}],"replies":[{"embeddable":true,"href":"https:\/\/chemgramx.com\/cs\/wp-json\/wp\/v2\/comments?post=6660"}],"wp:featuredmedia":[{"embeddable":true,"href":"https:\/\/chemgramx.com\/cs\/wp-json\/wp\/v2\/media\/6690"}],"wp:attachment":[{"href":"https:\/\/chemgramx.com\/cs\/wp-json\/wp\/v2\/media?parent=6660"}],"wp:term":[{"taxonomy":"product_brand","embeddable":true,"href":"https:\/\/chemgramx.com\/cs\/wp-json\/wp\/v2\/product_brand?post=6660"},{"taxonomy":"product_cat","embeddable":true,"href":"https:\/\/chemgramx.com\/cs\/wp-json\/wp\/v2\/product_cat?post=6660"},{"taxonomy":"product_tag","embeddable":true,"href":"https:\/\/chemgramx.com\/cs\/wp-json\/wp\/v2\/product_tag?post=6660"}],"curies":[{"name":"wp","href":"https:\/\/api.w.org\/{rel}","templated":true}]}}