{"id":6736,"date":"2025-11-21T11:08:50","date_gmt":"2025-11-21T11:08:50","guid":{"rendered":"https:\/\/chemgramx.com\/?post_type=product&#038;p=6736"},"modified":"2025-11-21T11:09:14","modified_gmt":"2025-11-21T11:09:14","slug":"koupit-2c-b-online","status":"publish","type":"product","link":"https:\/\/chemgramx.com\/cs\/product\/2c-b-online-kaufen\/","title":{"rendered":"Kupte si 2C-B online"},"content":{"rendered":"<p>T\u0159\u00edda <b>2C-fenylamin<\/b>, vyvinut\u00fd chemikem Alexandrem \u0160ulginem, p\u0159edstavuje z\u00e1kladn\u00ed obor v chemii. <b>Neurofarmakologie<\/b>. <b>2C-B<\/b> je syntetick\u00e1 v\u00fdzkumn\u00e1 chemick\u00e1 l\u00e1tka, kter\u00e1 <b>v\u00fdhradn\u011b<\/b> je ur\u010den pro v\u011bdeck\u00e9 v\u00fdzkumy a farmakologick\u00e9 anal\u00fdzy v p\u0159\u00edsn\u011b kontrolovan\u00e9m laboratorn\u00edm prost\u0159ed\u00ed. D\u00edky sv\u00e9 vyv\u00e1\u017een\u00e9 molekul\u00e1rn\u00ed struktu\u0159e a specifick\u00e9 afinit\u011b k centr\u00e1ln\u00edm receptor\u016fm slou\u017e\u00ed 2C-B jako z\u00e1kladn\u00ed modelov\u00fd syst\u00e9m v r\u00e1mci <b>serotonergn\u00ed v\u00fdzkum<\/b> a zkoum\u00e1n\u00ed fenom\u00e9n\u016f v\u011bdom\u00ed.<\/p>\n<p>L\u00e1tka je <b>v\u00fdhradn\u011b pro analytick\u00e9 a v\u011bdeck\u00e9 studie<\/b> nab\u00edzen\u00e9. Zd\u016fraz\u0148ujeme, \u017ee 2C-B je d\u00edky sv\u00e9 farmakologick\u00e9 aktivit\u011b <b>nejp\u0159\u00edsn\u011bj\u0161\u00ed bezpe\u010dnostn\u00ed a pr\u00e1vn\u00ed protokoly<\/b> podl\u00e9h\u00e1 a <b>nejsou ur\u010deny k lidsk\u00e9 spot\u0159eb\u011b<\/b> je.<\/p>\n<h2>Chemick\u00e1 struktura, farmakologie a vlastnosti<\/h2>\n<p>Strukturn\u00ed jasnost 2C-B je kl\u00ed\u010dem k jeho v\u00fdznamu pro analytick\u00fd a farmakologick\u00fd v\u00fdzkum. P\u0159esn\u00e1 konfigurace umo\u017e\u0148uje p\u0159esn\u00e9 studie korelace chemick\u00e9 struktury a biologick\u00e9ho \u00fa\u010dinku.<\/p>\n<h3>Co je 2C-B?<\/h3>\n<p><b>2C-B<\/b> (Cel\u00fd chemick\u00fd n\u00e1zev: <b>4-brom-2,5-dimethoxyfenetylamin<\/b>) pat\u0159\u00ed do t\u0159\u00eddy <b>Fenetylaminy<\/b>. Molekul\u00e1rn\u00ed struktura je definov\u00e1na:<\/p>\n<ul>\n<li><b>Fenetylaminov\u00e1 p\u00e1te\u0159:<\/b> Z\u00e1klad mnoha monoaminov\u00fdch neurotransmiter\u016f.<\/li>\n<li><b>Dimethoxy substituce:<\/b> Na str\u00e1nk\u00e1ch <span class=\"math-inline\" data-math=\"mathbf{2,5}\">{2,5}<\/span>&#8211;<b>Dimethoxy skupiny<\/b> na fenylov\u00e9m kruhu jsou charakteristick\u00e9 pro skupinu 2C a ovliv\u0148uj\u00ed afinitu k receptor\u016fm.<\/li>\n<li><b>Substituce bromem:<\/b> Na str\u00e1nk\u00e1ch <span class=\"math-inline\" data-math=\"mathbf{4}\">{4}<\/span>&#8211;<b>Bromov\u00e1 skupina<\/b> na fenylov\u00e9m kruhu je rozhoduj\u00edc\u00ed pro nomenklaturu a farmakologickou selektivitu. Ovliv\u0148uje lipofilitu, a t\u00edm i metabolickou stabilitu.<\/li>\n<\/ul>\n<p>Tato chemick\u00e1 konfigurace znamen\u00e1, \u017ee 2C-B je ve v\u00fdzkumn\u00fdch zpr\u00e1v\u00e1ch \u010dasto popisov\u00e1n jako slou\u010denina s obsahem <b>vyv\u00e1\u017een\u00e1 sm\u011bs vizu\u00e1ln\u00edch efekt\u016f a emocion\u00e1ln\u00ed intenzity<\/b> je pops\u00e1n, co\u017e z n\u011bj \u010din\u00ed vyhled\u00e1van\u00fd materi\u00e1l pro <b>Z\u00e1kladn\u00ed v\u00fdzkum<\/b> v oblasti psychofarmakologie.<\/p>\n<p>&nbsp;<\/p>\n<h3>Molekul\u00e1rn\u00ed zp\u016fsob \u00fa\u010dinku a v\u00fdznam pro v\u00fdzkum<\/h3>\n<p>V\u00fdzkumn\u00fd v\u00fdznam 2C-B spo\u010d\u00edv\u00e1 p\u0159edev\u0161\u00edm v jeho vysok\u00e9 afinit\u011b k <b><span class=\"math-inline\" data-math=\"mathbf{5-HT_{2A}}\">$mathbf{5-HT_{2A}}$<\/span>-receptor<\/b>, hlavn\u00edm c\u00edlem v neurochemii.<\/p>\n<ol start=\"1\">\n<li><b>Analytick\u00fd v\u00fdzkum v psychofarmakologii:<\/b> Materi\u00e1l se pou\u017e\u00edv\u00e1 jako <b>Referen\u010dn\u00ed standard<\/b> pou\u017e\u00edv\u00e1 k <span class=\"math-inline\" data-math=\"mathbf{K_i}\">f{K_i}$<\/span>-(vazebn\u00e9 inhibi\u010dn\u00ed konstanty) a <span class=\"math-inline\" data-math=\"mathbf{EC_{50}}\">50<\/span>-(funk\u010dn\u00ed s\u00edla) na r\u016fzn\u00fdch serotonergn\u00edch receptorech.<\/li>\n<li><b>Studie interakce se serotonergn\u00edmi receptory:<\/b> Zkoum\u00e1n\u00ed molekul\u00e1rn\u00edch mechanism\u016f, jimi\u017e 2C-B reguluje p\u0159enos sign\u00e1lu z <span class=\"math-inline\" data-math=\"mathbf{5-HT_{2A}}\">{5-HT_{2A}}$<\/span>-receptor je modulov\u00e1n.<\/li>\n<li><b>Metabolick\u00fd v\u00fdzkum:<\/b> Anal\u00fdza biochemick\u00fdch cest odbour\u00e1v\u00e1n\u00ed a role detoxika\u010dn\u00edch enzym\u016f (nap\u0159. CYP450) pro ur\u010den\u00ed polo\u010dasu rozpadu a potenci\u00e1ln\u011b aktivn\u00edch metabolit\u016f.<\/li>\n<\/ol>\n<h2>Po\u017eadavky na zaji\u0161t\u011bn\u00ed analytick\u00e9 kvality a laborato\u0159e<\/h2>\n<p>Integrita v\u00fdzkumu vy\u017eaduje maxim\u00e1ln\u00ed \u010distotu a \u00faplnou dokumentaci pou\u017eit\u00e9ho materi\u00e1lu, jeho\u017e kvalita je zaru\u010dena modern\u00edmi analytick\u00fdmi metodami.<\/p>\n<h3>Zaji\u0161t\u011bn\u00ed kvality a konzistence \u0161ar\u017e\u00ed<\/h3>\n<p>V\u00fdzkumn\u00fd materi\u00e1l mus\u00ed m\u00edt chemickou \u010distotu <span class=\"math-inline\" data-math=\"mathbf{ge 98%}\">$mathbf{ge 98%}$<\/span> maj\u00ed. Zaji\u0161t\u011bn\u00ed kvality zahrnuje<\/p>\n<ul>\n<li><b>Analytick\u00e1 dokumentace:<\/b> Dod\u00e1vka s <b>\u00fapln\u00e9 certifik\u00e1ty anal\u00fdzy (CoA)<\/b>, kter\u00e9 prokazuj\u00ed \u010distotu a identitu (HPLC, GC\/MS).<\/li>\n<li><b>Konzistence d\u00e1vky:<\/b> Zaji\u0161t\u011bn\u00ed <b>konzistentn\u00ed kvalita<\/b> nap\u0159\u00ed\u010d r\u016fzn\u00fdmi v\u00fdrobn\u00edmi \u0161ar\u017eemi, co\u017e m\u00e1 z\u00e1sadn\u00ed v\u00fdznam pro reprodukovatelnost dlouhodob\u00fdch studi\u00ed.<\/li>\n<\/ul>\n<h3>Skladov\u00e1n\u00ed a bezpe\u010dnostn\u00ed po\u017eadavky<\/h3>\n<p>Vzhledem k chemick\u00e9 nestabilit\u011b fenetylamin\u016f v\u016f\u010di sv\u011btlu a kysl\u00edku je nutn\u00e9 pe\u010dliv\u00e9 skladov\u00e1n\u00ed:<\/p>\n<ul>\n<li><b>Skladov\u00e1n\u00ed:<\/b> Materi\u00e1l by m\u011bl <b>Chr\u00e1n\u011bno p\u0159ed sv\u011btlem<\/b>, <b>cool<\/b> (v ide\u00e1ln\u00edm p\u0159\u00edpad\u011b <span class=\"math-inline\" data-math=\"mathbf{-20^circ C}\">$mathbf{-20^circ C}$<\/span>) a <b>such\u00e9<\/b> b\u00fdt ulo\u017eeny.<\/li>\n<li><b>Bezpe\u010dnostn\u00ed protokoly:<\/b> Pr\u00e1ce mus\u00ed b\u00fdt prov\u00e1d\u011bny v <b>V souladu s GLP<\/b> z\u0159\u00edzen\u00ed. <b>Osobn\u00ed ochrann\u00e9 prost\u0159edky<\/b> (laboratorn\u00ed pl\u00e1\u0161\u0165, rukavice, ochrann\u00e9 br\u00fdle). Manipulace s pr\u00e1\u0161kem vy\u017eaduje pr\u00e1ci pod <b>Chemick\u00e1 digesto\u0159<\/b>.<\/li>\n<\/ul>\n<h2>Regula\u010dn\u00ed r\u00e1mec a etick\u00e1 odpov\u011bdnost<\/h2>\n<p>Z\u00e1konn\u00e9 a regula\u010dn\u00ed po\u017eadavky na 2C-B jsou velmi slo\u017eit\u00e9 a vy\u017eaduj\u00ed p\u0159\u00edsn\u00e9 dodr\u017eov\u00e1n\u00ed ze strany v\u00fdzkumn\u00fdch instituc\u00ed.<\/p>\n<h3>Pr\u00e1vn\u00ed status (v z\u00e1vislosti na jurisdikci)<\/h3>\n<p>Pr\u00e1vn\u00ed status 2C-B je v mezin\u00e1rodn\u00edm m\u011b\u0159\u00edtku velmi rozd\u00edln\u00fd:<\/p>\n<ul>\n<li>V mnoha zem\u00edch spad\u00e1 pod <b>kontrolovan\u00e9 l\u00e1tky<\/b> (nap\u0159. protidrogov\u00e9 z\u00e1kony).<\/li>\n<li>V ostatn\u00edch regionech je to <b>leg\u00e1ln\u011b dostupn\u00e9 jako v\u00fdzkumn\u00e1 chemick\u00e1 l\u00e1tka<\/b>, pokud je zam\u00fd\u0161len\u00e9 pou\u017eit\u00ed p\u0159\u00edsn\u011b omezeno na laborato\u0159.<\/li>\n<\/ul>\n<p><b>Povinnost:<\/b> V\u00fdzkumn\u00e9 instituce mus\u00ed <b>v\u017edy dodr\u017eujte m\u00edstn\u00ed p\u0159edpisy<\/b> a platn\u00fdch z\u00e1kon\u016f p\u0159ed n\u00e1kupem materi\u00e1lu. Za dodr\u017eov\u00e1n\u00ed z\u00e1kon\u016f ve sv\u00e9 jurisdikci odpov\u00edd\u00e1 v\u00fdhradn\u011b kupuj\u00edc\u00ed.<\/p>\n<h3>Kontrola akvizice a informace o objedn\u00e1vk\u00e1ch<\/h3>\n<p>Z\u00edsk\u00e1n\u00ed 2C-B je omezeno na dokumentovan\u00fd v\u011bdeck\u00fd v\u00fdzkum.<\/p>\n<ul>\n<li><b>Certifik\u00e1t Institutu:<\/b> Dokumentace v\u00fdzkumn\u00e9 instituce nebo laborato\u0159e je povinn\u00e1.<\/li>\n<li><b>Ur\u010den\u00e9 pou\u017eit\u00ed:<\/b> Je t\u0159eba p\u0159edlo\u017eit v\u011bdeck\u00fd popis v\u00fdzkumn\u00e9ho projektu.<\/li>\n<\/ul>\n<h3 data-start=\"3313\" data-end=\"3323\">Z\u00e1v\u011br<\/h3>\n<p data-start=\"3325\" data-end=\"3627\">Ka\u017ed\u00fd, kdo si chce koupit 2C-B, t\u011b\u017e\u00ed z atraktivn\u00edch cen, \u0161irok\u00e9ho v\u00fdb\u011bru a bezpe\u010dn\u00e9ho a diskr\u00e9tn\u00edho doru\u010den\u00ed. Se spolehliv\u00fdm dodavatelem je cel\u00fd proces objedn\u00e1v\u00e1n\u00ed profesion\u00e1ln\u00ed a bezpe\u010dn\u00fd. Objedn\u00e1vejte 2C-B pouze z ov\u011b\u0159en\u00fdch zdroj\u016f, abyste zajistili nejlep\u0161\u00ed kvalitu a \u010distotu.<\/p>","protected":false},"excerpt":{"rendered":"<p style=\"text-align: left;\">2C-B je syntetick\u00e1 chemick\u00e1 l\u00e1tka ur\u010den\u00e1 pro v\u00fdzkum v laborato\u0159\u00edch. Tento produkt je zn\u00e1m\u00fd svou vynikaj\u00edc\u00ed \u010distotou a stabilitou a je ide\u00e1ln\u00ed pro farmakologick\u00e9 studie a chemick\u00e9 anal\u00fdzy. Ka\u017ed\u00e1 \u0161ar\u017ee je pe\u010dliv\u011b testov\u00e1na, aby byly zaji\u0161t\u011bny spolehliv\u00e9 a konzistentn\u00ed v\u00fdsledky. Ur\u010deno pouze pro laboratorn\u00ed a v\u011bdeck\u00e9 pou\u017eit\u00ed.<\/p>","protected":false},"featured_media":6764,"comment_status":"open","ping_status":"closed","template":"","meta":{"_joinchat":[]},"product_brand":[],"product_cat":[1795],"product_tag":[1884,1888,1218,1887,1237,1886,1885,188,1814,1841],"class_list":{"0":"post-6736","1":"product","2":"type-product","3":"status-publish","4":"has-post-thumbnail","6":"product_cat-2c-serie","7":"product_tag-2c-b","8":"product_tag-2c-b-chemikalien","9":"product_tag-2c-b-kaufen","10":"product_tag-2c-b-kristalle","11":"product_tag-2c-b-online","12":"product_tag-2c-b-pulver","13":"product_tag-2c-b-zum-verkauf","14":"product_tag-forschungschemikalien","15":"product_tag-forschungsstoffe-kaufen","16":"product_tag-synthetische-phenethylamine","18":"first","19":"instock","20":"shipping-taxable","21":"purchasable","22":"product-type-variable"},"yoast_head":"<!-- This site is optimized with the Yoast SEO plugin v27.5 - https:\/\/yoast.com\/product\/yoast-seo-wordpress\/ -->\n<title>2C-B online kaufen \u2013 2C-B zu verkaufen | chemgramx<\/title>\n<meta name=\"description\" content=\"Wenn Sie 2c-b online kaufen m\u00f6chten, besuchen Sie unseren Chemgramx-Onlineshop. Wir haben hochwertige Produkte wie 2c-b zu verkaufen. Bestellen Sie jetzt!\" \/>\n<meta name=\"robots\" content=\"index, follow, max-snippet:-1, max-image-preview:large, max-video-preview:-1\" \/>\n<link rel=\"canonical\" href=\"https:\/\/chemgramx.com\/cs\/produkt-1\/koupit-2c-b-online\/\" \/>\n<meta property=\"og:locale\" content=\"cs_CZ\" \/>\n<meta property=\"og:type\" content=\"article\" \/>\n<meta property=\"og:title\" content=\"2C-B online kaufen \u2013 2C-B zu verkaufen | chemgramx\" \/>\n<meta property=\"og:description\" content=\"Wenn Sie 2c-b online kaufen m\u00f6chten, besuchen Sie unseren Chemgramx-Onlineshop. Wir haben hochwertige Produkte wie 2c-b zu verkaufen. Bestellen Sie jetzt!\" \/>\n<meta property=\"og:url\" content=\"https:\/\/chemgramx.com\/cs\/produkt-1\/koupit-2c-b-online\/\" \/>\n<meta property=\"og:site_name\" content=\"Chemgramx\" \/>\n<meta property=\"article:modified_time\" content=\"2025-11-21T11:09:14+00:00\" \/>\n<meta property=\"og:image\" content=\"https:\/\/chemgramx.com\/wp-content\/uploads\/2025\/11\/2cb.jpg\" \/>\n\t<meta property=\"og:image:width\" content=\"600\" \/>\n\t<meta property=\"og:image:height\" content=\"400\" \/>\n\t<meta property=\"og:image:type\" content=\"image\/jpeg\" \/>\n<meta name=\"twitter:card\" content=\"summary_large_image\" \/>\n<meta name=\"twitter:label1\" content=\"Odhadovan\u00e1 doba \u010dten\u00ed\" \/>\n\t<meta name=\"twitter:data1\" content=\"3 minuty\" \/>\n<script type=\"application\/ld+json\" class=\"yoast-schema-graph\">{\"@context\":\"https:\\\/\\\/schema.org\",\"@graph\":[{\"@type\":\"WebPage\",\"@id\":\"https:\\\/\\\/chemgramx.com\\\/product\\\/2c-b-online-kaufen\\\/\",\"url\":\"https:\\\/\\\/chemgramx.com\\\/product\\\/2c-b-online-kaufen\\\/\",\"name\":\"2C-B online kaufen \u2013 2C-B zu verkaufen | chemgramx\",\"isPartOf\":{\"@id\":\"https:\\\/\\\/chemgramx.com\\\/#website\"},\"primaryImageOfPage\":{\"@id\":\"https:\\\/\\\/chemgramx.com\\\/product\\\/2c-b-online-kaufen\\\/#primaryimage\"},\"image\":{\"@id\":\"https:\\\/\\\/chemgramx.com\\\/product\\\/2c-b-online-kaufen\\\/#primaryimage\"},\"thumbnailUrl\":\"https:\\\/\\\/chemgramx.com\\\/wp-content\\\/uploads\\\/2025\\\/11\\\/2cb.jpg\",\"datePublished\":\"2025-11-21T11:08:50+00:00\",\"dateModified\":\"2025-11-21T11:09:14+00:00\",\"description\":\"Wenn Sie 2c-b online kaufen m\u00f6chten, besuchen Sie unseren Chemgramx-Onlineshop. Wir haben hochwertige Produkte wie 2c-b zu verkaufen. Bestellen Sie jetzt!\",\"breadcrumb\":{\"@id\":\"https:\\\/\\\/chemgramx.com\\\/product\\\/2c-b-online-kaufen\\\/#breadcrumb\"},\"inLanguage\":\"cs\",\"potentialAction\":[{\"@type\":\"ReadAction\",\"target\":[\"https:\\\/\\\/chemgramx.com\\\/product\\\/2c-b-online-kaufen\\\/\"]}]},{\"@type\":\"ImageObject\",\"inLanguage\":\"cs\",\"@id\":\"https:\\\/\\\/chemgramx.com\\\/product\\\/2c-b-online-kaufen\\\/#primaryimage\",\"url\":\"https:\\\/\\\/chemgramx.com\\\/wp-content\\\/uploads\\\/2025\\\/11\\\/2cb.jpg\",\"contentUrl\":\"https:\\\/\\\/chemgramx.com\\\/wp-content\\\/uploads\\\/2025\\\/11\\\/2cb.jpg\",\"width\":600,\"height\":400},{\"@type\":\"BreadcrumbList\",\"@id\":\"https:\\\/\\\/chemgramx.com\\\/product\\\/2c-b-online-kaufen\\\/#breadcrumb\",\"itemListElement\":[{\"@type\":\"ListItem\",\"position\":1,\"name\":\"Home\",\"item\":\"https:\\\/\\\/chemgramx.com\\\/\"},{\"@type\":\"ListItem\",\"position\":2,\"name\":\"Shop\",\"item\":\"https:\\\/\\\/chemgramx.com\\\/shop\\\/\"},{\"@type\":\"ListItem\",\"position\":3,\"name\":\"2C-B online kaufen\"}]},{\"@type\":\"WebSite\",\"@id\":\"https:\\\/\\\/chemgramx.com\\\/#website\",\"url\":\"https:\\\/\\\/chemgramx.com\\\/\",\"name\":\"Chemgramx\",\"description\":\"\",\"publisher\":{\"@id\":\"https:\\\/\\\/chemgramx.com\\\/#organization\"},\"potentialAction\":[{\"@type\":\"SearchAction\",\"target\":{\"@type\":\"EntryPoint\",\"urlTemplate\":\"https:\\\/\\\/chemgramx.com\\\/?s={search_term_string}\"},\"query-input\":{\"@type\":\"PropertyValueSpecification\",\"valueRequired\":true,\"valueName\":\"search_term_string\"}}],\"inLanguage\":\"cs\"},{\"@type\":\"Organization\",\"@id\":\"https:\\\/\\\/chemgramx.com\\\/#organization\",\"name\":\"Chemgramx\",\"url\":\"https:\\\/\\\/chemgramx.com\\\/\",\"logo\":{\"@type\":\"ImageObject\",\"inLanguage\":\"cs\",\"@id\":\"https:\\\/\\\/chemgramx.com\\\/#\\\/schema\\\/logo\\\/image\\\/\",\"url\":\"https:\\\/\\\/chemgramx.com\\\/wp-content\\\/uploads\\\/2024\\\/10\\\/final-logo.png\",\"contentUrl\":\"https:\\\/\\\/chemgramx.com\\\/wp-content\\\/uploads\\\/2024\\\/10\\\/final-logo.png\",\"width\":250,\"height\":48,\"caption\":\"Chemgramx\"},\"image\":{\"@id\":\"https:\\\/\\\/chemgramx.com\\\/#\\\/schema\\\/logo\\\/image\\\/\"}}]}<\/script>\n<!-- \/ Yoast SEO plugin. -->","yoast_head_json":{"title":"Koupit 2C-B online \u2013 2C-B na prodej | chemgramx","description":"Pokud si chcete koupit 2c-b online, nav\u0161tivte n\u00e1\u0161 internetov\u00fd obchod Chemgramx. Nab\u00edz\u00edme k prodeji vysoce kvalitn\u00ed produkty, jako je 2c-b. Objednejte si hned!","robots":{"index":"index","follow":"follow","max-snippet":"max-snippet:-1","max-image-preview":"max-image-preview:large","max-video-preview":"max-video-preview:-1"},"canonical":"https:\/\/chemgramx.com\/cs\/produkt-1\/koupit-2c-b-online\/","og_locale":"cs_CZ","og_type":"article","og_title":"2C-B online kaufen \u2013 2C-B zu verkaufen | chemgramx","og_description":"Wenn Sie 2c-b online kaufen m\u00f6chten, besuchen Sie unseren Chemgramx-Onlineshop. Wir haben hochwertige Produkte wie 2c-b zu verkaufen. Bestellen Sie jetzt!","og_url":"https:\/\/chemgramx.com\/cs\/produkt-1\/koupit-2c-b-online\/","og_site_name":"Chemgramx","article_modified_time":"2025-11-21T11:09:14+00:00","og_image":[{"width":600,"height":400,"url":"https:\/\/chemgramx.com\/wp-content\/uploads\/2025\/11\/2cb.jpg","type":"image\/jpeg"}],"twitter_card":"summary_large_image","twitter_misc":{"Odhadovan\u00e1 doba \u010dten\u00ed":"3 minuty"},"schema":{"@context":"https:\/\/schema.org","@graph":[{"@type":"WebPage","@id":"https:\/\/chemgramx.com\/product\/2c-b-online-kaufen\/","url":"https:\/\/chemgramx.com\/product\/2c-b-online-kaufen\/","name":"Koupit 2C-B online \u2013 2C-B na prodej | chemgramx","isPartOf":{"@id":"https:\/\/chemgramx.com\/#website"},"primaryImageOfPage":{"@id":"https:\/\/chemgramx.com\/product\/2c-b-online-kaufen\/#primaryimage"},"image":{"@id":"https:\/\/chemgramx.com\/product\/2c-b-online-kaufen\/#primaryimage"},"thumbnailUrl":"https:\/\/chemgramx.com\/wp-content\/uploads\/2025\/11\/2cb.jpg","datePublished":"2025-11-21T11:08:50+00:00","dateModified":"2025-11-21T11:09:14+00:00","description":"Pokud si chcete koupit 2c-b online, nav\u0161tivte n\u00e1\u0161 internetov\u00fd obchod Chemgramx. Nab\u00edz\u00edme k prodeji vysoce kvalitn\u00ed produkty, jako je 2c-b. Objednejte si hned!","breadcrumb":{"@id":"https:\/\/chemgramx.com\/product\/2c-b-online-kaufen\/#breadcrumb"},"inLanguage":"cs","potentialAction":[{"@type":"ReadAction","target":["https:\/\/chemgramx.com\/product\/2c-b-online-kaufen\/"]}]},{"@type":"ImageObject","inLanguage":"cs","@id":"https:\/\/chemgramx.com\/product\/2c-b-online-kaufen\/#primaryimage","url":"https:\/\/chemgramx.com\/wp-content\/uploads\/2025\/11\/2cb.jpg","contentUrl":"https:\/\/chemgramx.com\/wp-content\/uploads\/2025\/11\/2cb.jpg","width":600,"height":400},{"@type":"BreadcrumbList","@id":"https:\/\/chemgramx.com\/product\/2c-b-online-kaufen\/#breadcrumb","itemListElement":[{"@type":"ListItem","position":1,"name":"Home","item":"https:\/\/chemgramx.com\/"},{"@type":"ListItem","position":2,"name":"Shop","item":"https:\/\/chemgramx.com\/shop\/"},{"@type":"ListItem","position":3,"name":"2C-B online kaufen"}]},{"@type":"WebSite","@id":"https:\/\/chemgramx.com\/#website","url":"https:\/\/chemgramx.com\/","name":"Chemgramx","description":"","publisher":{"@id":"https:\/\/chemgramx.com\/#organization"},"potentialAction":[{"@type":"SearchAction","target":{"@type":"EntryPoint","urlTemplate":"https:\/\/chemgramx.com\/?s={search_term_string}"},"query-input":{"@type":"PropertyValueSpecification","valueRequired":true,"valueName":"search_term_string"}}],"inLanguage":"cs"},{"@type":"Organization","@id":"https:\/\/chemgramx.com\/#organization","name":"Chemgramx","url":"https:\/\/chemgramx.com\/","logo":{"@type":"ImageObject","inLanguage":"cs","@id":"https:\/\/chemgramx.com\/#\/schema\/logo\/image\/","url":"https:\/\/chemgramx.com\/wp-content\/uploads\/2024\/10\/final-logo.png","contentUrl":"https:\/\/chemgramx.com\/wp-content\/uploads\/2024\/10\/final-logo.png","width":250,"height":48,"caption":"Chemgramx"},"image":{"@id":"https:\/\/chemgramx.com\/#\/schema\/logo\/image\/"}}]}},"_links":{"self":[{"href":"https:\/\/chemgramx.com\/cs\/wp-json\/wp\/v2\/product\/6736","targetHints":{"allow":["GET"]}}],"collection":[{"href":"https:\/\/chemgramx.com\/cs\/wp-json\/wp\/v2\/product"}],"about":[{"href":"https:\/\/chemgramx.com\/cs\/wp-json\/wp\/v2\/types\/product"}],"replies":[{"embeddable":true,"href":"https:\/\/chemgramx.com\/cs\/wp-json\/wp\/v2\/comments?post=6736"}],"wp:featuredmedia":[{"embeddable":true,"href":"https:\/\/chemgramx.com\/cs\/wp-json\/wp\/v2\/media\/6764"}],"wp:attachment":[{"href":"https:\/\/chemgramx.com\/cs\/wp-json\/wp\/v2\/media?parent=6736"}],"wp:term":[{"taxonomy":"product_brand","embeddable":true,"href":"https:\/\/chemgramx.com\/cs\/wp-json\/wp\/v2\/product_brand?post=6736"},{"taxonomy":"product_cat","embeddable":true,"href":"https:\/\/chemgramx.com\/cs\/wp-json\/wp\/v2\/product_cat?post=6736"},{"taxonomy":"product_tag","embeddable":true,"href":"https:\/\/chemgramx.com\/cs\/wp-json\/wp\/v2\/product_tag?post=6736"}],"curies":[{"name":"wp","href":"https:\/\/api.w.org\/{rel}","templated":true}]}}