{"id":6742,"date":"2025-11-21T11:08:51","date_gmt":"2025-11-21T11:08:51","guid":{"rendered":"https:\/\/chemgramx.com\/?post_type=product&#038;p=6742"},"modified":"2025-11-21T11:09:50","modified_gmt":"2025-11-21T11:09:50","slug":"koupit-2c-t-2-online","status":"publish","type":"product","link":"https:\/\/chemgramx.com\/cs\/product\/2c-t-2-online-kaufen\/","title":{"rendered":"Koupit 2C-T-2 online"},"content":{"rendered":"<p>T\u0159\u00edda <b>2C-fenylamin<\/b> a jejich <b>Thiov\u00e9 analogy<\/b> p\u0159edstavuj\u00ed d\u016fle\u017eitou oblast pro zkoum\u00e1n\u00ed <b>serotonergn\u00ed neurofarmakologie<\/b> reprezentovat. <b>2C-T-2<\/b> je syntetick\u00e1 v\u00fdzkumn\u00e1 chemick\u00e1 l\u00e1tka, kter\u00e1 <b>v\u00fdhradn\u011b<\/b> je ur\u010den pro analytick\u00e1 a v\u011bdeck\u00e1 zkoum\u00e1n\u00ed v p\u0159\u00edsn\u011b kontrolovan\u00e9m laboratorn\u00edm prost\u0159ed\u00ed. D\u00edky sv\u00e9 specifick\u00e9 <b>Etylthiov\u00e1 substituce<\/b> a souvisej\u00edc\u00ed farmakologick\u00e9 vlastnosti, slou\u017e\u00ed 2C-T-2 jako z\u00e1kladn\u00ed modelov\u00fd syst\u00e9m v oblasti <b>V\u00fdzkum receptor\u016f<\/b>.<\/p>\n<p>Tato vysoce \u010dist\u00e1 l\u00e1tka je <b>v\u00fdhradn\u011b pro analytick\u00e9 a v\u011bdeck\u00e9 studie<\/b> nab\u00edzen\u00e9. Zd\u016fraz\u0148ujeme, \u017ee 2C-T-2 je d\u00edky sv\u00e9 zn\u00e1m\u00e9 farmakologick\u00e9 aktivit\u011b <b>nejp\u0159\u00edsn\u011bj\u0161\u00ed bezpe\u010dnostn\u00ed a pr\u00e1vn\u00ed protokoly<\/b> podl\u00e9h\u00e1 a <b>nejsou ur\u010deny k lidsk\u00e9 spot\u0159eb\u011b<\/b> je.<\/p>\n<h2>Chemick\u00fd profil, p\u016fvod a farmakologick\u00fd v\u00fdznam<\/h2>\n<p>Pozn\u00e1n\u00ed chemick\u00e9 struktury 2C-T-2 a jeho \u00fa\u010dink\u016f na centr\u00e1ln\u00ed nervov\u00fd syst\u00e9m je hlavn\u00edm c\u00edlem v\u00fdzkumu, v n\u011bm\u017e se tento materi\u00e1l pou\u017e\u00edv\u00e1.<\/p>\n<h3>P\u016fvod a chemick\u00fd profil<\/h3>\n<p><b>2C-T-2<\/b> (Cel\u00fd chemick\u00fd n\u00e1zev: <b>2,5-dimethoxy-4-ethylthio-fenetilamin<\/b>) pat\u0159\u00ed do t\u0159\u00eddy <b>Thio-<a href=\"\/product\/3me-fentanyl-online-kaufen\/\">Analogy<\/a><\/b> fenetylamin\u016f. Vyvinul ji Alexander Shulgin a poprv\u00e9 ji popsal a zdokumentoval ve sv\u00e9 pr\u00e1ci \u201ePiHKAL\u201c.<\/p>\n<p>Molekul\u00e1rn\u00ed struktura je definov\u00e1na takto<\/p>\n<ul>\n<li><b>Thiov\u00fd analog:<\/b> Na rozd\u00edl od \u010dist\u00fdch fenetylamin\u016f obsahuje tato molekula <b>Etylthiov\u00e1 skupina<\/b> na <span class=\"math-inline\" data-math=\"mathbf{4}\">4<\/span>-pozice fenylov\u00e9ho kruhu, kter\u00e1 v\u00fdrazn\u011b ovliv\u0148uje jeho lipofilitu a metabolick\u00fd osud.<\/li>\n<li><b>Dimethoxy substituce:<\/b> Na str\u00e1nk\u00e1ch <span class=\"math-inline\" data-math=\"mathbf{2,5}\">2,5<\/span>&#8211;<b>Dimethoxy skupiny<\/b> na fenylov\u00e9m kruhu jsou charakteristick\u00e9 pro skupinu 2C a ovliv\u0148uj\u00ed afinitu k serotoninov\u00fdm receptor\u016fm.<\/li>\n<\/ul>\n<p><b>2C-T-2<\/b> je dob\u0159e zn\u00e1m\u00fd d\u00edky v\u00fdzkumn\u00fdm zpr\u00e1v\u00e1m popisuj\u00edc\u00edm <b>vizu\u00e1ln\u00ed halucinace<\/b>, <b>smyslov\u00e9 zes\u00edlen\u00ed<\/b> a <b>M\u00edrn\u011b entaktogenn\u00ed vlastnosti<\/b>. V porovn\u00e1n\u00ed s ostatn\u00edmi z\u00e1stupci \u0159ady 2C nab\u00edz\u00ed 2C-T-2 vyv\u00e1\u017een\u00fd pom\u011br mezi psychedelickou intenzitou a d\u00e9lkou trv\u00e1n\u00ed. Ovliv\u0148uje p\u0159edev\u0161\u00edm <b>serotonergn\u00ed syst\u00e9m<\/b>.<\/p>\n<h3>Molekul\u00e1rn\u00ed zp\u016fsob \u00fa\u010dinku a v\u00fdzkumn\u00e9 aplikace<\/h3>\n<p>V\u00fdzkumn\u00fd v\u00fdznam 2C-T-2 spo\u010d\u00edv\u00e1 p\u0159edev\u0161\u00edm v jeho afinit\u011b k <b>serotonergn\u00ed receptory<\/b> a jeho specifickou chemickou signaturu.<\/p>\n<p><b>1. z\u00e1kladn\u00ed neurov\u011bdeck\u00fd v\u00fdzkum a psychofarmakologie:<\/b><\/p>\n<ul>\n<li><b>Mechanismus \u00fa\u010dinku:<\/b> L\u00e1tka se pou\u017e\u00edv\u00e1 k anal\u00fdze <b>funk\u010dn\u00ed \u010dinnost<\/b> a <b>Kinetika vazby<\/b> na serotoninov\u00fdch receptorech.<\/li>\n<li><b>Studie o zm\u011bn\u00e1ch v\u011bdom\u00ed:<\/b> Anal\u00fdza molekul\u00e1rn\u00edch mechanism\u016f, kter\u00e9 <b>vizu\u00e1ln\u00ed efekty<\/b> a <b>empatogenn\u00ed prvky<\/b> jsou z\u00e1kladem.<\/li>\n<li><b>Srovn\u00e1vac\u00ed studie:<\/b> D\u016fle\u017eit\u00e9 pro <b>V\u00fdzkum vztah\u016f mezi strukturou a \u010dinnost\u00ed (SAR)<\/b>, objasnit \u00fa\u010dinky ethylthio zbytku ve srovn\u00e1n\u00ed s methylthio nebo isopropylthio substituenty.<\/li>\n<\/ul>\n<p><b>2. analytick\u00e1 chemie a forenzn\u00ed v\u00fdzkum:<\/b><\/p>\n<ul>\n<li><b>Analytick\u00e1 chemie a forenzn\u00ed v\u00fdzkum:<\/b> Materi\u00e1l slou\u017e\u00ed jako <b>analytick\u00fd standard<\/b> pro v\u00fdvoj a validaci detek\u010dn\u00edch metod s pou\u017eit\u00edm <b>HPLC<\/b> nebo <b>GC\/MS<\/b>.<\/li>\n<li><b>Objasn\u011bn\u00ed struktury:<\/b> Pou\u017e\u00edv\u00e1 se ke stanoven\u00ed referen\u010dn\u00edch spekter pro identifikaci nezn\u00e1m\u00fdch vzork\u016f ve forenzn\u00edch aplikac\u00edch.<\/li>\n<\/ul>\n<h2>Po\u017eadavky na zaji\u0161t\u011bn\u00ed analytick\u00e9 kvality a laborato\u0159e<\/h2>\n<p>Integrita v\u00fdzkumu vy\u017eaduje nejvy\u0161\u0161\u00ed \u00farove\u0148 \u010distoty. <span class=\"math-inline\" data-math=\"mathbf{ge 98%}\">98%<\/span>\u00a0a \u00faplnou dokumentaci materi\u00e1lu.<\/p>\n<h3>Kvalitativn\u00ed charakteristiky v\u00fdzkumn\u00e9ho materi\u00e1lu<\/h3>\n<ul>\n<li><b>Z\u00e1ruka \u010distoty:<\/b> Chemick\u00e1 \u010distota pr\u00e1\u0161ku 2C-T-2 mus\u00ed b\u00fdt <b>Laboratorn\u00ed testy<\/b> kter\u00e9 maj\u00ed \u010distotu <span class=\"math-inline\" data-math=\"mathbf{ge 98%}\">98%<\/span>\u00a0potvrdit.<\/li>\n<li><b>Dokumentace:<\/b> Ka\u017ed\u00e1 \u0161ar\u017ee je ozna\u010dena <b>\u00fapln\u00e9 certifik\u00e1ty anal\u00fdzy (CoA)<\/b> doru\u010deno.<\/li>\n<li><b>D\u016fslednost:<\/b> <b>Konzistentn\u00ed konzistence \u0161ar\u017e\u00ed<\/b> je povinn\u00e1.<\/li>\n<\/ul>\n<h3>Skladov\u00e1n\u00ed a bezpe\u010dnostn\u00ed po\u017eadavky<\/h3>\n<p>Manipulace s t\u00edmto siln\u00fdm materi\u00e1lem vy\u017eaduje p\u0159\u00edsn\u00e9 dodr\u017eov\u00e1n\u00ed standard\u016f SLP.<\/p>\n<p><b>1. po\u017eadovan\u00e1 bezpe\u010dnostn\u00ed opat\u0159en\u00ed:<\/b><\/p>\n<ul>\n<li><b>Osobn\u00ed ochrann\u00e9 prost\u0159edky (OOP):<\/b> Laboratorn\u00ed pl\u00e1\u0161t\u011b, jednor\u00e1zov\u00e9 rukavice a ochrann\u00e9 br\u00fdle jsou povinn\u00e9.<\/li>\n<li><b>V\u011btr\u00e1n\u00ed:<\/b> Manipulace s pr\u00e1\u0161kem vy\u017eaduje pr\u00e1ci pod <b>Chemick\u00e1 digesto\u0159<\/b>.<\/li>\n<\/ul>\n<p><b>2. optim\u00e1ln\u00ed skladov\u00e1n\u00ed:<\/b><\/p>\n<ul>\n<li><b>Teplota:<\/b> Materi\u00e1l by m\u011bl <b>cool<\/b> (v ide\u00e1ln\u00edm p\u0159\u00edpad\u011b <span class=\"math-inline\" data-math=\"mathbf{-20^circ C}\">-20C)<\/span>\u00a0a <b>such\u00e9<\/b> b\u00fdt ulo\u017eeny.<\/li>\n<li><b>Ochrana proti sv\u011btlu:<\/b> Skladov\u00e1n\u00ed v <b>tmav\u00e9, nepr\u016fhledn\u00e9 n\u00e1doby<\/b>.<\/li>\n<\/ul>\n<h2>Regula\u010dn\u00ed r\u00e1mec a etick\u00e1 odpov\u011bdnost<\/h2>\n<p>Z\u00e1konn\u00e9 a regula\u010dn\u00ed po\u017eadavky na 2C-T-2 jsou velmi slo\u017eit\u00e9 a vy\u017eaduj\u00ed p\u0159\u00edsn\u00e9 dodr\u017eov\u00e1n\u00ed ze strany v\u00fdzkumn\u00fdch instituc\u00ed.<\/p>\n<h3>Pr\u00e1vn\u00ed status (v z\u00e1vislosti na jurisdikci)<\/h3>\n<p>Pr\u00e1vn\u00ed status 2C-T-2 se v mezin\u00e1rodn\u00edm m\u011b\u0159\u00edtku zna\u010dn\u011b li\u0161\u00ed:<\/p>\n<ul>\n<li>V mnoha regionech je <b>Zak\u00e1zan\u00e9 nebo regulovan\u00e9<\/b>.<\/li>\n<li><b>Povinnost:<\/b> V\u00fdzkumn\u00e9 instituce mus\u00ed <b>p\u0159ed n\u00e1kupem zkontrolujte platn\u00e9 p\u0159edpisy p\u0159\u00edslu\u0161n\u00e9 jurisdikce.<\/b>.<\/li>\n<\/ul>\n<h3>Po\u017eadavky na kontrolu akvizice a objedn\u00e1v\u00e1n\u00ed<\/h3>\n<p>Z\u00edsk\u00e1n\u00ed 2C-T-2 je p\u0159\u00edsn\u011b omezeno na zdokumentovan\u00fd v\u011bdeck\u00fd v\u00fdzkum.<\/p>\n<ul>\n<li><b>Certifik\u00e1t Institutu:<\/b> Dokumentace v\u00fdzkumn\u00e9 instituce nebo laborato\u0159e je povinn\u00e1.<\/li>\n<li><b>Ur\u010den\u00e9 pou\u017eit\u00ed:<\/b> Je t\u0159eba p\u0159edlo\u017eit v\u011bdeck\u00fd popis v\u00fdzkumn\u00e9ho projektu.<\/li>\n<\/ul>\n<p><b>D\u016fle\u017eit\u00e9 upozorn\u011bn\u00ed:<\/b> 2C-T-2 je <b>v\u00fdhradn\u011b pro v\u00fdzkumn\u00e9 \u00fa\u010dely<\/b> a <b>nejsou ur\u010deny k lidsk\u00e9 spot\u0159eb\u011b<\/b>. Jak\u00e9koli neopr\u00e1vn\u011bn\u00e9 pou\u017eit\u00ed p\u0159edstavuje z\u00e1va\u017en\u00e9 poru\u0161en\u00ed.<\/p>\n<h2>Z\u00e1v\u011br<\/h2>\n<p>2C-T-2 slou\u017e\u00ed jako cenn\u00fd modelov\u00fd syst\u00e9m v neurofarmakologii pro rozlu\u0161t\u011bn\u00ed mechanism\u016f \u00fa\u010dinku thioanalog\u016f na serotonergn\u00ed receptory. Laborato\u0159e a v\u011bdeck\u00e9 instituce mus\u00ed dodr\u017eovat nejvy\u0161\u0161\u00ed kvalitu a p\u0159\u00edsn\u00e9 <b>Dodr\u017eov\u00e1n\u00ed v\u0161ech z\u00e1kon\u016f a bezpe\u010dnostn\u00edch protokol\u016f<\/b> z\u00e1ruka.<\/p>","protected":false},"excerpt":{"rendered":"<p style=\"text-align: center;\">2C-T-2<\/p>\n<hr \/>\n<p>2C-T-2 je vysoce \u010dist\u00e1 syntetick\u00e1 chemik\u00e1lie pro v\u011bdeck\u00fd v\u00fdzkum. Tento produkt je ide\u00e1ln\u00ed pro farmakologick\u00e9 studie, anal\u00fdzy receptor\u016f a chemick\u00e9 experimenty. Ka\u017ed\u00e1 \u0161ar\u017ee proch\u00e1z\u00ed p\u0159\u00edsn\u00fdm testov\u00e1n\u00edm, aby byla zaji\u0161t\u011bna spolehlivost a stabilita. Pouze pro laboratorn\u00ed pou\u017eit\u00ed.<\/p>","protected":false},"featured_media":6770,"comment_status":"open","ping_status":"closed","template":"","meta":{"_joinchat":[]},"product_brand":[],"product_cat":[1795],"product_tag":[1844,1850,1845,1848,1849,1847,1846,188,1814,1841],"class_list":{"0":"post-6742","1":"product","2":"type-product","3":"status-publish","4":"has-post-thumbnail","6":"product_cat-2c-serie","7":"product_tag-2c-t-2","8":"product_tag-2c-t-2-chemikalien","9":"product_tag-2c-t-2-kaufen","10":"product_tag-2c-t-2-kristalle","11":"product_tag-2c-t-2-online","12":"product_tag-2c-t-2-pulver","13":"product_tag-2c-t-2-zum-verkauf","14":"product_tag-forschungschemikalien","15":"product_tag-forschungsstoffe-kaufen","16":"product_tag-synthetische-phenethylamine","18":"first","19":"instock","20":"shipping-taxable","21":"purchasable","22":"product-type-variable"},"yoast_head":"<!-- This site is optimized with the Yoast SEO plugin v27.5 - https:\/\/yoast.com\/product\/yoast-seo-wordpress\/ -->\n<title>2C-T-2 online kaufen \u2013 2C-T-2 zu verkaufen | chemgramx<\/title>\n<meta name=\"description\" content=\"Wir sind der f\u00fchrende Shop mit 2c-t-2 zum Verkauf. Wenn Sie 2c-t-2 online kaufen m\u00f6chten, kontaktieren Sie uns sofort und lassen Sie sich die Bestellung liefern. Jetzt bestellen!\" \/>\n<meta name=\"robots\" content=\"index, follow, max-snippet:-1, max-image-preview:large, max-video-preview:-1\" \/>\n<link rel=\"canonical\" href=\"https:\/\/chemgramx.com\/cs\/produkt-1\/koupit-2c-t-2-online\/\" \/>\n<meta property=\"og:locale\" content=\"cs_CZ\" \/>\n<meta property=\"og:type\" content=\"article\" \/>\n<meta property=\"og:title\" content=\"2C-T-2 online kaufen \u2013 2C-T-2 zu verkaufen | chemgramx\" \/>\n<meta property=\"og:description\" content=\"Wir sind der f\u00fchrende Shop mit 2c-t-2 zum Verkauf. Wenn Sie 2c-t-2 online kaufen m\u00f6chten, kontaktieren Sie uns sofort und lassen Sie sich die Bestellung liefern. Jetzt bestellen!\" \/>\n<meta property=\"og:url\" content=\"https:\/\/chemgramx.com\/cs\/produkt-1\/koupit-2c-t-2-online\/\" \/>\n<meta property=\"og:site_name\" content=\"Chemgramx\" \/>\n<meta property=\"article:modified_time\" content=\"2025-11-21T11:09:50+00:00\" \/>\n<meta property=\"og:image\" content=\"https:\/\/chemgramx.com\/wp-content\/uploads\/2025\/11\/2ct2.jpg\" \/>\n\t<meta property=\"og:image:width\" content=\"600\" \/>\n\t<meta property=\"og:image:height\" content=\"400\" \/>\n\t<meta property=\"og:image:type\" content=\"image\/jpeg\" \/>\n<meta name=\"twitter:card\" content=\"summary_large_image\" \/>\n<meta name=\"twitter:label1\" content=\"Odhadovan\u00e1 doba \u010dten\u00ed\" \/>\n\t<meta name=\"twitter:data1\" content=\"3 minuty\" \/>\n<script type=\"application\/ld+json\" class=\"yoast-schema-graph\">{\"@context\":\"https:\\\/\\\/schema.org\",\"@graph\":[{\"@type\":\"WebPage\",\"@id\":\"https:\\\/\\\/chemgramx.com\\\/product\\\/2c-t-2-online-kaufen\\\/\",\"url\":\"https:\\\/\\\/chemgramx.com\\\/product\\\/2c-t-2-online-kaufen\\\/\",\"name\":\"2C-T-2 online kaufen \u2013 2C-T-2 zu verkaufen | chemgramx\",\"isPartOf\":{\"@id\":\"https:\\\/\\\/chemgramx.com\\\/#website\"},\"primaryImageOfPage\":{\"@id\":\"https:\\\/\\\/chemgramx.com\\\/product\\\/2c-t-2-online-kaufen\\\/#primaryimage\"},\"image\":{\"@id\":\"https:\\\/\\\/chemgramx.com\\\/product\\\/2c-t-2-online-kaufen\\\/#primaryimage\"},\"thumbnailUrl\":\"https:\\\/\\\/chemgramx.com\\\/wp-content\\\/uploads\\\/2025\\\/11\\\/2ct2.jpg\",\"datePublished\":\"2025-11-21T11:08:51+00:00\",\"dateModified\":\"2025-11-21T11:09:50+00:00\",\"description\":\"Wir sind der f\u00fchrende Shop mit 2c-t-2 zum Verkauf. Wenn Sie 2c-t-2 online kaufen m\u00f6chten, kontaktieren Sie uns sofort und lassen Sie sich die Bestellung liefern. Jetzt bestellen!\",\"breadcrumb\":{\"@id\":\"https:\\\/\\\/chemgramx.com\\\/product\\\/2c-t-2-online-kaufen\\\/#breadcrumb\"},\"inLanguage\":\"cs\",\"potentialAction\":[{\"@type\":\"ReadAction\",\"target\":[\"https:\\\/\\\/chemgramx.com\\\/product\\\/2c-t-2-online-kaufen\\\/\"]}]},{\"@type\":\"ImageObject\",\"inLanguage\":\"cs\",\"@id\":\"https:\\\/\\\/chemgramx.com\\\/product\\\/2c-t-2-online-kaufen\\\/#primaryimage\",\"url\":\"https:\\\/\\\/chemgramx.com\\\/wp-content\\\/uploads\\\/2025\\\/11\\\/2ct2.jpg\",\"contentUrl\":\"https:\\\/\\\/chemgramx.com\\\/wp-content\\\/uploads\\\/2025\\\/11\\\/2ct2.jpg\",\"width\":600,\"height\":400},{\"@type\":\"BreadcrumbList\",\"@id\":\"https:\\\/\\\/chemgramx.com\\\/product\\\/2c-t-2-online-kaufen\\\/#breadcrumb\",\"itemListElement\":[{\"@type\":\"ListItem\",\"position\":1,\"name\":\"Home\",\"item\":\"https:\\\/\\\/chemgramx.com\\\/\"},{\"@type\":\"ListItem\",\"position\":2,\"name\":\"Shop\",\"item\":\"https:\\\/\\\/chemgramx.com\\\/shop\\\/\"},{\"@type\":\"ListItem\",\"position\":3,\"name\":\"2C-T-2 Online kaufen\"}]},{\"@type\":\"WebSite\",\"@id\":\"https:\\\/\\\/chemgramx.com\\\/#website\",\"url\":\"https:\\\/\\\/chemgramx.com\\\/\",\"name\":\"Chemgramx\",\"description\":\"\",\"publisher\":{\"@id\":\"https:\\\/\\\/chemgramx.com\\\/#organization\"},\"potentialAction\":[{\"@type\":\"SearchAction\",\"target\":{\"@type\":\"EntryPoint\",\"urlTemplate\":\"https:\\\/\\\/chemgramx.com\\\/?s={search_term_string}\"},\"query-input\":{\"@type\":\"PropertyValueSpecification\",\"valueRequired\":true,\"valueName\":\"search_term_string\"}}],\"inLanguage\":\"cs\"},{\"@type\":\"Organization\",\"@id\":\"https:\\\/\\\/chemgramx.com\\\/#organization\",\"name\":\"Chemgramx\",\"url\":\"https:\\\/\\\/chemgramx.com\\\/\",\"logo\":{\"@type\":\"ImageObject\",\"inLanguage\":\"cs\",\"@id\":\"https:\\\/\\\/chemgramx.com\\\/#\\\/schema\\\/logo\\\/image\\\/\",\"url\":\"https:\\\/\\\/chemgramx.com\\\/wp-content\\\/uploads\\\/2024\\\/10\\\/final-logo.png\",\"contentUrl\":\"https:\\\/\\\/chemgramx.com\\\/wp-content\\\/uploads\\\/2024\\\/10\\\/final-logo.png\",\"width\":250,\"height\":48,\"caption\":\"Chemgramx\"},\"image\":{\"@id\":\"https:\\\/\\\/chemgramx.com\\\/#\\\/schema\\\/logo\\\/image\\\/\"}}]}<\/script>\n<!-- \/ Yoast SEO plugin. -->","yoast_head_json":{"title":"Koupit 2C-T-2 online \u2013 2C-T-2 na prodej | chemgramx","description":"Jsme p\u0159edn\u00ed obchod s 2c-t-2 na prodej. Pokud si chcete koupit 2c-t-2 online, ihned n\u00e1s kontaktujte a nechte si svou objedn\u00e1vku doru\u010dit. Objednejte si hned!","robots":{"index":"index","follow":"follow","max-snippet":"max-snippet:-1","max-image-preview":"max-image-preview:large","max-video-preview":"max-video-preview:-1"},"canonical":"https:\/\/chemgramx.com\/cs\/produkt-1\/koupit-2c-t-2-online\/","og_locale":"cs_CZ","og_type":"article","og_title":"2C-T-2 online kaufen \u2013 2C-T-2 zu verkaufen | chemgramx","og_description":"Wir sind der f\u00fchrende Shop mit 2c-t-2 zum Verkauf. Wenn Sie 2c-t-2 online kaufen m\u00f6chten, kontaktieren Sie uns sofort und lassen Sie sich die Bestellung liefern. Jetzt bestellen!","og_url":"https:\/\/chemgramx.com\/cs\/produkt-1\/koupit-2c-t-2-online\/","og_site_name":"Chemgramx","article_modified_time":"2025-11-21T11:09:50+00:00","og_image":[{"width":600,"height":400,"url":"https:\/\/chemgramx.com\/wp-content\/uploads\/2025\/11\/2ct2.jpg","type":"image\/jpeg"}],"twitter_card":"summary_large_image","twitter_misc":{"Odhadovan\u00e1 doba \u010dten\u00ed":"3 minuty"},"schema":{"@context":"https:\/\/schema.org","@graph":[{"@type":"WebPage","@id":"https:\/\/chemgramx.com\/product\/2c-t-2-online-kaufen\/","url":"https:\/\/chemgramx.com\/product\/2c-t-2-online-kaufen\/","name":"Koupit 2C-T-2 online \u2013 2C-T-2 na prodej | chemgramx","isPartOf":{"@id":"https:\/\/chemgramx.com\/#website"},"primaryImageOfPage":{"@id":"https:\/\/chemgramx.com\/product\/2c-t-2-online-kaufen\/#primaryimage"},"image":{"@id":"https:\/\/chemgramx.com\/product\/2c-t-2-online-kaufen\/#primaryimage"},"thumbnailUrl":"https:\/\/chemgramx.com\/wp-content\/uploads\/2025\/11\/2ct2.jpg","datePublished":"2025-11-21T11:08:51+00:00","dateModified":"2025-11-21T11:09:50+00:00","description":"Jsme p\u0159edn\u00ed obchod s 2c-t-2 na prodej. Pokud si chcete koupit 2c-t-2 online, ihned n\u00e1s kontaktujte a nechte si svou objedn\u00e1vku doru\u010dit. Objednejte si hned!","breadcrumb":{"@id":"https:\/\/chemgramx.com\/product\/2c-t-2-online-kaufen\/#breadcrumb"},"inLanguage":"cs","potentialAction":[{"@type":"ReadAction","target":["https:\/\/chemgramx.com\/product\/2c-t-2-online-kaufen\/"]}]},{"@type":"ImageObject","inLanguage":"cs","@id":"https:\/\/chemgramx.com\/product\/2c-t-2-online-kaufen\/#primaryimage","url":"https:\/\/chemgramx.com\/wp-content\/uploads\/2025\/11\/2ct2.jpg","contentUrl":"https:\/\/chemgramx.com\/wp-content\/uploads\/2025\/11\/2ct2.jpg","width":600,"height":400},{"@type":"BreadcrumbList","@id":"https:\/\/chemgramx.com\/product\/2c-t-2-online-kaufen\/#breadcrumb","itemListElement":[{"@type":"ListItem","position":1,"name":"Home","item":"https:\/\/chemgramx.com\/"},{"@type":"ListItem","position":2,"name":"Shop","item":"https:\/\/chemgramx.com\/shop\/"},{"@type":"ListItem","position":3,"name":"2C-T-2 Online kaufen"}]},{"@type":"WebSite","@id":"https:\/\/chemgramx.com\/#website","url":"https:\/\/chemgramx.com\/","name":"Chemgramx","description":"","publisher":{"@id":"https:\/\/chemgramx.com\/#organization"},"potentialAction":[{"@type":"SearchAction","target":{"@type":"EntryPoint","urlTemplate":"https:\/\/chemgramx.com\/?s={search_term_string}"},"query-input":{"@type":"PropertyValueSpecification","valueRequired":true,"valueName":"search_term_string"}}],"inLanguage":"cs"},{"@type":"Organization","@id":"https:\/\/chemgramx.com\/#organization","name":"Chemgramx","url":"https:\/\/chemgramx.com\/","logo":{"@type":"ImageObject","inLanguage":"cs","@id":"https:\/\/chemgramx.com\/#\/schema\/logo\/image\/","url":"https:\/\/chemgramx.com\/wp-content\/uploads\/2024\/10\/final-logo.png","contentUrl":"https:\/\/chemgramx.com\/wp-content\/uploads\/2024\/10\/final-logo.png","width":250,"height":48,"caption":"Chemgramx"},"image":{"@id":"https:\/\/chemgramx.com\/#\/schema\/logo\/image\/"}}]}},"_links":{"self":[{"href":"https:\/\/chemgramx.com\/cs\/wp-json\/wp\/v2\/product\/6742","targetHints":{"allow":["GET"]}}],"collection":[{"href":"https:\/\/chemgramx.com\/cs\/wp-json\/wp\/v2\/product"}],"about":[{"href":"https:\/\/chemgramx.com\/cs\/wp-json\/wp\/v2\/types\/product"}],"replies":[{"embeddable":true,"href":"https:\/\/chemgramx.com\/cs\/wp-json\/wp\/v2\/comments?post=6742"}],"wp:featuredmedia":[{"embeddable":true,"href":"https:\/\/chemgramx.com\/cs\/wp-json\/wp\/v2\/media\/6770"}],"wp:attachment":[{"href":"https:\/\/chemgramx.com\/cs\/wp-json\/wp\/v2\/media?parent=6742"}],"wp:term":[{"taxonomy":"product_brand","embeddable":true,"href":"https:\/\/chemgramx.com\/cs\/wp-json\/wp\/v2\/product_brand?post=6742"},{"taxonomy":"product_cat","embeddable":true,"href":"https:\/\/chemgramx.com\/cs\/wp-json\/wp\/v2\/product_cat?post=6742"},{"taxonomy":"product_tag","embeddable":true,"href":"https:\/\/chemgramx.com\/cs\/wp-json\/wp\/v2\/product_tag?post=6742"}],"curies":[{"name":"wp","href":"https:\/\/api.w.org\/{rel}","templated":true}]}}