{"id":6816,"date":"2025-11-21T11:09:30","date_gmt":"2025-11-21T11:09:30","guid":{"rendered":"https:\/\/chemgramx.com\/?post_type=product&#038;p=6816"},"modified":"2025-11-21T11:09:51","modified_gmt":"2025-11-21T11:09:51","slug":"koupit-dutch-crystal-meth","status":"publish","type":"product","link":"https:\/\/chemgramx.com\/cs\/product\/kaufen-sie-niederlaendisches-crystal-meth\/","title":{"rendered":"Koupit holandsk\u00fd metamfetamin"},"content":{"rendered":"<p><strong data-start=\"66\" data-end=\"85\"><span dir=\"auto\">Metamfetamin<\/span><\/strong><span dir=\"auto\">\u00a0je syntetick\u00e1 droga odvozen\u00e1 od amfetaminu, p\u0159irozen\u011b se vyskytuj\u00edc\u00ed chemick\u00e9 l\u00e1tky. Amfetaminy byly poprv\u00e9 syntetizov\u00e1ny v N\u011bmecku v roce 1912 a pou\u017e\u00edv\u00e1ny k l\u00e9\u010db\u011b ADHD. V polovin\u011b 90. let 20. stolet\u00ed\u00a0<\/span><strong data-start=\"258\" data-end=\"277\"><span dir=\"auto\">Metamfetamin<\/span><\/strong><span dir=\"auto\">\u00a0do USA prost\u0159ednictv\u00edm mexick\u00fdch kartel\u016f. Dnes se prod\u00e1v\u00e1 pod r\u016fzn\u00fdmi n\u00e1zvy, nap\u0159.\u00a0<\/span><strong data-start=\"378\" data-end=\"394\" data-is-only-node=\"\"><span dir=\"auto\">Krystalick\u00fd metamfetamin<\/span><\/strong><span dir=\"auto\">\u00a0, Ice, Glass, Bomb, Crank, White Powder, Speed a Red Devils.\u00a0<\/span><strong data-start=\"458\" data-end=\"491\"><span dir=\"auto\">Koupit Dutch crystal meth online<\/span><\/strong><span dir=\"auto\">\u00a0.<\/span><\/p>\n<h3><strong><span dir=\"auto\">Nejlep\u0161\u00ed dodavatel\u00e9 metamfetaminu v Nizozemsku v USA a EU, diskr\u00e9tn\u00ed doprava<\/span><\/strong><\/h3>\n<p data-pm-slice=\"1 1 []\"><span dir=\"auto\">Holandsk\u00fd krystalick\u00fd metamfetamin je siln\u00e1 forma metamfetaminu, kter\u00e1 je zneu\u017e\u00edv\u00e1na pro sv\u00e9 stimula\u010dn\u00ed \u00fa\u010dinky. Je k dispozici ve form\u011b pr\u00e1\u0161ku, tablet nebo krystal\u016f a prod\u00e1v\u00e1 se online nebo prost\u0159ednictv\u00edm dealer\u016f. Jeho u\u017e\u00edv\u00e1n\u00ed m\u016f\u017ee v\u00e9st k z\u00e1vislosti, paranoie a bu\u0161en\u00ed srdce. S podporou, nap\u0159\u00edklad prost\u0159ednictv\u00edm odvykac\u00edch program\u016f a sv\u00e9pomocn\u00fdch skupin, je mo\u017en\u00e9 se zotavit.<\/span><\/p>\n<p><span dir=\"auto\">Metamfetamin je b\u00edl\u00fd krystalick\u00fd pr\u00e1\u0161ek, kter\u00fd se obvykle \u0161\u0148upe, aplikuje injek\u010dn\u011b nebo kou\u0159\u00ed. Ve sv\u00e9 nej\u010dist\u0161\u00ed form\u011b obsahuje metamfetamin a m\u016f\u017ee obsahovat tak\u00e9 amfetamin. Mnoho lid\u00ed si objedn\u00e1v\u00e1\u00a0<\/span><strong data-start=\"358\" data-end=\"380\"><span dir=\"auto\">Krystalick\u00fd metamfetamin<\/span><\/strong><span dir=\"auto\">\u00a0nebo si ji kupte online. Je v\u0161ak d\u016fle\u017eit\u00e9 si uv\u011bdomit souvisej\u00edc\u00ed rizika, v\u010detn\u011b z\u00e1vislosti, psychick\u00fdch \u00fa\u010dink\u016f a dlouhodob\u00e9ho po\u0161kozen\u00ed.<\/span><\/p>\n<h3><strong><span dir=\"auto\">Nejlep\u0161\u00ed m\u00edsto pro objedn\u00e1n\u00ed holandsk\u00fdch krystal\u016f metamfetaminu online s rychlou dopravou<\/span><\/strong><\/h3>\n<p><span dir=\"auto\">Pravd\u011bpodobn\u011b jsi tu proto, abys z\u00edskal tipy na n\u00e1kup pervitinu. Pokud to ud\u011bl\u00e1te spr\u00e1vn\u011b, z\u00edsk\u00e1te siln\u00fd pervitin pouli\u010dn\u00ed kvality. Krystalick\u00fd metamfetamin je siln\u00fd, neleg\u00e1ln\u00ed stimulant. Krystalick\u00fd metamfetamin si v\u0161ak m\u016f\u017eete koupit leg\u00e1ln\u011b. Na t\u00e9to str\u00e1nce se dozv\u00edte, jak na to.<\/span><\/p>\n<p><span dir=\"auto\">Cht\u011bli byste si leg\u00e1ln\u011b koupit pervitin? Zde je stru\u010dn\u00fd n\u00e1vod, kde a jak si m\u016f\u017eete metamfetamin bezpe\u010dn\u011b objednat. S rostouc\u00edm z\u00e1jmem m\u00e9di\u00ed se mnoho lid\u00ed zaj\u00edm\u00e1 o to, jak si ho mohou leg\u00e1ln\u011b koupit. Nab\u00edz\u00edme vysoce kvalitn\u00ed metamfetamin na <a href=\"\/product\/4-mec-online-bestellung\/\">konkuren\u010dn\u00ed<\/a> ceny a diskr\u00e9tn\u00ed a spolehliv\u00e9 slu\u017eby. A\u0165 u\u017e jste za\u010d\u00e1te\u010dn\u00edk, nebo zku\u0161en\u00fd z\u00e1kazn\u00edk, u n\u00e1s m\u016f\u017eete nakupovat s d\u016fv\u011brou.<\/span><\/p>\n<h3><strong><span dir=\"auto\">Kde si m\u016f\u017eete koupit metamfetamin online?<\/span><\/strong><\/h3>\n<p><span dir=\"auto\">Metamfetamin, zn\u00e1m\u00fd tak\u00e9 jako crank, holandsk\u00fd krystalick\u00fd metamfetamin, glass, ice, Tina, Christine nebo Yaba, m\u00e1 na jednotlivce r\u016fzn\u00e9 \u00fa\u010dinky. U\u017eivatel\u00e9 se mohou c\u00edtit povznesen\u011b, vzru\u0161en\u011b, bd\u011ble, paranoidn\u011b, zmaten\u011b, agresivn\u011b nebo bez z\u00e1bran. Zvy\u0161uje srde\u010dn\u00ed tep a krevn\u00ed tlak a \u00fa\u010dinky trvaj\u00ed 4-12 hodin. Pro p\u0159\u00edpravu lze metamfetamin zakoupit online. Mezi b\u011b\u017en\u00e1 rizika pat\u0159\u00ed z\u00e1vislost a dlouhodob\u00e9 zdravotn\u00ed probl\u00e9my.<\/span><\/p>\n<p><span dir=\"auto\">Je snadn\u00e9 tou\u017eit po dal\u0161\u00edch d\u00e1vk\u00e1ch a u\u017e\u00edvat je po mnoho hodin nebo dokonce dn\u00ed. M\u016f\u017ee zv\u00fd\u0161it rizikov\u00e9 chov\u00e1n\u00ed, nap\u0159. rizikov\u00e9 sexu\u00e1ln\u00ed chov\u00e1n\u00ed. M\u016f\u017ee v\u00e9st k t\u011b\u017ek\u00fdm psych\u00f3z\u00e1m a zvy\u0161uje riziko srde\u010dn\u00edho infarktu nebo mrtvice.\u00a0<\/span><a href=\"http:\/\/dutchanonstore.to\/2021\/02\/16\/crystal-meth-for-sale-dutchanonstore\/\" target=\"_blank\" rel=\"noopener\"><span dir=\"auto\">.<\/span><\/a><\/p>\n<p><span dir=\"auto\">M\u00edch\u00e1n\u00ed drog<\/span><br \/>\n<span dir=\"auto\">M\u00edch\u00e1n\u00ed drog je v\u017edy riskantn\u00ed, ale n\u011bkter\u00e9 sm\u011bsi jsou nebezpe\u010dn\u011bj\u0161\u00ed ne\u017e jin\u00e9.<\/span><br \/>\n<span dir=\"auto\">Jak vypad\u00e1, chutn\u00e1 a von\u00ed<\/span><\/p>\n<h3><strong><span dir=\"auto\">Jak vypad\u00e1 metamfetamin?<\/span><\/strong><\/h3>\n<p><span dir=\"auto\">Metamfetamin se dod\u00e1v\u00e1 v r\u016fzn\u00fdch form\u00e1ch, v\u010detn\u011b tablet, pr\u00e1\u0161ku a krystal\u016f. Tablety se \u010dasto naz\u00fdvaj\u00ed \u201eyaba\u201c, kou\u0159iteln\u00e9 krystaly se \u010dasto naz\u00fdvaj\u00ed \"yaba\". <a href=\"https:\/\/chemgramx.com\/product\/death-star-hash-online\/\">na druh\u00e9 stran\u011b<\/a> \u201eDutch Crystal Meth\u201c nebo \u201eIce\u201c.<\/span><\/p>\n<h3><strong><span dir=\"auto\">Jak to lid\u00e9 berou<\/span><\/strong><\/h3>\n<p><span dir=\"auto\">Metamfetamin se v z\u00e1vislosti na d\u00e1vkovac\u00ed form\u011b polyk\u00e1, \u0161\u0148upe nebo vst\u0159ikuje.<\/span><\/p>\n<p><span dir=\"auto\">Kou\u0159en\u00ed \u010dist\u0161\u00ed, krystalick\u00e9 formy metamfetaminu, zn\u00e1m\u00e9 jako holandsk\u00fd krystalick\u00fd metamfetamin, p\u0159in\u00e1\u0161\u00ed velmi intenzivn\u00ed opojen\u00ed, kter\u00e9 je podobn\u00e9 cracku, ale trv\u00e1 mnohem d\u00e9le.<\/span><\/p>\n<p><span dir=\"auto\">P\u0159i sd\u00edlen\u00ed jehel, st\u0159\u00edka\u010dek nebo jin\u00e9ho injek\u010dn\u00edho n\u00e1\u010din\u00ed hroz\u00ed, \u017ee se injek\u010dn\u00ed u\u017eivatel nakaz\u00ed viry, jako je HIV nebo hepatitida C, nebo je bude \u0161\u00ed\u0159it d\u00e1l. Dodavatel\u00e9 krystalick\u00e9ho pervitinu<\/span><\/p>\n<h3><strong><span dir=\"auto\">Doba trv\u00e1n\u00ed<\/span><\/strong><\/h3>\n<p><span dir=\"auto\">Jak dlouho \u00fa\u010dinek trv\u00e1 a jak dlouho l\u00e9k z\u016fst\u00e1v\u00e1 ve va\u0161em t\u011ble, z\u00e1vis\u00ed na u\u017e\u00edvan\u00e9m mno\u017estv\u00ed, va\u0161\u00ed velikosti a na tom, jak\u00e9 dal\u0161\u00ed l\u00e9ky jste p\u0159\u00edpadn\u011b u\u017e\u00edvali nav\u00edc.<\/span><\/p>\n<h3><strong><em><span dir=\"auto\">Jak dlouho vydr\u017e\u00ed? - Mohu si koupit holandsk\u00fd metamfetamin online? - Mohu si koupit holandsk\u00fd metamfetamin online?<\/span><\/em><\/strong><\/h3>\n<p><span dir=\"auto\">\u00da\u010dinky metamfetaminu mohou trvat velmi dlouho.<\/span><\/p>\n<p><span dir=\"auto\">Kou\u0159en\u00ed \u010dist\u0161\u00ed, krystalick\u00e9 formy metamfetaminu, tzv. crystal meth, zp\u016fsobuje velmi intenzivn\u00ed opojen\u00ed, kter\u00e9 je podobn\u00e9 jako u cracku, ale trv\u00e1 mnohem d\u00e9le. \u00da\u010dinky mohou trvat 4 a\u017e 12 hodin.<\/span><\/p>\n<h3><strong><span dir=\"auto\">N\u00e1sledn\u00e9 efekty<\/span><\/strong><\/h3>\n<p><span dir=\"auto\">Odvyk\u00e1n\u00ed od metamfetaminu je intenzivn\u00ed. Krystalick\u00fd metamfetamin je obvykle zjistiteln\u00fd v mo\u010di 1 a\u017e 4 dny po konzumaci. Doba detekce z\u00e1vis\u00ed na d\u00e1vce a typu pou\u017eit\u00e9ho testu. Tento \u010dasov\u00fd r\u00e1mec je pouze obecn\u00fdm vod\u00edtkem a m\u016f\u017ee se u jednotliv\u00fdch osob li\u0161it.<\/span><\/p>","protected":false},"excerpt":{"rendered":"<div class=\"elementor-element elementor-element-1b3031f3 elementor-widget elementor-widget-woocommerce-product-etheme_title elementor-page-title elementor-widget-heading\" data-id=\"1b3031f3\" data-element_type=\"widget\" data-widget_type=\"woocommerce-product-etheme_title.default\">\n<div class=\"elementor-widget-container\">\n<h1 class=\"product_title entry-title elementor-heading-title elementor-size-default\"><span dir=\"auto\">Holandsk\u00fd metamfetamin<\/span><\/h1>\n<\/div>\n<\/div>\n<div class=\"elementor-element elementor-element-58724f21 elementor-widget elementor-widget-woocommerce-product-etheme_short_description\" data-id=\"58724f21\" data-element_type=\"widget\" data-widget_type=\"woocommerce-product-etheme_short_description.default\">\n<div class=\"elementor-widget-container\">\n<div class=\"woocommerce-product-details__short-description\">\n<p data-pm-slice=\"1 1 []\"><span dir=\"auto\">Koupit holandsk\u00fd metamfetamin online. Na\u0161im z\u00e1kazn\u00edk\u016fm usnad\u0148ujeme nakupov\u00e1n\u00ed t\u00edm, \u017ee nab\u00edz\u00edme spolehliv\u00fd a bezpe\u010dn\u00fd zp\u016fsob diskr\u00e9tn\u00ed v\u00fdm\u011bny pen\u011bz. P\u0159ij\u00edm\u00e1me kryptom\u011bny, jako je Bitcoin - jedna z nejroz\u0161\u00ed\u0159en\u011bj\u0161\u00edch digit\u00e1ln\u00edch m\u011bn v hlavn\u00edm proudu i na darknetu. D\u00edky kryptom\u011bn\u00e1m jsou transakce rychlej\u0161\u00ed, bezpe\u010dn\u011bj\u0161\u00ed a soukrom\u011bj\u0161\u00ed.<\/span><\/p>\n<\/div>\n<\/div>\n<\/div>","protected":false},"featured_media":6834,"comment_status":"open","ping_status":"closed","template":"","meta":{"_joinchat":[]},"product_brand":[],"product_cat":[3194],"product_tag":[],"class_list":{"0":"post-6816","1":"product","2":"type-product","3":"status-publish","4":"has-post-thumbnail","6":"product_cat-crystal-meth","8":"first","9":"instock","10":"shipping-taxable","11":"purchasable","12":"product-type-variable"},"yoast_head":"<!-- This site is optimized with the Yoast SEO plugin v27.5 - https:\/\/yoast.com\/product\/yoast-seo-wordpress\/ -->\n<title>Kaufen Sie niederl\u00e4ndisches Crystal Meth Chemgramx<\/title>\n<meta name=\"description\" content=\"Methamphetamin ist eine synthetische Droge, die aus Amphetamin gewonnen wird, einer nat\u00fcrlich vorkommenden Chemikalie.\" \/>\n<meta name=\"robots\" content=\"index, follow, max-snippet:-1, max-image-preview:large, max-video-preview:-1\" \/>\n<link rel=\"canonical\" href=\"https:\/\/chemgramx.com\/cs\/produkt-1\/koupit-dutch-crystal-meth\/\" \/>\n<meta property=\"og:locale\" content=\"cs_CZ\" \/>\n<meta property=\"og:type\" content=\"article\" \/>\n<meta property=\"og:title\" content=\"Kaufen Sie niederl\u00e4ndisches Crystal Meth Chemgramx\" \/>\n<meta property=\"og:description\" content=\"Methamphetamin ist eine synthetische Droge, die aus Amphetamin gewonnen wird, einer nat\u00fcrlich vorkommenden Chemikalie.\" \/>\n<meta property=\"og:url\" content=\"https:\/\/chemgramx.com\/cs\/produkt-1\/koupit-dutch-crystal-meth\/\" \/>\n<meta property=\"og:site_name\" content=\"Chemgramx\" \/>\n<meta property=\"article:modified_time\" content=\"2025-11-21T11:09:51+00:00\" \/>\n<meta property=\"og:image\" content=\"https:\/\/chemgramx.com\/wp-content\/uploads\/2025\/11\/die-synthetische-droge-crystal.webp\" \/>\n\t<meta property=\"og:image:width\" content=\"1240\" \/>\n\t<meta property=\"og:image:height\" content=\"698\" \/>\n\t<meta property=\"og:image:type\" content=\"image\/webp\" \/>\n<meta name=\"twitter:card\" content=\"summary_large_image\" \/>\n<meta name=\"twitter:label1\" content=\"Odhadovan\u00e1 doba \u010dten\u00ed\" \/>\n\t<meta name=\"twitter:data1\" content=\"4 minuty\" \/>\n<script type=\"application\/ld+json\" class=\"yoast-schema-graph\">{\"@context\":\"https:\\\/\\\/schema.org\",\"@graph\":[{\"@type\":\"WebPage\",\"@id\":\"https:\\\/\\\/chemgramx.com\\\/product\\\/kaufen-sie-niederlaendisches-crystal-meth\\\/\",\"url\":\"https:\\\/\\\/chemgramx.com\\\/product\\\/kaufen-sie-niederlaendisches-crystal-meth\\\/\",\"name\":\"Kaufen Sie niederl\u00e4ndisches Crystal Meth Chemgramx\",\"isPartOf\":{\"@id\":\"https:\\\/\\\/chemgramx.com\\\/#website\"},\"primaryImageOfPage\":{\"@id\":\"https:\\\/\\\/chemgramx.com\\\/product\\\/kaufen-sie-niederlaendisches-crystal-meth\\\/#primaryimage\"},\"image\":{\"@id\":\"https:\\\/\\\/chemgramx.com\\\/product\\\/kaufen-sie-niederlaendisches-crystal-meth\\\/#primaryimage\"},\"thumbnailUrl\":\"https:\\\/\\\/chemgramx.com\\\/wp-content\\\/uploads\\\/2025\\\/11\\\/die-synthetische-droge-crystal.webp\",\"datePublished\":\"2025-11-21T11:09:30+00:00\",\"dateModified\":\"2025-11-21T11:09:51+00:00\",\"description\":\"Methamphetamin ist eine synthetische Droge, die aus Amphetamin gewonnen wird, einer nat\u00fcrlich vorkommenden Chemikalie.\",\"breadcrumb\":{\"@id\":\"https:\\\/\\\/chemgramx.com\\\/product\\\/kaufen-sie-niederlaendisches-crystal-meth\\\/#breadcrumb\"},\"inLanguage\":\"cs\",\"potentialAction\":[{\"@type\":\"ReadAction\",\"target\":[\"https:\\\/\\\/chemgramx.com\\\/product\\\/kaufen-sie-niederlaendisches-crystal-meth\\\/\"]}]},{\"@type\":\"ImageObject\",\"inLanguage\":\"cs\",\"@id\":\"https:\\\/\\\/chemgramx.com\\\/product\\\/kaufen-sie-niederlaendisches-crystal-meth\\\/#primaryimage\",\"url\":\"https:\\\/\\\/chemgramx.com\\\/wp-content\\\/uploads\\\/2025\\\/11\\\/die-synthetische-droge-crystal.webp\",\"contentUrl\":\"https:\\\/\\\/chemgramx.com\\\/wp-content\\\/uploads\\\/2025\\\/11\\\/die-synthetische-droge-crystal.webp\",\"width\":1240,\"height\":698},{\"@type\":\"BreadcrumbList\",\"@id\":\"https:\\\/\\\/chemgramx.com\\\/product\\\/kaufen-sie-niederlaendisches-crystal-meth\\\/#breadcrumb\",\"itemListElement\":[{\"@type\":\"ListItem\",\"position\":1,\"name\":\"Home\",\"item\":\"https:\\\/\\\/chemgramx.com\\\/\"},{\"@type\":\"ListItem\",\"position\":2,\"name\":\"Shop\",\"item\":\"https:\\\/\\\/chemgramx.com\\\/shop\\\/\"},{\"@type\":\"ListItem\",\"position\":3,\"name\":\"Kaufen Sie niederl\u00e4ndisches Crystal Meth\"}]},{\"@type\":\"WebSite\",\"@id\":\"https:\\\/\\\/chemgramx.com\\\/#website\",\"url\":\"https:\\\/\\\/chemgramx.com\\\/\",\"name\":\"Chemgramx\",\"description\":\"\",\"publisher\":{\"@id\":\"https:\\\/\\\/chemgramx.com\\\/#organization\"},\"potentialAction\":[{\"@type\":\"SearchAction\",\"target\":{\"@type\":\"EntryPoint\",\"urlTemplate\":\"https:\\\/\\\/chemgramx.com\\\/?s={search_term_string}\"},\"query-input\":{\"@type\":\"PropertyValueSpecification\",\"valueRequired\":true,\"valueName\":\"search_term_string\"}}],\"inLanguage\":\"cs\"},{\"@type\":\"Organization\",\"@id\":\"https:\\\/\\\/chemgramx.com\\\/#organization\",\"name\":\"Chemgramx\",\"url\":\"https:\\\/\\\/chemgramx.com\\\/\",\"logo\":{\"@type\":\"ImageObject\",\"inLanguage\":\"cs\",\"@id\":\"https:\\\/\\\/chemgramx.com\\\/#\\\/schema\\\/logo\\\/image\\\/\",\"url\":\"https:\\\/\\\/chemgramx.com\\\/wp-content\\\/uploads\\\/2024\\\/10\\\/final-logo.png\",\"contentUrl\":\"https:\\\/\\\/chemgramx.com\\\/wp-content\\\/uploads\\\/2024\\\/10\\\/final-logo.png\",\"width\":250,\"height\":48,\"caption\":\"Chemgramx\"},\"image\":{\"@id\":\"https:\\\/\\\/chemgramx.com\\\/#\\\/schema\\\/logo\\\/image\\\/\"}}]}<\/script>\n<!-- \/ Yoast SEO plugin. -->","yoast_head_json":{"title":"Koupit Dutch crystal meth Chemgramx","description":"Metamfetamin je syntetick\u00e1 droga odvozen\u00e1 od amfetaminu, kter\u00fd se vyskytuje v p\u0159\u00edrod\u011b.","robots":{"index":"index","follow":"follow","max-snippet":"max-snippet:-1","max-image-preview":"max-image-preview:large","max-video-preview":"max-video-preview:-1"},"canonical":"https:\/\/chemgramx.com\/cs\/produkt-1\/koupit-dutch-crystal-meth\/","og_locale":"cs_CZ","og_type":"article","og_title":"Kaufen Sie niederl\u00e4ndisches Crystal Meth Chemgramx","og_description":"Methamphetamin ist eine synthetische Droge, die aus Amphetamin gewonnen wird, einer nat\u00fcrlich vorkommenden Chemikalie.","og_url":"https:\/\/chemgramx.com\/cs\/produkt-1\/koupit-dutch-crystal-meth\/","og_site_name":"Chemgramx","article_modified_time":"2025-11-21T11:09:51+00:00","og_image":[{"width":1240,"height":698,"url":"https:\/\/chemgramx.com\/wp-content\/uploads\/2025\/11\/die-synthetische-droge-crystal.webp","type":"image\/webp"}],"twitter_card":"summary_large_image","twitter_misc":{"Odhadovan\u00e1 doba \u010dten\u00ed":"4 minuty"},"schema":{"@context":"https:\/\/schema.org","@graph":[{"@type":"WebPage","@id":"https:\/\/chemgramx.com\/product\/kaufen-sie-niederlaendisches-crystal-meth\/","url":"https:\/\/chemgramx.com\/product\/kaufen-sie-niederlaendisches-crystal-meth\/","name":"Koupit Dutch crystal meth Chemgramx","isPartOf":{"@id":"https:\/\/chemgramx.com\/#website"},"primaryImageOfPage":{"@id":"https:\/\/chemgramx.com\/product\/kaufen-sie-niederlaendisches-crystal-meth\/#primaryimage"},"image":{"@id":"https:\/\/chemgramx.com\/product\/kaufen-sie-niederlaendisches-crystal-meth\/#primaryimage"},"thumbnailUrl":"https:\/\/chemgramx.com\/wp-content\/uploads\/2025\/11\/die-synthetische-droge-crystal.webp","datePublished":"2025-11-21T11:09:30+00:00","dateModified":"2025-11-21T11:09:51+00:00","description":"Metamfetamin je syntetick\u00e1 droga odvozen\u00e1 od amfetaminu, kter\u00fd se vyskytuje v p\u0159\u00edrod\u011b.","breadcrumb":{"@id":"https:\/\/chemgramx.com\/product\/kaufen-sie-niederlaendisches-crystal-meth\/#breadcrumb"},"inLanguage":"cs","potentialAction":[{"@type":"ReadAction","target":["https:\/\/chemgramx.com\/product\/kaufen-sie-niederlaendisches-crystal-meth\/"]}]},{"@type":"ImageObject","inLanguage":"cs","@id":"https:\/\/chemgramx.com\/product\/kaufen-sie-niederlaendisches-crystal-meth\/#primaryimage","url":"https:\/\/chemgramx.com\/wp-content\/uploads\/2025\/11\/die-synthetische-droge-crystal.webp","contentUrl":"https:\/\/chemgramx.com\/wp-content\/uploads\/2025\/11\/die-synthetische-droge-crystal.webp","width":1240,"height":698},{"@type":"BreadcrumbList","@id":"https:\/\/chemgramx.com\/product\/kaufen-sie-niederlaendisches-crystal-meth\/#breadcrumb","itemListElement":[{"@type":"ListItem","position":1,"name":"Home","item":"https:\/\/chemgramx.com\/"},{"@type":"ListItem","position":2,"name":"Shop","item":"https:\/\/chemgramx.com\/shop\/"},{"@type":"ListItem","position":3,"name":"Kaufen Sie niederl\u00e4ndisches Crystal Meth"}]},{"@type":"WebSite","@id":"https:\/\/chemgramx.com\/#website","url":"https:\/\/chemgramx.com\/","name":"Chemgramx","description":"","publisher":{"@id":"https:\/\/chemgramx.com\/#organization"},"potentialAction":[{"@type":"SearchAction","target":{"@type":"EntryPoint","urlTemplate":"https:\/\/chemgramx.com\/?s={search_term_string}"},"query-input":{"@type":"PropertyValueSpecification","valueRequired":true,"valueName":"search_term_string"}}],"inLanguage":"cs"},{"@type":"Organization","@id":"https:\/\/chemgramx.com\/#organization","name":"Chemgramx","url":"https:\/\/chemgramx.com\/","logo":{"@type":"ImageObject","inLanguage":"cs","@id":"https:\/\/chemgramx.com\/#\/schema\/logo\/image\/","url":"https:\/\/chemgramx.com\/wp-content\/uploads\/2024\/10\/final-logo.png","contentUrl":"https:\/\/chemgramx.com\/wp-content\/uploads\/2024\/10\/final-logo.png","width":250,"height":48,"caption":"Chemgramx"},"image":{"@id":"https:\/\/chemgramx.com\/#\/schema\/logo\/image\/"}}]}},"_links":{"self":[{"href":"https:\/\/chemgramx.com\/cs\/wp-json\/wp\/v2\/product\/6816","targetHints":{"allow":["GET"]}}],"collection":[{"href":"https:\/\/chemgramx.com\/cs\/wp-json\/wp\/v2\/product"}],"about":[{"href":"https:\/\/chemgramx.com\/cs\/wp-json\/wp\/v2\/types\/product"}],"replies":[{"embeddable":true,"href":"https:\/\/chemgramx.com\/cs\/wp-json\/wp\/v2\/comments?post=6816"}],"wp:featuredmedia":[{"embeddable":true,"href":"https:\/\/chemgramx.com\/cs\/wp-json\/wp\/v2\/media\/6834"}],"wp:attachment":[{"href":"https:\/\/chemgramx.com\/cs\/wp-json\/wp\/v2\/media?parent=6816"}],"wp:term":[{"taxonomy":"product_brand","embeddable":true,"href":"https:\/\/chemgramx.com\/cs\/wp-json\/wp\/v2\/product_brand?post=6816"},{"taxonomy":"product_cat","embeddable":true,"href":"https:\/\/chemgramx.com\/cs\/wp-json\/wp\/v2\/product_cat?post=6816"},{"taxonomy":"product_tag","embeddable":true,"href":"https:\/\/chemgramx.com\/cs\/wp-json\/wp\/v2\/product_tag?post=6816"}],"curies":[{"name":"wp","href":"https:\/\/api.w.org\/{rel}","templated":true}]}}