{"id":6817,"date":"2025-11-21T11:09:30","date_gmt":"2025-11-21T11:09:30","guid":{"rendered":"https:\/\/chemgramx.com\/?post_type=product&#038;p=6817"},"modified":"2025-11-21T11:10:13","modified_gmt":"2025-11-21T11:10:13","slug":"5-koupit-meo-bf-online","status":"publish","type":"product","link":"https:\/\/chemgramx.com\/cs\/product\/5-meo-bf-online-kaufen\/","title":{"rendered":"Koupit 5-MeO-BF online"},"content":{"rendered":"<p><b>Koupit 5-MeO-BF online<\/b> znamen\u00e1 p\u0159\u00edstup k <b>vysoce kvalitn\u00ed v\u00fdzkumn\u00e9 chemick\u00e9 l\u00e1tky<\/b> kter\u00e9 jsou speci\u00e1ln\u011b navr\u017eeny pro n\u00e1ro\u010dn\u00e9 <b>pro \u00fa\u010dely v\u011bdeck\u00e9ho v\u00fdzkumu<\/b> byl vyvinut. Tento materi\u00e1l, ofici\u00e1ln\u011b zn\u00e1m\u00fd jako <b>5-Methoxybenzofuran<\/b>, se vyskytuje hlavn\u011b v <b>neurochemick\u00e9 a farmakologick\u00e9 studie<\/b> \u0161irok\u00e9 pou\u017eit\u00ed. Mnoz\u00ed v\u011bdci hledaj\u00ed konkr\u00e9tn\u00ed p\u0159\u00edle\u017eitosti, <b>Koupit 5-MeO-BF<\/b> nebo <b>Koupit 5-MeO-BF online<\/b>, na realizaci projekt\u016f v <b>Vazby na receptory<\/b> a <b>Interakce neurotransmiter\u016f<\/b> prov\u00e1d\u011bt. D\u00edky sv\u00e9 jedine\u010dn\u00e9 molekul\u00e1rn\u00ed struktu\u0159e je slou\u010denina <b>Cenn\u00fd n\u00e1stroj<\/b> pro laborato\u0159e. <b>Zejm\u00e9na<\/b> t\u011b\u017eit z laborato\u0159\u00ed, kter\u00e9 analyzuj\u00ed vztahy mezi strukturou a aktivitou v r\u00e1mci <b>T\u0159\u00edda benzofuran\u016f<\/b> z toho nesm\u00edrn\u011b t\u011b\u017e\u00ed. V\u00fdzkumn\u00edci, kte\u0159\u00ed <b>Objednat 5-MeO-BF online<\/b> t\u011b\u017eit z l\u00e1tky, kter\u00e1 vzbuzuje velk\u00fd z\u00e1jem v chemick\u00e9m a biologick\u00e9m v\u00fdzkumu po cel\u00e9m sv\u011bt\u011b. <b>Z tohoto d\u016fvodu<\/b> je nezbytn\u00e9, aby z\u00edsk\u00e1n\u00ed <b>spolehliv\u00fd v\u00fdzkumn\u00fd zdroj<\/b> kter\u00e1 zaru\u010duje nejvy\u0161\u0161\u00ed standardy \u010distoty a dokumentace. V\u00fdslovn\u011b zd\u016fraz\u0148ujeme, \u017ee toto spojen\u00ed je <b>v\u00fdhradn\u011b pro v\u011bdeck\u00e9 \u00fa\u010dely<\/b> ur\u010deno a <b>nen\u00ed ur\u010deno k lidsk\u00e9 spot\u0159eb\u011b<\/b> vhodn\u00e9.<\/p>\n<h2>V\u011bdeck\u00fd v\u00fdznam 5-MeO-BF: struktura a oblasti pou\u017eit\u00ed<\/h2>\n<p>Chemick\u00e1 struktura 5-MeO-BF z n\u011bj \u010din\u00ed ide\u00e1ln\u00ed ligand a meziprodukt. Jeho specifick\u00e9 vlastnosti umo\u017e\u0148uj\u00ed p\u0159esn\u00e9 experimenty a slou\u017e\u00ed jako z\u00e1klad pro v\u00fdvoj nov\u00fdch bioaktivn\u00edch molekul.<\/p>\n<ul>\n<li><b>Benzofuranov\u00e9 j\u00e1dro:<\/b> Toto j\u00e1dro je biologicky relevantn\u00ed. <b>Krom\u011b toho<\/b> je obl\u00edben\u00fdm stavebn\u00edm prvkem v <b>farmaceutick\u00e1 synt\u00e9za<\/b>.<\/li>\n<li><b>Methoxy substituce :<\/b> Tato skupina je \u010dasto rozhoduj\u00edc\u00ed. <b>Proto\u017ee<\/b> ovliv\u0148uje <b>lipofiln\u00ed vlastnosti<\/b> molekuly a jej\u00ed interakce se specifick\u00fdmi l\u00e1tkami. <b>Neurotransmiterov\u00e9 receptory<\/b>.<\/li>\n<li><b>Meziprodukt synt\u00e9zy:<\/b> <b>Krom\u011b toho<\/b> Samotn\u00fd 5-MeO-BF se \u010dasto ozna\u010duje jako <b>Meziprodukt synt\u00e9zy<\/b> vyu\u017e\u00edv\u00e1ny. <b>Zde<\/b> se pou\u017e\u00edv\u00e1 k zaveden\u00ed methoxy-benzofuranov\u00e9 p\u00e1te\u0159e do slo\u017eit\u011bj\u0161\u00edch slou\u010denin.<\/li>\n<\/ul>\n<h3>Neurochemick\u00e9 a farmakologick\u00e9 studie<\/h3>\n<p>Prim\u00e1rn\u00ed pou\u017eit\u00ed 5-MeO-BF je v oblasti <b>Z\u00e1kladn\u00ed v\u00fdzkum<\/b>. To zahrnuje zejm\u00e9na zkoum\u00e1n\u00ed serotoninu a dal\u0161\u00edch neurotransmiterov\u00fdch syst\u00e9m\u016f. V\u011bdci tuto slou\u010deninu pou\u017e\u00edvaj\u00ed k p\u0159esn\u00fdm experiment\u016fm. <b>Nap\u0159\u00edklad<\/b> prozkoumat <b>Vazebn\u00e1 afinita k receptoru<\/b> a <b>molekul\u00e1rn\u00ed mechanismy<\/b> t\u00e9to t\u0159\u00eddy p\u0159ipojen\u00ed. <b>T\u00edmto zp\u016fsobem<\/b> mohou z\u00edskat hlub\u0161\u00ed porozum\u011bn\u00ed <b>Vztahy mezi strukturou a \u010dinnost\u00ed<\/b> t\u011bchto heterocyklick\u00fdch slou\u010denin. <b>V pr\u016fb\u011bhu<\/b> je vysok\u00e1 \u010distota l\u00e1tky (zaru\u010den\u00e1 \u010distota<b><span class=\"math-inline\" data-math=\"mathbf{ge 98%}\">\u00a098%<\/span><\/b>) je nepostradateln\u00fd. Zaru\u010duje <b>Spolehliv\u00e9 v\u00fdsledky<\/b> a reprodukovatelnost v\u011bdeck\u00fdch dat.<\/p>\n<h2>Zaji\u0161t\u011bn\u00ed kvality a logistika: proces n\u00e1kupu ze spolehliv\u00e9ho zdroje<\/h2>\n<p>V\u00fdb\u011br poskytovatele je <b>Koupit 5-MeO-BF online<\/b> rozhoduj\u00edc\u00edm faktorem. V\u00fdzkumn\u00ed pracovn\u00edci se mus\u00ed spolehnout na kvalitu a dodr\u017eov\u00e1n\u00ed pr\u00e1vn\u00edch norem.<\/p>\n<h3>Specifikace v\u00fdrobku pro nejvy\u0161\u0161\u00ed po\u017eadavky na v\u00fdzkum<\/h3>\n<p>Zaji\u0161\u0165ujeme, aby v\u0161echny specifikace spl\u0148ovaly po\u017eadavky v\u011bdeck\u00e9 komunity.<\/p>\n<ul>\n<li><b>Tvar a konzistence:<\/b> Materi\u00e1l je k dispozici jako <b>Pr\u00e1\u0161ek nebo ve form\u011b krystal\u016f<\/b>. <b>To nab\u00edz\u00ed<\/b> Flexibilita pro r\u016fzn\u00e9 laboratorn\u00ed aplikace, jako je v\u00fdroba rozpou\u0161t\u011bdel nebo synt\u00e9za v pevn\u00e9 f\u00e1zi.<\/li>\n<li><b>Mo\u017enosti mno\u017estv\u00ed:<\/b> Nab\u00edz\u00edme <b>Flexibiln\u00ed velikosti obal\u016f<\/b>. Ty se pohybuj\u00ed od mal\u00fdch mno\u017estv\u00ed pro pilotn\u00ed projekty a\u017e po v\u011bt\u0161\u00ed jednotky pro rozs\u00e1hl\u00e9, dlouhodob\u00e9 v\u00fdzkumn\u00e9 projekty.<\/li>\n<li><b>Dokumentace:<\/b> Ka\u017ed\u00e1 dod\u00e1vka obsahuje kompletn\u00ed <b><a href=\"\/product\/5-methoxymethylone-online-kaufen\/\">Certifik\u00e1ty o anal\u00fdze<\/a> (COA)<\/b>. <b>T\u00edmto<\/b> potvrzuje identitu a \u010distotu \u0161ar\u017ee.<\/li>\n<\/ul>\n<h3>Pro\u010d kupovat 5-MeO-BF u n\u00e1s? Zam\u011b\u0159en\u00ed na integritu a slu\u017eby<\/h3>\n<p>Pokud v\u00e1s to zaj\u00edm\u00e1, <b>kde koupit 5-MeO-BF<\/b>, pak je n\u00e1\u0161 obchod <b>Nejlep\u0161\u00ed m\u00edsto pro n\u00e1kup 5-MeO-BF online<\/b>. <b>Proto\u017ee<\/b> Nab\u00edz\u00edme bezpe\u010dnost, profesionalitu a d\u016fv\u011bryhodnost.<\/p>\n<ul>\n<li><b>Nez\u00e1visle laboratorn\u011b testovan\u00e1 kvalita:<\/b> Ka\u017ed\u00e1 \u0161ar\u017ee je komplexn\u011b testov\u00e1na. <b>Tedy<\/b> zaji\u0161\u0165ujeme nejvy\u0161\u0161\u00ed kvalitu po\u017eadovanou pro <b>Pr\u016fkopnick\u00fd v\u00fdzkum<\/b> je nezbytn\u00e9.<\/li>\n<li><b>Rychl\u00e9 a diskr\u00e9tn\u00ed odesl\u00e1n\u00ed:<\/b> Zaru\u010dujeme <b>Bezpe\u010dn\u00e9 a spolehliv\u00e9 doru\u010den\u00ed<\/b>. <b>Krom\u011b toho<\/b> doprava je v\u017edy <b>Diskr\u00e9tn\u00ed<\/b> v neutr\u00e1ln\u00edm balen\u00ed.<\/li>\n<li><b>Kompetentn\u00ed podpora v\u00fdzkumu:<\/b> Na\u0161e <b>Slu\u017eby z\u00e1kazn\u00edk\u016fm<\/b> se specializuje na <b>V\u00fdzkum chemick\u00fdch l\u00e1tek<\/b>. <b>Proto<\/b> nab\u00edz\u00edme kompetentn\u00ed podporu v ot\u00e1zk\u00e1ch t\u00fdkaj\u00edc\u00edch se manipulace, skladov\u00e1n\u00ed a analytick\u00e9 dokumentace.<\/li>\n<\/ul>\n<h2>\u00a0Dodr\u017eov\u00e1n\u00ed pr\u00e1vn\u00edch p\u0159edpis\u016f a bezpe\u010dnost laborato\u0159e 5-MeO-BF<\/h2>\n<p>Odpov\u011bdnost za dodr\u017eov\u00e1n\u00ed v\u0161ech z\u00e1konn\u00fdch po\u017eadavk\u016f nese v\u017edy kupuj\u00edc\u00ed. Zach\u00e1zen\u00ed s v\u00fdzkumn\u00fdmi chemik\u00e1liemi vy\u017eaduje p\u0159\u00edsn\u00e9 bezpe\u010dnostn\u00ed protokoly.<\/p>\n<h3>D\u016fle\u017eit\u00e9 pr\u00e1vn\u00ed upozorn\u011bn\u00ed a dodr\u017eov\u00e1n\u00ed z\u00e1kon\u016f<\/h3>\n<p>Prodej <b>5-MeO-BF na prodej<\/b> se kon\u00e1 <b>v\u00fdhradn\u011b pro v\u00fdzkumn\u00e9 \u00fa\u010dely<\/b>. <b>Plat\u00ed p\u0159\u00edsn\u00e9 pravidlo:<\/b> L\u00e1tka nen\u00ed ur\u010dena k lidsk\u00e9 spot\u0159eb\u011b ani k dal\u0161\u00edmu prodeji. Kupuj\u00edc\u00ed mus\u00ed <b>v\u0161echny platn\u00e9 z\u00e1kony a p\u0159edpisy<\/b> dodr\u017eovat. <b>To zahrnuje<\/b> m\u00edstn\u00ed a vnitrost\u00e1tn\u00ed pr\u00e1vn\u00ed p\u0159edpisy t\u00fdkaj\u00edc\u00ed se chemick\u00fdch l\u00e1tek, zejm\u00e9na pokud jde o dovozn\u00ed p\u0159edpisy. Str\u00e1nky <b>Dodr\u017eov\u00e1n\u00ed standard\u016f SLP (spr\u00e1vn\u00e1 laboratorn\u00ed praxe)<\/b> je p\u0159i manipulaci s touto chemickou l\u00e1tkou povinn\u00e9.<\/p>\n<h3>Protokoly pro bezpe\u010dnou manipulaci v laborato\u0159i<\/h3>\n<p>Manipulace s 5-MeO-BF vy\u017eaduje dodr\u017eov\u00e1n\u00ed zvl\u00e1\u0161tn\u00edch bezpe\u010dnostn\u00edch protokol\u016f na ochranu person\u00e1lu.<\/p>\n<ol start=\"1\">\n<li><b>Osobn\u00ed ochrann\u00e9 prost\u0159edky jsou povinn\u00e9:<\/b> V\u017edy pou\u017e\u00edvejte <b>Osobn\u00ed ochrann\u00e9 prost\u0159edky<\/b> (laboratorn\u00ed pl\u00e1\u0161\u0165, ochrann\u00e9 rukavice a ochrana o\u010d\u00ed).<\/li>\n<li><b>V\u011btr\u00e1n\u00ed:<\/b> V\u00e1\u017een\u00ed a manipulace mus\u00ed b\u00fdt prov\u00e1d\u011bny pod dohledem. <b>Chemick\u00e1 digesto\u0159<\/b> se uskute\u010dn\u00ed. <b>T\u00edmto zp\u016fsobem<\/b> je t\u0159eba zabr\u00e1nit vdechov\u00e1n\u00ed pr\u00e1\u0161k\u016f nebo v\u00fdpar\u016f.<\/li>\n<li><b>Skladov\u00e1n\u00ed:<\/b> Materi\u00e1l mus\u00ed <b>v chladu, suchu a chr\u00e1n\u011bn\u00e9 p\u0159ed sv\u011btlem<\/b> b\u00fdt ulo\u017eeny. <b>T\u00edmto<\/b> zaji\u0161\u0165uje chemickou integritu a stabilitu materi\u00e1lu.<\/li>\n<\/ol>\n<h3>Objednejte si 5-MeO-BF online a za\u010dn\u011bte sv\u016fj v\u00fdzkum<\/h3>\n<p>Pokud jde o spolehlivost v\u00fdsledk\u016f v\u00fdzkumu, ned\u011blejte kompromisy v kvalit\u011b. <b>Proto<\/b> m\u011bli byste si vybrat nejlep\u0161\u00edho poskytovatele, abyste <b>Koupit 5-MeO-BF online<\/b> um\u011bt. Nab\u00edz\u00edme v\u00e1m transparentn\u00ed <b>Cena 5-MeO-BF<\/b>, diskr\u00e9tn\u00ed dod\u00e1vka a osv\u011bd\u010den\u00e1 kvalita, kterou uzn\u00e1vaj\u00ed p\u0159edn\u00ed laborato\u0159e po cel\u00e9m sv\u011bt\u011b. <b>Koupit 5-MeO-BF online ze spolehliv\u00e9ho v\u00fdzkumn\u00e9ho zdroje<\/b> - bezpe\u010dn\u00e9, rychl\u00e9 a spolehliv\u00e9.<\/p>","protected":false},"excerpt":{"rendered":"<p>5-MeO-BF online kaufen bedeutet, Zugang zu einer hochwertigen Forschungschemikalie zu erhalten, die speziell f\u00fcr anspruchsvolle wissenschaftliche Forschungszwecke entwickelt&hellip;<\/p>","protected":false},"featured_media":6835,"comment_status":"open","ping_status":"closed","template":"","meta":{"_joinchat":[]},"product_brand":[],"product_cat":[52],"product_tag":[2626,2620,2627,2623,2621,2622,2625,2624,2533,2015],"class_list":{"0":"post-6817","1":"product","2":"type-product","3":"status-publish","4":"has-post-thumbnail","6":"product_cat-benzofurans","7":"product_tag-5-meo-bf-chemikalien","8":"product_tag-5-meo-bf-kaufen","9":"product_tag-5-meo-bf-kaufen-deutschland","10":"product_tag-5-meo-bf-kaufen-online","11":"product_tag-5-meo-bf-kristalle","12":"product_tag-5-meo-bf-online-kaufen","13":"product_tag-5-meo-bf-preis","14":"product_tag-5-meo-bf-prodej","15":"product_tag-chemikalien-kaufen","16":"product_tag-synthetische-drogen","18":"first","19":"instock","20":"shipping-taxable","21":"purchasable","22":"product-type-variable"},"yoast_head":"<!-- This site is optimized with the Yoast SEO plugin v27.5 - https:\/\/yoast.com\/product\/yoast-seo-wordpress\/ -->\n<title>5-MeO-BF online kaufen \u2013 5-MeO-BF zum Verkauf | chemgramx<\/title>\n<meta name=\"description\" content=\"Sie m\u00f6chten 5-meo-bf online kaufen? Entdecken Sie eine nahtlose Plattform in unserem Online-Shop, auf der Sie 5-meo-bf online kaufen k\u00f6nnen und so erstklassige Qualit\u00e4t f\u00fcr Ihre Forschungsanforderungen sicherstellen.\" \/>\n<meta name=\"robots\" content=\"index, follow, max-snippet:-1, max-image-preview:large, max-video-preview:-1\" \/>\n<link rel=\"canonical\" href=\"https:\/\/chemgramx.com\/cs\/produkt-1\/5-koupit-meo-bf-online\/\" \/>\n<meta property=\"og:locale\" content=\"cs_CZ\" \/>\n<meta property=\"og:type\" content=\"article\" \/>\n<meta property=\"og:title\" content=\"5-MeO-BF online kaufen \u2013 5-MeO-BF zum Verkauf | chemgramx\" \/>\n<meta property=\"og:description\" content=\"Sie m\u00f6chten 5-meo-bf online kaufen? Entdecken Sie eine nahtlose Plattform in unserem Online-Shop, auf der Sie 5-meo-bf online kaufen k\u00f6nnen und so erstklassige Qualit\u00e4t f\u00fcr Ihre Forschungsanforderungen sicherstellen.\" \/>\n<meta property=\"og:url\" content=\"https:\/\/chemgramx.com\/cs\/produkt-1\/5-koupit-meo-bf-online\/\" \/>\n<meta property=\"og:site_name\" content=\"Chemgramx\" \/>\n<meta property=\"article:modified_time\" content=\"2025-11-21T11:10:13+00:00\" \/>\n<meta property=\"og:image\" content=\"https:\/\/chemgramx.com\/wp-content\/uploads\/2025\/11\/5-MeO-BF-kaufen.jpg\" \/>\n\t<meta property=\"og:image:width\" content=\"225\" \/>\n\t<meta property=\"og:image:height\" content=\"225\" \/>\n\t<meta property=\"og:image:type\" content=\"image\/jpeg\" \/>\n<meta name=\"twitter:card\" content=\"summary_large_image\" \/>\n<meta name=\"twitter:label1\" content=\"Odhadovan\u00e1 doba \u010dten\u00ed\" \/>\n\t<meta name=\"twitter:data1\" content=\"4 minuty\" \/>\n<script type=\"application\/ld+json\" class=\"yoast-schema-graph\">{\"@context\":\"https:\\\/\\\/schema.org\",\"@graph\":[{\"@type\":\"WebPage\",\"@id\":\"https:\\\/\\\/chemgramx.com\\\/product\\\/5-meo-bf-online-kaufen\\\/\",\"url\":\"https:\\\/\\\/chemgramx.com\\\/product\\\/5-meo-bf-online-kaufen\\\/\",\"name\":\"5-MeO-BF online kaufen \u2013 5-MeO-BF zum Verkauf | chemgramx\",\"isPartOf\":{\"@id\":\"https:\\\/\\\/chemgramx.com\\\/#website\"},\"primaryImageOfPage\":{\"@id\":\"https:\\\/\\\/chemgramx.com\\\/product\\\/5-meo-bf-online-kaufen\\\/#primaryimage\"},\"image\":{\"@id\":\"https:\\\/\\\/chemgramx.com\\\/product\\\/5-meo-bf-online-kaufen\\\/#primaryimage\"},\"thumbnailUrl\":\"https:\\\/\\\/chemgramx.com\\\/wp-content\\\/uploads\\\/2025\\\/11\\\/5-MeO-BF-kaufen.jpg\",\"datePublished\":\"2025-11-21T11:09:30+00:00\",\"dateModified\":\"2025-11-21T11:10:13+00:00\",\"description\":\"Sie m\u00f6chten 5-meo-bf online kaufen? Entdecken Sie eine nahtlose Plattform in unserem Online-Shop, auf der Sie 5-meo-bf online kaufen k\u00f6nnen und so erstklassige Qualit\u00e4t f\u00fcr Ihre Forschungsanforderungen sicherstellen.\",\"breadcrumb\":{\"@id\":\"https:\\\/\\\/chemgramx.com\\\/product\\\/5-meo-bf-online-kaufen\\\/#breadcrumb\"},\"inLanguage\":\"cs\",\"potentialAction\":[{\"@type\":\"ReadAction\",\"target\":[\"https:\\\/\\\/chemgramx.com\\\/product\\\/5-meo-bf-online-kaufen\\\/\"]}]},{\"@type\":\"ImageObject\",\"inLanguage\":\"cs\",\"@id\":\"https:\\\/\\\/chemgramx.com\\\/product\\\/5-meo-bf-online-kaufen\\\/#primaryimage\",\"url\":\"https:\\\/\\\/chemgramx.com\\\/wp-content\\\/uploads\\\/2025\\\/11\\\/5-MeO-BF-kaufen.jpg\",\"contentUrl\":\"https:\\\/\\\/chemgramx.com\\\/wp-content\\\/uploads\\\/2025\\\/11\\\/5-MeO-BF-kaufen.jpg\",\"width\":225,\"height\":225},{\"@type\":\"BreadcrumbList\",\"@id\":\"https:\\\/\\\/chemgramx.com\\\/product\\\/5-meo-bf-online-kaufen\\\/#breadcrumb\",\"itemListElement\":[{\"@type\":\"ListItem\",\"position\":1,\"name\":\"Home\",\"item\":\"https:\\\/\\\/chemgramx.com\\\/\"},{\"@type\":\"ListItem\",\"position\":2,\"name\":\"Shop\",\"item\":\"https:\\\/\\\/chemgramx.com\\\/shop\\\/\"},{\"@type\":\"ListItem\",\"position\":3,\"name\":\"5-MeO-BF online kaufen\"}]},{\"@type\":\"WebSite\",\"@id\":\"https:\\\/\\\/chemgramx.com\\\/#website\",\"url\":\"https:\\\/\\\/chemgramx.com\\\/\",\"name\":\"Chemgramx\",\"description\":\"\",\"publisher\":{\"@id\":\"https:\\\/\\\/chemgramx.com\\\/#organization\"},\"potentialAction\":[{\"@type\":\"SearchAction\",\"target\":{\"@type\":\"EntryPoint\",\"urlTemplate\":\"https:\\\/\\\/chemgramx.com\\\/?s={search_term_string}\"},\"query-input\":{\"@type\":\"PropertyValueSpecification\",\"valueRequired\":true,\"valueName\":\"search_term_string\"}}],\"inLanguage\":\"cs\"},{\"@type\":\"Organization\",\"@id\":\"https:\\\/\\\/chemgramx.com\\\/#organization\",\"name\":\"Chemgramx\",\"url\":\"https:\\\/\\\/chemgramx.com\\\/\",\"logo\":{\"@type\":\"ImageObject\",\"inLanguage\":\"cs\",\"@id\":\"https:\\\/\\\/chemgramx.com\\\/#\\\/schema\\\/logo\\\/image\\\/\",\"url\":\"https:\\\/\\\/chemgramx.com\\\/wp-content\\\/uploads\\\/2024\\\/10\\\/final-logo.png\",\"contentUrl\":\"https:\\\/\\\/chemgramx.com\\\/wp-content\\\/uploads\\\/2024\\\/10\\\/final-logo.png\",\"width\":250,\"height\":48,\"caption\":\"Chemgramx\"},\"image\":{\"@id\":\"https:\\\/\\\/chemgramx.com\\\/#\\\/schema\\\/logo\\\/image\\\/\"}}]}<\/script>\n<!-- \/ Yoast SEO plugin. -->","yoast_head_json":{"title":"Koupit 5-MeO-BF online \u2013 5-MeO-BF na prodej | chemgramx","description":"Hled\u00e1te 5-meo-bf online? Objevte v na\u0161em internetov\u00e9m obchod\u011b bezprobl\u00e9movou platformu, kde si m\u016f\u017eete koupit 5-meo-bf online a zajistit si tak prvot\u0159\u00eddn\u00ed kvalitu pro va\u0161e v\u00fdzkumn\u00e9 pot\u0159eby.","robots":{"index":"index","follow":"follow","max-snippet":"max-snippet:-1","max-image-preview":"max-image-preview:large","max-video-preview":"max-video-preview:-1"},"canonical":"https:\/\/chemgramx.com\/cs\/produkt-1\/5-koupit-meo-bf-online\/","og_locale":"cs_CZ","og_type":"article","og_title":"5-MeO-BF online kaufen \u2013 5-MeO-BF zum Verkauf | chemgramx","og_description":"Sie m\u00f6chten 5-meo-bf online kaufen? Entdecken Sie eine nahtlose Plattform in unserem Online-Shop, auf der Sie 5-meo-bf online kaufen k\u00f6nnen und so erstklassige Qualit\u00e4t f\u00fcr Ihre Forschungsanforderungen sicherstellen.","og_url":"https:\/\/chemgramx.com\/cs\/produkt-1\/5-koupit-meo-bf-online\/","og_site_name":"Chemgramx","article_modified_time":"2025-11-21T11:10:13+00:00","og_image":[{"width":225,"height":225,"url":"https:\/\/chemgramx.com\/wp-content\/uploads\/2025\/11\/5-MeO-BF-kaufen.jpg","type":"image\/jpeg"}],"twitter_card":"summary_large_image","twitter_misc":{"Odhadovan\u00e1 doba \u010dten\u00ed":"4 minuty"},"schema":{"@context":"https:\/\/schema.org","@graph":[{"@type":"WebPage","@id":"https:\/\/chemgramx.com\/product\/5-meo-bf-online-kaufen\/","url":"https:\/\/chemgramx.com\/product\/5-meo-bf-online-kaufen\/","name":"Koupit 5-MeO-BF online \u2013 5-MeO-BF na prodej | chemgramx","isPartOf":{"@id":"https:\/\/chemgramx.com\/#website"},"primaryImageOfPage":{"@id":"https:\/\/chemgramx.com\/product\/5-meo-bf-online-kaufen\/#primaryimage"},"image":{"@id":"https:\/\/chemgramx.com\/product\/5-meo-bf-online-kaufen\/#primaryimage"},"thumbnailUrl":"https:\/\/chemgramx.com\/wp-content\/uploads\/2025\/11\/5-MeO-BF-kaufen.jpg","datePublished":"2025-11-21T11:09:30+00:00","dateModified":"2025-11-21T11:10:13+00:00","description":"Hled\u00e1te 5-meo-bf online? Objevte v na\u0161em internetov\u00e9m obchod\u011b bezprobl\u00e9movou platformu, kde si m\u016f\u017eete koupit 5-meo-bf online a zajistit si tak prvot\u0159\u00eddn\u00ed kvalitu pro va\u0161e v\u00fdzkumn\u00e9 pot\u0159eby.","breadcrumb":{"@id":"https:\/\/chemgramx.com\/product\/5-meo-bf-online-kaufen\/#breadcrumb"},"inLanguage":"cs","potentialAction":[{"@type":"ReadAction","target":["https:\/\/chemgramx.com\/product\/5-meo-bf-online-kaufen\/"]}]},{"@type":"ImageObject","inLanguage":"cs","@id":"https:\/\/chemgramx.com\/product\/5-meo-bf-online-kaufen\/#primaryimage","url":"https:\/\/chemgramx.com\/wp-content\/uploads\/2025\/11\/5-MeO-BF-kaufen.jpg","contentUrl":"https:\/\/chemgramx.com\/wp-content\/uploads\/2025\/11\/5-MeO-BF-kaufen.jpg","width":225,"height":225},{"@type":"BreadcrumbList","@id":"https:\/\/chemgramx.com\/product\/5-meo-bf-online-kaufen\/#breadcrumb","itemListElement":[{"@type":"ListItem","position":1,"name":"Home","item":"https:\/\/chemgramx.com\/"},{"@type":"ListItem","position":2,"name":"Shop","item":"https:\/\/chemgramx.com\/shop\/"},{"@type":"ListItem","position":3,"name":"5-MeO-BF online kaufen"}]},{"@type":"WebSite","@id":"https:\/\/chemgramx.com\/#website","url":"https:\/\/chemgramx.com\/","name":"Chemgramx","description":"","publisher":{"@id":"https:\/\/chemgramx.com\/#organization"},"potentialAction":[{"@type":"SearchAction","target":{"@type":"EntryPoint","urlTemplate":"https:\/\/chemgramx.com\/?s={search_term_string}"},"query-input":{"@type":"PropertyValueSpecification","valueRequired":true,"valueName":"search_term_string"}}],"inLanguage":"cs"},{"@type":"Organization","@id":"https:\/\/chemgramx.com\/#organization","name":"Chemgramx","url":"https:\/\/chemgramx.com\/","logo":{"@type":"ImageObject","inLanguage":"cs","@id":"https:\/\/chemgramx.com\/#\/schema\/logo\/image\/","url":"https:\/\/chemgramx.com\/wp-content\/uploads\/2024\/10\/final-logo.png","contentUrl":"https:\/\/chemgramx.com\/wp-content\/uploads\/2024\/10\/final-logo.png","width":250,"height":48,"caption":"Chemgramx"},"image":{"@id":"https:\/\/chemgramx.com\/#\/schema\/logo\/image\/"}}]}},"_links":{"self":[{"href":"https:\/\/chemgramx.com\/cs\/wp-json\/wp\/v2\/product\/6817","targetHints":{"allow":["GET"]}}],"collection":[{"href":"https:\/\/chemgramx.com\/cs\/wp-json\/wp\/v2\/product"}],"about":[{"href":"https:\/\/chemgramx.com\/cs\/wp-json\/wp\/v2\/types\/product"}],"replies":[{"embeddable":true,"href":"https:\/\/chemgramx.com\/cs\/wp-json\/wp\/v2\/comments?post=6817"}],"wp:featuredmedia":[{"embeddable":true,"href":"https:\/\/chemgramx.com\/cs\/wp-json\/wp\/v2\/media\/6835"}],"wp:attachment":[{"href":"https:\/\/chemgramx.com\/cs\/wp-json\/wp\/v2\/media?parent=6817"}],"wp:term":[{"taxonomy":"product_brand","embeddable":true,"href":"https:\/\/chemgramx.com\/cs\/wp-json\/wp\/v2\/product_brand?post=6817"},{"taxonomy":"product_cat","embeddable":true,"href":"https:\/\/chemgramx.com\/cs\/wp-json\/wp\/v2\/product_cat?post=6817"},{"taxonomy":"product_tag","embeddable":true,"href":"https:\/\/chemgramx.com\/cs\/wp-json\/wp\/v2\/product_tag?post=6817"}],"curies":[{"name":"wp","href":"https:\/\/api.w.org\/{rel}","templated":true}]}}