{"id":6818,"date":"2025-11-21T11:09:31","date_gmt":"2025-11-21T11:09:31","guid":{"rendered":"https:\/\/chemgramx.com\/?post_type=product&#038;p=6818"},"modified":"2025-11-21T11:10:13","modified_gmt":"2025-11-21T11:10:13","slug":"koupit-benzofuran-2-carboxylic-online","status":"publish","type":"product","link":"https:\/\/chemgramx.com\/cs\/product\/benzofuran-2-carboxylic-online-kaufen\/","title":{"rendered":"Koupit Benzofuran-2-karboxylov\u00e1 online"},"content":{"rendered":"<p><b>\u010c\u00edm p\u0159esn\u011b je kyselina benzofuran-2-karboxylov\u00e1 tak d\u016fle\u017eit\u00e1 pro organickou synt\u00e9zu?<\/b> Benzofuran-2-karboxylov\u00e1 kyselina je esenci\u00e1ln\u00ed deriv\u00e1t karboxylov\u00e9 kyseliny. <b>Proto<\/b> Pou\u017e\u00edv\u00e1 se v organick\u00e9 synt\u00e9ze jako vysoce reaktivn\u00ed l\u00e1tka. <b>heterocyklick\u00fd stavebn\u00ed blok<\/b>. Struktura benzofuranu se vyskytuje v mnoha <b>bioaktivn\u00ed molekuly<\/b> v\u010detn\u011b. <b>V d\u016fsledku toho<\/b> L\u00e1tka se pou\u017e\u00edv\u00e1 k v\u00fdvoji nov\u00fdch molekul\u00e1rn\u00edch skelet\u016f. <b>Kandid\u00e1ti na l\u00e9ky<\/b> vyr\u00e1b\u011bt. <b>Krom\u011b toho<\/b> karboxylovou skupinu lze snadno p\u0159em\u011bnit na jin\u00e9 funk\u010dn\u00ed skupiny, co\u017e ji \u010din\u00ed velmi univerz\u00e1ln\u00ed pro slo\u017eit\u00e9 chemick\u00e9 experimenty.<\/p>\n<p><b>Jak\u00e9 \u00farovn\u011b kvality jsou k dispozici p\u0159i n\u00e1kupu benzofuran-2-karboxylov\u00e9 kyseliny online a kterou si m\u00e1m vybrat?<\/b> Obecn\u011b existuj\u00ed dv\u011b hlavn\u00ed \u00farovn\u011b kvality. Prvn\u00ed je <b>Kvalita v\u00fdzkumu<\/b>, kter\u00fd m\u00e1 \u010distotu <a href=\"http:\/\/product\/cocaine-powder-online-kaufen\/\"><b>minim\u00e1ln\u011b<\/b><\/a>\u00a0nab\u00edz\u00ed. <b>Tato \u00farove\u0148<\/b> je pro nejcitliv\u011bj\u0161\u00ed experimenty naprosto z\u00e1sadn\u00ed. Za druh\u00e9, je zde <b>Pr\u016fmyslov\u00e1 kvalita<\/b>. <b>To je<\/b> n\u00e1kladov\u011b efektivn\u011bj\u0161\u00ed, <b>ale<\/b> vhodn\u00e9 pouze pro pr\u016fmyslov\u00e9 nebo technick\u00e9 aplikace, kde jsou p\u0159\u00edpustn\u00e9 ne\u010distoty. <b>V\u017edy v\u011bnujte pozornost<\/b> pro v\u00fdb\u011br kvality v\u00fdzkumu pro laboratorn\u00ed aplikace.<\/p>\n<p><b>Je kyselina benzofuran-2-karboxylov\u00e1 regulovan\u00fdm nebo kontrolovan\u00fdm \u010dinidlem?<\/b> Na rozd\u00edl od n\u011bkter\u00fdch psychoaktivn\u00edch l\u00e1tek je kyselina benzofuran-2-karboxylov\u00e1. <b>obvykle bez kontrolovan\u00e9ho NpS<\/b> (nov\u00e1 psychoaktivn\u00ed l\u00e1tka). <b>Nicm\u00e9n\u011b<\/b> podl\u00e9h\u00e1 obecn\u00fdm vnitrost\u00e1tn\u00edm a mezin\u00e1rodn\u00edm pr\u00e1vn\u00edm p\u0159edpis\u016fm o nebezpe\u010dn\u00fdch l\u00e1tk\u00e1ch. <b>Proto<\/b> je nutn\u00e9, aby kupuj\u00edc\u00ed v\u017edy dodr\u017eoval platn\u00e9 p\u0159edpisy. <b>Pr\u00e1vn\u00ed p\u0159edpisy t\u00fdkaj\u00edc\u00ed se chemick\u00fdch l\u00e1tek<\/b> a v\u0161echny <b>Dovozn\u00ed\/v\u00fdvozn\u00ed p\u0159edpisy<\/b> ve sv\u00e9 jurisdikci. Za dodr\u017eov\u00e1n\u00ed z\u00e1kon\u016f odpov\u00edd\u00e1 kupuj\u00edc\u00ed.<\/p>\n<h4>Ot\u00e1zky t\u00fdkaj\u00edc\u00ed se zaji\u0161t\u011bn\u00ed kvality a logistiky<\/h4>\n<p><b>Jak mohu zajistit \u010distotu materi\u00e1lu kyseliny benzofuran-2-karboxylov\u00e9?<\/b> \u010cistota je zaru\u010dena poskytnut\u00edm \u00fapln\u00e9ho <b>Certifik\u00e1t o anal\u00fdze (COA)<\/b> zaru\u010den\u011b. Renomovan\u00fd dodavatel mus\u00ed toto COA poskytnout pro ka\u017edou \u0161ar\u017ei. <b>Org\u00e1n COA<\/b> dokumentuje stupe\u0148 \u010distoty, pou\u017eit\u00e9 <b>Zku\u0161ebn\u00ed metody<\/b> (nap\u0159\u00edklad HPLC nebo NMR) a \u010d\u00edslo \u0161ar\u017ee. <b>Krom\u011b toho<\/b> mus\u00edte m\u00edt <b>Bezpe\u010dnostn\u00ed list (SDS\/MSDS)<\/b> z\u00edskat ve\u0161ker\u00e9 informace o manipulaci a bezpe\u010dnosti.<\/p>\n<p><b>Jak\u00e1 opat\u0159en\u00ed jsou p\u0159ijata k zaji\u0161t\u011bn\u00ed bezpe\u010dn\u00e9 p\u0159epravy a skladov\u00e1n\u00ed?<\/b> Jsou dod\u00e1v\u00e1ny profesion\u00e1ln\u011b zabalen\u00e9 v souladu s mezin\u00e1rodn\u00edmi normami pro chemick\u00e1 \u010dinidla. <b>Zde<\/b> je t\u0159eba db\u00e1t na neporu\u0161enost obalu, aby nedo\u0161lo k po\u0161kozen\u00ed p\u0159i p\u0159eprav\u011b. Pro skladov\u00e1n\u00ed v laborato\u0159i plat\u00ed n\u00e1sleduj\u00edc\u00ed: L\u00e1tka se mus\u00ed <b>chladn\u00e9, such\u00e9 a dob\u0159e uzav\u0159en\u00e9<\/b> b\u00fdt ulo\u017eeny. <b>T\u00edmto zp\u016fsobem<\/b> je zachov\u00e1na chemick\u00e1 stabilita a je vylou\u010dena degradace vlivem vlhkosti nebo vzduchu.<\/p>\n<p><b>Jak\u00e9 platebn\u00ed a dodac\u00ed podm\u00ednky nab\u00edz\u00ed Chemgramx pro n\u00e1kup kyseliny benzofuran-2-karboxylov\u00e9?<\/b> Nab\u00edz\u00edme bezpe\u010dn\u00e9 platebn\u00ed metody, kter\u00e9 spl\u0148uj\u00ed po\u017eadavky v\u00fdzkumn\u00fdch organizac\u00ed. <b>Pat\u0159\u00ed mezi n\u011b<\/b> Kreditn\u00ed kartou a bankovn\u00edm p\u0159evodem. Odesl\u00e1n\u00ed se uskute\u010dn\u00ed <b>Diskr\u00e9tn\u00ed<\/b> se sledov\u00e1n\u00edm z\u00e1silky. <b>Krom\u011b toho<\/b> Vyu\u017e\u00edv\u00e1te v\u00fdhod transparentn\u00edch cen, proto\u017ee m\u00e1te p\u0159\u00edm\u00fd p\u0159\u00edstup k r\u016fzn\u00fdm <b>Mno\u017estv\u00ed a stupn\u011b \u010distoty<\/b> obdr\u017eel.<\/p>","protected":false},"excerpt":{"rendered":"<div class=\"flex-shrink-0 flex flex-col relative items-end\">\n<div>\n<div class=\"pt-0\">\n<div class=\"gizmo-bot-avatar flex h-8 w-8 items-center justify-center overflow-hidden rounded-full\">\n<div class=\"relative p-1 rounded-sm flex items-center justify-center bg-token-main-surface-primary text-token-text-primary h-8 w-8\"><\/div>\n<\/div>\n<\/div>\n<\/div>\n<\/div>\n<div class=\"group\/conversation-turn relative flex w-full min-w-0 flex-col agent-turn\">\n<div class=\"flex-col gap-1 md:gap-3\">\n<div class=\"flex max-w-full flex-col flex-grow\">\n<div class=\"min-h-8 text-message flex w-full flex-col items-end gap-2 whitespace-normal break-words [.text-message+&amp;]:mt-5\" dir=\"auto\" data-message-author-role=\"assistant\" data-message-id=\"42c7ed22-510b-492b-8141-5cb0e68c07dc\" data-message-model-slug=\"gpt-4o-mini\">\n<div class=\"flex w-full flex-col gap-1 empty:hidden first:pt-[3px]\">\n<div class=\"result-streaming markdown prose w-full break-words dark:prose-invert light\">\n<p><strong>Benzofuran<\/strong> ist eine chemische Verbindung, die als Basiseinheit in verschiedenen organischen Verbindungen und Arzneimitteln dient. Die Struktur von Benzofuran besteht aus einem <strong>Furanring<\/strong> (ein f\u00fcnfgliedriger Ring, der ein Sauerstoffatom enth\u00e4lt) fusioniert mit einem <strong>Benzolring<\/strong> (ein sechsgliedriger Ring mit alternierenden Doppelbindungen). Diese Struktur ist eine der Gr\u00fcnde, warum Benzofuran und seine Derivate in der Chemie und Pharmakologie so relevant sind.<\/p>\n<ul>\n<li><strong>IUPAC-Name<\/strong>: Benzofuran<\/li>\n<li><strong>Summenformel<\/strong>: C8H6O<\/li>\n<li><strong>Struktur<\/strong>: Ein <strong>Benzolring<\/strong> (C6H5) ist an einen <strong>Furanring<\/strong> (C4H3O) gebunden. Der Furanring ist ein aromatischer Ring, der ein Sauerstoffatom enth\u00e4lt.<\/li>\n<\/ul>\n<\/div>\n<\/div>\n<\/div>\n<\/div>\n<\/div>\n<\/div>\n","protected":false},"featured_media":6836,"comment_status":"open","ping_status":"closed","template":"","meta":{"_joinchat":[]},"product_brand":[],"product_cat":[52],"product_tag":[2618,2613,2615,2612,2619,2614,2617,2616,2533,2015],"class_list":{"0":"post-6818","1":"product","2":"type-product","3":"status-publish","4":"has-post-thumbnail","6":"product_cat-benzofurans","7":"product_tag-benzofuran-chemikalien","8":"product_tag-benzofuran-kaufen","9":"product_tag-benzofuran-online-kaufen","10":"product_tag-benzofuran-2-carboxylat-kaufen","11":"product_tag-benzofuran-2-carboxylat-kaufen-online","12":"product_tag-benzofuran-2-carboxylat-kristalle","13":"product_tag-benzofuran-2-carboxylat-prodej","14":"product_tag-benzofuran-2-carboxylic-preis","15":"product_tag-chemikalien-kaufen","16":"product_tag-synthetische-drogen","18":"first","19":"instock","20":"shipping-taxable","21":"purchasable","22":"product-type-variable"},"yoast_head":"<!-- This site is optimized with the Yoast SEO plugin v27.5 - https:\/\/yoast.com\/product\/yoast-seo-wordpress\/ -->\n<title>Benzofuran-2-carbons\u00e4ure online kaufen | Chemgramx<\/title>\n<meta name=\"description\" content=\"Unser Gesch\u00e4ft hat Benzofuran-2-carbons\u00e4ure in Topqualit\u00e4t zum Verkauf. Wenn Sie Benzofuran-2-carbons\u00e4ure online in unserem Chemgramx-Gesch\u00e4ft kaufen.\" \/>\n<meta name=\"robots\" content=\"index, follow, max-snippet:-1, max-image-preview:large, max-video-preview:-1\" \/>\n<link rel=\"canonical\" href=\"https:\/\/chemgramx.com\/cs\/produkt-1\/koupit-benzofuran-2-carboxylic-online\/\" \/>\n<meta property=\"og:locale\" content=\"cs_CZ\" \/>\n<meta property=\"og:type\" content=\"article\" \/>\n<meta property=\"og:title\" content=\"Benzofuran-2-carbons\u00e4ure online kaufen | Chemgramx\" \/>\n<meta property=\"og:description\" content=\"Unser Gesch\u00e4ft hat Benzofuran-2-carbons\u00e4ure in Topqualit\u00e4t zum Verkauf. Wenn Sie Benzofuran-2-carbons\u00e4ure online in unserem Chemgramx-Gesch\u00e4ft kaufen.\" \/>\n<meta property=\"og:url\" content=\"https:\/\/chemgramx.com\/cs\/produkt-1\/koupit-benzofuran-2-carboxylic-online\/\" \/>\n<meta property=\"og:site_name\" content=\"Chemgramx\" \/>\n<meta property=\"article:modified_time\" content=\"2025-11-21T11:10:13+00:00\" \/>\n<meta property=\"og:image\" content=\"https:\/\/chemgramx.com\/wp-content\/uploads\/2025\/11\/Benzofuran-2-carboxylic.jpg\" \/>\n\t<meta property=\"og:image:width\" content=\"600\" \/>\n\t<meta property=\"og:image:height\" content=\"600\" \/>\n\t<meta property=\"og:image:type\" content=\"image\/jpeg\" \/>\n<meta name=\"twitter:card\" content=\"summary_large_image\" \/>\n<meta name=\"twitter:label1\" content=\"Odhadovan\u00e1 doba \u010dten\u00ed\" \/>\n\t<meta name=\"twitter:data1\" content=\"2 minuty\" \/>\n<script type=\"application\/ld+json\" class=\"yoast-schema-graph\">{\"@context\":\"https:\\\/\\\/schema.org\",\"@graph\":[{\"@type\":\"WebPage\",\"@id\":\"https:\\\/\\\/chemgramx.com\\\/product\\\/benzofuran-2-carboxylic-online-kaufen\\\/\",\"url\":\"https:\\\/\\\/chemgramx.com\\\/product\\\/benzofuran-2-carboxylic-online-kaufen\\\/\",\"name\":\"Benzofuran-2-carbons\u00e4ure online kaufen | Chemgramx\",\"isPartOf\":{\"@id\":\"https:\\\/\\\/chemgramx.com\\\/#website\"},\"primaryImageOfPage\":{\"@id\":\"https:\\\/\\\/chemgramx.com\\\/product\\\/benzofuran-2-carboxylic-online-kaufen\\\/#primaryimage\"},\"image\":{\"@id\":\"https:\\\/\\\/chemgramx.com\\\/product\\\/benzofuran-2-carboxylic-online-kaufen\\\/#primaryimage\"},\"thumbnailUrl\":\"https:\\\/\\\/chemgramx.com\\\/wp-content\\\/uploads\\\/2025\\\/11\\\/Benzofuran-2-carboxylic.jpg\",\"datePublished\":\"2025-11-21T11:09:31+00:00\",\"dateModified\":\"2025-11-21T11:10:13+00:00\",\"description\":\"Unser Gesch\u00e4ft hat Benzofuran-2-carbons\u00e4ure in Topqualit\u00e4t zum Verkauf. Wenn Sie Benzofuran-2-carbons\u00e4ure online in unserem Chemgramx-Gesch\u00e4ft kaufen.\",\"breadcrumb\":{\"@id\":\"https:\\\/\\\/chemgramx.com\\\/product\\\/benzofuran-2-carboxylic-online-kaufen\\\/#breadcrumb\"},\"inLanguage\":\"cs\",\"potentialAction\":[{\"@type\":\"ReadAction\",\"target\":[\"https:\\\/\\\/chemgramx.com\\\/product\\\/benzofuran-2-carboxylic-online-kaufen\\\/\"]}]},{\"@type\":\"ImageObject\",\"inLanguage\":\"cs\",\"@id\":\"https:\\\/\\\/chemgramx.com\\\/product\\\/benzofuran-2-carboxylic-online-kaufen\\\/#primaryimage\",\"url\":\"https:\\\/\\\/chemgramx.com\\\/wp-content\\\/uploads\\\/2025\\\/11\\\/Benzofuran-2-carboxylic.jpg\",\"contentUrl\":\"https:\\\/\\\/chemgramx.com\\\/wp-content\\\/uploads\\\/2025\\\/11\\\/Benzofuran-2-carboxylic.jpg\",\"width\":600,\"height\":600},{\"@type\":\"BreadcrumbList\",\"@id\":\"https:\\\/\\\/chemgramx.com\\\/product\\\/benzofuran-2-carboxylic-online-kaufen\\\/#breadcrumb\",\"itemListElement\":[{\"@type\":\"ListItem\",\"position\":1,\"name\":\"Home\",\"item\":\"https:\\\/\\\/chemgramx.com\\\/\"},{\"@type\":\"ListItem\",\"position\":2,\"name\":\"Shop\",\"item\":\"https:\\\/\\\/chemgramx.com\\\/shop\\\/\"},{\"@type\":\"ListItem\",\"position\":3,\"name\":\"Benzofuran-2-carboxylic Online Kaufen\"}]},{\"@type\":\"WebSite\",\"@id\":\"https:\\\/\\\/chemgramx.com\\\/#website\",\"url\":\"https:\\\/\\\/chemgramx.com\\\/\",\"name\":\"Chemgramx\",\"description\":\"\",\"publisher\":{\"@id\":\"https:\\\/\\\/chemgramx.com\\\/#organization\"},\"potentialAction\":[{\"@type\":\"SearchAction\",\"target\":{\"@type\":\"EntryPoint\",\"urlTemplate\":\"https:\\\/\\\/chemgramx.com\\\/?s={search_term_string}\"},\"query-input\":{\"@type\":\"PropertyValueSpecification\",\"valueRequired\":true,\"valueName\":\"search_term_string\"}}],\"inLanguage\":\"cs\"},{\"@type\":\"Organization\",\"@id\":\"https:\\\/\\\/chemgramx.com\\\/#organization\",\"name\":\"Chemgramx\",\"url\":\"https:\\\/\\\/chemgramx.com\\\/\",\"logo\":{\"@type\":\"ImageObject\",\"inLanguage\":\"cs\",\"@id\":\"https:\\\/\\\/chemgramx.com\\\/#\\\/schema\\\/logo\\\/image\\\/\",\"url\":\"https:\\\/\\\/chemgramx.com\\\/wp-content\\\/uploads\\\/2024\\\/10\\\/final-logo.png\",\"contentUrl\":\"https:\\\/\\\/chemgramx.com\\\/wp-content\\\/uploads\\\/2024\\\/10\\\/final-logo.png\",\"width\":250,\"height\":48,\"caption\":\"Chemgramx\"},\"image\":{\"@id\":\"https:\\\/\\\/chemgramx.com\\\/#\\\/schema\\\/logo\\\/image\\\/\"}}]}<\/script>\n<!-- \/ Yoast SEO plugin. -->","yoast_head_json":{"title":"Koupit benzofuran-2-karboxylovou kyselinu online | Chemgramx","description":"Na\u0161e spole\u010dnost nab\u00edz\u00ed k prodeji benzofuran-2-karboxylovou kyselinu nejvy\u0161\u0161\u00ed kvality. Pokud si chcete koupit benzofuran-2-karboxylovou kyselinu online, nav\u0161tivte n\u00e1\u0161 obchod Chemgramx.","robots":{"index":"index","follow":"follow","max-snippet":"max-snippet:-1","max-image-preview":"max-image-preview:large","max-video-preview":"max-video-preview:-1"},"canonical":"https:\/\/chemgramx.com\/cs\/produkt-1\/koupit-benzofuran-2-carboxylic-online\/","og_locale":"cs_CZ","og_type":"article","og_title":"Benzofuran-2-carbons\u00e4ure online kaufen | Chemgramx","og_description":"Unser Gesch\u00e4ft hat Benzofuran-2-carbons\u00e4ure in Topqualit\u00e4t zum Verkauf. Wenn Sie Benzofuran-2-carbons\u00e4ure online in unserem Chemgramx-Gesch\u00e4ft kaufen.","og_url":"https:\/\/chemgramx.com\/cs\/produkt-1\/koupit-benzofuran-2-carboxylic-online\/","og_site_name":"Chemgramx","article_modified_time":"2025-11-21T11:10:13+00:00","og_image":[{"width":600,"height":600,"url":"https:\/\/chemgramx.com\/wp-content\/uploads\/2025\/11\/Benzofuran-2-carboxylic.jpg","type":"image\/jpeg"}],"twitter_card":"summary_large_image","twitter_misc":{"Odhadovan\u00e1 doba \u010dten\u00ed":"2 minuty"},"schema":{"@context":"https:\/\/schema.org","@graph":[{"@type":"WebPage","@id":"https:\/\/chemgramx.com\/product\/benzofuran-2-carboxylic-online-kaufen\/","url":"https:\/\/chemgramx.com\/product\/benzofuran-2-carboxylic-online-kaufen\/","name":"Koupit benzofuran-2-karboxylovou kyselinu online | Chemgramx","isPartOf":{"@id":"https:\/\/chemgramx.com\/#website"},"primaryImageOfPage":{"@id":"https:\/\/chemgramx.com\/product\/benzofuran-2-carboxylic-online-kaufen\/#primaryimage"},"image":{"@id":"https:\/\/chemgramx.com\/product\/benzofuran-2-carboxylic-online-kaufen\/#primaryimage"},"thumbnailUrl":"https:\/\/chemgramx.com\/wp-content\/uploads\/2025\/11\/Benzofuran-2-carboxylic.jpg","datePublished":"2025-11-21T11:09:31+00:00","dateModified":"2025-11-21T11:10:13+00:00","description":"Na\u0161e spole\u010dnost nab\u00edz\u00ed k prodeji benzofuran-2-karboxylovou kyselinu nejvy\u0161\u0161\u00ed kvality. Pokud si chcete koupit benzofuran-2-karboxylovou kyselinu online, nav\u0161tivte n\u00e1\u0161 obchod Chemgramx.","breadcrumb":{"@id":"https:\/\/chemgramx.com\/product\/benzofuran-2-carboxylic-online-kaufen\/#breadcrumb"},"inLanguage":"cs","potentialAction":[{"@type":"ReadAction","target":["https:\/\/chemgramx.com\/product\/benzofuran-2-carboxylic-online-kaufen\/"]}]},{"@type":"ImageObject","inLanguage":"cs","@id":"https:\/\/chemgramx.com\/product\/benzofuran-2-carboxylic-online-kaufen\/#primaryimage","url":"https:\/\/chemgramx.com\/wp-content\/uploads\/2025\/11\/Benzofuran-2-carboxylic.jpg","contentUrl":"https:\/\/chemgramx.com\/wp-content\/uploads\/2025\/11\/Benzofuran-2-carboxylic.jpg","width":600,"height":600},{"@type":"BreadcrumbList","@id":"https:\/\/chemgramx.com\/product\/benzofuran-2-carboxylic-online-kaufen\/#breadcrumb","itemListElement":[{"@type":"ListItem","position":1,"name":"Home","item":"https:\/\/chemgramx.com\/"},{"@type":"ListItem","position":2,"name":"Shop","item":"https:\/\/chemgramx.com\/shop\/"},{"@type":"ListItem","position":3,"name":"Benzofuran-2-carboxylic Online Kaufen"}]},{"@type":"WebSite","@id":"https:\/\/chemgramx.com\/#website","url":"https:\/\/chemgramx.com\/","name":"Chemgramx","description":"","publisher":{"@id":"https:\/\/chemgramx.com\/#organization"},"potentialAction":[{"@type":"SearchAction","target":{"@type":"EntryPoint","urlTemplate":"https:\/\/chemgramx.com\/?s={search_term_string}"},"query-input":{"@type":"PropertyValueSpecification","valueRequired":true,"valueName":"search_term_string"}}],"inLanguage":"cs"},{"@type":"Organization","@id":"https:\/\/chemgramx.com\/#organization","name":"Chemgramx","url":"https:\/\/chemgramx.com\/","logo":{"@type":"ImageObject","inLanguage":"cs","@id":"https:\/\/chemgramx.com\/#\/schema\/logo\/image\/","url":"https:\/\/chemgramx.com\/wp-content\/uploads\/2024\/10\/final-logo.png","contentUrl":"https:\/\/chemgramx.com\/wp-content\/uploads\/2024\/10\/final-logo.png","width":250,"height":48,"caption":"Chemgramx"},"image":{"@id":"https:\/\/chemgramx.com\/#\/schema\/logo\/image\/"}}]}},"_links":{"self":[{"href":"https:\/\/chemgramx.com\/cs\/wp-json\/wp\/v2\/product\/6818","targetHints":{"allow":["GET"]}}],"collection":[{"href":"https:\/\/chemgramx.com\/cs\/wp-json\/wp\/v2\/product"}],"about":[{"href":"https:\/\/chemgramx.com\/cs\/wp-json\/wp\/v2\/types\/product"}],"replies":[{"embeddable":true,"href":"https:\/\/chemgramx.com\/cs\/wp-json\/wp\/v2\/comments?post=6818"}],"wp:featuredmedia":[{"embeddable":true,"href":"https:\/\/chemgramx.com\/cs\/wp-json\/wp\/v2\/media\/6836"}],"wp:attachment":[{"href":"https:\/\/chemgramx.com\/cs\/wp-json\/wp\/v2\/media?parent=6818"}],"wp:term":[{"taxonomy":"product_brand","embeddable":true,"href":"https:\/\/chemgramx.com\/cs\/wp-json\/wp\/v2\/product_brand?post=6818"},{"taxonomy":"product_cat","embeddable":true,"href":"https:\/\/chemgramx.com\/cs\/wp-json\/wp\/v2\/product_cat?post=6818"},{"taxonomy":"product_tag","embeddable":true,"href":"https:\/\/chemgramx.com\/cs\/wp-json\/wp\/v2\/product_tag?post=6818"}],"curies":[{"name":"wp","href":"https:\/\/api.w.org\/{rel}","templated":true}]}}