{"id":6866,"date":"2025-11-21T11:09:57","date_gmt":"2025-11-21T11:09:57","guid":{"rendered":"https:\/\/chemgramx.com\/?post_type=product&#038;p=6866"},"modified":"2025-12-10T07:21:33","modified_gmt":"2025-12-10T07:21:33","slug":"koupit-7-abf-online","status":"publish","type":"product","link":"https:\/\/chemgramx.com\/cs\/product\/7-abf-online-kaufen\/","title":{"rendered":"Koupit 7-ABF \u2013 \u010cistota, v\u00fdzkum"},"content":{"rendered":"<h2>Vysoce kvalitn\u00ed 7-ABF: V\u00e1\u0161 partner pro v\u00fdzkum a v\u00fdvoj<\/h2>\n<p>Pokud jste <b>Koupit 7-ABF<\/b> , ChemGramX je va\u0161\u00ed prvn\u00ed volbou pro laboratorn\u011b testovan\u00fd, prvot\u0159\u00eddn\u00ed 7-ABF. Tato esenci\u00e1ln\u00ed chemick\u00e1 slou\u010denina, zn\u00e1m\u00e1 tak\u00e9 jako 7-azaindol, hraje kl\u00ed\u010dovou roli v pokro\u010dil\u00fdch chemick\u00fdch a farmaceutick\u00fdch v\u00fdzkumn\u00fdch aplikac\u00edch. Pokud <b>Koupit 7-ABF online<\/b>, z\u00edsk\u00e1te zaru\u010denou \u010distotu a kvalitu, kter\u00e9 jsou nezbytn\u00e9 pro dosa\u017een\u00ed p\u0159esn\u00fdch a spolehliv\u00fdch v\u00fdsledk\u016f v\u00fdzkumu. Ch\u00e1peme, \u017ee va\u0161e pr\u00e1ce vy\u017eaduje nejvy\u0161\u0161\u00ed standardy, a proto zaji\u0161\u0165ujeme, aby n\u00e1\u0161 7-ABF t\u011bmto po\u017eadavk\u016fm vyhovoval. Na\u0161e snaha o dokonalost za\u010d\u00edn\u00e1 u n\u00e1kupu surovin a kon\u010d\u00ed pe\u010dlivou p\u0159\u00edpravou, abychom v\u00e1m mohli dodat produkt, kter\u00fd p\u0159ed\u010d\u00ed va\u0161e o\u010dek\u00e1v\u00e1n\u00ed.<\/p>\n<p>Snaha o nov\u00e9 v\u011bdeck\u00e9 poznatky vy\u017eaduje materi\u00e1ly nejvy\u0161\u0161\u00ed integrity. Proto je v\u00fdb\u011br spr\u00e1vn\u00e9ho dodavatele rozhoduj\u00edc\u00ed. ChemGramX si dal za \u00fakol umo\u017enit v\u011bdc\u016fm p\u0159\u00edstup k nejlep\u0161\u00edm chemick\u00fdm stavebn\u00edm kamen\u016fm. Na\u0161e <b>\u0160pi\u010dkov\u00e1 kvalita 7-ABF<\/b> je v\u00fdsledkem pe\u010dliv\u00e9ho v\u00fdb\u011bru a p\u0159\u00edsn\u00fdch kontrol kvality. Nab\u00edz\u00edme v\u00e1m jistotu, \u017ee ka\u017ed\u00e1 \u0161ar\u017ee spl\u0148uje na\u0161e vysok\u00e9 standardy. Spolehn\u011bte se na ChemGramX pro va\u0161e n\u00e1ro\u010dn\u00e9 v\u00fdzkumn\u00e9 projekty, kde je p\u0159esnost a spolehlivost na prvn\u00edm m\u00edst\u011b.<\/p>\n<h3>Co je 7-ABF a jak\u00fd m\u00e1 v\u00fdznam?<\/h3>\n<p>7-ABF, chemicky zn\u00e1m\u00fd jako 7-azaindol, pat\u0159\u00ed do rodiny deriv\u00e1t\u016f azaindolu. Tato struktura z n\u011bj \u010din\u00ed cenn\u00fd n\u00e1stroj v organick\u00e9 synt\u00e9ze a farmaceutick\u00e9m v\u00fdzkumu. \u010casto funguje jako z\u00e1kladn\u00ed stavebn\u00ed k\u00e1men pro v\u00fdrobu slo\u017eit\u011bj\u0161\u00edch molekul a potenci\u00e1ln\u00edch farmaceutick\u00fdch \u00fa\u010dinn\u00fdch l\u00e1tek. V\u011bdci, kte\u0159\u00ed <b>Objednat 7-ABF<\/b>, vyu\u017e\u00edvaj\u00ed jeho jedine\u010dn\u00e9 chemick\u00e9 vlastnosti k v\u00fdzkumu reaktivity a k hled\u00e1n\u00ed nov\u00fdch syntetick\u00fdch cest pro slibn\u00e9 kandid\u00e1ty na l\u00e9ky. V\u0161estrannost t\u00e9to slou\u010deniny neust\u00e1le otev\u00edr\u00e1 nov\u00e9 mo\u017enosti ve v\u00fdzkumu \u00fa\u010dinn\u00fdch l\u00e1tek a materi\u00e1lov\u00fdch v\u011bd\u00e1ch.<\/p>\n<p>Pou\u017eit\u00ed 7-ABF se rozprost\u00edr\u00e1 nap\u0159\u00ed\u010d r\u016fzn\u00fdmi oblastmi v\u00fdzkumu. Jeho schopnost vytv\u00e1\u0159et vod\u00edkov\u00e9 m\u016fstky a fungovat jako ligand v organokovov\u00fdch komplexech ho \u010din\u00ed obzvl\u00e1\u0161t\u011b zaj\u00edmav\u00fdm pro supramolekul\u00e1rn\u00ed chemii a v\u00fdzkum katal\u00fdzy. Krom\u011b toho je zkoum\u00e1n jako v\u00fdchoz\u00ed materi\u00e1l pro synt\u00e9zu slou\u010denin s potenci\u00e1ln\u00ed biologickou aktivitou. Pokra\u010duj\u00edc\u00ed v\u00fdzkum 7-ABF podporuje inovace v oblastech, jako je onkologie, neurov\u011bda a infek\u010dn\u00ed nemoci. Proto je pro v\u011bdce z\u00e1sadn\u00ed m\u00edt p\u0159\u00edstup ke spolehliv\u00e9mu zdroji <b>Na prodej vysoce \u010dist\u00fd 7-ABF<\/b> m\u00edt.<\/p>\n<h3>Pro\u010d byste m\u011bli zv\u00e1\u017eit 7-ABF od ChemGramX<\/h3>\n<p>Rozhodnut\u00ed, <b>Koupit 7-ABF<\/b>, je d\u016fle\u017eit\u00fdm krokem pro ka\u017edou v\u00fdzkumnou laborato\u0159. S ChemGramX z\u00edsk\u00e1te spojen\u00ed, kter\u00e9 je neoceniteln\u00e9 pro v\u00fdvoj nov\u00fdch l\u00e9\u010div a pokro\u010dil\u00fdch chemick\u00fdch produkt\u016f. Na\u0161e nab\u00eddka 7-ABF k prodeji zaru\u010duje nejvy\u0161\u0161\u00ed \u010distotu a konzistenci, co\u017e je nezbytn\u00e9 pro dosa\u017een\u00ed p\u0159esn\u00fdch a reprodukovateln\u00fdch v\u00fdsledk\u016f ve farmaceutick\u00fdch a biochemick\u00fdch aplikac\u00edch. Jsme hrd\u00ed na to, \u017ee m\u016f\u017eeme v\u00fdzkumn\u00fdm pracovn\u00edk\u016fm po cel\u00e9m sv\u011bt\u011b nab\u00eddnout materi\u00e1ly, kter\u00e9 spl\u0148uj\u00ed nejvy\u0161\u0161\u00ed standardy kvality.<\/p>\n<p>Pokud po <b>nejlep\u0161\u00ed 7-ABF k dispozici<\/b> hled\u00e1te, ChemGramX je pro v\u00e1s tou spr\u00e1vnou volbou. Klademe velk\u00fd d\u016fraz na zaji\u0161t\u011bn\u00ed kvality na\u0161ich produkt\u016f. Ka\u017ed\u00e1 \u0161ar\u017ee na\u0161eho 7-ABF je p\u0159\u00edsn\u011b testov\u00e1na v nez\u00e1visl\u00fdch laborato\u0159\u00edch na \u010distotu a identitu. Tyto podrobn\u00e9 anal\u00fdzy zaji\u0161\u0165uj\u00ed, \u017ee dostanete produkt, kter\u00fd je vhodn\u00fd pro va\u0161e citliv\u00e9 experimenty. Transparentnost na\u0161ich proces\u016f v\u00e1m d\u00e1v\u00e1 jistotu, kterou pot\u0159ebujete pro svou cennou v\u00fdzkumnou pr\u00e1ci. Objevte rozd\u00edl, kter\u00fd kvalita p\u0159in\u00e1\u0161\u00ed.<\/p>\n<h3>V\u00fdhody n\u00e1kupu 7-ABF od ChemGramX<\/h3>\n<p>U ChemGramX je kvalita na prvn\u00edm m\u00edst\u011b. Jsme si v\u011bdomi toho, \u017ee v\u00e1\u0161 v\u00fdzkum z\u00e1vis\u00ed na \u010distot\u011b a spolehlivosti chemik\u00e1li\u00ed, kter\u00e9 pou\u017e\u00edv\u00e1te. Proto v\u00e1m nab\u00edz\u00edme <b>Laboratorn\u00ed stupe\u0148 7-ABF na prodej<\/b> , kter\u00e9 podl\u00e9h\u00e1 p\u0159\u00edsn\u00fdm kontrol\u00e1m kvality. Ka\u017ed\u00fd produkt je pe\u010dliv\u011b analyzov\u00e1n, aby byly zaji\u0161t\u011bny nejvy\u0161\u0161\u00ed standardy. Tento z\u00e1vazek k dokonalosti znamen\u00e1, \u017ee se m\u016f\u017eete spolehnout na konzistenci a \u00fa\u010dinnost 7-ABF p\u0159i dosahov\u00e1n\u00ed sv\u00fdch v\u011bdeck\u00fdch c\u00edl\u016f.<\/p>\n<p>Na\u0161\u00edm c\u00edlem je poskytnout v\u00e1m bezprobl\u00e9mov\u00fd z\u00e1\u017eitek. Pokud uva\u017eujete o online objedn\u00e1vce 7-ABF, m\u016f\u017eete vyu\u017e\u00edt n\u00e1\u0161 u\u017eivatelsky p\u0159\u00edv\u011btiv\u00fd objedn\u00e1vkov\u00fd syst\u00e9m a n\u00e1\u0161 oddan\u00fd z\u00e1kaznick\u00fd servis. Sna\u017e\u00edme se v\u00e1m nab\u00eddnout nejen vysoce kvalitn\u00ed produkty, ale tak\u00e9 vynikaj\u00edc\u00ed slu\u017eby. Prohl\u00e9dn\u011bte si n\u00e1\u0161 sortiment a objevte, jak m\u016f\u017ee ChemGramX podpo\u0159it v\u00e1\u0161 v\u00fdzkum. Va\u0161e v\u011bdeck\u00e9 objevy jsou na\u0161\u00ed motivac\u00ed.<\/p>\n<ul>\n<li><b>Laboratorn\u011b testovan\u00e1 \u010distota:<\/b> Ka\u017ed\u00e1 \u0161ar\u017ee na\u0161eho 7-ABF proch\u00e1z\u00ed p\u0159\u00edsn\u00fdmi a nez\u00e1visl\u00fdmi laboratorn\u00edmi testy. To v\u00e1m zaru\u010duje optim\u00e1ln\u00ed kvalitu, kter\u00e1 je nezbytn\u00e1 pro va\u0161e n\u00e1ro\u010dn\u00e9 v\u00fdzkumn\u00e9 projekty.<\/li>\n<li><b>Ide\u00e1ln\u00ed pro v\u00fdzkum a synt\u00e9zu:<\/b> 7-ABF je ide\u00e1ln\u00ed pro chemick\u00e9 synt\u00e9zy, farmaceutick\u00e9 studie a r\u016fzn\u00e9 analytick\u00e9 aplikace. Slou\u017e\u00ed jako spolehliv\u00fd stavebn\u00ed k\u00e1men pro va\u0161e inovace.<\/li>\n<li><b>Transparentn\u00ed ceny:<\/b> V\u017edy v\u00e1m nab\u00edz\u00edme spravedlivou cenu za 7-ABF, kter\u00e1 odr\u00e1\u017e\u00ed laboratorn\u011b ov\u011b\u0159enou kvalitu. Z\u00edsk\u00e1te prvot\u0159\u00eddn\u00ed chemik\u00e1lie za konkurenceschopnou cenu.<\/li>\n<li><b>Autentick\u00fd 7-ABF:<\/b> Zaru\u010dujeme autenti\u010dnost na\u0161eho 7-ABF. Spolehn\u011bte se na p\u016fvod a kvalitu, kter\u00e9 jsou rozhoduj\u00edc\u00ed pro reprodukovateln\u00e9 v\u011bdeck\u00e9 v\u00fdsledky.<\/li>\n<\/ul>\n<h3>Komplexn\u00ed oblasti pou\u017eit\u00ed 7-ABF<\/h3>\n<p>7-ABF, jako \u010dlen rodiny azindol\u016f, nab\u00edz\u00ed \u0161irok\u00e9 spektrum mo\u017enost\u00ed pou\u017eit\u00ed v modern\u00edm chemick\u00e9m v\u00fdzkumu a v\u00fdvoji. Jeho molekul\u00e1rn\u00ed struktura umo\u017e\u0148uje r\u016fzn\u00e9 chemick\u00e9 reakce, co\u017e z n\u011bj \u010din\u00ed vyhled\u00e1van\u00e9 \u010dinidlo pro synt\u00e9zu nov\u00fdch organick\u00fdch slou\u010denin. V\u011bdci \u010dasto pou\u017e\u00edvaj\u00ed 7-ABF jako v\u00fdchoz\u00ed bod pro v\u00fdvoj molekul s potenci\u00e1ln\u00edmi terapeutick\u00fdmi vlastnostmi. Studium jeho deriv\u00e1t\u016f nap\u0159\u00edklad vedlo k nalezen\u00ed slibn\u00fdch kandid\u00e1t\u016f v oblasti v\u00fdzkumu rakoviny a boje proti virov\u00fdm infekc\u00edm. Pokud chcete tento potenci\u00e1l vyu\u017e\u00edt, je <b>N\u00e1kup 7-ABF online<\/b> prost\u0159ednictv\u00edm d\u016fv\u011bryhodn\u00e9ho zdroje, jako je ChemGramX, je nezbytn\u00e9.<\/p>\n<p>V\u00fdznam 7-ABF v l\u00e9ka\u0159sk\u00e9 chemii nelze p\u0159ecenit. Slou\u017e\u00ed jako struktur\u00e1ln\u00ed motiv v mnoha biologicky aktivn\u00edch molekul\u00e1ch. Jeho schopnost v\u00e1zat se na r\u016fzn\u00e9 biologick\u00e9 c\u00edle z n\u011bj \u010din\u00ed atraktivn\u00edho kandid\u00e1ta pro v\u00fdvoj l\u00e9\u010div. Nap\u0159\u00edklad se zkoum\u00e1 derivace 7-ABF s c\u00edlem vyvinout selektivn\u011bj\u0161\u00ed a \u00fa\u010dinn\u011bj\u0161\u00ed inhibitory pro ur\u010dit\u00e9 enzymy, kter\u00e9 hraj\u00ed roli p\u0159i onemocn\u011bn\u00edch, jako je Alzheimerova nebo Parkinsonova choroba. Dostupnost <b>vysoce kvalitn\u00ed 7-ABF<\/b> je proto kritick\u00fdm faktorem pro pokrok v t\u011bchto oblastech.<\/p>\n<p>Krom\u011b toho se 7-ABF pou\u017e\u00edv\u00e1 v materi\u00e1lov\u00e9m in\u017een\u00fdrstv\u00ed, zejm\u00e9na p\u0159i v\u00fdvoji nov\u00fdch organick\u00fdch sv\u011bteln\u00fdch diod (OLED) a dal\u0161\u00edch elektronick\u00fdch materi\u00e1l\u016f. Jeho fotofyzik\u00e1ln\u00ed vlastnosti lze c\u00edlen\u011b upravovat chemick\u00fdmi modifikacemi. To otev\u00edr\u00e1 mo\u017enosti pro v\u00fdrobu \u00fa\u010dinn\u011bj\u0161\u00edch a trvanliv\u011bj\u0161\u00edch elektronick\u00fdch sou\u010d\u00e1stek. Pro v\u011bdce, kte\u0159\u00ed p\u016fsob\u00ed v t\u011bchto inovativn\u00edch oblastech, je spolehliv\u00e9 z\u00edsk\u00e1v\u00e1n\u00ed <b>7-ABF nejvy\u0161\u0161\u00ed kvality<\/b> velmi d\u016fle\u017eit\u00e9. To <b>nejlep\u0161\u00ed 7-ABF, kter\u00fd je k dispozici online<\/b>, najdete na ChemGramX, kde se v\u011bnujeme podpo\u0159e va\u0161eho v\u00fdzkumu. Prozkoumejte tak\u00e9 alternativn\u00ed v\u00fdzkumn\u00e9 chemik\u00e1lie, jako jsou <a href=\"https:\/\/chemgramx.com\/product\/1cp-lsd-l-tartrate-kaufen\/\">1cP-LSD L-tartr\u00e1t<\/a> nebo <a href=\"https:\/\/chemgramx.com\/product\/anonymous-180mg-mdma-online-kaufen\/\">anonymn\u00ed MDMA<\/a> pro va\u0161e specifick\u00e9 v\u00fdzkumn\u00e9 pot\u0159eby.<\/p>\n<h3>Bezpe\u010dnost a regula\u010dn\u00ed aspekty<\/h3>\n<p>Manipulace s chemik\u00e1liemi pro v\u00fdzkumn\u00e9 \u00fa\u010dely vy\u017eaduje v\u017edy opatrnost a dodr\u017eov\u00e1n\u00ed p\u0159\u00edslu\u0161n\u00fdch p\u0159edpis\u016f. Leg\u00e1lnost 7-ABF se m\u016f\u017ee li\u0161it v z\u00e1vislosti na regionu. Proto je nezbytn\u00e9, abyste se p\u0159ed pou\u017eit\u00edm <b>Objedn\u00e1vka 7-ABF online<\/b> informujte se o konkr\u00e9tn\u00edch z\u00e1konech a p\u0159edpisech ve va\u0161\u00ed zemi nebo regionu. ChemGramX se zavazuje prod\u00e1vat sv\u00e9 produkty v\u00fdhradn\u011b pro legitimn\u00ed v\u00fdzkumn\u00e9 \u00fa\u010dely a podporuje dodr\u017eov\u00e1n\u00ed v\u0161ech platn\u00fdch z\u00e1konn\u00fdch p\u0159edpis\u016f. Klademe d\u016fraz na odpov\u011bdnou v\u011bdeckou praxi.<\/p>\n<p>N\u00e1\u0161 z\u00e1vazek k bezpe\u010dnosti p\u0159esahuje pouhou kvalitu produktu. Zaji\u0161\u0165ujeme, aby v\u0161echny procesy souvisej\u00edc\u00ed s manipulac\u00ed a p\u0159\u00edpravou na\u0161ich chemik\u00e1li\u00ed byly prov\u00e1d\u011bny s maxim\u00e1ln\u00ed p\u00e9\u010d\u00ed. T\u00edm je zaru\u010dena nejen integrita produktu, ale tak\u00e9 bezpe\u010dnost na\u0161ich z\u00e1kazn\u00edk\u016f. Pokud se rozhodnete pro <b>Koupit 7-ABF pro v\u00fdzkumn\u00e9 \u00fa\u010dely<\/b> rozhodnete, m\u016f\u017eete se spolehnout na na\u0161e komplexn\u00ed standardy kvality a bezpe\u010dnosti. Pe\u010dliv\u00e9 zpracov\u00e1n\u00ed na\u0161ich produkt\u016f je z\u00e1kladn\u00edm kamenem na\u0161eho slibu slu\u017eeb.<\/p>\n<h3>Z\u00e1v\u011br: V\u00e1\u0161 d\u016fv\u011bryhodn\u00fd zdroj pro 7-ABF<\/h3>\n<p>Jste p\u0159ipraveni posunout sv\u016fj v\u00fdzkum na vy\u0161\u0161\u00ed \u00farove\u0148? Pokud ano, <b>Koupit 7-ABF online<\/b> ChemGramX je ide\u00e1ln\u00ed volbou. Nab\u00edz\u00edme v\u00e1m nejen <b>autentick\u00fd 7-ABF<\/b>, ale tak\u00e9 jistotu nejvy\u0161\u0161\u00ed \u010distoty a kvality, kter\u00e9 jsou pro va\u0161e v\u011bdeck\u00e9 projekty nezbytn\u00e9. Na\u0161e odhodl\u00e1n\u00ed dosahovat \u0161pi\u010dkov\u00fdch v\u00fdsledk\u016f v\u00e1m zaru\u010duje, \u017ee pro svou pr\u00e1ci z\u00edsk\u00e1te ty nejlep\u0161\u00ed mo\u017en\u00e9 materi\u00e1ly. Ud\u011blejte dal\u0161\u00ed krok ve sv\u00e9m v\u00fdzkumu s d\u016fv\u011brou, kterou v\u00e1m ChemGramX nab\u00edz\u00ed.<\/p>\n<p>Vyu\u017eijte p\u0159\u00edle\u017eitost k n\u00e1kupu prvot\u0159\u00eddn\u00edch chemik\u00e1li\u00ed pro v\u00fdzkum. S ChemGramX si vyb\u00edr\u00e1te partnera, kter\u00fd rozum\u00ed va\u0161im v\u011bdeck\u00fdm ambic\u00edm a podporuje je. Na\u0161\u00edm c\u00edlem je poskytovat v\u00e1m bezchybn\u00e9 produkty a spolehliv\u00e9 slu\u017eby. Objevte komplexn\u00ed nab\u00eddku ChemGramX a zajist\u011bte, aby va\u0161e v\u00fdzkumn\u00e9 projekty byly prov\u00e1d\u011bny s nejlep\u0161\u00edmi dostupn\u00fdmi materi\u00e1ly. Spolehn\u011bte se na kvalitu, p\u0159esnost a spolehlivost \u2013 spolehn\u011bte se na ChemGramX.<\/p>","protected":false},"excerpt":{"rendered":"<p>7-ABF je syntetick\u00fd kanabinoid zn\u00e1m\u00fd sv\u00fdmi siln\u00fdmi psychoaktivn\u00edmi \u00fa\u010dinky. Byl vyvinut za \u00fa\u010delem napodoben\u00ed \u00fa\u010dink\u016f THC.<\/p>","protected":false},"featured_media":6873,"comment_status":"open","ping_status":"closed","template":"","meta":{"_joinchat":[]},"product_brand":[],"product_cat":[47],"product_tag":[2753,2746,2750,2748,2747,2752,2751,2749,2754,2015],"class_list":{"0":"post-6866","1":"product","2":"type-product","3":"status-publish","4":"has-post-thumbnail","6":"product_cat-cannabinoids","7":"product_tag-7-abf-chemikalien","8":"product_tag-7-abf-kaufen","9":"product_tag-7-abf-kaufen-deutschland","10":"product_tag-7-abf-kristalle","11":"product_tag-7-abf-online","12":"product_tag-7-abf-preis","13":"product_tag-7-abf-prodej","14":"product_tag-7-abf-pulver","15":"product_tag-7-abf-zum-verkauf","16":"product_tag-synthetische-drogen","18":"first","19":"instock","20":"shipping-taxable","21":"purchasable","22":"product-type-variable"},"yoast_head":"<!-- This site is optimized with the Yoast SEO plugin v27.5 - https:\/\/yoast.com\/product\/yoast-seo-wordpress\/ -->\n<title>7-ABF online kaufen \u2013 7-ABF zu verkaufen | chemgramx<\/title>\n<meta name=\"description\" content=\"Sie k\u00f6nnen mit unserem Chemgramx-Onlineshop Kontakt aufnehmen und 7-abf online kaufen. Sie k\u00f6nnen 7-abf zu g\u00fcnstigen Preisen kaufen. Jetzt bestellen!\" \/>\n<meta name=\"robots\" content=\"index, follow, max-snippet:-1, max-image-preview:large, max-video-preview:-1\" \/>\n<link rel=\"canonical\" href=\"https:\/\/chemgramx.com\/cs\/produkt-1\/koupit-7-abf-online\/\" \/>\n<meta property=\"og:locale\" content=\"cs_CZ\" \/>\n<meta property=\"og:type\" content=\"article\" \/>\n<meta property=\"og:title\" content=\"7-ABF online kaufen \u2013 7-ABF zu verkaufen | chemgramx\" \/>\n<meta property=\"og:description\" content=\"Sie k\u00f6nnen mit unserem Chemgramx-Onlineshop Kontakt aufnehmen und 7-abf online kaufen. Sie k\u00f6nnen 7-abf zu g\u00fcnstigen Preisen kaufen. Jetzt bestellen!\" \/>\n<meta property=\"og:url\" content=\"https:\/\/chemgramx.com\/cs\/produkt-1\/koupit-7-abf-online\/\" \/>\n<meta property=\"og:site_name\" content=\"Chemgramx\" \/>\n<meta property=\"article:modified_time\" content=\"2025-12-10T07:21:33+00:00\" \/>\n<meta property=\"og:image\" content=\"https:\/\/chemgramx.com\/wp-content\/uploads\/2025\/11\/7-ABF.png\" \/>\n\t<meta property=\"og:image:width\" content=\"414\" \/>\n\t<meta property=\"og:image:height\" content=\"369\" \/>\n\t<meta property=\"og:image:type\" content=\"image\/png\" \/>\n<meta name=\"twitter:card\" content=\"summary_large_image\" \/>\n<meta name=\"twitter:label1\" content=\"Odhadovan\u00e1 doba \u010dten\u00ed\" \/>\n\t<meta name=\"twitter:data1\" content=\"2 minuty\" \/>\n<script type=\"application\/ld+json\" class=\"yoast-schema-graph\">{\"@context\":\"https:\\\/\\\/schema.org\",\"@graph\":[{\"@type\":\"WebPage\",\"@id\":\"https:\\\/\\\/chemgramx.com\\\/product\\\/7-abf-online-kaufen\\\/\",\"url\":\"https:\\\/\\\/chemgramx.com\\\/product\\\/7-abf-online-kaufen\\\/\",\"name\":\"7-ABF online kaufen \u2013 7-ABF zu verkaufen | chemgramx\",\"isPartOf\":{\"@id\":\"https:\\\/\\\/chemgramx.com\\\/#website\"},\"primaryImageOfPage\":{\"@id\":\"https:\\\/\\\/chemgramx.com\\\/product\\\/7-abf-online-kaufen\\\/#primaryimage\"},\"image\":{\"@id\":\"https:\\\/\\\/chemgramx.com\\\/product\\\/7-abf-online-kaufen\\\/#primaryimage\"},\"thumbnailUrl\":\"https:\\\/\\\/chemgramx.com\\\/wp-content\\\/uploads\\\/2025\\\/11\\\/7-ABF.png\",\"datePublished\":\"2025-11-21T11:09:57+00:00\",\"dateModified\":\"2025-12-10T07:21:33+00:00\",\"description\":\"Sie k\u00f6nnen mit unserem Chemgramx-Onlineshop Kontakt aufnehmen und 7-abf online kaufen. Sie k\u00f6nnen 7-abf zu g\u00fcnstigen Preisen kaufen. Jetzt bestellen!\",\"breadcrumb\":{\"@id\":\"https:\\\/\\\/chemgramx.com\\\/product\\\/7-abf-online-kaufen\\\/#breadcrumb\"},\"inLanguage\":\"cs\",\"potentialAction\":[{\"@type\":\"ReadAction\",\"target\":[\"https:\\\/\\\/chemgramx.com\\\/product\\\/7-abf-online-kaufen\\\/\"]}]},{\"@type\":\"ImageObject\",\"inLanguage\":\"cs\",\"@id\":\"https:\\\/\\\/chemgramx.com\\\/product\\\/7-abf-online-kaufen\\\/#primaryimage\",\"url\":\"https:\\\/\\\/chemgramx.com\\\/wp-content\\\/uploads\\\/2025\\\/11\\\/7-ABF.png\",\"contentUrl\":\"https:\\\/\\\/chemgramx.com\\\/wp-content\\\/uploads\\\/2025\\\/11\\\/7-ABF.png\",\"width\":414,\"height\":369},{\"@type\":\"BreadcrumbList\",\"@id\":\"https:\\\/\\\/chemgramx.com\\\/product\\\/7-abf-online-kaufen\\\/#breadcrumb\",\"itemListElement\":[{\"@type\":\"ListItem\",\"position\":1,\"name\":\"Home\",\"item\":\"https:\\\/\\\/chemgramx.com\\\/\"},{\"@type\":\"ListItem\",\"position\":2,\"name\":\"Shop\",\"item\":\"https:\\\/\\\/chemgramx.com\\\/shop\\\/\"},{\"@type\":\"ListItem\",\"position\":3,\"name\":\"7-ABF Kaufen &#8211; Reinheit, Forschung\"}]},{\"@type\":\"WebSite\",\"@id\":\"https:\\\/\\\/chemgramx.com\\\/#website\",\"url\":\"https:\\\/\\\/chemgramx.com\\\/\",\"name\":\"Chemgramx\",\"description\":\"\",\"publisher\":{\"@id\":\"https:\\\/\\\/chemgramx.com\\\/#organization\"},\"potentialAction\":[{\"@type\":\"SearchAction\",\"target\":{\"@type\":\"EntryPoint\",\"urlTemplate\":\"https:\\\/\\\/chemgramx.com\\\/?s={search_term_string}\"},\"query-input\":{\"@type\":\"PropertyValueSpecification\",\"valueRequired\":true,\"valueName\":\"search_term_string\"}}],\"inLanguage\":\"cs\"},{\"@type\":\"Organization\",\"@id\":\"https:\\\/\\\/chemgramx.com\\\/#organization\",\"name\":\"Chemgramx\",\"url\":\"https:\\\/\\\/chemgramx.com\\\/\",\"logo\":{\"@type\":\"ImageObject\",\"inLanguage\":\"cs\",\"@id\":\"https:\\\/\\\/chemgramx.com\\\/#\\\/schema\\\/logo\\\/image\\\/\",\"url\":\"https:\\\/\\\/chemgramx.com\\\/wp-content\\\/uploads\\\/2024\\\/10\\\/final-logo.png\",\"contentUrl\":\"https:\\\/\\\/chemgramx.com\\\/wp-content\\\/uploads\\\/2024\\\/10\\\/final-logo.png\",\"width\":250,\"height\":48,\"caption\":\"Chemgramx\"},\"image\":{\"@id\":\"https:\\\/\\\/chemgramx.com\\\/#\\\/schema\\\/logo\\\/image\\\/\"}}]}<\/script>\n<!-- \/ Yoast SEO plugin. -->","yoast_head_json":{"title":"Koupit 7-ABF online \u2013 7-ABF na prodej | chemgramx","description":"M\u016f\u017eete kontaktovat n\u00e1\u0161 internetov\u00fd obchod Chemgramx a zakoupit si 7-abf online. 7-abf si m\u016f\u017eete koupit za dostupn\u00e9 ceny. Objednejte si hned!","robots":{"index":"index","follow":"follow","max-snippet":"max-snippet:-1","max-image-preview":"max-image-preview:large","max-video-preview":"max-video-preview:-1"},"canonical":"https:\/\/chemgramx.com\/cs\/produkt-1\/koupit-7-abf-online\/","og_locale":"cs_CZ","og_type":"article","og_title":"7-ABF online kaufen \u2013 7-ABF zu verkaufen | chemgramx","og_description":"Sie k\u00f6nnen mit unserem Chemgramx-Onlineshop Kontakt aufnehmen und 7-abf online kaufen. Sie k\u00f6nnen 7-abf zu g\u00fcnstigen Preisen kaufen. Jetzt bestellen!","og_url":"https:\/\/chemgramx.com\/cs\/produkt-1\/koupit-7-abf-online\/","og_site_name":"Chemgramx","article_modified_time":"2025-12-10T07:21:33+00:00","og_image":[{"width":414,"height":369,"url":"https:\/\/chemgramx.com\/wp-content\/uploads\/2025\/11\/7-ABF.png","type":"image\/png"}],"twitter_card":"summary_large_image","twitter_misc":{"Odhadovan\u00e1 doba \u010dten\u00ed":"2 minuty"},"schema":{"@context":"https:\/\/schema.org","@graph":[{"@type":"WebPage","@id":"https:\/\/chemgramx.com\/product\/7-abf-online-kaufen\/","url":"https:\/\/chemgramx.com\/product\/7-abf-online-kaufen\/","name":"Koupit 7-ABF online \u2013 7-ABF na prodej | chemgramx","isPartOf":{"@id":"https:\/\/chemgramx.com\/#website"},"primaryImageOfPage":{"@id":"https:\/\/chemgramx.com\/product\/7-abf-online-kaufen\/#primaryimage"},"image":{"@id":"https:\/\/chemgramx.com\/product\/7-abf-online-kaufen\/#primaryimage"},"thumbnailUrl":"https:\/\/chemgramx.com\/wp-content\/uploads\/2025\/11\/7-ABF.png","datePublished":"2025-11-21T11:09:57+00:00","dateModified":"2025-12-10T07:21:33+00:00","description":"M\u016f\u017eete kontaktovat n\u00e1\u0161 internetov\u00fd obchod Chemgramx a zakoupit si 7-abf online. 7-abf si m\u016f\u017eete koupit za dostupn\u00e9 ceny. Objednejte si hned!","breadcrumb":{"@id":"https:\/\/chemgramx.com\/product\/7-abf-online-kaufen\/#breadcrumb"},"inLanguage":"cs","potentialAction":[{"@type":"ReadAction","target":["https:\/\/chemgramx.com\/product\/7-abf-online-kaufen\/"]}]},{"@type":"ImageObject","inLanguage":"cs","@id":"https:\/\/chemgramx.com\/product\/7-abf-online-kaufen\/#primaryimage","url":"https:\/\/chemgramx.com\/wp-content\/uploads\/2025\/11\/7-ABF.png","contentUrl":"https:\/\/chemgramx.com\/wp-content\/uploads\/2025\/11\/7-ABF.png","width":414,"height":369},{"@type":"BreadcrumbList","@id":"https:\/\/chemgramx.com\/product\/7-abf-online-kaufen\/#breadcrumb","itemListElement":[{"@type":"ListItem","position":1,"name":"Home","item":"https:\/\/chemgramx.com\/"},{"@type":"ListItem","position":2,"name":"Shop","item":"https:\/\/chemgramx.com\/shop\/"},{"@type":"ListItem","position":3,"name":"7-ABF Kaufen &#8211; Reinheit, Forschung"}]},{"@type":"WebSite","@id":"https:\/\/chemgramx.com\/#website","url":"https:\/\/chemgramx.com\/","name":"Chemgramx","description":"","publisher":{"@id":"https:\/\/chemgramx.com\/#organization"},"potentialAction":[{"@type":"SearchAction","target":{"@type":"EntryPoint","urlTemplate":"https:\/\/chemgramx.com\/?s={search_term_string}"},"query-input":{"@type":"PropertyValueSpecification","valueRequired":true,"valueName":"search_term_string"}}],"inLanguage":"cs"},{"@type":"Organization","@id":"https:\/\/chemgramx.com\/#organization","name":"Chemgramx","url":"https:\/\/chemgramx.com\/","logo":{"@type":"ImageObject","inLanguage":"cs","@id":"https:\/\/chemgramx.com\/#\/schema\/logo\/image\/","url":"https:\/\/chemgramx.com\/wp-content\/uploads\/2024\/10\/final-logo.png","contentUrl":"https:\/\/chemgramx.com\/wp-content\/uploads\/2024\/10\/final-logo.png","width":250,"height":48,"caption":"Chemgramx"},"image":{"@id":"https:\/\/chemgramx.com\/#\/schema\/logo\/image\/"}}]}},"_links":{"self":[{"href":"https:\/\/chemgramx.com\/cs\/wp-json\/wp\/v2\/product\/6866","targetHints":{"allow":["GET"]}}],"collection":[{"href":"https:\/\/chemgramx.com\/cs\/wp-json\/wp\/v2\/product"}],"about":[{"href":"https:\/\/chemgramx.com\/cs\/wp-json\/wp\/v2\/types\/product"}],"replies":[{"embeddable":true,"href":"https:\/\/chemgramx.com\/cs\/wp-json\/wp\/v2\/comments?post=6866"}],"wp:featuredmedia":[{"embeddable":true,"href":"https:\/\/chemgramx.com\/cs\/wp-json\/wp\/v2\/media\/6873"}],"wp:attachment":[{"href":"https:\/\/chemgramx.com\/cs\/wp-json\/wp\/v2\/media?parent=6866"}],"wp:term":[{"taxonomy":"product_brand","embeddable":true,"href":"https:\/\/chemgramx.com\/cs\/wp-json\/wp\/v2\/product_brand?post=6866"},{"taxonomy":"product_cat","embeddable":true,"href":"https:\/\/chemgramx.com\/cs\/wp-json\/wp\/v2\/product_cat?post=6866"},{"taxonomy":"product_tag","embeddable":true,"href":"https:\/\/chemgramx.com\/cs\/wp-json\/wp\/v2\/product_tag?post=6866"}],"curies":[{"name":"wp","href":"https:\/\/api.w.org\/{rel}","templated":true}]}}