{"id":6976,"date":"2025-11-21T11:11:08","date_gmt":"2025-11-21T11:11:08","guid":{"rendered":"https:\/\/chemgramx.com\/?post_type=product&#038;p=6976"},"modified":"2025-12-10T07:12:55","modified_gmt":"2025-12-10T07:12:55","slug":"koupit-2c-b-ruzovy-kokainovy-prasek","status":"publish","type":"product","link":"https:\/\/chemgramx.com\/cs\/product\/2c-b-pink-cocaine-powder-kaufen\/","title":{"rendered":"Koupit pr\u00e1\u0161ek 2C-B \u2013 \u010distota a kvalita | Chemgramx"},"content":{"rendered":"<p>Cht\u011bli byste <b>2C-B Pink Cocaine pr\u00e1\u0161ek na prodej<\/b> spl\u0148uj\u00edc\u00ed nejvy\u0161\u0161\u00ed v\u011bdeck\u00e9 po\u017eadavky? U Chemgramx najdete vynikaj\u00edc\u00ed v\u00fdb\u011br v\u00fdzkumn\u00fdch chemik\u00e1li\u00ed a n\u00e1\u0161 pr\u00e1\u0161ek 2C-B Pink Cocaine nen\u00ed v\u00fdjimkou. Zaujme svou absolutn\u00ed \u010distotou a <b>Laboratorn\u00ed kvalita na prodej<\/b>, pe\u010dliv\u011b testovan\u00e9 a certifikovan\u00e9, aby v\u00e1m poskytly autentick\u00fd a spolehliv\u00fd produkt pro va\u0161e studie. Jedn\u00e1 se o ide\u00e1ln\u00ed volbu pro zku\u0161en\u00e9 v\u00fdzkumn\u00edky a sb\u011bratele, kte\u0159\u00ed kladou d\u016fraz na nejvy\u0161\u0161\u00ed kvalitu a diskr\u00e9tnost.<\/p>\n<p>Na\u0161e snaha o dokonalost se odr\u00e1\u017e\u00ed ve v\u0161ech aspektech na\u0161\u00ed nab\u00eddky. D\u00e1le v\u00e1m zaru\u010dujeme, \u017ee budete m\u00edt <b>autentick\u00fd pr\u00e1\u0161ek 2C-B Pink Cocaine<\/b> , kter\u00fd ne\u010din\u00ed \u017e\u00e1dn\u00e9 kompromisy v oblasti kvality. Objevte v\u00fdhody dodavatele, kter\u00fd se zam\u011b\u0159uje na p\u0159esn\u00e9 specifikace a bezpe\u010dn\u00e9 zach\u00e1zen\u00ed. M\u016f\u017eete <b>koupit online<\/b> a spolehnout se na produkt, kter\u00fd p\u0159ed\u010d\u00ed va\u0161e o\u010dek\u00e1v\u00e1n\u00ed.<\/p>\n<h2>Pro\u010d si vybrat pr\u00e1\u0161ek 2C-B Pink Cocaine od Chemgramx?<\/h2>\n<p>Rozhodnut\u00ed o zdroji v\u00fdzkumn\u00fdch chemik\u00e1li\u00ed vy\u017eaduje d\u016fv\u011bru a jistotu, \u017ee z\u00edsk\u00e1te produkt bezvadn\u00e9 kvality. Ve spole\u010dnosti Chemgramx klademe d\u016fraz na transparentnost a v\u011bdeckou integritu. Nab\u00edz\u00edme nejen <b>vysoce kvalitn\u00ed pr\u00e1\u0161ek 2C-B Pink Cocaine<\/b>, ale tak\u00e9 slu\u017eby p\u0159izp\u016fsoben\u00e9 va\u0161im pot\u0159eb\u00e1m.<\/p>\n<p><b>D\u00e1le<\/b> N\u00e1\u0161 p\u0159\u00edstup se vyzna\u010duje p\u0159\u00edsn\u00fdmi kontrolami kvality. Ka\u017ed\u00e1 \u0161ar\u017ee na\u0161eho pr\u00e1\u0161ku 2C-B Pink Cocaine proch\u00e1z\u00ed rozs\u00e1hl\u00fdmi laboratorn\u00edmi testy. To zaru\u010duje \u010distotu, kter\u00e1 je nezbytn\u00e1 pro p\u0159esn\u00e9 v\u00fdzkumn\u00e9 \u00fa\u010dely. <b>Proto<\/b> m\u016f\u017eete si b\u00fdt jisti, \u017ee obdr\u017e\u00edte produkt, kter\u00fd spl\u0148uje na\u0161e vysok\u00e9 standardy a va\u0161e v\u011bdeck\u00e9 po\u017eadavky.<\/p>\n<ul>\n<li><b>100% P\u016fvodn\u00ed v\u00fdrobek:<\/b> \u017d\u00e1dn\u00e9 pad\u011blky, \u017e\u00e1dn\u00e9 kompromisy v ot\u00e1zce identity nebo \u010distoty l\u00e1tky.<\/li>\n<li><b>Nejvy\u0161\u0161\u00ed \u010distota a laboratorn\u00ed certifikace:<\/b> Ka\u017ed\u00e1 l\u00e1tka je d\u016fkladn\u011b testov\u00e1na, aby byla zaji\u0161t\u011bna jej\u00ed \u010distota.<\/li>\n<li><b>Diskr\u00e9tn\u00ed a bezpe\u010dn\u00e9 zach\u00e1zen\u00ed:<\/b> Va\u0161e objedn\u00e1vka bude zpracov\u00e1na s maxim\u00e1ln\u00ed p\u00e9\u010d\u00ed a diskr\u00e9tnost\u00ed.<\/li>\n<li><b>Anonymn\u00ed platebn\u00ed mo\u017enosti:<\/b> V\u010detn\u011b kryptom\u011bn jako Bitcoin a USDT pro va\u0161i soukrom\u00ed.<\/li>\n<li><b>Nen\u00ed nutn\u00fd recept:<\/b> K dispozici pro v\u00fdzkumn\u00e9, analytick\u00e9 a sb\u011bratelsk\u00e9 \u00fa\u010dely.<\/li>\n<\/ul>\n<p>Na\u0161i z\u00e1kazn\u00edci oce\u0148uj\u00ed zejm\u00e9na spolehlivost a absolutn\u00ed diskr\u00e9tnost na\u0161ich slu\u017eeb. <b>Krom\u011b toho<\/b> Ka\u017ed\u00fd gram pr\u00e1\u0161ku 2C-B Pink Cocaine je pe\u010dliv\u011b kontrolov\u00e1n a zach\u00e1zeno s n\u00edm s maxim\u00e1ln\u00ed opatrnost\u00ed. <b>V d\u016fsledku toho<\/b>, A\u0165 u\u017e jste zku\u0161en\u00fd badatel nebo nad\u0161en\u00fd sb\u011bratel, u n\u00e1s se m\u016f\u017eete spolehnout na maxim\u00e1ln\u00ed kvalitu a bezpe\u010dnost p\u0159i n\u00e1kupu.<\/p>\n<h2>V\u011bda za 2C-B Pink Cocaine<\/h2>\n<p>2C-B, tak\u00e9 zn\u00e1m\u00fd jako 4-brom-2,5-dimethoxyfenethylamin, pat\u0159\u00ed do rodiny fenethylamin\u016f. Poprv\u00e9 byl syntetizov\u00e1n Alexandrem Shulginem v roce 1974. Jeho chemick\u00e1 struktura je rozhoduj\u00edc\u00ed pro jeho vlastnosti a \u00fa\u010dinky ve v\u00fdzkumn\u00fdch podm\u00ednk\u00e1ch. <b>Ve skute\u010dnosti<\/b> je to fascinuj\u00edc\u00ed molekula pro farmakologick\u00e9 studie.<\/p>\n<h3>Chemick\u00e1 struktura a vlastnosti<\/h3>\n<p>Chemick\u00fd vzorec 2C-B je C<sub>10<\/sub>H<sub>14<\/sub>Brno<sub>2<\/sub>. <b>Zejm\u00e9na<\/b> Substituce bromu v pozici 4 fenylov\u00e9ho kruhu je zodpov\u011bdn\u00e1 za jeho specifick\u00e9 vlastnosti. Tato molekula komplexn\u00edm zp\u016fsobem interaguje se serotoninov\u00fdmi receptory, co\u017e z n\u00ed \u010din\u00ed cenn\u00fd n\u00e1stroj v neurov\u011bd\u00e1ch. <b>Krom\u011b toho<\/b> jeho jedine\u010dn\u00e1 struktura umo\u017e\u0148uje r\u016fzn\u00e9 v\u00fdzkumn\u00e9 p\u0159\u00edstupy v psychofarmakologick\u00e9 anal\u00fdze.<\/p>\n<p>Ve form\u011b pr\u00e1\u0161ku je 2C-B Pink Cocaine snadno pou\u017eiteln\u00fd. Jeho stabilita za vhodn\u00fdch skladovac\u00edch podm\u00ednek z n\u011bj \u010din\u00ed praktickou l\u00e1tku pro dlouhodob\u00e9 studie. <b>D\u00e1le<\/b> p\u0159esn\u00e9 d\u00e1vkov\u00e1n\u00ed a manipulace by m\u011bly b\u00fdt prov\u00e1d\u011bny v kontrolovan\u00e9m laboratorn\u00edm prost\u0159ed\u00ed, aby byly zaji\u0161t\u011bny spolehliv\u00e9 v\u00fdsledky v\u00fdzkumu. <b>Proto<\/b> P\u0159esn\u00e1 znalost chemick\u00fdch vlastnost\u00ed je nezbytn\u00e1 pro ka\u017ed\u00e9 v\u011bdeck\u00e9 pou\u017eit\u00ed.<\/p>\n<h3>V\u00fdzkumn\u00e9 aplikace a studijn\u00ed potenci\u00e1l<\/h3>\n<p>V\u00fdzkum 2C-B se \u010dasto zam\u011b\u0159uje na jeho potenci\u00e1ln\u00ed vyu\u017eit\u00ed v psychoterapii, neurov\u011bd\u00e1ch a jako n\u00e1stroj pro zkoum\u00e1n\u00ed stav\u016f v\u011bdom\u00ed. <b>Krom\u011b toho<\/b> nab\u00edz\u00ed jedine\u010dn\u00e9 spektrum \u00fa\u010dink\u016f, kter\u00e9 se li\u0161\u00ed od jin\u00fdch zn\u00e1m\u00fdch l\u00e1tek. <b>V d\u016fsledku toho<\/b> je velmi zaj\u00edmav\u00e9 pro v\u011bdce, kte\u0159\u00ed se zab\u00fdvaj\u00ed mechanismy lidsk\u00e9ho vn\u00edm\u00e1n\u00ed.<\/p>\n<p>V\u011bdeck\u00e9 v\u00fdzkumy uk\u00e1zaly, \u017ee 2C-B m\u00e1 potenci\u00e1l poskytnout nov\u00e9 poznatky o neuronov\u00fdch drah\u00e1ch. <b>Nap\u0159\u00edklad<\/b> Studie by mohly p\u0159isp\u011bt k roz\u0161\u00ed\u0159en\u00ed poznatk\u016f o serotoninov\u00fdch syst\u00e9mech a jejich roli p\u0159i r\u016fzn\u00fdch psychick\u00fdch stavech. Dal\u0161\u00ed v\u00fdzkumn\u00e9 materi\u00e1ly najdete tak\u00e9 v na\u0161em <a href=\"https:\/\/chemgramx.com\/product\/chernobyl-cookies-bestellung\/\">Nab\u00eddka su\u0161enek Chernobyl<\/a> zv\u00e1\u017eit, abyste roz\u0161\u00ed\u0159ili sv\u00e9 v\u00fdzkumn\u00e9 spektrum.<\/p>\n<p>V\u0161estrannost 2C-B z n\u011bj \u010din\u00ed zaj\u00edmav\u00e9ho kandid\u00e1ta pro \u0159adu experiment\u016f. <b>Nicm\u00e9n\u011b<\/b> je d\u016fle\u017eit\u00e9 p\u0159\u00edsn\u011b dodr\u017eovat z\u00e1konn\u00e9 p\u0159edpisy a etick\u00e9 z\u00e1sady. <b>Stru\u010dn\u011b \u0159e\u010deno<\/b>, Tento produkt je cenn\u00fdm p\u0159\u00ednosem pro ka\u017ed\u00e9 v\u00fdzkumn\u00e9 za\u0159\u00edzen\u00ed, kter\u00e9 chce dr\u017eet krok s nejnov\u011bj\u0161\u00edmi v\u011bdeck\u00fdmi poznatky. <a href=\"https:\/\/chemgramx.com\/product\/gbl-gamma-butyrolacton-online-kaufen\/\">GBL gama-butyrolakton koupit online<\/a> nab\u00edz\u00ed dal\u0161\u00ed perspektivy pro specifick\u00e9 chemick\u00e9 aplikace.<\/p>\n<h2>Kvalita a \u010distota: n\u00e1\u0161 slib<\/h2>\n<p>V Chemgramx ch\u00e1peme, \u017ee integrita va\u0161eho v\u00fdzkumu p\u0159\u00edmo z\u00e1vis\u00ed na kvalit\u011b va\u0161ich materi\u00e1l\u016f. Z tohoto d\u016fvodu je n\u00e1\u0161 <b>2C-B Pink Cocaine pr\u00e1\u0161ek nejvy\u0161\u0161\u00ed \u010distoty na prodej<\/b>. Zaru\u010dujeme v\u00e1m produkt, kter\u00fd spl\u0148uje v\u0161echny specifikace pro spolehlivou laboratorn\u00ed pr\u00e1ci. <b>Krom\u011b toho<\/b> nab\u00edz\u00edme <b>nejlep\u0161\u00ed 2C-B Pink Cocaine pr\u00e1\u0161ek, kter\u00fd je k dispozici<\/b>, abychom p\u0159ekonali va\u0161e o\u010dek\u00e1v\u00e1n\u00ed.<\/p>\n<p>Ka\u017ed\u00e1 dod\u00e1vka je zpracov\u00e1na podle nejp\u0159\u00edsn\u011bj\u0161\u00edch standard\u016f. <b>Krom\u011b toho<\/b> vyu\u017e\u00edv\u00e1me nejmodern\u011bj\u0161\u00ed analytick\u00e9 techniky k ov\u011b\u0159en\u00ed chemick\u00e9 identity a \u010distoty na\u0161ich produkt\u016f. Tento pe\u010dliv\u00fd proces zaru\u010duje, \u017ee u n\u00e1s z\u00edsk\u00e1te v\u00fdhradn\u011b <b>Kvalita v\u00fdzkumu na prodej<\/b> . M\u016f\u017eete se spolehnout, \u017ee pro sv\u016fj v\u00fdzkum z\u00edsk\u00e1te produkt, kter\u00fd neobsahuje \u017e\u00e1dn\u00e9 ne\u010distoty a poskytuje konzistentn\u00ed v\u00fdsledky.<\/p>\n<p>Spokojenost na\u0161ich z\u00e1kazn\u00edk\u016f je st\u0159edobodem na\u0161eho jedn\u00e1n\u00ed. <b>V d\u016fsledku toho<\/b> neust\u00e1le pracujeme na optimalizaci na\u0161ich proces\u016f a na tom, abychom v\u00e1m mohli nab\u00eddnout ty nejlep\u0161\u00ed v\u00fdzkumn\u00e9 chemik\u00e1lie. Pokud <b>Objednejte si online pr\u00e1\u0161ek 2C-B Pink Cocaine<\/b> chcete, jste na spr\u00e1vn\u00e9m m\u00edst\u011b. <a href=\"https:\/\/chemgramx.com\/\">Chemgramx<\/a> P\u0159esn\u011b tak. Jsme va\u0161\u00edm spolehliv\u00fdm zdrojem vysoce kvalitn\u00edch l\u00e1tek, kter\u00e9 jsou zpracov\u00e1v\u00e1ny profesion\u00e1ln\u011b.<\/p>\n<h2>Bezpe\u010dn\u00fd a diskr\u00e9tn\u00ed n\u00e1kup<\/h2>\n<p>Va\u0161e soukrom\u00ed a bezpe\u010dnost va\u0161\u00ed objedn\u00e1vky jsou na\u0161\u00ed nejvy\u0161\u0161\u00ed prioritou. <b>Proto<\/b> jsme zavedli komplexn\u00ed opat\u0159en\u00ed, abychom zajistili <b>bezpe\u010dn\u00fd n\u00e1kup<\/b> . Ve\u0161ker\u00e9 informace jsou zpracov\u00e1v\u00e1ny jako p\u0159\u00edsn\u011b d\u016fv\u011brn\u00e9 a na\u0161e procesy jsou navr\u017eeny tak, aby zajistily absolutn\u00ed diskr\u00e9tnost. M\u016f\u017eete <b>Objednejte si online pr\u00e1\u0161ek 2C-B Pink Cocaine<\/b> s jistotou, \u017ee va\u0161e \u00fadaje jsou chr\u00e1n\u011bny.<\/p>\n<p>Proces n\u00e1kupu u Chemgramx je velmi jednoduch\u00fd a je navr\u017een tak, aby byla zachov\u00e1na va\u0161e anonymita. Vyberte po\u017eadovan\u00e9 mno\u017estv\u00ed <b>\u0160pi\u010dkov\u00e1 kvalita 2C-B r\u016f\u017eov\u00fd kokainov\u00fd pr\u00e1\u0161ek<\/b> a vlo\u017ete jej do n\u00e1kupn\u00edho ko\u0161\u00edku. <b>N\u00e1sledn\u011b<\/b> objedn\u00e1vku diskr\u00e9tn\u011b dokon\u010dete. Klademe velk\u00fd d\u016fraz na nen\u00e1padn\u00e9 zach\u00e1zen\u00ed a bezpe\u010dn\u00e9 zpracov\u00e1n\u00ed va\u0161\u00ed objedn\u00e1vky.<\/p>\n<p>Pro va\u0161e pohodl\u00ed nab\u00edz\u00edme r\u016fzn\u00e9 anonymn\u00ed platebn\u00ed mo\u017enosti. Pat\u0159\u00ed mezi n\u011b modern\u00ed kryptom\u011bny, jako jsou bitcoin a USDT. <b>Tedy<\/b> m\u016f\u017eete prov\u00e1d\u011bt sv\u00e9 transakce diskr\u00e9tn\u011b a bezpe\u010dn\u011b. Jsme hrd\u00ed na to, \u017ee jsme d\u016fv\u011bryhodnou platformou, kde m\u016f\u017eete 2C-B Pink Cocaine pr\u00e1\u0161ek na prodej <b>koupit u Chemgramx<\/b> m\u016f\u017ee.<\/p>\n<h2>\u010casto kladen\u00e9 ot\u00e1zky (FAQ)<\/h2>\n<h3>Jak\u00e9 standardy kvality spl\u0148uje pr\u00e1\u0161ek 2C-B Pink Cocaine?<\/h3>\n<p>N\u00e1\u0161 pr\u00e1\u0161ek 2C-B Pink Cocaine je vyr\u00e1b\u011bn a testov\u00e1n za nejp\u0159\u00edsn\u011bj\u0161\u00edch laboratorn\u00edch podm\u00ednek. <b>Ve skute\u010dnosti<\/b> spl\u0148uje nejvy\u0161\u0161\u00ed stupn\u011b \u010distoty a je dod\u00e1v\u00e1n s p\u0159\u00edslu\u0161n\u00fdmi certifik\u00e1ty. Ka\u017ed\u00e1 \u0161ar\u017ee je <b>Laboratorn\u00ed kvalita na prodej<\/b>, aby byla zaru\u010dena konzistence a spolehlivost va\u0161eho v\u00fdzkumu. <b>D\u00e1le<\/b> m\u016f\u017eete si b\u00fdt jisti, \u017ee dostanete produkt, kter\u00fd spl\u0148uje na\u0161e vysok\u00e9 n\u00e1roky na kvalitu.<\/p>\n<h3>Je n\u00e1kup pr\u00e1\u0161ku 2C-B Pink Cocaine leg\u00e1ln\u00ed?<\/h3>\n<p>N\u00e1kup na\u0161eho pr\u00e1\u0161ku 2C-B Pink Cocaine je ur\u010den v\u00fdhradn\u011b pro v\u00fdzkumn\u00e9 a sb\u011bratelsk\u00e9 \u00fa\u010dely. <b>Proto<\/b> je d\u016fle\u017eit\u00e9, abyste si p\u0159ed zad\u00e1n\u00edm objedn\u00e1vky ov\u011b\u0159ili z\u00e1konn\u00e9 p\u0159edpisy ve va\u0161\u00ed zemi. <b>Zd\u016fraz\u0148ujeme<\/b>, \u017ee na\u0161e produkty nejsou ur\u010deny k lidsk\u00e9 spot\u0159eb\u011b. Va\u0161\u00ed odpov\u011bdnost\u00ed je dodr\u017eov\u00e1n\u00ed v\u0161ech m\u00edstn\u00edch z\u00e1kon\u016f a p\u0159edpis\u016f.<\/p>\n<h3>Jak\u00e9 platebn\u00ed metody jsou k dispozici?<\/h3>\n<p>V Chemgramx klademe d\u016fraz na flexibilitu a diskr\u00e9tnost. <b>V d\u016fsledku toho<\/b> Nab\u00edz\u00edme \u0159adu anonymn\u00edch platebn\u00edch mo\u017enost\u00ed, v\u010detn\u011b bitcoinu, USDT a dal\u0161\u00edch bezpe\u010dn\u00fdch kryptom\u011bn. <b>Krom\u011b toho<\/b> jsou mo\u017en\u00e9 i tradi\u010dn\u00ed metody, jako jsou bankovn\u00ed p\u0159evody. M\u016f\u017eete si tak vybrat mo\u017enost, kter\u00e1 nejl\u00e9pe vyhovuje va\u0161im pot\u0159eb\u00e1m a zajist\u00ed hladk\u00fd pr\u016fb\u011bh.<\/p>\n<h2>D\u016fle\u017eit\u00e1 pozn\u00e1mka<\/h2>\n<p>Na\u0161e produkty, v\u010detn\u011b pr\u00e1\u0161ku 2C-B Pink Cocaine, jsou ur\u010deny v\u00fdhradn\u011b pro v\u00fdzkumn\u00e9, analytick\u00e9 a sb\u011bratelsk\u00e9 \u00fa\u010dely. Jsou <b>nen\u00ed ur\u010deno k lidsk\u00e9 spot\u0159eb\u011b<\/b> nebo jin\u00e9 nespecifikovan\u00e9 pou\u017eit\u00ed. <b>V\u017edy pros\u00edm dodr\u017eujte n\u00e1sleduj\u00edc\u00ed pokyny<\/b> z\u00e1konn\u00e9 p\u0159edpisy a na\u0159\u00edzen\u00ed platn\u00e9 ve va\u0161\u00ed zemi. Odpov\u011bdn\u00e9 zach\u00e1zen\u00ed s chemik\u00e1liemi pro v\u00fdzkumn\u00e9 \u00fa\u010dely je nesm\u00edrn\u011b d\u016fle\u017eit\u00e9.<\/p>","protected":false},"excerpt":{"rendered":"<p>Kupte si 2C-B r\u016f\u017eov\u00fd kokainov\u00fd pr\u00e1\u0161ek online. Tucibi je zn\u00e1m\u00fd jako \u201eelitn\u00ed droga\u201c kv\u016fli sv\u00e9 vysok\u00e9 cen\u011b. M\u00e1 tak\u00e9 dal\u0161\u00ed n\u00e1zvy, nap\u0159\u00edklad Venus, Erox, Nexus, MFT nebo Pink Cocaine, abychom jmenovali alespo\u0148 n\u011bkter\u00e9.<\/p>","protected":false},"featured_media":6991,"comment_status":"open","ping_status":"closed","template":"","meta":{"_joinchat":[]},"product_brand":[],"product_cat":[57],"product_tag":[3022,3019,3023,3020,3024,3021],"class_list":{"0":"post-6976","1":"product","2":"type-product","3":"status-publish","4":"has-post-thumbnail","6":"product_cat-cocaine","7":"product_tag-2c-b-pink-kokain-kaufen","8":"product_tag-2c-b-pink-kokain-zu-verkaufen","9":"product_tag-2c-b-pink-kokainpulver-kaufen","10":"product_tag-2c-b-pink-kokainpulver-zu-verkaufen-in-atlanta","11":"product_tag-2c-pink-kokainpulver-kaufen","12":"product_tag-2c-pink-kokainpulver-zu-verkaufen","14":"first","15":"instock","16":"shipping-taxable","17":"purchasable","18":"product-type-variable"},"yoast_head":"<!-- This site is optimized with the Yoast SEO plugin v27.5 - https:\/\/yoast.com\/product\/yoast-seo-wordpress\/ -->\n<title>Kaufen Sie 2C-B Pink Cocaine Powder | Chemgramx<\/title>\n<meta name=\"description\" content=\"Kaufen Sie hochwertiges 2C-B-Pink-Kokainpulver in der EU. Entdecken Sie unsere Produktpalette f\u00fcr ein erstklassiges Forschungserlebnis.\" \/>\n<meta name=\"robots\" content=\"index, follow, max-snippet:-1, max-image-preview:large, max-video-preview:-1\" \/>\n<link rel=\"canonical\" href=\"https:\/\/chemgramx.com\/cs\/produkt-1\/koupit-2c-b-ruzovy-kokainovy-prasek\/\" \/>\n<meta property=\"og:locale\" content=\"cs_CZ\" \/>\n<meta property=\"og:type\" content=\"article\" \/>\n<meta property=\"og:title\" content=\"Kaufen Sie 2C-B Pink Cocaine Powder | Chemgramx\" \/>\n<meta property=\"og:description\" content=\"Kaufen Sie hochwertiges 2C-B-Pink-Kokainpulver in der EU. Entdecken Sie unsere Produktpalette f\u00fcr ein erstklassiges Forschungserlebnis.\" \/>\n<meta property=\"og:url\" content=\"https:\/\/chemgramx.com\/cs\/produkt-1\/koupit-2c-b-ruzovy-kokainovy-prasek\/\" \/>\n<meta property=\"og:site_name\" content=\"Chemgramx\" \/>\n<meta property=\"article:modified_time\" content=\"2025-12-10T07:12:55+00:00\" \/>\n<meta property=\"og:image\" content=\"https:\/\/chemgramx.com\/wp-content\/uploads\/2025\/11\/buy-2c-b-pink-cocaine-powder.jpeg\" \/>\n\t<meta property=\"og:image:width\" content=\"1600\" \/>\n\t<meta property=\"og:image:height\" content=\"1070\" \/>\n\t<meta property=\"og:image:type\" content=\"image\/jpeg\" \/>\n<meta name=\"twitter:card\" content=\"summary_large_image\" \/>\n<meta name=\"twitter:label1\" content=\"Odhadovan\u00e1 doba \u010dten\u00ed\" \/>\n\t<meta name=\"twitter:data1\" content=\"2 minuty\" \/>\n<script type=\"application\/ld+json\" class=\"yoast-schema-graph\">{\"@context\":\"https:\\\/\\\/schema.org\",\"@graph\":[{\"@type\":\"WebPage\",\"@id\":\"https:\\\/\\\/chemgramx.com\\\/product\\\/2c-b-pink-cocaine-powder-kaufen\\\/\",\"url\":\"https:\\\/\\\/chemgramx.com\\\/product\\\/2c-b-pink-cocaine-powder-kaufen\\\/\",\"name\":\"Kaufen Sie 2C-B Pink Cocaine Powder | Chemgramx\",\"isPartOf\":{\"@id\":\"https:\\\/\\\/chemgramx.com\\\/#website\"},\"primaryImageOfPage\":{\"@id\":\"https:\\\/\\\/chemgramx.com\\\/product\\\/2c-b-pink-cocaine-powder-kaufen\\\/#primaryimage\"},\"image\":{\"@id\":\"https:\\\/\\\/chemgramx.com\\\/product\\\/2c-b-pink-cocaine-powder-kaufen\\\/#primaryimage\"},\"thumbnailUrl\":\"https:\\\/\\\/chemgramx.com\\\/wp-content\\\/uploads\\\/2025\\\/11\\\/buy-2c-b-pink-cocaine-powder.jpeg\",\"datePublished\":\"2025-11-21T11:11:08+00:00\",\"dateModified\":\"2025-12-10T07:12:55+00:00\",\"description\":\"Kaufen Sie hochwertiges 2C-B-Pink-Kokainpulver in der EU. Entdecken Sie unsere Produktpalette f\u00fcr ein erstklassiges Forschungserlebnis.\",\"breadcrumb\":{\"@id\":\"https:\\\/\\\/chemgramx.com\\\/product\\\/2c-b-pink-cocaine-powder-kaufen\\\/#breadcrumb\"},\"inLanguage\":\"cs\",\"potentialAction\":[{\"@type\":\"ReadAction\",\"target\":[\"https:\\\/\\\/chemgramx.com\\\/product\\\/2c-b-pink-cocaine-powder-kaufen\\\/\"]}]},{\"@type\":\"ImageObject\",\"inLanguage\":\"cs\",\"@id\":\"https:\\\/\\\/chemgramx.com\\\/product\\\/2c-b-pink-cocaine-powder-kaufen\\\/#primaryimage\",\"url\":\"https:\\\/\\\/chemgramx.com\\\/wp-content\\\/uploads\\\/2025\\\/11\\\/buy-2c-b-pink-cocaine-powder.jpeg\",\"contentUrl\":\"https:\\\/\\\/chemgramx.com\\\/wp-content\\\/uploads\\\/2025\\\/11\\\/buy-2c-b-pink-cocaine-powder.jpeg\",\"width\":1600,\"height\":1070},{\"@type\":\"BreadcrumbList\",\"@id\":\"https:\\\/\\\/chemgramx.com\\\/product\\\/2c-b-pink-cocaine-powder-kaufen\\\/#breadcrumb\",\"itemListElement\":[{\"@type\":\"ListItem\",\"position\":1,\"name\":\"Home\",\"item\":\"https:\\\/\\\/chemgramx.com\\\/\"},{\"@type\":\"ListItem\",\"position\":2,\"name\":\"Shop\",\"item\":\"https:\\\/\\\/chemgramx.com\\\/shop\\\/\"},{\"@type\":\"ListItem\",\"position\":3,\"name\":\"2C-B Pulver Erwerben &#8211; Reinheit &amp; Qualit\u00e4t | Chemgramx\"}]},{\"@type\":\"WebSite\",\"@id\":\"https:\\\/\\\/chemgramx.com\\\/#website\",\"url\":\"https:\\\/\\\/chemgramx.com\\\/\",\"name\":\"Chemgramx\",\"description\":\"\",\"publisher\":{\"@id\":\"https:\\\/\\\/chemgramx.com\\\/#organization\"},\"potentialAction\":[{\"@type\":\"SearchAction\",\"target\":{\"@type\":\"EntryPoint\",\"urlTemplate\":\"https:\\\/\\\/chemgramx.com\\\/?s={search_term_string}\"},\"query-input\":{\"@type\":\"PropertyValueSpecification\",\"valueRequired\":true,\"valueName\":\"search_term_string\"}}],\"inLanguage\":\"cs\"},{\"@type\":\"Organization\",\"@id\":\"https:\\\/\\\/chemgramx.com\\\/#organization\",\"name\":\"Chemgramx\",\"url\":\"https:\\\/\\\/chemgramx.com\\\/\",\"logo\":{\"@type\":\"ImageObject\",\"inLanguage\":\"cs\",\"@id\":\"https:\\\/\\\/chemgramx.com\\\/#\\\/schema\\\/logo\\\/image\\\/\",\"url\":\"https:\\\/\\\/chemgramx.com\\\/wp-content\\\/uploads\\\/2024\\\/10\\\/final-logo.png\",\"contentUrl\":\"https:\\\/\\\/chemgramx.com\\\/wp-content\\\/uploads\\\/2024\\\/10\\\/final-logo.png\",\"width\":250,\"height\":48,\"caption\":\"Chemgramx\"},\"image\":{\"@id\":\"https:\\\/\\\/chemgramx.com\\\/#\\\/schema\\\/logo\\\/image\\\/\"}}]}<\/script>\n<!-- \/ Yoast SEO plugin. -->","yoast_head_json":{"title":"Koupit 2C-B r\u016f\u017eov\u00fd kokainov\u00fd pr\u00e1\u0161ek | Chemgramx","description":"Kupte si vysoce kvalitn\u00ed r\u016f\u017eov\u00fd kokainov\u00fd pr\u00e1\u0161ek 2C-B v EU. Objevte n\u00e1\u0161 sortiment a z\u00edskejte prvot\u0159\u00eddn\u00ed zku\u0161enosti s v\u00fdzkumem.","robots":{"index":"index","follow":"follow","max-snippet":"max-snippet:-1","max-image-preview":"max-image-preview:large","max-video-preview":"max-video-preview:-1"},"canonical":"https:\/\/chemgramx.com\/cs\/produkt-1\/koupit-2c-b-ruzovy-kokainovy-prasek\/","og_locale":"cs_CZ","og_type":"article","og_title":"Kaufen Sie 2C-B Pink Cocaine Powder | Chemgramx","og_description":"Kaufen Sie hochwertiges 2C-B-Pink-Kokainpulver in der EU. Entdecken Sie unsere Produktpalette f\u00fcr ein erstklassiges Forschungserlebnis.","og_url":"https:\/\/chemgramx.com\/cs\/produkt-1\/koupit-2c-b-ruzovy-kokainovy-prasek\/","og_site_name":"Chemgramx","article_modified_time":"2025-12-10T07:12:55+00:00","og_image":[{"width":1600,"height":1070,"url":"https:\/\/chemgramx.com\/wp-content\/uploads\/2025\/11\/buy-2c-b-pink-cocaine-powder.jpeg","type":"image\/jpeg"}],"twitter_card":"summary_large_image","twitter_misc":{"Odhadovan\u00e1 doba \u010dten\u00ed":"2 minuty"},"schema":{"@context":"https:\/\/schema.org","@graph":[{"@type":"WebPage","@id":"https:\/\/chemgramx.com\/product\/2c-b-pink-cocaine-powder-kaufen\/","url":"https:\/\/chemgramx.com\/product\/2c-b-pink-cocaine-powder-kaufen\/","name":"Koupit 2C-B r\u016f\u017eov\u00fd kokainov\u00fd pr\u00e1\u0161ek | Chemgramx","isPartOf":{"@id":"https:\/\/chemgramx.com\/#website"},"primaryImageOfPage":{"@id":"https:\/\/chemgramx.com\/product\/2c-b-pink-cocaine-powder-kaufen\/#primaryimage"},"image":{"@id":"https:\/\/chemgramx.com\/product\/2c-b-pink-cocaine-powder-kaufen\/#primaryimage"},"thumbnailUrl":"https:\/\/chemgramx.com\/wp-content\/uploads\/2025\/11\/buy-2c-b-pink-cocaine-powder.jpeg","datePublished":"2025-11-21T11:11:08+00:00","dateModified":"2025-12-10T07:12:55+00:00","description":"Kupte si vysoce kvalitn\u00ed r\u016f\u017eov\u00fd kokainov\u00fd pr\u00e1\u0161ek 2C-B v EU. Objevte n\u00e1\u0161 sortiment a z\u00edskejte prvot\u0159\u00eddn\u00ed zku\u0161enosti s v\u00fdzkumem.","breadcrumb":{"@id":"https:\/\/chemgramx.com\/product\/2c-b-pink-cocaine-powder-kaufen\/#breadcrumb"},"inLanguage":"cs","potentialAction":[{"@type":"ReadAction","target":["https:\/\/chemgramx.com\/product\/2c-b-pink-cocaine-powder-kaufen\/"]}]},{"@type":"ImageObject","inLanguage":"cs","@id":"https:\/\/chemgramx.com\/product\/2c-b-pink-cocaine-powder-kaufen\/#primaryimage","url":"https:\/\/chemgramx.com\/wp-content\/uploads\/2025\/11\/buy-2c-b-pink-cocaine-powder.jpeg","contentUrl":"https:\/\/chemgramx.com\/wp-content\/uploads\/2025\/11\/buy-2c-b-pink-cocaine-powder.jpeg","width":1600,"height":1070},{"@type":"BreadcrumbList","@id":"https:\/\/chemgramx.com\/product\/2c-b-pink-cocaine-powder-kaufen\/#breadcrumb","itemListElement":[{"@type":"ListItem","position":1,"name":"Home","item":"https:\/\/chemgramx.com\/"},{"@type":"ListItem","position":2,"name":"Shop","item":"https:\/\/chemgramx.com\/shop\/"},{"@type":"ListItem","position":3,"name":"2C-B Pulver Erwerben &#8211; Reinheit &amp; Qualit\u00e4t | Chemgramx"}]},{"@type":"WebSite","@id":"https:\/\/chemgramx.com\/#website","url":"https:\/\/chemgramx.com\/","name":"Chemgramx","description":"","publisher":{"@id":"https:\/\/chemgramx.com\/#organization"},"potentialAction":[{"@type":"SearchAction","target":{"@type":"EntryPoint","urlTemplate":"https:\/\/chemgramx.com\/?s={search_term_string}"},"query-input":{"@type":"PropertyValueSpecification","valueRequired":true,"valueName":"search_term_string"}}],"inLanguage":"cs"},{"@type":"Organization","@id":"https:\/\/chemgramx.com\/#organization","name":"Chemgramx","url":"https:\/\/chemgramx.com\/","logo":{"@type":"ImageObject","inLanguage":"cs","@id":"https:\/\/chemgramx.com\/#\/schema\/logo\/image\/","url":"https:\/\/chemgramx.com\/wp-content\/uploads\/2024\/10\/final-logo.png","contentUrl":"https:\/\/chemgramx.com\/wp-content\/uploads\/2024\/10\/final-logo.png","width":250,"height":48,"caption":"Chemgramx"},"image":{"@id":"https:\/\/chemgramx.com\/#\/schema\/logo\/image\/"}}]}},"_links":{"self":[{"href":"https:\/\/chemgramx.com\/cs\/wp-json\/wp\/v2\/product\/6976","targetHints":{"allow":["GET"]}}],"collection":[{"href":"https:\/\/chemgramx.com\/cs\/wp-json\/wp\/v2\/product"}],"about":[{"href":"https:\/\/chemgramx.com\/cs\/wp-json\/wp\/v2\/types\/product"}],"replies":[{"embeddable":true,"href":"https:\/\/chemgramx.com\/cs\/wp-json\/wp\/v2\/comments?post=6976"}],"wp:featuredmedia":[{"embeddable":true,"href":"https:\/\/chemgramx.com\/cs\/wp-json\/wp\/v2\/media\/6991"}],"wp:attachment":[{"href":"https:\/\/chemgramx.com\/cs\/wp-json\/wp\/v2\/media?parent=6976"}],"wp:term":[{"taxonomy":"product_brand","embeddable":true,"href":"https:\/\/chemgramx.com\/cs\/wp-json\/wp\/v2\/product_brand?post=6976"},{"taxonomy":"product_cat","embeddable":true,"href":"https:\/\/chemgramx.com\/cs\/wp-json\/wp\/v2\/product_cat?post=6976"},{"taxonomy":"product_tag","embeddable":true,"href":"https:\/\/chemgramx.com\/cs\/wp-json\/wp\/v2\/product_tag?post=6976"}],"curies":[{"name":"wp","href":"https:\/\/api.w.org\/{rel}","templated":true}]}}