{"id":6978,"date":"2025-11-21T11:11:08","date_gmt":"2025-11-21T11:11:08","guid":{"rendered":"https:\/\/chemgramx.com\/?post_type=product&#038;p=6978"},"modified":"2025-12-10T07:14:29","modified_gmt":"2025-12-10T07:14:29","slug":"buy-peruvian-cocaine-safely-online","status":"publish","type":"product","link":"https:\/\/chemgramx.com\/cs\/product\/peruanisches-kokain-sicher-online-kaufen\/","title":{"rendered":"Koupit peru\u00e1nsk\u00fd kokain \u2013 vysok\u00e1 \u010distota"},"content":{"rendered":"<p>Objevte v\u00fdjime\u010dnou kvalitu peru\u00e1nsk\u00e9ho kokainu, produktu, kter\u00fd je celosv\u011btov\u011b cen\u011bn pro svou \u010distotu a vynikaj\u00edc\u00ed standardy. Na\u0161e nab\u00eddka je ur\u010dena n\u00e1ro\u010dn\u00fdm z\u00e1kazn\u00edk\u016fm, kte\u0159\u00ed kladou d\u016fraz na autenti\u010dnost, spolehlivost a maxim\u00e1ln\u00ed diskr\u00e9tnost. Krom\u011b toho garantujeme, \u017ee n\u00e1\u0161 <b>Koupit peru\u00e1nsk\u00fd kokain na prodej<\/b> poch\u00e1z\u00ed pouze z d\u016fv\u011bryhodn\u00fdch, prov\u011b\u0159en\u00fdch zdroj\u016f p\u0159\u00edmo z Peru. Ka\u017ed\u00e1 \u0161ar\u017ee je nav\u00edc podrobena p\u0159\u00edsn\u00fdm kontrol\u00e1m a je s n\u00ed zach\u00e1zeno s maxim\u00e1ln\u00ed p\u00e9\u010d\u00ed, ne\u017e opust\u00ed na\u0161i laborato\u0159. D\u00edky tomu v\u017edy obdr\u017e\u00edte produkt, kter\u00fd spl\u0148uje na\u0161e vysok\u00e9 n\u00e1roky na kvalitu.<\/p>\n<p>V Chemgramx ch\u00e1peme v\u00fdznam p\u0159esnosti a spolehlivosti ve v\u011bdeck\u00fdch aplikac\u00edch. Proto v\u00e1m nab\u00edz\u00edme pouze to nejlep\u0161\u00ed. <b>nejlep\u0161\u00ed peru\u00e1nsk\u00fd kokain na trhu<\/b>. Ka\u017ed\u00fd gram, kter\u00fd u n\u00e1s zakoup\u00edte, pro\u0161el p\u0159\u00edsnou kontrolou, aby bylo zaji\u0161t\u011bno, \u017ee spl\u0148uje na\u0161e i va\u0161e o\u010dek\u00e1v\u00e1n\u00ed ohledn\u011b \u010distoty a konzistence. M\u016f\u017eete si tak b\u00fdt jisti, \u017ee dostanete produkt nesporn\u00e9 kvality.<\/p>\n<h2>Autenticita a p\u016fvod: Podstata peru\u00e1nsk\u00e9ho kokainu<\/h2>\n<p>Autenticita na\u0161ich produkt\u016f je pro n\u00e1s z\u00e1sadn\u00ed. Na\u0161e <b>autentick\u00fd peru\u00e1nsk\u00fd kokain<\/b> je zn\u00e1m\u00fd svou p\u0159\u00edrodn\u00ed strukturou a mimo\u0159\u00e1dnou \u010distotou, kter\u00e1 p\u0159\u00edmo souvis\u00ed s jeho p\u016fvodem. Peru, region s dlouhou tradic\u00ed a optim\u00e1ln\u00edmi podm\u00ednkami pro z\u00edsk\u00e1v\u00e1n\u00ed surovin, poskytuje z\u00e1klad pro tento v\u00fdjime\u010dn\u00fd produkt. Nav\u00edc na\u0161e suroviny z\u00edsk\u00e1v\u00e1me v souladu s etick\u00fdmi z\u00e1sadami a p\u0159i p\u0159\u00edsn\u00e9m dodr\u017eov\u00e1n\u00ed mezin\u00e1rodn\u00edch standard\u016f. Z tohoto d\u016fvodu se m\u016f\u017eete spolehnout na p\u016fvod a integritu ka\u017ed\u00e9ho produktu.<\/p>\n<p>Tento specifick\u00fd p\u016fvod v\u00fdznamn\u011b p\u0159isp\u00edv\u00e1 k vysok\u00e9 hodnot\u011b produktu. \u010cistota <b>vysoce kvalitn\u00edho peru\u00e1nsk\u00e9ho kokainu<\/b> ji\u017e p\u0159i sklizni v zem\u00edch p\u016fvodu. T\u00edmto zp\u016fsobem m\u016f\u017eeme zaru\u010dit produktov\u00fd \u0159et\u011bzec, kter\u00fd od sam\u00e9ho po\u010d\u00e1tku klade d\u016fraz na kvalitu a odpov\u011bdnost. Krom\u011b toho zaji\u0161\u0165ujeme, aby v\u0161echny kroky byly transparentn\u00ed a sledovateln\u00e9.<\/p>\n<h2>Chemick\u00e1 \u010distota a standardy kvality<\/h2>\n<p>\u010cistota chemick\u00e9ho produktu je rozhoduj\u00edc\u00ed, zejm\u00e9na pokud jde o v\u00fdzkum a anal\u00fdzu. Ve spole\u010dnosti Chemgramx klademe velk\u00fd d\u016fraz na analytickou specifikaci na\u0161\u00ed nab\u00eddky. V souladu s t\u00edm je ka\u017ed\u00e1 \u0161ar\u017ee <b>vysoce kvalitn\u00edho peru\u00e1nsk\u00e9ho kokainu<\/b> analyzov\u00e1ny a certifikov\u00e1ny v nez\u00e1visl\u00fdch laborato\u0159\u00edch. To zaru\u010duje maxim\u00e1ln\u00ed \u010distotu a bezpe\u010dnost pro va\u0161e v\u011bdeck\u00e9 projekty. D\u00e1le zaji\u0161\u0165ujeme, aby anal\u00fdzy byly prov\u00e1d\u011bny podle nejnov\u011bj\u0161\u00edch v\u011bdeck\u00fdch metod.<\/p>\n<p>Na\u0161e produkty jsou k dispozici jako <b>V\u00fdzkumn\u00e1 t\u0159\u00edda na prodej<\/b> a <b>Laboratorn\u00ed t\u0159\u00edda na prodej<\/b> co\u017e podtrhuje jejich vhodnost pro n\u00e1ro\u010dn\u00e9 aplikace. To znamen\u00e1, \u017ee z\u00edsk\u00e1te produkt, kter\u00fd spl\u0148uje nejvy\u0161\u0161\u00ed standardy pro v\u011bdeck\u00fd v\u00fdzkum. D\u00e1le poskytujeme podrobn\u00e9 specifikace ke ka\u017ed\u00e9 \u0161ar\u017ei, abyste p\u0159esn\u011b v\u011bd\u011bli, co kupujete. Pom\u00e1h\u00e1me v\u00e1m tak dosahovat p\u0159esn\u00fdch a reprodukovateln\u00fdch v\u00fdsledk\u016f. Pokud hled\u00e1te dal\u0161\u00ed mo\u017enosti pro sv\u016fj v\u00fdzkum, doporu\u010dujeme v\u00e1m tak\u00e9 n\u00e1\u0161 <a href=\"https:\/\/chemgramx.com\/product\/diplomat-hash-online-bestellung\/\">Diplomat Hash<\/a> prozkoumat.<\/p>\n<h2>Proces n\u00e1kupu: pe\u010dlivost v ka\u017ed\u00e9m kroku<\/h2>\n<p>N\u00e1\u0161 proces n\u00e1kupu je navr\u017een tak, aby zachoval integritu a kvalitu produktu od zdroje a\u017e po v\u00e1s. Nejprve pe\u010dliv\u011b vyb\u00edr\u00e1me na\u0161e partnery v Peru na z\u00e1klad\u011b jejich reputace a z\u00e1vazku ke kvalit\u011b. T\u00edm zaji\u0161\u0165ujeme, \u017ee zpracov\u00e1v\u00e1me pouze suroviny nejvy\u0161\u0161\u00ed kvality. Nav\u00edc p\u0159\u00edsn\u011b sledujeme ka\u017ed\u00fd krok procesu, abychom zabr\u00e1nili kontaminaci.<\/p>\n<p>Od po\u010d\u00e1te\u010dn\u00edho zpracov\u00e1n\u00ed a\u017e po fin\u00e1ln\u00ed \u00fapravu v na\u0161ich laborato\u0159\u00edch je ka\u017ed\u00fd krok dokumentov\u00e1n a kontrolov\u00e1n. To zaru\u010duje bezchybnou kontrolu kvality a transparentnost. M\u016f\u017eete se tedy spolehnout, \u017ee dostanete produkt, kter\u00fd byl vyroben s maxim\u00e1ln\u00ed p\u00e9\u010d\u00ed a odbornost\u00ed. Tento detailn\u00ed proces d\u00e1le zaji\u0161\u0165uje nep\u0159etr\u017eitou dostupnost na\u0161ich produkt\u016f. <b>vysoce kvalitn\u00edho peru\u00e1nsk\u00e9ho kokainu<\/b>.<\/p>\n<h2>Komplexn\u00ed analytick\u00e9 postupy a certifikace<\/h2>\n<p>Abychom zajistili nejvy\u0161\u0161\u00ed kvalitu, prov\u00e1d\u00edme komplexn\u00ed analytick\u00e9 postupy. Ka\u017ed\u00e1 \u0161ar\u017ee proch\u00e1z\u00ed n\u011bkolika f\u00e1zemi testov\u00e1n\u00ed v nez\u00e1visl\u00fdch laborato\u0159\u00edch. To zahrnuje plynovou chromatografii-hmotnostn\u00ed spektrometrii (GC-MS) a vysoce v\u00fdkonnou kapalinovou chromatografii (HPLC) za \u00fa\u010delem p\u0159esn\u00e9ho stanoven\u00ed \u010distoty a slo\u017een\u00ed. V\u00fdsledkem je produkt s p\u0159esn\u011b charakterizovan\u00fdmi vlastnostmi. Tyto anal\u00fdzy jsou mimochodem z\u00e1kladem na\u0161ich certifikac\u00ed.<\/p>\n<p>Tyto certifik\u00e1ty dokl\u00e1daj\u00ed nejen \u010distotu produktu, ale tak\u00e9 jeho bezkontamina\u010dnost. Nab\u00edz\u00edme v\u00e1m tedy produkt, kter\u00fd spl\u0148uje nejvy\u0161\u0161\u00ed v\u011bdeck\u00e9 po\u017eadavky. Samoz\u0159ejm\u011b jsou v\u0161echny certifik\u00e1ty k dispozici na vy\u017e\u00e1d\u00e1n\u00ed, abychom v\u00e1m zajistili plnou transparentnost. Dal\u0161\u00ed vysoce kvalitn\u00ed v\u00fdzkumn\u00e9 chemik\u00e1lie najdete na na\u0161\u00ed str\u00e1nce pro <a href=\"https:\/\/chemgramx.com\/product\/green-heineken-bottles-230mg-mdma-online-bestellung\/\">Zelen\u00e9 l\u00e1hve Heineken MDMA<\/a>.<\/p>\n<h2>Bezpe\u010dn\u00e9 a diskr\u00e9tn\u00ed zpracov\u00e1n\u00ed va\u0161\u00ed objedn\u00e1vky<\/h2>\n<p>Diskr\u00e9tnost a bezpe\u010dnost jsou pro n\u00e1s nanejv\u00fd\u0161 d\u016fle\u017eit\u00e9, pokud <b>Objednejte si peru\u00e1nsk\u00fd kokain online<\/b>. Zavedli jsme p\u0159\u00edsn\u00e9 protokoly, abychom chr\u00e1nili va\u0161e soukrom\u00ed p\u0159i ka\u017ed\u00e9 transakci. Krom\u011b toho zaji\u0161\u0165ujeme, aby v\u0161echny informace byly zpracov\u00e1v\u00e1ny d\u016fv\u011brn\u011b. D\u00edky tomu m\u016f\u017eete <b>bezpe\u010dn\u00fd n\u00e1kup<\/b> kter\u00fd odpov\u00edd\u00e1 va\u0161im pot\u0159eb\u00e1m.<\/p>\n<p>Cel\u00e9 zpracov\u00e1n\u00ed va\u0161\u00ed objedn\u00e1vky prob\u00edh\u00e1 s maxim\u00e1ln\u00ed p\u00e9\u010d\u00ed a p\u0159i p\u0159\u00edsn\u00e9m dodr\u017eov\u00e1n\u00ed bezpe\u010dnostn\u00edch standard\u016f. N\u00e1\u0161 t\u00fdm je pro\u0161kolen tak, aby zachov\u00e1val nejvy\u0161\u0161\u00ed diskr\u00e9tnost. Proces je nav\u00edc navr\u017een tak, aby nebylo mo\u017en\u00e9 vyvodit \u017e\u00e1dn\u00e9 z\u00e1v\u011bry o obsahu nebo odes\u00edlateli. M\u016f\u017eete tedy d\u016fv\u011b\u0159ovat, \u017ee <b>koupit online<\/b>.<\/p>\n<h2>Flexibiln\u00ed mo\u017enosti: mno\u017estv\u00ed, zp\u016fsoby platby a z\u00e1kaznick\u00fd servis<\/h2>\n<p>Chceme, aby byl n\u00e1kup pro v\u00e1s co nejjednodu\u0161\u0161\u00ed. Z tohoto d\u016fvodu nab\u00edz\u00edme flexibiln\u00ed mo\u017enosti, pokud jde o mno\u017estv\u00ed a zp\u016fsoby platby. M\u016f\u017eete si objednat po\u017eadovan\u00e9 mno\u017estv\u00ed <b>Objednejte si peru\u00e1nsk\u00fd kokain online<\/b>, kter\u00e1 odpov\u00edd\u00e1 va\u0161im v\u00fdzkumn\u00fdm po\u017eadavk\u016fm. D\u00e1le m\u00e1te na v\u00fdb\u011br z r\u016fzn\u00fdch diskr\u00e9tn\u00edch platebn\u00edch metod, v\u010detn\u011b anonymn\u00edch mo\u017enost\u00ed, jako jsou Bitcoin a USDT, nebo klasick\u00fd bankovn\u00ed p\u0159evod. Tak v\u017edy najdete vhodn\u00e9 \u0159e\u0161en\u00ed.<\/p>\n<p>N\u00e1\u0161 ochotn\u00fd z\u00e1kaznick\u00fd servis je v\u00e1m kdykoli k dispozici, aby anonymn\u011b a p\u0159\u00e1telsky zodpov\u011bd\u011bl va\u0161e dotazy. Osobn\u00ed poradenstv\u00ed, f\u00e9rov\u00e9 ceny a maxim\u00e1ln\u00ed spokojenost z\u00e1kazn\u00edk\u016f jsou na\u0161\u00edm c\u00edlem. Velk\u00fd d\u016fraz klademe na partnersk\u00fd vztah s na\u0161imi z\u00e1kazn\u00edky. Proto se sna\u017e\u00edme poskytovat v\u00e1m ty nejlep\u0161\u00ed slu\u017eby, pokud <b>Koupit peru\u00e1nsk\u00fd kokain na Chemgramx<\/b> . Krom\u011b toho jsme v\u017edy otev\u0159eni zp\u011btn\u00e9 vazb\u011b a n\u00e1vrh\u016fm na zlep\u0161en\u00ed.<\/p>\n<h2>Odpov\u011bdn\u00e9 zach\u00e1zen\u00ed a pr\u00e1vn\u00ed upozorn\u011bn\u00ed<\/h2>\n<p>Odpov\u011bdn\u00e9 zach\u00e1zen\u00ed s na\u0161imi produkty je nezbytn\u00e9. Na\u0161e produkty, v\u010detn\u011b <b>Peru\u00e1nsk\u00fd kokain<\/b>, jsou ur\u010deny v\u00fdhradn\u011b pro v\u011bdeck\u00e9 \u00fa\u010dely, anal\u00fdzu a sb\u011bratelstv\u00ed. Je nanejv\u00fd\u0161 d\u016fle\u017eit\u00e9, abyste v\u017edy dodr\u017eovali z\u00e1konn\u00e9 p\u0159edpisy a na\u0159\u00edzen\u00ed platn\u00e9 ve va\u0161\u00ed zemi. T\u00edm zajist\u00edte, \u017ee s na\u0161imi produkty budete nakl\u00e1dat v\u017edy zodpov\u011bdn\u011b. Proto v\u00e1s d\u016frazn\u011b \u017e\u00e1d\u00e1me, abyste se p\u0159ed n\u00e1kupem sezn\u00e1mili s p\u0159\u00edslu\u0161n\u00fdmi z\u00e1kony.<\/p>\n<p>Nep\u0159eb\u00edr\u00e1me \u017e\u00e1dnou odpov\u011bdnost za zneu\u017eit\u00ed nebo nespr\u00e1vn\u00e9 pou\u017eit\u00ed na\u0161ich produkt\u016f. Proto je v\u00fdhradn\u00ed odpov\u011bdnost\u00ed kupuj\u00edc\u00edho dodr\u017eovat v\u0161echny m\u00edstn\u00ed z\u00e1kony a p\u0159edpisy. Na\u0161e produkty pou\u017e\u00edvejte pouze v souladu s jejich ur\u010den\u00edm. Krom\u011b toho klademe zvl\u00e1\u0161tn\u00ed d\u016fraz na informov\u00e1n\u00ed o spr\u00e1vn\u00e9m zach\u00e1zen\u00ed s produkty. To v kone\u010dn\u00e9m d\u016fsledku podporuje bezpe\u010dn\u00e9 a leg\u00e1ln\u00ed zach\u00e1zen\u00ed s chemik\u00e1liemi ve v\u00fdzkumu.<\/p>\n<h2>Pro\u010d je Chemgramx prvn\u00ed volbou: Na\u0161e odhodl\u00e1n\u00ed<\/h2>\n<p>Pokud kladete d\u016fraz na kvalitu, diskr\u00e9tnost a spolehliv\u00fd servis, je n\u00e1\u0161 peru\u00e1nsk\u00fd produkt pro v\u00e1s tou spr\u00e1vnou volbou. Nab\u00edz\u00edme v\u00e1m nejen <b>Peru\u00e1nsk\u00fd kokain vysok\u00e9 \u010distoty na prodej<\/b>, ale tak\u00e9 komplexn\u00ed bal\u00ed\u010dek slu\u017eeb, kter\u00fd v\u00e1m pom\u016f\u017ee p\u0159i va\u0161em v\u00fdzkumu. Spolehn\u011bte se na na\u0161e dlouholet\u00e9 zku\u0161enosti a nejvy\u0161\u0161\u00ed standardy. Na\u0161\u00edm c\u00edlem je p\u0159ekonat va\u0161e o\u010dek\u00e1v\u00e1n\u00ed a v\u017edy v\u00e1m nab\u00eddnout produkty nep\u0159ekonateln\u00e9 kvality. Proto je Chemgramx va\u0161\u00edm ide\u00e1ln\u00edm partnerem pro v\u00fdzkumn\u00e9 chemik\u00e1lie. Krom\u011b toho se neust\u00e1le sna\u017e\u00edme o inovace a spokojenost z\u00e1kazn\u00edk\u016f.<\/p>\n<p>Na\u0161e odhodl\u00e1n\u00ed poskytovat kvalitn\u00ed slu\u017eby a z\u00e1kaznick\u00fd servis z n\u00e1s \u010din\u00ed p\u0159edn\u00edho poskytovatele v t\u00e9to oblasti. Nev\u00e1hejte, <b>Objednat peru\u00e1nsk\u00fd kokain online<\/b> a p\u0159esv\u011bd\u010dit se o na\u0161\u00ed prvot\u0159\u00eddn\u00ed nab\u00eddce. T\u011b\u0161\u00edme se, a\u017e v\u00e1s budeme moci p\u0159iv\u00edtat jako spokojen\u00e9ho z\u00e1kazn\u00edka. Nab\u00edz\u00edme v\u00e1m spolehlivou platformu pro va\u0161e pot\u0159eby v oblasti v\u00fdzkumn\u00fdch chemik\u00e1li\u00ed. Jsme p\u0159esv\u011bd\u010deni, \u017ee na\u0161e produkty a slu\u017eby p\u0159ed\u010d\u00ed va\u0161e o\u010dek\u00e1v\u00e1n\u00ed.<\/p>","protected":false},"excerpt":{"rendered":"<p>Pokud si cen\u00edte kvality, diskr\u00e9tnosti a spolehliv\u00fdch slu\u017eeb, je pro v\u00e1s n\u00e1\u0161 peru\u00e1nsk\u00fd produkt tou spr\u00e1vnou volbou. D\u016fv\u011b\u0159ujte na\u0161im dlouholet\u00fdm zku\u0161enostem a nejvy\u0161\u0161\u00edm standard\u016fm - objednejte si diskr\u00e9tn\u011b a bezpe\u010dn\u011b online hned te\u010f.<\/p>","protected":false},"featured_media":6993,"comment_status":"open","ping_status":"closed","template":"","meta":{"_joinchat":[]},"product_brand":[],"product_cat":[57],"product_tag":[3002,3000,3001,2999,3007,3003,3004,3009,3008,3006,3005,3010,3011],"class_list":{"0":"post-6978","1":"product","2":"type-product","3":"status-publish","4":"has-post-thumbnail","6":"product_cat-cocaine","7":"product_tag-flake-kokain-online-kaufen","8":"product_tag-kokain-in-norwegen-kaufen","9":"product_tag-kokain-in-schweden-kaufen","10":"product_tag-kokain-kaufen-und-mit-bitcoin-bezahlen","11":"product_tag-peruanisches-kokain-bestellen","12":"product_tag-peruanisches-kokain-kaufen","13":"product_tag-peruanisches-kokain-online-kaufen","14":"product_tag-peruanisches-kokain-zu-verkaufen","15":"product_tag-peruanisches-pink-flake","16":"product_tag-serioese-kokainhaendler-in-australien","17":"product_tag-wie-kann-ich-sicher-kokain-online-kaufen","18":"product_tag-wo-kann-ich-sicher-kokain-online-kaufen","19":"product_tag-wo-kann-man-peruanisches-kokain-kaufen","21":"first","22":"instock","23":"shipping-taxable","24":"purchasable","25":"product-type-variable"},"yoast_head":"<!-- This site is optimized with the Yoast SEO plugin v27.5 - https:\/\/yoast.com\/product\/yoast-seo-wordpress\/ -->\n<title>Peruanisches Kokain online kaufen \u2013 Peruanisches Kokain online<\/title>\n<meta name=\"description\" content=\"Peruanisches Kokain online kaufen, allgemein bekannt als peruanisches Flockenkokain oder peruanische Paste. Es handelt sich um hochwertiges Kokain, das zu \u00fcber 96 % aus peruanischer Produktion stammt.\" \/>\n<meta name=\"robots\" content=\"index, follow, max-snippet:-1, max-image-preview:large, max-video-preview:-1\" \/>\n<link rel=\"canonical\" href=\"https:\/\/chemgramx.com\/cs\/produkt-1\/buy-peruvian-cocaine-safely-online\/\" \/>\n<meta property=\"og:locale\" content=\"cs_CZ\" \/>\n<meta property=\"og:type\" content=\"article\" \/>\n<meta property=\"og:title\" content=\"Peruanisches Kokain online kaufen \u2013 Peruanisches Kokain online\" \/>\n<meta property=\"og:description\" content=\"Peruanisches Kokain online kaufen, allgemein bekannt als peruanisches Flockenkokain oder peruanische Paste. Es handelt sich um hochwertiges Kokain, das zu \u00fcber 96 % aus peruanischer Produktion stammt.\" \/>\n<meta property=\"og:url\" content=\"https:\/\/chemgramx.com\/cs\/produkt-1\/buy-peruvian-cocaine-safely-online\/\" \/>\n<meta property=\"og:site_name\" content=\"Chemgramx\" \/>\n<meta property=\"article:modified_time\" content=\"2025-12-10T07:14:29+00:00\" \/>\n<meta property=\"og:image\" content=\"https:\/\/chemgramx.com\/wp-content\/uploads\/2025\/11\/buy-peruvian-cocaine-online.jpeg\" \/>\n\t<meta property=\"og:image:width\" content=\"300\" \/>\n\t<meta property=\"og:image:height\" content=\"300\" \/>\n\t<meta property=\"og:image:type\" content=\"image\/jpeg\" \/>\n<meta name=\"twitter:card\" content=\"summary_large_image\" \/>\n<meta name=\"twitter:label1\" content=\"Odhadovan\u00e1 doba \u010dten\u00ed\" \/>\n\t<meta name=\"twitter:data1\" content=\"2 minuty\" \/>\n<script type=\"application\/ld+json\" class=\"yoast-schema-graph\">{\"@context\":\"https:\\\/\\\/schema.org\",\"@graph\":[{\"@type\":\"WebPage\",\"@id\":\"https:\\\/\\\/chemgramx.com\\\/product\\\/peruanisches-kokain-sicher-online-kaufen\\\/\",\"url\":\"https:\\\/\\\/chemgramx.com\\\/product\\\/peruanisches-kokain-sicher-online-kaufen\\\/\",\"name\":\"Peruanisches Kokain online kaufen \u2013 Peruanisches Kokain online\",\"isPartOf\":{\"@id\":\"https:\\\/\\\/chemgramx.com\\\/#website\"},\"primaryImageOfPage\":{\"@id\":\"https:\\\/\\\/chemgramx.com\\\/product\\\/peruanisches-kokain-sicher-online-kaufen\\\/#primaryimage\"},\"image\":{\"@id\":\"https:\\\/\\\/chemgramx.com\\\/product\\\/peruanisches-kokain-sicher-online-kaufen\\\/#primaryimage\"},\"thumbnailUrl\":\"https:\\\/\\\/chemgramx.com\\\/wp-content\\\/uploads\\\/2025\\\/11\\\/buy-peruvian-cocaine-online.jpeg\",\"datePublished\":\"2025-11-21T11:11:08+00:00\",\"dateModified\":\"2025-12-10T07:14:29+00:00\",\"description\":\"Peruanisches Kokain online kaufen, allgemein bekannt als peruanisches Flockenkokain oder peruanische Paste. Es handelt sich um hochwertiges Kokain, das zu \u00fcber 96 % aus peruanischer Produktion stammt.\",\"breadcrumb\":{\"@id\":\"https:\\\/\\\/chemgramx.com\\\/product\\\/peruanisches-kokain-sicher-online-kaufen\\\/#breadcrumb\"},\"inLanguage\":\"cs\",\"potentialAction\":[{\"@type\":\"ReadAction\",\"target\":[\"https:\\\/\\\/chemgramx.com\\\/product\\\/peruanisches-kokain-sicher-online-kaufen\\\/\"]}]},{\"@type\":\"ImageObject\",\"inLanguage\":\"cs\",\"@id\":\"https:\\\/\\\/chemgramx.com\\\/product\\\/peruanisches-kokain-sicher-online-kaufen\\\/#primaryimage\",\"url\":\"https:\\\/\\\/chemgramx.com\\\/wp-content\\\/uploads\\\/2025\\\/11\\\/buy-peruvian-cocaine-online.jpeg\",\"contentUrl\":\"https:\\\/\\\/chemgramx.com\\\/wp-content\\\/uploads\\\/2025\\\/11\\\/buy-peruvian-cocaine-online.jpeg\",\"width\":300,\"height\":300},{\"@type\":\"BreadcrumbList\",\"@id\":\"https:\\\/\\\/chemgramx.com\\\/product\\\/peruanisches-kokain-sicher-online-kaufen\\\/#breadcrumb\",\"itemListElement\":[{\"@type\":\"ListItem\",\"position\":1,\"name\":\"Home\",\"item\":\"https:\\\/\\\/chemgramx.com\\\/\"},{\"@type\":\"ListItem\",\"position\":2,\"name\":\"Shop\",\"item\":\"https:\\\/\\\/chemgramx.com\\\/shop\\\/\"},{\"@type\":\"ListItem\",\"position\":3,\"name\":\"Peruanisches Kokain Kaufen &#8211; Hohe Reinheit\"}]},{\"@type\":\"WebSite\",\"@id\":\"https:\\\/\\\/chemgramx.com\\\/#website\",\"url\":\"https:\\\/\\\/chemgramx.com\\\/\",\"name\":\"Chemgramx\",\"description\":\"\",\"publisher\":{\"@id\":\"https:\\\/\\\/chemgramx.com\\\/#organization\"},\"potentialAction\":[{\"@type\":\"SearchAction\",\"target\":{\"@type\":\"EntryPoint\",\"urlTemplate\":\"https:\\\/\\\/chemgramx.com\\\/?s={search_term_string}\"},\"query-input\":{\"@type\":\"PropertyValueSpecification\",\"valueRequired\":true,\"valueName\":\"search_term_string\"}}],\"inLanguage\":\"cs\"},{\"@type\":\"Organization\",\"@id\":\"https:\\\/\\\/chemgramx.com\\\/#organization\",\"name\":\"Chemgramx\",\"url\":\"https:\\\/\\\/chemgramx.com\\\/\",\"logo\":{\"@type\":\"ImageObject\",\"inLanguage\":\"cs\",\"@id\":\"https:\\\/\\\/chemgramx.com\\\/#\\\/schema\\\/logo\\\/image\\\/\",\"url\":\"https:\\\/\\\/chemgramx.com\\\/wp-content\\\/uploads\\\/2024\\\/10\\\/final-logo.png\",\"contentUrl\":\"https:\\\/\\\/chemgramx.com\\\/wp-content\\\/uploads\\\/2024\\\/10\\\/final-logo.png\",\"width\":250,\"height\":48,\"caption\":\"Chemgramx\"},\"image\":{\"@id\":\"https:\\\/\\\/chemgramx.com\\\/#\\\/schema\\\/logo\\\/image\\\/\"}}]}<\/script>\n<!-- \/ Yoast SEO plugin. -->","yoast_head_json":{"title":"Koupit peru\u00e1nsk\u00fd kokain online - Peru\u00e1nsk\u00fd kokain online","description":"Kupte si peru\u00e1nsk\u00fd kokain online, b\u011b\u017en\u011b zn\u00e1m\u00fd jako peru\u00e1nsk\u00fd vlo\u010dkov\u00fd kokain nebo peru\u00e1nsk\u00e1 pasta. Jedn\u00e1 se o vysoce kvalitn\u00ed kokain, jeho\u017e v\u00edce ne\u017e 96 % poch\u00e1z\u00ed z peru\u00e1nsk\u00e9 produkce.","robots":{"index":"index","follow":"follow","max-snippet":"max-snippet:-1","max-image-preview":"max-image-preview:large","max-video-preview":"max-video-preview:-1"},"canonical":"https:\/\/chemgramx.com\/cs\/produkt-1\/buy-peruvian-cocaine-safely-online\/","og_locale":"cs_CZ","og_type":"article","og_title":"Peruanisches Kokain online kaufen \u2013 Peruanisches Kokain online","og_description":"Peruanisches Kokain online kaufen, allgemein bekannt als peruanisches Flockenkokain oder peruanische Paste. Es handelt sich um hochwertiges Kokain, das zu \u00fcber 96 % aus peruanischer Produktion stammt.","og_url":"https:\/\/chemgramx.com\/cs\/produkt-1\/buy-peruvian-cocaine-safely-online\/","og_site_name":"Chemgramx","article_modified_time":"2025-12-10T07:14:29+00:00","og_image":[{"width":300,"height":300,"url":"https:\/\/chemgramx.com\/wp-content\/uploads\/2025\/11\/buy-peruvian-cocaine-online.jpeg","type":"image\/jpeg"}],"twitter_card":"summary_large_image","twitter_misc":{"Odhadovan\u00e1 doba \u010dten\u00ed":"2 minuty"},"schema":{"@context":"https:\/\/schema.org","@graph":[{"@type":"WebPage","@id":"https:\/\/chemgramx.com\/product\/peruanisches-kokain-sicher-online-kaufen\/","url":"https:\/\/chemgramx.com\/product\/peruanisches-kokain-sicher-online-kaufen\/","name":"Koupit peru\u00e1nsk\u00fd kokain online - Peru\u00e1nsk\u00fd kokain online","isPartOf":{"@id":"https:\/\/chemgramx.com\/#website"},"primaryImageOfPage":{"@id":"https:\/\/chemgramx.com\/product\/peruanisches-kokain-sicher-online-kaufen\/#primaryimage"},"image":{"@id":"https:\/\/chemgramx.com\/product\/peruanisches-kokain-sicher-online-kaufen\/#primaryimage"},"thumbnailUrl":"https:\/\/chemgramx.com\/wp-content\/uploads\/2025\/11\/buy-peruvian-cocaine-online.jpeg","datePublished":"2025-11-21T11:11:08+00:00","dateModified":"2025-12-10T07:14:29+00:00","description":"Kupte si peru\u00e1nsk\u00fd kokain online, b\u011b\u017en\u011b zn\u00e1m\u00fd jako peru\u00e1nsk\u00fd vlo\u010dkov\u00fd kokain nebo peru\u00e1nsk\u00e1 pasta. Jedn\u00e1 se o vysoce kvalitn\u00ed kokain, jeho\u017e v\u00edce ne\u017e 96 % poch\u00e1z\u00ed z peru\u00e1nsk\u00e9 produkce.","breadcrumb":{"@id":"https:\/\/chemgramx.com\/product\/peruanisches-kokain-sicher-online-kaufen\/#breadcrumb"},"inLanguage":"cs","potentialAction":[{"@type":"ReadAction","target":["https:\/\/chemgramx.com\/product\/peruanisches-kokain-sicher-online-kaufen\/"]}]},{"@type":"ImageObject","inLanguage":"cs","@id":"https:\/\/chemgramx.com\/product\/peruanisches-kokain-sicher-online-kaufen\/#primaryimage","url":"https:\/\/chemgramx.com\/wp-content\/uploads\/2025\/11\/buy-peruvian-cocaine-online.jpeg","contentUrl":"https:\/\/chemgramx.com\/wp-content\/uploads\/2025\/11\/buy-peruvian-cocaine-online.jpeg","width":300,"height":300},{"@type":"BreadcrumbList","@id":"https:\/\/chemgramx.com\/product\/peruanisches-kokain-sicher-online-kaufen\/#breadcrumb","itemListElement":[{"@type":"ListItem","position":1,"name":"Home","item":"https:\/\/chemgramx.com\/"},{"@type":"ListItem","position":2,"name":"Shop","item":"https:\/\/chemgramx.com\/shop\/"},{"@type":"ListItem","position":3,"name":"Peruanisches Kokain Kaufen &#8211; Hohe Reinheit"}]},{"@type":"WebSite","@id":"https:\/\/chemgramx.com\/#website","url":"https:\/\/chemgramx.com\/","name":"Chemgramx","description":"","publisher":{"@id":"https:\/\/chemgramx.com\/#organization"},"potentialAction":[{"@type":"SearchAction","target":{"@type":"EntryPoint","urlTemplate":"https:\/\/chemgramx.com\/?s={search_term_string}"},"query-input":{"@type":"PropertyValueSpecification","valueRequired":true,"valueName":"search_term_string"}}],"inLanguage":"cs"},{"@type":"Organization","@id":"https:\/\/chemgramx.com\/#organization","name":"Chemgramx","url":"https:\/\/chemgramx.com\/","logo":{"@type":"ImageObject","inLanguage":"cs","@id":"https:\/\/chemgramx.com\/#\/schema\/logo\/image\/","url":"https:\/\/chemgramx.com\/wp-content\/uploads\/2024\/10\/final-logo.png","contentUrl":"https:\/\/chemgramx.com\/wp-content\/uploads\/2024\/10\/final-logo.png","width":250,"height":48,"caption":"Chemgramx"},"image":{"@id":"https:\/\/chemgramx.com\/#\/schema\/logo\/image\/"}}]}},"_links":{"self":[{"href":"https:\/\/chemgramx.com\/cs\/wp-json\/wp\/v2\/product\/6978","targetHints":{"allow":["GET"]}}],"collection":[{"href":"https:\/\/chemgramx.com\/cs\/wp-json\/wp\/v2\/product"}],"about":[{"href":"https:\/\/chemgramx.com\/cs\/wp-json\/wp\/v2\/types\/product"}],"replies":[{"embeddable":true,"href":"https:\/\/chemgramx.com\/cs\/wp-json\/wp\/v2\/comments?post=6978"}],"wp:featuredmedia":[{"embeddable":true,"href":"https:\/\/chemgramx.com\/cs\/wp-json\/wp\/v2\/media\/6993"}],"wp:attachment":[{"href":"https:\/\/chemgramx.com\/cs\/wp-json\/wp\/v2\/media?parent=6978"}],"wp:term":[{"taxonomy":"product_brand","embeddable":true,"href":"https:\/\/chemgramx.com\/cs\/wp-json\/wp\/v2\/product_brand?post=6978"},{"taxonomy":"product_cat","embeddable":true,"href":"https:\/\/chemgramx.com\/cs\/wp-json\/wp\/v2\/product_cat?post=6978"},{"taxonomy":"product_tag","embeddable":true,"href":"https:\/\/chemgramx.com\/cs\/wp-json\/wp\/v2\/product_tag?post=6978"}],"curies":[{"name":"wp","href":"https:\/\/api.w.org\/{rel}","templated":true}]}}