{"id":6979,"date":"2025-11-21T11:11:08","date_gmt":"2025-11-21T11:11:08","guid":{"rendered":"https:\/\/chemgramx.com\/?post_type=product&#038;p=6979"},"modified":"2025-11-21T11:12:44","modified_gmt":"2025-11-21T11:12:44","slug":"koupit-kokain-online","status":"publish","type":"product","link":"https:\/\/chemgramx.com\/cs\/product\/kaufen-sie-kokain-online\/","title":{"rendered":"Koupit kokain online"},"content":{"rendered":"<p data-start=\"360\" data-end=\"712\">N\u00e1kup kokainu online je nyn\u00ed snaz\u0161\u00ed, bezpe\u010dn\u011bj\u0161\u00ed a diskr\u00e9tn\u011bj\u0161\u00ed ne\u017e kdykoli p\u0159edt\u00edm. Pokud si cen\u00edte nejvy\u0161\u0161\u00ed kvality, naprost\u00e9 diskr\u00e9tnosti a profesion\u00e1ln\u00edch slu\u017eeb, jste na spr\u00e1vn\u00e9m m\u00edst\u011b. Na\u0161e nab\u00eddka je zam\u011b\u0159ena na z\u00e1kazn\u00edky, kte\u0159\u00ed hledaj\u00ed prvot\u0159\u00eddn\u00ed kokain z ov\u011b\u0159en\u00fdch zdroj\u016f a oce\u0148uj\u00ed hladk\u00e9 a anonymn\u00ed vy\u0159\u00edzen\u00ed objedn\u00e1vky.<\/p>\n<p data-start=\"714\" data-end=\"770\"><strong data-start=\"714\" data-end=\"768\">Va\u0161e v\u00fdhody p\u0159i n\u00e1kupu kokainu online u n\u00e1s:<\/strong><\/p>\n<ul data-start=\"771\" data-end=\"1335\">\n<li data-start=\"771\" data-end=\"885\">\n<p data-start=\"773\" data-end=\"885\"><strong data-start=\"773\" data-end=\"798\">100% P\u016fvodn\u00ed v\u00fdrobek:<\/strong> Ka\u017ed\u00e1 \u0161ar\u017ee je testov\u00e1na na \u010distotu a slo\u017een\u00ed v nez\u00e1visl\u00fdch laborato\u0159\u00edch.<\/p>\n<\/li>\n<li data-start=\"886\" data-end=\"1001\">\n<p data-start=\"888\" data-end=\"1001\"><strong data-start=\"888\" data-end=\"910\">Diskr\u00e9tn\u00ed p\u0159eprava:<\/strong> Objedn\u00e1vku zas\u00edl\u00e1me neutr\u00e1ln\u011b zabalenou, bez ozna\u010den\u00ed obsahu nebo n\u00e1zvu obchodu.<\/p>\n<\/li>\n<li data-start=\"1002\" data-end=\"1122\">\n<p data-start=\"1004\" data-end=\"1122\"><strong data-start=\"1004\" data-end=\"1026\">Expresn\u00ed doru\u010den\u00ed:<\/strong> Rychl\u00e9 a spolehliv\u00e9 doru\u010den\u00ed v r\u00e1mci N\u011bmecka, Rakouska a \u0160v\u00fdcarska.<\/p>\n<\/li>\n<li data-start=\"1123\" data-end=\"1240\">\n<p data-start=\"1125\" data-end=\"1240\"><strong data-start=\"1125\" data-end=\"1160\">Flexibiln\u00ed mo\u017enosti platby:<\/strong> Platit m\u016f\u017eete pohodln\u011b a anonymn\u011b pomoc\u00ed Bitcoinu, USDT nebo bankovn\u00edm p\u0159evodem.<\/p>\n<\/li>\n<li data-start=\"1241\" data-end=\"1335\">\n<p data-start=\"1243\" data-end=\"1335\"><strong data-start=\"1243\" data-end=\"1261\">Z\u00e1kaznick\u00fd servis:<\/strong> Osobn\u00ed podpora po cel\u00fd den - p\u0159\u00e1telsk\u00e1, kompetentn\u00ed a diskr\u00e9tn\u00ed.<\/p>\n<\/li>\n<\/ul>\n<p data-start=\"1337\" data-end=\"1577\">A\u0165 u\u017e jde o mal\u00e9 vzorky nebo v\u011bt\u0161\u00ed mno\u017estv\u00ed: Nab\u00edz\u00edme r\u016fzn\u00e9 mo\u017enosti pro za\u010d\u00e1te\u010dn\u00edky, sb\u011bratele i profesion\u00e1ln\u00ed u\u017eivatele. V\u0161echny objedn\u00e1vky jsou okam\u017eit\u011b zpracov\u00e1ny a zabaleny tak, aby bylo v\u017edy chr\u00e1n\u011bno va\u0161e soukrom\u00ed.<\/p>\n<p data-start=\"1579\" data-end=\"1870\"><strong data-start=\"1579\" data-end=\"1614\">Takto funguje objedn\u00e1vka:<\/strong><br data-start=\"1614\" data-end=\"1617\" \/>Vyberte po\u017eadovan\u00fd produkt a mno\u017estv\u00ed, vlo\u017ete v\u0161e do n\u00e1kupn\u00edho ko\u0161\u00edku a dokon\u010dete n\u00e1kup. Na\u0161e zpracov\u00e1n\u00ed je anonymn\u00ed, nekomplikovan\u00e9 a zaru\u010den\u011b diskr\u00e9tn\u00ed - tak\u017ee sv\u016fj kokain obdr\u017e\u00edte bez rizika, bez oklik a bez obav.<\/p>\n<p data-start=\"1872\" data-end=\"2089\"><strong data-start=\"1872\" data-end=\"1894\">D\u016fle\u017eit\u00e9 upozorn\u011bn\u00ed:<\/strong><br data-start=\"1894\" data-end=\"1897\" \/>Na\u0161e produkty jsou ur\u010deny v\u00fdhradn\u011b pro v\u00fdzkum, anal\u00fdzu a sb\u011bratele. Dodr\u017eujte pros\u00edm platn\u00e9 z\u00e1kony ve va\u0161\u00ed zemi a pou\u017e\u00edvejte na\u0161e v\u00fdrobky zodpov\u011bdn\u011b.<\/p>\n<p data-start=\"2091\" data-end=\"2328\"><strong data-start=\"2091\" data-end=\"2111\">Shrnut\u00ed:<\/strong><br data-start=\"2111\" data-end=\"2114\" \/>Pokud jste<a href=\"https:\/\/chemgramx.com\/product\/kokain-volkswagen-90-rein\/\"> Kokain<\/a> online, m\u016f\u017eete se spolehnout na ov\u011b\u0159enou kvalitu, diskr\u00e9tn\u00ed p\u0159epravu a zku\u0161en\u00e9ho partnera. D\u016fv\u011b\u0159ujte na\u0161im odborn\u00fdm znalostem - objednejte si nyn\u00ed a poznejte rozd\u00edl!<\/p>\n<h2 data-start=\"2335\" data-end=\"2375\"><strong data-start=\"2341\" data-end=\"2375\">Koupit kokain online - \u010casto kladen\u00e9 ot\u00e1zky<\/strong><\/h2>\n<p data-start=\"2377\" data-end=\"2584\"><strong data-start=\"2377\" data-end=\"2387\">Ot\u00e1zka:<\/strong><br data-start=\"2387\" data-end=\"2390\" \/><strong data-start=\"2390\" data-end=\"2461\">Jak bezpe\u010dn\u00e1 a diskr\u00e9tn\u00ed je doprava p\u0159i n\u00e1kupu kokainu online?<\/strong><br data-start=\"2461\" data-end=\"2464\" \/><strong data-start=\"2464\" data-end=\"2476\">Odpov\u011b\u010f:<\/strong><br data-start=\"2476\" data-end=\"2479\" \/>V\u0161echny objedn\u00e1vky bal\u00edme neutr\u00e1ln\u011b a anonymn\u011b - nen\u00ed uveden \u017e\u00e1dn\u00fd obsah ani odes\u00edlatel.<\/p>\n<p data-start=\"2591\" data-end=\"2776\"><strong data-start=\"2591\" data-end=\"2601\">Ot\u00e1zka:<\/strong><br data-start=\"2601\" data-end=\"2604\" \/><strong data-start=\"2604\" data-end=\"2644\">Jak je zaru\u010dena kvalita?<\/strong><br data-start=\"2644\" data-end=\"2647\" \/><strong data-start=\"2647\" data-end=\"2659\">Odpov\u011b\u010f:<\/strong><br data-start=\"2659\" data-end=\"2662\" \/>V\u0161echny produkty jsou p\u0159ed odesl\u00e1n\u00edm testov\u00e1ny v nez\u00e1visl\u00fdch laborato\u0159\u00edch a spl\u0148uj\u00ed nejvy\u0161\u0161\u00ed standardy \u010distoty.<\/p>\n<p data-start=\"2783\" data-end=\"2956\"><strong data-start=\"2783\" data-end=\"2793\">Ot\u00e1zka:<\/strong><br data-start=\"2793\" data-end=\"2796\" \/><strong data-start=\"2796\" data-end=\"2842\">Jak\u00e9 platebn\u00ed metody jsou p\u0159ij\u00edm\u00e1ny?<\/strong><br data-start=\"2842\" data-end=\"2845\" \/><strong data-start=\"2845\" data-end=\"2857\">Odpov\u011b\u010f:<\/strong><br data-start=\"2857\" data-end=\"2860\" \/>Platit m\u016f\u017eete anonymn\u011b Bitcoinem, USDT nebo bankovn\u00edm p\u0159evodem - rychle, bezpe\u010dn\u011b a diskr\u00e9tn\u011b.<\/p>\n<p data-start=\"2963\" data-end=\"3230\"><strong data-start=\"2963\" data-end=\"2973\">Ot\u00e1zka:<\/strong><br data-start=\"2973\" data-end=\"2976\" \/><strong data-start=\"2976\" data-end=\"3038\">Pro koho je n\u00e1kup kokainu online u v\u00e1s ur\u010den?<\/strong><br data-start=\"3038\" data-end=\"3041\" \/><strong data-start=\"3041\" data-end=\"3053\">Odpov\u011b\u010f:<\/strong><br data-start=\"3053\" data-end=\"3056\" \/>Na\u0161e nab\u00eddka je ur\u010dena v\u00fdhradn\u011b sb\u011bratel\u016fm, badatel\u016fm a lidem s v\u011bdeck\u00fdm z\u00e1jmem. V\u017edy pros\u00edm dodr\u017eujte pr\u00e1vn\u00ed p\u0159edpisy sv\u00e9 zem\u011b.<\/p>\n<p data-start=\"3237\" data-end=\"3391\"><strong data-start=\"3237\" data-end=\"3247\">Ot\u00e1zka:<\/strong><br data-start=\"3247\" data-end=\"3250\" \/><strong data-start=\"3250\" data-end=\"3285\">Jak dlouho trv\u00e1 doru\u010den\u00ed?<\/strong><br data-start=\"3285\" data-end=\"3288\" \/><strong data-start=\"3288\" data-end=\"3300\">Odpov\u011b\u010f:<\/strong><br data-start=\"3300\" data-end=\"3303\" \/>Objedn\u00e1vku zpravidla obdr\u017e\u00edte b\u011bhem n\u011bkolika pracovn\u00edch dn\u016f expresn\u00ed z\u00e1silkou.<\/p>","protected":false},"excerpt":{"rendered":"<div class=\"woocommerce-product-details__short-description\">\n<p><strong><span dir=\"auto\">Koupit kokain<\/span><\/strong><span dir=\"auto\">\u00a0online. Kokain je siln\u00fd stimulant, kter\u00fd se pou\u017e\u00edv\u00e1 hlavn\u011b jako rekrea\u010dn\u00ed droga. Obvykle se \u0161\u0148upe, vdechuje ve form\u011b kou\u0159e nebo rozpou\u0161t\u00ed a vst\u0159ikuje do \u017e\u00edly.<\/span><\/p>\n<p><span dir=\"auto\">Doprava: 24hodinov\u00e1 doprava - po cel\u00e9m sv\u011bt\u011b.<\/span><br \/>\n<span dir=\"auto\">Zaru\u010den\u00e9 dod\u00e1n\u00ed: vr\u00e1cen\u00ed z\u00e1silky nebo z\u00e1ruka vr\u00e1cen\u00ed pen\u011bz.<\/span><br \/>\n<span dir=\"auto\">Bitcoin sleva: 10 % sleva p\u0159i pou\u017eit\u00ed Bitcoin.<\/span><\/p>\n<p><span dir=\"auto\">V p\u0159\u00edpad\u011b mno\u017estv\u00ed nad 1 kg n\u00e1s pros\u00edm kontaktujte a dohodn\u011bte se na cen\u011b.<\/span><\/p>\n<\/div>","protected":false},"featured_media":6994,"comment_status":"closed","ping_status":"closed","template":"","meta":{"_joinchat":[]},"product_brand":[],"product_cat":[57],"product_tag":[3033,3177],"class_list":{"0":"post-6979","1":"product","2":"type-product","3":"status-publish","4":"has-post-thumbnail","6":"product_cat-cocaine","7":"product_tag-kokain","8":"product_tag-reines-kokain","10":"first","11":"instock","12":"shipping-taxable","13":"purchasable","14":"product-type-variable"},"yoast_head":"<!-- This site is optimized with the Yoast SEO plugin v27.5 - https:\/\/yoast.com\/product\/yoast-seo-wordpress\/ -->\n<title>Kaufen Sie Kokain online \u2013 Forschungschemikalien zum Verkauf<\/title>\n<meta name=\"description\" content=\"Kaufen Sie Kokain online, europ\u00e4ischer Online-Lieferant f\u00fcr Kokain. Kokain ist ein starkes Stimulans, das haupts\u00e4chlich als Freizeitdroge verwendet wird.\" \/>\n<meta name=\"robots\" content=\"index, follow, max-snippet:-1, max-image-preview:large, max-video-preview:-1\" \/>\n<link rel=\"canonical\" href=\"https:\/\/chemgramx.com\/cs\/produkt-1\/koupit-kokain-online\/\" \/>\n<meta property=\"og:locale\" content=\"cs_CZ\" \/>\n<meta property=\"og:type\" content=\"article\" \/>\n<meta property=\"og:title\" content=\"Kaufen Sie Kokain online \u2013 Forschungschemikalien zum Verkauf\" \/>\n<meta property=\"og:description\" content=\"Kaufen Sie Kokain online, europ\u00e4ischer Online-Lieferant f\u00fcr Kokain. Kokain ist ein starkes Stimulans, das haupts\u00e4chlich als Freizeitdroge verwendet wird.\" \/>\n<meta property=\"og:url\" content=\"https:\/\/chemgramx.com\/cs\/produkt-1\/koupit-kokain-online\/\" \/>\n<meta property=\"og:site_name\" content=\"Chemgramx\" \/>\n<meta property=\"article:modified_time\" content=\"2025-11-21T11:12:44+00:00\" \/>\n<meta property=\"og:image\" content=\"https:\/\/chemgramx.com\/wp-content\/uploads\/2025\/11\/Buy-Cocaine-Online.jpg\" \/>\n\t<meta property=\"og:image:width\" content=\"600\" \/>\n\t<meta property=\"og:image:height\" content=\"450\" \/>\n\t<meta property=\"og:image:type\" content=\"image\/jpeg\" \/>\n<meta name=\"twitter:card\" content=\"summary_large_image\" \/>\n<meta name=\"twitter:label1\" content=\"Odhadovan\u00e1 doba \u010dten\u00ed\" \/>\n\t<meta name=\"twitter:data1\" content=\"2 minuty\" \/>\n<script type=\"application\/ld+json\" class=\"yoast-schema-graph\">{\"@context\":\"https:\\\/\\\/schema.org\",\"@graph\":[{\"@type\":\"WebPage\",\"@id\":\"https:\\\/\\\/chemgramx.com\\\/product\\\/kaufen-sie-kokain-online\\\/\",\"url\":\"https:\\\/\\\/chemgramx.com\\\/product\\\/kaufen-sie-kokain-online\\\/\",\"name\":\"Kaufen Sie Kokain online \u2013 Forschungschemikalien zum Verkauf\",\"isPartOf\":{\"@id\":\"https:\\\/\\\/chemgramx.com\\\/#website\"},\"primaryImageOfPage\":{\"@id\":\"https:\\\/\\\/chemgramx.com\\\/product\\\/kaufen-sie-kokain-online\\\/#primaryimage\"},\"image\":{\"@id\":\"https:\\\/\\\/chemgramx.com\\\/product\\\/kaufen-sie-kokain-online\\\/#primaryimage\"},\"thumbnailUrl\":\"https:\\\/\\\/chemgramx.com\\\/wp-content\\\/uploads\\\/2025\\\/11\\\/Buy-Cocaine-Online.jpg\",\"datePublished\":\"2025-11-21T11:11:08+00:00\",\"dateModified\":\"2025-11-21T11:12:44+00:00\",\"description\":\"Kaufen Sie Kokain online, europ\u00e4ischer Online-Lieferant f\u00fcr Kokain. Kokain ist ein starkes Stimulans, das haupts\u00e4chlich als Freizeitdroge verwendet wird.\",\"breadcrumb\":{\"@id\":\"https:\\\/\\\/chemgramx.com\\\/product\\\/kaufen-sie-kokain-online\\\/#breadcrumb\"},\"inLanguage\":\"cs\",\"potentialAction\":[{\"@type\":\"ReadAction\",\"target\":[\"https:\\\/\\\/chemgramx.com\\\/product\\\/kaufen-sie-kokain-online\\\/\"]}]},{\"@type\":\"ImageObject\",\"inLanguage\":\"cs\",\"@id\":\"https:\\\/\\\/chemgramx.com\\\/product\\\/kaufen-sie-kokain-online\\\/#primaryimage\",\"url\":\"https:\\\/\\\/chemgramx.com\\\/wp-content\\\/uploads\\\/2025\\\/11\\\/Buy-Cocaine-Online.jpg\",\"contentUrl\":\"https:\\\/\\\/chemgramx.com\\\/wp-content\\\/uploads\\\/2025\\\/11\\\/Buy-Cocaine-Online.jpg\",\"width\":600,\"height\":450},{\"@type\":\"BreadcrumbList\",\"@id\":\"https:\\\/\\\/chemgramx.com\\\/product\\\/kaufen-sie-kokain-online\\\/#breadcrumb\",\"itemListElement\":[{\"@type\":\"ListItem\",\"position\":1,\"name\":\"Home\",\"item\":\"https:\\\/\\\/chemgramx.com\\\/\"},{\"@type\":\"ListItem\",\"position\":2,\"name\":\"Shop\",\"item\":\"https:\\\/\\\/chemgramx.com\\\/shop\\\/\"},{\"@type\":\"ListItem\",\"position\":3,\"name\":\"Kaufen Sie Kokain online\"}]},{\"@type\":\"WebSite\",\"@id\":\"https:\\\/\\\/chemgramx.com\\\/#website\",\"url\":\"https:\\\/\\\/chemgramx.com\\\/\",\"name\":\"Chemgramx\",\"description\":\"\",\"publisher\":{\"@id\":\"https:\\\/\\\/chemgramx.com\\\/#organization\"},\"potentialAction\":[{\"@type\":\"SearchAction\",\"target\":{\"@type\":\"EntryPoint\",\"urlTemplate\":\"https:\\\/\\\/chemgramx.com\\\/?s={search_term_string}\"},\"query-input\":{\"@type\":\"PropertyValueSpecification\",\"valueRequired\":true,\"valueName\":\"search_term_string\"}}],\"inLanguage\":\"cs\"},{\"@type\":\"Organization\",\"@id\":\"https:\\\/\\\/chemgramx.com\\\/#organization\",\"name\":\"Chemgramx\",\"url\":\"https:\\\/\\\/chemgramx.com\\\/\",\"logo\":{\"@type\":\"ImageObject\",\"inLanguage\":\"cs\",\"@id\":\"https:\\\/\\\/chemgramx.com\\\/#\\\/schema\\\/logo\\\/image\\\/\",\"url\":\"https:\\\/\\\/chemgramx.com\\\/wp-content\\\/uploads\\\/2024\\\/10\\\/final-logo.png\",\"contentUrl\":\"https:\\\/\\\/chemgramx.com\\\/wp-content\\\/uploads\\\/2024\\\/10\\\/final-logo.png\",\"width\":250,\"height\":48,\"caption\":\"Chemgramx\"},\"image\":{\"@id\":\"https:\\\/\\\/chemgramx.com\\\/#\\\/schema\\\/logo\\\/image\\\/\"}}]}<\/script>\n<!-- \/ Yoast SEO plugin. -->","yoast_head_json":{"title":"Koupit kokain online - v\u00fdzkumn\u00e9 chemik\u00e1lie na prodej","description":"Koupit kokain online, Evropsk\u00fd online dodavatel kokainu. Kokain je siln\u00fd stimulant, kter\u00fd se pou\u017e\u00edv\u00e1 p\u0159edev\u0161\u00edm jako rekrea\u010dn\u00ed droga.","robots":{"index":"index","follow":"follow","max-snippet":"max-snippet:-1","max-image-preview":"max-image-preview:large","max-video-preview":"max-video-preview:-1"},"canonical":"https:\/\/chemgramx.com\/cs\/produkt-1\/koupit-kokain-online\/","og_locale":"cs_CZ","og_type":"article","og_title":"Kaufen Sie Kokain online \u2013 Forschungschemikalien zum Verkauf","og_description":"Kaufen Sie Kokain online, europ\u00e4ischer Online-Lieferant f\u00fcr Kokain. Kokain ist ein starkes Stimulans, das haupts\u00e4chlich als Freizeitdroge verwendet wird.","og_url":"https:\/\/chemgramx.com\/cs\/produkt-1\/koupit-kokain-online\/","og_site_name":"Chemgramx","article_modified_time":"2025-11-21T11:12:44+00:00","og_image":[{"width":600,"height":450,"url":"https:\/\/chemgramx.com\/wp-content\/uploads\/2025\/11\/Buy-Cocaine-Online.jpg","type":"image\/jpeg"}],"twitter_card":"summary_large_image","twitter_misc":{"Odhadovan\u00e1 doba \u010dten\u00ed":"2 minuty"},"schema":{"@context":"https:\/\/schema.org","@graph":[{"@type":"WebPage","@id":"https:\/\/chemgramx.com\/product\/kaufen-sie-kokain-online\/","url":"https:\/\/chemgramx.com\/product\/kaufen-sie-kokain-online\/","name":"Koupit kokain online - v\u00fdzkumn\u00e9 chemik\u00e1lie na prodej","isPartOf":{"@id":"https:\/\/chemgramx.com\/#website"},"primaryImageOfPage":{"@id":"https:\/\/chemgramx.com\/product\/kaufen-sie-kokain-online\/#primaryimage"},"image":{"@id":"https:\/\/chemgramx.com\/product\/kaufen-sie-kokain-online\/#primaryimage"},"thumbnailUrl":"https:\/\/chemgramx.com\/wp-content\/uploads\/2025\/11\/Buy-Cocaine-Online.jpg","datePublished":"2025-11-21T11:11:08+00:00","dateModified":"2025-11-21T11:12:44+00:00","description":"Koupit kokain online, Evropsk\u00fd online dodavatel kokainu. Kokain je siln\u00fd stimulant, kter\u00fd se pou\u017e\u00edv\u00e1 p\u0159edev\u0161\u00edm jako rekrea\u010dn\u00ed droga.","breadcrumb":{"@id":"https:\/\/chemgramx.com\/product\/kaufen-sie-kokain-online\/#breadcrumb"},"inLanguage":"cs","potentialAction":[{"@type":"ReadAction","target":["https:\/\/chemgramx.com\/product\/kaufen-sie-kokain-online\/"]}]},{"@type":"ImageObject","inLanguage":"cs","@id":"https:\/\/chemgramx.com\/product\/kaufen-sie-kokain-online\/#primaryimage","url":"https:\/\/chemgramx.com\/wp-content\/uploads\/2025\/11\/Buy-Cocaine-Online.jpg","contentUrl":"https:\/\/chemgramx.com\/wp-content\/uploads\/2025\/11\/Buy-Cocaine-Online.jpg","width":600,"height":450},{"@type":"BreadcrumbList","@id":"https:\/\/chemgramx.com\/product\/kaufen-sie-kokain-online\/#breadcrumb","itemListElement":[{"@type":"ListItem","position":1,"name":"Home","item":"https:\/\/chemgramx.com\/"},{"@type":"ListItem","position":2,"name":"Shop","item":"https:\/\/chemgramx.com\/shop\/"},{"@type":"ListItem","position":3,"name":"Kaufen Sie Kokain online"}]},{"@type":"WebSite","@id":"https:\/\/chemgramx.com\/#website","url":"https:\/\/chemgramx.com\/","name":"Chemgramx","description":"","publisher":{"@id":"https:\/\/chemgramx.com\/#organization"},"potentialAction":[{"@type":"SearchAction","target":{"@type":"EntryPoint","urlTemplate":"https:\/\/chemgramx.com\/?s={search_term_string}"},"query-input":{"@type":"PropertyValueSpecification","valueRequired":true,"valueName":"search_term_string"}}],"inLanguage":"cs"},{"@type":"Organization","@id":"https:\/\/chemgramx.com\/#organization","name":"Chemgramx","url":"https:\/\/chemgramx.com\/","logo":{"@type":"ImageObject","inLanguage":"cs","@id":"https:\/\/chemgramx.com\/#\/schema\/logo\/image\/","url":"https:\/\/chemgramx.com\/wp-content\/uploads\/2024\/10\/final-logo.png","contentUrl":"https:\/\/chemgramx.com\/wp-content\/uploads\/2024\/10\/final-logo.png","width":250,"height":48,"caption":"Chemgramx"},"image":{"@id":"https:\/\/chemgramx.com\/#\/schema\/logo\/image\/"}}]}},"_links":{"self":[{"href":"https:\/\/chemgramx.com\/cs\/wp-json\/wp\/v2\/product\/6979","targetHints":{"allow":["GET"]}}],"collection":[{"href":"https:\/\/chemgramx.com\/cs\/wp-json\/wp\/v2\/product"}],"about":[{"href":"https:\/\/chemgramx.com\/cs\/wp-json\/wp\/v2\/types\/product"}],"replies":[{"embeddable":true,"href":"https:\/\/chemgramx.com\/cs\/wp-json\/wp\/v2\/comments?post=6979"}],"wp:featuredmedia":[{"embeddable":true,"href":"https:\/\/chemgramx.com\/cs\/wp-json\/wp\/v2\/media\/6994"}],"wp:attachment":[{"href":"https:\/\/chemgramx.com\/cs\/wp-json\/wp\/v2\/media?parent=6979"}],"wp:term":[{"taxonomy":"product_brand","embeddable":true,"href":"https:\/\/chemgramx.com\/cs\/wp-json\/wp\/v2\/product_brand?post=6979"},{"taxonomy":"product_cat","embeddable":true,"href":"https:\/\/chemgramx.com\/cs\/wp-json\/wp\/v2\/product_cat?post=6979"},{"taxonomy":"product_tag","embeddable":true,"href":"https:\/\/chemgramx.com\/cs\/wp-json\/wp\/v2\/product_tag?post=6979"}],"curies":[{"name":"wp","href":"https:\/\/api.w.org\/{rel}","templated":true}]}}