{"id":6981,"date":"2025-11-21T11:11:09","date_gmt":"2025-11-21T11:11:09","guid":{"rendered":"https:\/\/chemgramx.com\/?post_type=product&#038;p=6981"},"modified":"2025-12-10T07:08:02","modified_gmt":"2025-12-10T07:08:02","slug":"kolumbijsky-kokain-96-cisty","status":"publish","type":"product","link":"https:\/\/chemgramx.com\/cs\/product\/kolumbianisches-kokain-96-rein\/","title":{"rendered":"Koupit kolumbijsk\u00fd kokain \u2013 96% \u010cistota | Vysok\u00e1 kvalita"},"content":{"rendered":"<p>Pro n\u00e1ro\u010dn\u00e9 z\u00e1kazn\u00edky, kte\u0159\u00ed si cen\u00ed kvality, bezpe\u010dnosti a autenticity, je d\u016fle\u017eit\u00e9 naj\u00edt ten spr\u00e1vn\u00fd v\u00fdrobek. Pokud <b>Koupit kolumbijsk\u00fd kokain<\/b> Pokud hled\u00e1te produkt, kter\u00fd spl\u0148uje tyto vysok\u00e9 standardy, nab\u00edz\u00ed Chemgramx prvot\u0159\u00eddn\u00ed v\u00fdb\u011br. N\u00e1\u0161 produkt poch\u00e1z\u00ed p\u0159\u00edmo z nejrenomovan\u011bj\u0161\u00edch v\u00fdrobn\u00edch za\u0159\u00edzen\u00ed v Kolumbii a vyzna\u010duje se v\u00fdjime\u010dnou \u010distotou a intenzivn\u00edm, nefal\u0161ovan\u00fdm aroma. Krom\u011b toho zaru\u010dujeme kvalitu, kter\u00e1 je speci\u00e1ln\u011b p\u0159izp\u016fsobena v\u011bdeck\u00fdm a analytick\u00fdm \u00fa\u010del\u016fm, co\u017e z n\u011bj \u010din\u00ed ide\u00e1ln\u00ed produkt pro <b>Koupit v\u00fdzkumnou t\u0159\u00eddu<\/b> mo\u017enost.<\/p>\n<p>Tato vynikaj\u00edc\u00ed l\u00e1tka s \u010distotou 96 % je v\u00fdsledkem pe\u010dliv\u00e9ho v\u00fdb\u011bru a p\u0159\u00edsn\u00fdch kontrol kvality. Na\u0161\u00edm c\u00edlem jako p\u0159edn\u00edho dodavatele je nab\u00eddnout v\u00e1m <b>Prav\u00fd kolumbijsk\u00fd kokain<\/b> jejich zp\u0159\u00edstupn\u011bn\u00ed. Udr\u017eov\u00e1n\u00ed nejvy\u0161\u0161\u00edch standard\u016f je na\u0161\u00ed nejvy\u0161\u0161\u00ed prioritou. D\u00edky tomu si m\u016f\u017eete b\u00fdt jisti, \u017ee obdr\u017e\u00edte v\u00fdrobek, kter\u00fd je vynikaj\u00edc\u00ed v ka\u017ed\u00e9m ohledu.<\/p>\n<h2>Esence \u010distoty: n\u00e1\u0161 kolumbijsk\u00fd kokain s 96 %<\/h2>\n<p>Rozhoduj\u00edc\u00edm faktorem, kter\u00fd ur\u010duje kvalitu kolumbijsk\u00e9ho kokainu, je jeho \u010distota. Na\u0161e \u0159ada zde stanovuje nov\u00e1 m\u011b\u0159\u00edtka, proto\u017ee poskytuje zaru\u010denou \u010distotu 96 % nebo vy\u0161\u0161\u00ed. Ka\u017ed\u00e1 \u0161ar\u017ee je nav\u00edc d\u016fkladn\u011b testov\u00e1na v nez\u00e1visl\u00fdch laborato\u0159\u00edch, aby se tato specifikace potvrdila. To znamen\u00e1, \u017ee s n\u00e1mi m\u016f\u017eete <b>Kolumbijsk\u00fd kokain nejvy\u0161\u0161\u00ed kvality<\/b> kter\u00fd neobsahuje rozpou\u0161t\u011bdla a ne\u010distoty.<\/p>\n<p>Proto je <b>Nejlep\u0161\u00ed dostupn\u00fd kolumbijsk\u00fd kokain<\/b> pro v\u011bdeck\u00e9 studie, analytick\u00fd v\u00fdzkum a n\u00e1ro\u010dn\u00e9 sb\u011bratele. Klademe velk\u00fd d\u016fraz na p\u016fvod a zpracov\u00e1n\u00ed, abychom zaru\u010dili bezkonkuren\u010dn\u00ed integritu produktu. Dal\u0161\u00ed v\u00fdhodou je transparentnost na\u0161ich laboratorn\u00edch v\u00fdsledk\u016f, kter\u00e9 jsou z\u00e1kladem na\u0161ich standard\u016f kvality.<\/p>\n<h2>Dokonalost v ka\u017ed\u00e9m ohledu: pro\u010d n\u00e1\u0161 kolumbijsk\u00fd kokain vynik\u00e1<\/h2>\n<p>N\u00e1\u0161 z\u00e1vazek k dokonalosti se odr\u00e1\u017e\u00ed ve v\u0161ech aspektech na\u0161ich v\u00fdrobk\u016f. Ka\u017ed\u00fd krok je pe\u010dliv\u011b sledov\u00e1n, aby byly zaji\u0161t\u011bny ty nejvy\u0161\u0161\u00ed standardy, od z\u00edsk\u00e1v\u00e1n\u00ed a\u017e po zpracov\u00e1n\u00ed. D\u00edky tomu v\u00e1m zaru\u010dujeme v\u00fdrobek, kter\u00fd p\u0159ed\u010d\u00ed v\u0161echna o\u010dek\u00e1v\u00e1n\u00ed.<\/p>\n<ul>\n<li><b>Extr\u00e9mn\u011b vysok\u00e1 \u010distota:<\/b> Ka\u017ed\u00e1 \u0161ar\u017ee je pe\u010dliv\u011b testov\u00e1na v nez\u00e1visl\u00fdch laborato\u0159\u00edch. T\u00edm je zaru\u010dena \u010distota 96 % nebo vy\u0161\u0161\u00ed, ani\u017e by byla ohro\u017eena kvalita. Pokud <b>Koupit vysokou \u010distotu<\/b> jste na spr\u00e1vn\u00e9m m\u00edst\u011b.<\/li>\n<li><b>P\u016fvod a provenience:<\/b> N\u00e1\u0161 v\u00fdrobek poch\u00e1z\u00ed p\u0159\u00edmo z Kolumbie a je ur\u010den v\u00fdhradn\u011b pro znalce a sb\u011bratele. Z\u00edsk\u00e1v\u00e1te tak bezkonkuren\u010dn\u00ed produkt, jeho\u017e pravost je v\u017edy ov\u011b\u0159iteln\u00e1.<\/li>\n<li><b>Flexibiln\u00ed mo\u017enosti objedn\u00e1v\u00e1n\u00ed:<\/b> Vyberte si po\u017eadovan\u00e9 mno\u017estv\u00ed, proto\u017ee nab\u00edz\u00edme nab\u00eddky na m\u00edru a atraktivn\u00ed mno\u017estevn\u00ed slevy. M\u016f\u017eete <b>Order Colombian Cocaine Online<\/b> a vyu\u017e\u00edvat p\u0159izp\u016fsoben\u00e9 podm\u00ednky.<\/li>\n<li><b>Anonymn\u00ed platba:<\/b> Pro maxim\u00e1ln\u00ed soukrom\u00ed a bezpe\u010dnost nab\u00edz\u00edme r\u016fzn\u00e9 mo\u017enosti anonymn\u00edch plateb, v\u010detn\u011b Bitcoinu, USDT a tradi\u010dn\u00edho bankovn\u00edho p\u0159evodu. Tak a <b>Bezpe\u010dn\u00fd n\u00e1kup<\/b> je v\u017edy zaru\u010dena. Dal\u0161\u00ed informace o jin\u00fdch v\u00fdzkumn\u00fdch l\u00e1tk\u00e1ch nebo <a href=\"https:\/\/chemgramx.com\/product\/buc-183-online-bestellung\/\" target=\"_blank\">chemick\u00e9 slou\u010deniny<\/a>, produkty, kter\u00e9 nab\u00edz\u00edme, naleznete na na\u0161ich produktov\u00fdch str\u00e1nk\u00e1ch.<\/li>\n<\/ul>\n<h2>V\u011bdeck\u00e9 uplatn\u011bn\u00ed a smysl pro odpov\u011bdnost<\/h2>\n<p>Kolumbijsk\u00fd kokain o \u010distot\u011b 96 % je nab\u00edzen v\u00fdhradn\u011b pro v\u011bdeck\u00e9, analytick\u00e9 a sb\u011bratelsk\u00e9 \u00fa\u010dely. Krom\u011b toho je nezbytn\u00e9 v\u017edy dodr\u017eovat platn\u00e9 z\u00e1kony va\u0161\u00ed zem\u011b a pou\u017e\u00edvat na\u0161e produkty zodpov\u011bdn\u011b. Zd\u016fraz\u0148ujeme, \u017ee pou\u017e\u00edv\u00e1n\u00ed mus\u00ed b\u00fdt v souladu se z\u00e1konem.<\/p>\n<p>Klademe velk\u00fd d\u016fraz na to, aby na\u0161i z\u00e1kazn\u00edci byli pln\u011b informov\u00e1ni o zam\u00fd\u0161len\u00fdch aplikac\u00edch. N\u00e1\u0161 v\u00fdrobek proto slou\u017e\u00ed jako prvot\u0159\u00eddn\u00ed materi\u00e1l pro <b>Koupit laboratorn\u00ed kvalitu<\/b> projekty. Pro z\u00e1jemce o speci\u00e1ln\u00ed rostlinn\u00e9 extrakty nab\u00edz\u00edme \u0161irok\u00fd v\u00fdb\u011br, nap\u0159. <a href=\"https:\/\/chemgramx.com\/product\/blackberry-kush-20-thc\/\" target=\"_blank\">Blackberry Kush 20% THC<\/a>. V ka\u017ed\u00e9m p\u0159\u00edpad\u011b slibujeme \u010distotu a autenticitu.<\/p>\n<h2>N\u00e1\u0161 slib kvality: D\u016fv\u011bra a spokojenost<\/h2>\n<p>Spokojenost a d\u016fv\u011bra z\u00e1kazn\u00edk\u016f jsou na\u0161imi hlavn\u00edmi prioritami. Na\u0161i z\u00e1kazn\u00edci oce\u0148uj\u00ed nejen vynikaj\u00edc\u00ed kvalitu na\u0161eho kolumbijsk\u00e9ho kokainu, ale tak\u00e9 profesion\u00e1ln\u00ed zach\u00e1zen\u00ed a prvot\u0159\u00eddn\u00ed slu\u017eby. Proto klademe velk\u00fd d\u016fraz na diskr\u00e9tn\u00ed a pe\u010dliv\u00e9 vy\u0159\u00edzen\u00ed ka\u017ed\u00e9 objedn\u00e1vky.<\/p>\n<p>Sna\u017e\u00edme se v\u00e1m nab\u00eddnout <b>Nejlep\u0161\u00ed dostupn\u00fd kolumbijsk\u00fd kokain<\/b> s podporou t\u00fdmu, kter\u00fd se vyzna\u010duje profesionalitou a diskr\u00e9tnost\u00ed. Tento komplexn\u00ed p\u0159\u00edstup zaji\u0161\u0165uje nejen kvalitu produktu, ale tak\u00e9 integritu cel\u00e9ho n\u00e1kupn\u00edho procesu. Proto je n\u00e1kup u spole\u010dnosti Chemgramx volbou spolehlivosti.<\/p>\n<h2>\u010casto kladen\u00e9 ot\u00e1zky (FAQ)<\/h2>\n<h3>Je \u010distota kolumbijsk\u00e9ho kokainu skute\u010dn\u011b zaru\u010dena?<\/h3>\n<p>Ano, ka\u017ed\u00e1 \u0161ar\u017ee je testov\u00e1na nez\u00e1visl\u00fdmi laborato\u0159emi a je potvrzena \u010distota nejm\u00e9n\u011b 96 %. Tyto v\u00fdsledky poskytujeme transparentn\u011b, abychom zv\u00fd\u0161ili va\u0161i d\u016fv\u011bru. D\u00edky tomu se m\u016f\u017eete na uvedenou \u010distotu spolehnout.<\/p>\n<h3>Jak\u00e9 platebn\u00ed metody jsou k dispozici pro n\u00e1kup?<\/h3>\n<p>Nab\u00edz\u00edme r\u016fzn\u00e9 mo\u017enosti anonymn\u00edch plateb, v\u010detn\u011b bitcoin\u016f, USDT a tradi\u010dn\u00edch bankovn\u00edch p\u0159evod\u016f. T\u00edm je zaji\u0161t\u011bno maxim\u00e1ln\u00ed soukrom\u00ed a bezpe\u010dnost va\u0161eho n\u00e1kupu. Dal\u0161\u00ed podrobnosti najdete tak\u00e9 na na\u0161\u00ed str\u00e1nce o <a href=\"https:\/\/chemgramx.com\/product\/buc-183-online-bestellung\/\" target=\"_blank\">alternativn\u00ed zp\u016fsoby platby<\/a>.<\/p>\n<h3>Kdo je opr\u00e1vn\u011bn nakupovat kolumbijsk\u00fd kokain?<\/h3>\n<p>Na\u0161e produkty jsou ur\u010deny v\u00fdhradn\u011b pro v\u00fdzkum, anal\u00fdzu a sb\u011bratele. Je nezbytn\u00e9 dodr\u017eovat platn\u00e9 pr\u00e1vn\u00ed p\u0159edpisy ve va\u0161\u00ed zemi. Odpov\u011bdnost za dodr\u017eov\u00e1n\u00ed t\u011bchto p\u0159edpis\u016f proto nese kupuj\u00edc\u00ed.<\/p>\n<h3>Existuj\u00ed mno\u017estevn\u00ed slevy nebo speci\u00e1ln\u00ed nab\u00eddky pro v\u011bt\u0161\u00ed mno\u017estv\u00ed?<\/h3>\n<p>Ano, nab\u00edz\u00edme individu\u00e1ln\u00ed slevy a speci\u00e1ln\u00ed ceny pro v\u011bt\u0161\u00ed mno\u017estv\u00ed objedn\u00e1vek. Sta\u010d\u00ed kontaktovat n\u00e1\u0161 t\u00fdm podpory a obdr\u017e\u00edte nab\u00eddku na m\u00edru. Krom\u011b toho jsme v\u017edy p\u0159ipraveni nab\u00eddnout flexibiln\u00ed \u0159e\u0161en\u00ed.<\/p>\n<h2>Objednat kolumbijsk\u00fd kokain nyn\u00ed na Chemgramx<\/h2>\n<p>Kdo <b>Kolumbijsk\u00fd kokain<\/b> nejvy\u0161\u0161\u00ed kvality se op\u00edr\u00e1 o ov\u011b\u0159enou \u010distotu a spolehliv\u00e9ho partnera. D\u016fv\u011b\u0159ujte spole\u010dnosti Chemgramx, kter\u00e1 zaji\u0161\u0165uje transparentn\u00ed a bezpe\u010dn\u00e9 zpracov\u00e1n\u00ed. Jsme hrd\u00ed na to, \u017ee na\u0161im z\u00e1kazn\u00edk\u016fm nab\u00edz\u00edme jen to nejlep\u0161\u00ed. Proto m\u016f\u017eete <b>Koupit online nyn\u00ed<\/b> a u\u017eijte si pr\u00e9miov\u00e9 z\u00e1\u017eitky na Chemgramxu. N\u00e1kup u n\u00e1s je rozhodnut\u00edm ve prosp\u011bch kvality a poctivosti. Zveme v\u00e1s, abyste se sami p\u0159esv\u011bd\u010dili o v\u00fdjime\u010dn\u00e9 kvalit\u011b.<\/p>","protected":false},"excerpt":{"rendered":"<p><strong><span dir=\"auto\">Prod\u00e1m kolumbijsk\u00fd kokain (\u010distota 96 %)<\/span><\/strong><span dir=\"auto\">\u00a0online. \u010cist\u00fd kokain se p\u016fvodn\u011b z\u00edsk\u00e1val z list\u016f ke\u0159e Erythroxylon coca, kter\u00fd rostl p\u0159edev\u0161\u00edm v Peru a Bol\u00edvii. Po roce 1990 a v d\u016fsledku omezen\u00ed sklizn\u011b v t\u011bchto zem\u00edch.<\/span><\/p>\n<p><span dir=\"auto\">Doprava: 24hodinov\u00e1 doprava - po cel\u00e9m sv\u011bt\u011b.<\/span><br \/>\n<span dir=\"auto\">Zaru\u010den\u00e9 dod\u00e1n\u00ed: vr\u00e1cen\u00ed z\u00e1silky nebo z\u00e1ruka vr\u00e1cen\u00ed pen\u011bz.<\/span><\/p>\n<p><span dir=\"auto\">V p\u0159\u00edpad\u011b mno\u017estv\u00ed nad 1 kg n\u00e1s pros\u00edm kontaktujte a dohodn\u011bte se na cen\u011b.<\/span><\/p>","protected":false},"featured_media":6996,"comment_status":"closed","ping_status":"closed","template":"","meta":{"_joinchat":[]},"product_brand":[],"product_cat":[57],"product_tag":[3033,3179,3177],"class_list":{"0":"post-6981","1":"product","2":"type-product","3":"status-publish","4":"has-post-thumbnail","6":"product_cat-cocaine","7":"product_tag-kokain","8":"product_tag-kolumbianisches-kokain","9":"product_tag-reines-kokain","11":"first","12":"instock","13":"shipping-taxable","14":"purchasable","15":"product-type-variable"},"yoast_head":"<!-- This site is optimized with the Yoast SEO plugin v27.5 - https:\/\/yoast.com\/product\/yoast-seo-wordpress\/ -->\n<title>Kaufen Sie kolumbianisches Kokain mit 96 % - Chemgramx<\/title>\n<meta name=\"description\" content=\"Kaufen Sie kolumbianisches Kokain 96% rein online. Reines Kokain wurde urspr\u00fcnglich aus den Bl\u00e4ttern des Erythroxylon-Koka-Strauchs gewonnen, der haupts\u00e4chlich in der EU wuchs.\" \/>\n<meta name=\"robots\" content=\"index, follow, max-snippet:-1, max-image-preview:large, max-video-preview:-1\" \/>\n<link rel=\"canonical\" href=\"https:\/\/chemgramx.com\/cs\/produkt-1\/kolumbijsky-kokain-96-cisty\/\" \/>\n<meta property=\"og:locale\" content=\"cs_CZ\" \/>\n<meta property=\"og:type\" content=\"article\" \/>\n<meta property=\"og:title\" content=\"Kaufen Sie kolumbianisches Kokain mit 96 % - Chemgramx\" \/>\n<meta property=\"og:description\" content=\"Kaufen Sie kolumbianisches Kokain 96% rein online. Reines Kokain wurde urspr\u00fcnglich aus den Bl\u00e4ttern des Erythroxylon-Koka-Strauchs gewonnen, der haupts\u00e4chlich in der EU wuchs.\" \/>\n<meta property=\"og:url\" content=\"https:\/\/chemgramx.com\/cs\/produkt-1\/kolumbijsky-kokain-96-cisty\/\" \/>\n<meta property=\"og:site_name\" content=\"Chemgramx\" \/>\n<meta property=\"article:modified_time\" content=\"2025-12-10T07:08:02+00:00\" \/>\n<meta property=\"og:image\" content=\"https:\/\/chemgramx.com\/wp-content\/uploads\/2025\/11\/Buy-pure-Columbia-cocaine-online-1.jpg\" \/>\n\t<meta property=\"og:image:width\" content=\"500\" \/>\n\t<meta property=\"og:image:height\" content=\"357\" \/>\n\t<meta property=\"og:image:type\" content=\"image\/jpeg\" \/>\n<meta name=\"twitter:card\" content=\"summary_large_image\" \/>\n<meta name=\"twitter:label1\" content=\"Odhadovan\u00e1 doba \u010dten\u00ed\" \/>\n\t<meta name=\"twitter:data1\" content=\"2 minuty\" \/>\n<script type=\"application\/ld+json\" class=\"yoast-schema-graph\">{\"@context\":\"https:\\\/\\\/schema.org\",\"@graph\":[{\"@type\":\"WebPage\",\"@id\":\"https:\\\/\\\/chemgramx.com\\\/product\\\/kolumbianisches-kokain-96-rein\\\/\",\"url\":\"https:\\\/\\\/chemgramx.com\\\/product\\\/kolumbianisches-kokain-96-rein\\\/\",\"name\":\"Kaufen Sie kolumbianisches Kokain mit 96 % - Chemgramx\",\"isPartOf\":{\"@id\":\"https:\\\/\\\/chemgramx.com\\\/#website\"},\"primaryImageOfPage\":{\"@id\":\"https:\\\/\\\/chemgramx.com\\\/product\\\/kolumbianisches-kokain-96-rein\\\/#primaryimage\"},\"image\":{\"@id\":\"https:\\\/\\\/chemgramx.com\\\/product\\\/kolumbianisches-kokain-96-rein\\\/#primaryimage\"},\"thumbnailUrl\":\"https:\\\/\\\/chemgramx.com\\\/wp-content\\\/uploads\\\/2025\\\/11\\\/Buy-pure-Columbia-cocaine-online-1.jpg\",\"datePublished\":\"2025-11-21T11:11:09+00:00\",\"dateModified\":\"2025-12-10T07:08:02+00:00\",\"description\":\"Kaufen Sie kolumbianisches Kokain 96% rein online. Reines Kokain wurde urspr\u00fcnglich aus den Bl\u00e4ttern des Erythroxylon-Koka-Strauchs gewonnen, der haupts\u00e4chlich in der EU wuchs.\",\"breadcrumb\":{\"@id\":\"https:\\\/\\\/chemgramx.com\\\/product\\\/kolumbianisches-kokain-96-rein\\\/#breadcrumb\"},\"inLanguage\":\"cs\",\"potentialAction\":[{\"@type\":\"ReadAction\",\"target\":[\"https:\\\/\\\/chemgramx.com\\\/product\\\/kolumbianisches-kokain-96-rein\\\/\"]}]},{\"@type\":\"ImageObject\",\"inLanguage\":\"cs\",\"@id\":\"https:\\\/\\\/chemgramx.com\\\/product\\\/kolumbianisches-kokain-96-rein\\\/#primaryimage\",\"url\":\"https:\\\/\\\/chemgramx.com\\\/wp-content\\\/uploads\\\/2025\\\/11\\\/Buy-pure-Columbia-cocaine-online-1.jpg\",\"contentUrl\":\"https:\\\/\\\/chemgramx.com\\\/wp-content\\\/uploads\\\/2025\\\/11\\\/Buy-pure-Columbia-cocaine-online-1.jpg\",\"width\":500,\"height\":357},{\"@type\":\"BreadcrumbList\",\"@id\":\"https:\\\/\\\/chemgramx.com\\\/product\\\/kolumbianisches-kokain-96-rein\\\/#breadcrumb\",\"itemListElement\":[{\"@type\":\"ListItem\",\"position\":1,\"name\":\"Home\",\"item\":\"https:\\\/\\\/chemgramx.com\\\/\"},{\"@type\":\"ListItem\",\"position\":2,\"name\":\"Shop\",\"item\":\"https:\\\/\\\/chemgramx.com\\\/shop\\\/\"},{\"@type\":\"ListItem\",\"position\":3,\"name\":\"Kolumbianisches Kokain Kaufen &#8211; 96% Reinheit | Hohe Qualit\u00e4t\"}]},{\"@type\":\"WebSite\",\"@id\":\"https:\\\/\\\/chemgramx.com\\\/#website\",\"url\":\"https:\\\/\\\/chemgramx.com\\\/\",\"name\":\"Chemgramx\",\"description\":\"\",\"publisher\":{\"@id\":\"https:\\\/\\\/chemgramx.com\\\/#organization\"},\"potentialAction\":[{\"@type\":\"SearchAction\",\"target\":{\"@type\":\"EntryPoint\",\"urlTemplate\":\"https:\\\/\\\/chemgramx.com\\\/?s={search_term_string}\"},\"query-input\":{\"@type\":\"PropertyValueSpecification\",\"valueRequired\":true,\"valueName\":\"search_term_string\"}}],\"inLanguage\":\"cs\"},{\"@type\":\"Organization\",\"@id\":\"https:\\\/\\\/chemgramx.com\\\/#organization\",\"name\":\"Chemgramx\",\"url\":\"https:\\\/\\\/chemgramx.com\\\/\",\"logo\":{\"@type\":\"ImageObject\",\"inLanguage\":\"cs\",\"@id\":\"https:\\\/\\\/chemgramx.com\\\/#\\\/schema\\\/logo\\\/image\\\/\",\"url\":\"https:\\\/\\\/chemgramx.com\\\/wp-content\\\/uploads\\\/2024\\\/10\\\/final-logo.png\",\"contentUrl\":\"https:\\\/\\\/chemgramx.com\\\/wp-content\\\/uploads\\\/2024\\\/10\\\/final-logo.png\",\"width\":250,\"height\":48,\"caption\":\"Chemgramx\"},\"image\":{\"@id\":\"https:\\\/\\\/chemgramx.com\\\/#\\\/schema\\\/logo\\\/image\\\/\"}}]}<\/script>\n<!-- \/ Yoast SEO plugin. -->","yoast_head_json":{"title":"Koupit kolumbijsk\u00fd kokain s 96 % - Chemgramx","description":"Kupte si \u010dist\u00fd kolumbijsk\u00fd kokain 96% online. \u010cist\u00fd kokain se p\u016fvodn\u011b z\u00edsk\u00e1val z list\u016f ke\u0159e Erythroxylon coca, kter\u00fd rostl p\u0159edev\u0161\u00edm v EU.","robots":{"index":"index","follow":"follow","max-snippet":"max-snippet:-1","max-image-preview":"max-image-preview:large","max-video-preview":"max-video-preview:-1"},"canonical":"https:\/\/chemgramx.com\/cs\/produkt-1\/kolumbijsky-kokain-96-cisty\/","og_locale":"cs_CZ","og_type":"article","og_title":"Kaufen Sie kolumbianisches Kokain mit 96 % - Chemgramx","og_description":"Kaufen Sie kolumbianisches Kokain 96% rein online. Reines Kokain wurde urspr\u00fcnglich aus den Bl\u00e4ttern des Erythroxylon-Koka-Strauchs gewonnen, der haupts\u00e4chlich in der EU wuchs.","og_url":"https:\/\/chemgramx.com\/cs\/produkt-1\/kolumbijsky-kokain-96-cisty\/","og_site_name":"Chemgramx","article_modified_time":"2025-12-10T07:08:02+00:00","og_image":[{"width":500,"height":357,"url":"https:\/\/chemgramx.com\/wp-content\/uploads\/2025\/11\/Buy-pure-Columbia-cocaine-online-1.jpg","type":"image\/jpeg"}],"twitter_card":"summary_large_image","twitter_misc":{"Odhadovan\u00e1 doba \u010dten\u00ed":"2 minuty"},"schema":{"@context":"https:\/\/schema.org","@graph":[{"@type":"WebPage","@id":"https:\/\/chemgramx.com\/product\/kolumbianisches-kokain-96-rein\/","url":"https:\/\/chemgramx.com\/product\/kolumbianisches-kokain-96-rein\/","name":"Koupit kolumbijsk\u00fd kokain s 96 % - Chemgramx","isPartOf":{"@id":"https:\/\/chemgramx.com\/#website"},"primaryImageOfPage":{"@id":"https:\/\/chemgramx.com\/product\/kolumbianisches-kokain-96-rein\/#primaryimage"},"image":{"@id":"https:\/\/chemgramx.com\/product\/kolumbianisches-kokain-96-rein\/#primaryimage"},"thumbnailUrl":"https:\/\/chemgramx.com\/wp-content\/uploads\/2025\/11\/Buy-pure-Columbia-cocaine-online-1.jpg","datePublished":"2025-11-21T11:11:09+00:00","dateModified":"2025-12-10T07:08:02+00:00","description":"Kupte si \u010dist\u00fd kolumbijsk\u00fd kokain 96% online. \u010cist\u00fd kokain se p\u016fvodn\u011b z\u00edsk\u00e1val z list\u016f ke\u0159e Erythroxylon coca, kter\u00fd rostl p\u0159edev\u0161\u00edm v EU.","breadcrumb":{"@id":"https:\/\/chemgramx.com\/product\/kolumbianisches-kokain-96-rein\/#breadcrumb"},"inLanguage":"cs","potentialAction":[{"@type":"ReadAction","target":["https:\/\/chemgramx.com\/product\/kolumbianisches-kokain-96-rein\/"]}]},{"@type":"ImageObject","inLanguage":"cs","@id":"https:\/\/chemgramx.com\/product\/kolumbianisches-kokain-96-rein\/#primaryimage","url":"https:\/\/chemgramx.com\/wp-content\/uploads\/2025\/11\/Buy-pure-Columbia-cocaine-online-1.jpg","contentUrl":"https:\/\/chemgramx.com\/wp-content\/uploads\/2025\/11\/Buy-pure-Columbia-cocaine-online-1.jpg","width":500,"height":357},{"@type":"BreadcrumbList","@id":"https:\/\/chemgramx.com\/product\/kolumbianisches-kokain-96-rein\/#breadcrumb","itemListElement":[{"@type":"ListItem","position":1,"name":"Home","item":"https:\/\/chemgramx.com\/"},{"@type":"ListItem","position":2,"name":"Shop","item":"https:\/\/chemgramx.com\/shop\/"},{"@type":"ListItem","position":3,"name":"Kolumbianisches Kokain Kaufen &#8211; 96% Reinheit | Hohe Qualit\u00e4t"}]},{"@type":"WebSite","@id":"https:\/\/chemgramx.com\/#website","url":"https:\/\/chemgramx.com\/","name":"Chemgramx","description":"","publisher":{"@id":"https:\/\/chemgramx.com\/#organization"},"potentialAction":[{"@type":"SearchAction","target":{"@type":"EntryPoint","urlTemplate":"https:\/\/chemgramx.com\/?s={search_term_string}"},"query-input":{"@type":"PropertyValueSpecification","valueRequired":true,"valueName":"search_term_string"}}],"inLanguage":"cs"},{"@type":"Organization","@id":"https:\/\/chemgramx.com\/#organization","name":"Chemgramx","url":"https:\/\/chemgramx.com\/","logo":{"@type":"ImageObject","inLanguage":"cs","@id":"https:\/\/chemgramx.com\/#\/schema\/logo\/image\/","url":"https:\/\/chemgramx.com\/wp-content\/uploads\/2024\/10\/final-logo.png","contentUrl":"https:\/\/chemgramx.com\/wp-content\/uploads\/2024\/10\/final-logo.png","width":250,"height":48,"caption":"Chemgramx"},"image":{"@id":"https:\/\/chemgramx.com\/#\/schema\/logo\/image\/"}}]}},"_links":{"self":[{"href":"https:\/\/chemgramx.com\/cs\/wp-json\/wp\/v2\/product\/6981","targetHints":{"allow":["GET"]}}],"collection":[{"href":"https:\/\/chemgramx.com\/cs\/wp-json\/wp\/v2\/product"}],"about":[{"href":"https:\/\/chemgramx.com\/cs\/wp-json\/wp\/v2\/types\/product"}],"replies":[{"embeddable":true,"href":"https:\/\/chemgramx.com\/cs\/wp-json\/wp\/v2\/comments?post=6981"}],"wp:featuredmedia":[{"embeddable":true,"href":"https:\/\/chemgramx.com\/cs\/wp-json\/wp\/v2\/media\/6996"}],"wp:attachment":[{"href":"https:\/\/chemgramx.com\/cs\/wp-json\/wp\/v2\/media?parent=6981"}],"wp:term":[{"taxonomy":"product_brand","embeddable":true,"href":"https:\/\/chemgramx.com\/cs\/wp-json\/wp\/v2\/product_brand?post=6981"},{"taxonomy":"product_cat","embeddable":true,"href":"https:\/\/chemgramx.com\/cs\/wp-json\/wp\/v2\/product_cat?post=6981"},{"taxonomy":"product_tag","embeddable":true,"href":"https:\/\/chemgramx.com\/cs\/wp-json\/wp\/v2\/product_tag?post=6981"}],"curies":[{"name":"wp","href":"https:\/\/api.w.org\/{rel}","templated":true}]}}