{"id":6986,"date":"2025-11-21T11:11:10","date_gmt":"2025-11-21T11:11:10","guid":{"rendered":"https:\/\/chemgramx.com\/?post_type=product&#038;p=6986"},"modified":"2025-11-21T11:12:56","modified_gmt":"2025-11-21T11:12:56","slug":"4-cmc4-chlormethcathinone-koupit-online","status":"publish","type":"product","link":"https:\/\/chemgramx.com\/cs\/product\/4-cmc4-chlormethcathinon-online-kaufen\/","title":{"rendered":"4 - CMC (4-Chlormethcathinone) Koupit online"},"content":{"rendered":"<p>Popt\u00e1vka po <b>Koupit 4-CMC (4-chloromethcathinone) online<\/b> se neust\u00e1le roz\u0161i\u0159uje, proto\u017ee se jedn\u00e1 o syntetick\u00fd katinon, kter\u00fd je zn\u00e1m\u00fd sv\u00fdmi stimula\u010dn\u00edmi a psychoaktivn\u00edmi \u00fa\u010dinky. Chemicky je p\u0159\u00edbuzn\u00fd s 4-MMC (mefedronem) a methcathinonem a vyzna\u010duje se t\u00edm, \u017ee <b>4-CMC (4-chlormethkatinon) na prodej<\/b> se vyzna\u010duje jedine\u010dnou substituc\u00ed chl\u00f3rem. Tato chemick\u00e1 modifikace p\u0159\u00edmo ovliv\u0148uje d\u00e9lku jeho p\u016fsoben\u00ed a \u00fa\u010dinnost. V\u00fdzkumn\u00edci a laborato\u0159e ji \u010dasto vol\u00ed, <b>koupit 4-CMC (4-Chlormethcathinone) online<\/b>, proto\u017ee se jedn\u00e1 o vyhled\u00e1vanou l\u00e1tku v oblasti v\u00fdzkumn\u00fdch chemik\u00e1li\u00ed. P\u0159i n\u00e1kupu online je nezbytn\u00e9 dodr\u017eovat p\u0159\u00edsn\u00e9 normy kvality a bezpe\u010dnosti, aby byla zaji\u0161t\u011bna integrita ka\u017ed\u00e9 studie.<\/p>\n<p>4-CMC je syntetick\u00fd stimulant, kter\u00fd p\u016fsob\u00ed p\u0159edev\u0161\u00edm na centr\u00e1ln\u00ed nervov\u00fd syst\u00e9m. Je podobn\u00fd ostatn\u00edm katinon\u016fm, ale li\u0161\u00ed se atomem chloru v poloze 4, co\u017e m\u011bn\u00ed jeho farmakologick\u00fd profil. Zpr\u00e1vy u\u017eivatel\u016f popisuj\u00ed typick\u00e9 stimula\u010dn\u00ed a euforizuj\u00edc\u00ed vlastnosti. Jeho rostouc\u00ed popularita vysv\u011btluje, pro\u010d st\u00e1le v\u00edce lid\u00ed hled\u00e1 mo\u017enosti, <b>objednat 4-CMC (4-chlormethkatinon)<\/b>, A\u0165 u\u017e se jedn\u00e1 o v\u011bdeck\u00fd v\u00fdzkum nebo analytick\u00e9 testy, v\u017edy je t\u0159eba se zam\u011b\u0159it na v\u011bdeck\u00e9 vyu\u017eit\u00ed.<\/p>\n<h2>V\u00fdhody n\u00e1kupu online a d\u016fle\u017eit\u00e9 faktory<\/h2>\n<p>Z\u00edsk\u00e1v\u00e1n\u00ed online nab\u00edz\u00ed v\u00fdzkumn\u00fdm pracovn\u00edk\u016fm a laborato\u0159\u00edm specifick\u00e9 logistick\u00e9 v\u00fdhody, kter\u00e9 usnad\u0148uj\u00ed p\u0159\u00edstup k l\u00e1tce. N\u00e1kup <b>4-CMC (4-chlormethkatinon) online<\/b> nab\u00edz\u00ed \u0159adu v\u00fdhod, proto\u017ee v\u00fdzkumn\u00ed pracovn\u00edci mohou vyu\u017e\u00edvat rychl\u00e9 a diskr\u00e9tn\u00ed doru\u010den\u00ed, kdy\u017e se jim <b>Koupit 4-CMC (4-chloromethcathinone) online<\/b> by cht\u011bla.<\/p>\n<p>Celosv\u011btov\u00e1 dostupnost umo\u017e\u0148uje v\u011bdc\u016fm, <b>4-CMC (4-chlormethcathinon) na prodej<\/b> mezin\u00e1rodn\u00ed obchody, co\u017e zjednodu\u0161uje dodavatelsk\u00fd \u0159et\u011bzec.<\/p>\n<p>Ot\u00e1zka, <b>Kde koupit 4-CMC (4-chloromethcathinone)<\/b>, je proto obvykle zodpov\u011bzena online. V\u00fdb\u011br <b>Nejlep\u0161\u00ed m\u00edsto pro n\u00e1kup 4-CMC (4-chlormethkatinon) online<\/b> z\u00e1vis\u00ed na r\u016fzn\u00fdch kl\u00ed\u010dov\u00fdch faktorech, kter\u00e9 p\u0159esahuj\u00ed r\u00e1mec \u010dist\u00e9ho <b>4-CMC (4-chlormethkatinon) Cena<\/b> j\u00edt nad tento r\u00e1mec.<\/p>\n<p>P\u0159ed n\u00e1kupem <b>4-CMC (4-chlormethkatinon) Online<\/b> m\u011bli byste dodr\u017eovat n\u00e1sleduj\u00edc\u00ed kl\u00ed\u010dov\u00e9 body, abyste zajistili kvalitu a bezpe\u010dnost. Je nezbytn\u00e9, aby <b>Z\u00e1konnost<\/b> ve va\u0161\u00ed zemi, proto\u017ee v n\u011bkter\u00fdch zem\u00edch je 4-CMC regulov\u00e1n nebo zak\u00e1z\u00e1n.<\/p>\n<p>Na str\u00e1nk\u00e1ch <b>kvalita<\/b> l\u00e1tky mus\u00ed b\u00fdt <b>Certifik\u00e1ty o anal\u00fdze (COA)<\/b> poskytovateli t\u0159et\u00edch stran a mus\u00edte se informovat o tom. <b>D\u00e1vkov\u00e1n\u00ed a ochrann\u00e1 opat\u0159en\u00ed<\/b> informovat <a href=\"\/product\/d-tertylone-bestellung-online-kaufen\/\"><b>Zabezpe\u010den\u00ed<\/b> <\/a>p\u0159i manipulaci. Jen tak se vyhnete pad\u011bl\u00e1n\u00ed a z\u00edsk\u00e1te spolehliv\u00fd v\u00fdrobek.<\/p>\n<h2>Hodnocen\u00ed rizik a zaji\u0161t\u011bn\u00ed kvality<\/h2>\n<p>Dodr\u017eov\u00e1n\u00ed bezpe\u010dnostn\u00edch a kvalitativn\u00edch norem je p\u0159i pr\u00e1ci s 4-CMC povinn\u00e9. Neopatrn\u00fd n\u00e1kup na internetu skr\u00fdv\u00e1 zna\u010dn\u00e1 rizika, proto\u017ee <b>Pr\u00e1vn\u00ed rizika<\/b> v n\u011bkter\u00fdch zem\u00edch zahrnuj\u00ed regulaci nebo z\u00e1kaz 4-CMC. Existuj\u00ed tak\u00e9 <a href=\"\/product\/buphedrone-bestellung-online\/\"><b>Zdravotn\u00ed rizika<\/b><\/a>, proto\u017ee nespr\u00e1vn\u00e1 manipulace m\u016f\u017ee zp\u016fsobit z\u00e1va\u017en\u00e9 ne\u017e\u00e1douc\u00ed \u00fa\u010dinky. Krom\u011b toho existuj\u00ed <b>Finan\u010dn\u00ed rizika<\/b>, proto byste m\u011bli nakupovat pouze od ov\u011b\u0159en\u00fdch prodejc\u016f, abyste se vyhnuli podvod\u016fm.<\/p>\n<h3>Doporu\u010den\u00e9 zdroje:<\/h3>\n<ul>\n<li>Specializovan\u00ed v\u00fdzkumn\u00ed distributo\u0159i chemik\u00e1li\u00ed s laboratorn\u00edmi certifik\u00e1ty.<\/li>\n<li>Online platformy s ov\u011b\u0159en\u00fdmi recenzemi.<\/li>\n<li>Mezin\u00e1rodn\u00ed velkoobchodn\u00ed a maloobchodn\u00ed prodejce chemick\u00fdch komponent\u016f.<\/li>\n<\/ul>\n<h3>Bezpe\u010dnostn\u00ed pokyny pro laborato\u0159e:<\/h3>\n<ul>\n<li>V laborato\u0159i v\u017edy noste ochrann\u00e9 pom\u016fcky.<\/li>\n<li>Za\u010dn\u011bte s n\u00edzk\u00fdmi v\u00fdzkumn\u00fdmi d\u00e1vkami.<\/li>\n<li>V\u00fdrobek skladujte na chladn\u00e9m a such\u00e9m m\u00edst\u011b mimo dosah sv\u011btla.<\/li>\n<\/ul>\n<h2>\u00a0Z\u00e1v\u011br<\/h2>\n<p><b>Kupte si 4-CMC (4-chlormethathinon) online od spolehliv\u00e9ho zdroje<\/b> je nejlep\u0161\u00ed volbou pro v\u00fdzkumn\u00edky, kte\u0159\u00ed si cen\u00ed kvality, bezpe\u010dnosti a diskr\u00e9tnosti. V\u0161ichni, kte\u0159\u00ed se ptaj\u00ed, <b>kde koupit 4-CMC (4-chloromethcathinone)<\/b>, najde <b>Nejlep\u0161\u00ed m\u00edsto pro n\u00e1kup 4-CMC (4-chlormethkatinon) online<\/b> od ov\u011b\u0159en\u00fdch prodejc\u016f s certifik\u00e1ty o anal\u00fdze a transparentn\u00edm servisem. Jen tak si m\u016f\u017eete b\u00fdt jisti, \u017ee obdr\u017e\u00edte \u010dist\u00fd a spolehliv\u00fd v\u00fdrobek - pokud mo\u017eno za nejlep\u0161\u00ed cenu. <b>4-CMC (4-chlormethkatinon) cena<\/b> na trhu.<\/p>","protected":false},"excerpt":{"rendered":"<p>4-CMC, zn\u00e1m\u00fd tak\u00e9 jako 4-chlormethkatinon, je syntetick\u00fd stimulant ze skupiny katinon\u016f. Je strukturn\u011b podobn\u00fd jin\u00fdm popul\u00e1rn\u00edm l\u00e1tk\u00e1m a nab\u00edz\u00ed \u00fa\u010dinky, jako je zv\u00fd\u0161en\u00e1 energie, euforie a zv\u00fd\u0161en\u00e1 sociabilita. \u010casto je k dispozici ve form\u011b pr\u00e1\u0161ku a 4-CMC si z\u00edskal pozornost v kultu\u0159e rekrea\u010dn\u00edch drog, zejm\u00e9na v klubech a na ve\u010d\u00edrc\u00edch.<\/p>","protected":false},"featured_media":7026,"comment_status":"open","ping_status":"closed","template":"","meta":{"_joinchat":[]},"product_brand":[],"product_cat":[49],"product_tag":[2528,2531,2534,2527,2529,2530,2532,2533,2015],"class_list":{"0":"post-6986","1":"product","2":"type-product","3":"status-publish","4":"has-post-thumbnail","6":"product_cat-cathinones","7":"product_tag-4-chlormethcathinon","8":"product_tag-4-cmc-200mg","9":"product_tag-4-cmc-4-chlormethcathinon","10":"product_tag-4-cmc-kaufen","11":"product_tag-4-cmc-kristalle","12":"product_tag-4-cmc-online-kaufen","13":"product_tag-4-cmc-prodej","14":"product_tag-chemikalien-kaufen","15":"product_tag-synthetische-drogen","17":"first","18":"instock","19":"shipping-taxable","20":"purchasable","21":"product-type-variable"},"yoast_head":"<!-- This site is optimized with the Yoast SEO plugin v27.5 - https:\/\/yoast.com\/product\/yoast-seo-wordpress\/ -->\n<title>4-CMC (4-Chlormethcathinon) Online Kaufen<\/title>\n<meta name=\"description\" content=\"Holen Sie sich 4-cmc (4-Chlormethcathinon) in einem der besten Online-Shops. Wir helfen Ihnen, 4-cmc (4-Chlormethcathinon) in hoher Qualit\u00e4t online zu kaufen.\" \/>\n<meta name=\"robots\" content=\"index, follow, max-snippet:-1, max-image-preview:large, max-video-preview:-1\" \/>\n<link rel=\"canonical\" href=\"https:\/\/chemgramx.com\/cs\/produkt-1\/4-cmc4-chlormethcathinone-koupit-online\/\" \/>\n<meta property=\"og:locale\" content=\"cs_CZ\" \/>\n<meta property=\"og:type\" content=\"article\" \/>\n<meta property=\"og:title\" content=\"4-CMC (4-Chlormethcathinon) Online Kaufen\" \/>\n<meta property=\"og:description\" content=\"Holen Sie sich 4-cmc (4-Chlormethcathinon) in einem der besten Online-Shops. Wir helfen Ihnen, 4-cmc (4-Chlormethcathinon) in hoher Qualit\u00e4t online zu kaufen.\" \/>\n<meta property=\"og:url\" content=\"https:\/\/chemgramx.com\/cs\/produkt-1\/4-cmc4-chlormethcathinone-koupit-online\/\" \/>\n<meta property=\"og:site_name\" content=\"Chemgramx\" \/>\n<meta property=\"article:modified_time\" content=\"2025-11-21T11:12:56+00:00\" \/>\n<meta property=\"og:image\" content=\"https:\/\/chemgramx.com\/wp-content\/uploads\/2025\/11\/4-cmc-big-crystals-620.jpg\" \/>\n\t<meta property=\"og:image:width\" content=\"500\" \/>\n\t<meta property=\"og:image:height\" content=\"321\" \/>\n\t<meta property=\"og:image:type\" content=\"image\/jpeg\" \/>\n<meta name=\"twitter:card\" content=\"summary_large_image\" \/>\n<meta name=\"twitter:label1\" content=\"Odhadovan\u00e1 doba \u010dten\u00ed\" \/>\n\t<meta name=\"twitter:data1\" content=\"3 minuty\" \/>\n<script type=\"application\/ld+json\" class=\"yoast-schema-graph\">{\"@context\":\"https:\\\/\\\/schema.org\",\"@graph\":[{\"@type\":\"WebPage\",\"@id\":\"https:\\\/\\\/chemgramx.com\\\/product\\\/4-cmc4-chlormethcathinon-online-kaufen\\\/\",\"url\":\"https:\\\/\\\/chemgramx.com\\\/product\\\/4-cmc4-chlormethcathinon-online-kaufen\\\/\",\"name\":\"4-CMC (4-Chlormethcathinon) Online Kaufen\",\"isPartOf\":{\"@id\":\"https:\\\/\\\/chemgramx.com\\\/#website\"},\"primaryImageOfPage\":{\"@id\":\"https:\\\/\\\/chemgramx.com\\\/product\\\/4-cmc4-chlormethcathinon-online-kaufen\\\/#primaryimage\"},\"image\":{\"@id\":\"https:\\\/\\\/chemgramx.com\\\/product\\\/4-cmc4-chlormethcathinon-online-kaufen\\\/#primaryimage\"},\"thumbnailUrl\":\"https:\\\/\\\/chemgramx.com\\\/wp-content\\\/uploads\\\/2025\\\/11\\\/4-cmc-big-crystals-620.jpg\",\"datePublished\":\"2025-11-21T11:11:10+00:00\",\"dateModified\":\"2025-11-21T11:12:56+00:00\",\"description\":\"Holen Sie sich 4-cmc (4-Chlormethcathinon) in einem der besten Online-Shops. Wir helfen Ihnen, 4-cmc (4-Chlormethcathinon) in hoher Qualit\u00e4t online zu kaufen.\",\"breadcrumb\":{\"@id\":\"https:\\\/\\\/chemgramx.com\\\/product\\\/4-cmc4-chlormethcathinon-online-kaufen\\\/#breadcrumb\"},\"inLanguage\":\"cs\",\"potentialAction\":[{\"@type\":\"ReadAction\",\"target\":[\"https:\\\/\\\/chemgramx.com\\\/product\\\/4-cmc4-chlormethcathinon-online-kaufen\\\/\"]}]},{\"@type\":\"ImageObject\",\"inLanguage\":\"cs\",\"@id\":\"https:\\\/\\\/chemgramx.com\\\/product\\\/4-cmc4-chlormethcathinon-online-kaufen\\\/#primaryimage\",\"url\":\"https:\\\/\\\/chemgramx.com\\\/wp-content\\\/uploads\\\/2025\\\/11\\\/4-cmc-big-crystals-620.jpg\",\"contentUrl\":\"https:\\\/\\\/chemgramx.com\\\/wp-content\\\/uploads\\\/2025\\\/11\\\/4-cmc-big-crystals-620.jpg\",\"width\":500,\"height\":321},{\"@type\":\"BreadcrumbList\",\"@id\":\"https:\\\/\\\/chemgramx.com\\\/product\\\/4-cmc4-chlormethcathinon-online-kaufen\\\/#breadcrumb\",\"itemListElement\":[{\"@type\":\"ListItem\",\"position\":1,\"name\":\"Home\",\"item\":\"https:\\\/\\\/chemgramx.com\\\/\"},{\"@type\":\"ListItem\",\"position\":2,\"name\":\"Shop\",\"item\":\"https:\\\/\\\/chemgramx.com\\\/shop\\\/\"},{\"@type\":\"ListItem\",\"position\":3,\"name\":\"4- CMC(4-Chlormethcathinon) Online Kaufen\"}]},{\"@type\":\"WebSite\",\"@id\":\"https:\\\/\\\/chemgramx.com\\\/#website\",\"url\":\"https:\\\/\\\/chemgramx.com\\\/\",\"name\":\"Chemgramx\",\"description\":\"\",\"publisher\":{\"@id\":\"https:\\\/\\\/chemgramx.com\\\/#organization\"},\"potentialAction\":[{\"@type\":\"SearchAction\",\"target\":{\"@type\":\"EntryPoint\",\"urlTemplate\":\"https:\\\/\\\/chemgramx.com\\\/?s={search_term_string}\"},\"query-input\":{\"@type\":\"PropertyValueSpecification\",\"valueRequired\":true,\"valueName\":\"search_term_string\"}}],\"inLanguage\":\"cs\"},{\"@type\":\"Organization\",\"@id\":\"https:\\\/\\\/chemgramx.com\\\/#organization\",\"name\":\"Chemgramx\",\"url\":\"https:\\\/\\\/chemgramx.com\\\/\",\"logo\":{\"@type\":\"ImageObject\",\"inLanguage\":\"cs\",\"@id\":\"https:\\\/\\\/chemgramx.com\\\/#\\\/schema\\\/logo\\\/image\\\/\",\"url\":\"https:\\\/\\\/chemgramx.com\\\/wp-content\\\/uploads\\\/2024\\\/10\\\/final-logo.png\",\"contentUrl\":\"https:\\\/\\\/chemgramx.com\\\/wp-content\\\/uploads\\\/2024\\\/10\\\/final-logo.png\",\"width\":250,\"height\":48,\"caption\":\"Chemgramx\"},\"image\":{\"@id\":\"https:\\\/\\\/chemgramx.com\\\/#\\\/schema\\\/logo\\\/image\\\/\"}}]}<\/script>\n<!-- \/ Yoast SEO plugin. -->","yoast_head_json":{"title":"4-CMC (4-Chlormethcathinone) Koupit online","description":"Z\u00edskejte 4-cmc (4-chlormethkatinon) v jednom z nejlep\u0161\u00edch internetov\u00fdch obchod\u016f. Pom\u00e1h\u00e1me v\u00e1m koupit 4-cmc (4-chloromethcathinone) ve vysok\u00e9 kvalit\u011b online.","robots":{"index":"index","follow":"follow","max-snippet":"max-snippet:-1","max-image-preview":"max-image-preview:large","max-video-preview":"max-video-preview:-1"},"canonical":"https:\/\/chemgramx.com\/cs\/produkt-1\/4-cmc4-chlormethcathinone-koupit-online\/","og_locale":"cs_CZ","og_type":"article","og_title":"4-CMC (4-Chlormethcathinon) Online Kaufen","og_description":"Holen Sie sich 4-cmc (4-Chlormethcathinon) in einem der besten Online-Shops. Wir helfen Ihnen, 4-cmc (4-Chlormethcathinon) in hoher Qualit\u00e4t online zu kaufen.","og_url":"https:\/\/chemgramx.com\/cs\/produkt-1\/4-cmc4-chlormethcathinone-koupit-online\/","og_site_name":"Chemgramx","article_modified_time":"2025-11-21T11:12:56+00:00","og_image":[{"width":500,"height":321,"url":"https:\/\/chemgramx.com\/wp-content\/uploads\/2025\/11\/4-cmc-big-crystals-620.jpg","type":"image\/jpeg"}],"twitter_card":"summary_large_image","twitter_misc":{"Odhadovan\u00e1 doba \u010dten\u00ed":"3 minuty"},"schema":{"@context":"https:\/\/schema.org","@graph":[{"@type":"WebPage","@id":"https:\/\/chemgramx.com\/product\/4-cmc4-chlormethcathinon-online-kaufen\/","url":"https:\/\/chemgramx.com\/product\/4-cmc4-chlormethcathinon-online-kaufen\/","name":"4-CMC (4-Chlormethcathinone) Koupit online","isPartOf":{"@id":"https:\/\/chemgramx.com\/#website"},"primaryImageOfPage":{"@id":"https:\/\/chemgramx.com\/product\/4-cmc4-chlormethcathinon-online-kaufen\/#primaryimage"},"image":{"@id":"https:\/\/chemgramx.com\/product\/4-cmc4-chlormethcathinon-online-kaufen\/#primaryimage"},"thumbnailUrl":"https:\/\/chemgramx.com\/wp-content\/uploads\/2025\/11\/4-cmc-big-crystals-620.jpg","datePublished":"2025-11-21T11:11:10+00:00","dateModified":"2025-11-21T11:12:56+00:00","description":"Z\u00edskejte 4-cmc (4-chlormethkatinon) v jednom z nejlep\u0161\u00edch internetov\u00fdch obchod\u016f. Pom\u00e1h\u00e1me v\u00e1m koupit 4-cmc (4-chloromethcathinone) ve vysok\u00e9 kvalit\u011b online.","breadcrumb":{"@id":"https:\/\/chemgramx.com\/product\/4-cmc4-chlormethcathinon-online-kaufen\/#breadcrumb"},"inLanguage":"cs","potentialAction":[{"@type":"ReadAction","target":["https:\/\/chemgramx.com\/product\/4-cmc4-chlormethcathinon-online-kaufen\/"]}]},{"@type":"ImageObject","inLanguage":"cs","@id":"https:\/\/chemgramx.com\/product\/4-cmc4-chlormethcathinon-online-kaufen\/#primaryimage","url":"https:\/\/chemgramx.com\/wp-content\/uploads\/2025\/11\/4-cmc-big-crystals-620.jpg","contentUrl":"https:\/\/chemgramx.com\/wp-content\/uploads\/2025\/11\/4-cmc-big-crystals-620.jpg","width":500,"height":321},{"@type":"BreadcrumbList","@id":"https:\/\/chemgramx.com\/product\/4-cmc4-chlormethcathinon-online-kaufen\/#breadcrumb","itemListElement":[{"@type":"ListItem","position":1,"name":"Home","item":"https:\/\/chemgramx.com\/"},{"@type":"ListItem","position":2,"name":"Shop","item":"https:\/\/chemgramx.com\/shop\/"},{"@type":"ListItem","position":3,"name":"4- CMC(4-Chlormethcathinon) Online Kaufen"}]},{"@type":"WebSite","@id":"https:\/\/chemgramx.com\/#website","url":"https:\/\/chemgramx.com\/","name":"Chemgramx","description":"","publisher":{"@id":"https:\/\/chemgramx.com\/#organization"},"potentialAction":[{"@type":"SearchAction","target":{"@type":"EntryPoint","urlTemplate":"https:\/\/chemgramx.com\/?s={search_term_string}"},"query-input":{"@type":"PropertyValueSpecification","valueRequired":true,"valueName":"search_term_string"}}],"inLanguage":"cs"},{"@type":"Organization","@id":"https:\/\/chemgramx.com\/#organization","name":"Chemgramx","url":"https:\/\/chemgramx.com\/","logo":{"@type":"ImageObject","inLanguage":"cs","@id":"https:\/\/chemgramx.com\/#\/schema\/logo\/image\/","url":"https:\/\/chemgramx.com\/wp-content\/uploads\/2024\/10\/final-logo.png","contentUrl":"https:\/\/chemgramx.com\/wp-content\/uploads\/2024\/10\/final-logo.png","width":250,"height":48,"caption":"Chemgramx"},"image":{"@id":"https:\/\/chemgramx.com\/#\/schema\/logo\/image\/"}}]}},"_links":{"self":[{"href":"https:\/\/chemgramx.com\/cs\/wp-json\/wp\/v2\/product\/6986","targetHints":{"allow":["GET"]}}],"collection":[{"href":"https:\/\/chemgramx.com\/cs\/wp-json\/wp\/v2\/product"}],"about":[{"href":"https:\/\/chemgramx.com\/cs\/wp-json\/wp\/v2\/types\/product"}],"replies":[{"embeddable":true,"href":"https:\/\/chemgramx.com\/cs\/wp-json\/wp\/v2\/comments?post=6986"}],"wp:featuredmedia":[{"embeddable":true,"href":"https:\/\/chemgramx.com\/cs\/wp-json\/wp\/v2\/media\/7026"}],"wp:attachment":[{"href":"https:\/\/chemgramx.com\/cs\/wp-json\/wp\/v2\/media?parent=6986"}],"wp:term":[{"taxonomy":"product_brand","embeddable":true,"href":"https:\/\/chemgramx.com\/cs\/wp-json\/wp\/v2\/product_brand?post=6986"},{"taxonomy":"product_cat","embeddable":true,"href":"https:\/\/chemgramx.com\/cs\/wp-json\/wp\/v2\/product_cat?post=6986"},{"taxonomy":"product_tag","embeddable":true,"href":"https:\/\/chemgramx.com\/cs\/wp-json\/wp\/v2\/product_tag?post=6986"}],"curies":[{"name":"wp","href":"https:\/\/api.w.org\/{rel}","templated":true}]}}