{"id":6988,"date":"2025-11-21T11:11:10","date_gmt":"2025-11-21T11:11:10","guid":{"rendered":"https:\/\/chemgramx.com\/?post_type=product&#038;p=6988"},"modified":"2025-12-10T07:06:36","modified_gmt":"2025-12-10T07:06:36","slug":"koupit-4-mec-hyper-online","status":"publish","type":"product","link":"https:\/\/chemgramx.com\/cs\/product\/4-mec-hyper-online-kaufen\/","title":{"rendered":"Koupit 4-MEC Hyper \u2013 vysok\u00e1 \u010distota a v\u00fdzkum"},"content":{"rendered":"<p>Hled\u00e1te spolehliv\u00fd zdroj, kter\u00fd v\u00e1m poskytne <b>4-MEC Hyper na prodej<\/b> Naj\u00edt? U Chemgramx jste na spr\u00e1vn\u00e9 adrese. Na\u0161e platforma v\u00e1m umo\u017e\u0148uje, <b>vysoce kvalitn\u00ed 4-MEC Hyper<\/b> bezpe\u010dn\u011b a zodpov\u011bdn\u011b. Rozum\u00edme po\u017eadavk\u016fm v\u00fdzkumn\u00fdch pracovn\u00edk\u016f a specializovan\u00fdch u\u017eivatel\u016f, kte\u0159\u00ed <b>autentick\u00fd 4-MEC Hyper<\/b> s garantovanou \u010distotou. Proto v\u00e1m nab\u00edz\u00edme produkty, kter\u00e9 podl\u00e9haj\u00ed p\u0159\u00edsn\u00fdm kontrol\u00e1m kvality, aby optim\u00e1ln\u011b podporovaly va\u0161e v\u00fdzkumn\u00e9 c\u00edle.<\/p>\n<p>A\u0165 u\u017e chcete prov\u00e1d\u011bt podrobn\u00e9 chemick\u00e9 anal\u00fdzy nebo zkoumat vlastnosti t\u00e9to l\u00e1tky v kontrolovan\u00e9m prost\u0159ed\u00ed, zde m\u016f\u017eete <b>Objednejte si 4-MEC Hyper online<\/b>. Zaji\u0161\u0165ujeme vysokou \u010distotu v\u0161ech produkt\u016f, co\u017e je nezbytn\u00e9 pro p\u0159esn\u00e9 a reprodukovateln\u00e9 v\u00fdsledky v\u00fdzkumu. D\u00edky tomu je Chemgramx prvn\u00ed volbou pro <b>V\u00fdzkumn\u00e1 t\u0159\u00edda na prodej<\/b> stoj\u00edc\u00ed chemik\u00e1lie.<\/p>\n<h2>Co je 4-MEC Hyper?<\/h2>\n<p><b>4-MEC Hyper<\/b>, chemicky zn\u00e1m\u00fd jako 4-methylethylkatinon, je syntetick\u00e9 stimulans, kter\u00e9 pat\u0159\u00ed do t\u0159\u00eddy katinonov\u00fdch deriv\u00e1t\u016f. Tato slou\u010denina je zn\u00e1m\u00e1 svou jedine\u010dnou molekul\u00e1rn\u00ed strukturou, kter\u00e1 j\u00ed dod\u00e1v\u00e1 stimula\u010dn\u00ed a povzbuzuj\u00edc\u00ed vlastnosti. Zejm\u00e9na se \u010dasto pou\u017e\u00edv\u00e1 ve v\u011bdeck\u00e9m v\u00fdzkumu k zkoum\u00e1n\u00ed jej\u00edch farmakologick\u00fdch profil\u016f a potenci\u00e1ln\u00edch mechanism\u016f \u00fa\u010dinku.<\/p>\n<p>Vzhledem ke sv\u00fdm chemick\u00fdm vlastnostem m\u016f\u017ee 4-MEC Hyper, kter\u00fd u n\u00e1s m\u016f\u017eete zakoupit jako <b>\u0160pi\u010dkov\u00e1 kvalita 4-MEC Hyper<\/b> mohou b\u00fdt pou\u017eity ve studi\u00edch zam\u011b\u0159en\u00fdch na kognitivn\u00ed zlep\u0161en\u00ed a modulaci n\u00e1lady. V\u011bdc\u016fm poskytuje cennou l\u00e1tku, kter\u00e1 jim umo\u017e\u0148uje podrobn\u011bji zkoumat \u00fa\u010dinky stimulant\u016f na centr\u00e1ln\u00ed nervov\u00fd syst\u00e9m. Je proto velmi \u017e\u00e1dan\u00fdm produktem v chemick\u00e9 v\u00fdzkumn\u00e9 komunit\u011b.<\/p>\n<h2>V\u011bda za 4-MEC Hyper<\/h2>\n<p>Chemick\u00e1 struktura 4-MEC Hyper se vyzna\u010duje methylovou skupinou na benzenov\u00e9m kruhu a ethylovou skupinou na aminov\u00e9 funkci, co\u017e jej odli\u0161uje od jin\u00fdch katinon\u016f. Toto specifick\u00e9 uspo\u0159\u00e1d\u00e1n\u00ed n\u00e1sledn\u011b ovliv\u0148uje interakci s neurotransmiterov\u00fdmi syst\u00e9my v mozku, zejm\u00e9na s dopaminem a noradrenalinem. D\u00e1le se p\u0159edpokl\u00e1d\u00e1, \u017ee inhibuje zp\u011btn\u00e9 vychyt\u00e1v\u00e1n\u00ed t\u011bchto neurotransmiter\u016f, co\u017e vede ke zv\u00fd\u0161en\u00e9 koncentraci v synaptick\u00e9 \u0161t\u011brbin\u011b.<\/p>\n<p>Ve v\u00fdzkumu je \u010distota l\u00e1tky pova\u017eov\u00e1na za rozhoduj\u00edc\u00ed. Proto je n\u00e1\u0161 <b>4-MEC Hyper<\/b> jako <b>Laboratorn\u00ed t\u0159\u00edda na prodej<\/b> k dispozici, aby byly zaji\u0161t\u011bny p\u0159esn\u00e9 a spolehliv\u00e9 experiment\u00e1ln\u00ed \u00fadaje. Krom\u011b toho umo\u017e\u0148uj\u00ed p\u0159esn\u00e9 anal\u00fdzy chemick\u00fdch vlastnost\u00ed a metabolit\u016f hlub\u0161\u00ed pochopen\u00ed \u00fa\u010dinku a potenci\u00e1ln\u00edch pou\u017eit\u00ed t\u00e9to l\u00e1tky. To je zvl\u00e1\u0161t\u011b d\u016fle\u017eit\u00e9 pro studie zab\u00fdvaj\u00edc\u00ed se v\u00fdvojem nov\u00fdch terapeutick\u00fdch p\u0159\u00edstup\u016f.<\/p>\n<h2>Oblasti pou\u017eit\u00ed a v\u00fdzkumn\u00fd potenci\u00e1l<\/h2>\n<p>Prim\u00e1rn\u00ed oblasti pou\u017eit\u00ed 4-MEC Hyper jsou v\u011bdeck\u00fd v\u00fdzkum a anal\u00fdza. Nap\u0159\u00edklad se \u010dasto pou\u017e\u00edv\u00e1 v in vitro a in vivo studi\u00edch k v\u00fdzkumu \u00fa\u010dink\u016f stimulant\u016f na neuronov\u00e9 s\u00edt\u011b, chov\u00e1n\u00ed a fyziologii. D\u00e1le slou\u017e\u00ed jako referen\u010dn\u00ed standard pro forenzn\u00ed anal\u00fdzy a pro v\u00fdvoj nov\u00fdch detek\u010dn\u00edch metod pro syntetick\u00e9 katinony.<\/p>\n<p>D\u00e1le obsahuje <b>4-MEC Hyper<\/b> zna\u010dn\u00fd potenci\u00e1l pro v\u00fdzkum neurologie a psychofarmakologie. V\u011bdci jej vyu\u017e\u00edvaj\u00ed k rozlu\u0161t\u011bn\u00ed mechanism\u016f neurotransmise a zkoum\u00e1n\u00ed mo\u017en\u00fdch souvislost\u00ed s poruchami n\u00e1lady, probl\u00e9my s koncentrac\u00ed a dal\u0161\u00edmi neurologick\u00fdmi stavy. Dostupnost <b>nejlep\u0161\u00ed 4-MEC Hyper k dispozici<\/b> v\u00fdznamn\u011b p\u0159isp\u00edv\u00e1 k pokroku v t\u011bchto oblastech.<\/p>\n<h2>Pro\u010d koupit 4-MEC Hyper online?<\/h2>\n<p>Online n\u00e1kup 4-MEC Hyper nab\u00edz\u00ed \u0159adu v\u00fdhod, zejm\u00e9na pro v\u00fdzkumn\u00e9 pracovn\u00edky a laborato\u0159e. Za prv\u00e9, m\u016f\u017eete t\u011b\u017eit z pohodln\u00e9ho n\u00e1kupu, proto\u017ee m\u016f\u017eete kdykoli a odkudkoli <b>Objednejte si 4-MEC Hyper online<\/b> . To \u0161et\u0159\u00ed drahocenn\u00fd \u010das a zdroje, kter\u00e9 by jinak musely b\u00fdt vynalo\u017eeny na vyhled\u00e1v\u00e1n\u00ed m\u00edstn\u00edch dodavatel\u016f.<\/p>\n<ul>\n<li><b>Pohodl\u00ed a dostupnost:<\/b> Pot\u0159ebn\u00e9 chemik\u00e1lie si m\u016f\u017eete diskr\u00e9tn\u011b a efektivn\u011b objednat z domova nebo z laborato\u0159e.<\/li>\n<li><b>Konkurenceschopn\u00e9 ceny:<\/b> Nab\u00edz\u00edme <b>4-MEC Hyper<\/b> za atraktivn\u00edch podm\u00ednek, co\u017e z n\u011bj \u010din\u00ed n\u00e1kladov\u011b efektivn\u00ed volbu pro v\u00e1\u0161 v\u00fdzkum.<\/li>\n<li><b>\u0160irok\u00e1 dostupnost:<\/b> Obzvl\u00e1\u0161t\u011b v\u00fdhodn\u00e9, pokud je 4-MEC Hyper obt\u00ed\u017en\u00e9 sehnat v m\u00edstn\u00edch obchodech nebo jsou vy\u017eadov\u00e1ny specifick\u00e9 stupn\u011b \u010distoty.<\/li>\n<li><b>Spolehliv\u00e1 kvalita:<\/b> Seri\u00f3zn\u00ed online prodejce, jako je Chemgramx, zaru\u010duje <a href=\"https:\/\/chemgramx.com\/product\/afghani-kush-17-25-thc\/\">Autenti\u010dnost a \u010distota produkt\u016f<\/a>, co\u017e je pro v\u00fdsledky v\u00fdzkumu nezbytn\u00e9.<\/li>\n<\/ul>\n<p>Stru\u010dn\u011b \u0159e\u010deno, online n\u00e1kup u d\u016fv\u011bryhodn\u00e9ho partnera v\u00e1m zajist\u00ed p\u0159\u00edstup k <b>Vysok\u00e1 \u010distota na prodej<\/b> stoj\u00edc\u00ed produkty s maxim\u00e1ln\u00ed \u00fa\u010dinnost\u00ed.<\/p>\n<h2>Pr\u00e1vn\u00ed r\u00e1mec a bezpe\u010dnostn\u00ed aspekty<\/h2>\n<p>P\u0159edt\u00edm, ne\u017e <b>Objednejte si 4-MEC Hyper online<\/b>, je nanejv\u00fd\u0161 d\u016fle\u017eit\u00e9 pe\u010dliv\u011b zkontrolovat pr\u00e1vn\u00ed situaci ve va\u0161\u00ed zemi nebo regionu. Legislativa t\u00fdkaj\u00edc\u00ed se syntetick\u00fdch katinon\u016f se v jednotliv\u00fdch jurisdikc\u00edch zna\u010dn\u011b li\u0161\u00ed. Proto db\u00e1me na to, aby na\u0161e nab\u00eddka byla v souladu s platn\u00fdmi p\u0159edpisy v m\u00edstech, kde p\u016fsob\u00edme.<\/p>\n<p>N\u00e1kup u renomovan\u00fdch a certifikovan\u00fdch prodejc\u016f, jako je Chemgramx, v\u00e1m zaru\u010d\u00ed, \u017ee n\u00e1kupn\u00ed proces prob\u011bhne leg\u00e1ln\u011b. Vyhn\u011bte se pochybn\u00fdm prodejc\u016fm, abyste p\u0159ede\u0161li mo\u017en\u00fdm pr\u00e1vn\u00edm d\u016fsledk\u016fm nebo n\u00e1kupu nekvalitn\u00edch produkt\u016f. P\u0159ed n\u00e1kupem v\u017edy zkontrolujte kvalifikaci prodejce a m\u00edstn\u00ed z\u00e1kony. <a href=\"https:\/\/chemgramx.com\/product\/tilidin-liquid-10ml-online-bestellung\/\">N\u00e1kup chemik\u00e1li\u00ed pro v\u00fdzkum online<\/a>. Odpov\u011bdn\u00e9 zach\u00e1zen\u00ed za\u010d\u00edn\u00e1 informovan\u00fdm rozhodnut\u00edm.<\/p>\n<h2>Jak bezpe\u010dn\u011b objednat 4-MEC Hyper online<\/h2>\n<p>Bezpe\u010dnost p\u0159i online n\u00e1kupu chemik\u00e1li\u00ed pro v\u00fdzkum m\u00e1 nejvy\u0161\u0161\u00ed prioritu. Nejprve byste m\u011bli v\u017edy vyb\u00edrat seri\u00f3zn\u00ed dodavatele, kte\u0159\u00ed se vyzna\u010duj\u00ed pozitivn\u00edmi recenzemi, transparentn\u00edmi laboratorn\u00edmi anal\u00fdzami a bezpe\u010dn\u00fdmi protokoly webov\u00fdch str\u00e1nek. Proto je vhodn\u00e9 si o dodavateli zjistit co nejv\u00edce informac\u00ed.<\/p>\n<ul>\n<li><b>Vyberte si seri\u00f3zn\u00ed poskytovatele:<\/b> Dbejte na transparentn\u00ed informace o \u010distot\u011b produkt\u016f, bezpe\u010dnostn\u00edch listech (SDS) a z\u00e1kaznick\u00e9m servisu. Pouze tak lze <b>Autentick\u00fd 4-MEC Hyper<\/b> zaru\u010dit.<\/li>\n<li><b>Rozpoznat varovn\u00e9 sign\u00e1ly:<\/b> Bu\u010fte opatrn\u00ed p\u0159i neobvykle n\u00edzk\u00fdch cen\u00e1ch, chyb\u011bj\u00edc\u00edch kontaktn\u00edch \u00fadaj\u00edch nebo chyb\u011bj\u00edc\u00edch dokladech o \u010distot\u011b. Takov\u00e9 zn\u00e1mky \u010dasto poukazuj\u00ed na nekvalitn\u00ed nebo ned\u016fv\u011bryhodn\u00e9 zdroje.<\/li>\n<li><b>Vyu\u017e\u00edv\u00e1n\u00ed bezpe\u010dn\u00fdch platebn\u00edch mo\u017enost\u00ed:<\/b> V\u017edy pou\u017e\u00edvejte platebn\u00ed metody, kter\u00e9 nab\u00edzej\u00ed ochranu kupuj\u00edc\u00edmu. T\u00edm se minimalizuje riziko p\u0159i ka\u017ed\u00e9 transakci. <b>bezpe\u010dn\u00fd n\u00e1kup<\/b>.<\/li>\n<\/ul>\n<p>Stejn\u011b d\u016fle\u017eit\u00e9 je, abyste obdr\u017eeli informace o bezpe\u010dn\u00e9m zach\u00e1zen\u00ed a skladov\u00e1n\u00ed produktu. Ve spole\u010dnosti Chemgramx je ka\u017ed\u00e1 objedn\u00e1vka zpracov\u00e1na s maxim\u00e1ln\u00ed p\u00e9\u010d\u00ed a diskr\u00e9tnost\u00ed, aby byla zaji\u0161t\u011bna integrita produkt\u016f a\u017e do va\u0161eho v\u00fdzkumn\u00e9ho pracovi\u0161t\u011b.<\/p>\n<h2>Etick\u00e9 pou\u017e\u00edv\u00e1n\u00ed a odpov\u011bdn\u00e9 uplat\u0148ov\u00e1n\u00ed<\/h2>\n<p>A\u010dkoli 4-MEC nab\u00edz\u00ed pro v\u00fdzkum velmi zaj\u00edmav\u00e9 stimula\u010dn\u00ed \u00fa\u010dinky, m\u011blo by b\u00fdt v\u017edy pou\u017e\u00edv\u00e1no s nejvy\u0161\u0161\u00ed odpov\u011bdnost\u00ed a v souladu s etick\u00fdmi z\u00e1sadami. Zneu\u017eit\u00ed nebo nespr\u00e1vn\u00e9 zach\u00e1zen\u00ed m\u016f\u017ee p\u0159edstavovat zna\u010dn\u00e1 zdravotn\u00ed rizika a zkreslit v\u011bdeck\u00e9 studie. Proto je nezbytn\u00e9 dodr\u017eovat laboratorn\u00ed pokyny a bezpe\u010dnostn\u00ed p\u0159edpisy.<\/p>\n<p>Podporujte v\u00fdhradn\u011b etick\u00e9 dodavatele, kte\u0159\u00ed se zav\u00e1zali k \u010distot\u011b a bezpe\u010dnosti sv\u00fdch produkt\u016f. To nejen pom\u00e1h\u00e1 udr\u017eovat trh s chemik\u00e1liemi pro v\u00fdzkum bezpe\u010dn\u00e9, ale tak\u00e9 podporuje odpov\u011bdn\u00e9 v\u011bdeck\u00e9 postupy. V p\u0159\u00edpad\u011b nejistoty ohledn\u011b manipulace nebo pou\u017eit\u00ed <b>4-MEC Hyper<\/b> V\u017edy se pora\u010fte s odborn\u00edky a kladte velk\u00fd d\u016fraz na sv\u00e9 zdrav\u00ed a bezpe\u010dnost. Odpov\u011bdn\u00fd v\u00fdzkum je toti\u017e z\u00e1kladem spolehliv\u00fdch poznatk\u016f.<\/p>\n<h2>Va\u0161e volba pro 4-MEC Hyper: Chemgramx jako d\u016fv\u011bryhodn\u00fd zdroj<\/h2>\n<p>Na\u0161e platforma je preferovanou volbou, pokud <b>Koupit 4-MEC Hyper<\/b> a to z dobr\u00fdch d\u016fvod\u016f. Klademe velk\u00fd d\u016fraz na kvalitu produkt\u016f, spokojenost z\u00e1kazn\u00edk\u016f a bezprobl\u00e9mov\u00fd n\u00e1kupn\u00ed z\u00e1\u017eitek. T\u00edm zaji\u0161\u0165ujeme, \u017ee z\u00edsk\u00e1te ty nejlep\u0161\u00ed podm\u00ednky pro sv\u016fj v\u00fdzkum.<\/p>\n<ul>\n<li><b>Zaru\u010den\u00e1 autenticita:<\/b> Zaru\u010dujeme vysoce \u010dist\u00e9, testovan\u00e9 produkty, kter\u00e9 m\u016f\u017eete bezpe\u010dn\u011b pou\u017e\u00edvat. <a href=\"https:\/\/chemgramx.com\/product\/4-mec-hyper\/\">Koupit 4-MEC Hyper online<\/a> . Ka\u017ed\u00e1 \u0161ar\u017ee je pe\u010dliv\u011b kontrolov\u00e1na, aby spl\u0148ovala na\u0161e vysok\u00e9 standardy.<\/li>\n<li><b>Atraktivn\u00ed ceny:<\/b> Vyu\u017eijte v\u00fdhod konkurenceschopn\u00fdch <b>Ceny 4-MEC Hyper<\/b>, kter\u00e9 zaru\u010duj\u00ed dostupn\u00fd a kvalitn\u00ed v\u00fdb\u011br. V\u011b\u0159\u00edme, \u017ee kvalita by nem\u011bla b\u00fdt nedosa\u017eiteln\u00e1.<\/li>\n<li><b>Kompetentn\u00ed z\u00e1kaznick\u00e1 podpora:<\/b> N\u00e1\u0161 oddan\u00fd t\u00fdm nab\u00edz\u00ed rychlou a kompetentn\u00ed podporu pro v\u0161echny dotazy. Jsme tu pro v\u00e1s, od v\u00fdb\u011bru produktu a\u017e po n\u00e1slednou p\u00e9\u010di.<\/li>\n<li><b>Bezpe\u010dn\u00e9 zpracov\u00e1n\u00ed:<\/b> Ka\u017ed\u00e1 transakce a zpracov\u00e1n\u00ed va\u0161\u00ed objedn\u00e1vky jsou prov\u00e1d\u011bny s maxim\u00e1ln\u00ed diskr\u00e9tnost\u00ed a p\u00e9\u010d\u00ed, aby byla chr\u00e1n\u011bna va\u0161e soukrom\u00ed a zaji\u0161t\u011bna integrita produktu.<\/li>\n<\/ul>\n<p>Vyberte Chemgramx, abyste <b>4-MEC Hyper<\/b> jako <b>Nejlep\u0161\u00ed 4-MEC Hyper k dispozici<\/b> a za\u017eijte rozd\u00edl, kter\u00fd m\u016f\u017ee znamenat anga\u017eovan\u00fd a na kvalitu zam\u011b\u0159en\u00fd dodavatel.<\/p>\n<h2>Z\u00e1v\u011br<\/h2>\n<p>Pokud se rozhodnete, <b>Koupit 4-MEC Hyper online<\/b> je velmi d\u016fle\u017eit\u00e9 vybrat zdroj, kter\u00fd up\u0159ednost\u0148uje kvalitu, leg\u00e1lnost a bezpe\u010dnost. V\u017edy dodr\u017eujte pr\u00e1vn\u00ed p\u0159edpisy sv\u00e9 zem\u011b a produkt pou\u017e\u00edvejte zodpov\u011bdn\u011b v r\u00e1mci sv\u00fdch v\u00fdzkumn\u00fdch \u00fa\u010del\u016f. Pro v\u0161echny, kte\u0159\u00ed <b>4-MEC Hyper na prodej<\/b> Chemgramx nab\u00edz\u00ed spolehlivou, bezpe\u010dnou a vysoce kvalitn\u00ed platformu.<\/p>\n<p>Za\u010dn\u011bte je\u0161t\u011b dnes <b>bezpe\u010dn\u00fd n\u00e1kup<\/b> z <b>4-MEC Hyper online<\/b> a vyu\u017eijte prov\u011b\u0159en\u00e9 kvality a maxim\u00e1ln\u00ed bezpe\u010dnosti pro va\u0161e v\u00fdzkumn\u00e9 nebo laboratorn\u00ed aplikace. U Chemgramx nez\u00edsk\u00e1te pouze produkt, ale tak\u00e9 partnera pro va\u0161e v\u011bdeck\u00e9 projekty. <b>Zajist\u011bte si nyn\u00ed online<\/b> Z\u00edskejte p\u0159\u00edstup k vynikaj\u00edc\u00edm chemik\u00e1li\u00edm pro v\u00fdzkum.<\/p>","protected":false},"excerpt":{"rendered":"<p><strong>4-MEC<\/strong>, nebo 4-methyl-N-ethylkatinon je syntetick\u00fd deriv\u00e1t katinonu, kter\u00fd pat\u0159\u00ed do skupiny syntetick\u00fdch katinon\u016f. Tyto l\u00e1tky jsou chemicky p\u0159\u00edbuzn\u00e9 slou\u010deniny cath a \u010dasto se ozna\u010duj\u00ed jako \u201ekoupelov\u00e9 soli\u201c. 4-MEC je zn\u00e1m\u00fd sv\u00fdmi stimula\u010dn\u00edmi a euforizuj\u00edc\u00edmi \u00fa\u010dinky.<\/p>","protected":false},"featured_media":7028,"comment_status":"open","ping_status":"closed","template":"","meta":{"_joinchat":[]},"product_brand":[],"product_cat":[49],"product_tag":[1603,1602,1585,1596,1592,1588,1586,1581,1578,1593,1599,1604,1595,1598,1600,1582,1597,1580,1587,1579,1601,1583,1584,1594,1589,1591,1590],"class_list":{"0":"post-6988","1":"product","2":"type-product","3":"status-publish","4":"has-post-thumbnail","6":"product_cat-cathinones","7":"product_tag-4-mec-chemikalie","8":"product_tag-4-mec-forschung","9":"product_tag-4-mec-forschung-chemikalie","10":"product_tag-4-mec-hyper-bestellen","11":"product_tag-4-mec-hyper-bulk-bestellung","12":"product_tag-4-mec-hyper-experimente","13":"product_tag-4-mec-hyper-fur-neurowissenschaftliche-studien","14":"product_tag-4-mec-hyper-groshandel","15":"product_tag-4-mec-hyper-kaufen","16":"product_tag-4-mec-hyper-marktanalyse","17":"product_tag-4-mec-hyper-sicher","18":"product_tag-4-mec-hyper-versand","19":"product_tag-4-mec-kaufen","20":"product_tag-4-mec-labor","21":"product_tag-4-mec-legal","22":"product_tag-4-mec-lieferant","23":"product_tag-4-mec-online","24":"product_tag-4-mec-online-bestellen","25":"product_tag-4-mec-pharmazeutische-forschung","26":"product_tag-4-methylethcathinon-bestellen","27":"product_tag-4mec-gunstig","28":"product_tag-forschung-chemikalien-4-mec-hyper","29":"product_tag-hochwertige-4-mec-hyper-kaufen","30":"product_tag-innovative-4-mec-hyper-forschung","31":"product_tag-laborqualitat-4-mec-hyper","32":"product_tag-legaler-4-mec-hyper-anbieter","33":"product_tag-sicherer-4-mec-versand","35":"first","36":"instock","37":"shipping-taxable","38":"purchasable","39":"product-type-variable"},"yoast_head":"<!-- This site is optimized with the Yoast SEO plugin v27.5 - https:\/\/yoast.com\/product\/yoast-seo-wordpress\/ -->\n<title>4-MEC Hyper online kaufen \u2013 4-MEC Hyper zu verkaufen<\/title>\n<meta name=\"description\" content=\"Wenn Sie 4-Mec Hyper online kaufen m\u00f6chten, ist ein Besuch in unserem Chemgramx-Onlineshop die beste Option. Wir haben 4-Mec Hyper zu verkaufen. Bestellen Sie jetzt!\" \/>\n<meta name=\"robots\" content=\"index, follow, max-snippet:-1, max-image-preview:large, max-video-preview:-1\" \/>\n<link rel=\"canonical\" href=\"https:\/\/chemgramx.com\/cs\/produkt-1\/koupit-4-mec-hyper-online\/\" \/>\n<meta property=\"og:locale\" content=\"cs_CZ\" \/>\n<meta property=\"og:type\" content=\"article\" \/>\n<meta property=\"og:title\" content=\"4-MEC Hyper online kaufen \u2013 4-MEC Hyper zu verkaufen\" \/>\n<meta property=\"og:description\" content=\"Wenn Sie 4-Mec Hyper online kaufen m\u00f6chten, ist ein Besuch in unserem Chemgramx-Onlineshop die beste Option. Wir haben 4-Mec Hyper zu verkaufen. Bestellen Sie jetzt!\" \/>\n<meta property=\"og:url\" content=\"https:\/\/chemgramx.com\/cs\/produkt-1\/koupit-4-mec-hyper-online\/\" \/>\n<meta property=\"og:site_name\" content=\"Chemgramx\" \/>\n<meta property=\"article:modified_time\" content=\"2025-12-10T07:06:36+00:00\" \/>\n<meta property=\"og:image\" content=\"https:\/\/chemgramx.com\/wp-content\/uploads\/2025\/11\/4-MEC-Hyper.jpg\" \/>\n\t<meta property=\"og:image:width\" content=\"250\" \/>\n\t<meta property=\"og:image:height\" content=\"250\" \/>\n\t<meta property=\"og:image:type\" content=\"image\/jpeg\" \/>\n<meta name=\"twitter:card\" content=\"summary_large_image\" \/>\n<meta name=\"twitter:label1\" content=\"Odhadovan\u00e1 doba \u010dten\u00ed\" \/>\n\t<meta name=\"twitter:data1\" content=\"3 minuty\" \/>\n<script type=\"application\/ld+json\" class=\"yoast-schema-graph\">{\"@context\":\"https:\\\/\\\/schema.org\",\"@graph\":[{\"@type\":\"WebPage\",\"@id\":\"https:\\\/\\\/chemgramx.com\\\/product\\\/4-mec-hyper-online-kaufen\\\/\",\"url\":\"https:\\\/\\\/chemgramx.com\\\/product\\\/4-mec-hyper-online-kaufen\\\/\",\"name\":\"4-MEC Hyper online kaufen \u2013 4-MEC Hyper zu verkaufen\",\"isPartOf\":{\"@id\":\"https:\\\/\\\/chemgramx.com\\\/#website\"},\"primaryImageOfPage\":{\"@id\":\"https:\\\/\\\/chemgramx.com\\\/product\\\/4-mec-hyper-online-kaufen\\\/#primaryimage\"},\"image\":{\"@id\":\"https:\\\/\\\/chemgramx.com\\\/product\\\/4-mec-hyper-online-kaufen\\\/#primaryimage\"},\"thumbnailUrl\":\"https:\\\/\\\/chemgramx.com\\\/wp-content\\\/uploads\\\/2025\\\/11\\\/4-MEC-Hyper.jpg\",\"datePublished\":\"2025-11-21T11:11:10+00:00\",\"dateModified\":\"2025-12-10T07:06:36+00:00\",\"description\":\"Wenn Sie 4-Mec Hyper online kaufen m\u00f6chten, ist ein Besuch in unserem Chemgramx-Onlineshop die beste Option. Wir haben 4-Mec Hyper zu verkaufen. Bestellen Sie jetzt!\",\"breadcrumb\":{\"@id\":\"https:\\\/\\\/chemgramx.com\\\/product\\\/4-mec-hyper-online-kaufen\\\/#breadcrumb\"},\"inLanguage\":\"cs\",\"potentialAction\":[{\"@type\":\"ReadAction\",\"target\":[\"https:\\\/\\\/chemgramx.com\\\/product\\\/4-mec-hyper-online-kaufen\\\/\"]}]},{\"@type\":\"ImageObject\",\"inLanguage\":\"cs\",\"@id\":\"https:\\\/\\\/chemgramx.com\\\/product\\\/4-mec-hyper-online-kaufen\\\/#primaryimage\",\"url\":\"https:\\\/\\\/chemgramx.com\\\/wp-content\\\/uploads\\\/2025\\\/11\\\/4-MEC-Hyper.jpg\",\"contentUrl\":\"https:\\\/\\\/chemgramx.com\\\/wp-content\\\/uploads\\\/2025\\\/11\\\/4-MEC-Hyper.jpg\",\"width\":250,\"height\":250},{\"@type\":\"BreadcrumbList\",\"@id\":\"https:\\\/\\\/chemgramx.com\\\/product\\\/4-mec-hyper-online-kaufen\\\/#breadcrumb\",\"itemListElement\":[{\"@type\":\"ListItem\",\"position\":1,\"name\":\"Home\",\"item\":\"https:\\\/\\\/chemgramx.com\\\/\"},{\"@type\":\"ListItem\",\"position\":2,\"name\":\"Shop\",\"item\":\"https:\\\/\\\/chemgramx.com\\\/shop\\\/\"},{\"@type\":\"ListItem\",\"position\":3,\"name\":\"4-MEC Hyper erwerben \u2013 Hohe Reinheit &amp; Forschung\"}]},{\"@type\":\"WebSite\",\"@id\":\"https:\\\/\\\/chemgramx.com\\\/#website\",\"url\":\"https:\\\/\\\/chemgramx.com\\\/\",\"name\":\"Chemgramx\",\"description\":\"\",\"publisher\":{\"@id\":\"https:\\\/\\\/chemgramx.com\\\/#organization\"},\"potentialAction\":[{\"@type\":\"SearchAction\",\"target\":{\"@type\":\"EntryPoint\",\"urlTemplate\":\"https:\\\/\\\/chemgramx.com\\\/?s={search_term_string}\"},\"query-input\":{\"@type\":\"PropertyValueSpecification\",\"valueRequired\":true,\"valueName\":\"search_term_string\"}}],\"inLanguage\":\"cs\"},{\"@type\":\"Organization\",\"@id\":\"https:\\\/\\\/chemgramx.com\\\/#organization\",\"name\":\"Chemgramx\",\"url\":\"https:\\\/\\\/chemgramx.com\\\/\",\"logo\":{\"@type\":\"ImageObject\",\"inLanguage\":\"cs\",\"@id\":\"https:\\\/\\\/chemgramx.com\\\/#\\\/schema\\\/logo\\\/image\\\/\",\"url\":\"https:\\\/\\\/chemgramx.com\\\/wp-content\\\/uploads\\\/2024\\\/10\\\/final-logo.png\",\"contentUrl\":\"https:\\\/\\\/chemgramx.com\\\/wp-content\\\/uploads\\\/2024\\\/10\\\/final-logo.png\",\"width\":250,\"height\":48,\"caption\":\"Chemgramx\"},\"image\":{\"@id\":\"https:\\\/\\\/chemgramx.com\\\/#\\\/schema\\\/logo\\\/image\\\/\"}}]}<\/script>\n<!-- \/ Yoast SEO plugin. -->","yoast_head_json":{"title":"Kup 4-MEC Hyper online \u2013 4-MEC Hyper na sprzeda\u017c","description":"Je\u015bli chcesz kupi\u0107 4-Mec Hyper online, wizyta w naszym sklepie internetowym Chemgramx to najlepsza opcja. Mamy 4-Mec Hyper w sprzeda\u017cy. Zam\u00f3w ju\u017c teraz!","robots":{"index":"index","follow":"follow","max-snippet":"max-snippet:-1","max-image-preview":"max-image-preview:large","max-video-preview":"max-video-preview:-1"},"canonical":"https:\/\/chemgramx.com\/cs\/produkt-1\/koupit-4-mec-hyper-online\/","og_locale":"cs_CZ","og_type":"article","og_title":"4-MEC Hyper online kaufen \u2013 4-MEC Hyper zu verkaufen","og_description":"Wenn Sie 4-Mec Hyper online kaufen m\u00f6chten, ist ein Besuch in unserem Chemgramx-Onlineshop die beste Option. Wir haben 4-Mec Hyper zu verkaufen. Bestellen Sie jetzt!","og_url":"https:\/\/chemgramx.com\/cs\/produkt-1\/koupit-4-mec-hyper-online\/","og_site_name":"Chemgramx","article_modified_time":"2025-12-10T07:06:36+00:00","og_image":[{"width":250,"height":250,"url":"https:\/\/chemgramx.com\/wp-content\/uploads\/2025\/11\/4-MEC-Hyper.jpg","type":"image\/jpeg"}],"twitter_card":"summary_large_image","twitter_misc":{"Odhadovan\u00e1 doba \u010dten\u00ed":"3 minuty"},"schema":{"@context":"https:\/\/schema.org","@graph":[{"@type":"WebPage","@id":"https:\/\/chemgramx.com\/product\/4-mec-hyper-online-kaufen\/","url":"https:\/\/chemgramx.com\/product\/4-mec-hyper-online-kaufen\/","name":"Kup 4-MEC Hyper online \u2013 4-MEC Hyper na sprzeda\u017c","isPartOf":{"@id":"https:\/\/chemgramx.com\/#website"},"primaryImageOfPage":{"@id":"https:\/\/chemgramx.com\/product\/4-mec-hyper-online-kaufen\/#primaryimage"},"image":{"@id":"https:\/\/chemgramx.com\/product\/4-mec-hyper-online-kaufen\/#primaryimage"},"thumbnailUrl":"https:\/\/chemgramx.com\/wp-content\/uploads\/2025\/11\/4-MEC-Hyper.jpg","datePublished":"2025-11-21T11:11:10+00:00","dateModified":"2025-12-10T07:06:36+00:00","description":"Je\u015bli chcesz kupi\u0107 4-Mec Hyper online, wizyta w naszym sklepie internetowym Chemgramx to najlepsza opcja. Mamy 4-Mec Hyper w sprzeda\u017cy. Zam\u00f3w ju\u017c teraz!","breadcrumb":{"@id":"https:\/\/chemgramx.com\/product\/4-mec-hyper-online-kaufen\/#breadcrumb"},"inLanguage":"cs","potentialAction":[{"@type":"ReadAction","target":["https:\/\/chemgramx.com\/product\/4-mec-hyper-online-kaufen\/"]}]},{"@type":"ImageObject","inLanguage":"cs","@id":"https:\/\/chemgramx.com\/product\/4-mec-hyper-online-kaufen\/#primaryimage","url":"https:\/\/chemgramx.com\/wp-content\/uploads\/2025\/11\/4-MEC-Hyper.jpg","contentUrl":"https:\/\/chemgramx.com\/wp-content\/uploads\/2025\/11\/4-MEC-Hyper.jpg","width":250,"height":250},{"@type":"BreadcrumbList","@id":"https:\/\/chemgramx.com\/product\/4-mec-hyper-online-kaufen\/#breadcrumb","itemListElement":[{"@type":"ListItem","position":1,"name":"Home","item":"https:\/\/chemgramx.com\/"},{"@type":"ListItem","position":2,"name":"Shop","item":"https:\/\/chemgramx.com\/shop\/"},{"@type":"ListItem","position":3,"name":"4-MEC Hyper erwerben \u2013 Hohe Reinheit &amp; Forschung"}]},{"@type":"WebSite","@id":"https:\/\/chemgramx.com\/#website","url":"https:\/\/chemgramx.com\/","name":"Chemgramx","description":"","publisher":{"@id":"https:\/\/chemgramx.com\/#organization"},"potentialAction":[{"@type":"SearchAction","target":{"@type":"EntryPoint","urlTemplate":"https:\/\/chemgramx.com\/?s={search_term_string}"},"query-input":{"@type":"PropertyValueSpecification","valueRequired":true,"valueName":"search_term_string"}}],"inLanguage":"cs"},{"@type":"Organization","@id":"https:\/\/chemgramx.com\/#organization","name":"Chemgramx","url":"https:\/\/chemgramx.com\/","logo":{"@type":"ImageObject","inLanguage":"cs","@id":"https:\/\/chemgramx.com\/#\/schema\/logo\/image\/","url":"https:\/\/chemgramx.com\/wp-content\/uploads\/2024\/10\/final-logo.png","contentUrl":"https:\/\/chemgramx.com\/wp-content\/uploads\/2024\/10\/final-logo.png","width":250,"height":48,"caption":"Chemgramx"},"image":{"@id":"https:\/\/chemgramx.com\/#\/schema\/logo\/image\/"}}]}},"_links":{"self":[{"href":"https:\/\/chemgramx.com\/cs\/wp-json\/wp\/v2\/product\/6988","targetHints":{"allow":["GET"]}}],"collection":[{"href":"https:\/\/chemgramx.com\/cs\/wp-json\/wp\/v2\/product"}],"about":[{"href":"https:\/\/chemgramx.com\/cs\/wp-json\/wp\/v2\/types\/product"}],"replies":[{"embeddable":true,"href":"https:\/\/chemgramx.com\/cs\/wp-json\/wp\/v2\/comments?post=6988"}],"wp:featuredmedia":[{"embeddable":true,"href":"https:\/\/chemgramx.com\/cs\/wp-json\/wp\/v2\/media\/7028"}],"wp:attachment":[{"href":"https:\/\/chemgramx.com\/cs\/wp-json\/wp\/v2\/media?parent=6988"}],"wp:term":[{"taxonomy":"product_brand","embeddable":true,"href":"https:\/\/chemgramx.com\/cs\/wp-json\/wp\/v2\/product_brand?post=6988"},{"taxonomy":"product_cat","embeddable":true,"href":"https:\/\/chemgramx.com\/cs\/wp-json\/wp\/v2\/product_cat?post=6988"},{"taxonomy":"product_tag","embeddable":true,"href":"https:\/\/chemgramx.com\/cs\/wp-json\/wp\/v2\/product_tag?post=6988"}],"curies":[{"name":"wp","href":"https:\/\/api.w.org\/{rel}","templated":true}]}}