{"id":6999,"date":"2025-11-21T11:11:32","date_gmt":"2025-11-21T11:11:32","guid":{"rendered":"https:\/\/chemgramx.com\/?post_type=product&#038;p=6999"},"modified":"2025-11-21T11:13:07","modified_gmt":"2025-11-21T11:13:07","slug":"2-koupit-a1mp-online","status":"publish","type":"product","link":"https:\/\/chemgramx.com\/cs\/product\/2-a1mp-online-kaufen\/","title":{"rendered":"Koupit 2-A1MP online"},"content":{"rendered":"<p><b>2-A1MP hydrochlorid<\/b> (2-aminomethyl-1-methylpiperidin) je vysoce \u010dist\u00fd produkt, <b>analytick\u00fd referen\u010dn\u00ed standard<\/b> a fascinuj\u00edc\u00ed \u010dlen chemick\u00e9 t\u0159\u00eddy <a href=\"\/product\/2-a1mp-online-kaufen\/\"><b>Analogy piperidinu<\/b><\/a>. D\u00edky sv\u00e9 jedine\u010dn\u00e9 heterocyklick\u00e9 struktu\u0159e, kter\u00e1 obsahuje jak sekund\u00e1rn\u00ed, tak terci\u00e1rn\u00ed atom dus\u00edku, je 2-A1MP kl\u00ed\u010dov\u00fdm \u010dinidlem ve v\u00fdrob\u011b dus\u00edkat\u00fdch l\u00e1tek. <b>chemick\u00fd v\u00fdzkum<\/b>na <b>Toxikologie<\/b> a <b>molekul\u00e1rn\u00ed farmakologie<\/b>. Tato norma je nezbytn\u00e1 pro laborato\u0159e, kter\u00e9 pou\u017e\u00edvaj\u00ed <b>\u010cinnosti receptor\u016f<\/b> a <b>Vztahy mezi strukturou a aktivitou (SAR)<\/b> heterocyklick\u00fdch slou\u010denin obsahuj\u00edc\u00edch dus\u00edk a roz\u0161\u00ed\u0159it sv\u00e9 analytick\u00e9 metody o nov\u00e9 molekuly.<\/p>\n<p>Z\u00edsk\u00e1n\u00ed tohoto <b>Standardy 2-A1MP<\/b> se kon\u00e1 <b>pouze pro v\u011bdeck\u00e9 \u00fa\u010dely<\/b> na adrese <b>Kvalifikovan\u00ed odborn\u00edci<\/b> a <b>Akreditovan\u00e9 v\u00fdzkumn\u00e9 instituce<\/b>. Zaru\u010dujeme <b>analyticky potvrzen\u00e1 \u010distota <span class=\"math-inline\" data-math=\"ge98,%\">98%<\/span><\/b>\u00a0hydrochloridov\u00e9 soli, kter\u00e1 je absolutn\u00edm z\u00e1kladem pro <b>p\u0159esn\u00e9, sledovateln\u00e9 a reprodukovateln\u00e9<\/b> V\u00fdsledky v <b>Chromatografie<\/b> a <b>Spektroskopie<\/b> je vytvo\u0159en. Zaji\u0161t\u011bn\u00ed t\u00e9to \u010distoty m\u00e1 z\u00e1sadn\u00ed v\u00fdznam pro zamezen\u00ed fale\u0161n\u011b pozitivn\u00edch nebo fale\u0161n\u011b negativn\u00edch v\u00fdsledk\u016f p\u0159i forenzn\u00ed anal\u00fdze. Pro laborato\u0159e, kter\u00e9 pou\u017e\u00edvaj\u00ed <b>2-A1MP Referen\u010dn\u00ed standard<\/b>, <b>Piperidinov\u00fd kontroln\u00ed materi\u00e1l<\/b> nebo <b>analytick\u00e1 \u010dinidla<\/b> roz\u0161\u00ed\u0159it svou chemickou knihovnu, nab\u00edz\u00edme nejvy\u0161\u0161\u00ed kvalitu a celosv\u011btov\u00e9 zabezpe\u010den\u00ed shody.<\/p>\n<h2>Chemick\u00e1 a analytick\u00e1 excelence: podrobn\u00e9 specifikace a certifikace<\/h2>\n<p>P\u0159esn\u00e1 chemick\u00e1 charakterizace a metrologie jsou z\u00e1kladem spolehlivosti forenzn\u00edch a analytick\u00fdch metod. 2-A1MP mus\u00ed b\u00fdt pro validaci p\u0159esn\u011b porovn\u00e1ny s certifikovan\u00fdmi standardy.<\/p>\n<h3>Podrobn\u00e1 chemick\u00e1 identita a struktura<\/h3>\n<p>2-A1MP se vyzna\u010duje t\u00edm, \u017ee <b>nasycen\u00fd piperidinov\u00fd kruh<\/b> z. Funk\u010dn\u00ed skupiny - <b>Aminomethylov\u00e1 skupina<\/b> a <b>N-methylov\u00e1 substituce<\/b> - jsou velmi zaj\u00edmav\u00e9 z hlediska mo\u017en\u00fdch interakc\u00ed s biologick\u00fdmi c\u00edli v oblasti <b>molekul\u00e1rn\u00ed modelov\u00e1n\u00ed<\/b> a <b>Studie receptor\u016f<\/b>.<\/p>\n<ul>\n<li><b>Chemick\u00e1 t\u0159\u00edda:<\/b> Analogy piperidinu (heterocyklick\u00e9 aminy).<\/li>\n<li><b>Nomenklatura:<\/b> 2-aminomethyl-1-methylpiperidin (\u010dasto jako hydrochloridov\u00e1 s\u016fl).<\/li>\n<li><b>Molekulov\u00e1 hmotnost:<\/b> Rozhoduj\u00edc\u00ed pro p\u0159\u00edpravu gravimetrick\u00fdch standard\u016f a kalibraci kvadrup\u00f3lov\u00fdch hmotnostn\u00edch spektrometr\u016f.<\/li>\n<li><b>Slo\u017een\u00ed:<\/b> Je k dispozici jako stabiln\u00ed <b>Hydrochloridov\u00e1 s\u016fl<\/b> co <b>Odolnost<\/b> a <b>Rozpustnost<\/b> optimalizov\u00e1ny ve vodn\u00fdch a pol\u00e1rn\u00edch rozpou\u0161t\u011bdlech (metanol, acetonitril) pro analytick\u00e9 testy.<\/li>\n<li><b>Souhrnn\u00fd stav:<\/b> Vysok\u00e1 \u010distota <b>krystalick\u00fd pr\u00e1\u0161ek<\/b>, optimalizovan\u00e9 pro p\u0159esn\u00e9 gravimetrick\u00e9 v\u00e1\u017een\u00ed podle <b>P\u0159edpisy ISO 17025<\/b>.<\/li>\n<\/ul>\n<h3>Zaru\u010den\u00e1 \u010distota a sledovatelnost pro GLP\/ISO<\/h3>\n<p>Zaji\u0161\u0165ujeme \u010distotu <b><span class=\"math-inline\" data-math=\"ge98,%\">98% <\/span><\/b>co\u017e je potvrzeno p\u0159\u00edsn\u00fdm, multianalytick\u00fdm zku\u0161ebn\u00edm postupem, kter\u00fd zaji\u0161\u0165uje shodu s nejvy\u0161\u0161\u00edmi analytick\u00fdmi standardy.<\/p>\n<ol start=\"1\">\n<li><b>Potvrzen\u00ed \u010distoty:<\/b> Kvantifikace se prov\u00e1d\u00ed p\u0159edev\u0161\u00edm pomoc\u00ed <b>HPLC (vysoce \u00fa\u010dinn\u00e1 kapalinov\u00e1 chromatografie)<\/b>. Molekul\u00e1rn\u00ed identita se nav\u00edc ur\u010duje pomoc\u00ed <b>GC\/MS<\/b> a\/nebo <b>LC-MS\/MS<\/b> potvrzeno.<\/li>\n<li><b>Certifik\u00e1t o anal\u00fdze (CoA):<\/b> Podrobn\u00fd <b>CoA<\/b> je p\u0159ilo\u017eena ke ka\u017ed\u00e9 dod\u00e1vce a obsahuje spektr\u00e1ln\u00ed \u00fadaje, stupe\u0148 \u010distoty a \u00fadaje o tom. <b>Sledovatelnost<\/b> d\u00e1vky je zdokumentov\u00e1na. Tento dokument je vy\u017eadov\u00e1n pro <b>Dokumentace v souladu s GLP<\/b> a pr\u00e1vn\u00ed pou\u017eitelnost \u00fadaj\u016f.<\/li>\n<li><b>Konzistence d\u00e1vky:<\/b> Minim\u00e1ln\u00ed <b>Variabilita \u0161ar\u017e\u00ed<\/b> je zaji\u0161t\u011bna p\u0159\u00edsn\u00fdmi kontrolami, co\u017e je d\u016fle\u017eit\u00e9 pro <b>Dlouhodob\u00e9 ov\u011b\u0159ov\u00e1n\u00ed<\/b> metod je z\u00e1sadn\u00ed.<\/li>\n<\/ol>\n<h2>\u00a0Hlavn\u00ed oblasti pou\u017eit\u00ed ve v\u00fdzkumu a analytice<\/h2>\n<p>2-A1MP hydrochlorid je z\u00e1kladn\u00edm \u010dinidlem pro laborato\u0159e, kter\u00e9 se specializuj\u00ed na anal\u00fdzu <b>V\u00fdvoj analytick\u00fdch metod<\/b> a <b>molekul\u00e1rn\u00ed farmakologie<\/b> nov\u00e9 l\u00e1tky.<\/p>\n<h3>Farmakologick\u00e9 a receptorov\u00e9 studie (molekul\u00e1rn\u00ed modelov\u00e1n\u00ed)<\/h3>\n<ul>\n<li><b>Afinita k receptoru:<\/b> Vy\u0161et\u0159ov\u00e1n\u00ed <b>P\u0159\u00edbuznost s p\u0159\u00edlohou<\/b> na r\u016fzn\u00fdch podtypech neuroreceptor\u016f, aby bylo mo\u017en\u00e9 ur\u010dit profil molekul\u00e1rn\u00edch \u00fa\u010dink\u016f a p\u0159edpov\u011bd\u011bt toxicitu.<\/li>\n<li><b>Vztahy mezi strukturou a aktivitou (SAR):<\/b> 2-A1MP slou\u017e\u00ed jako z\u00e1kladn\u00ed struktura pro systematick\u00e9 zkoum\u00e1n\u00ed vlivu substituc\u00ed na piperidinov\u00e9m kruhu na biologickou aktivitu.<\/li>\n<li><b>Molekul\u00e1rn\u00ed modelov\u00e1n\u00ed:<\/b> P\u0159ipojen\u00ed se pou\u017e\u00edv\u00e1 pro <i>in silico<\/i>-studie k modelov\u00e1n\u00ed geometrick\u00e9ho ulo\u017een\u00ed v hypotetick\u00fdch vazebn\u00fdch m\u00edstech receptor\u016f a odvozen\u00ed potenci\u00e1ln\u00edch kandid\u00e1t\u016f na l\u00e9\u010diva.<\/li>\n<\/ul>\n<h3>V\u00fdvoj analytick\u00fdch metod a toxikologie<\/h3>\n<p>Norma je nezbytn\u00e1 pro forenzn\u00ed laborato\u0159e, aby mohly aktualizovat sv\u00e9 datab\u00e1ze a roz\u0161\u00ed\u0159it sv\u00e9 metody.<\/p>\n<ul>\n<li><b>Validace metody:<\/b> Norma se pou\u017e\u00edv\u00e1 pro <b>Ov\u011b\u0159ov\u00e1n\u00ed<\/b> z <span class=\"math-inline\" data-math=\"LC-MS\/MS\">LC-MS\/MS<\/span> a <span class=\"math-inline\" data-math=\"GC-MS\">GC-MS<\/span>\u00a0Metody pro <b>Identifikace<\/b> a <b>Kvantifikace<\/b> nov\u00e9 analogy piperidinu. To zahrnuje stanoven\u00ed <b>Citlivost (LOD\/LOQ)<\/b> a <b>\u00da\u010dinky matrice<\/b>.<\/li>\n<li><b>Odkaz na datab\u00e1zi:<\/b> 2-A1MP slou\u017e\u00ed jako <b>analytick\u00fd referen\u010dn\u00ed bod<\/b> pro vytv\u00e1\u0159en\u00ed a \u00fadr\u017ebu analytick\u00fdch spektr\u00e1ln\u00edch knihoven, kter\u00e9 umo\u017e\u0148uj\u00ed rychlou identifikaci nezn\u00e1m\u00fdch vzork\u016f v kriminalistick\u00fdch p\u0159\u00edpadech.<\/li>\n<li><b>V\u00fdzkum metabolismu:<\/b> Po\u010d\u00e1te\u010dn\u00ed studie o <b>Identifikace metabolit\u016f<\/b> jsou nezbytn\u00e9 k pochopen\u00ed profilu rozkladu l\u00e1tky a k roz\u0161\u00ed\u0159en\u00ed detek\u010dn\u00edho okna v toxikologii.<\/li>\n<\/ul>\n<h2>\u00a0Pr\u00e1vn\u00ed r\u00e1mec a bezpe\u010dnost laborato\u0159\u00ed (glob\u00e1ln\u00ed soulad)<\/h2>\n<p>Z\u00edsk\u00e1n\u00ed a manipulace s t\u00edmto <b>kontrolovan\u00e9 v\u00fdzkumn\u00e9 chemik\u00e1lie<\/b> podl\u00e9haj\u00ed nejp\u0159\u00edsn\u011bj\u0161\u00edm p\u0159edpis\u016fm a jsou vyhrazeny v\u00fdhradn\u011b pro v\u011bdeck\u00fd v\u00fdzkum.<\/p>\n<h3>Dodr\u017eov\u00e1n\u00ed p\u0159edpis\u016f<\/h3>\n<p>Vzhledem k tomu, \u017ee 2-A1MP je nov\u00e1 slou\u010denina, je nutn\u00e9 dodr\u017eovat n\u00e1rodn\u00ed legislativu (nap\u0159. <b>NpSG<\/b> v N\u011bmecku) a mezin\u00e1rodn\u00ed kontroln\u00ed mechanismy (nap\u0159. obdoby syst\u00e9mu <span class=\"math-inline\" data-math=\"CSA\">CSA<\/span>\u00a0v USA) <b>kupuj\u00edc\u00edm<\/b> zaru\u010dit.<\/p>\n<ul>\n<li><b>V\u00fdhradn\u011b v\u00fdzkum:<\/b> Prodej je p\u0159\u00edsn\u011b omezen na <b>Anal\u00fdza a v\u00fdzkum<\/b> na adrese <b>opr\u00e1vn\u011bn\u00e9 v\u011bdeck\u00e9 instituce<\/b> omezen\u00e9.<\/li>\n<li><b>Povinnost kupuj\u00edc\u00edho:<\/b> Kupuj\u00edc\u00ed p\u0159eb\u00edr\u00e1 plnou odpov\u011bdnost za dodr\u017eov\u00e1n\u00ed v\u0161ech <b>m\u00edstn\u00ed a mezin\u00e1rodn\u00ed z\u00e1kony<\/b> t\u00fdkaj\u00edc\u00ed se dovozu, dr\u017een\u00ed a pou\u017e\u00edv\u00e1n\u00ed kontrolovan\u00fdch chemick\u00fdch l\u00e1tek. Str\u00e1nky <b>Povinnost poskytnout d\u016fkazy<\/b> Odpov\u011bdnost za dodr\u017eov\u00e1n\u00ed regula\u010dn\u00edho r\u00e1mce nese p\u0159eb\u00edraj\u00edc\u00ed laborato\u0159.<\/li>\n<\/ul>\n<h3>Bezpe\u010dnostn\u00ed protokoly a skladov\u00e1n\u00ed<\/h3>\n<p>P\u0159\u00edsn\u00e9 dodr\u017eov\u00e1n\u00ed <b>Bezpe\u010dnostn\u00ed list materi\u00e1lu (MSDS)<\/b> je povinn\u00e1.<\/p>\n<ul>\n<li><b>PSA:<\/b> <b>Laboratorn\u00ed pl\u00e1\u0161\u0165, ochrann\u00e9 br\u00fdle<\/b> a odoln\u00e9 v\u016f\u010di chemik\u00e1li\u00edm <b>Rukavice<\/b> jsou povinn\u00e9.<\/li>\n<li><b>Pracovn\u00ed prost\u0159ed\u00ed:<\/b> Manipulace s pr\u00e1\u0161kem mus\u00ed b\u00fdt prov\u00e1d\u011bna za <b>certifikovan\u00e9 syst\u00e9my digesto\u0159\u00ed<\/b> se uskute\u010dn\u00ed.<\/li>\n<li><b>Skladov\u00e1n\u00ed:<\/b> <b>Chladn\u00e9, such\u00e9 a chr\u00e1n\u011bn\u00e9 p\u0159ed sv\u011btlem<\/b> k ulo\u017een\u00ed <b>Analytick\u00e1 stabilita<\/b> aby bylo zaji\u0161t\u011bno, \u017ee . <b>Inventariza\u010dn\u00ed dokumentace<\/b> mus\u00ed b\u00fdt prov\u00e1d\u011bny zcela v souladu s laboratorn\u00edm protokolem (nap\u0159. SOP).<\/li>\n<\/ul>\n<h2>Z\u00edsk\u00e1n\u00ed referen\u010dn\u00edho standardu 2-A1MP - v\u00e1\u0161 partner pro analytickou excelenci<\/h2>\n<p>Nab\u00edz\u00edme hydrochlorid 2-A1MP v analyticky relevantn\u00edch mno\u017estv\u00edch: <b>100 mg (referen\u010dn\u00ed vzorek)<\/b>, <b>500 mg<\/b> a <b>1 g<\/b>.<\/p>\n<p><b>Povinn\u00e9 po\u017eadavky na objedn\u00e1vku:<\/b><\/p>\n<ol start=\"1\">\n<li>D\u016fkaz <b>Autorizace<\/b> v\u00fdzkumn\u00e9 organizace.<\/li>\n<li>P\u00edsemn\u00e9 potvrzen\u00ed, \u017ee l\u00e1tka <b>v\u00fdhradn\u011b pro analytick\u00e9 referen\u010dn\u00ed \u00fa\u010dely<\/b> se pou\u017e\u00edv\u00e1.<\/li>\n<li>Uzn\u00e1n\u00ed <b>Omezen\u00ed odpov\u011bdnosti<\/b> a <b>MSDS<\/b>.<\/li>\n<\/ol>\n<p>Pro bezpe\u010dn\u00e9, z\u00e1konu odpov\u00eddaj\u00edc\u00ed a rychl\u00e9 objedn\u00e1n\u00ed va\u0161ich <b>2-A1MP Referen\u010dn\u00ed standardy<\/b> zaru\u010dit <b>Platnost va\u0161ich analytick\u00fdch metod<\/b>, kontaktujte n\u00e1s pros\u00edm p\u0159\u00edmo.<\/p>","protected":false},"excerpt":{"rendered":"<p><strong>2-A1MP<\/strong> je vysoce \u010dist\u00e1 syntetick\u00e1 slou\u010denina, kter\u00e1 byla speci\u00e1ln\u011b vyvinuta pro n\u00e1ro\u010dn\u00e9 v\u011bdeck\u00e9 v\u00fdzkumy. D\u00edky sv\u00e9 stabiln\u00ed chemick\u00e9 struktu\u0159e je ide\u00e1ln\u00ed pro v\u00fdzkum ve farmaceutick\u00e9m a biochemick\u00e9m pr\u016fmyslu. <strong>2-A1MP<\/strong> je vhodn\u00fd pouze pro laboratorn\u00ed pou\u017eit\u00ed, nikoli pro lidskou spot\u0159ebu.<\/p>","protected":false},"featured_media":7029,"comment_status":"open","ping_status":"closed","template":"","meta":{"_joinchat":[]},"product_brand":[],"product_cat":[49],"product_tag":[2192,2200,2198,2199,2193,2197,2195,2196,2194,2182],"class_list":{"0":"post-6999","1":"product","2":"type-product","3":"status-publish","4":"has-post-thumbnail","6":"product_cat-cathinones","7":"product_tag-2-a1mp","8":"product_tag-2-a1mp-chemikalien","9":"product_tag-2-a1mp-forschung","10":"product_tag-2-a1mp-fur-forschung","11":"product_tag-2-a1mp-kaufen","12":"product_tag-2-a1mp-kristalle","13":"product_tag-2-a1mp-online","14":"product_tag-2-a1mp-pulver","15":"product_tag-2-a1mp-zum-verkauf","16":"product_tag-synthetische-chemikalien","18":"first","19":"instock","20":"shipping-taxable","21":"purchasable","22":"product-type-variable"},"yoast_head":"<!-- This site is optimized with the Yoast SEO plugin v27.5 - https:\/\/yoast.com\/product\/yoast-seo-wordpress\/ -->\n<title>Bestes 2-A1MP zu verkaufen \u2013 2-A1MP online Kaufen<\/title>\n<meta name=\"description\" content=\"Suchen Sie nach einer zuverl\u00e4ssigen Quelle, um 2-A1MP online zu kaufen? Ihre Suche endet hier. Bestellen Sie 2-A1MP online in unserem vertrauensw\u00fcrdigen Shop und genie\u00dfen Sie einen nahtlosen Kaufprozess, der auf Ihre Forschungsanforderungen zugeschnitten ist.\" \/>\n<meta name=\"robots\" content=\"index, follow, max-snippet:-1, max-image-preview:large, max-video-preview:-1\" \/>\n<link rel=\"canonical\" href=\"https:\/\/chemgramx.com\/cs\/produkt-1\/2-koupit-a1mp-online\/\" \/>\n<meta property=\"og:locale\" content=\"cs_CZ\" \/>\n<meta property=\"og:type\" content=\"article\" \/>\n<meta property=\"og:title\" content=\"Bestes 2-A1MP zu verkaufen \u2013 2-A1MP online Kaufen\" \/>\n<meta property=\"og:description\" content=\"Suchen Sie nach einer zuverl\u00e4ssigen Quelle, um 2-A1MP online zu kaufen? Ihre Suche endet hier. Bestellen Sie 2-A1MP online in unserem vertrauensw\u00fcrdigen Shop und genie\u00dfen Sie einen nahtlosen Kaufprozess, der auf Ihre Forschungsanforderungen zugeschnitten ist.\" \/>\n<meta property=\"og:url\" content=\"https:\/\/chemgramx.com\/cs\/produkt-1\/2-koupit-a1mp-online\/\" \/>\n<meta property=\"og:site_name\" content=\"Chemgramx\" \/>\n<meta property=\"article:modified_time\" content=\"2025-11-21T11:13:07+00:00\" \/>\n<meta property=\"og:image\" content=\"https:\/\/chemgramx.com\/wp-content\/uploads\/2025\/11\/2a1mp.png\" \/>\n\t<meta property=\"og:image:width\" content=\"600\" \/>\n\t<meta property=\"og:image:height\" content=\"400\" \/>\n\t<meta property=\"og:image:type\" content=\"image\/png\" \/>\n<meta name=\"twitter:card\" content=\"summary_large_image\" \/>\n<meta name=\"twitter:label1\" content=\"Odhadovan\u00e1 doba \u010dten\u00ed\" \/>\n\t<meta name=\"twitter:data1\" content=\"4 minuty\" \/>\n<script type=\"application\/ld+json\" class=\"yoast-schema-graph\">{\"@context\":\"https:\\\/\\\/schema.org\",\"@graph\":[{\"@type\":\"WebPage\",\"@id\":\"https:\\\/\\\/chemgramx.com\\\/product\\\/2-a1mp-online-kaufen\\\/\",\"url\":\"https:\\\/\\\/chemgramx.com\\\/product\\\/2-a1mp-online-kaufen\\\/\",\"name\":\"Bestes 2-A1MP zu verkaufen \u2013 2-A1MP online Kaufen\",\"isPartOf\":{\"@id\":\"https:\\\/\\\/chemgramx.com\\\/#website\"},\"primaryImageOfPage\":{\"@id\":\"https:\\\/\\\/chemgramx.com\\\/product\\\/2-a1mp-online-kaufen\\\/#primaryimage\"},\"image\":{\"@id\":\"https:\\\/\\\/chemgramx.com\\\/product\\\/2-a1mp-online-kaufen\\\/#primaryimage\"},\"thumbnailUrl\":\"https:\\\/\\\/chemgramx.com\\\/wp-content\\\/uploads\\\/2025\\\/11\\\/2a1mp.png\",\"datePublished\":\"2025-11-21T11:11:32+00:00\",\"dateModified\":\"2025-11-21T11:13:07+00:00\",\"description\":\"Suchen Sie nach einer zuverl\u00e4ssigen Quelle, um 2-A1MP online zu kaufen? Ihre Suche endet hier. Bestellen Sie 2-A1MP online in unserem vertrauensw\u00fcrdigen Shop und genie\u00dfen Sie einen nahtlosen Kaufprozess, der auf Ihre Forschungsanforderungen zugeschnitten ist.\",\"breadcrumb\":{\"@id\":\"https:\\\/\\\/chemgramx.com\\\/product\\\/2-a1mp-online-kaufen\\\/#breadcrumb\"},\"inLanguage\":\"cs\",\"potentialAction\":[{\"@type\":\"ReadAction\",\"target\":[\"https:\\\/\\\/chemgramx.com\\\/product\\\/2-a1mp-online-kaufen\\\/\"]}]},{\"@type\":\"ImageObject\",\"inLanguage\":\"cs\",\"@id\":\"https:\\\/\\\/chemgramx.com\\\/product\\\/2-a1mp-online-kaufen\\\/#primaryimage\",\"url\":\"https:\\\/\\\/chemgramx.com\\\/wp-content\\\/uploads\\\/2025\\\/11\\\/2a1mp.png\",\"contentUrl\":\"https:\\\/\\\/chemgramx.com\\\/wp-content\\\/uploads\\\/2025\\\/11\\\/2a1mp.png\",\"width\":600,\"height\":400},{\"@type\":\"BreadcrumbList\",\"@id\":\"https:\\\/\\\/chemgramx.com\\\/product\\\/2-a1mp-online-kaufen\\\/#breadcrumb\",\"itemListElement\":[{\"@type\":\"ListItem\",\"position\":1,\"name\":\"Home\",\"item\":\"https:\\\/\\\/chemgramx.com\\\/\"},{\"@type\":\"ListItem\",\"position\":2,\"name\":\"Shop\",\"item\":\"https:\\\/\\\/chemgramx.com\\\/shop\\\/\"},{\"@type\":\"ListItem\",\"position\":3,\"name\":\"2-A1MP Online Kaufen\"}]},{\"@type\":\"WebSite\",\"@id\":\"https:\\\/\\\/chemgramx.com\\\/#website\",\"url\":\"https:\\\/\\\/chemgramx.com\\\/\",\"name\":\"Chemgramx\",\"description\":\"\",\"publisher\":{\"@id\":\"https:\\\/\\\/chemgramx.com\\\/#organization\"},\"potentialAction\":[{\"@type\":\"SearchAction\",\"target\":{\"@type\":\"EntryPoint\",\"urlTemplate\":\"https:\\\/\\\/chemgramx.com\\\/?s={search_term_string}\"},\"query-input\":{\"@type\":\"PropertyValueSpecification\",\"valueRequired\":true,\"valueName\":\"search_term_string\"}}],\"inLanguage\":\"cs\"},{\"@type\":\"Organization\",\"@id\":\"https:\\\/\\\/chemgramx.com\\\/#organization\",\"name\":\"Chemgramx\",\"url\":\"https:\\\/\\\/chemgramx.com\\\/\",\"logo\":{\"@type\":\"ImageObject\",\"inLanguage\":\"cs\",\"@id\":\"https:\\\/\\\/chemgramx.com\\\/#\\\/schema\\\/logo\\\/image\\\/\",\"url\":\"https:\\\/\\\/chemgramx.com\\\/wp-content\\\/uploads\\\/2024\\\/10\\\/final-logo.png\",\"contentUrl\":\"https:\\\/\\\/chemgramx.com\\\/wp-content\\\/uploads\\\/2024\\\/10\\\/final-logo.png\",\"width\":250,\"height\":48,\"caption\":\"Chemgramx\"},\"image\":{\"@id\":\"https:\\\/\\\/chemgramx.com\\\/#\\\/schema\\\/logo\\\/image\\\/\"}}]}<\/script>\n<!-- \/ Yoast SEO plugin. -->","yoast_head_json":{"title":"Nejlep\u0161\u00ed 2-A1MP na prodej \u2013 Kupte si 2-A1MP online","description":"Hled\u00e1te spolehliv\u00fd zdroj pro online n\u00e1kup 2-A1MP? Va\u0161e hled\u00e1n\u00ed zde kon\u010d\u00ed. Objednejte si 2-A1MP online z na\u0161eho d\u016fv\u011bryhodn\u00e9ho obchodu a u\u017eijte si bezprobl\u00e9mov\u00fd n\u00e1kupn\u00ed proces p\u0159izp\u016fsoben\u00fd va\u0161im v\u00fdzkumn\u00fdm pot\u0159eb\u00e1m.","robots":{"index":"index","follow":"follow","max-snippet":"max-snippet:-1","max-image-preview":"max-image-preview:large","max-video-preview":"max-video-preview:-1"},"canonical":"https:\/\/chemgramx.com\/cs\/produkt-1\/2-koupit-a1mp-online\/","og_locale":"cs_CZ","og_type":"article","og_title":"Bestes 2-A1MP zu verkaufen \u2013 2-A1MP online Kaufen","og_description":"Suchen Sie nach einer zuverl\u00e4ssigen Quelle, um 2-A1MP online zu kaufen? Ihre Suche endet hier. Bestellen Sie 2-A1MP online in unserem vertrauensw\u00fcrdigen Shop und genie\u00dfen Sie einen nahtlosen Kaufprozess, der auf Ihre Forschungsanforderungen zugeschnitten ist.","og_url":"https:\/\/chemgramx.com\/cs\/produkt-1\/2-koupit-a1mp-online\/","og_site_name":"Chemgramx","article_modified_time":"2025-11-21T11:13:07+00:00","og_image":[{"width":600,"height":400,"url":"https:\/\/chemgramx.com\/wp-content\/uploads\/2025\/11\/2a1mp.png","type":"image\/png"}],"twitter_card":"summary_large_image","twitter_misc":{"Odhadovan\u00e1 doba \u010dten\u00ed":"4 minuty"},"schema":{"@context":"https:\/\/schema.org","@graph":[{"@type":"WebPage","@id":"https:\/\/chemgramx.com\/product\/2-a1mp-online-kaufen\/","url":"https:\/\/chemgramx.com\/product\/2-a1mp-online-kaufen\/","name":"Nejlep\u0161\u00ed 2-A1MP na prodej \u2013 Kupte si 2-A1MP online","isPartOf":{"@id":"https:\/\/chemgramx.com\/#website"},"primaryImageOfPage":{"@id":"https:\/\/chemgramx.com\/product\/2-a1mp-online-kaufen\/#primaryimage"},"image":{"@id":"https:\/\/chemgramx.com\/product\/2-a1mp-online-kaufen\/#primaryimage"},"thumbnailUrl":"https:\/\/chemgramx.com\/wp-content\/uploads\/2025\/11\/2a1mp.png","datePublished":"2025-11-21T11:11:32+00:00","dateModified":"2025-11-21T11:13:07+00:00","description":"Hled\u00e1te spolehliv\u00fd zdroj pro online n\u00e1kup 2-A1MP? Va\u0161e hled\u00e1n\u00ed zde kon\u010d\u00ed. Objednejte si 2-A1MP online z na\u0161eho d\u016fv\u011bryhodn\u00e9ho obchodu a u\u017eijte si bezprobl\u00e9mov\u00fd n\u00e1kupn\u00ed proces p\u0159izp\u016fsoben\u00fd va\u0161im v\u00fdzkumn\u00fdm pot\u0159eb\u00e1m.","breadcrumb":{"@id":"https:\/\/chemgramx.com\/product\/2-a1mp-online-kaufen\/#breadcrumb"},"inLanguage":"cs","potentialAction":[{"@type":"ReadAction","target":["https:\/\/chemgramx.com\/product\/2-a1mp-online-kaufen\/"]}]},{"@type":"ImageObject","inLanguage":"cs","@id":"https:\/\/chemgramx.com\/product\/2-a1mp-online-kaufen\/#primaryimage","url":"https:\/\/chemgramx.com\/wp-content\/uploads\/2025\/11\/2a1mp.png","contentUrl":"https:\/\/chemgramx.com\/wp-content\/uploads\/2025\/11\/2a1mp.png","width":600,"height":400},{"@type":"BreadcrumbList","@id":"https:\/\/chemgramx.com\/product\/2-a1mp-online-kaufen\/#breadcrumb","itemListElement":[{"@type":"ListItem","position":1,"name":"Home","item":"https:\/\/chemgramx.com\/"},{"@type":"ListItem","position":2,"name":"Shop","item":"https:\/\/chemgramx.com\/shop\/"},{"@type":"ListItem","position":3,"name":"2-A1MP Online Kaufen"}]},{"@type":"WebSite","@id":"https:\/\/chemgramx.com\/#website","url":"https:\/\/chemgramx.com\/","name":"Chemgramx","description":"","publisher":{"@id":"https:\/\/chemgramx.com\/#organization"},"potentialAction":[{"@type":"SearchAction","target":{"@type":"EntryPoint","urlTemplate":"https:\/\/chemgramx.com\/?s={search_term_string}"},"query-input":{"@type":"PropertyValueSpecification","valueRequired":true,"valueName":"search_term_string"}}],"inLanguage":"cs"},{"@type":"Organization","@id":"https:\/\/chemgramx.com\/#organization","name":"Chemgramx","url":"https:\/\/chemgramx.com\/","logo":{"@type":"ImageObject","inLanguage":"cs","@id":"https:\/\/chemgramx.com\/#\/schema\/logo\/image\/","url":"https:\/\/chemgramx.com\/wp-content\/uploads\/2024\/10\/final-logo.png","contentUrl":"https:\/\/chemgramx.com\/wp-content\/uploads\/2024\/10\/final-logo.png","width":250,"height":48,"caption":"Chemgramx"},"image":{"@id":"https:\/\/chemgramx.com\/#\/schema\/logo\/image\/"}}]}},"_links":{"self":[{"href":"https:\/\/chemgramx.com\/cs\/wp-json\/wp\/v2\/product\/6999","targetHints":{"allow":["GET"]}}],"collection":[{"href":"https:\/\/chemgramx.com\/cs\/wp-json\/wp\/v2\/product"}],"about":[{"href":"https:\/\/chemgramx.com\/cs\/wp-json\/wp\/v2\/types\/product"}],"replies":[{"embeddable":true,"href":"https:\/\/chemgramx.com\/cs\/wp-json\/wp\/v2\/comments?post=6999"}],"wp:featuredmedia":[{"embeddable":true,"href":"https:\/\/chemgramx.com\/cs\/wp-json\/wp\/v2\/media\/7029"}],"wp:attachment":[{"href":"https:\/\/chemgramx.com\/cs\/wp-json\/wp\/v2\/media?parent=6999"}],"wp:term":[{"taxonomy":"product_brand","embeddable":true,"href":"https:\/\/chemgramx.com\/cs\/wp-json\/wp\/v2\/product_brand?post=6999"},{"taxonomy":"product_cat","embeddable":true,"href":"https:\/\/chemgramx.com\/cs\/wp-json\/wp\/v2\/product_cat?post=6999"},{"taxonomy":"product_tag","embeddable":true,"href":"https:\/\/chemgramx.com\/cs\/wp-json\/wp\/v2\/product_tag?post=6999"}],"curies":[{"name":"wp","href":"https:\/\/api.w.org\/{rel}","templated":true}]}}