{"id":7001,"date":"2025-11-21T11:11:33","date_gmt":"2025-11-21T11:11:33","guid":{"rendered":"https:\/\/chemgramx.com\/?post_type=product&#038;p=7001"},"modified":"2025-11-21T11:13:07","modified_gmt":"2025-11-21T11:13:07","slug":"3-koupit-cec-online","status":"publish","type":"product","link":"https:\/\/chemgramx.com\/cs\/product\/3-cec-online-kaufen\/","title":{"rendered":"Koupit 3-CEC online"},"content":{"rendered":"<p><b>3-CEC hydrochlorid<\/b> (3-chloroethcathinone) je <b>Pr\u00e9miov\u00fd analytick\u00fd referen\u010dn\u00ed standard<\/b> z chemicky v\u00fdznamn\u00e9 t\u0159\u00eddy <b>nahradil <a href=\"\/product\/3-mmc-3-methylmethcathinon-online-kaufen\/\">Cathinone<\/a><\/b>. Na str\u00e1nk\u00e1ch . <b>Substituce chl\u00f3ru<\/b> v meta-pozici (3-) fenylov\u00e9ho kruhu d\u00e1v\u00e1 t\u00e9to molekule specifick\u00fd chemick\u00fd podpis, kter\u00fd z n\u00ed d\u011bl\u00e1 <b>nepostradateln\u00fd n\u00e1stroj<\/b> v <b>forenzn\u00ed toxikologie<\/b> a <b>chemick\u00e1 anal\u00fdza<\/b> z <b>nov\u00e9 psychoaktivn\u00ed l\u00e1tky (NPS)<\/b> vyr\u00e1b\u00ed. 3-CEC je kl\u00ed\u010dov\u00fdm \u010dinidlem pro laborato\u0159e, kter\u00e9 se specializuj\u00ed na v\u00fdzkum v oblasti <b>Vztahy mezi strukturou a aktivitou (SAR)<\/b> chlorovan\u00e9 katinony a <b>Ov\u011b\u0159ov\u00e1n\u00ed metod detekce<\/b> soust\u0159edit.<\/p>\n<p>Tento <b>vysoce kvalitn\u00ed v\u00fdzkum Chemick\u00fd standard<\/b> se pou\u017e\u00edv\u00e1 v\u00fdhradn\u011b pro <b>kontrolovan\u00e9, v\u011bdeck\u00e9 \u00fa\u010dely<\/b> na adrese <b>Kvalifikovan\u00ed odborn\u00edci<\/b> a <b>Akreditovan\u00e9 v\u00fdzkumn\u00e9 instituce<\/b> distribuov\u00e1ny. Zaru\u010dujeme <b>analyticky potvrzen\u00e1 \u010distota <span class=\"math-inline\" data-math=\"ge98,%\">98%<\/span><\/b>\u00a0hydrochloridov\u00e9 soli, kter\u00e1 je absolutn\u00edm z\u00e1kladem pro <b>p\u0159esn\u00e9, sledovateln\u00e9 a reprodukovateln\u00e9<\/b> V\u00fdsledky m\u011b\u0159en\u00ed v <b>Hmotnostn\u00ed spektrometrie<\/b> a <b>Chromatografie<\/b> formy. Pro laborato\u0159e, kter\u00e9 maj\u00ed <b>Referen\u010dn\u00ed standard 3-CEC<\/b>, <b>Kontroln\u00ed materi\u00e1l chlorethkatinon<\/b> nebo <b>analytick\u00e1 \u010dinidla pro anal\u00fdzu l\u00e9\u010div<\/b> nab\u00edz\u00edme nejvy\u0161\u0161\u00ed kvalitu a zabezpe\u010den\u00ed shody.<\/p>\n<h2>\u00a0Analytick\u00e1 dokonalost: chemick\u00e9 specifikace a zaji\u0161t\u011bn\u00ed kvality na nejvy\u0161\u0161\u00ed \u00farovni<\/h2>\n<p>Molekul\u00e1rn\u00ed identita a zaru\u010den\u00e1 \u010distota jsou hlavn\u00edmi po\u017eadavky na ka\u017ed\u00fd forenzn\u00ed standard. P\u0159esn\u00e1 charakterizace struktury 3-CEC je rozhoduj\u00edc\u00ed pro rozli\u0161en\u00ed izomer\u016f (nap\u0159. 4-CEC) a homolog\u016f.<\/p>\n<h3>Podrobn\u00e1 chemick\u00e1 identita a fyzik\u00e1ln\u00ed vlastnosti<\/h3>\n<p>3-CEC pat\u0159\u00ed do skupiny <b>Cathinone<\/b>, kter\u00e9 jsou struktur\u00e1ln\u011b p\u0159\u00edbuzn\u00e9 amfetamin\u016fm, ale vyzna\u010duj\u00ed se <span class=\"math-inline\" data-math=\"beta\">beta<\/span>-skupina keto. Na adrese <b>Substituce chl\u00f3ru<\/b> v meta-pozici je analytick\u00fdm znakem t\u00e9to molekuly.<\/p>\n<ul>\n<li><b>Chemick\u00e1 t\u0159\u00edda:<\/b> Substituovan\u00e9 katinony (deriv\u00e1ty etkatinonu).<\/li>\n<li><b>Nomenklatura:<\/b> 3-Chloroethcathinone (jako hydrochloridov\u00e1 s\u016fl).<\/li>\n<li><b>Chemick\u00fd vzorec (z\u00e1klad):<\/b> <span class=\"math-inline\" data-math=\"text{C}_{11}text{H}_{14}text{ClNO}\">{C}{11}{H}{14}{ClNO}<\/span><\/li>\n<li><b>Mol\u00e1rn\u00ed hmotnost:<\/b> <span class=\"math-inline\" data-math=\"approx 211,69 , text{g\/mol}\">p\u0159ibli\u017en\u011b 211,69 {g\/mol}<\/span>\u00a0(z\u00e1kladna), rozhoduj\u00edc\u00ed pro kalibraci.<\/li>\n<li><b>Slo\u017een\u00ed:<\/b> Je k dispozici jako stabiln\u00ed <b>Hydrochloridov\u00e1 s\u016fl<\/b> co\u017e znamen\u00e1 zv\u00fd\u0161en\u00fd <b>Odolnost<\/b> a vynikaj\u00edc\u00ed <b>Rozpustnost<\/b> v pol\u00e1rn\u00edch rozpou\u0161t\u011bdlech (methanol, acetonitril) pro <span class=\"math-inline\" data-math=\"LC-MS\/MS\">LC-MS\/MS<\/span>-zkou\u0161ky jsou garantov\u00e1ny.<\/li>\n<li><b>Souhrnn\u00fd stav:<\/b> Vysok\u00e1 \u010distota, <b>krystalick\u00fd pr\u00e1\u0161ek<\/b>, optimalizovan\u00e9 pro p\u0159esn\u00e9 gravimetrick\u00e9 v\u00e1\u017een\u00ed podle <b>P\u0159edpisy ISO 17025<\/b>.<\/li>\n<\/ul>\n<h3>Zaru\u010den\u00e1 \u010distota d\u00edky multianalytick\u00e9mu ov\u011b\u0159ov\u00e1n\u00ed a dokumentaci<\/h3>\n<p>N\u00e1\u0161 z\u00e1vazek k \u010distot\u011b <b><span class=\"math-inline\" data-math=\"ge98,%\">98%<\/span><\/b>\u00a0je zaji\u0161t\u011bna redundantn\u00edmi analytick\u00fdmi metodami, kter\u00e9 spl\u0148uj\u00ed po\u017eadavky na <b>GLP<\/b> a <b>ISO 17025<\/b> p\u0159ekonat.<\/p>\n<ol start=\"1\">\n<li><b>Potvrzen\u00ed prim\u00e1rn\u00ed \u010distoty (kvantifikace):<\/b> \u010cistota se ur\u010duje p\u0159edev\u0161\u00edm pomoc\u00ed <b>HPLC (vysoce \u00fa\u010dinn\u00e1 kapalinov\u00e1 chromatografie)<\/b> zlat\u00fd standard pro detekci v\u0161ech net\u011bkav\u00fdch ne\u010distot.<\/li>\n<li><b>Sekund\u00e1rn\u00ed molekul\u00e1rn\u00ed identifikace (kvalifikace):<\/b> Toto\u017enost je potvrzena nejm\u00e9n\u011b dv\u011bma nez\u00e1visl\u00fdmi metodami: <b>Plynov\u00e1 chromatografie s hmotnostn\u00ed spektrometri\u00ed (GC\/MS)<\/b> a <b>Tandemov\u00e1 kapalinov\u00e1 chromatografie<a href=\"\/product\/alpha-pvt-online-kaufen\/\">Hmotnostn\u00ed spektrometrie<\/a> (LC-MS\/MS)<\/b>. Tyto metody poskytuj\u00ed <b>charakteristick\u00e9 fragmentov\u00e9 ionty<\/b> a <b>spektr\u00e1ln\u00ed signatury<\/b>, kter\u00e9 jsou nezbytn\u00e9 pro vytv\u00e1\u0159en\u00ed forenzn\u00edch datab\u00e1z\u00ed.<\/li>\n<li><b>Komplexn\u00ed osv\u011bd\u010den\u00ed o anal\u00fdze (CoA):<\/b> Ka\u017ed\u00e1 d\u00e1vka obsahuje podrobn\u00fd <b>CoA<\/b>, spektr\u00e1ln\u00ed \u00fadaje, posouzen\u00ed \u010distoty a <b>Sledovatelnost<\/b> d\u00e1vky synt\u00e9zy.<\/li>\n<li><b>Konzistence d\u00e1vky:<\/b> D\u00edky standardizovan\u00fdm v\u00fdrobn\u00edm a \u010distic\u00edm proces\u016fm zaru\u010dujeme minim\u00e1ln\u00ed mno\u017estv\u00ed odpadu. <b>Variabilita \u0161ar\u017e\u00ed<\/b>, kter\u00e9 jsou zodpov\u011bdn\u00e9 za <b>Dlouhodob\u00e9 ov\u011b\u0159ov\u00e1n\u00ed<\/b> metod v pr\u016fb\u011bhu let je z\u00e1sadn\u00ed.<\/li>\n<\/ol>\n<h2>Roz\u0161\u00ed\u0159en\u00e9 oblasti pou\u017eit\u00ed v soudn\u00edm l\u00e9ka\u0159stv\u00ed, toxikologii a farmakologii.<\/h2>\n<p>Hydrochlorid 3-CEC je kritickou kontroln\u00ed molekulou pro pochopen\u00ed toxikologie chlorovan\u00fdch stimulant\u016f a pro v\u00fdvoj p\u0159esn\u00fdch detek\u010dn\u00edch metod.<\/p>\n<h3>Forenzn\u00ed toxikologie, kalibrace a kontrola kvality<\/h3>\n<p>Norma je nezbytn\u00e1 pro laborato\u0159e, kter\u00e9 analyzuj\u00ed vzorky v kritick\u00fdch p\u0159\u00edpadech (nap\u0159. dopravn\u00ed toxikologie, postmort\u00e1ln\u00ed anal\u00fdzy).<\/p>\n<ul>\n<li><b>Validace metody:<\/b> Norma se pou\u017e\u00edv\u00e1 pro <b>Ov\u011b\u0159ov\u00e1n\u00ed<\/b> z <span class=\"math-inline\" data-math=\"LC-MS\/MS\">LC-MS\/MS<\/span> a <span class=\"math-inline\" data-math=\"GC-MS\">GC-MS<\/span>\u00a0Metody pro bezpe\u010dn\u00e9 <b>Identifikace<\/b> a <b>Kvantifikace<\/b> katinon\u016f v biologick\u00fdch vzorc\u00edch. P\u0159esn\u00e9 stanoven\u00ed <b>Doba uchov\u00e1v\u00e1n\u00ed<\/b> a <b>Vzory fragmentace MS<\/b> je zde z\u00e1sadn\u00ed.<\/li>\n<li><b>Kalibrace:<\/b> Materi\u00e1l s vysokou \u010distotou se pou\u017e\u00edv\u00e1 k vytvo\u0159en\u00ed p\u0159esn\u00fdch, line\u00e1rn\u00edch <b>Kalibra\u010dn\u00ed k\u0159ivky<\/b> co\u017e je z\u00e1kladem pro p\u0159esn\u00e9 stanoven\u00ed koncentrac\u00ed v n\u00edzk\u00e9m nanogramov\u00e9m rozsahu ve forenzn\u00edch matric\u00edch.<\/li>\n<li><b>Kontrola kvality (QC):<\/b> 3-CEC slou\u017e\u00ed jako <b>Referen\u010dn\u00ed bod<\/b> pro denn\u00ed lad\u011bn\u00ed a <b>Kontrola v\u00fdkonu<\/b> citliv\u00fdch hmotnostn\u00edch spektrometr\u016f a jako pozitivn\u00ed kontroln\u00ed standard p\u0159i rutinn\u00edch m\u011b\u0159en\u00edch.<\/li>\n<\/ul>\n<h3>Farmakologick\u00fd a metabolick\u00fd v\u00fdzkum<\/h3>\n<p>V\u00fdzkum vyu\u017e\u00edv\u00e1 3-CEC ke zkoum\u00e1n\u00ed \u00fa\u010dink\u016f substituce chloru na farmakologick\u00fd profil a metabolismus.<\/p>\n<ul>\n<li><b>Studie neurotransmiter\u016f:<\/b> Molekul\u00e1rn\u00ed v\u00fdzkum zkoum\u00e1 <b>Affinity<\/b> a <b>Potence<\/b> molekuly <b>Monoaminov\u00e9 transport\u00e9ry<\/b> (dopamin, noradrenalin, serotonin). Tyto \u00fadaje jsou nezbytn\u00e9 pro p\u0159edpov\u011b\u010f toxikologick\u00e9ho rizika a modelov\u00e1n\u00ed. <i>in vitro<\/i> \u010cinnost.<\/li>\n<li><b>Identifikace metabolismu:<\/b> Prost\u0159ednictv\u00edm komplexn\u00edho <b><span class=\"math-inline\" data-math=\"In\">Na adrese<\/span>\u00a0<span class=\"math-inline\" data-math=\"vitro\">in vitro<\/span>-Studie<\/b> v\u0161echny prim\u00e1rn\u00ed a sekund\u00e1rn\u00ed <b>Metabolity<\/b> 3-CEC a byla potvrzena jejich struktura. P\u0159esn\u00e1 znalost profil\u016f t\u011bchto metabolit\u016f je pro forenzn\u00ed laborato\u0159e z\u00e1sadn\u00ed, aby byly schopny detekovat l\u00e1tku i po jej\u00edm rozkladu a prodlou\u017eit tak dobu detekce.<\/li>\n<\/ul>\n<h2>\u00a0Pr\u00e1vn\u00ed r\u00e1mec a soulad laborato\u0159e<\/h2>\n<p>Z\u00edsk\u00e1n\u00ed a manipulace s t\u00edmto <b>kontrolovan\u00e9 v\u00fdzkumn\u00e9 chemik\u00e1lie<\/b> podl\u00e9haj\u00ed nejp\u0159\u00edsn\u011bj\u0161\u00edm p\u0159edpis\u016fm a jsou vyhrazeny v\u00fdhradn\u011b pro v\u011bdeck\u00fd v\u00fdzkum.<\/p>\n<h3>Dodr\u017eov\u00e1n\u00ed p\u0159edpis\u016f<\/h3>\n<p>Vzhledem k tomu, \u017ee 3-CEC je v mnoha jurisdikc\u00edch uzn\u00e1v\u00e1n jako <b>kontrolovan\u00e1 l\u00e1tka<\/b> (nap\u0159. v N\u011bmecku pod <b>NpSG<\/b>), je distribuce p\u0159\u00edsn\u011b regulov\u00e1na.<\/p>\n<ul>\n<li><b>V\u00fdhradn\u011b v\u00fdzkum:<\/b> Prodej je p\u0159\u00edsn\u011b omezen na <b>Anal\u00fdza a v\u00fdzkum<\/b> na adrese <b>opr\u00e1vn\u011bn\u00e9 v\u011bdeck\u00e9 instituce<\/b> omezen\u00e9. Jak\u00e9koli zneu\u017eit\u00ed nebo neopr\u00e1vn\u011bn\u00e9 pou\u017eit\u00ed nen\u00ed povoleno.<\/li>\n<li><b>Povinnost kupuj\u00edc\u00edho:<\/b> Kupuj\u00edc\u00ed p\u0159eb\u00edr\u00e1 plnou odpov\u011bdnost za dodr\u017eov\u00e1n\u00ed v\u0161ech <b>m\u00edstn\u00ed a mezin\u00e1rodn\u00ed z\u00e1kony<\/b> t\u00fdkaj\u00edc\u00ed se dovozu, dr\u017een\u00ed a pou\u017e\u00edv\u00e1n\u00ed kontrolovan\u00fdch chemick\u00fdch l\u00e1tek.<\/li>\n<\/ul>\n<h3>Bezpe\u010dnostn\u00ed protokoly pro u\u017eivatele laborato\u0159\u00ed<\/h3>\n<p>P\u0159\u00edsn\u00e9 dodr\u017eov\u00e1n\u00ed <b>Bezpe\u010dnostn\u00ed list materi\u00e1lu (MSDS)<\/b> je povinn\u00e1.<\/p>\n<ul>\n<li><b>PSA:<\/b> <b>Laboratorn\u00ed pl\u00e1\u0161\u0165, ochrann\u00e9 br\u00fdle<\/b> a odoln\u00e9 v\u016f\u010di chemik\u00e1li\u00edm <b>Rukavice<\/b> jsou povinn\u00e9. P\u0159i manipulaci s pr\u00e1\u0161kem se d\u016frazn\u011b doporu\u010duj\u00ed d\u00fdchac\u00ed masky (FFP3).<\/li>\n<li><b>Pracovn\u00ed prost\u0159ed\u00ed:<\/b> Manipulace s pr\u00e1\u0161kem mus\u00ed b\u00fdt prov\u00e1d\u011bna za <b>certifikovan\u00e9 syst\u00e9my digesto\u0159\u00ed<\/b> se uskute\u010dn\u00ed.<\/li>\n<li><b>Skladov\u00e1n\u00ed:<\/b> <b>Skv\u011bl\u00e9 (<span class=\"math-inline\" data-math=\"text{2\u20138 \u00b0C}\">2-8 \u00b0C<\/span>), such\u00e9 a chr\u00e1n\u011bn\u00e9 p\u0159ed sv\u011btlem<\/b> b\u00fdt ulo\u017eeny. Krom\u011b toho mus\u00ed b\u00fdt skladov\u00e1n\u00ed p\u0159\u00edsn\u011b <b>Skladov\u00e1 kniha<\/b> b\u00fdt zdokumentov\u00e1ny.<\/li>\n<\/ul>\n<h2>\u00a0Z\u00edsk\u00e1n\u00ed referen\u010dn\u00edho standardu 3-CEC - v\u00e1\u0161 partner pro analytickou excelenci<\/h2>\n<p>Nab\u00edz\u00edme hydrochlorid 3-CEC v analyticky relevantn\u00edch mno\u017estv\u00edch: <b>100 mg (referen\u010dn\u00ed vzorek)<\/b>, <b>500 mg<\/b> a <b>1 g<\/b>.<\/p>\n<p><b>Povinn\u00e9 po\u017eadavky na objedn\u00e1vku:<\/b><\/p>\n<ol start=\"1\">\n<li>D\u016fkaz <b>Autorizace<\/b> v\u00fdzkumn\u00e9 organizace.<\/li>\n<li>P\u00edsemn\u00e9 potvrzen\u00ed, \u017ee l\u00e1tka <b>v\u00fdhradn\u011b pro analytick\u00e9 referen\u010dn\u00ed \u00fa\u010dely<\/b> (kalibrace, validace, kontrola kvality).<\/li>\n<li>Uzn\u00e1n\u00ed <b>Omezen\u00ed odpov\u011bdnosti<\/b> a <b>MSDS<\/b>.<\/li>\n<\/ol>\n<p>Pro bezpe\u010dn\u00e9, z\u00e1konu odpov\u00eddaj\u00edc\u00ed a rychl\u00e9 objedn\u00e1n\u00ed va\u0161ich <b>Referen\u010dn\u00ed standardy 3-CEC<\/b> zaru\u010dit <b>Platnost va\u0161ich analytick\u00fdch metod<\/b>, kontaktujte n\u00e1s pros\u00edm p\u0159\u00edmo.<\/p>","protected":false},"excerpt":{"rendered":"<p><strong>2-PTC<\/strong> je vysoce kvalitn\u00ed syntetick\u00e1 chemick\u00e1 l\u00e1tka, kter\u00e1 byla speci\u00e1ln\u011b vyvinuta pro v\u011bdeck\u00e9 aplikace. D\u00edky sv\u00e9 v\u00fdjime\u010dn\u00e9 \u010distot\u011b je ide\u00e1ln\u00ed pro studium molekul\u00e1rn\u00edch interakc\u00ed a farmakologick\u00fd v\u00fdzkum. Tento produkt je ur\u010den pouze pro laboratorn\u00ed pou\u017eit\u00ed a nen\u00ed vhodn\u00fd pro lidskou spot\u0159ebu.<\/p>","protected":false},"featured_media":7031,"comment_status":"open","ping_status":"closed","template":"","meta":{"_joinchat":[]},"product_brand":[],"product_cat":[49],"product_tag":[2167,2173,2174,2175,2168,2172,2170,2171,2169,248],"class_list":{"0":"post-7001","1":"product","2":"type-product","3":"status-publish","4":"has-post-thumbnail","6":"product_cat-cathinones","7":"product_tag-3-cec","8":"product_tag-3-cec-chemikalien","9":"product_tag-3-cec-forschung","10":"product_tag-3-cec-fur-forschung","11":"product_tag-3-cec-kaufen","12":"product_tag-3-cec-kristalle","13":"product_tag-3-cec-online","14":"product_tag-3-cec-pulver","15":"product_tag-3-cec-zum-verkauf","16":"product_tag-synthetische-stimulanzien","18":"first","19":"instock","20":"shipping-taxable","21":"purchasable","22":"product-type-variable"},"yoast_head":"<!-- This site is optimized with the Yoast SEO plugin v27.5 - https:\/\/yoast.com\/product\/yoast-seo-wordpress\/ -->\n<title>3-CEC online kaufen \u2013 3-CEC zu verkaufen | Chemgramx<\/title>\n<meta name=\"description\" content=\"Sie k\u00f6nnen mit unserem Chemgramx-Onlineshop in Kontakt treten und 3-CEC online kaufen. Sie k\u00f6nnen 3-CEC zu g\u00fcnstigen Preisen kaufen. Jetzt bestellen!\" \/>\n<meta name=\"robots\" content=\"index, follow, max-snippet:-1, max-image-preview:large, max-video-preview:-1\" \/>\n<link rel=\"canonical\" href=\"https:\/\/chemgramx.com\/cs\/produkt-1\/3-koupit-cec-online\/\" \/>\n<meta property=\"og:locale\" content=\"cs_CZ\" \/>\n<meta property=\"og:type\" content=\"article\" \/>\n<meta property=\"og:title\" content=\"3-CEC online kaufen \u2013 3-CEC zu verkaufen | Chemgramx\" \/>\n<meta property=\"og:description\" content=\"Sie k\u00f6nnen mit unserem Chemgramx-Onlineshop in Kontakt treten und 3-CEC online kaufen. Sie k\u00f6nnen 3-CEC zu g\u00fcnstigen Preisen kaufen. Jetzt bestellen!\" \/>\n<meta property=\"og:url\" content=\"https:\/\/chemgramx.com\/cs\/produkt-1\/3-koupit-cec-online\/\" \/>\n<meta property=\"og:site_name\" content=\"Chemgramx\" \/>\n<meta property=\"article:modified_time\" content=\"2025-11-21T11:13:07+00:00\" \/>\n<meta property=\"og:image\" content=\"https:\/\/chemgramx.com\/wp-content\/uploads\/2025\/11\/3cec.png\" \/>\n\t<meta property=\"og:image:width\" content=\"600\" \/>\n\t<meta property=\"og:image:height\" content=\"400\" \/>\n\t<meta property=\"og:image:type\" content=\"image\/png\" \/>\n<meta name=\"twitter:card\" content=\"summary_large_image\" \/>\n<meta name=\"twitter:label1\" content=\"Odhadovan\u00e1 doba \u010dten\u00ed\" \/>\n\t<meta name=\"twitter:data1\" content=\"4 minuty\" \/>\n<script type=\"application\/ld+json\" class=\"yoast-schema-graph\">{\"@context\":\"https:\\\/\\\/schema.org\",\"@graph\":[{\"@type\":\"WebPage\",\"@id\":\"https:\\\/\\\/chemgramx.com\\\/product\\\/3-cec-online-kaufen\\\/\",\"url\":\"https:\\\/\\\/chemgramx.com\\\/product\\\/3-cec-online-kaufen\\\/\",\"name\":\"3-CEC online kaufen \u2013 3-CEC zu verkaufen | Chemgramx\",\"isPartOf\":{\"@id\":\"https:\\\/\\\/chemgramx.com\\\/#website\"},\"primaryImageOfPage\":{\"@id\":\"https:\\\/\\\/chemgramx.com\\\/product\\\/3-cec-online-kaufen\\\/#primaryimage\"},\"image\":{\"@id\":\"https:\\\/\\\/chemgramx.com\\\/product\\\/3-cec-online-kaufen\\\/#primaryimage\"},\"thumbnailUrl\":\"https:\\\/\\\/chemgramx.com\\\/wp-content\\\/uploads\\\/2025\\\/11\\\/3cec.png\",\"datePublished\":\"2025-11-21T11:11:33+00:00\",\"dateModified\":\"2025-11-21T11:13:07+00:00\",\"description\":\"Sie k\u00f6nnen mit unserem Chemgramx-Onlineshop in Kontakt treten und 3-CEC online kaufen. Sie k\u00f6nnen 3-CEC zu g\u00fcnstigen Preisen kaufen. Jetzt bestellen!\",\"breadcrumb\":{\"@id\":\"https:\\\/\\\/chemgramx.com\\\/product\\\/3-cec-online-kaufen\\\/#breadcrumb\"},\"inLanguage\":\"cs\",\"potentialAction\":[{\"@type\":\"ReadAction\",\"target\":[\"https:\\\/\\\/chemgramx.com\\\/product\\\/3-cec-online-kaufen\\\/\"]}]},{\"@type\":\"ImageObject\",\"inLanguage\":\"cs\",\"@id\":\"https:\\\/\\\/chemgramx.com\\\/product\\\/3-cec-online-kaufen\\\/#primaryimage\",\"url\":\"https:\\\/\\\/chemgramx.com\\\/wp-content\\\/uploads\\\/2025\\\/11\\\/3cec.png\",\"contentUrl\":\"https:\\\/\\\/chemgramx.com\\\/wp-content\\\/uploads\\\/2025\\\/11\\\/3cec.png\",\"width\":600,\"height\":400},{\"@type\":\"BreadcrumbList\",\"@id\":\"https:\\\/\\\/chemgramx.com\\\/product\\\/3-cec-online-kaufen\\\/#breadcrumb\",\"itemListElement\":[{\"@type\":\"ListItem\",\"position\":1,\"name\":\"Home\",\"item\":\"https:\\\/\\\/chemgramx.com\\\/\"},{\"@type\":\"ListItem\",\"position\":2,\"name\":\"Shop\",\"item\":\"https:\\\/\\\/chemgramx.com\\\/shop\\\/\"},{\"@type\":\"ListItem\",\"position\":3,\"name\":\"3-CEC Online Kaufen\"}]},{\"@type\":\"WebSite\",\"@id\":\"https:\\\/\\\/chemgramx.com\\\/#website\",\"url\":\"https:\\\/\\\/chemgramx.com\\\/\",\"name\":\"Chemgramx\",\"description\":\"\",\"publisher\":{\"@id\":\"https:\\\/\\\/chemgramx.com\\\/#organization\"},\"potentialAction\":[{\"@type\":\"SearchAction\",\"target\":{\"@type\":\"EntryPoint\",\"urlTemplate\":\"https:\\\/\\\/chemgramx.com\\\/?s={search_term_string}\"},\"query-input\":{\"@type\":\"PropertyValueSpecification\",\"valueRequired\":true,\"valueName\":\"search_term_string\"}}],\"inLanguage\":\"cs\"},{\"@type\":\"Organization\",\"@id\":\"https:\\\/\\\/chemgramx.com\\\/#organization\",\"name\":\"Chemgramx\",\"url\":\"https:\\\/\\\/chemgramx.com\\\/\",\"logo\":{\"@type\":\"ImageObject\",\"inLanguage\":\"cs\",\"@id\":\"https:\\\/\\\/chemgramx.com\\\/#\\\/schema\\\/logo\\\/image\\\/\",\"url\":\"https:\\\/\\\/chemgramx.com\\\/wp-content\\\/uploads\\\/2024\\\/10\\\/final-logo.png\",\"contentUrl\":\"https:\\\/\\\/chemgramx.com\\\/wp-content\\\/uploads\\\/2024\\\/10\\\/final-logo.png\",\"width\":250,\"height\":48,\"caption\":\"Chemgramx\"},\"image\":{\"@id\":\"https:\\\/\\\/chemgramx.com\\\/#\\\/schema\\\/logo\\\/image\\\/\"}}]}<\/script>\n<!-- \/ Yoast SEO plugin. -->","yoast_head_json":{"title":"Kupte si 3-CEC online \u2013 3-CEC na prodej | Chemgramx","description":"M\u016f\u017eete kontaktovat n\u00e1\u0161 internetov\u00fd obchod Chemgramx a koupit 3-CEC online. 3-CEC si m\u016f\u017eete koupit za dostupn\u00e9 ceny. Objednejte si hned!","robots":{"index":"index","follow":"follow","max-snippet":"max-snippet:-1","max-image-preview":"max-image-preview:large","max-video-preview":"max-video-preview:-1"},"canonical":"https:\/\/chemgramx.com\/cs\/produkt-1\/3-koupit-cec-online\/","og_locale":"cs_CZ","og_type":"article","og_title":"3-CEC online kaufen \u2013 3-CEC zu verkaufen | Chemgramx","og_description":"Sie k\u00f6nnen mit unserem Chemgramx-Onlineshop in Kontakt treten und 3-CEC online kaufen. Sie k\u00f6nnen 3-CEC zu g\u00fcnstigen Preisen kaufen. Jetzt bestellen!","og_url":"https:\/\/chemgramx.com\/cs\/produkt-1\/3-koupit-cec-online\/","og_site_name":"Chemgramx","article_modified_time":"2025-11-21T11:13:07+00:00","og_image":[{"width":600,"height":400,"url":"https:\/\/chemgramx.com\/wp-content\/uploads\/2025\/11\/3cec.png","type":"image\/png"}],"twitter_card":"summary_large_image","twitter_misc":{"Odhadovan\u00e1 doba \u010dten\u00ed":"4 minuty"},"schema":{"@context":"https:\/\/schema.org","@graph":[{"@type":"WebPage","@id":"https:\/\/chemgramx.com\/product\/3-cec-online-kaufen\/","url":"https:\/\/chemgramx.com\/product\/3-cec-online-kaufen\/","name":"Kupte si 3-CEC online \u2013 3-CEC na prodej | Chemgramx","isPartOf":{"@id":"https:\/\/chemgramx.com\/#website"},"primaryImageOfPage":{"@id":"https:\/\/chemgramx.com\/product\/3-cec-online-kaufen\/#primaryimage"},"image":{"@id":"https:\/\/chemgramx.com\/product\/3-cec-online-kaufen\/#primaryimage"},"thumbnailUrl":"https:\/\/chemgramx.com\/wp-content\/uploads\/2025\/11\/3cec.png","datePublished":"2025-11-21T11:11:33+00:00","dateModified":"2025-11-21T11:13:07+00:00","description":"M\u016f\u017eete kontaktovat n\u00e1\u0161 internetov\u00fd obchod Chemgramx a koupit 3-CEC online. 3-CEC si m\u016f\u017eete koupit za dostupn\u00e9 ceny. Objednejte si hned!","breadcrumb":{"@id":"https:\/\/chemgramx.com\/product\/3-cec-online-kaufen\/#breadcrumb"},"inLanguage":"cs","potentialAction":[{"@type":"ReadAction","target":["https:\/\/chemgramx.com\/product\/3-cec-online-kaufen\/"]}]},{"@type":"ImageObject","inLanguage":"cs","@id":"https:\/\/chemgramx.com\/product\/3-cec-online-kaufen\/#primaryimage","url":"https:\/\/chemgramx.com\/wp-content\/uploads\/2025\/11\/3cec.png","contentUrl":"https:\/\/chemgramx.com\/wp-content\/uploads\/2025\/11\/3cec.png","width":600,"height":400},{"@type":"BreadcrumbList","@id":"https:\/\/chemgramx.com\/product\/3-cec-online-kaufen\/#breadcrumb","itemListElement":[{"@type":"ListItem","position":1,"name":"Home","item":"https:\/\/chemgramx.com\/"},{"@type":"ListItem","position":2,"name":"Shop","item":"https:\/\/chemgramx.com\/shop\/"},{"@type":"ListItem","position":3,"name":"3-CEC Online Kaufen"}]},{"@type":"WebSite","@id":"https:\/\/chemgramx.com\/#website","url":"https:\/\/chemgramx.com\/","name":"Chemgramx","description":"","publisher":{"@id":"https:\/\/chemgramx.com\/#organization"},"potentialAction":[{"@type":"SearchAction","target":{"@type":"EntryPoint","urlTemplate":"https:\/\/chemgramx.com\/?s={search_term_string}"},"query-input":{"@type":"PropertyValueSpecification","valueRequired":true,"valueName":"search_term_string"}}],"inLanguage":"cs"},{"@type":"Organization","@id":"https:\/\/chemgramx.com\/#organization","name":"Chemgramx","url":"https:\/\/chemgramx.com\/","logo":{"@type":"ImageObject","inLanguage":"cs","@id":"https:\/\/chemgramx.com\/#\/schema\/logo\/image\/","url":"https:\/\/chemgramx.com\/wp-content\/uploads\/2024\/10\/final-logo.png","contentUrl":"https:\/\/chemgramx.com\/wp-content\/uploads\/2024\/10\/final-logo.png","width":250,"height":48,"caption":"Chemgramx"},"image":{"@id":"https:\/\/chemgramx.com\/#\/schema\/logo\/image\/"}}]}},"_links":{"self":[{"href":"https:\/\/chemgramx.com\/cs\/wp-json\/wp\/v2\/product\/7001","targetHints":{"allow":["GET"]}}],"collection":[{"href":"https:\/\/chemgramx.com\/cs\/wp-json\/wp\/v2\/product"}],"about":[{"href":"https:\/\/chemgramx.com\/cs\/wp-json\/wp\/v2\/types\/product"}],"replies":[{"embeddable":true,"href":"https:\/\/chemgramx.com\/cs\/wp-json\/wp\/v2\/comments?post=7001"}],"wp:featuredmedia":[{"embeddable":true,"href":"https:\/\/chemgramx.com\/cs\/wp-json\/wp\/v2\/media\/7031"}],"wp:attachment":[{"href":"https:\/\/chemgramx.com\/cs\/wp-json\/wp\/v2\/media?parent=7001"}],"wp:term":[{"taxonomy":"product_brand","embeddable":true,"href":"https:\/\/chemgramx.com\/cs\/wp-json\/wp\/v2\/product_brand?post=7001"},{"taxonomy":"product_cat","embeddable":true,"href":"https:\/\/chemgramx.com\/cs\/wp-json\/wp\/v2\/product_cat?post=7001"},{"taxonomy":"product_tag","embeddable":true,"href":"https:\/\/chemgramx.com\/cs\/wp-json\/wp\/v2\/product_tag?post=7001"}],"curies":[{"name":"wp","href":"https:\/\/api.w.org\/{rel}","templated":true}]}}