{"id":7007,"date":"2025-11-21T11:11:34","date_gmt":"2025-11-21T11:11:34","guid":{"rendered":"https:\/\/chemgramx.com\/?post_type=product&#038;p=7007"},"modified":"2025-11-21T11:13:32","modified_gmt":"2025-11-21T11:13:32","slug":"koupit-bmdp-online","status":"publish","type":"product","link":"https:\/\/chemgramx.com\/cs\/product\/bmdp-online-kaufen\/","title":{"rendered":"Koupit BMDP online"},"content":{"rendered":"<p><b>BMDP<\/b>tak\u00e9 zn\u00e1m\u00fd jako <a href=\"\/product\/bmdp-online-kaufen\/\"><b>Benzylony<\/b><\/a> neboli 3,4-methylendioxy-N-benzylkatinon, je syntetick\u00e1 katinonov\u00e1 slou\u010denina, kter\u00e1 ve sv\u011bt\u011b v\u00fdzkumu p\u0159itahuje velkou pozornost d\u00edky sv\u00e9 struktur\u00e1ln\u00ed podobnosti se zn\u00e1m\u00fdm stimulantem methylonem. Jako z\u00e1stupce <b>Designov\u00e9 drogy<\/b> se pou\u017e\u00edv\u00e1 v laborato\u0159\u00edch ke studiu komplexn\u00edch \u00fa\u010dink\u016f stimulant\u016f na centr\u00e1ln\u00ed nervov\u00fd syst\u00e9m. Rostouc\u00ed popt\u00e1vka znamen\u00e1, \u017ee st\u00e1le v\u00edce v\u011bdeck\u00fdch instituc\u00ed a sb\u011bratel\u016f hled\u00e1 p\u0159\u00edle\u017eitosti, <b>Koupit BMDP online<\/b> nebo nab\u00eddky na <b>BMDP na prodej<\/b> kde jsou rozhoduj\u00edc\u00ed nejvy\u0161\u0161\u00ed standardy \u010distoty a leg\u00e1lnosti.<\/p>\n<h2><b>Co je BMDP? Chemick\u00e1 struktura a klasifikace<\/b><\/h2>\n<p><b>BMDP<\/b> je syntetick\u00e1 katinonov\u00e1 slou\u010denina s chemick\u00fdm vzorcem <span class=\"math-inline\" data-math=\"C_{17}H_{17}NO_3\">$C_{17}H_{17}NO_3$<\/span>. Obvykle se dod\u00e1v\u00e1 jako b\u00edl\u00fd pr\u00e1\u0161ek nebo krystalick\u00e1 hydrochloridov\u00e1 s\u016fl. Jeho chemick\u00e1 struktura je charakterizov\u00e1na methylenedioxy skupinou a N-benzylovou substituc\u00ed.<\/p>\n<h3><b>Chemick\u00e1 t\u0159\u00edda a mechanismus \u00fa\u010dinku<\/b><\/h3>\n<p>BMDP pat\u0159\u00ed do chemick\u00e9 t\u0159\u00eddy <b>Cathinone<\/b>, kter\u00e9 jsou strukturn\u011b p\u0159\u00edbuzn\u00e9 p\u0159\u00edrodn\u00edm slo\u017ek\u00e1m rostliny khat.<\/p>\n<ul>\n<li><b>Souvisej\u00edc\u00ed l\u00e1tky:<\/b> BMDP je \u00fazce p\u0159\u00edbuzn\u00fd s dal\u0161\u00edmi zn\u00e1m\u00fdmi katinony, jako jsou nap\u0159. <b>Metylony, etylony a butylony<\/b>. Tento vztah z n\u011bj \u010din\u00ed d\u016fle\u017eit\u00fd objekt v\u00fdzkumu pro zkoum\u00e1n\u00ed vlivu drobn\u00fdch chemick\u00fdch zm\u011bn na farmakologick\u00fd \u00fa\u010dinek.<\/li>\n<li><b>Mechanismus \u00fa\u010dinku:<\/b> BMDP p\u016fsob\u00ed jako <b>Inhibitory zp\u011btn\u00e9ho vychyt\u00e1v\u00e1n\u00ed monoamin\u016f<\/b>. Inhibuje reabsorpci <b>Dopamin, noradrenalin a serotonin<\/b> do synaptick\u00e9 \u0161t\u011brbiny. V kontextu v\u00fdzkumu to vede ke zv\u00fd\u0161en\u00e9 koncentraci t\u011bchto neurotransmiter\u016f a vysv\u011btluje pozorovan\u00e9 stimula\u010dn\u00ed a euforick\u00e9 \u00fa\u010dinky.<\/li>\n<\/ul>\n<p>P\u0159i n\u00e1kupu je t\u0159eba zohlednit nejen <b>Cena BMDP<\/b> rozhoduj\u00edc\u00ed, ale p\u0159edev\u0161\u00edm <b>Purity<\/b> v\u00fdrobku, proto\u017ee trh \u010dasto uzn\u00e1v\u00e1 hor\u0161\u00ed nebo nepravdiv\u011b deklarovan\u00e9 vzorky jako <b>prav\u00e9 nebo fale\u0161n\u00e9 BMDP na prodej<\/b> nab\u00edz\u00ed.<\/p>\n<h2><b>Popt\u00e1vka: Pro\u010d nakupovat BMDP online?<\/b><\/h2>\n<p>Z\u00e1jem o n\u00e1kup BMDP online vych\u00e1z\u00ed z pot\u0159eby m\u00edt spolehliv\u00fd p\u0159\u00edstup k t\u00e9to specifick\u00e9 v\u00fdzkumn\u00e9 chemick\u00e9 l\u00e1tce. Vyhled\u00e1vac\u00ed dotazy, jako nap\u0159. <b>kde koupit BMDP<\/b>, <b>Objednat prav\u00e9 nebo pad\u011blan\u00e9 BMDP<\/b> a <b>Koupit BMDP levn\u011b online<\/b> jsou d\u016fkazem vysok\u00e9 popt\u00e1vky.<\/p>\n<h3><b>V\u00fdzkumn\u00e9 \u00fa\u010dely a aplikace<\/b><\/h3>\n<ul>\n<li><b>Srovn\u00e1vac\u00ed studie:<\/b> Laborato\u0159e pou\u017e\u00edvaj\u00ed BMDP k p\u0159\u00edm\u00e9mu porovn\u00e1n\u00ed jeho \u00fa\u010dinnosti a profilu vedlej\u0161\u00edch \u00fa\u010dink\u016f s jin\u00fdmi katinony.<\/li>\n<li><b>Analytick\u00e1 chemie:<\/b> Slou\u017e\u00ed jako <b>Referen\u010dn\u00ed standard<\/b> ve forenzn\u00ed a toxikologick\u00e9 anal\u00fdze pro identifikaci a kvantifikaci ve vzorc\u00edch.<\/li>\n<li><b>Dostupnost:<\/b> Online platformy nab\u00edzej\u00ed v\u011bdc\u016fm a laborato\u0159\u00edm p\u0159\u00edle\u017eitost, <b>koupit BMDP online<\/b> v dob\u011b, kdy je v b\u011b\u017en\u00e9m obchod\u011b s chemik\u00e1liemi obt\u00ed\u017en\u00e9 je naj\u00edt.<\/li>\n<\/ul>\n<h3><b>Hl\u00e1\u0161en\u00e9 \u00fa\u010dinky v kontextu v\u00fdzkumu<\/b><\/h3>\n<p>V\u00fdzkum se intenzivn\u011b zam\u011b\u0159uje na n\u00e1sleduj\u00edc\u00ed pozorovan\u00e9 \u00fa\u010dinky l\u00e1tky:<\/p>\n<h4><b>Kognitivn\u00ed a emocion\u00e1ln\u00ed \u00fa\u010dinky<\/b><\/h4>\n<ul>\n<li><b>Zlep\u0161en\u00e1 koncentrace<\/b> a zv\u00fd\u0161en\u00e9 <b>du\u0161evn\u00ed jasnost<\/b>.<\/li>\n<li>Zv\u00fd\u0161en\u00fd po\u010det str\u00e1nek <b>Euforie<\/b> a obecn\u011b <b>Wellbeing<\/b> v experiment\u00e1ln\u00edch modelech.<\/li>\n<li><b>Zv\u00fd\u0161en\u00e1 motivace<\/b> a potenci\u00e1ln\u011b lep\u0161\u00ed komunikaci.<\/li>\n<\/ul>\n<h4><b>Fyzik\u00e1ln\u00ed \u00fa\u010dinky:<\/b><\/h4>\n<ul>\n<li>V\u00fdrazn\u00fd n\u00e1r\u016fst <b>Energie<\/b> a <b>Sn\u00ed\u017een\u00ed \u00fanavy<\/b>.<\/li>\n<li>Mo\u017en\u00e9 zv\u00fd\u0161en\u00ed <b>Srde\u010dn\u00ed tep<\/b> a <b>Krevn\u00ed tlak<\/b> (kardiovaskul\u00e1rn\u00ed z\u00e1t\u011b\u017e).<\/li>\n<\/ul>\n<h2><b>D\u00e1vkov\u00e1n\u00ed a upozorn\u011bn\u00ed na zm\u011bnu d\u00e1vkov\u00e1n\u00ed pro v\u00fdzkum<\/b><\/h2>\n<p>Proto\u017ee BMDP je v\u00fdzkumn\u00e1 chemick\u00e1 l\u00e1tka bez povolen\u00e9ho l\u00e9ka\u0159sk\u00e9ho pou\u017eit\u00ed, neexistuje \u017e\u00e1dn\u00e1. <b>\u017d\u00e1dn\u00e9 ofici\u00e1ln\u00ed doporu\u010den\u00ed pro d\u00e1vkov\u00e1n\u00ed<\/b>. <b>Ka\u017ed\u00e1 konzumace p\u0159edstavuje nevy\u010d\u00edsliteln\u00e9 zdravotn\u00ed riziko.<\/b><\/p>\n<ul>\n<li><b>Po\u010d\u00e1te\u010dn\u00ed d\u00e1vka:<\/b> Je to vhodn\u00e9 p\u0159i v\u00fdzkumu, <b>za\u010d\u00edt s extr\u00e9mn\u011b n\u00edzk\u00fdmi hodnotami<\/b> a kompatibilitu, aby se minimalizovala rizika.<\/li>\n<li><b>Doba trv\u00e1n\u00ed a opakovan\u00e9 pod\u00e1v\u00e1n\u00ed:<\/b> \u00da\u010dinek BMDP obvykle trv\u00e1 <b>4 a\u017e 6 hodin<\/b> na. <b>Opakovan\u00e9 pod\u00e1v\u00e1n\u00ed (red\u00e1vkov\u00e1n\u00ed)<\/b> V kr\u00e1tk\u00fdch intervalech se m\u016f\u017ee zv\u00fd\u0161it riziko ne\u017e\u00e1douc\u00edch \u00fa\u010dink\u016f (nap\u0159. psychotick\u00fdch p\u0159\u00edznak\u016f nebo srde\u010dn\u00edch probl\u00e9m\u016f). <b>v\u00fdrazn\u011b zv\u00fd\u0161it<\/b> a je t\u0159eba se jim vyhnout.<\/li>\n<li><b>Kombinace:<\/b> Sm\u011bs s jin\u00fdmi l\u00e1tkami mus\u00ed <b>p\u0159\u00edsn\u011b se vyh\u00fdbat<\/b> st\u00e1t se.<\/li>\n<\/ul>\n<h2><b>Z\u00e1konnost a v\u00fdb\u011br spr\u00e1vn\u00e9ho produktu BMDP<\/b><\/h2>\n<p>N\u00e1kup BMDP je p\u0159\u00edsn\u011b regulov\u00e1n vzhledem k jeho pr\u00e1vn\u00edmu za\u0159azen\u00ed do kategorie NPS (nov\u00e9 psychoaktivn\u00ed l\u00e1tky) a v mnoha zem\u00edch je neleg\u00e1ln\u00ed.<\/p>\n<h3><b>P\u0159ehled pr\u00e1vn\u00ed situace<\/b><\/h3>\n<ul>\n<li><b>N\u011bmecko:<\/b> BMDP podl\u00e9h\u00e1 <b>Z\u00e1kon o nov\u00fdch psychoaktivn\u00edch l\u00e1tk\u00e1ch (NpSG)<\/b>. V N\u011bmecku <b>Koupit BMDP online<\/b> a proto maj\u00ed <b>neleg\u00e1ln\u00ed<\/b>, pokud se nepou\u017e\u00edv\u00e1 k povolen\u00fdm v\u011bdeck\u00fdm nebo obchodn\u00edm \u00fa\u010del\u016fm.<\/li>\n<li><b>USA a EU:<\/b> V mnoha st\u00e1tech je BMDP klasifikov\u00e1n jako kontrolovan\u00e1 l\u00e1tka nebo spad\u00e1 pod analogick\u00e9 z\u00e1kony.<\/li>\n<\/ul>\n<p><b>Kupuj\u00edc\u00ed se mus\u00ed p\u0159ed zad\u00e1n\u00edm objedn\u00e1vky informovat o aktu\u00e1ln\u00ed a m\u00edstn\u00ed pr\u00e1vn\u00ed situaci.<\/b><\/p>\n<h3><b>Jak si vybrat kvalitn\u00ed BMDP?<\/b><\/h3>\n<p>Mnoho z\u00e1kazn\u00edk\u016f hled\u00e1 <b>Koupit BMDP levn\u011b online<\/b> nebo <b>koupit skute\u010dn\u00e9 nebo fale\u0161n\u00e9 BMDP<\/b>, ale <b>Nejlep\u0161\u00ed m\u00edsto pro n\u00e1kup BMDP<\/b> je v\u017edy renomovan\u00fdm poskytovatelem s ov\u011b\u0159enou kvalitou.<\/p>\n<ul>\n<li><b>\u010cistota a laboratorn\u00ed testy:<\/b> To je nejd\u016fle\u017eit\u011bj\u0161\u00ed krit\u00e9rium. Vyb\u00edrejte si pouze poskytovatele, kte\u0159\u00ed <b>Aktu\u00e1ln\u00ed nez\u00e1visl\u00e9 laboratorn\u00ed testy (COA)<\/b> kter\u00e9 potvrzuj\u00ed \u010distotu a chemickou identitu.<\/li>\n<li><b>L\u00e9kov\u00e1 forma:<\/b> P\u0159esto\u017ee je pr\u00e1\u0161kov\u00e1 forma ide\u00e1ln\u00ed pro p\u0159esn\u00e9 d\u00e1vkov\u00e1n\u00ed v laborato\u0159i, lze ji nab\u00edzet tak\u00e9 ve form\u011b kapsl\u00ed nebo tablet. Forma by m\u011bla b\u00fdt z\u0159eteln\u011b ozna\u010dena.<\/li>\n<li><b>Cena a spolehlivost:<\/b> Porovnejte <b>Cena BMDP<\/b> r\u016fzn\u00fdch obchod\u016f je rozhoduj\u00edc\u00ed. Extr\u00e9mn\u011b n\u00edzk\u00e9 ceny jsou \u010dasto indik\u00e1torem ne\u010distot. Prodejce by m\u011bl <b>Transparentnost<\/b> a <b>Bezpe\u010dn\u00e9 platebn\u00ed metody<\/b> nab\u00eddka.<\/li>\n<\/ul>\n<h3><b>Nejlep\u0161\u00ed m\u00edsta pro n\u00e1kup BMDP online<\/b><\/h3>\n<p>N\u00e1kup by m\u011bl b\u00fdt proveden pouze z <b>d\u016fv\u011bryhodn\u00ed, specializovan\u00ed distributo\u0159i chemik\u00e1li\u00ed<\/b> se uskute\u010dn\u00ed.<\/p>\n<ul>\n<li><b>Obl\u00edben\u00ed prodejci<\/b> jsou transparentn\u00ed z hlediska p\u016fvodu a nab\u00edzej\u00ed p\u0159\u00edmo laboratorn\u00ed testy.<\/li>\n<li><b>Bezpe\u010dn\u00e9 zpracov\u00e1n\u00ed plateb<\/b> a <b>Diskr\u00e9tn\u00ed, anonymn\u00ed odesl\u00e1n\u00ed<\/b> jsou dal\u0161\u00edmi zn\u00e1mkami v\u00e1\u017enosti.<\/li>\n<\/ul>\n<h2><b>Z\u00e1v\u011br: opatrnost p\u0159i n\u00e1kupu BMDP online<\/b><\/h2>\n<p>BMDP (benzylon) je siln\u00e1 syntetick\u00e1 katinonov\u00e1 slou\u010denina, kter\u00e1 je d\u016fle\u017eit\u00e1 ve v\u00fdzkumu d\u00edky sv\u00fdm stimula\u010dn\u00edm \u00fa\u010dink\u016fm. Kdo <b>kupuje prav\u00e9 nebo pad\u011blan\u00e9 BMDP<\/b> nebo <b>Koupit BMDP online<\/b> si mus\u00ed b\u00fdt v\u011bdom <b>rizika, p\u0159\u00edsn\u00e1 z\u00e1konnost (nap\u0159. NpSG v N\u011bmecku) a naprosto nezbytn\u00e1 \u010distota v\u00fdrobku.<\/b> v\u00fdrobku. Str\u00e1nky <b>Nejlep\u0161\u00ed m\u00edsto pro n\u00e1kup BMDP<\/b> je v\u017edy d\u016fv\u011bryhodn\u00fdm prodejcem s f\u00e9rov\u00fdmi cenami. <b>Ceny BMDP<\/b> a zdokumentovanou kvalitu.<\/p>\n<p>&nbsp;<\/p>","protected":false},"excerpt":{"rendered":"<p><strong>BMDP<\/strong> je vysoce kvalitn\u00ed pyrolidinofenonov\u00e1 slou\u010denina ur\u010den\u00e1 v\u00fdhradn\u011b pro v\u011bdeck\u00e9 studie. Je ide\u00e1ln\u00ed pro \u00fa\u010dely chemick\u00e9ho a farmakologick\u00e9ho v\u00fdzkumu. Nen\u00ed ur\u010dena k lidsk\u00e9 spot\u0159eb\u011b.<\/p>","protected":false},"featured_media":7046,"comment_status":"open","ping_status":"closed","template":"","meta":{"_joinchat":[]},"product_brand":[],"product_cat":[49],"product_tag":[1946,1952,1947,1950,1951,1949,1948,188,1814,248],"class_list":{"0":"post-7007","1":"product","2":"type-product","3":"status-publish","4":"has-post-thumbnail","6":"product_cat-cathinones","7":"product_tag-bmdp","8":"product_tag-bmdp-chemikalien","9":"product_tag-bmdp-kaufen","10":"product_tag-bmdp-kristalle","11":"product_tag-bmdp-online","12":"product_tag-bmdp-pulver","13":"product_tag-bmdp-zum-verkauf","14":"product_tag-forschungschemikalien","15":"product_tag-forschungsstoffe-kaufen","16":"product_tag-synthetische-stimulanzien","18":"first","19":"instock","20":"shipping-taxable","21":"purchasable","22":"product-type-variable"},"yoast_head":"<!-- This site is optimized with the Yoast SEO plugin v27.5 - https:\/\/yoast.com\/product\/yoast-seo-wordpress\/ -->\n<title>BMDP online Kaufen \u2013 BMDP zu verkaufen | Chemgramx<\/title>\n<meta name=\"description\" content=\"Wenn Sie BMDP noch nicht in unserem Chemgramx-Shop ausprobiert haben, verpassen Sie eine Menge. Wir helfen Ihnen, BMDP online zu g\u00fcnstigen Preisen zu kaufen. Holen Sie sich BMDP noch heute zum Verkauf!\" \/>\n<meta name=\"robots\" content=\"index, follow, max-snippet:-1, max-image-preview:large, max-video-preview:-1\" \/>\n<link rel=\"canonical\" href=\"https:\/\/chemgramx.com\/cs\/produkt-1\/koupit-bmdp-online\/\" \/>\n<meta property=\"og:locale\" content=\"cs_CZ\" \/>\n<meta property=\"og:type\" content=\"article\" \/>\n<meta property=\"og:title\" content=\"BMDP online Kaufen \u2013 BMDP zu verkaufen | Chemgramx\" \/>\n<meta property=\"og:description\" content=\"Wenn Sie BMDP noch nicht in unserem Chemgramx-Shop ausprobiert haben, verpassen Sie eine Menge. Wir helfen Ihnen, BMDP online zu g\u00fcnstigen Preisen zu kaufen. Holen Sie sich BMDP noch heute zum Verkauf!\" \/>\n<meta property=\"og:url\" content=\"https:\/\/chemgramx.com\/cs\/produkt-1\/koupit-bmdp-online\/\" \/>\n<meta property=\"og:site_name\" content=\"Chemgramx\" \/>\n<meta property=\"article:modified_time\" content=\"2025-11-21T11:13:32+00:00\" \/>\n<meta property=\"og:image\" content=\"https:\/\/chemgramx.com\/wp-content\/uploads\/2025\/11\/bmdb.png\" \/>\n\t<meta property=\"og:image:width\" content=\"600\" \/>\n\t<meta property=\"og:image:height\" content=\"400\" \/>\n\t<meta property=\"og:image:type\" content=\"image\/png\" \/>\n<meta name=\"twitter:card\" content=\"summary_large_image\" \/>\n<meta name=\"twitter:label1\" content=\"Odhadovan\u00e1 doba \u010dten\u00ed\" \/>\n\t<meta name=\"twitter:data1\" content=\"4 minuty\" \/>\n<script type=\"application\/ld+json\" class=\"yoast-schema-graph\">{\"@context\":\"https:\\\/\\\/schema.org\",\"@graph\":[{\"@type\":\"WebPage\",\"@id\":\"https:\\\/\\\/chemgramx.com\\\/product\\\/bmdp-online-kaufen\\\/\",\"url\":\"https:\\\/\\\/chemgramx.com\\\/product\\\/bmdp-online-kaufen\\\/\",\"name\":\"BMDP online Kaufen \u2013 BMDP zu verkaufen | Chemgramx\",\"isPartOf\":{\"@id\":\"https:\\\/\\\/chemgramx.com\\\/#website\"},\"primaryImageOfPage\":{\"@id\":\"https:\\\/\\\/chemgramx.com\\\/product\\\/bmdp-online-kaufen\\\/#primaryimage\"},\"image\":{\"@id\":\"https:\\\/\\\/chemgramx.com\\\/product\\\/bmdp-online-kaufen\\\/#primaryimage\"},\"thumbnailUrl\":\"https:\\\/\\\/chemgramx.com\\\/wp-content\\\/uploads\\\/2025\\\/11\\\/bmdb.png\",\"datePublished\":\"2025-11-21T11:11:34+00:00\",\"dateModified\":\"2025-11-21T11:13:32+00:00\",\"description\":\"Wenn Sie BMDP noch nicht in unserem Chemgramx-Shop ausprobiert haben, verpassen Sie eine Menge. Wir helfen Ihnen, BMDP online zu g\u00fcnstigen Preisen zu kaufen. Holen Sie sich BMDP noch heute zum Verkauf!\",\"breadcrumb\":{\"@id\":\"https:\\\/\\\/chemgramx.com\\\/product\\\/bmdp-online-kaufen\\\/#breadcrumb\"},\"inLanguage\":\"cs\",\"potentialAction\":[{\"@type\":\"ReadAction\",\"target\":[\"https:\\\/\\\/chemgramx.com\\\/product\\\/bmdp-online-kaufen\\\/\"]}]},{\"@type\":\"ImageObject\",\"inLanguage\":\"cs\",\"@id\":\"https:\\\/\\\/chemgramx.com\\\/product\\\/bmdp-online-kaufen\\\/#primaryimage\",\"url\":\"https:\\\/\\\/chemgramx.com\\\/wp-content\\\/uploads\\\/2025\\\/11\\\/bmdb.png\",\"contentUrl\":\"https:\\\/\\\/chemgramx.com\\\/wp-content\\\/uploads\\\/2025\\\/11\\\/bmdb.png\",\"width\":600,\"height\":400},{\"@type\":\"BreadcrumbList\",\"@id\":\"https:\\\/\\\/chemgramx.com\\\/product\\\/bmdp-online-kaufen\\\/#breadcrumb\",\"itemListElement\":[{\"@type\":\"ListItem\",\"position\":1,\"name\":\"Home\",\"item\":\"https:\\\/\\\/chemgramx.com\\\/\"},{\"@type\":\"ListItem\",\"position\":2,\"name\":\"Shop\",\"item\":\"https:\\\/\\\/chemgramx.com\\\/shop\\\/\"},{\"@type\":\"ListItem\",\"position\":3,\"name\":\"BMDP Online Kaufen\"}]},{\"@type\":\"WebSite\",\"@id\":\"https:\\\/\\\/chemgramx.com\\\/#website\",\"url\":\"https:\\\/\\\/chemgramx.com\\\/\",\"name\":\"Chemgramx\",\"description\":\"\",\"publisher\":{\"@id\":\"https:\\\/\\\/chemgramx.com\\\/#organization\"},\"potentialAction\":[{\"@type\":\"SearchAction\",\"target\":{\"@type\":\"EntryPoint\",\"urlTemplate\":\"https:\\\/\\\/chemgramx.com\\\/?s={search_term_string}\"},\"query-input\":{\"@type\":\"PropertyValueSpecification\",\"valueRequired\":true,\"valueName\":\"search_term_string\"}}],\"inLanguage\":\"cs\"},{\"@type\":\"Organization\",\"@id\":\"https:\\\/\\\/chemgramx.com\\\/#organization\",\"name\":\"Chemgramx\",\"url\":\"https:\\\/\\\/chemgramx.com\\\/\",\"logo\":{\"@type\":\"ImageObject\",\"inLanguage\":\"cs\",\"@id\":\"https:\\\/\\\/chemgramx.com\\\/#\\\/schema\\\/logo\\\/image\\\/\",\"url\":\"https:\\\/\\\/chemgramx.com\\\/wp-content\\\/uploads\\\/2024\\\/10\\\/final-logo.png\",\"contentUrl\":\"https:\\\/\\\/chemgramx.com\\\/wp-content\\\/uploads\\\/2024\\\/10\\\/final-logo.png\",\"width\":250,\"height\":48,\"caption\":\"Chemgramx\"},\"image\":{\"@id\":\"https:\\\/\\\/chemgramx.com\\\/#\\\/schema\\\/logo\\\/image\\\/\"}}]}<\/script>\n<!-- \/ Yoast SEO plugin. -->","yoast_head_json":{"title":"Koupit BMDP online \u2013 BMDP na prodej | Chemgramx","description":"Pokud jste je\u0161t\u011b nevyzkou\u0161eli BMDP v na\u0161em obchod\u011b Chemgramx, o n\u011bco p\u0159ich\u00e1z\u00edte. Pom\u016f\u017eeme v\u00e1m koupit BMDP online za dostupn\u00e9 ceny. Po\u0159i\u010fte si BMDP ve slev\u011b je\u0161t\u011b dnes!","robots":{"index":"index","follow":"follow","max-snippet":"max-snippet:-1","max-image-preview":"max-image-preview:large","max-video-preview":"max-video-preview:-1"},"canonical":"https:\/\/chemgramx.com\/cs\/produkt-1\/koupit-bmdp-online\/","og_locale":"cs_CZ","og_type":"article","og_title":"BMDP online Kaufen \u2013 BMDP zu verkaufen | Chemgramx","og_description":"Wenn Sie BMDP noch nicht in unserem Chemgramx-Shop ausprobiert haben, verpassen Sie eine Menge. Wir helfen Ihnen, BMDP online zu g\u00fcnstigen Preisen zu kaufen. Holen Sie sich BMDP noch heute zum Verkauf!","og_url":"https:\/\/chemgramx.com\/cs\/produkt-1\/koupit-bmdp-online\/","og_site_name":"Chemgramx","article_modified_time":"2025-11-21T11:13:32+00:00","og_image":[{"width":600,"height":400,"url":"https:\/\/chemgramx.com\/wp-content\/uploads\/2025\/11\/bmdb.png","type":"image\/png"}],"twitter_card":"summary_large_image","twitter_misc":{"Odhadovan\u00e1 doba \u010dten\u00ed":"4 minuty"},"schema":{"@context":"https:\/\/schema.org","@graph":[{"@type":"WebPage","@id":"https:\/\/chemgramx.com\/product\/bmdp-online-kaufen\/","url":"https:\/\/chemgramx.com\/product\/bmdp-online-kaufen\/","name":"Koupit BMDP online \u2013 BMDP na prodej | Chemgramx","isPartOf":{"@id":"https:\/\/chemgramx.com\/#website"},"primaryImageOfPage":{"@id":"https:\/\/chemgramx.com\/product\/bmdp-online-kaufen\/#primaryimage"},"image":{"@id":"https:\/\/chemgramx.com\/product\/bmdp-online-kaufen\/#primaryimage"},"thumbnailUrl":"https:\/\/chemgramx.com\/wp-content\/uploads\/2025\/11\/bmdb.png","datePublished":"2025-11-21T11:11:34+00:00","dateModified":"2025-11-21T11:13:32+00:00","description":"Pokud jste je\u0161t\u011b nevyzkou\u0161eli BMDP v na\u0161em obchod\u011b Chemgramx, o n\u011bco p\u0159ich\u00e1z\u00edte. Pom\u016f\u017eeme v\u00e1m koupit BMDP online za dostupn\u00e9 ceny. Po\u0159i\u010fte si BMDP ve slev\u011b je\u0161t\u011b dnes!","breadcrumb":{"@id":"https:\/\/chemgramx.com\/product\/bmdp-online-kaufen\/#breadcrumb"},"inLanguage":"cs","potentialAction":[{"@type":"ReadAction","target":["https:\/\/chemgramx.com\/product\/bmdp-online-kaufen\/"]}]},{"@type":"ImageObject","inLanguage":"cs","@id":"https:\/\/chemgramx.com\/product\/bmdp-online-kaufen\/#primaryimage","url":"https:\/\/chemgramx.com\/wp-content\/uploads\/2025\/11\/bmdb.png","contentUrl":"https:\/\/chemgramx.com\/wp-content\/uploads\/2025\/11\/bmdb.png","width":600,"height":400},{"@type":"BreadcrumbList","@id":"https:\/\/chemgramx.com\/product\/bmdp-online-kaufen\/#breadcrumb","itemListElement":[{"@type":"ListItem","position":1,"name":"Home","item":"https:\/\/chemgramx.com\/"},{"@type":"ListItem","position":2,"name":"Shop","item":"https:\/\/chemgramx.com\/shop\/"},{"@type":"ListItem","position":3,"name":"BMDP Online Kaufen"}]},{"@type":"WebSite","@id":"https:\/\/chemgramx.com\/#website","url":"https:\/\/chemgramx.com\/","name":"Chemgramx","description":"","publisher":{"@id":"https:\/\/chemgramx.com\/#organization"},"potentialAction":[{"@type":"SearchAction","target":{"@type":"EntryPoint","urlTemplate":"https:\/\/chemgramx.com\/?s={search_term_string}"},"query-input":{"@type":"PropertyValueSpecification","valueRequired":true,"valueName":"search_term_string"}}],"inLanguage":"cs"},{"@type":"Organization","@id":"https:\/\/chemgramx.com\/#organization","name":"Chemgramx","url":"https:\/\/chemgramx.com\/","logo":{"@type":"ImageObject","inLanguage":"cs","@id":"https:\/\/chemgramx.com\/#\/schema\/logo\/image\/","url":"https:\/\/chemgramx.com\/wp-content\/uploads\/2024\/10\/final-logo.png","contentUrl":"https:\/\/chemgramx.com\/wp-content\/uploads\/2024\/10\/final-logo.png","width":250,"height":48,"caption":"Chemgramx"},"image":{"@id":"https:\/\/chemgramx.com\/#\/schema\/logo\/image\/"}}]}},"_links":{"self":[{"href":"https:\/\/chemgramx.com\/cs\/wp-json\/wp\/v2\/product\/7007","targetHints":{"allow":["GET"]}}],"collection":[{"href":"https:\/\/chemgramx.com\/cs\/wp-json\/wp\/v2\/product"}],"about":[{"href":"https:\/\/chemgramx.com\/cs\/wp-json\/wp\/v2\/types\/product"}],"replies":[{"embeddable":true,"href":"https:\/\/chemgramx.com\/cs\/wp-json\/wp\/v2\/comments?post=7007"}],"wp:featuredmedia":[{"embeddable":true,"href":"https:\/\/chemgramx.com\/cs\/wp-json\/wp\/v2\/media\/7046"}],"wp:attachment":[{"href":"https:\/\/chemgramx.com\/cs\/wp-json\/wp\/v2\/media?parent=7007"}],"wp:term":[{"taxonomy":"product_brand","embeddable":true,"href":"https:\/\/chemgramx.com\/cs\/wp-json\/wp\/v2\/product_brand?post=7007"},{"taxonomy":"product_cat","embeddable":true,"href":"https:\/\/chemgramx.com\/cs\/wp-json\/wp\/v2\/product_cat?post=7007"},{"taxonomy":"product_tag","embeddable":true,"href":"https:\/\/chemgramx.com\/cs\/wp-json\/wp\/v2\/product_tag?post=7007"}],"curies":[{"name":"wp","href":"https:\/\/api.w.org\/{rel}","templated":true}]}}