{"id":7009,"date":"2025-11-21T11:11:34","date_gmt":"2025-11-21T11:11:34","guid":{"rendered":"https:\/\/chemgramx.com\/?post_type=product&#038;p=7009"},"modified":"2025-11-21T11:13:32","modified_gmt":"2025-11-21T11:13:32","slug":"d-tertylone-order-online","status":"publish","type":"product","link":"https:\/\/chemgramx.com\/cs\/product\/d-tertylone-bestellung-online\/","title":{"rendered":"D-Tertylone Order Online"},"content":{"rendered":"<p><b>D-<a href=\"\/product\/d-tertylone-online-kaufen\/\">Tertylon hydrochlorid<\/a><\/b>, chemicky zn\u00e1m\u00fd tak\u00e9 jako <b>MDPT<\/b> nebo <b>tBuONE<\/b>, se etabluje jako nepostradateln\u00fd <b>analytick\u00fd referen\u010dn\u00ed standard<\/b> nejvy\u0161\u0161\u00ed t\u0159\u00eddy. Jako z\u00e1stupce <b>syntetick\u00e9 <span class=\"math-inline\" data-math=\"beta\">beta<\/span>-Keto-katinon<\/b> tato l\u00e1tka hraje kl\u00ed\u010dovou roli v modern\u00edm zkoum\u00e1n\u00ed <b>nov\u00e9 psychoaktivn\u00ed l\u00e1tky (NPS)<\/b>. Molekul\u00e1rn\u00ed struktura je bl\u00edzce p\u0159\u00edbuzn\u00e1 s dal\u0161\u00edmi klinicky a forenzn\u011b relevantn\u00edmi stimulanty, jako jsou nap\u0159. <b>MDPV<\/b> a <b>Pyrovaleron<\/b>, D-tertylon je tak d\u016fle\u017eitou kontroln\u00ed molekulou pro pochopen\u00ed a anal\u00fdzu komplexn\u00edch mechanism\u016f inhibice zp\u011btn\u00e9ho vychyt\u00e1v\u00e1n\u00ed.<\/p>\n<p>Na\u0161e \u0161ar\u017ee D-Tertylonu HCl je p\u0159\u00edsn\u011b omezena na pou\u017eit\u00ed v <b>\u0159\u00edzen\u00e9 laboratorn\u00ed prost\u0159ed\u00ed<\/b> orientovan\u00e9. Je ur\u010den v\u00fdhradn\u011b pro <b>Kvalifikovan\u00ed odborn\u00edci<\/b> a <b>Akreditovan\u00e9 v\u00fdzkumn\u00e9 instituce<\/b> kte\u0159\u00ed kladou nejvy\u0161\u0161\u00ed n\u00e1roky na \u010distotu a dokumentaci sv\u00fdch \u010dinidel. S <b>analyticky potvrzen\u00e1 \u010distota <span class=\"math-inline\" data-math=\"ge98,%\">98%<\/span><\/b>\u00a0n\u00e1\u0161 standard zaru\u010duje pot\u0159ebn\u00e9 <b>P\u0159esnost<\/b> a <b>Reprodukovatelnost<\/b> pro va\u0161e <b>spektroskopick\u00e9<\/b> a <b>chromatografie<\/b> Rozm\u011bry. Pro laborato\u0159e, kter\u00e9 se specializuj\u00ed na stanoven\u00ed robustn\u00edch <b>Projekce NPS<\/b> a <b>Validace toxikologick\u00fdch metod<\/b> je <b>Referen\u010dn\u00ed standard D-tertylon<\/b> z\u00e1kladem v\u011bdeck\u00e9 integrity.<\/p>\n<h2>P\u0159esnost v chemii: struktura, specifikace a z\u00e1ruka \u010distoty<\/h2>\n<p>Z\u00e1kladem ka\u017ed\u00e9 platn\u00e9 analytick\u00e9 pr\u00e1ce je strukturn\u00ed \u010distota a chemick\u00e1 \u010distota referen\u010dn\u00edho materi\u00e1lu. D-tertylon (MDPT) nen\u00ed v\u00fdjimkou a jeho charakterizace vy\u017eaduje maxim\u00e1ln\u00ed p\u00e9\u010di.<\/p>\n<h3>Podrobn\u00fd chemick\u00fd otisk D-tertylonu<\/h3>\n<p>Nomenklatura popisuje specifick\u00e9 funk\u010dn\u00ed skupiny, kter\u00e9 d\u00e1vaj\u00ed D-tertylonu jeho jedine\u010dn\u00e9 vlastnosti. L\u00e1tka pat\u0159\u00ed do skupiny <b><span class=\"math-inline\" data-math=\"beta\">beta<\/span>-Keto-katinon<\/b> (<span class=\"math-inline\" data-math=\"beta\">beta-<\/span>ketony), kter\u00e9 se vyzna\u010duj\u00ed substituentem keto skupiny na karbon\u00e1tu. <span class=\"math-inline\" data-math=\"beta\">beta<\/span>-uhl\u00edk je charakterizov\u00e1n. Strukturn\u011b je molekula charakterizov\u00e1na n\u00e1sleduj\u00edc\u00edmi znaky <b>Methylenedioxyfenylov\u00e1 skupina<\/b> na aromatick\u00e9m kruhu a objemn\u00e9m <b>terc-butylaminov\u00e9 substituenty<\/b> na aminoskupin\u011b.<\/p>\n<ul>\n<li><b>Chemick\u00e1 t\u0159\u00edda:<\/b> Syntetick\u00e9 <span class=\"math-inline\" data-math=\"beta\">beta<\/span>-Keto-katinon<\/li>\n<li><b>N\u00e1zev IUPAC:<\/b> P\u0159esn\u00fd chemick\u00fd n\u00e1zev je <b>1-(3,4-methylendioxyfenyl)-2-(terc-butylamino)-propan-1-on<\/b>.<\/li>\n<li><b>Molekul\u00e1rn\u00ed forma:<\/b> Obecn\u011b se pou\u017e\u00edv\u00e1 jako stabiln\u00ed <b>Hydrochloridov\u00e1 s\u016fl<\/b> doru\u010deno.<\/li>\n<li><b>Souhrnn\u00fd stav:<\/b> Vysok\u00e1 \u010distota, <b>krystalick\u00fd pr\u00e1\u0161ek<\/b>, kter\u00e1 umo\u017e\u0148uje jednoduch\u00e9 a p\u0159esn\u00e9 v\u00e1\u017een\u00ed na analytick\u00fdch vah\u00e1ch.<\/li>\n<li><b>Molekulov\u00e1 hmotnost:<\/b> <span class=\"math-inline\" data-math=\"213.69 , text{g\/mol}\">213,69 g\/mol <\/span>(hydrochlorid), kter\u00fd je rozhoduj\u00edc\u00ed pro p\u0159\u00edpravu mol\u00e1rn\u00edch standardn\u00edch roztok\u016f.<\/li>\n<li><b>Profil rozpustnosti:<\/b> Vynikaj\u00edc\u00ed <b>Rozpustnost v pol\u00e1rn\u00edch rozpou\u0161t\u011bdlech<\/b> (jako je metanol a acetonitril) a ve vod\u011b, co\u017e usnad\u0148uje p\u0159\u00edpravu kalibra\u010dn\u00edch standard\u016f pro <span class=\"math-inline\" data-math=\"LC-MS\/MS\">LC-MS\/MS<\/span>\u00a0a <span class=\"math-inline\" data-math=\"HPLC\">HPLC<\/span>\u00a0zjednodu\u0161en\u011b.<\/li>\n<\/ul>\n<h3>Zaru\u010den\u00e1 analytick\u00e1 kvalita a dokumentace<\/h3>\n<p>N\u00e1\u0161 z\u00e1vazek ke kvalit\u011b p\u0159esahuje pouh\u00e9 prohl\u00e1\u0161en\u00ed o \u010distot\u011b. Nab\u00edz\u00edme komplexn\u00ed <b>Zaji\u0161t\u011bn\u00ed kvality<\/b>, co\u017e je nezbytn\u00e9 pro dodr\u017een\u00ed mezin\u00e1rodn\u00edch laboratorn\u00edch norem.<\/p>\n<ol start=\"1\">\n<li><b>Anal\u00fdza \u010distoty:<\/b> Jeden <b>analytick\u00e1 \u010distota <span class=\"math-inline\" data-math=\"ge98,%\">98%<\/span><\/b>\u00a0je minim\u00e1ln\u00ed po\u017eadavek. Toho se dosahuje p\u0159edev\u0161\u00edm <b>HPLC (vysoce \u00fa\u010dinn\u00e1 kapalinov\u00e1 chromatografie)<\/b> potvrzeno pomoc\u00ed UV nebo DAD detekce. Dopl\u0148kov\u00e9 techniky, jako nap\u0159. <b>chromatografie na tenk\u00e9 vrstv\u011b (TLC)<\/b> nebo <b>plynov\u00e1 chromatografie (GC)<\/b> Anal\u00fdzy lze pou\u017e\u00edt tak\u00e9 k ov\u011b\u0159en\u00ed.<\/li>\n<li><b>Certifik\u00e1t o anal\u00fdze (CoA):<\/b> Ka\u017ed\u00e1 dodan\u00e1 jednotka je ozna\u010dena <b>kompletn\u00ed CoA<\/b> za p\u0159edpokladu, \u017ee. Tento dokument obsahuje nejen hodnocen\u00ed \u010distoty, ale tak\u00e9 d\u016fle\u017eit\u00e9 informace o <b>Spektrometrick\u00e9 \u00fadaje<\/b> (<b>Hmotnostn\u00ed spektrometrie (MS)<\/b> a <b><a href=\"\/product\/d-tertylone-bestellung-online-kaufen\/\">Spektroskopie nukle\u00e1rn\u00ed magnetick\u00e9 rezonance<\/a> (NMR)<\/b>), kter\u00e9 se pou\u017e\u00edvaj\u00ed pro <b>Ov\u011b\u0159ov\u00e1n\u00ed<\/b> molekul\u00e1rn\u00ed struktury a vytv\u00e1\u0159en\u00ed <b>Referen\u010dn\u00ed spektra<\/b> jsou vy\u017eadov\u00e1ny v laboratorn\u00ed datab\u00e1zi.<\/li>\n<li><b>Sledovatelnost:<\/b> Na\u0161e v\u00fdrobn\u00ed a zku\u0161ebn\u00ed protokoly zaru\u010duj\u00ed bezprobl\u00e9mov\u00fd a plynul\u00fd provoz. <b>Sledovatelnost<\/b> ka\u017ed\u00e9 \u0161ar\u017ee, co\u017e je rozhoduj\u00edc\u00ed faktor pro. <b>Certifikace ISO 17025<\/b> a dodr\u017eov\u00e1n\u00ed <b>Normy SLP<\/b> (Spr\u00e1vn\u00e1 laboratorn\u00ed praxe).<\/li>\n<\/ol>\n<h2>\u00a0Hlavn\u00ed oblasti v\u00fdzkumu a toxikologick\u00fd v\u00fdznam<\/h2>\n<p>V\u00fdzkum D-tertylonu (MDPT) m\u00e1 z\u00e1sadn\u00ed v\u00fdznam pro pochopen\u00ed farmakologie syntetick\u00fdch katinon\u016f a pro dal\u0161\u00ed v\u00fdvoj forenzn\u00edch detek\u010dn\u00edch metod.<\/p>\n<h3>Forenzn\u00ed toxikologie a screening NPS<\/h3>\n<p>Vzhledem k neust\u00e1l\u00e9mu v\u00fdskytu nov\u00fdch kathinonov\u00fdch deriv\u00e1t\u016f je D-tertylon kl\u00ed\u010dovou molekulou ve forenzn\u00ed anal\u00fdze. Laborato\u0159e pot\u0159ebuj\u00ed <b>Referen\u010dn\u00ed standard MDPT<\/b>, optimalizovat sv\u00e9 analytick\u00e9 zku\u0161ebn\u00ed postupy. <b>ov\u011b\u0159it platnost<\/b> a aktualizovat sv\u00e9 datab\u00e1ze.<\/p>\n<ul>\n<li><b>Validace metody:<\/b> D-Tertylon slou\u017e\u00ed jako z\u00e1kladn\u00ed <b>Standard kontroly kvality<\/b> p\u0159i v\u00fdvoji robustn\u00edch <b>Screeningov\u00e9 testy s v\u00edce c\u00edli<\/b> pro identifikaci katinon\u016f v biologick\u00fdch vzorc\u00edch (nap\u0159. v mo\u010di, krvi, vlasech).<\/li>\n<li><b>Kalibrace a kvantifikace:<\/b> Vysoce \u010dist\u00fd materi\u00e1l se pou\u017e\u00edv\u00e1 k v\u00fdrob\u011b p\u0159esn\u00fdch <b>Kalibra\u010dn\u00ed k\u0159ivky<\/b> pro <b>LC-MS\/MS<\/b> a dal\u0161\u00ed kvantitativn\u00ed techniky, kter\u00e9 umo\u017e\u0148uj\u00ed p\u0159esn\u00e9 stanoven\u00ed koncentrac\u00ed ve forenzn\u00edch p\u0159\u00edpadech.<\/li>\n<li><b>Posmrtn\u00e1 anal\u00fdza:<\/b> Tato l\u00e1tka je kritick\u00fdm referen\u010dn\u00edm bodem pro anal\u00fdzu kadaver\u00f3zn\u00edho materi\u00e1lu, kde jsou kladeny vysok\u00e9 n\u00e1roky na citlivost a selektivitu metody.<\/li>\n<\/ul>\n<h3>Farmakologick\u00fd a metabolick\u00fd v\u00fdzkum<\/h3>\n<p>Struktur\u00e1ln\u00ed podobnost s v\u00fdznamn\u00fdmi MRI (inhibitory zp\u011btn\u00e9ho vychyt\u00e1v\u00e1n\u00ed monoamin\u016f) \u010din\u00ed z D-tertylonu d\u016fle\u017eit\u00fd model pro farmakologick\u00e9 studie.<\/p>\n<ul>\n<li><b>Studie transport\u00e9r\u016f neurotransmiter\u016f:<\/b> D-Tertylon se pou\u017e\u00edv\u00e1 ke stabilizaci <b>Affinity<\/b> a <b>Potence<\/b> molekuly <b>P\u0159ena\u0161e\u010de dopaminu, noradrenalinu a serotoninu<\/b> kter\u00e9 je t\u0159eba prozkoumat. Tyto studie pom\u00e1haj\u00ed rozlu\u0161tit potenci\u00e1ln\u00ed rizika a molekul\u00e1rn\u00ed profil l\u00e1tky.<\/li>\n<li><b>Screening metabolismu:<\/b> Aby mohly forenzn\u00ed laborato\u0159e rozpoznat l\u00e1tku i po metabolick\u00e9m rozkladu, pou\u017e\u00edv\u00e1 se D-Tertylon pro. <b><span class=\"math-inline\" data-math=\"In\">Na adrese <\/span><span class=\"math-inline\" data-math=\"vitro\">in vitro<\/span>-Studie metabolismu<\/b> se pou\u017e\u00edv\u00e1. P\u0159esn\u00fd <b>produkty chemick\u00e9ho rozkladu<\/b> (metabolity) a charakterizovali jejich strukturu pomoc\u00ed hmotnostn\u00ed spektrometrie s vysok\u00fdm rozli\u0161en\u00edm. Identifikace t\u011bchto metabolit\u016f je kl\u00ed\u010dem k v\u00fdvoji nov\u00fdch forenzn\u00edch metod. <b>Biomarkery<\/b>.<\/li>\n<\/ul>\n<h2>\u00a0Pr\u00e1vn\u00ed r\u00e1mec a soulad laborato\u0159e<\/h2>\n<p>N\u00e1kup a nakl\u00e1d\u00e1n\u00ed s D-Tertylone hydrochloride podl\u00e9h\u00e1 p\u0159\u00edsn\u00fdm pr\u00e1vn\u00edm p\u0159edpis\u016fm a je vyhrazeno v\u00fdhradn\u011b pro v\u011bdeck\u00e9 pou\u017eit\u00ed.<\/p>\n<h3>Pr\u00e1vn\u00ed a regula\u010dn\u00ed po\u017eadavky<\/h3>\n<p>Bez ohledu na p\u0159\u00edslu\u0161nou n\u00e1rodn\u00ed klasifikaci (kter\u00e1 se m\u016f\u017ee neust\u00e1le m\u011bnit, nap\u0159. za\u0159azen\u00edm do <b>NpSG<\/b> nebo <b>BtMG<\/b>), D-Tertylon se pou\u017e\u00edv\u00e1 jako <b>\u0159\u00edzen\u00fd v\u00fdzkum chemick\u00fdch l\u00e1tek<\/b> zpracov\u00e1no.<\/p>\n<ul>\n<li><b>Omezen\u00ed prodeje:<\/b> Prodej prob\u00edh\u00e1 p\u0159\u00edsn\u011b <b>pouze opr\u00e1vn\u011bn\u00fdm v\u00fdzkumn\u00fdm instituc\u00edm<\/b> nebo spole\u010dnosti s p\u0159\u00edslu\u0161n\u00fdmi licencemi a povolen\u00edmi k nakl\u00e1d\u00e1n\u00ed s regulovan\u00fdmi l\u00e1tkami.<\/li>\n<li><b>Odpov\u011bdnost za dodr\u017eov\u00e1n\u00ed p\u0159edpis\u016f:<\/b> Kupuj\u00edc\u00ed nese plnou odpov\u011bdnost za dodr\u017eov\u00e1n\u00ed v\u0161ech <b>m\u00edstn\u00ed, vnitrost\u00e1tn\u00ed a mezin\u00e1rodn\u00ed pr\u00e1vn\u00ed p\u0159edpisy<\/b> t\u00fdkaj\u00edc\u00ed se dovozu, dr\u017een\u00ed, skladov\u00e1n\u00ed a pou\u017e\u00edv\u00e1n\u00ed t\u00e9to regulovan\u00e9 chemick\u00e9 l\u00e1tky.<\/li>\n<\/ul>\n<h3>Bezpe\u010dnost a spr\u00e1vn\u00e9 zach\u00e1zen\u00ed v laborato\u0159i<\/h3>\n<p>Bezpe\u010dn\u00e9 zpracov\u00e1n\u00ed tohoto analytick\u00e9ho standardu mus\u00ed b\u00fdt prov\u00e1d\u011bno v souladu s nejp\u0159\u00edsn\u011bj\u0161\u00edmi pravidly. <b>V souladu s GLP<\/b> podm\u00ednky:<\/p>\n<ul>\n<li><b>PSA:<\/b> Pracovn\u00edk laborato\u0159e mus\u00ed v\u017edy <b>Osobn\u00ed ochrann\u00e9 prost\u0159edky<\/b> v\u010detn\u011b <b>Laboratorn\u00ed pl\u00e1\u0161\u0165, rukavice odoln\u00e9 proti chemik\u00e1li\u00edm<\/b> a <b>Ochrann\u00e9 br\u00fdle<\/b>.<\/li>\n<li><b>V\u011btr\u00e1n\u00ed:<\/b> Zpracov\u00e1n\u00ed <b>krystalick\u00fd pr\u00e1\u0161ek<\/b> a p\u0159\u00edprava z\u00e1sobn\u00edch roztok\u016f se mus\u00ed prov\u00e1d\u011bt <b>\u00fa\u010dinn\u00fd, certifikovan\u00fd syst\u00e9m digesto\u0159\u00ed<\/b> (digesto\u0159), aby se zabr\u00e1nilo expozici aerosol\u016fm nebo prachu.<\/li>\n<li><b>Protokol ukl\u00e1d\u00e1n\u00ed:<\/b> Skladov\u00e1n\u00ed mus\u00ed b\u00fdt v souladu s doporu\u010den\u00edmi uveden\u00fdmi v dokumentu <b>Bezpe\u010dnostn\u00ed list materi\u00e1lu (MSDS)<\/b> se uskute\u010dn\u00ed: <b>Skv\u011bl\u00e9 (<span class=\"math-inline\" data-math=\"text{2\u20138 \u00b0C}\">2-8 \u00b0C<\/span>), such\u00e9 a zcela chr\u00e1n\u011bn\u00e9 p\u0159ed sv\u011btlem<\/b>optimalizovat <b>Chemick\u00e1 stabilita<\/b> vysoce kvalitn\u00edho referen\u010dn\u00edho standardu.<\/li>\n<\/ul>\n<h2>\u00a0Proces objedn\u00e1v\u00e1n\u00ed a z\u00e1kaznick\u00e1 podpora analytick\u00fdch standard\u016f<\/h2>\n<p>Jsme va\u0161\u00edm spolehliv\u00fdm partnerem pro <b>Vysoce kvalitn\u00ed referen\u010dn\u00ed standardy<\/b>.<\/p>\n<h3 style=\"text-align: left;\">Dostupn\u00e1 mno\u017estv\u00ed a po\u017eadavky na objedn\u00e1n\u00ed<\/h3>\n<p>Nab\u00edz\u00edme D-Tertylone hydrochloride v n\u00e1sleduj\u00edc\u00edch analyticky relevantn\u00edch mno\u017estv\u00edch, kter\u00e1 jsou p\u0159izp\u016fsobena pot\u0159eb\u00e1m kalibrac\u00ed a test\u016f kvality:<\/p>\n<ul>\n<li><b>Referen\u010dn\u00ed vzorek:<\/b> 100 mg<\/li>\n<li><b>Standardn\u00ed mno\u017estv\u00ed:<\/b> 500 mg<\/li>\n<li><b>Hromadn\u00e9 mno\u017estv\u00ed:<\/b> 1 g<\/li>\n<\/ul>\n<p><b>P\u0159\u00edkaz je z\u00e1vazn\u00fd:<\/b><\/p>\n<ol start=\"1\">\n<li>D\u016fkaz <b>Autorizace<\/b> a vlastnost jako <b>V\u00fdzkumn\u00e1 organizace<\/b> (doklad o institucion\u00e1ln\u00edm statusu).<\/li>\n<li>P\u00edsemn\u00e9 potvrzen\u00ed, \u017ee l\u00e1tka <b>v\u00fdhradn\u011b pro analytick\u00e9 a v\u011bdeck\u00e9 referen\u010dn\u00ed \u00fa\u010dely<\/b> se pou\u017e\u00edv\u00e1.<\/li>\n<li>Uzn\u00e1n\u00ed <b>Omezen\u00ed odpov\u011bdnosti<\/b> a <b>MSDS<\/b>.<\/li>\n<\/ol>","protected":false},"excerpt":{"rendered":"<p><strong>D-Tertylon<\/strong> je univerz\u00e1ln\u00ed v\u00fdzkumn\u00fd katinon speci\u00e1ln\u011b vyvinut\u00fd pro modern\u00ed chemickou anal\u00fdzu. Ide\u00e1ln\u00ed pro farmaceutick\u00e9 a analytick\u00e9 studie.<\/p>","protected":false},"featured_media":7048,"comment_status":"open","ping_status":"closed","template":"","meta":{"_joinchat":[]},"product_brand":[],"product_cat":[49],"product_tag":[1932,1938,1933,1936,1937,1935,1934,188,1814,248],"class_list":{"0":"post-7009","1":"product","2":"type-product","3":"status-publish","4":"has-post-thumbnail","6":"product_cat-cathinones","7":"product_tag-d-tertylone","8":"product_tag-d-tertylone-chemikalien","9":"product_tag-d-tertylone-kaufen","10":"product_tag-d-tertylone-kristalle","11":"product_tag-d-tertylone-online","12":"product_tag-d-tertylone-pulver","13":"product_tag-d-tertylone-zum-verkauf","14":"product_tag-forschungschemikalien","15":"product_tag-forschungsstoffe-kaufen","16":"product_tag-synthetische-stimulanzien","18":"first","19":"instock","20":"shipping-taxable","21":"purchasable","22":"product-type-variable"},"yoast_head":"<!-- This site is optimized with the Yoast SEO plugin v27.5 - https:\/\/yoast.com\/product\/yoast-seo-wordpress\/ -->\n<title>D-Tertylone Bestellung Online Kaufen<\/title>\n<meta name=\"description\" content=\"D-Tertylon zu verkaufen ist jetzt ganz einfach in unserem Chemgramx-Onlineshop erh\u00e4ltlich.\" \/>\n<meta name=\"robots\" content=\"index, follow, max-snippet:-1, max-image-preview:large, max-video-preview:-1\" \/>\n<link rel=\"canonical\" href=\"https:\/\/chemgramx.com\/cs\/produkt-1\/d-tertylone-order-online\/\" \/>\n<meta property=\"og:locale\" content=\"cs_CZ\" \/>\n<meta property=\"og:type\" content=\"article\" \/>\n<meta property=\"og:title\" content=\"D-Tertylone Bestellung Online Kaufen\" \/>\n<meta property=\"og:description\" content=\"D-Tertylon zu verkaufen ist jetzt ganz einfach in unserem Chemgramx-Onlineshop erh\u00e4ltlich.\" \/>\n<meta property=\"og:url\" content=\"https:\/\/chemgramx.com\/cs\/produkt-1\/d-tertylone-order-online\/\" \/>\n<meta property=\"og:site_name\" content=\"Chemgramx\" \/>\n<meta property=\"article:modified_time\" content=\"2025-11-21T11:13:32+00:00\" \/>\n<meta property=\"og:image\" content=\"https:\/\/chemgramx.com\/wp-content\/uploads\/2025\/11\/dtertiloyn.png\" \/>\n\t<meta property=\"og:image:width\" content=\"600\" \/>\n\t<meta property=\"og:image:height\" content=\"400\" \/>\n\t<meta property=\"og:image:type\" content=\"image\/png\" \/>\n<meta name=\"twitter:card\" content=\"summary_large_image\" \/>\n<meta name=\"twitter:label1\" content=\"Odhadovan\u00e1 doba \u010dten\u00ed\" \/>\n\t<meta name=\"twitter:data1\" content=\"5 minut\" \/>\n<script type=\"application\/ld+json\" class=\"yoast-schema-graph\">{\"@context\":\"https:\\\/\\\/schema.org\",\"@graph\":[{\"@type\":\"WebPage\",\"@id\":\"https:\\\/\\\/chemgramx.com\\\/product\\\/d-tertylone-bestellung-online\\\/\",\"url\":\"https:\\\/\\\/chemgramx.com\\\/product\\\/d-tertylone-bestellung-online\\\/\",\"name\":\"D-Tertylone Bestellung Online Kaufen\",\"isPartOf\":{\"@id\":\"https:\\\/\\\/chemgramx.com\\\/#website\"},\"primaryImageOfPage\":{\"@id\":\"https:\\\/\\\/chemgramx.com\\\/product\\\/d-tertylone-bestellung-online\\\/#primaryimage\"},\"image\":{\"@id\":\"https:\\\/\\\/chemgramx.com\\\/product\\\/d-tertylone-bestellung-online\\\/#primaryimage\"},\"thumbnailUrl\":\"https:\\\/\\\/chemgramx.com\\\/wp-content\\\/uploads\\\/2025\\\/11\\\/dtertiloyn.png\",\"datePublished\":\"2025-11-21T11:11:34+00:00\",\"dateModified\":\"2025-11-21T11:13:32+00:00\",\"description\":\"D-Tertylon zu verkaufen ist jetzt ganz einfach in unserem Chemgramx-Onlineshop erh\u00e4ltlich.\",\"breadcrumb\":{\"@id\":\"https:\\\/\\\/chemgramx.com\\\/product\\\/d-tertylone-bestellung-online\\\/#breadcrumb\"},\"inLanguage\":\"cs\",\"potentialAction\":[{\"@type\":\"ReadAction\",\"target\":[\"https:\\\/\\\/chemgramx.com\\\/product\\\/d-tertylone-bestellung-online\\\/\"]}]},{\"@type\":\"ImageObject\",\"inLanguage\":\"cs\",\"@id\":\"https:\\\/\\\/chemgramx.com\\\/product\\\/d-tertylone-bestellung-online\\\/#primaryimage\",\"url\":\"https:\\\/\\\/chemgramx.com\\\/wp-content\\\/uploads\\\/2025\\\/11\\\/dtertiloyn.png\",\"contentUrl\":\"https:\\\/\\\/chemgramx.com\\\/wp-content\\\/uploads\\\/2025\\\/11\\\/dtertiloyn.png\",\"width\":600,\"height\":400},{\"@type\":\"BreadcrumbList\",\"@id\":\"https:\\\/\\\/chemgramx.com\\\/product\\\/d-tertylone-bestellung-online\\\/#breadcrumb\",\"itemListElement\":[{\"@type\":\"ListItem\",\"position\":1,\"name\":\"Home\",\"item\":\"https:\\\/\\\/chemgramx.com\\\/\"},{\"@type\":\"ListItem\",\"position\":2,\"name\":\"Shop\",\"item\":\"https:\\\/\\\/chemgramx.com\\\/shop\\\/\"},{\"@type\":\"ListItem\",\"position\":3,\"name\":\"D-Tertylone Bestellung Online\"}]},{\"@type\":\"WebSite\",\"@id\":\"https:\\\/\\\/chemgramx.com\\\/#website\",\"url\":\"https:\\\/\\\/chemgramx.com\\\/\",\"name\":\"Chemgramx\",\"description\":\"\",\"publisher\":{\"@id\":\"https:\\\/\\\/chemgramx.com\\\/#organization\"},\"potentialAction\":[{\"@type\":\"SearchAction\",\"target\":{\"@type\":\"EntryPoint\",\"urlTemplate\":\"https:\\\/\\\/chemgramx.com\\\/?s={search_term_string}\"},\"query-input\":{\"@type\":\"PropertyValueSpecification\",\"valueRequired\":true,\"valueName\":\"search_term_string\"}}],\"inLanguage\":\"cs\"},{\"@type\":\"Organization\",\"@id\":\"https:\\\/\\\/chemgramx.com\\\/#organization\",\"name\":\"Chemgramx\",\"url\":\"https:\\\/\\\/chemgramx.com\\\/\",\"logo\":{\"@type\":\"ImageObject\",\"inLanguage\":\"cs\",\"@id\":\"https:\\\/\\\/chemgramx.com\\\/#\\\/schema\\\/logo\\\/image\\\/\",\"url\":\"https:\\\/\\\/chemgramx.com\\\/wp-content\\\/uploads\\\/2024\\\/10\\\/final-logo.png\",\"contentUrl\":\"https:\\\/\\\/chemgramx.com\\\/wp-content\\\/uploads\\\/2024\\\/10\\\/final-logo.png\",\"width\":250,\"height\":48,\"caption\":\"Chemgramx\"},\"image\":{\"@id\":\"https:\\\/\\\/chemgramx.com\\\/#\\\/schema\\\/logo\\\/image\\\/\"}}]}<\/script>\n<!-- \/ Yoast SEO plugin. -->","yoast_head_json":{"title":"Koupit D-Tertylone Order Online","description":"D-Tertylon na prodej je nyn\u00ed snadno dostupn\u00fd v na\u0161em internetov\u00e9m obchod\u011b Chemgramx.","robots":{"index":"index","follow":"follow","max-snippet":"max-snippet:-1","max-image-preview":"max-image-preview:large","max-video-preview":"max-video-preview:-1"},"canonical":"https:\/\/chemgramx.com\/cs\/produkt-1\/d-tertylone-order-online\/","og_locale":"cs_CZ","og_type":"article","og_title":"D-Tertylone Bestellung Online Kaufen","og_description":"D-Tertylon zu verkaufen ist jetzt ganz einfach in unserem Chemgramx-Onlineshop erh\u00e4ltlich.","og_url":"https:\/\/chemgramx.com\/cs\/produkt-1\/d-tertylone-order-online\/","og_site_name":"Chemgramx","article_modified_time":"2025-11-21T11:13:32+00:00","og_image":[{"width":600,"height":400,"url":"https:\/\/chemgramx.com\/wp-content\/uploads\/2025\/11\/dtertiloyn.png","type":"image\/png"}],"twitter_card":"summary_large_image","twitter_misc":{"Odhadovan\u00e1 doba \u010dten\u00ed":"5 minut"},"schema":{"@context":"https:\/\/schema.org","@graph":[{"@type":"WebPage","@id":"https:\/\/chemgramx.com\/product\/d-tertylone-bestellung-online\/","url":"https:\/\/chemgramx.com\/product\/d-tertylone-bestellung-online\/","name":"Koupit D-Tertylone Order Online","isPartOf":{"@id":"https:\/\/chemgramx.com\/#website"},"primaryImageOfPage":{"@id":"https:\/\/chemgramx.com\/product\/d-tertylone-bestellung-online\/#primaryimage"},"image":{"@id":"https:\/\/chemgramx.com\/product\/d-tertylone-bestellung-online\/#primaryimage"},"thumbnailUrl":"https:\/\/chemgramx.com\/wp-content\/uploads\/2025\/11\/dtertiloyn.png","datePublished":"2025-11-21T11:11:34+00:00","dateModified":"2025-11-21T11:13:32+00:00","description":"D-Tertylon na prodej je nyn\u00ed snadno dostupn\u00fd v na\u0161em internetov\u00e9m obchod\u011b Chemgramx.","breadcrumb":{"@id":"https:\/\/chemgramx.com\/product\/d-tertylone-bestellung-online\/#breadcrumb"},"inLanguage":"cs","potentialAction":[{"@type":"ReadAction","target":["https:\/\/chemgramx.com\/product\/d-tertylone-bestellung-online\/"]}]},{"@type":"ImageObject","inLanguage":"cs","@id":"https:\/\/chemgramx.com\/product\/d-tertylone-bestellung-online\/#primaryimage","url":"https:\/\/chemgramx.com\/wp-content\/uploads\/2025\/11\/dtertiloyn.png","contentUrl":"https:\/\/chemgramx.com\/wp-content\/uploads\/2025\/11\/dtertiloyn.png","width":600,"height":400},{"@type":"BreadcrumbList","@id":"https:\/\/chemgramx.com\/product\/d-tertylone-bestellung-online\/#breadcrumb","itemListElement":[{"@type":"ListItem","position":1,"name":"Home","item":"https:\/\/chemgramx.com\/"},{"@type":"ListItem","position":2,"name":"Shop","item":"https:\/\/chemgramx.com\/shop\/"},{"@type":"ListItem","position":3,"name":"D-Tertylone Bestellung Online"}]},{"@type":"WebSite","@id":"https:\/\/chemgramx.com\/#website","url":"https:\/\/chemgramx.com\/","name":"Chemgramx","description":"","publisher":{"@id":"https:\/\/chemgramx.com\/#organization"},"potentialAction":[{"@type":"SearchAction","target":{"@type":"EntryPoint","urlTemplate":"https:\/\/chemgramx.com\/?s={search_term_string}"},"query-input":{"@type":"PropertyValueSpecification","valueRequired":true,"valueName":"search_term_string"}}],"inLanguage":"cs"},{"@type":"Organization","@id":"https:\/\/chemgramx.com\/#organization","name":"Chemgramx","url":"https:\/\/chemgramx.com\/","logo":{"@type":"ImageObject","inLanguage":"cs","@id":"https:\/\/chemgramx.com\/#\/schema\/logo\/image\/","url":"https:\/\/chemgramx.com\/wp-content\/uploads\/2024\/10\/final-logo.png","contentUrl":"https:\/\/chemgramx.com\/wp-content\/uploads\/2024\/10\/final-logo.png","width":250,"height":48,"caption":"Chemgramx"},"image":{"@id":"https:\/\/chemgramx.com\/#\/schema\/logo\/image\/"}}]}},"_links":{"self":[{"href":"https:\/\/chemgramx.com\/cs\/wp-json\/wp\/v2\/product\/7009","targetHints":{"allow":["GET"]}}],"collection":[{"href":"https:\/\/chemgramx.com\/cs\/wp-json\/wp\/v2\/product"}],"about":[{"href":"https:\/\/chemgramx.com\/cs\/wp-json\/wp\/v2\/types\/product"}],"replies":[{"embeddable":true,"href":"https:\/\/chemgramx.com\/cs\/wp-json\/wp\/v2\/comments?post=7009"}],"wp:featuredmedia":[{"embeddable":true,"href":"https:\/\/chemgramx.com\/cs\/wp-json\/wp\/v2\/media\/7048"}],"wp:attachment":[{"href":"https:\/\/chemgramx.com\/cs\/wp-json\/wp\/v2\/media?parent=7009"}],"wp:term":[{"taxonomy":"product_brand","embeddable":true,"href":"https:\/\/chemgramx.com\/cs\/wp-json\/wp\/v2\/product_brand?post=7009"},{"taxonomy":"product_cat","embeddable":true,"href":"https:\/\/chemgramx.com\/cs\/wp-json\/wp\/v2\/product_cat?post=7009"},{"taxonomy":"product_tag","embeddable":true,"href":"https:\/\/chemgramx.com\/cs\/wp-json\/wp\/v2\/product_tag?post=7009"}],"curies":[{"name":"wp","href":"https:\/\/api.w.org\/{rel}","templated":true}]}}