{"id":7010,"date":"2025-11-21T11:11:34","date_gmt":"2025-11-21T11:11:34","guid":{"rendered":"https:\/\/chemgramx.com\/?post_type=product&#038;p=7010"},"modified":"2025-11-21T11:13:32","modified_gmt":"2025-11-21T11:13:32","slug":"koupit-ebk-online","status":"publish","type":"product","link":"https:\/\/chemgramx.com\/cs\/product\/ebk-online-kaufen\/","title":{"rendered":"Koupit EBK online"},"content":{"rendered":"<p>Sv\u011bt v\u00fdzkumn\u00fdch chemik\u00e1li\u00ed je slo\u017eit\u00fd a neust\u00e1le se vyv\u00edj\u00ed. Jednou z l\u00e1tek, kter\u00e1 p\u0159itahuje st\u00e1le v\u011bt\u0161\u00ed pozornost nejen ve v\u011bdeck\u00fdch kruz\u00edch, je l\u00e1tka. <a href=\"\/product\/ebk-online-kaufen\/\"><b>Eutylone<\/b><\/a>, \u010dasto zkr\u00e1cen\u011b <b>FBC<\/b>. Kdy\u017e v\u00fdzkumn\u00edci a laborato\u0159e <b>Koupit EBK online<\/b> Pokud chcete EBK pou\u017e\u00edvat ve v\u00fdzkumu, mus\u00edte naj\u00edt renomovan\u00e9 zdroje, kter\u00e9 zaru\u010duj\u00ed nejvy\u0161\u0161\u00ed \u010distotu a kvalitu. Tento komplexn\u00ed pr\u016fvodce upozor\u0148uje na chemickou povahu EBK, jeho potenci\u00e1ln\u00ed v\u00fdzkumn\u00e9 aplikace a kritick\u00e9 aspekty, kter\u00e9 je t\u0159eba vz\u00edt v \u00favahu p\u0159i z\u00edsk\u00e1v\u00e1n\u00ed EBK. <b>Objednat EBK<\/b> je t\u0159eba vz\u00edt v \u00favahu, od pr\u00e1vn\u00ed situace a\u017e po kontrolu kvality.<\/p>\n<h2><b>Co je EBK (Eutylone)? Chemick\u00e1 struktura a klasifikace<\/b><\/h2>\n<p><b>Eutylone<\/b> (chemick\u00fd n\u00e1zev: \u03b2k-EBDB, N-ethylbutylon nebo 1-(1,3-benzodioxol-5-yl)-2-(ethylamino)butan-1-on) je syntetick\u00fd katinon, kter\u00fd pat\u0159\u00ed do \u0161ir\u0161\u00ed skupiny <b>nov\u00e9 psychoaktivn\u00ed l\u00e1tky (NPS)<\/b> po\u010d\u00edt\u00e1. Jeho struktura je charakteristick\u00e1 pro designov\u00e9 drogy, jejich\u017e c\u00edlem je napodobit v\u00fdzkumn\u00e9 vlastnosti klasick\u00fdch stimulant\u016f.<\/p>\n<p>Eutylon m\u00e1 strukturn\u00ed podobnost s jin\u00fdmi zn\u00e1m\u00fdmi psychoaktivn\u00edmi l\u00e1tkami, jako jsou nap\u0159. <b>Methylone<\/b> a <b>Pentylone<\/b>. Je to <b>\u03b2-keto-kathinon<\/b> s chemick\u00fdm vzorcem <span class=\"math-inline\" data-math=\"C_{13}H_{17}NO_3\">$C_{13}H_{17}NO_3$<\/span>. Eutylon je ve v\u00fdzkumu zkoum\u00e1n jako \u00fa\u010dinn\u00e1 l\u00e1tka, kter\u00e1 inhibuje zp\u011btn\u00e9 vychyt\u00e1v\u00e1n\u00ed hormon\u016f. <b>Dopamin, noradrenalin a serotonin<\/b> do synaptick\u00e9 \u0161t\u011brbiny. Tento \u00fa\u010dinek nazna\u010duje, \u017ee v preklinick\u00fdch modelech vede ke zv\u00fd\u0161en\u00e9 koncentraci t\u011bchto neurotransmiter\u016f, co\u017e vysv\u011btluje stimula\u010dn\u00ed vlastnosti. Pro laborato\u0159e, kter\u00e9 <b>Objednat origin\u00e1ln\u00ed EBK<\/b> chemick\u00e1 \u010distota je z\u00e1sadn\u00ed pro ov\u011b\u0159en\u00ed v\u00fdsledk\u016f v\u00fdzkumu.<\/p>\n<h2><b>Pro\u010d roste popt\u00e1vka po EBK online<\/b><\/h2>\n<p>Zintenzivn\u011bn\u00e9 hled\u00e1n\u00ed p\u0159\u00edle\u017eitost\u00ed, <b>Koupit EBK online<\/b> vypl\u00fdv\u00e1 p\u0159edev\u0161\u00edm z jeho pou\u017eit\u00ed jako pr\u016fmyslov\u00e9ho <b>V\u00fdzkum chemick\u00fdch l\u00e1tek<\/b>. Laborato\u0159e pot\u0159ebuj\u00ed certifikovan\u00e9 referen\u010dn\u00ed standardy pro analytick\u00e9 testy, zejm\u00e9na ve forenzn\u00edm a toxikologick\u00e9m v\u00fdzkumu, aby byly schopny zjistit p\u0159\u00edtomnost l\u00e1tky ve vzorc\u00edch.<\/p>\n<h3><b>V\u00fdzkumn\u00fd potenci\u00e1l a aplikace<\/b><\/h3>\n<p>Hlavn\u00ed oblasti pou\u017eit\u00ed EBK jsou:<\/p>\n<ul>\n<li><b>Toxikologie a soudn\u00ed l\u00e9ka\u0159stv\u00ed:<\/b> Jako <b>Referen\u010dn\u00ed standard<\/b> pro detekci a identifikaci l\u00e1tky v biologick\u00fdch vzorc\u00edch. To je obzvl\u00e1\u0161t\u011b d\u016fle\u017eit\u00e9, proto\u017ee EBK je v mnoha regionech uzn\u00e1v\u00e1na jako NPS.<\/li>\n<li><b>Farmakologick\u00e9 studie:<\/b> Zkoum\u00e1n\u00ed p\u0159esn\u00fdch mechanism\u016f, jak <b>Monoaminov\u00e9 transport\u00e9ry<\/b> z\u00edskat nov\u00e9 poznatky o p\u0159\u00edbuzn\u00fdch stimulantech.<\/li>\n<li><b>Analytick\u00e1 chemie:<\/b> V\u00fdvoj a validace nov\u00fdch analytick\u00fdch metod pro stanoven\u00ed \u010distoty a koncentrace syntetick\u00fdch katinon\u016f.<\/li>\n<\/ul>\n<h3><b>Hl\u00e1\u0161en\u00e9 \u00fa\u010dinky v kontextu v\u00fdzkumu<\/b><\/h3>\n<p>V p\u0159edklinick\u00fdch a neofici\u00e1ln\u00edch zpr\u00e1v\u00e1ch ve v\u00fdzkumn\u00fdch studi\u00edch byly pozorov\u00e1ny n\u00e1sleduj\u00edc\u00ed \u00fa\u010dinky, co\u017e zd\u016fraz\u0148uje pot\u0159ebu kontroln\u00edch a referen\u010dn\u00edch vzork\u016f:<\/p>\n<h4><b>\u00da\u010dinky kognitivn\u00edho a psychologick\u00e9ho v\u00fdzkumu<\/b><\/h4>\n<ul>\n<li>Studie nazna\u010duj\u00ed, \u017ee EBK m\u00e1 potenci\u00e1l <b>Bd\u011blost<\/b> a <b>Koncentrace<\/b> zv\u00fd\u0161it.<\/li>\n<li>V\u00fdzkumn\u00edci uv\u00e1d\u011bj\u00ed mo\u017enou indukci <b>Euforie<\/b> a zv\u00fd\u0161en\u00e9 <b>Wellbeing<\/b> v experiment\u00e1ln\u00edch modelech.<\/li>\n<li>Mohla by se objevit tendence ke zv\u00fd\u0161en\u00e9 <b>soci\u00e1ln\u00ed otev\u0159enost<\/b> a <b>Komunika\u010dn\u00ed dovednosti<\/b> lze pozorovat.<\/li>\n<li>Tyto \u00fa\u010dinky jsou zp\u016fsobeny p\u0159edpokl\u00e1dan\u00fdm zp\u016fsobem \u00fa\u010dinku, nebo\u0165 <b>Inhibitory zp\u011btn\u00e9ho vychyt\u00e1v\u00e1n\u00ed monoamin\u016f<\/b> p\u0159ipsat.<\/li>\n<\/ul>\n<h4><b>Fyziologick\u00e9 \u00fa\u010dinky v\u00fdzkumu<\/b><\/h4>\n<ul>\n<li>Na fyzick\u00e9 \u00farovni je zv\u00fd\u0161en\u00e1 <b>Energie<\/b> a zv\u00fd\u0161en\u00e9 <b>\u00darove\u0148 aktivity<\/b> ur\u010deno.<\/li>\n<li>Fyziologicky to m\u016f\u017ee v\u00e9st ke zv\u00fd\u0161en\u00e9 <b>Srde\u010dn\u00ed frekvence<\/b> a zv\u00fd\u0161en\u00e9 <b>Krevn\u00ed tlak<\/b> p\u0159ij\u00edt.<\/li>\n<li>Potenci\u00e1l <b>Kontrola chuti k j\u00eddlu<\/b> je ve studi\u00edch \u010dasto zmi\u0148ov\u00e1n.<\/li>\n<li>U\u017eivatel\u00e9 uv\u00e1d\u011bj\u00ed, \u017ee p\u0159i vy\u0161\u0161\u00edch koncentrac\u00edch se objevuj\u00ed ne\u017e\u00e1douc\u00ed \u00fa\u010dinky, jako nap\u0159. <b>Strach<\/b> nebo <b>Nespavost<\/b> m\u016f\u017ee doj\u00edt.<\/li>\n<\/ul>\n<h2><b>Slo\u017eit\u00e1 pr\u00e1vn\u00ed situace p\u0159i n\u00e1kupu EBK online<\/b><\/h2>\n<p>Jedn\u00edm z nejd\u016fle\u017eit\u011bj\u0161\u00edch aspekt\u016f <b>Objednat EBK online<\/b> je slo\u017eit\u00e1 a neust\u00e1le se m\u011bn\u00edc\u00ed pr\u00e1vn\u00ed situace. Eutylon jako NPS podl\u00e9h\u00e1 st\u00e1le p\u0159\u00edsn\u011bj\u0161\u00edm kontrol\u00e1m. WHO tuto l\u00e1tku povolila za\u0159adit do <b>Seznam II \u00damluvy o psychotropn\u00edch l\u00e1tk\u00e1ch z roku 1971<\/b> doporu\u010deno, a v N\u011bmecku Eutylone je (podle v\u00fdsledk\u016f Google) v <b>P\u0159\u00edloha II z\u00e1kona o omamn\u00fdch l\u00e1tk\u00e1ch (BtMG)<\/b> uvedeny. To znamen\u00e1, \u017ee obchodov\u00e1n\u00ed a dr\u017een\u00ed bez povolen\u00ed je nez\u00e1konn\u00e9 (povolen\u00fd obchod pouze pro v\u011bdeck\u00e9 nebo jin\u00e9 ve\u0159ejn\u00e9 z\u00e1jmy). <b>Je nutn\u00e9 zkontrolovat platn\u00e9 z\u00e1kony p\u0159\u00edslu\u0161n\u00e9 zem\u011b.<\/b>, p\u0159edt\u00edm, ne\u017e <b>Koupit EBK leg\u00e1ln\u011b online<\/b> nebo <b>Objednat EBK<\/b>.<\/p>\n<h2><b>Kvalita a \u010distota: na co si d\u00e1t pozor p\u0159i n\u00e1kupu SFBC<\/b><\/h2>\n<p>Pro seri\u00f3zn\u00ed v\u00fdzkum je <b>Purity<\/b> l\u00e1tky je nejd\u016fle\u017eit\u011bj\u0161\u00edm faktorem. Trh s NPS je zn\u00e1m\u00fd v\u00fdskytem ne\u010distot a pad\u011blk\u016f (tzv. <b>kovan\u00e9 EBK<\/b>). Kdo <b>Kupte si levn\u00e9 EBK online<\/b> Pokud to chcete ud\u011blat, riskujete, \u017ee z\u00edsk\u00e1te ne\u010dist\u00e9 vzorky, kter\u00e9 poskytnou nep\u0159edv\u00eddateln\u00e9 v\u00fdsledky v\u00fdzkumu.<\/p>\n<h3><b>Krit\u00e9ria pro nejlep\u0161\u00ed m\u00edsto n\u00e1kupu EBK<\/b><\/h3>\n<p>Abyste zajistili, \u017ee <b>koupit \u010distou EBK<\/b>, m\u011bli byste zv\u00e1\u017eit n\u00e1sleduj\u00edc\u00ed krit\u00e9ria:<\/p>\n<ol start=\"1\">\n<li><b>Certifikovan\u00e9 anal\u00fdzy (COA):<\/b> Maloobchodn\u00edk mus\u00ed poskytovat aktu\u00e1ln\u00ed, nez\u00e1visl\u00e9 <b>Certifik\u00e1ty o anal\u00fdze (COA)<\/b> kter\u00e9 ov\u011b\u0159uj\u00ed \u010distotu a chemickou identitu pomoc\u00ed metod, jako je nap\u0159. <b>NMR, GC-MS nebo HPLC<\/b> potvrdit.<\/li>\n<li><b>Transparentnost:<\/b> \u00dapln\u00fd chemick\u00fd vzorec, \u010d\u00edslo CAS a n\u00e1zev IUPAC.<\/li>\n<li><b>Balen\u00ed a skladov\u00e1n\u00ed:<\/b> L\u00e1tka mus\u00ed b\u00fdt dod\u00e1v\u00e1na ve vzduchot\u011bsn\u00fdch, nepr\u016fhledn\u00fdch obalech, aby se zabr\u00e1nilo kontaminaci a znehodnocen\u00ed.<\/li>\n<li><b>Dodr\u017eov\u00e1n\u00ed p\u0159edpis\u016f:<\/b> Prodejce mus\u00ed jasn\u011b informovat o z\u00e1konn\u00fdch omezen\u00edch a zd\u016fraznit zam\u00fd\u0161len\u00e9 pou\u017eit\u00ed (pouze pro v\u00fdzkumn\u00e9 \u00fa\u010dely).<\/li>\n<li><b>Srovn\u00e1n\u00ed cen:<\/b> Porovnejte <b>Cena EBK<\/b> kritick\u00e9; extr\u00e9mn\u011b n\u00edzk\u00e9 ceny mohou nazna\u010dovat n\u00edzkou \u010distotu. Chcete-li z\u00edskat validn\u011bj\u0161\u00ed v\u00fdsledky v\u00fdzkumu, investujte do certifikovan\u00fdch referen\u010dn\u00edch standard\u016f.<\/li>\n<\/ol>\n<h3><b>V\u00fdb\u011br spr\u00e1vn\u00e9ho prodejce<\/b><\/h3>\n<p>Na str\u00e1nk\u00e1ch <b>Nejlep\u0161\u00ed m\u00edsto pro n\u00e1kup EBK<\/b> je <b>prodejce specializovan\u00fdch chemik\u00e1li\u00ed<\/b> s dlouholet\u00fdmi zku\u0161enostmi s v\u00fdzkumn\u00fdmi chemik\u00e1liemi. Tito dodavatel\u00e9 zaru\u010duj\u00ed <b>Kontrola kvality<\/b> intern\u00edmi laborato\u0159emi nebo extern\u00edmi testovac\u00edmi partnery.<\/p>\n<h2><b>Shrnut\u00ed: Bezpe\u010dn\u00e9 a spolehliv\u00e9 online nakupov\u00e1n\u00ed EBK<\/b><\/h2>\n<p><b>EBK (Eutylon)<\/b> je \u00fa\u010dinn\u00e1 v\u00fdzkumn\u00e1 chemick\u00e1 l\u00e1tka, jej\u00ed\u017e v\u00fdznam ve forenzn\u00edm a farmakologick\u00e9m v\u00fdzkumu neust\u00e1le roste. Kdo <b>Koupit EBK online<\/b> si mus\u00ed b\u00fdt v\u011bdomi p\u0159\u00edsn\u00fdch z\u00e1konn\u00fdch kontrol a \u010distotu l\u00e1tky pova\u017eovat za nejvy\u0161\u0161\u00ed prioritu. Str\u00e1nky <b>Nejlep\u0161\u00ed m\u00edsto pro n\u00e1kup EBK<\/b> je v\u017edy certifikovan\u00fdm distributorem speci\u00e1ln\u00edch chemik\u00e1li\u00ed, kter\u00fd zaru\u010duje transparentn\u00ed anal\u00fdzy a nejvy\u0161\u0161\u00ed kvalitu pro zaji\u0161t\u011bn\u00ed integrity v\u011bdeck\u00e9 pr\u00e1ce.<\/p>","protected":false},"excerpt":{"rendered":"<p><strong>FBC<\/strong> je inovativn\u00ed syntetick\u00fd katinon speci\u00e1ln\u011b vyvinut\u00fd pro chemick\u00fd a farmakologick\u00fd v\u00fdzkum. D\u00edky vysok\u00e9 \u010distot\u011b a stabilit\u011b nab\u00edz\u00ed spolehliv\u00e9 v\u00fdsledky pro n\u00e1ro\u010dn\u00e9 v\u011bdeck\u00e9 experimenty.<\/p>","protected":false},"featured_media":7049,"comment_status":"open","ping_status":"closed","template":"","meta":{"_joinchat":[]},"product_brand":[],"product_cat":[49],"product_tag":[1925,1931,1926,1929,1930,1928,1927,188,1814,248],"class_list":{"0":"post-7010","1":"product","2":"type-product","3":"status-publish","4":"has-post-thumbnail","6":"product_cat-cathinones","7":"product_tag-ebk","8":"product_tag-ebk-chemikalien","9":"product_tag-ebk-kaufen","10":"product_tag-ebk-kristalle","11":"product_tag-ebk-online","12":"product_tag-ebk-pulver","13":"product_tag-ebk-zum-verkauf","14":"product_tag-forschungschemikalien","15":"product_tag-forschungsstoffe-kaufen","16":"product_tag-synthetische-stimulanzien","18":"first","19":"instock","20":"shipping-taxable","21":"purchasable","22":"product-type-variable"},"yoast_head":"<!-- This site is optimized with the Yoast SEO plugin v27.5 - https:\/\/yoast.com\/product\/yoast-seo-wordpress\/ -->\n<title>EBK kaufen | Hochreines Forschungscathinon f\u00fcr Labore<\/title>\n<meta name=\"description\" content=\"Erforschen Sie EBK, ein hochwertiges synthetisches Cathinon f\u00fcr chemische und pharmakologische Studien. Nur f\u00fcr Forschung und Analyse in autorisierten Laboren.\" \/>\n<meta name=\"robots\" content=\"index, follow, max-snippet:-1, max-image-preview:large, max-video-preview:-1\" \/>\n<link rel=\"canonical\" href=\"https:\/\/chemgramx.com\/cs\/produkt-1\/koupit-ebk-online\/\" \/>\n<meta property=\"og:locale\" content=\"cs_CZ\" \/>\n<meta property=\"og:type\" content=\"article\" \/>\n<meta property=\"og:title\" content=\"EBK kaufen | Hochreines Forschungscathinon f\u00fcr Labore\" \/>\n<meta property=\"og:description\" content=\"Erforschen Sie EBK, ein hochwertiges synthetisches Cathinon f\u00fcr chemische und pharmakologische Studien. Nur f\u00fcr Forschung und Analyse in autorisierten Laboren.\" \/>\n<meta property=\"og:url\" content=\"https:\/\/chemgramx.com\/cs\/produkt-1\/koupit-ebk-online\/\" \/>\n<meta property=\"og:site_name\" content=\"Chemgramx\" \/>\n<meta property=\"article:modified_time\" content=\"2025-11-21T11:13:32+00:00\" \/>\n<meta property=\"og:image\" content=\"https:\/\/chemgramx.com\/wp-content\/uploads\/2025\/11\/ebk.png\" \/>\n\t<meta property=\"og:image:width\" content=\"600\" \/>\n\t<meta property=\"og:image:height\" content=\"400\" \/>\n\t<meta property=\"og:image:type\" content=\"image\/png\" \/>\n<meta name=\"twitter:card\" content=\"summary_large_image\" \/>\n<meta name=\"twitter:label1\" content=\"Odhadovan\u00e1 doba \u010dten\u00ed\" \/>\n\t<meta name=\"twitter:data1\" content=\"4 minuty\" \/>\n<script type=\"application\/ld+json\" class=\"yoast-schema-graph\">{\"@context\":\"https:\\\/\\\/schema.org\",\"@graph\":[{\"@type\":\"WebPage\",\"@id\":\"https:\\\/\\\/chemgramx.com\\\/product\\\/ebk-online-kaufen\\\/\",\"url\":\"https:\\\/\\\/chemgramx.com\\\/product\\\/ebk-online-kaufen\\\/\",\"name\":\"EBK kaufen | Hochreines Forschungscathinon f\u00fcr Labore\",\"isPartOf\":{\"@id\":\"https:\\\/\\\/chemgramx.com\\\/#website\"},\"primaryImageOfPage\":{\"@id\":\"https:\\\/\\\/chemgramx.com\\\/product\\\/ebk-online-kaufen\\\/#primaryimage\"},\"image\":{\"@id\":\"https:\\\/\\\/chemgramx.com\\\/product\\\/ebk-online-kaufen\\\/#primaryimage\"},\"thumbnailUrl\":\"https:\\\/\\\/chemgramx.com\\\/wp-content\\\/uploads\\\/2025\\\/11\\\/ebk.png\",\"datePublished\":\"2025-11-21T11:11:34+00:00\",\"dateModified\":\"2025-11-21T11:13:32+00:00\",\"description\":\"Erforschen Sie EBK, ein hochwertiges synthetisches Cathinon f\u00fcr chemische und pharmakologische Studien. Nur f\u00fcr Forschung und Analyse in autorisierten Laboren.\",\"breadcrumb\":{\"@id\":\"https:\\\/\\\/chemgramx.com\\\/product\\\/ebk-online-kaufen\\\/#breadcrumb\"},\"inLanguage\":\"cs\",\"potentialAction\":[{\"@type\":\"ReadAction\",\"target\":[\"https:\\\/\\\/chemgramx.com\\\/product\\\/ebk-online-kaufen\\\/\"]}]},{\"@type\":\"ImageObject\",\"inLanguage\":\"cs\",\"@id\":\"https:\\\/\\\/chemgramx.com\\\/product\\\/ebk-online-kaufen\\\/#primaryimage\",\"url\":\"https:\\\/\\\/chemgramx.com\\\/wp-content\\\/uploads\\\/2025\\\/11\\\/ebk.png\",\"contentUrl\":\"https:\\\/\\\/chemgramx.com\\\/wp-content\\\/uploads\\\/2025\\\/11\\\/ebk.png\",\"width\":600,\"height\":400},{\"@type\":\"BreadcrumbList\",\"@id\":\"https:\\\/\\\/chemgramx.com\\\/product\\\/ebk-online-kaufen\\\/#breadcrumb\",\"itemListElement\":[{\"@type\":\"ListItem\",\"position\":1,\"name\":\"Home\",\"item\":\"https:\\\/\\\/chemgramx.com\\\/\"},{\"@type\":\"ListItem\",\"position\":2,\"name\":\"Shop\",\"item\":\"https:\\\/\\\/chemgramx.com\\\/shop\\\/\"},{\"@type\":\"ListItem\",\"position\":3,\"name\":\"EBK Online Kaufen\"}]},{\"@type\":\"WebSite\",\"@id\":\"https:\\\/\\\/chemgramx.com\\\/#website\",\"url\":\"https:\\\/\\\/chemgramx.com\\\/\",\"name\":\"Chemgramx\",\"description\":\"\",\"publisher\":{\"@id\":\"https:\\\/\\\/chemgramx.com\\\/#organization\"},\"potentialAction\":[{\"@type\":\"SearchAction\",\"target\":{\"@type\":\"EntryPoint\",\"urlTemplate\":\"https:\\\/\\\/chemgramx.com\\\/?s={search_term_string}\"},\"query-input\":{\"@type\":\"PropertyValueSpecification\",\"valueRequired\":true,\"valueName\":\"search_term_string\"}}],\"inLanguage\":\"cs\"},{\"@type\":\"Organization\",\"@id\":\"https:\\\/\\\/chemgramx.com\\\/#organization\",\"name\":\"Chemgramx\",\"url\":\"https:\\\/\\\/chemgramx.com\\\/\",\"logo\":{\"@type\":\"ImageObject\",\"inLanguage\":\"cs\",\"@id\":\"https:\\\/\\\/chemgramx.com\\\/#\\\/schema\\\/logo\\\/image\\\/\",\"url\":\"https:\\\/\\\/chemgramx.com\\\/wp-content\\\/uploads\\\/2024\\\/10\\\/final-logo.png\",\"contentUrl\":\"https:\\\/\\\/chemgramx.com\\\/wp-content\\\/uploads\\\/2024\\\/10\\\/final-logo.png\",\"width\":250,\"height\":48,\"caption\":\"Chemgramx\"},\"image\":{\"@id\":\"https:\\\/\\\/chemgramx.com\\\/#\\\/schema\\\/logo\\\/image\\\/\"}}]}<\/script>\n<!-- \/ Yoast SEO plugin. -->","yoast_head_json":{"title":"Koupit EBK | Vysoce \u010dist\u00fd v\u00fdzkumn\u00fd kathinon pro laborato\u0159e","description":"Prozkoumejte EBK, vysoce kvalitn\u00ed syntetick\u00fd kathinon pro chemick\u00e9 a farmakologick\u00e9 studie. Pouze pro v\u00fdzkum a anal\u00fdzu v autorizovan\u00fdch laborato\u0159\u00edch.","robots":{"index":"index","follow":"follow","max-snippet":"max-snippet:-1","max-image-preview":"max-image-preview:large","max-video-preview":"max-video-preview:-1"},"canonical":"https:\/\/chemgramx.com\/cs\/produkt-1\/koupit-ebk-online\/","og_locale":"cs_CZ","og_type":"article","og_title":"EBK kaufen | Hochreines Forschungscathinon f\u00fcr Labore","og_description":"Erforschen Sie EBK, ein hochwertiges synthetisches Cathinon f\u00fcr chemische und pharmakologische Studien. Nur f\u00fcr Forschung und Analyse in autorisierten Laboren.","og_url":"https:\/\/chemgramx.com\/cs\/produkt-1\/koupit-ebk-online\/","og_site_name":"Chemgramx","article_modified_time":"2025-11-21T11:13:32+00:00","og_image":[{"width":600,"height":400,"url":"https:\/\/chemgramx.com\/wp-content\/uploads\/2025\/11\/ebk.png","type":"image\/png"}],"twitter_card":"summary_large_image","twitter_misc":{"Odhadovan\u00e1 doba \u010dten\u00ed":"4 minuty"},"schema":{"@context":"https:\/\/schema.org","@graph":[{"@type":"WebPage","@id":"https:\/\/chemgramx.com\/product\/ebk-online-kaufen\/","url":"https:\/\/chemgramx.com\/product\/ebk-online-kaufen\/","name":"Koupit EBK | Vysoce \u010dist\u00fd v\u00fdzkumn\u00fd kathinon pro laborato\u0159e","isPartOf":{"@id":"https:\/\/chemgramx.com\/#website"},"primaryImageOfPage":{"@id":"https:\/\/chemgramx.com\/product\/ebk-online-kaufen\/#primaryimage"},"image":{"@id":"https:\/\/chemgramx.com\/product\/ebk-online-kaufen\/#primaryimage"},"thumbnailUrl":"https:\/\/chemgramx.com\/wp-content\/uploads\/2025\/11\/ebk.png","datePublished":"2025-11-21T11:11:34+00:00","dateModified":"2025-11-21T11:13:32+00:00","description":"Prozkoumejte EBK, vysoce kvalitn\u00ed syntetick\u00fd kathinon pro chemick\u00e9 a farmakologick\u00e9 studie. Pouze pro v\u00fdzkum a anal\u00fdzu v autorizovan\u00fdch laborato\u0159\u00edch.","breadcrumb":{"@id":"https:\/\/chemgramx.com\/product\/ebk-online-kaufen\/#breadcrumb"},"inLanguage":"cs","potentialAction":[{"@type":"ReadAction","target":["https:\/\/chemgramx.com\/product\/ebk-online-kaufen\/"]}]},{"@type":"ImageObject","inLanguage":"cs","@id":"https:\/\/chemgramx.com\/product\/ebk-online-kaufen\/#primaryimage","url":"https:\/\/chemgramx.com\/wp-content\/uploads\/2025\/11\/ebk.png","contentUrl":"https:\/\/chemgramx.com\/wp-content\/uploads\/2025\/11\/ebk.png","width":600,"height":400},{"@type":"BreadcrumbList","@id":"https:\/\/chemgramx.com\/product\/ebk-online-kaufen\/#breadcrumb","itemListElement":[{"@type":"ListItem","position":1,"name":"Home","item":"https:\/\/chemgramx.com\/"},{"@type":"ListItem","position":2,"name":"Shop","item":"https:\/\/chemgramx.com\/shop\/"},{"@type":"ListItem","position":3,"name":"EBK Online Kaufen"}]},{"@type":"WebSite","@id":"https:\/\/chemgramx.com\/#website","url":"https:\/\/chemgramx.com\/","name":"Chemgramx","description":"","publisher":{"@id":"https:\/\/chemgramx.com\/#organization"},"potentialAction":[{"@type":"SearchAction","target":{"@type":"EntryPoint","urlTemplate":"https:\/\/chemgramx.com\/?s={search_term_string}"},"query-input":{"@type":"PropertyValueSpecification","valueRequired":true,"valueName":"search_term_string"}}],"inLanguage":"cs"},{"@type":"Organization","@id":"https:\/\/chemgramx.com\/#organization","name":"Chemgramx","url":"https:\/\/chemgramx.com\/","logo":{"@type":"ImageObject","inLanguage":"cs","@id":"https:\/\/chemgramx.com\/#\/schema\/logo\/image\/","url":"https:\/\/chemgramx.com\/wp-content\/uploads\/2024\/10\/final-logo.png","contentUrl":"https:\/\/chemgramx.com\/wp-content\/uploads\/2024\/10\/final-logo.png","width":250,"height":48,"caption":"Chemgramx"},"image":{"@id":"https:\/\/chemgramx.com\/#\/schema\/logo\/image\/"}}]}},"_links":{"self":[{"href":"https:\/\/chemgramx.com\/cs\/wp-json\/wp\/v2\/product\/7010","targetHints":{"allow":["GET"]}}],"collection":[{"href":"https:\/\/chemgramx.com\/cs\/wp-json\/wp\/v2\/product"}],"about":[{"href":"https:\/\/chemgramx.com\/cs\/wp-json\/wp\/v2\/types\/product"}],"replies":[{"embeddable":true,"href":"https:\/\/chemgramx.com\/cs\/wp-json\/wp\/v2\/comments?post=7010"}],"wp:featuredmedia":[{"embeddable":true,"href":"https:\/\/chemgramx.com\/cs\/wp-json\/wp\/v2\/media\/7049"}],"wp:attachment":[{"href":"https:\/\/chemgramx.com\/cs\/wp-json\/wp\/v2\/media?parent=7010"}],"wp:term":[{"taxonomy":"product_brand","embeddable":true,"href":"https:\/\/chemgramx.com\/cs\/wp-json\/wp\/v2\/product_brand?post=7010"},{"taxonomy":"product_cat","embeddable":true,"href":"https:\/\/chemgramx.com\/cs\/wp-json\/wp\/v2\/product_cat?post=7010"},{"taxonomy":"product_tag","embeddable":true,"href":"https:\/\/chemgramx.com\/cs\/wp-json\/wp\/v2\/product_tag?post=7010"}],"curies":[{"name":"wp","href":"https:\/\/api.w.org\/{rel}","templated":true}]}}