{"id":7222,"date":"2025-11-21T11:13:36","date_gmt":"2025-11-21T11:13:36","guid":{"rendered":"https:\/\/chemgramx.com\/?post_type=product&#038;p=7222"},"modified":"2025-11-30T17:48:09","modified_gmt":"2025-11-30T17:48:09","slug":"koupit-afghani-dara-i-suf-hash","status":"publish","type":"product","link":"https:\/\/chemgramx.com\/cs\/product\/afghani-dara-i-suf-hash-kaufen\/","title":{"rendered":"Koupit Afghani Dara-I Suf Hash"},"content":{"rendered":"<p>Na str\u00e1nk\u00e1ch <b>Afg\u00e1nsk\u00e1 prysky\u0159ice s p\u0159\u00edchut\u00ed Dara-I Suf<\/b> je pr\u00e9miov\u00fd aromatick\u00fd produkt vyvinut\u00fd pro znalce, kte\u0159\u00ed oce\u0148uj\u00ed autentickou, ru\u010dn\u011b vyr\u00e1b\u011bnou kvalitu. <b>Objednejte si pros\u00edm<\/b> tuto prysky\u0159ici nyn\u00ed <b>online<\/b> a vyu\u017e\u00edvat v\u00fdhod na\u0161ich <b>rychl\u00fd a diskr\u00e9tn\u00ed servis<\/b> a <b>nejlep\u0161\u00ed cena<\/b>. Dod\u00e1v\u00e1me esenci z tradi\u010dn\u00ed p\u011bstitelsk\u00e9 oblasti Dara-I Suf v Afgh\u00e1nist\u00e1nu v a. <b>analyticky testov\u00e1no<\/b> a <b>pr\u00e1vn\u00ed<\/b> (obsah THC v souladu s po\u017eadavky EU). <b>Obdr\u017e\u00edte<\/b> <b>100% Kvalita<\/b> a <b>origin\u00e1l<\/b> Produkt <b>bez l\u00e9ka\u0159sk\u00e9ho p\u0159edpisu<\/b>.<\/p>\n<h2><b>D\u011bdictv\u00ed Dara-I Suf: Stalet\u00ed star\u00e1 \u0159emesln\u00e1 v\u00fdroba<\/b><\/h2>\n<p>Prysky\u0159ice je v\u00edc ne\u017e jen aromatick\u00fd produkt; <b>zt\u011bles\u0148uje<\/b> kus stalet\u00e9 \u0159emesln\u00e9 tradice.  Dara-I Suf v Afgh\u00e1nist\u00e1nu je celosv\u011btov\u011b zn\u00e1m\u00fd svou jedine\u010dnou prysky\u0159i\u010dnou kulturou. <b>Tam m\u00edstn\u00ed \u0159emesln\u00edci<\/b> tradi\u010dn\u00ed metody, <b>proto\u017ee<\/b> Tyto tradi\u010dn\u00ed postupy zaru\u010duj\u00ed zvl\u00e1\u0161tn\u00ed kvalitu a jedine\u010dnou strukturu. <b>Proto obdr\u017e\u00edte<\/b> kus autentick\u00e9ho \u0159emesla, kter\u00fd vystihuje podstatu regionu p\u016fvodu.<\/p>\n<p><b>Autentick\u00fd p\u016fvod je pro n\u00e1s d\u016fle\u017eit\u00fd:<\/b> Ct\u00edme kvalitu inspirovanou tradi\u010dn\u00ed p\u011bstitelskou oblast\u00ed Dara-I Suf. <b>Tento p\u0159\u00edstup<\/b> zaji\u0161\u0165uje bezkonkuren\u010dn\u00ed profil. Pou\u017e\u00edv\u00e1me <b>Stalet\u00e1 tradice<\/b>, pro dosa\u017een\u00ed jemn\u00e9 konzistence a intenzivn\u00ed chuti. <b>V\u00fdsledkem je<\/b> jeden <b>intenzivn\u00ed chu\u0165<\/b>, kter\u00e1 m\u00e1 ko\u0159en\u011bnou, zemitou a nasl\u00e1dlou chu\u0165 a <b>vyv\u00e1\u017een\u00fd \u00fa\u010dinek<\/b> ve smyslu jemn\u00e9ho, uvoln\u011bn\u00e9ho pocitu. <a href=\"\/product\/kaufen-sie-niederlandisches-crystal-meth\/\"><b>Zku\u0161ebn\u00ed laborato\u0159e<\/b><\/a> ka\u017edou d\u00e1vku; <b>tak zaji\u0161\u0165ujeme<\/b> \u010distotu a z\u00e1konnost.<\/p>\n<h2><b>Podrobnosti o produktu, anal\u00fdza a senzorick\u00fd profil<\/b><\/h2>\n<h3><b>P\u016fvod, v\u00fdroba a konzistence<\/b><\/h3>\n<p>V\u00fdroba prob\u00edh\u00e1 v souladu s p\u0159\u00edsn\u00fdmi normami kvality a tradi\u010dn\u00edmi postupy, kter\u00e9 ur\u010duj\u00ed charakteristickou chu\u0165 a konzistenci. <b>Oblast Dara-I Suf<\/b> slou\u017e\u00ed jako inspirace pro n\u00e1\u0161 produkt. <b>Pou\u017e\u00edv\u00e1me<\/b> Tato \u0159emesln\u00e1 tradice ve v\u00fdrobn\u00edm procesu. <b>Proto<\/b> na <b>Konzistence<\/b> m\u011bkk\u00e9 a pru\u017en\u00e9; <b>To umo\u017e\u0148uje<\/b> snadn\u00e1 manipulace a d\u00e1vkov\u00e1n\u00ed. Na <b>Barva<\/b> je obvykle tmav\u011b hn\u011bd\u00e1, \u010dasto s jemn\u00fdmi nazelenal\u00fdmi odlesky. <b>Dod\u00e1v\u00e1me<\/b> <b>Kvalita zna\u010dky<\/b>, <b>P\u016fvodn\u00ed produkt<\/b> a zaru\u010denou \u010distotu.<\/p>\n<h3><b>Intenzivn\u00ed senzorick\u00fd profil<\/b><\/h3>\n<p>Aromatick\u00e1 prysky\u0159ice nab\u00edz\u00ed plnou a komplexn\u00ed chu\u0165. <b>Rozv\u00edj\u00ed se<\/b> p\u0159i vaporizaci nebo p\u0159i provon\u011bn\u00ed m\u00edstnosti. <b>Chu\u0165 je<\/b> Intenzivn\u011b ko\u0159en\u011bn\u00e1, p\u0159evl\u00e1daj\u00ed zemit\u00e9 t\u00f3ny s n\u00e1dechem ko\u0159en\u00ed. <b>Chutn\u00e1 to dob\u0159e, kdy\u017e to zkus\u00edte<\/b> Pln\u00e9 a zemit\u00e9, s jemn\u00fdm, nasl\u00e1dl\u00fdm z\u00e1v\u011brem. <b>Chov\u00e1n\u00ed ku\u0159\u00e1k\u016f<\/b> je jemn\u00e1 a aromatick\u00e1, <b>proto ide\u00e1ln\u00ed<\/b> pro puristick\u00fd po\u017eitek. <b>Spalov\u00e1n\u00ed<\/b> prob\u00edh\u00e1 rovnom\u011brn\u011b a \u010dist\u011b.<\/p>\n<h3><b>Anal\u00fdza a zaji\u0161t\u011bn\u00ed kvality<\/b><\/h3>\n<p><b>Zaru\u010dujeme<\/b> <b>100% Kvalita<\/b> prost\u0159ednictv\u00edm komplexn\u00edch laboratorn\u00edch test\u016f. <b>Tyto testy<\/b> nejen zajistit <b>Z\u00e1konnost<\/b> (Dodr\u017eov\u00e1n\u00ed limit\u016f THC v <b>N\u011bmecko, \u0160v\u00fdcarsko<\/b> a <b>Rakousko<\/b>), <b>ale<\/b> tak\u00e9 <b>Purity<\/b>. <b>Laboratorn\u00ed testy ukazuj\u00ed<\/b> nep\u0159\u00edtomnost pesticid\u016f, t\u011b\u017ek\u00fdch kov\u016f a zbytk\u016f rozpou\u0161t\u011bdel. <b>Ka\u017ed\u00e1 v\u00fdrobn\u00ed d\u00e1vka<\/b> je individu\u00e1ln\u011b kontrolov\u00e1na a dokumentov\u00e1na. <b>Jsme spolehliv\u00ed<\/b> p\u0159i poskytov\u00e1n\u00ed t\u011bchto \u00fadaj\u016f.<\/p>\n<h2><b>Profil \u00fa\u010dinku a ide\u00e1ln\u00ed mo\u017enosti pou\u017eit\u00ed<\/b><\/h2>\n<p>Afgh\u00e1nsk\u00e1 prysky\u0159ice Dara-I Suf se vyzna\u010duje <b>Vyv\u00e1\u017een\u00fd a v\u0161estrann\u00fd chu\u0165ov\u00fd profil<\/b> z. <b>Je ide\u00e1ln\u00ed pro<\/b> pro r\u016fzn\u00e9 situace, kdy je zapot\u0159eb\u00ed jemn\u00e1 podpora. <b>N\u00e1stup \u00fa\u010dinku<\/b> prob\u00edh\u00e1 jemn\u011b a postupn\u011b. <b>T\u00edm je zaji\u0161t\u011bno, \u017ee<\/b> pro hlubok\u00e9 <b>relaxa\u010dn\u00ed<\/b> a \u00fatuln\u00fd pocit. <b>Psychick\u00fd \u00fa\u010dinek<\/b> je vyv\u00e1\u017een\u00fd a jasn\u00fd, se st\u0159edn\u011b dlouhou dobou p\u016fsoben\u00ed (p\u0159ibli\u017en\u011b 2-3 hodiny).<\/p>\n<p><b>Ide\u00e1ln\u00ed oblasti pou\u017eit\u00ed jsou r\u016fzn\u00e9:<\/b> <b>Je to perfektn\u00ed<\/b> pro relaxaci po pr\u00e1ci. <b>Je vhodn\u00fd pro<\/b> pro spole\u010densk\u00e1 a uvoln\u011bn\u00e1 setk\u00e1n\u00ed. <b>Podporuje tak\u00e9<\/b> vnit\u0159n\u00ed kontemplaci b\u011bhem meditace a m\u016f\u017ee podporovat kreativitu.<\/p>\n<h3><b>\u00a0Zp\u016fsoby spot\u0159eby a manipulace<\/b><\/h3>\n<p><b>M\u016f\u017eete<\/b> pou\u017e\u00edvat na\u0161i prysky\u0159ici tradi\u010dn\u00edmi i modern\u00edmi zp\u016fsoby, abyste si vychutnali jej\u00ed plnou chu\u0165.<\/p>\n<ul>\n<li><b>Tradi\u010dn\u00ed zp\u016fsoby:<\/b> <b>Pou\u017eijte ji<\/b> v jointu (s leg\u00e1ln\u00edmi bylinami), v d\u00fdmce pro p\u0159\u00edm\u00fd \u00fa\u010dinek nebo \u010dist\u011b pro nej\u010dist\u0161\u00ed chu\u0165ov\u00fd z\u00e1\u017eitek.<\/li>\n<li><b>Modern\u00ed aplikace:<\/b> <b>Doporu\u010dujeme<\/b> odpa\u0159ova\u010d. <b>Jemn\u00e9 odpa\u0159ov\u00e1n\u00ed<\/b> nab\u00edz\u00ed \u010distou a \u010distou chu\u0165. <b>P\u0159\u00edpadn\u011b m\u016f\u017eete pou\u017e\u00edt<\/b> bong pro chlazen\u00fd po\u017eitek nebo v kuchyni pro kulin\u00e1\u0159sk\u00e9 v\u00fdtvory.<\/li>\n<\/ul>\n<h2><b>Servis, objedn\u00e1v\u00e1n\u00ed a logistika<\/b><\/h2>\n<p><b>Zaru\u010dujeme<\/b> hladk\u00fd proces objedn\u00e1v\u00e1n\u00ed a <b>Diskr\u00e9tn\u00ed doru\u010den\u00ed<\/b>, rychl\u00e9 odesl\u00e1n\u00ed.<\/p>\n<p><b>Na\u0161e slu\u017eby jsou diskr\u00e9tn\u00ed a rychl\u00e9:<\/b> <b>Odes\u00edl\u00e1me<\/b> produkty <b>anonymn\u00ed<\/b> na adrese <b>neutr\u00e1ln\u00ed balen\u00ed<\/b>. <b>Nab\u00edz\u00edme<\/b> <b>Expresn\u00ed p\u0159eprava<\/b> a <b>P\u0159eprava 24 hodin denn\u011b<\/b>. <b>T\u00edm z\u00edsk\u00e1te<\/b> Va\u0161e objedn\u00e1vka v <b>N\u011bmecko<\/b>, <b>Rakousko<\/b> a <b>\u0160v\u00fdcarsko<\/b> rychle a <b>Bezpe\u010dn\u011b doru\u010deno<\/b>. Zpracov\u00e1n\u00ed prob\u00edh\u00e1 prost\u0159ednictv\u00edm zabezpe\u010den\u00fdch transak\u010dn\u00edch kan\u00e1l\u016f.<\/p>\n<h3><b>Objedn\u00e1vka a mno\u017estv\u00ed<\/b><\/h3>\n<p><b>M\u016f\u017eete<\/b> <b>Koupit p\u0159\u00edmo<\/b>. <b>Postup je jednoduch\u00fd:<\/b> <b>Vyberte<\/b> Va\u0161e mno\u017estv\u00ed (25G, 50G, 100G, 250G). <b>P\u0159idat<\/b> p\u0159idat produkt do n\u00e1kupn\u00edho ko\u0161\u00edku. <b>Platba je bezpe\u010dn\u00e1<\/b>. <b>Doru\u010den\u00ed se uskute\u010dn\u00ed<\/b> diskr\u00e9tn\u011b do 1-3 pracovn\u00edch dn\u016f. <b>Zisk z<\/b> z <b>Nejvy\u0161\u0161\u00ed ceny<\/b> a <b>Speci\u00e1ln\u00ed nab\u00eddky<\/b>. <b>Dostupnost<\/b> je \u010dasto <b>Omezen\u00e9 skladov\u00e9 z\u00e1soby<\/b>.<\/p>\n<h3><b>Z\u00e1ruka skladov\u00e1n\u00ed a \u010derstvosti<\/b><\/h3>\n<p>Optimalizovat <b>100% Kvalita<\/b> a zachovat plnou chu\u0165 prysky\u0159ice, <b>mus\u00edte<\/b> dodr\u017eovat optim\u00e1ln\u00ed podm\u00ednky skladov\u00e1n\u00ed. <b>Optim\u00e1ln\u00ed skladov\u00e1n\u00ed<\/b> le\u017e\u00ed s <b>Teplota<\/b> 18-22C a <b>Vlhkost vzduchu<\/b> z <span class=\"math-inline\" data-math=\"55text{\u2013}62%\">55-62%<\/span>. <b>Pou\u017eijte<\/b> chu\u0165ov\u011b uzav\u0159en\u00fd <b>Kontejner<\/b> a <b>chr\u00e1nit ji<\/b> p\u0159ed p\u0159\u00edm\u00fdm sv\u011btlem. <b>Zaru\u010dujeme<\/b> minim\u00e1ln\u00ed trvanlivost 6-9 m\u011bs\u00edc\u016f.<\/p>\n<h2><b>\u010casto kladen\u00e9 ot\u00e1zky (FAQ)<\/b><\/h2>\n<p><b>Odpov\u00edd\u00e1me<\/b> nejd\u016fle\u017eit\u011bj\u0161\u00ed ot\u00e1zky t\u00fdkaj\u00edc\u00ed se na\u0161eho produktu:<\/p>\n<ul>\n<li><b>Ot\u00e1zka: Co znamen\u00e1 \u201eDara-I Suf\u201c?<\/b> <b>A:<\/b> Odkazuje na zn\u00e1mou ha\u0161i\u0161ovou oblast v Afgh\u00e1nist\u00e1nu.<\/li>\n<li><b>Ot\u00e1zka: Pro koho je tato odr\u016fda vhodn\u00e1?<\/b> <b>A:<\/b> Ide\u00e1ln\u00ed pro za\u010d\u00e1te\u010dn\u00edky a ty, kte\u0159\u00ed d\u00e1vaj\u00ed p\u0159ednost m\u00edrn\u00fdm odr\u016fd\u00e1m.<\/li>\n<li><b>Ot\u00e1zka: Jak\u00fd je \u00fa\u010dinek?<\/b> <b>A:<\/b> Prysky\u0159ice m\u00e1 vyv\u00e1\u017eenou a univerz\u00e1ln\u00ed chu\u0165.<\/li>\n<li><b>Ot\u00e1zka: Jak\u00fd zp\u016fsob spot\u0159eby se doporu\u010duje?<\/b> <b>A:<\/b> Obzvl\u00e1\u0161\u0165 dobr\u00e9 je to v jointu (m\u00edchan\u00e9m) nebo vaporiz\u00e9ru.<\/li>\n<li><b>Ot\u00e1zka: Jak\u00fd je nejlep\u0161\u00ed zp\u016fsob d\u00e1vkov\u00e1n\u00ed?<\/b> <b>A:<\/b> Za\u010dn\u011bte s mal\u00fdmi mno\u017estv\u00edmi a opatrn\u011b je zvy\u0161ujte.<\/li>\n<\/ul>\n<h4><b>Za\u017eijte afgh\u00e1nskou tradici<\/b><\/h4>\n<p>Aromatick\u00e1 prysky\u0159ice Dara-I Suf p\u0159edstavuje autentickou ru\u010dn\u011b vyr\u00e1b\u011bnou kvalitu a vyv\u00e1\u017een\u00fd profil. <b>Je to perfektn\u00ed<\/b> pro ty, kte\u0159\u00ed si cen\u00ed tradi\u010dn\u00ed kultury prysky\u0159ice a oce\u0148uj\u00ed m\u00edrn\u00e9, v\u0161estrann\u00e9 odr\u016fdy. <b>Koupit nyn\u00ed online<\/b> a zajistit tuto <b>origin\u00e1l<\/b> V\u00fdrobek pro <b>nejlep\u0161\u00ed cena<\/b>.<\/p>","protected":false},"excerpt":{"rendered":"<p>Koupit afgh\u00e1nsk\u00fd ha\u0161i\u0161 Dara-I Suf: Vysoce kvalitn\u00ed ha\u0161i\u0161 z tradi\u010dn\u00ed p\u011bstitelsk\u00e9 oblasti Dara-I Suf v Afgh\u00e1nist\u00e1nu. Intenzivn\u00ed aroma, jemn\u00fd \u00fa\u010dinek. Ide\u00e1ln\u00ed pro relaxaci a po\u017eitek.<\/p>","protected":false},"featured_media":7260,"comment_status":"open","ping_status":"closed","template":"","meta":{"_joinchat":[]},"product_brand":[],"product_cat":[61],"product_tag":[3162,3164,2964,3047,2965,3072,3071,3163,3053],"class_list":{"0":"post-7222","1":"product","2":"type-product","3":"status-publish","4":"has-post-thumbnail","6":"product_cat-hashish","7":"product_tag-afghani-dara-i-suf-hash","8":"product_tag-afghanisches-hasch","9":"product_tag-ausgewogene-wirkung","10":"product_tag-cannabis","11":"product_tag-entspannend","12":"product_tag-handwerksqualitaet","13":"product_tag-mild","14":"product_tag-traditionelles-haschisch","15":"product_tag-wuerzig","17":"first","18":"instock","19":"shipping-taxable","20":"purchasable","21":"product-type-variable"},"yoast_head":"<!-- This site is optimized with the Yoast SEO plugin v27.5 - https:\/\/yoast.com\/product\/yoast-seo-wordpress\/ -->\n<title>Afghani Dara-I Suf Hash Kaufen | Premium Qualit\u00e4t | Traditionell Chemgramx<\/title>\n<meta name=\"description\" content=\"Afghani Dara-I Suf Hash kaufen - Hochwertiges Haschisch aus dem Suf-Tal. Traditionelle Herstellung, intensives Aroma. Diskret &amp; sicher bestellen.\" \/>\n<meta name=\"robots\" content=\"index, follow, max-snippet:-1, max-image-preview:large, max-video-preview:-1\" \/>\n<link rel=\"canonical\" href=\"https:\/\/chemgramx.com\/cs\/produkt-1\/koupit-afghani-dara-i-suf-hash\/\" \/>\n<meta property=\"og:locale\" content=\"cs_CZ\" \/>\n<meta property=\"og:type\" content=\"article\" \/>\n<meta property=\"og:title\" content=\"Afghani Dara-I Suf Hash Kaufen | Premium Qualit\u00e4t | Traditionell Chemgramx\" \/>\n<meta property=\"og:description\" content=\"Afghani Dara-I Suf Hash kaufen - Hochwertiges Haschisch aus dem Suf-Tal. Traditionelle Herstellung, intensives Aroma. Diskret &amp; sicher bestellen.\" \/>\n<meta property=\"og:url\" content=\"https:\/\/chemgramx.com\/cs\/produkt-1\/koupit-afghani-dara-i-suf-hash\/\" \/>\n<meta property=\"og:site_name\" content=\"Chemgramx\" \/>\n<meta property=\"article:modified_time\" content=\"2025-11-30T17:48:09+00:00\" \/>\n<meta property=\"og:image\" content=\"https:\/\/chemgramx.com\/wp-content\/uploads\/2025\/11\/afghani-dara-i-suf-hash.jpg\" \/>\n\t<meta property=\"og:image:width\" content=\"1000\" \/>\n\t<meta property=\"og:image:height\" content=\"1000\" \/>\n\t<meta property=\"og:image:type\" content=\"image\/jpeg\" \/>\n<meta name=\"twitter:card\" content=\"summary_large_image\" \/>\n<meta name=\"twitter:label1\" content=\"Odhadovan\u00e1 doba \u010dten\u00ed\" \/>\n\t<meta name=\"twitter:data1\" content=\"4 minuty\" \/>\n<script type=\"application\/ld+json\" class=\"yoast-schema-graph\">{\"@context\":\"https:\\\/\\\/schema.org\",\"@graph\":[{\"@type\":\"WebPage\",\"@id\":\"https:\\\/\\\/chemgramx.com\\\/product\\\/afghani-dara-i-suf-hash-kaufen\\\/\",\"url\":\"https:\\\/\\\/chemgramx.com\\\/product\\\/afghani-dara-i-suf-hash-kaufen\\\/\",\"name\":\"Afghani Dara-I Suf Hash Kaufen | Premium Qualit\u00e4t | Traditionell Chemgramx\",\"isPartOf\":{\"@id\":\"https:\\\/\\\/chemgramx.com\\\/#website\"},\"primaryImageOfPage\":{\"@id\":\"https:\\\/\\\/chemgramx.com\\\/product\\\/afghani-dara-i-suf-hash-kaufen\\\/#primaryimage\"},\"image\":{\"@id\":\"https:\\\/\\\/chemgramx.com\\\/product\\\/afghani-dara-i-suf-hash-kaufen\\\/#primaryimage\"},\"thumbnailUrl\":\"https:\\\/\\\/chemgramx.com\\\/wp-content\\\/uploads\\\/2025\\\/11\\\/afghani-dara-i-suf-hash.jpg\",\"datePublished\":\"2025-11-21T11:13:36+00:00\",\"dateModified\":\"2025-11-30T17:48:09+00:00\",\"description\":\"Afghani Dara-I Suf Hash kaufen - Hochwertiges Haschisch aus dem Suf-Tal. Traditionelle Herstellung, intensives Aroma. Diskret & sicher bestellen.\",\"breadcrumb\":{\"@id\":\"https:\\\/\\\/chemgramx.com\\\/product\\\/afghani-dara-i-suf-hash-kaufen\\\/#breadcrumb\"},\"inLanguage\":\"cs\",\"potentialAction\":[{\"@type\":\"ReadAction\",\"target\":[\"https:\\\/\\\/chemgramx.com\\\/product\\\/afghani-dara-i-suf-hash-kaufen\\\/\"]}]},{\"@type\":\"ImageObject\",\"inLanguage\":\"cs\",\"@id\":\"https:\\\/\\\/chemgramx.com\\\/product\\\/afghani-dara-i-suf-hash-kaufen\\\/#primaryimage\",\"url\":\"https:\\\/\\\/chemgramx.com\\\/wp-content\\\/uploads\\\/2025\\\/11\\\/afghani-dara-i-suf-hash.jpg\",\"contentUrl\":\"https:\\\/\\\/chemgramx.com\\\/wp-content\\\/uploads\\\/2025\\\/11\\\/afghani-dara-i-suf-hash.jpg\",\"width\":1000,\"height\":1000},{\"@type\":\"BreadcrumbList\",\"@id\":\"https:\\\/\\\/chemgramx.com\\\/product\\\/afghani-dara-i-suf-hash-kaufen\\\/#breadcrumb\",\"itemListElement\":[{\"@type\":\"ListItem\",\"position\":1,\"name\":\"Home\",\"item\":\"https:\\\/\\\/chemgramx.com\\\/\"},{\"@type\":\"ListItem\",\"position\":2,\"name\":\"Shop\",\"item\":\"https:\\\/\\\/chemgramx.com\\\/shop\\\/\"},{\"@type\":\"ListItem\",\"position\":3,\"name\":\"Afghani Dara-I Suf Hash kaufen\"}]},{\"@type\":\"WebSite\",\"@id\":\"https:\\\/\\\/chemgramx.com\\\/#website\",\"url\":\"https:\\\/\\\/chemgramx.com\\\/\",\"name\":\"Chemgramx\",\"description\":\"\",\"publisher\":{\"@id\":\"https:\\\/\\\/chemgramx.com\\\/#organization\"},\"potentialAction\":[{\"@type\":\"SearchAction\",\"target\":{\"@type\":\"EntryPoint\",\"urlTemplate\":\"https:\\\/\\\/chemgramx.com\\\/?s={search_term_string}\"},\"query-input\":{\"@type\":\"PropertyValueSpecification\",\"valueRequired\":true,\"valueName\":\"search_term_string\"}}],\"inLanguage\":\"cs\"},{\"@type\":\"Organization\",\"@id\":\"https:\\\/\\\/chemgramx.com\\\/#organization\",\"name\":\"Chemgramx\",\"url\":\"https:\\\/\\\/chemgramx.com\\\/\",\"logo\":{\"@type\":\"ImageObject\",\"inLanguage\":\"cs\",\"@id\":\"https:\\\/\\\/chemgramx.com\\\/#\\\/schema\\\/logo\\\/image\\\/\",\"url\":\"https:\\\/\\\/chemgramx.com\\\/wp-content\\\/uploads\\\/2024\\\/10\\\/final-logo.png\",\"contentUrl\":\"https:\\\/\\\/chemgramx.com\\\/wp-content\\\/uploads\\\/2024\\\/10\\\/final-logo.png\",\"width\":250,\"height\":48,\"caption\":\"Chemgramx\"},\"image\":{\"@id\":\"https:\\\/\\\/chemgramx.com\\\/#\\\/schema\\\/logo\\\/image\\\/\"}}]}<\/script>\n<!-- \/ Yoast SEO plugin. -->","yoast_head_json":{"title":"Koupit Afghani Dara-I Suf Hash | Pr\u00e9miov\u00e1 kvalita | Tradi\u010dn\u00ed chemgramx","description":"Prod\u00e1m Afghani Dara-I Suf Hash - vysoce kvalitn\u00ed ha\u0161i\u0161 z \u00fadol\u00ed Suf. Tradi\u010dn\u00ed v\u00fdroba, intenzivn\u00ed chu\u0165. Objedn\u00e1vejte diskr\u00e9tn\u011b a bezpe\u010dn\u011b.","robots":{"index":"index","follow":"follow","max-snippet":"max-snippet:-1","max-image-preview":"max-image-preview:large","max-video-preview":"max-video-preview:-1"},"canonical":"https:\/\/chemgramx.com\/cs\/produkt-1\/koupit-afghani-dara-i-suf-hash\/","og_locale":"cs_CZ","og_type":"article","og_title":"Afghani Dara-I Suf Hash Kaufen | Premium Qualit\u00e4t | Traditionell Chemgramx","og_description":"Afghani Dara-I Suf Hash kaufen - Hochwertiges Haschisch aus dem Suf-Tal. Traditionelle Herstellung, intensives Aroma. Diskret & sicher bestellen.","og_url":"https:\/\/chemgramx.com\/cs\/produkt-1\/koupit-afghani-dara-i-suf-hash\/","og_site_name":"Chemgramx","article_modified_time":"2025-11-30T17:48:09+00:00","og_image":[{"width":1000,"height":1000,"url":"https:\/\/chemgramx.com\/wp-content\/uploads\/2025\/11\/afghani-dara-i-suf-hash.jpg","type":"image\/jpeg"}],"twitter_card":"summary_large_image","twitter_misc":{"Odhadovan\u00e1 doba \u010dten\u00ed":"4 minuty"},"schema":{"@context":"https:\/\/schema.org","@graph":[{"@type":"WebPage","@id":"https:\/\/chemgramx.com\/product\/afghani-dara-i-suf-hash-kaufen\/","url":"https:\/\/chemgramx.com\/product\/afghani-dara-i-suf-hash-kaufen\/","name":"Koupit Afghani Dara-I Suf Hash | Pr\u00e9miov\u00e1 kvalita | Tradi\u010dn\u00ed chemgramx","isPartOf":{"@id":"https:\/\/chemgramx.com\/#website"},"primaryImageOfPage":{"@id":"https:\/\/chemgramx.com\/product\/afghani-dara-i-suf-hash-kaufen\/#primaryimage"},"image":{"@id":"https:\/\/chemgramx.com\/product\/afghani-dara-i-suf-hash-kaufen\/#primaryimage"},"thumbnailUrl":"https:\/\/chemgramx.com\/wp-content\/uploads\/2025\/11\/afghani-dara-i-suf-hash.jpg","datePublished":"2025-11-21T11:13:36+00:00","dateModified":"2025-11-30T17:48:09+00:00","description":"Prod\u00e1m Afghani Dara-I Suf Hash - vysoce kvalitn\u00ed ha\u0161i\u0161 z \u00fadol\u00ed Suf. Tradi\u010dn\u00ed v\u00fdroba, intenzivn\u00ed chu\u0165. Objedn\u00e1vejte diskr\u00e9tn\u011b a bezpe\u010dn\u011b.","breadcrumb":{"@id":"https:\/\/chemgramx.com\/product\/afghani-dara-i-suf-hash-kaufen\/#breadcrumb"},"inLanguage":"cs","potentialAction":[{"@type":"ReadAction","target":["https:\/\/chemgramx.com\/product\/afghani-dara-i-suf-hash-kaufen\/"]}]},{"@type":"ImageObject","inLanguage":"cs","@id":"https:\/\/chemgramx.com\/product\/afghani-dara-i-suf-hash-kaufen\/#primaryimage","url":"https:\/\/chemgramx.com\/wp-content\/uploads\/2025\/11\/afghani-dara-i-suf-hash.jpg","contentUrl":"https:\/\/chemgramx.com\/wp-content\/uploads\/2025\/11\/afghani-dara-i-suf-hash.jpg","width":1000,"height":1000},{"@type":"BreadcrumbList","@id":"https:\/\/chemgramx.com\/product\/afghani-dara-i-suf-hash-kaufen\/#breadcrumb","itemListElement":[{"@type":"ListItem","position":1,"name":"Home","item":"https:\/\/chemgramx.com\/"},{"@type":"ListItem","position":2,"name":"Shop","item":"https:\/\/chemgramx.com\/shop\/"},{"@type":"ListItem","position":3,"name":"Afghani Dara-I Suf Hash kaufen"}]},{"@type":"WebSite","@id":"https:\/\/chemgramx.com\/#website","url":"https:\/\/chemgramx.com\/","name":"Chemgramx","description":"","publisher":{"@id":"https:\/\/chemgramx.com\/#organization"},"potentialAction":[{"@type":"SearchAction","target":{"@type":"EntryPoint","urlTemplate":"https:\/\/chemgramx.com\/?s={search_term_string}"},"query-input":{"@type":"PropertyValueSpecification","valueRequired":true,"valueName":"search_term_string"}}],"inLanguage":"cs"},{"@type":"Organization","@id":"https:\/\/chemgramx.com\/#organization","name":"Chemgramx","url":"https:\/\/chemgramx.com\/","logo":{"@type":"ImageObject","inLanguage":"cs","@id":"https:\/\/chemgramx.com\/#\/schema\/logo\/image\/","url":"https:\/\/chemgramx.com\/wp-content\/uploads\/2024\/10\/final-logo.png","contentUrl":"https:\/\/chemgramx.com\/wp-content\/uploads\/2024\/10\/final-logo.png","width":250,"height":48,"caption":"Chemgramx"},"image":{"@id":"https:\/\/chemgramx.com\/#\/schema\/logo\/image\/"}}]}},"_links":{"self":[{"href":"https:\/\/chemgramx.com\/cs\/wp-json\/wp\/v2\/product\/7222","targetHints":{"allow":["GET"]}}],"collection":[{"href":"https:\/\/chemgramx.com\/cs\/wp-json\/wp\/v2\/product"}],"about":[{"href":"https:\/\/chemgramx.com\/cs\/wp-json\/wp\/v2\/types\/product"}],"replies":[{"embeddable":true,"href":"https:\/\/chemgramx.com\/cs\/wp-json\/wp\/v2\/comments?post=7222"}],"wp:featuredmedia":[{"embeddable":true,"href":"https:\/\/chemgramx.com\/cs\/wp-json\/wp\/v2\/media\/7260"}],"wp:attachment":[{"href":"https:\/\/chemgramx.com\/cs\/wp-json\/wp\/v2\/media?parent=7222"}],"wp:term":[{"taxonomy":"product_brand","embeddable":true,"href":"https:\/\/chemgramx.com\/cs\/wp-json\/wp\/v2\/product_brand?post=7222"},{"taxonomy":"product_cat","embeddable":true,"href":"https:\/\/chemgramx.com\/cs\/wp-json\/wp\/v2\/product_cat?post=7222"},{"taxonomy":"product_tag","embeddable":true,"href":"https:\/\/chemgramx.com\/cs\/wp-json\/wp\/v2\/product_tag?post=7222"}],"curies":[{"name":"wp","href":"https:\/\/api.w.org\/{rel}","templated":true}]}}