{"id":7334,"date":"2025-11-21T11:15:13","date_gmt":"2025-11-21T11:15:13","guid":{"rendered":"https:\/\/chemgramx.com\/?post_type=product&#038;p=7334"},"modified":"2025-11-21T11:17:03","modified_gmt":"2025-11-21T11:17:03","slug":"afghani-kush-17-25-thc","status":"publish","type":"product","link":"https:\/\/chemgramx.com\/cs\/product\/afghani-kush-17-25-thc\/","title":{"rendered":"Afghani kush 17 - 25% THC"},"content":{"rendered":"<p><b>Afgh\u00e1nsk\u00fd Ku\u0161<\/b> je mnohem v\u00edc ne\u017e pouh\u00fd kmen konop\u00ed; <b>je<\/b> je <b>\u017div\u00e9 sv\u011bdectv\u00ed o historii konop\u00ed<\/b>. <b>Vy<\/b> je jedn\u00edm z <b>nejstar\u0161\u00ed a nejzn\u00e1m\u011bj\u0161\u00ed \u010dist\u00e9 krajov\u00e9 odr\u016fdy Indica<\/b> po cel\u00e9m sv\u011bt\u011b. <b>V\u00e1\u0161<\/b> Jej\u00ed p\u016fvod je v nehostinn\u00fdch vysokohorsk\u00fdch oblastech Afgh\u00e1nist\u00e1nu, p\u0159esn\u011bji \u0159e\u010deno v oblasti <b>Poho\u0159\u00ed Hind\u00faku\u0161<\/b>. <b>Tyto str\u00e1nky<\/b> ikonick\u00e1 odr\u016fda je proslul\u00e1 svou <b>prysky\u0159i\u010dn\u00e9, hust\u00e9 kv\u011bty<\/b>, jejich hlubok\u00e1, zemit\u00e1 chu\u0165 a jejich <b>Bezkonkuren\u010dn\u00ed, siln\u00fd sedativn\u00ed \u00fa\u010dinek<\/b>. <b>V d\u016fsledku toho<\/b> Afghani Kush slou\u017e\u00ed jako genetick\u00fd z\u00e1klad pro nespo\u010det modern\u00edch hybridn\u00edch odr\u016fd s p\u0159evahou indiky, a je proto d\u016fle\u017eit\u00fdm p\u0159edm\u011btem v\u00fdzkumu. <b>Ve skute\u010dnosti<\/b> nab\u00edz\u00ed siln\u00fd obsah THC mezi <b>17 % a 25 %<\/b> hlubok\u00e9 fyzick\u00e9 uvoln\u011bn\u00ed, kter\u00e9 vystihuje podstatu tradi\u010dn\u00ed indick\u00e9 kultury.<\/p>\n<h2><b>Genetika odolnosti: evoluce v Hind\u00faku\u0161e<\/b><\/h2>\n<p>Afghani Kush je t\u00e9m\u011b\u0159 <b>100 % \u010dist\u00e1 krajov\u00e1 odr\u016fda Indica<\/b>. <b>Vy<\/b> se ve sv\u00e9 stejnojmenn\u00e9 oblasti p\u011bstuje v nezm\u011bn\u011bn\u00e9 podob\u011b ji\u017e po stalet\u00ed. <b>Va\u0161e<\/b> Genetika je p\u0159\u00edm\u00fdm d\u016fsledkem <b>extr\u00e9mn\u00ed podm\u00ednky prost\u0159ed\u00ed<\/b> ve vysok\u00fdch hor\u00e1ch.<\/p>\n<h4><b>Adaptace na vysokohorsk\u00e9 klima<\/b><\/h4>\n<ul>\n<li><b>Pevnost a odolnost:<\/b> Drsn\u00e9 podneb\u00ed vysokohorsk\u00e9 oblasti, pro kter\u00e9 je charakteristick\u00e9. <b>Kr\u00e1tk\u00e1 l\u00e9ta a chladn\u00e9 noci<\/b>, donutila rostliny vyvinout jedine\u010dnou odolnost. <b>Proto<\/b> rostliny jsou od p\u0159\u00edrody <b>kr\u00e1tk\u00fd, hu\u0148at\u00fd<\/b> a odoln\u00e9 v\u016f\u010di \u0161k\u016fdc\u016fm a pl\u00edsn\u00edm.<\/li>\n<li><b>Vysok\u00e1 produkce prysky\u0159ice (trichomy):<\/b> Jako biologick\u00fd obrann\u00fd mechanismus proti extr\u00e9mn\u00edmu UV z\u00e1\u0159en\u00ed a vyprahlosti vyso\u010diny se v Afgh\u00e1nsk\u00e9m K\u00fa\u0161i vyvinul <b>v\u00fdjime\u010dn\u011b hust\u00fd, lepkav\u00fd <a href=\"\/product\/ultimate-mushroom-kaufen\/\">Vrstva prysky\u0159ice<\/a><\/b>. <b>Tyto str\u00e1nky<\/b> Trichomy jsou m\u00edstem produkce kanabinoid\u016f a terpen\u016f. <b>Proto<\/b> tato genetika historicky tvo\u0159\u00ed <b>Z\u00e1kladna<\/b> pro v\u00fdrobu tradi\u010dn\u00edho ha\u0161i\u0161e (nap\u0159. <b>Charas<\/b>) v regionu.<\/li>\n<li><b>Z\u00e1klad modern\u00ed genetiky:<\/b> Genetick\u00e1 \u010distota a stabilita odr\u016fdy Afghani Kush jsou neoceniteln\u00e9. <b>Vy<\/b> tvo\u0159\u00ed <b>evolu\u010dn\u00ed a \u0161lechtitelsk\u00fd z\u00e1klad<\/b> pro nespo\u010det modern\u00edch hybridn\u00edch odr\u016fd s dominanc\u00ed odr\u016fdy Indica po cel\u00e9m sv\u011bt\u011b. <b>Kdo<\/b> Pokud chcete pochopit ko\u0159eny kultury Indica, mus\u00edte tuto landrace prostudovat.<\/li>\n<\/ul>\n<h2><b>Chu\u0165, terpeny a autentick\u00e1 v\u016fn\u011b Kush<\/b><\/h2>\n<p>Chu\u0165 afgh\u00e1nsk\u00e9ho ke\u0161e je jednou z jeho <b>defini\u010dn\u00ed znaky<\/b> - autentick\u00e9, opravdov\u00e9 a hlubok\u00e9. <b>Na adrese .<\/b> je v\u016fn\u011b, kter\u00e1 vypr\u00e1v\u00ed o drsn\u00e9 zemi a prysky\u0159i\u010dnat\u00fdch les\u00edch sv\u00e9 domoviny. <b>Tento<\/b> Intenzivn\u00ed, h\u0159ejiv\u00e1 chu\u0165 je d\u00e1na p\u0159edev\u0161\u00edm t\u0159emi dominantn\u00edmi terpeny, kter\u00e9 se v\u00fdznamn\u011b pod\u00edlej\u00ed na \u00fa\u010dinku:<\/p>\n<ul>\n<li><b>Myrcen (zemit\u00fd, sedativn\u00ed):<\/b> <b>Jako<\/b> nejroz\u0161\u00ed\u0159en\u011bj\u0161\u00ed terpen v konop\u00ed, myrcen, hraje \u00fast\u0159edn\u00ed roli. <b>Na adrese .<\/b> je ur\u010den pro <b>klasick\u00e1 zemit\u00e1 a lehce sladk\u00e1 z\u00e1kladn\u00ed n\u00f3ta<\/b> a je farmakologicky siln\u011b spojen s <b>uklid\u0148uj\u00edc\u00ed, sedativn\u00ed \u00fa\u010dinek<\/b> s n\u00edm spojen\u00fd.<\/li>\n<li><b>Beta-karyofylen (ko\u0159en\u011bn\u00fd, protiz\u00e1n\u011btliv\u00fd):<\/b> <b>Tento<\/b> Terpen d\u00e1v\u00e1 odr\u016fd\u011b <b>ko\u0159en\u011bn\u00e9, d\u0159evit\u00e9 t\u00f3ny<\/b>. <b>Na adrese .<\/b> je jedin\u00fdm terpenem, kter\u00fd se v\u00e1\u017ee p\u0159\u00edmo na kanabinoidn\u00ed receptory (CB2), a proto je tak d\u016fle\u017eit\u00fd pro sv\u00e9 vlastnosti. <b>Potenci\u00e1ln\u00ed protiz\u00e1n\u011btliv\u00e9 vlastnosti<\/b> se analyzuje.<\/li>\n<li><b>Limonen \/ Pinen (prysky\u0159i\u010dn\u00fd, \u010derstv\u00fd):<\/b> <b>Notov\u00fd z\u00e1pis<\/b> borovice a \u010derstv\u00e9 bylinky dopl\u0148uj\u00ed profil. <b>Tyto str\u00e1nky<\/b> ukazuj\u00ed na <b>Vysok\u00e1 koncentrace prysky\u0159ice<\/b> kv\u011bt\u016f.<\/li>\n<\/ul>\n<p><b>Spot\u0159eba<\/b> se rozvine hlubok\u00e1, p\u0159irozen\u00e1 chu\u0165, kter\u00e1 p\u0159ipom\u00edn\u00e1 chuti <b>\u010derstv\u00e1 zemina a sladk\u00e1 ha\u0161i\u0161ov\u00e1 prysky\u0159ice<\/b> p\u0159ipom\u00edn\u00e1. <b>V d\u016fsledku toho<\/b> tento autentick\u00fd terpenov\u00fd profil zaji\u0161\u0165uje dlouhotrvaj\u00edc\u00ed smyslov\u00fd z\u00e1\u017eitek.<\/p>\n<h2><b>\u00da\u010dinek, s\u00edla THC a \u201et\u011blesn\u00e9 opojen\u00ed\u201c<\/b><\/h2>\n<p>S obsahem THC, kter\u00fd se pohybuje mezi <b>17 % a 25 %<\/b> l\u017ei, Afghani Kush je <b>v\u00fdkonn\u00e1 odr\u016fda<\/b>. <b>Va\u0161e<\/b> Sady efekt\u016f <b>Siln\u00e9, rychl\u00e9 a dlouhotrvaj\u00edc\u00ed<\/b> v. <b>Vy<\/b> je zt\u011blesn\u011bn\u00edm indiky a znamen\u00e1 naprost\u00e9 fyzick\u00e9 uvoln\u011bn\u00ed, tzv. <b>\u201eBody-High\u201c<\/b>.<\/p>\n<ul>\n<li><b>Hlubok\u00e1 relaxace:<\/b> <b>Ji\u017e<\/b> Po kr\u00e1tk\u00e9 dob\u011b <b>Hlubok\u00fd sedativn\u00ed \u00fa\u010dinek<\/b> kter\u00fd mnoz\u00ed u\u017eivatel\u00e9 popisuj\u00ed jako intenzivn\u00ed fyzick\u00fd klid.<\/li>\n<li><b>Sn\u00ed\u017een\u00ed stresu a nap\u011bt\u00ed:<\/b> <b>Na str\u00e1nk\u00e1ch<\/b> je ide\u00e1ln\u00ed pro <b>Stres, vnit\u0159n\u00ed nap\u011bt\u00ed a nervozita<\/b> a vyb\u00edz\u00ed k vypnut\u00ed.<\/li>\n<li><b>Podpora sp\u00e1nku:<\/b> <b>Vzhledem k<\/b> jeho siln\u00e9 sedativn\u00ed vlastnosti, je \u010dasto pou\u017e\u00edv\u00e1n v\u00fdslovn\u011b pro jeho <b>\u00fa\u010dinek podporuj\u00edc\u00ed sp\u00e1nek<\/b> oce\u0148ov\u00e1ny, co\u017e je \u010din\u00ed <b>ide\u00e1ln\u00ed ve\u010dern\u00ed zpest\u0159en\u00ed<\/b> vyr\u00e1b\u00ed.<\/li>\n<li><b>Stimulace chuti k j\u00eddlu:<\/b> <b>D\u00e1le<\/b> m\u016f\u017ee p\u0159isp\u00edvat ke zv\u00fd\u0161en\u00ed chuti k j\u00eddlu (munchies efekt).<\/li>\n<\/ul>\n<p><b>Vysok\u00e1 \u00fa\u010dinnost<\/b> by nem\u011bly b\u00fdt podce\u0148ov\u00e1ny. <b>Vy<\/b> zaru\u010duje <b>Konzistence a hloubka \u00fa\u010dinku<\/b>, kter\u00e9 modern\u00ed, \u010dasto \u0159ed\u011bn\u00e9 hybridn\u00ed odr\u016fdy dosahuj\u00ed jen z\u0159\u00eddka.<\/p>\n<h2><b>Normy kvality a dodr\u017eov\u00e1n\u00ed pr\u00e1vn\u00edch p\u0159edpis\u016f<\/b><\/h2>\n<p><b>Pro v\u00fdzkum<\/b> a dodr\u017eov\u00e1n\u00ed z\u00e1konn\u00fdch p\u0159edpis\u016f jsou nezbytn\u00e9 p\u0159\u00edsn\u00e9 normy kvality. <b>Proto<\/b> mus\u00ed b\u00fdt <b>Genetick\u00e1 \u010distota<\/b> a <b>Dodr\u017eov\u00e1n\u00ed obsahu THC<\/b> lze prok\u00e1zat.<\/p>\n<ul>\n<li><b>Analytick\u00e1 transparentnost:<\/b> <b>Skute\u010dn\u00e9<\/b> Jsou vy\u017eadov\u00e1ny certifik\u00e1ty o anal\u00fdze (CoA). <b>Tyto str\u00e1nky<\/b> zaru\u010dit deklarovan\u00fd obsah THC a <b>Nep\u0159\u00edtomnost \u0161kodliv\u00fdch l\u00e1tek<\/b> (pesticidy, t\u011b\u017ek\u00e9 kovy).<\/li>\n<li><b>Pr\u00e1vn\u00ed situace v N\u011bmecku:<\/b> Je t\u0159eba jednozna\u010dn\u011b zd\u016fraznit, \u017ee <b>Afgh\u00e1nsk\u00fd Ku\u0161<\/b> kv\u016fli obsahu THC v N\u011bmecku na z\u00e1klad\u011b <b>Z\u00e1kon o drog\u00e1ch (BtMG)<\/b> nebo <b>Z\u00e1kon o konop\u00ed pro spot\u0159ebitele (KCanG)<\/b> pad\u00e1. <b>Z toho vypl\u00fdv\u00e1<\/b>, \u017ee <b>Nabyt\u00ed, dr\u017een\u00ed nebo obchodov\u00e1n\u00ed s nimi je nez\u00e1konn\u00e9<\/b> pokud neexistuje l\u00e9ka\u0159sk\u00fd p\u0159edpis nebo \u00fa\u0159edn\u00ed povolen\u00ed. <b>Proto<\/b> tyto podrobn\u00e9 informace <b>\u010dist\u011b v\u011bdeck\u00e9, botanick\u00e9 a informa\u010dn\u00ed \u00fa\u010dely.<\/b>. <b>Vy<\/b> pou\u017e\u00edt <b>ani spot\u0159eba, ani nez\u00e1konn\u00e9 nab\u00fdv\u00e1n\u00ed<\/b>.<\/li>\n<\/ul>","protected":false},"excerpt":{"rendered":"<p data-start=\"3534\" data-end=\"3671\">Afghani Kush - \u010dist\u00e1 Indica s 17-25 % THC. Zemit\u00e1 chu\u0165, hlubok\u00e1 relaxace a tradi\u010dn\u00ed kvalita z poho\u0159\u00ed Hindu Kush.<\/p>","protected":false},"featured_media":7359,"comment_status":"open","ping_status":"closed","template":"","meta":{"_joinchat":[]},"product_brand":[],"product_cat":[62],"product_tag":[],"class_list":{"0":"post-7334","1":"product","2":"type-product","3":"status-publish","4":"has-post-thumbnail","6":"product_cat-marijuana","8":"first","9":"instock","10":"shipping-taxable","11":"purchasable","12":"product-type-variable"},"yoast_head":"<!-- This site is optimized with the Yoast SEO plugin v27.5 - https:\/\/yoast.com\/product\/yoast-seo-wordpress\/ -->\n<title>Afghani Kush kaufen | 17\u201325% THC reine Indica<\/title>\n<meta name=\"description\" content=\"Afghani Kush kaufen \u2013 17\u201325% THC, erdig-w\u00fcrziges Aroma und tiefe Entspannung. Reine Indica mit traditioneller Qualit\u00e4t, diskret geliefert.\" \/>\n<meta name=\"robots\" content=\"index, follow, max-snippet:-1, max-image-preview:large, max-video-preview:-1\" \/>\n<link rel=\"canonical\" href=\"https:\/\/chemgramx.com\/cs\/produkt-1\/afghani-kush-17-25-thc\/\" \/>\n<meta property=\"og:locale\" content=\"cs_CZ\" \/>\n<meta property=\"og:type\" content=\"article\" \/>\n<meta property=\"og:title\" content=\"Afghani Kush kaufen | 17\u201325% THC reine Indica\" \/>\n<meta property=\"og:description\" content=\"Afghani Kush kaufen \u2013 17\u201325% THC, erdig-w\u00fcrziges Aroma und tiefe Entspannung. Reine Indica mit traditioneller Qualit\u00e4t, diskret geliefert.\" \/>\n<meta property=\"og:url\" content=\"https:\/\/chemgramx.com\/cs\/produkt-1\/afghani-kush-17-25-thc\/\" \/>\n<meta property=\"og:site_name\" content=\"Chemgramx\" \/>\n<meta property=\"article:modified_time\" content=\"2025-11-21T11:17:03+00:00\" \/>\n<meta property=\"og:image\" content=\"https:\/\/chemgramx.com\/wp-content\/uploads\/2025\/11\/afghani-kush-17-25-thc.jpg\" \/>\n\t<meta property=\"og:image:width\" content=\"800\" \/>\n\t<meta property=\"og:image:height\" content=\"800\" \/>\n\t<meta property=\"og:image:type\" content=\"image\/jpeg\" \/>\n<meta name=\"twitter:card\" content=\"summary_large_image\" \/>\n<meta name=\"twitter:label1\" content=\"Odhadovan\u00e1 doba \u010dten\u00ed\" \/>\n\t<meta name=\"twitter:data1\" content=\"4 minuty\" \/>\n<script type=\"application\/ld+json\" class=\"yoast-schema-graph\">{\"@context\":\"https:\\\/\\\/schema.org\",\"@graph\":[{\"@type\":\"WebPage\",\"@id\":\"https:\\\/\\\/chemgramx.com\\\/product\\\/afghani-kush-17-25-thc\\\/\",\"url\":\"https:\\\/\\\/chemgramx.com\\\/product\\\/afghani-kush-17-25-thc\\\/\",\"name\":\"Afghani Kush kaufen | 17\u201325% THC reine Indica\",\"isPartOf\":{\"@id\":\"https:\\\/\\\/chemgramx.com\\\/#website\"},\"primaryImageOfPage\":{\"@id\":\"https:\\\/\\\/chemgramx.com\\\/product\\\/afghani-kush-17-25-thc\\\/#primaryimage\"},\"image\":{\"@id\":\"https:\\\/\\\/chemgramx.com\\\/product\\\/afghani-kush-17-25-thc\\\/#primaryimage\"},\"thumbnailUrl\":\"https:\\\/\\\/chemgramx.com\\\/wp-content\\\/uploads\\\/2025\\\/11\\\/afghani-kush-17-25-thc.jpg\",\"datePublished\":\"2025-11-21T11:15:13+00:00\",\"dateModified\":\"2025-11-21T11:17:03+00:00\",\"description\":\"Afghani Kush kaufen \u2013 17\u201325% THC, erdig-w\u00fcrziges Aroma und tiefe Entspannung. Reine Indica mit traditioneller Qualit\u00e4t, diskret geliefert.\",\"breadcrumb\":{\"@id\":\"https:\\\/\\\/chemgramx.com\\\/product\\\/afghani-kush-17-25-thc\\\/#breadcrumb\"},\"inLanguage\":\"cs\",\"potentialAction\":[{\"@type\":\"ReadAction\",\"target\":[\"https:\\\/\\\/chemgramx.com\\\/product\\\/afghani-kush-17-25-thc\\\/\"]}]},{\"@type\":\"ImageObject\",\"inLanguage\":\"cs\",\"@id\":\"https:\\\/\\\/chemgramx.com\\\/product\\\/afghani-kush-17-25-thc\\\/#primaryimage\",\"url\":\"https:\\\/\\\/chemgramx.com\\\/wp-content\\\/uploads\\\/2025\\\/11\\\/afghani-kush-17-25-thc.jpg\",\"contentUrl\":\"https:\\\/\\\/chemgramx.com\\\/wp-content\\\/uploads\\\/2025\\\/11\\\/afghani-kush-17-25-thc.jpg\",\"width\":800,\"height\":800},{\"@type\":\"BreadcrumbList\",\"@id\":\"https:\\\/\\\/chemgramx.com\\\/product\\\/afghani-kush-17-25-thc\\\/#breadcrumb\",\"itemListElement\":[{\"@type\":\"ListItem\",\"position\":1,\"name\":\"Home\",\"item\":\"https:\\\/\\\/chemgramx.com\\\/\"},{\"@type\":\"ListItem\",\"position\":2,\"name\":\"Shop\",\"item\":\"https:\\\/\\\/chemgramx.com\\\/shop\\\/\"},{\"@type\":\"ListItem\",\"position\":3,\"name\":\"Afghani kush 17 \u2013 25% THC\"}]},{\"@type\":\"WebSite\",\"@id\":\"https:\\\/\\\/chemgramx.com\\\/#website\",\"url\":\"https:\\\/\\\/chemgramx.com\\\/\",\"name\":\"Chemgramx\",\"description\":\"\",\"publisher\":{\"@id\":\"https:\\\/\\\/chemgramx.com\\\/#organization\"},\"potentialAction\":[{\"@type\":\"SearchAction\",\"target\":{\"@type\":\"EntryPoint\",\"urlTemplate\":\"https:\\\/\\\/chemgramx.com\\\/?s={search_term_string}\"},\"query-input\":{\"@type\":\"PropertyValueSpecification\",\"valueRequired\":true,\"valueName\":\"search_term_string\"}}],\"inLanguage\":\"cs\"},{\"@type\":\"Organization\",\"@id\":\"https:\\\/\\\/chemgramx.com\\\/#organization\",\"name\":\"Chemgramx\",\"url\":\"https:\\\/\\\/chemgramx.com\\\/\",\"logo\":{\"@type\":\"ImageObject\",\"inLanguage\":\"cs\",\"@id\":\"https:\\\/\\\/chemgramx.com\\\/#\\\/schema\\\/logo\\\/image\\\/\",\"url\":\"https:\\\/\\\/chemgramx.com\\\/wp-content\\\/uploads\\\/2024\\\/10\\\/final-logo.png\",\"contentUrl\":\"https:\\\/\\\/chemgramx.com\\\/wp-content\\\/uploads\\\/2024\\\/10\\\/final-logo.png\",\"width\":250,\"height\":48,\"caption\":\"Chemgramx\"},\"image\":{\"@id\":\"https:\\\/\\\/chemgramx.com\\\/#\\\/schema\\\/logo\\\/image\\\/\"}}]}<\/script>\n<!-- \/ Yoast SEO plugin. -->","yoast_head_json":{"title":"Koupit Afghani Kush | 17-25% THC pure Indica","description":"Prod\u00e1m Afghani Kush - 17-25% THC, zemit\u011b ko\u0159en\u011bn\u00e1 chu\u0165 a hlubok\u00e1 relaxace. \u010cist\u00e1 Indica s tradi\u010dn\u00ed kvalitou, dod\u00e1van\u00e1 diskr\u00e9tn\u011b.","robots":{"index":"index","follow":"follow","max-snippet":"max-snippet:-1","max-image-preview":"max-image-preview:large","max-video-preview":"max-video-preview:-1"},"canonical":"https:\/\/chemgramx.com\/cs\/produkt-1\/afghani-kush-17-25-thc\/","og_locale":"cs_CZ","og_type":"article","og_title":"Afghani Kush kaufen | 17\u201325% THC reine Indica","og_description":"Afghani Kush kaufen \u2013 17\u201325% THC, erdig-w\u00fcrziges Aroma und tiefe Entspannung. Reine Indica mit traditioneller Qualit\u00e4t, diskret geliefert.","og_url":"https:\/\/chemgramx.com\/cs\/produkt-1\/afghani-kush-17-25-thc\/","og_site_name":"Chemgramx","article_modified_time":"2025-11-21T11:17:03+00:00","og_image":[{"width":800,"height":800,"url":"https:\/\/chemgramx.com\/wp-content\/uploads\/2025\/11\/afghani-kush-17-25-thc.jpg","type":"image\/jpeg"}],"twitter_card":"summary_large_image","twitter_misc":{"Odhadovan\u00e1 doba \u010dten\u00ed":"4 minuty"},"schema":{"@context":"https:\/\/schema.org","@graph":[{"@type":"WebPage","@id":"https:\/\/chemgramx.com\/product\/afghani-kush-17-25-thc\/","url":"https:\/\/chemgramx.com\/product\/afghani-kush-17-25-thc\/","name":"Koupit Afghani Kush | 17-25% THC pure Indica","isPartOf":{"@id":"https:\/\/chemgramx.com\/#website"},"primaryImageOfPage":{"@id":"https:\/\/chemgramx.com\/product\/afghani-kush-17-25-thc\/#primaryimage"},"image":{"@id":"https:\/\/chemgramx.com\/product\/afghani-kush-17-25-thc\/#primaryimage"},"thumbnailUrl":"https:\/\/chemgramx.com\/wp-content\/uploads\/2025\/11\/afghani-kush-17-25-thc.jpg","datePublished":"2025-11-21T11:15:13+00:00","dateModified":"2025-11-21T11:17:03+00:00","description":"Prod\u00e1m Afghani Kush - 17-25% THC, zemit\u011b ko\u0159en\u011bn\u00e1 chu\u0165 a hlubok\u00e1 relaxace. \u010cist\u00e1 Indica s tradi\u010dn\u00ed kvalitou, dod\u00e1van\u00e1 diskr\u00e9tn\u011b.","breadcrumb":{"@id":"https:\/\/chemgramx.com\/product\/afghani-kush-17-25-thc\/#breadcrumb"},"inLanguage":"cs","potentialAction":[{"@type":"ReadAction","target":["https:\/\/chemgramx.com\/product\/afghani-kush-17-25-thc\/"]}]},{"@type":"ImageObject","inLanguage":"cs","@id":"https:\/\/chemgramx.com\/product\/afghani-kush-17-25-thc\/#primaryimage","url":"https:\/\/chemgramx.com\/wp-content\/uploads\/2025\/11\/afghani-kush-17-25-thc.jpg","contentUrl":"https:\/\/chemgramx.com\/wp-content\/uploads\/2025\/11\/afghani-kush-17-25-thc.jpg","width":800,"height":800},{"@type":"BreadcrumbList","@id":"https:\/\/chemgramx.com\/product\/afghani-kush-17-25-thc\/#breadcrumb","itemListElement":[{"@type":"ListItem","position":1,"name":"Home","item":"https:\/\/chemgramx.com\/"},{"@type":"ListItem","position":2,"name":"Shop","item":"https:\/\/chemgramx.com\/shop\/"},{"@type":"ListItem","position":3,"name":"Afghani kush 17 \u2013 25% THC"}]},{"@type":"WebSite","@id":"https:\/\/chemgramx.com\/#website","url":"https:\/\/chemgramx.com\/","name":"Chemgramx","description":"","publisher":{"@id":"https:\/\/chemgramx.com\/#organization"},"potentialAction":[{"@type":"SearchAction","target":{"@type":"EntryPoint","urlTemplate":"https:\/\/chemgramx.com\/?s={search_term_string}"},"query-input":{"@type":"PropertyValueSpecification","valueRequired":true,"valueName":"search_term_string"}}],"inLanguage":"cs"},{"@type":"Organization","@id":"https:\/\/chemgramx.com\/#organization","name":"Chemgramx","url":"https:\/\/chemgramx.com\/","logo":{"@type":"ImageObject","inLanguage":"cs","@id":"https:\/\/chemgramx.com\/#\/schema\/logo\/image\/","url":"https:\/\/chemgramx.com\/wp-content\/uploads\/2024\/10\/final-logo.png","contentUrl":"https:\/\/chemgramx.com\/wp-content\/uploads\/2024\/10\/final-logo.png","width":250,"height":48,"caption":"Chemgramx"},"image":{"@id":"https:\/\/chemgramx.com\/#\/schema\/logo\/image\/"}}]}},"_links":{"self":[{"href":"https:\/\/chemgramx.com\/cs\/wp-json\/wp\/v2\/product\/7334","targetHints":{"allow":["GET"]}}],"collection":[{"href":"https:\/\/chemgramx.com\/cs\/wp-json\/wp\/v2\/product"}],"about":[{"href":"https:\/\/chemgramx.com\/cs\/wp-json\/wp\/v2\/types\/product"}],"replies":[{"embeddable":true,"href":"https:\/\/chemgramx.com\/cs\/wp-json\/wp\/v2\/comments?post=7334"}],"wp:featuredmedia":[{"embeddable":true,"href":"https:\/\/chemgramx.com\/cs\/wp-json\/wp\/v2\/media\/7359"}],"wp:attachment":[{"href":"https:\/\/chemgramx.com\/cs\/wp-json\/wp\/v2\/media?parent=7334"}],"wp:term":[{"taxonomy":"product_brand","embeddable":true,"href":"https:\/\/chemgramx.com\/cs\/wp-json\/wp\/v2\/product_brand?post=7334"},{"taxonomy":"product_cat","embeddable":true,"href":"https:\/\/chemgramx.com\/cs\/wp-json\/wp\/v2\/product_cat?post=7334"},{"taxonomy":"product_tag","embeddable":true,"href":"https:\/\/chemgramx.com\/cs\/wp-json\/wp\/v2\/product_tag?post=7334"}],"curies":[{"name":"wp","href":"https:\/\/api.w.org\/{rel}","templated":true}]}}