{"id":7365,"date":"2025-11-21T11:15:41","date_gmt":"2025-11-21T11:15:41","guid":{"rendered":"https:\/\/chemgramx.com\/?post_type=product&#038;p=7365"},"modified":"2025-12-10T09:09:35","modified_gmt":"2025-12-10T09:09:35","slug":"acapulco-gold-sativa-hybrid-19-24-thc-online-objednavka","status":"publish","type":"product","link":"https:\/\/chemgramx.com\/cs\/product\/acapulco-gold-sativa-hybrid-19-24-thc-online-bestellung\/","title":{"rendered":"Acapulco Gold - Sativa Hybrid 19-24 % THC Online objedn\u00e1vka"},"content":{"rendered":"<p><b>Acapulco Gold<\/b> nen\u00ed jen konopn\u00fd kmen - je to nad\u010dasov\u00e1 legenda, kus historie konop\u00ed, kter\u00e1 ji\u017e po desetilet\u00ed t\u011b\u0161\u00ed znalce a nad\u0161ence po cel\u00e9m sv\u011bt\u011b. Kdo <b><a href=\"\/product\/acapulco-gold-sativa-hybrid-19-24-thc\/\">Acapulco<\/a> N\u00e1kup zlata online<\/b> Pokud hled\u00e1te vynikaj\u00edc\u00ed z\u00e1\u017eitek z hybridu s dominanc\u00ed sativy, kter\u00fd nem\u00e1 obdoby. Tato klasika, zn\u00e1m\u00e1 sv\u00fdmi v\u00fdrazn\u00fdmi kv\u011bty zlatav\u00e9 barvy, intenzivn\u00edm, komplexn\u00edm aroma a siln\u00fdm, p\u0159esto \u00fa\u017easn\u011b \u010dist\u00fdm a povzbuzuj\u00edc\u00edm \u00fa\u010dinkem, p\u0159in\u00e1\u0161\u00ed dokonale vyv\u00e1\u017een\u00e9 opojen\u00ed pro aktivn\u00ed mysl.<\/p>\n<p>S <b>Obsah THC<\/b>, kter\u00e1 se obvykle vyskytuje mezi <b>19 % a 24 %<\/b> Acapulco Gold nab\u00edz\u00ed siln\u00fd z\u00e1\u017eitek, kter\u00fd je ide\u00e1ln\u00ed pro denn\u00ed dobu. Je kl\u00ed\u010dem ke zv\u00fd\u0161en\u00e9 kreativit\u011b, nezastaviteln\u00e9 motivaci a euforick\u00e9 n\u00e1lad\u011b bez \u010dasto ne\u017e\u00e1douc\u00ed nadm\u011brn\u00e9 stimulace \u010dist\u00fdch sativ. Pono\u0159te se do sv\u011bta t\u011bchto ikonick\u00fdch genetik a zjist\u011bte, pro\u010d je Acapulco Gold dodnes pova\u017eov\u00e1n za \u201ezlat\u00fd standard\u201c mezi hybridy sativy.<\/p>\n<h2>\u00a0P\u016fvod a genetika: krajov\u00e1 odr\u016fda z tropick\u00fdch oblast\u00ed Mexika<\/h2>\n<p>Historie spole\u010dnosti Acapulco Gold sah\u00e1 a\u017e do doby. <b>1960s<\/b> a m\u00e1 sv\u016fj p\u016fvod ve sluncem zalit\u00fdch tropick\u00fdch oblastech v okol\u00ed Prahy. <b>Acapulco, Mexiko<\/b>. Je to jedna z m\u00e1la skute\u010dn\u00fdch <a href=\"\/product\/diclazepam-online-kaufen\/\"><b>Landraces<\/b> <\/a>(kmen, kter\u00fd se p\u0159izp\u016fsobil sv\u00e9mu p\u0159irozen\u00e9mu prost\u0159ed\u00ed), kter\u00fd si dok\u00e1zal udr\u017eet sv\u016fj legend\u00e1rn\u00ed status i v modern\u00ed \u00e9\u0159e konop\u00ed.<\/p>\n<h3>P\u016fvod zlat\u00e9ho jm\u00e9na<\/h3>\n<p>N\u00e1zev \u201eAcapulco Gold\u201c je t\u0159eba br\u00e1t doslova a dokonale vystihuje jedine\u010dn\u00fd vzhled t\u00e9to kv\u011btiny. Hust\u00e1 a kompaktn\u00ed poupata, kter\u00e1 dozr\u00e1vaj\u00ed pod intenzivn\u00edm mexick\u00fdm sluncem, maj\u00ed charakteristickou barvu: z\u00e1\u0159iv\u011b zlat\u00fd a jantarov\u00fd lesk, kter\u00fd je protk\u00e1n \u010dervenohn\u011bd\u00fdmi pest\u00edky. Siln\u00e1 vrstva jisk\u0159iv\u00fdch krystalk\u016f THC (trichom\u016f) pokr\u00fdv\u00e1 povrch a podtrhuje luxusn\u00ed vzhled t\u00e9to pr\u00e9miov\u00e9 odr\u016fdy. D\u00edky t\u00e9to vizu\u00e1ln\u00ed jedine\u010dnosti je Acapulco Gold okam\u017eit\u011b rozpoznateln\u00fd a sb\u011brateli a znalci velmi vyhled\u00e1van\u00fd.<\/p>\n<p>Acapulco Gold je geneticky siln\u00e9 <b>Dominantn\u00ed sativa<\/b> (\u010dasto 70-80 % Sativa), co\u017e vysv\u011btluje jej\u00ed energetick\u00fd charakter. Jej\u00ed robustn\u00ed charakter a odolnost v\u016f\u010di pl\u00edsn\u00edm a \u0161k\u016fdc\u016fm jsou p\u0159\u00edm\u00fdm d\u016fsledkem tropick\u00e9ho p\u016fvodu a pe\u010dliv\u00e9ho v\u00fdb\u011bru po generace.<\/p>\n<h2>Aroma, chu\u0165 a terpenov\u00fd profil: luxusn\u00ed chu\u0165ov\u00fd z\u00e1\u017eitek<\/h2>\n<p>Buket Acapulco Gold je stejn\u011b legend\u00e1rn\u00ed jako jeho \u00fa\u010dinek. Je to komplexn\u00ed, h\u0159ejiv\u00fd a bohat\u00fd chu\u0165ov\u00fd profil, kter\u00fd dalece p\u0159esahuje jednoduch\u00e9 kv\u011btinov\u00e9 nebo zemit\u00e9 t\u00f3ny. Ti, kdo si cen\u00ed nezam\u011bniteln\u00e9 chuti, by m\u011bli <b>Objednat Acapulco Gold online<\/b>.<\/p>\n<h3>Dominantn\u00ed terpeny<\/h3>\n<p>Jejich jedine\u010dn\u00e1 v\u016fn\u011b a chu\u0165 je do zna\u010dn\u00e9 m\u00edry d\u00e1na jejich bohat\u00fdm terpenov\u00fdm profilem. Nej\u010dast\u011bji se vyskytuj\u00edc\u00ed terpeny jsou<\/p>\n<ul>\n<li><b>Limety:<\/b> Zodpov\u00edd\u00e1 za ty sv\u011btl\u00e9, <b>citrus\u016fm podobn\u00fd<\/b> a osv\u011b\u017euj\u00edc\u00ed t\u00f3ny. Limonen p\u0159isp\u00edv\u00e1 k povzn\u00e1\u0161ej\u00edc\u00edmu a jasn\u00e9mu \u00fa\u010dinku kmene.<\/li>\n<li><b>Myrcen:<\/b> Tento terpen dod\u00e1v\u00e1 odr\u016fd\u011b <b>zemit\u00fd, sladk\u00fd<\/b> a lehce pi\u017emov\u00e9 t\u00f3ny, kter\u00e9 jsou \u010dasto spojov\u00e1ny s karamelem a medem. Myrcen tak\u00e9 podporuje fyzicky relaxa\u010dn\u00ed slo\u017eku hybridu.<\/li>\n<li><b>Karyofylen:<\/b> Dod\u00e1v\u00e1 <b>pikantn\u00ed, pep\u0159ov\u00fd<\/b> a je zn\u00e1m\u00fd sv\u00fdmi potenci\u00e1ln\u00edmi protiz\u00e1n\u011btliv\u00fdmi vlastnostmi.<\/li>\n<\/ul>\n<h3>Chu\u0165ov\u00fd z\u00e1\u017eitek<\/h3>\n<p>Po vykou\u0159en\u00ed nebo vaporizaci z\u00edsk\u00e1v\u00e1 kr\u00e9movou, lehce aromatickou chu\u0165. <b>Pikantn\u00ed p\u0159\u00edchu\u0165<\/b> s jasn\u00fdm n\u00e1dechem <b><a href=\"\/product\/acapulco-gold-sativa-hybrid-19-24-thc\/\">Karamel<\/a> a pra\u017een\u00e1 k\u00e1va<\/b>. Sladkost medu se elegantn\u011b snoub\u00ed se zemit\u00fdmi a hn\u011bd\u00fdmi t\u00f3ny. <b>Podt\u00f3ny borovice<\/b>, kter\u00e1 zanech\u00e1v\u00e1 luxusn\u00ed, t\u00e9m\u011b\u0159 tropickou p\u0159\u00edchu\u0165, kter\u00e1 dlouho p\u0159etrv\u00e1v\u00e1. Tato kombinace sladkosti, ko\u0159enitosti a zemitosti d\u011bl\u00e1 z Acapulco Gold skute\u010dnou klasiku \u201estar\u00e9 \u0161koly\u201c, kter\u00e1 se svou chut\u00ed jasn\u011b odli\u0161uje od modern\u00edch ovocn\u00fdch odr\u016fd.<\/p>\n<h2>\u00a0\u00da\u010dinek a vlastnosti: Perfektn\u00ed denn\u00ed hybrid sativy<\/h2>\n<p>Acapulco Gold pou\u017e\u00edvaj\u00ed u\u017eivatel\u00e9 po cel\u00e9m sv\u011bt\u011b pro sv\u00e9 <b>jasn\u011b soust\u0159ed\u011bn\u00fd, mozkov\u00fd hajl.<\/b> co\u017e je ide\u00e1ln\u00ed pro aktivn\u00ed a produktivn\u00ed den. Je ide\u00e1ln\u00ed volbou pro u\u017eivatele, kte\u0159\u00ed pot\u0159ebuj\u00ed <b>Zv\u00fd\u0161en\u00ed energie bez nervozity nebo paranoie<\/b> jak se to n\u011bkdy st\u00e1v\u00e1 u \u010dist\u00fdch sativ.<\/p>\n<h3>Tri\u00e1da pozitivn\u00edch \u00fa\u010dink\u016f<\/h3>\n<ol start=\"1\">\n<li><b>Energie a motivace:<\/b> \u00da\u010dinek se rychle dostav\u00ed a vede k siln\u00e9mu pocitu <b>Euforie<\/b> a pozitivn\u00ed energie. Podporuje du\u0161evn\u00ed aktivitu a pom\u016f\u017ee v\u00e1m udr\u017eet si motivaci i b\u011bhem dlouh\u00fdch dn\u016f.<\/li>\n<li><b>Kreativita a soust\u0159ed\u011bn\u00ed:<\/b> Acapulco Gold si obl\u00edbili zejm\u00e9na um\u011blci, spisovatel\u00e9 a v\u0161ichni, kdo pot\u0159ebuj\u00ed pracovat kreativn\u011b nebo soust\u0159ed\u011bn\u011b. Vysok\u00fd je <b>Jasno v hlav\u011b<\/b>, podporuje v\u00fdm\u011bnu my\u0161lenek a m\u016f\u017ee zv\u00fd\u0161it ocen\u011bn\u00ed um\u011bn\u00ed a hudby.<\/li>\n<li><b>Zlep\u0161en\u00ed n\u00e1lady:<\/b> Tento kmen je zn\u00e1m\u00fd svou schopnost\u00ed v\u00fdrazn\u011b zlep\u0161ovat n\u00e1ladu a podporovat pocity \u0161t\u011bst\u00ed a dru\u017enosti. Je vynikaj\u00edc\u00edm spole\u010dn\u00edkem pro spole\u010densk\u00e9 p\u0159\u00edle\u017eitosti nebo venkovn\u00ed aktivity, jako je turistika nebo sport.<\/li>\n<\/ol>\n<p>P\u0159esto\u017ee v Acapulco Gold p\u0159evl\u00e1d\u00e1 sativa, hybridn\u00ed slo\u017eka poskytuje jemn\u00e9, uklid\u0148uj\u00edc\u00ed fyzick\u00e9 uvoln\u011bn\u00ed. Tento \u00fa\u010dinek zabra\u0148uje p\u0159\u00edli\u0161 intenzivn\u00edmu psychick\u00e9mu opojen\u00ed a dotv\u00e1\u0159\u00ed z\u00e1\u017eitek, co\u017e z n\u00ed \u010din\u00ed vynikaj\u00edc\u00ed prost\u0159edek proti stresu a chronick\u00e9 \u00fanav\u011b.<\/p>\n<h2>\u00a0Koupit Acapulco Gold online: Kvalita, bezpe\u010dnost a transparentnost<\/h2>\n<p>Pokud se rozhodnete pou\u017e\u00edt tuto ikonu <b>Koupit sativa hybrid online<\/b>, v\u00fdb\u011br spr\u00e1vn\u00e9ho dodavatele je kl\u00ed\u010dov\u00fd. Chcete-li zaru\u010dit \u010distotu a kvalitu t\u00e9to krajov\u00e9 odr\u016fdy, m\u011bli byste v\u017edy db\u00e1t na n\u00e1sleduj\u00edc\u00ed krit\u00e9ria:<\/p>\n<h3>Certifikovan\u00e1 kvalita a \u00fa\u010dinnost<\/h3>\n<p>D\u016fv\u011bryhodn\u00ed dodavatel\u00e9 poskytuj\u00ed transparentn\u00ed informace o \u0161ar\u017ei:<\/p>\n<ul>\n<li><b>Profil THC a kanabinoid\u016f:<\/b> Zkontrolujte uv\u00e1d\u011bn\u00fd obsah THC (ide\u00e1ln\u011b mezi 19 % a 24 %) a p\u0159\u00edtomnost dal\u0161\u00edch d\u016fle\u017eit\u00fdch kanabinoid\u016f, jako je CBD (obvykle n\u00edzk\u00fd, pod 1 %).<\/li>\n<li><b>Terpenov\u00e1 anal\u00fdza:<\/b> Z\u00e1va\u017en\u00fd <b>Certifik\u00e1t o anal\u00fdze (CoA)<\/b> by m\u011bly potvrdit dominantn\u00ed terpeny (limonen, myrcen, karyofylen), proto\u017ee ty jsou rozhoduj\u00edc\u00ed pro jedine\u010dnou chu\u0165 a \u00fa\u010dinek.<\/li>\n<\/ul>\n<h3>Z\u00e1\u017eitek z nakupov\u00e1n\u00ed: diskr\u00e9tnost a \u010derstvost<\/h3>\n<p>Ujist\u011bte se, \u017ee odesl\u00e1n\u00ed <b>bezpe\u010dn\u00e9, diskr\u00e9tn\u00ed<\/b> a v r\u00e1mci N\u011bmecka nebo EU. Stejn\u011b d\u016fle\u017eit\u00e1 je i \u010derstvost produktu: pouze zlato\u017elut\u00e9, \u010derstv\u011b sklizen\u00e9 kv\u011bty si zachov\u00e1vaj\u00ed plnou karamelovo-k\u00e1vovou chu\u0165. Acapulco Gold je investice do historie a kvality. Ujist\u011bte se, \u017ee si po\u0159\u00edd\u00edte autentickou, na slunci vyzr\u00e1lou genetiku.<\/p>\n<p><b>Acapulco Gold<\/b> je v\u00edc ne\u017e jen konopn\u00fd kmen, je to z\u00e1\u017eitek. Je zt\u011blesn\u011bn\u00edm zlat\u00e9 \u00e9ry konop\u00ed a st\u00e1le nab\u00edz\u00ed bezkonkuren\u010dn\u00ed kombinaci historick\u00e9 genetiky, luxusn\u00ed chuti a povzn\u00e1\u0161ej\u00edc\u00edho, soust\u0159ed\u011bn\u00e9ho opojen\u00ed.<\/p>\n<p data-start=\"3291\" data-end=\"3420\">Kdo <strong data-start=\"3295\" data-end=\"3319\">Koupit Acapulco Gold<\/strong> Pokud chcete p\u011bstovat konop\u00ed, z\u00edsk\u00e1te skute\u010dn\u00fd kus historie konop\u00ed - siln\u00fd, aromatick\u00fd a kvalitn\u00ed.<\/p>","protected":false},"excerpt":{"rendered":"<p data-start=\"3468\" data-end=\"3619\">Acapulco Gold - Sativa hybrid s 19-24 % THC. Zlat\u00e9 kv\u011bty, sladce ko\u0159en\u011bn\u00e1 chu\u0165 a povzbuzuj\u00edc\u00ed \u00fa\u010dinek. Legend\u00e1rn\u00ed klasika v pr\u00e9miov\u00e9 kvalit\u011b.<\/p>","protected":false},"featured_media":7410,"comment_status":"open","ping_status":"closed","template":"","meta":{"_joinchat":[]},"product_brand":[],"product_cat":[62],"product_tag":[],"class_list":{"0":"post-7365","1":"product","2":"type-product","3":"status-publish","4":"has-post-thumbnail","6":"product_cat-marijuana","8":"first","9":"instock","10":"shipping-taxable","11":"purchasable","12":"product-type-variable"},"yoast_head":"<!-- This site is optimized with the Yoast SEO plugin v27.5 - https:\/\/yoast.com\/product\/yoast-seo-wordpress\/ -->\n<title>Acapulco Gold kaufen | 19\u201324% THC Sativa Klassiker<\/title>\n<meta name=\"description\" content=\"Acapulco Gold kaufen \u2013 Sativa-Hybrid mit 19\u201324% THC. Energetisch, aromatisch und legend\u00e4r. Premiumqualit\u00e4t mit diskretem Versand in Deutschland &amp; EU.\" \/>\n<meta name=\"robots\" content=\"index, follow, max-snippet:-1, max-image-preview:large, max-video-preview:-1\" \/>\n<link rel=\"canonical\" href=\"https:\/\/chemgramx.com\/cs\/produkt-1\/acapulco-gold-sativa-hybrid-19-24-thc-online-objednavka\/\" \/>\n<meta property=\"og:locale\" content=\"cs_CZ\" \/>\n<meta property=\"og:type\" content=\"article\" \/>\n<meta property=\"og:title\" content=\"Acapulco Gold kaufen | 19\u201324% THC Sativa Klassiker\" \/>\n<meta property=\"og:description\" content=\"Acapulco Gold kaufen \u2013 Sativa-Hybrid mit 19\u201324% THC. Energetisch, aromatisch und legend\u00e4r. Premiumqualit\u00e4t mit diskretem Versand in Deutschland &amp; EU.\" \/>\n<meta property=\"og:url\" content=\"https:\/\/chemgramx.com\/cs\/produkt-1\/acapulco-gold-sativa-hybrid-19-24-thc-online-objednavka\/\" \/>\n<meta property=\"og:site_name\" content=\"Chemgramx\" \/>\n<meta property=\"article:modified_time\" content=\"2025-12-10T09:09:35+00:00\" \/>\n<meta property=\"og:image\" content=\"https:\/\/chemgramx.com\/wp-content\/uploads\/2025\/11\/acapulco-gold-sativa-hybrid-19-24-thc.jpg\" \/>\n\t<meta property=\"og:image:width\" content=\"800\" \/>\n\t<meta property=\"og:image:height\" content=\"800\" \/>\n\t<meta property=\"og:image:type\" content=\"image\/jpeg\" \/>\n<meta name=\"twitter:card\" content=\"summary_large_image\" \/>\n<meta name=\"twitter:label1\" content=\"Odhadovan\u00e1 doba \u010dten\u00ed\" \/>\n\t<meta name=\"twitter:data1\" content=\"5 minut\" \/>\n<script type=\"application\/ld+json\" class=\"yoast-schema-graph\">{\"@context\":\"https:\\\/\\\/schema.org\",\"@graph\":[{\"@type\":\"WebPage\",\"@id\":\"https:\\\/\\\/chemgramx.com\\\/product\\\/acapulco-gold-sativa-hybrid-19-24-thc-online-bestellung\\\/\",\"url\":\"https:\\\/\\\/chemgramx.com\\\/product\\\/acapulco-gold-sativa-hybrid-19-24-thc-online-bestellung\\\/\",\"name\":\"Acapulco Gold kaufen | 19\u201324% THC Sativa Klassiker\",\"isPartOf\":{\"@id\":\"https:\\\/\\\/chemgramx.com\\\/#website\"},\"primaryImageOfPage\":{\"@id\":\"https:\\\/\\\/chemgramx.com\\\/product\\\/acapulco-gold-sativa-hybrid-19-24-thc-online-bestellung\\\/#primaryimage\"},\"image\":{\"@id\":\"https:\\\/\\\/chemgramx.com\\\/product\\\/acapulco-gold-sativa-hybrid-19-24-thc-online-bestellung\\\/#primaryimage\"},\"thumbnailUrl\":\"https:\\\/\\\/chemgramx.com\\\/wp-content\\\/uploads\\\/2025\\\/11\\\/acapulco-gold-sativa-hybrid-19-24-thc.jpg\",\"datePublished\":\"2025-11-21T11:15:41+00:00\",\"dateModified\":\"2025-12-10T09:09:35+00:00\",\"description\":\"Acapulco Gold kaufen \u2013 Sativa-Hybrid mit 19\u201324% THC. Energetisch, aromatisch und legend\u00e4r. Premiumqualit\u00e4t mit diskretem Versand in Deutschland & EU.\",\"breadcrumb\":{\"@id\":\"https:\\\/\\\/chemgramx.com\\\/product\\\/acapulco-gold-sativa-hybrid-19-24-thc-online-bestellung\\\/#breadcrumb\"},\"inLanguage\":\"cs\",\"potentialAction\":[{\"@type\":\"ReadAction\",\"target\":[\"https:\\\/\\\/chemgramx.com\\\/product\\\/acapulco-gold-sativa-hybrid-19-24-thc-online-bestellung\\\/\"]}]},{\"@type\":\"ImageObject\",\"inLanguage\":\"cs\",\"@id\":\"https:\\\/\\\/chemgramx.com\\\/product\\\/acapulco-gold-sativa-hybrid-19-24-thc-online-bestellung\\\/#primaryimage\",\"url\":\"https:\\\/\\\/chemgramx.com\\\/wp-content\\\/uploads\\\/2025\\\/11\\\/acapulco-gold-sativa-hybrid-19-24-thc.jpg\",\"contentUrl\":\"https:\\\/\\\/chemgramx.com\\\/wp-content\\\/uploads\\\/2025\\\/11\\\/acapulco-gold-sativa-hybrid-19-24-thc.jpg\",\"width\":800,\"height\":800},{\"@type\":\"BreadcrumbList\",\"@id\":\"https:\\\/\\\/chemgramx.com\\\/product\\\/acapulco-gold-sativa-hybrid-19-24-thc-online-bestellung\\\/#breadcrumb\",\"itemListElement\":[{\"@type\":\"ListItem\",\"position\":1,\"name\":\"Home\",\"item\":\"https:\\\/\\\/chemgramx.com\\\/\"},{\"@type\":\"ListItem\",\"position\":2,\"name\":\"Shop\",\"item\":\"https:\\\/\\\/chemgramx.com\\\/shop\\\/\"},{\"@type\":\"ListItem\",\"position\":3,\"name\":\"Acapulco Gold \u2013 Sativa Hybrid 19\u201324 % THC Online Bestellung\"}]},{\"@type\":\"WebSite\",\"@id\":\"https:\\\/\\\/chemgramx.com\\\/#website\",\"url\":\"https:\\\/\\\/chemgramx.com\\\/\",\"name\":\"Chemgramx\",\"description\":\"\",\"publisher\":{\"@id\":\"https:\\\/\\\/chemgramx.com\\\/#organization\"},\"potentialAction\":[{\"@type\":\"SearchAction\",\"target\":{\"@type\":\"EntryPoint\",\"urlTemplate\":\"https:\\\/\\\/chemgramx.com\\\/?s={search_term_string}\"},\"query-input\":{\"@type\":\"PropertyValueSpecification\",\"valueRequired\":true,\"valueName\":\"search_term_string\"}}],\"inLanguage\":\"cs\"},{\"@type\":\"Organization\",\"@id\":\"https:\\\/\\\/chemgramx.com\\\/#organization\",\"name\":\"Chemgramx\",\"url\":\"https:\\\/\\\/chemgramx.com\\\/\",\"logo\":{\"@type\":\"ImageObject\",\"inLanguage\":\"cs\",\"@id\":\"https:\\\/\\\/chemgramx.com\\\/#\\\/schema\\\/logo\\\/image\\\/\",\"url\":\"https:\\\/\\\/chemgramx.com\\\/wp-content\\\/uploads\\\/2024\\\/10\\\/final-logo.png\",\"contentUrl\":\"https:\\\/\\\/chemgramx.com\\\/wp-content\\\/uploads\\\/2024\\\/10\\\/final-logo.png\",\"width\":250,\"height\":48,\"caption\":\"Chemgramx\"},\"image\":{\"@id\":\"https:\\\/\\\/chemgramx.com\\\/#\\\/schema\\\/logo\\\/image\\\/\"}}]}<\/script>\n<!-- \/ Yoast SEO plugin. -->","yoast_head_json":{"title":"Koupit Acapulco Gold | 19-24% THC Sativa classic","description":"Koupit Acapulco Gold - hybrid sativa s 19-24% THC. Energetick\u00fd, aromatick\u00fd a legend\u00e1rn\u00ed. Pr\u00e9miov\u00e1 kvalita s diskr\u00e9tn\u00ed dopravou v N\u011bmecku a EU.","robots":{"index":"index","follow":"follow","max-snippet":"max-snippet:-1","max-image-preview":"max-image-preview:large","max-video-preview":"max-video-preview:-1"},"canonical":"https:\/\/chemgramx.com\/cs\/produkt-1\/acapulco-gold-sativa-hybrid-19-24-thc-online-objednavka\/","og_locale":"cs_CZ","og_type":"article","og_title":"Acapulco Gold kaufen | 19\u201324% THC Sativa Klassiker","og_description":"Acapulco Gold kaufen \u2013 Sativa-Hybrid mit 19\u201324% THC. Energetisch, aromatisch und legend\u00e4r. Premiumqualit\u00e4t mit diskretem Versand in Deutschland & EU.","og_url":"https:\/\/chemgramx.com\/cs\/produkt-1\/acapulco-gold-sativa-hybrid-19-24-thc-online-objednavka\/","og_site_name":"Chemgramx","article_modified_time":"2025-12-10T09:09:35+00:00","og_image":[{"width":800,"height":800,"url":"https:\/\/chemgramx.com\/wp-content\/uploads\/2025\/11\/acapulco-gold-sativa-hybrid-19-24-thc.jpg","type":"image\/jpeg"}],"twitter_card":"summary_large_image","twitter_misc":{"Odhadovan\u00e1 doba \u010dten\u00ed":"5 minut"},"schema":{"@context":"https:\/\/schema.org","@graph":[{"@type":"WebPage","@id":"https:\/\/chemgramx.com\/product\/acapulco-gold-sativa-hybrid-19-24-thc-online-bestellung\/","url":"https:\/\/chemgramx.com\/product\/acapulco-gold-sativa-hybrid-19-24-thc-online-bestellung\/","name":"Koupit Acapulco Gold | 19-24% THC Sativa classic","isPartOf":{"@id":"https:\/\/chemgramx.com\/#website"},"primaryImageOfPage":{"@id":"https:\/\/chemgramx.com\/product\/acapulco-gold-sativa-hybrid-19-24-thc-online-bestellung\/#primaryimage"},"image":{"@id":"https:\/\/chemgramx.com\/product\/acapulco-gold-sativa-hybrid-19-24-thc-online-bestellung\/#primaryimage"},"thumbnailUrl":"https:\/\/chemgramx.com\/wp-content\/uploads\/2025\/11\/acapulco-gold-sativa-hybrid-19-24-thc.jpg","datePublished":"2025-11-21T11:15:41+00:00","dateModified":"2025-12-10T09:09:35+00:00","description":"Koupit Acapulco Gold - hybrid sativa s 19-24% THC. Energetick\u00fd, aromatick\u00fd a legend\u00e1rn\u00ed. Pr\u00e9miov\u00e1 kvalita s diskr\u00e9tn\u00ed dopravou v N\u011bmecku a EU.","breadcrumb":{"@id":"https:\/\/chemgramx.com\/product\/acapulco-gold-sativa-hybrid-19-24-thc-online-bestellung\/#breadcrumb"},"inLanguage":"cs","potentialAction":[{"@type":"ReadAction","target":["https:\/\/chemgramx.com\/product\/acapulco-gold-sativa-hybrid-19-24-thc-online-bestellung\/"]}]},{"@type":"ImageObject","inLanguage":"cs","@id":"https:\/\/chemgramx.com\/product\/acapulco-gold-sativa-hybrid-19-24-thc-online-bestellung\/#primaryimage","url":"https:\/\/chemgramx.com\/wp-content\/uploads\/2025\/11\/acapulco-gold-sativa-hybrid-19-24-thc.jpg","contentUrl":"https:\/\/chemgramx.com\/wp-content\/uploads\/2025\/11\/acapulco-gold-sativa-hybrid-19-24-thc.jpg","width":800,"height":800},{"@type":"BreadcrumbList","@id":"https:\/\/chemgramx.com\/product\/acapulco-gold-sativa-hybrid-19-24-thc-online-bestellung\/#breadcrumb","itemListElement":[{"@type":"ListItem","position":1,"name":"Home","item":"https:\/\/chemgramx.com\/"},{"@type":"ListItem","position":2,"name":"Shop","item":"https:\/\/chemgramx.com\/shop\/"},{"@type":"ListItem","position":3,"name":"Acapulco Gold \u2013 Sativa Hybrid 19\u201324 % THC Online Bestellung"}]},{"@type":"WebSite","@id":"https:\/\/chemgramx.com\/#website","url":"https:\/\/chemgramx.com\/","name":"Chemgramx","description":"","publisher":{"@id":"https:\/\/chemgramx.com\/#organization"},"potentialAction":[{"@type":"SearchAction","target":{"@type":"EntryPoint","urlTemplate":"https:\/\/chemgramx.com\/?s={search_term_string}"},"query-input":{"@type":"PropertyValueSpecification","valueRequired":true,"valueName":"search_term_string"}}],"inLanguage":"cs"},{"@type":"Organization","@id":"https:\/\/chemgramx.com\/#organization","name":"Chemgramx","url":"https:\/\/chemgramx.com\/","logo":{"@type":"ImageObject","inLanguage":"cs","@id":"https:\/\/chemgramx.com\/#\/schema\/logo\/image\/","url":"https:\/\/chemgramx.com\/wp-content\/uploads\/2024\/10\/final-logo.png","contentUrl":"https:\/\/chemgramx.com\/wp-content\/uploads\/2024\/10\/final-logo.png","width":250,"height":48,"caption":"Chemgramx"},"image":{"@id":"https:\/\/chemgramx.com\/#\/schema\/logo\/image\/"}}]}},"_links":{"self":[{"href":"https:\/\/chemgramx.com\/cs\/wp-json\/wp\/v2\/product\/7365","targetHints":{"allow":["GET"]}}],"collection":[{"href":"https:\/\/chemgramx.com\/cs\/wp-json\/wp\/v2\/product"}],"about":[{"href":"https:\/\/chemgramx.com\/cs\/wp-json\/wp\/v2\/types\/product"}],"replies":[{"embeddable":true,"href":"https:\/\/chemgramx.com\/cs\/wp-json\/wp\/v2\/comments?post=7365"}],"wp:featuredmedia":[{"embeddable":true,"href":"https:\/\/chemgramx.com\/cs\/wp-json\/wp\/v2\/media\/7410"}],"wp:attachment":[{"href":"https:\/\/chemgramx.com\/cs\/wp-json\/wp\/v2\/media?parent=7365"}],"wp:term":[{"taxonomy":"product_brand","embeddable":true,"href":"https:\/\/chemgramx.com\/cs\/wp-json\/wp\/v2\/product_brand?post=7365"},{"taxonomy":"product_cat","embeddable":true,"href":"https:\/\/chemgramx.com\/cs\/wp-json\/wp\/v2\/product_cat?post=7365"},{"taxonomy":"product_tag","embeddable":true,"href":"https:\/\/chemgramx.com\/cs\/wp-json\/wp\/v2\/product_tag?post=7365"}],"curies":[{"name":"wp","href":"https:\/\/api.w.org\/{rel}","templated":true}]}}