{"id":738,"date":"2024-10-22T21:35:42","date_gmt":"2024-10-22T21:35:42","guid":{"rendered":"https:\/\/chemgramx.com\/?post_type=product&#038;p=738"},"modified":"2025-10-18T06:05:25","modified_gmt":"2025-10-18T06:05:25","slug":"mdphp-freebase","status":"publish","type":"product","link":"https:\/\/chemgramx.com\/cs\/product\/mdphp-freebase\/","title":{"rendered":"Koupit MDPHP Freebase online"},"content":{"rendered":"<h2 data-start=\"110\" data-end=\"165\">MDPHP Freebase online kaufen \u2013 Zuverl\u00e4ssig und diskret<\/h2>\n<h3 data-start=\"167\" data-end=\"200\">Koupit MDPHP Freebase online<\/h3>\n<p data-start=\"202\" data-end=\"537\">Wenn Sie MDPHP Freebase online kaufen m\u00f6chten, bietet ChemGramX laborgepr\u00fcftes MDPHP Freebase f\u00fcr wissenschaftliche Forschungszwecke. Wer <a href=\"https:\/\/chemgramx.com\/cs\/product\/mdphp-freebase\/\">MDPHP Freebase zu verkaufen<\/a> sucht, findet bei uns eine sichere und seri\u00f6se Quelle. Mit MDPHP Freebase online kaufen k\u00f6nnen Sie die Substanz diskret bestellen und zuverl\u00e4ssig geliefert bekommen.<\/p>\n<h3 data-start=\"539\" data-end=\"583\">Rostouc\u00ed popt\u00e1vka po MDPHP Freebase<\/h3>\n<p data-start=\"585\" data-end=\"1082\">Ve v\u011bdeck\u00e9m v\u00fdzkumu, z\u00e1jem o <a href=\"https:\/\/en.wikipedia.org\/wiki\/MDPHP\">MDPHP voln\u00e1 b\u00e1ze<\/a> stetig. Die Substanz geh\u00f6rt zur Familie der synthetischen Cathinone, die vor allem in der Neuropharmakologie untersucht werden. Aufgrund seiner stimulierenden Eigenschaften und molekularen Struktur wird MDPHP Freebase h\u00e4ufig in Studien zur Dopamin- und Noradrenalinaktivit\u00e4t eingesetzt. Immer mehr Labore MDPHP Freebase bestellen, um von der Reinheit und Verf\u00fcgbarkeit dieser Forschungschemikalie zu profitieren.<\/p>\n<h3 data-start=\"1084\" data-end=\"1118\">Co p\u0159esn\u011b je MDPHP Freebase?<\/h3>\n<p data-start=\"1120\" data-end=\"1383\">MDPHP (3\u2032,4\u2032-methylendioxy-\u03b1-pyrrolidinohexanofenon) ve sv\u00e9 voln\u00e9 form\u011b je lipofiln\u00ed varianta, kter\u00e1 se nev\u00e1\u017ee na s\u016fl. Pat\u0159\u00ed do skupiny pyrrolidinov\u00fdch slou\u010denin a je strukturn\u011b p\u0159\u00edbuzn\u00fd \u03b1-PHP. Voln\u00e1 forma je obzvl\u00e1\u0161t\u011b vhodn\u00e1 pro:<\/p>\n<ul data-start=\"1385\" data-end=\"1457\">\n<li data-start=\"1385\" data-end=\"1409\">\n<p data-start=\"1387\" data-end=\"1409\">experimenty in vitro<\/p>\n<\/li>\n<li data-start=\"1410\" data-end=\"1431\">\n<p data-start=\"1412\" data-end=\"1431\">Behavior\u00e1ln\u00ed studie<\/p>\n<\/li>\n<li data-start=\"1432\" data-end=\"1457\">\n<p data-start=\"1434\" data-end=\"1457\">Testy vazby na receptory<\/p>\n<\/li>\n<\/ul>\n<p data-start=\"1459\" data-end=\"1602\">Pou\u017eit\u00ed MDPHP Freebase je p\u0159\u00edsn\u011b omezeno na v\u011bdeck\u00e9 v\u00fdzkumn\u00e9 \u00fa\u010dely. Pou\u017eit\u00ed u lid\u00ed je zak\u00e1z\u00e1no.<\/p>\n<h3 data-start=\"1604\" data-end=\"1648\">Je leg\u00e1ln\u00ed koupit MDPHP Freebase?<\/h3>\n<p data-start=\"1650\" data-end=\"1949\">Die gesetzliche Einstufung von MDPHP Freebase zu verkaufen variiert je nach Land. In Deutschland f\u00e4llt es unter das Neue-psychoaktive-Stoffe-Gesetz (NpSG) und darf ausschlie\u00dflich f\u00fcr Forschungszwecke erworben werden. In anderen L\u00e4ndern kann MDPHP unter Arznei- oder Bet\u00e4ubungsmittelgesetze fallen.<\/p>\n<p data-start=\"1951\" data-end=\"2095\">Vor einer Bestellung sollten Sie pr\u00fcfen wo kann man MDPHP Freebase legal kaufen erh\u00e4ltlich ist, um sicherzustellen, dass der Erwerb erlaubt ist.<\/p>\n<h3 data-start=\"2097\" data-end=\"2145\">Pro\u010d v\u011bdci kupuj\u00ed MDPHP Freebase online<\/h3>\n<p data-start=\"2147\" data-end=\"2255\">Viele Forschungseinrichtungen nutzen Online-Shops, um MDPHP Freebase online kaufen aus folgenden Gr\u00fcnden:<\/p>\n<ul data-start=\"2257\" data-end=\"2444\">\n<li data-start=\"2257\" data-end=\"2317\">\n<p data-start=\"2259\" data-end=\"2317\">Laborgepr\u00fcfte Qualit\u00e4t mit COA (Certificate of Analysis)<\/p>\n<\/li>\n<li data-start=\"2318\" data-end=\"2350\">\n<p data-start=\"2320\" data-end=\"2350\">Rychlej\u0161\u00ed, diskr\u00e9tn\u00ed doprava<\/p>\n<\/li>\n<li data-start=\"2351\" data-end=\"2403\">\n<p data-start=\"2353\" data-end=\"2403\">Transparente Preise und MDPHP Freebase price<\/p>\n<\/li>\n<li data-start=\"2404\" data-end=\"2444\">\n<p data-start=\"2406\" data-end=\"2444\">Verf\u00fcgbarkeit auch in kleinen Mengen<\/p>\n<\/li>\n<\/ul>\n<p data-start=\"2446\" data-end=\"2534\">So ist die Beschaffung f\u00fcr wissenschaftliche Projekte zuverl\u00e4ssig und nachvollziehbar.<\/p>\n<h3 data-start=\"2536\" data-end=\"2595\">Pro\u010d v\u011bdci kupuj\u00ed MDPHP Freebase online<\/h3>\n<p data-start=\"2597\" data-end=\"2674\">Beim MDPHP Freebase online kaufen sollten folgende Kriterien erf\u00fcllt sein:<\/p>\n<ul data-start=\"2676\" data-end=\"2892\">\n<li data-start=\"2676\" data-end=\"2722\">\n<p data-start=\"2678\" data-end=\"2722\">P\u0159\u00edtomnost certifik\u00e1tu pravosti a certifik\u00e1t\u016f \u010distoty<\/p>\n<\/li>\n<li data-start=\"2723\" data-end=\"2767\">\n<p data-start=\"2725\" data-end=\"2767\">Jasn\u00e9 informace o produktech a struktu\u0159e<\/p>\n<\/li>\n<li data-start=\"2768\" data-end=\"2807\">\n<p data-start=\"2770\" data-end=\"2807\">Renomovan\u00e9 vydavatelstv\u00ed a z\u00e1kaznick\u00fd servis<\/p>\n<\/li>\n<li data-start=\"2808\" data-end=\"2836\">\n<p data-start=\"2810\" data-end=\"2836\">Diskr\u00e9tn\u00ed zp\u016fsoby dopravy<\/p>\n<\/li>\n<li data-start=\"2837\" data-end=\"2892\">\n<p data-start=\"2839\" data-end=\"2892\">Positive reviews from the research community<\/p>\n<\/li>\n<\/ul>\n<p data-start=\"2894\" data-end=\"3012\">Renomovan\u00fd poskytovatel tak\u00e9 jasn\u011b prokazuje v\u011bdeck\u00e9 vyu\u017eit\u00ed a zakazuje pou\u017eit\u00ed u lid\u00ed.<\/p>\n<h3 data-start=\"3014\" data-end=\"3046\">Kupte si MDPHP Freebase nyn\u00ed<\/h3>\n<p data-start=\"3048\" data-end=\"3393\">Wenn Sie MDPHP Freebase online kaufen m\u00f6chten, bietet ChemGramX eine sichere und diskrete L\u00f6sung. Bestellen Sie MDPHP Freebase online und profitieren Sie von hochwertiger Qualit\u00e4t, schneller Lieferung und garantierter Reinheit f\u00fcr Ihre Forschungsprojekte. MDPHP Freebase online kaufen bei einem verl\u00e4sslichen und zertifizierten Anbieter.<\/p>","protected":false},"excerpt":{"rendered":"<p>MDPV ist ein leistungsstarker synthetischer Stimulans, der zur Klasse der Cathinone geh\u00f6rt. Bekannt f\u00fcr seine potenten Wirkungen, wird MDPV h\u00e4ufig mit Freizeitkonsum in Verbindung gebracht und manchmal als &#8222;Badezusatz&#8220; vermarktet. Seine chemische Struktur ist mit anderen beliebten Stimulanzien verwandt, was ihn zu einer bemerkenswerten Substanz im Bereich der psychoaktiven Drogen macht.<\/p>","protected":false},"featured_media":739,"comment_status":"open","ping_status":"closed","template":"","meta":{"_joinchat":[]},"product_brand":[],"product_cat":[48],"product_tag":[2787,2780,2784,2783,2781,2785,2786,2782,2788,2015],"class_list":{"0":"post-738","1":"product","2":"type-product","3":"status-publish","4":"has-post-thumbnail","6":"product_cat-stimulants","7":"product_tag-mdphp-freebase-chemikalien","8":"product_tag-mdphp-freebase-kaufen","9":"product_tag-mdphp-freebase-kaufen-deutschland","10":"product_tag-mdphp-freebase-kristalle","11":"product_tag-mdphp-freebase-online","12":"product_tag-mdphp-freebase-preis","13":"product_tag-mdphp-freebase-prodej","14":"product_tag-mdphp-freebase-pulver","15":"product_tag-mdphp-freebase-zum-verkauf","16":"product_tag-synthetische-drogen","18":"first","19":"instock","20":"shipping-taxable","21":"purchasable","22":"product-type-variable"},"yoast_head":"<!-- This site is optimized with the Yoast SEO plugin v26.1.1 - https:\/\/yoast.com\/wordpress\/plugins\/seo\/ -->\n<title>MDPHP Freebase online kaufen \u2013 MDPHP bei ChemGramX<\/title>\n<meta name=\"description\" content=\"Kaufen Sie reines, laborgepr\u00fcftes MDPHP Freebase bei ChemGramX. Garantierte Qualit\u00e4t, diskreter Versand. Jetzt MDPHP f\u00fcr Forschung online bestellen!\" \/>\n<meta name=\"robots\" content=\"index, follow, max-snippet:-1, max-image-preview:large, max-video-preview:-1\" \/>\n<link rel=\"canonical\" href=\"https:\/\/chemgramx.com\/cs\/product\/mdphp-freebase\/\" \/>\n<meta property=\"og:locale\" content=\"cs_CZ\" \/>\n<meta property=\"og:type\" content=\"article\" \/>\n<meta property=\"og:title\" content=\"MDPHP Freebase online kaufen \u2013 MDPHP bei ChemGramX\" \/>\n<meta property=\"og:description\" content=\"Kaufen Sie reines, laborgepr\u00fcftes MDPHP Freebase bei ChemGramX. Garantierte Qualit\u00e4t, diskreter Versand. Jetzt MDPHP f\u00fcr Forschung online bestellen!\" \/>\n<meta property=\"og:url\" content=\"https:\/\/chemgramx.com\/cs\/product\/mdphp-freebase\/\" \/>\n<meta property=\"og:site_name\" content=\"Chemgramx\" \/>\n<meta property=\"article:modified_time\" content=\"2025-10-18T06:05:25+00:00\" \/>\n<meta property=\"og:image\" content=\"https:\/\/chemgramx.com\/wp-content\/uploads\/2024\/10\/MDPHP-Freebase.jpg\" \/>\n\t<meta property=\"og:image:width\" content=\"240\" \/>\n\t<meta property=\"og:image:height\" content=\"210\" \/>\n\t<meta property=\"og:image:type\" content=\"image\/jpeg\" \/>\n<meta name=\"twitter:card\" content=\"summary_large_image\" \/>\n<meta name=\"twitter:label1\" content=\"Odhadovan\u00e1 doba \u010dten\u00ed\" \/>\n\t<meta name=\"twitter:data1\" content=\"2 minuty\" \/>\n<script type=\"application\/ld+json\" class=\"yoast-schema-graph\">{\"@context\":\"https:\/\/schema.org\",\"@graph\":[{\"@type\":\"WebPage\",\"@id\":\"https:\/\/chemgramx.com\/product\/mdphp-freebase\/\",\"url\":\"https:\/\/chemgramx.com\/product\/mdphp-freebase\/\",\"name\":\"MDPHP Freebase online kaufen \u2013 MDPHP bei ChemGramX\",\"isPartOf\":{\"@id\":\"https:\/\/chemgramx.com\/#website\"},\"primaryImageOfPage\":{\"@id\":\"https:\/\/chemgramx.com\/product\/mdphp-freebase\/#primaryimage\"},\"image\":{\"@id\":\"https:\/\/chemgramx.com\/product\/mdphp-freebase\/#primaryimage\"},\"thumbnailUrl\":\"https:\/\/chemgramx.com\/wp-content\/uploads\/2024\/10\/MDPHP-Freebase.jpg\",\"datePublished\":\"2024-10-22T21:35:42+00:00\",\"dateModified\":\"2025-10-18T06:05:25+00:00\",\"description\":\"Kaufen Sie reines, laborgepr\u00fcftes MDPHP Freebase bei ChemGramX. Garantierte Qualit\u00e4t, diskreter Versand. Jetzt MDPHP f\u00fcr Forschung online bestellen!\",\"breadcrumb\":{\"@id\":\"https:\/\/chemgramx.com\/product\/mdphp-freebase\/#breadcrumb\"},\"inLanguage\":\"cs\",\"potentialAction\":[{\"@type\":\"ReadAction\",\"target\":[\"https:\/\/chemgramx.com\/product\/mdphp-freebase\/\"]}]},{\"@type\":\"ImageObject\",\"inLanguage\":\"cs\",\"@id\":\"https:\/\/chemgramx.com\/product\/mdphp-freebase\/#primaryimage\",\"url\":\"https:\/\/chemgramx.com\/wp-content\/uploads\/2024\/10\/MDPHP-Freebase.jpg\",\"contentUrl\":\"https:\/\/chemgramx.com\/wp-content\/uploads\/2024\/10\/MDPHP-Freebase.jpg\",\"width\":240,\"height\":210,\"caption\":\"MDPHP Freebase kaufen\"},{\"@type\":\"BreadcrumbList\",\"@id\":\"https:\/\/chemgramx.com\/product\/mdphp-freebase\/#breadcrumb\",\"itemListElement\":[{\"@type\":\"ListItem\",\"position\":1,\"name\":\"Home\",\"item\":\"https:\/\/chemgramx.com\/\"},{\"@type\":\"ListItem\",\"position\":2,\"name\":\"Shop\",\"item\":\"https:\/\/chemgramx.com\/shop\/\"},{\"@type\":\"ListItem\",\"position\":3,\"name\":\"MDPHP Freebase online kaufen\"}]},{\"@type\":\"WebSite\",\"@id\":\"https:\/\/chemgramx.com\/#website\",\"url\":\"https:\/\/chemgramx.com\/\",\"name\":\"Chemgramx\",\"description\":\"\",\"publisher\":{\"@id\":\"https:\/\/chemgramx.com\/#organization\"},\"potentialAction\":[{\"@type\":\"SearchAction\",\"target\":{\"@type\":\"EntryPoint\",\"urlTemplate\":\"https:\/\/chemgramx.com\/?s={search_term_string}\"},\"query-input\":{\"@type\":\"PropertyValueSpecification\",\"valueRequired\":true,\"valueName\":\"search_term_string\"}}],\"inLanguage\":\"cs\"},{\"@type\":\"Organization\",\"@id\":\"https:\/\/chemgramx.com\/#organization\",\"name\":\"Chemgramx\",\"url\":\"https:\/\/chemgramx.com\/\",\"logo\":{\"@type\":\"ImageObject\",\"inLanguage\":\"cs\",\"@id\":\"https:\/\/chemgramx.com\/#\/schema\/logo\/image\/\",\"url\":\"https:\/\/chemgramx.com\/wp-content\/uploads\/2024\/10\/final-logo.png\",\"contentUrl\":\"https:\/\/chemgramx.com\/wp-content\/uploads\/2024\/10\/final-logo.png\",\"width\":250,\"height\":48,\"caption\":\"Chemgramx\"},\"image\":{\"@id\":\"https:\/\/chemgramx.com\/#\/schema\/logo\/image\/\"}}]}<\/script>\n<!-- \/ Yoast SEO plugin. -->","yoast_head_json":{"title":"MDPHP Freebase online kaufen \u2013 MDPHP bei ChemGramX","description":"Kaufen Sie reines, laborgepr\u00fcftes MDPHP Freebase bei ChemGramX. Garantierte Qualit\u00e4t, diskreter Versand. Jetzt MDPHP f\u00fcr Forschung online bestellen!","robots":{"index":"index","follow":"follow","max-snippet":"max-snippet:-1","max-image-preview":"max-image-preview:large","max-video-preview":"max-video-preview:-1"},"canonical":"https:\/\/chemgramx.com\/cs\/product\/mdphp-freebase\/","og_locale":"cs_CZ","og_type":"article","og_title":"MDPHP Freebase online kaufen \u2013 MDPHP bei ChemGramX","og_description":"Kaufen Sie reines, laborgepr\u00fcftes MDPHP Freebase bei ChemGramX. Garantierte Qualit\u00e4t, diskreter Versand. Jetzt MDPHP f\u00fcr Forschung online bestellen!","og_url":"https:\/\/chemgramx.com\/cs\/product\/mdphp-freebase\/","og_site_name":"Chemgramx","article_modified_time":"2025-10-18T06:05:25+00:00","og_image":[{"width":240,"height":210,"url":"https:\/\/chemgramx.com\/wp-content\/uploads\/2024\/10\/MDPHP-Freebase.jpg","type":"image\/jpeg"}],"twitter_card":"summary_large_image","twitter_misc":{"Odhadovan\u00e1 doba \u010dten\u00ed":"2 minuty"},"schema":{"@context":"https:\/\/schema.org","@graph":[{"@type":"WebPage","@id":"https:\/\/chemgramx.com\/product\/mdphp-freebase\/","url":"https:\/\/chemgramx.com\/product\/mdphp-freebase\/","name":"MDPHP Freebase online kaufen \u2013 MDPHP bei ChemGramX","isPartOf":{"@id":"https:\/\/chemgramx.com\/#website"},"primaryImageOfPage":{"@id":"https:\/\/chemgramx.com\/product\/mdphp-freebase\/#primaryimage"},"image":{"@id":"https:\/\/chemgramx.com\/product\/mdphp-freebase\/#primaryimage"},"thumbnailUrl":"https:\/\/chemgramx.com\/wp-content\/uploads\/2024\/10\/MDPHP-Freebase.jpg","datePublished":"2024-10-22T21:35:42+00:00","dateModified":"2025-10-18T06:05:25+00:00","description":"Kaufen Sie reines, laborgepr\u00fcftes MDPHP Freebase bei ChemGramX. Garantierte Qualit\u00e4t, diskreter Versand. Jetzt MDPHP f\u00fcr Forschung online bestellen!","breadcrumb":{"@id":"https:\/\/chemgramx.com\/product\/mdphp-freebase\/#breadcrumb"},"inLanguage":"cs","potentialAction":[{"@type":"ReadAction","target":["https:\/\/chemgramx.com\/product\/mdphp-freebase\/"]}]},{"@type":"ImageObject","inLanguage":"cs","@id":"https:\/\/chemgramx.com\/product\/mdphp-freebase\/#primaryimage","url":"https:\/\/chemgramx.com\/wp-content\/uploads\/2024\/10\/MDPHP-Freebase.jpg","contentUrl":"https:\/\/chemgramx.com\/wp-content\/uploads\/2024\/10\/MDPHP-Freebase.jpg","width":240,"height":210,"caption":"MDPHP Freebase kaufen"},{"@type":"BreadcrumbList","@id":"https:\/\/chemgramx.com\/product\/mdphp-freebase\/#breadcrumb","itemListElement":[{"@type":"ListItem","position":1,"name":"Home","item":"https:\/\/chemgramx.com\/"},{"@type":"ListItem","position":2,"name":"Shop","item":"https:\/\/chemgramx.com\/shop\/"},{"@type":"ListItem","position":3,"name":"MDPHP Freebase online kaufen"}]},{"@type":"WebSite","@id":"https:\/\/chemgramx.com\/#website","url":"https:\/\/chemgramx.com\/","name":"Chemgramx","description":"","publisher":{"@id":"https:\/\/chemgramx.com\/#organization"},"potentialAction":[{"@type":"SearchAction","target":{"@type":"EntryPoint","urlTemplate":"https:\/\/chemgramx.com\/?s={search_term_string}"},"query-input":{"@type":"PropertyValueSpecification","valueRequired":true,"valueName":"search_term_string"}}],"inLanguage":"cs"},{"@type":"Organization","@id":"https:\/\/chemgramx.com\/#organization","name":"Chemgramx","url":"https:\/\/chemgramx.com\/","logo":{"@type":"ImageObject","inLanguage":"cs","@id":"https:\/\/chemgramx.com\/#\/schema\/logo\/image\/","url":"https:\/\/chemgramx.com\/wp-content\/uploads\/2024\/10\/final-logo.png","contentUrl":"https:\/\/chemgramx.com\/wp-content\/uploads\/2024\/10\/final-logo.png","width":250,"height":48,"caption":"Chemgramx"},"image":{"@id":"https:\/\/chemgramx.com\/#\/schema\/logo\/image\/"}}]}},"_links":{"self":[{"href":"https:\/\/chemgramx.com\/cs\/wp-json\/wp\/v2\/product\/738","targetHints":{"allow":["GET"]}}],"collection":[{"href":"https:\/\/chemgramx.com\/cs\/wp-json\/wp\/v2\/product"}],"about":[{"href":"https:\/\/chemgramx.com\/cs\/wp-json\/wp\/v2\/types\/product"}],"replies":[{"embeddable":true,"href":"https:\/\/chemgramx.com\/cs\/wp-json\/wp\/v2\/comments?post=738"}],"wp:featuredmedia":[{"embeddable":true,"href":"https:\/\/chemgramx.com\/cs\/wp-json\/wp\/v2\/media\/739"}],"wp:attachment":[{"href":"https:\/\/chemgramx.com\/cs\/wp-json\/wp\/v2\/media?parent=738"}],"wp:term":[{"taxonomy":"product_brand","embeddable":true,"href":"https:\/\/chemgramx.com\/cs\/wp-json\/wp\/v2\/product_brand?post=738"},{"taxonomy":"product_cat","embeddable":true,"href":"https:\/\/chemgramx.com\/cs\/wp-json\/wp\/v2\/product_cat?post=738"},{"taxonomy":"product_tag","embeddable":true,"href":"https:\/\/chemgramx.com\/cs\/wp-json\/wp\/v2\/product_tag?post=738"}],"curies":[{"name":"wp","href":"https:\/\/api.w.org\/{rel}","templated":true}]}}