{"id":7480,"date":"2025-11-21T11:17:29","date_gmt":"2025-11-21T11:17:29","guid":{"rendered":"https:\/\/chemgramx.com\/?post_type=product&#038;p=7480"},"modified":"2025-11-21T11:17:53","modified_gmt":"2025-11-21T11:17:53","slug":"5f-akb-48-online-objednavka","status":"publish","type":"product","link":"https:\/\/chemgramx.com\/cs\/product\/5f-akb-48-online-bestellung\/","title":{"rendered":"5F-AKB-48 online objedn\u00e1vka"},"content":{"rendered":"<p data-start=\"108\" data-end=\"607\"><strong data-start=\"108\" data-end=\"121\">5F-AKB-48<\/strong> je vysoce \u00fa\u010dinn\u00fd syntetick\u00fd kanabinoid pou\u017e\u00edvan\u00fd v modern\u00edm farmakologick\u00e9m a neurochemick\u00e9m v\u00fdzkumu. Pou\u017e\u00edv\u00e1 se ke studiu vazby a aktivace <strong data-start=\"312\" data-end=\"352\">Kanabinoidn\u00ed receptory (CB1 a CB2)<\/strong>, kter\u00e9 hraj\u00ed \u00fast\u0159edn\u00ed roli v lidsk\u00e9m endokanabinoidn\u00edm syst\u00e9mu. V\u00fdzkumn\u00edci, kte\u0159\u00ed <strong data-start=\"436\" data-end=\"463\">Koupit 5F-AKB-48 online<\/strong>, To jim poskytuje cennou l\u00e1tku pro zkoum\u00e1n\u00ed p\u0159enosu sign\u00e1lu, aktivity receptor\u016f a potenci\u00e1ln\u00edch terapeutick\u00fdch aplikac\u00ed.<\/p>\n<p data-start=\"609\" data-end=\"919\">Vzhledem k tomu, \u017ee trh tak\u00e9 <em data-start=\"631\" data-end=\"664\">prav\u00fd nebo fale\u0161n\u00fd 5F-AKB-48 na prodej<\/em> je obzvl\u00e1\u0161t\u011b d\u016fle\u017eit\u00e9 objedn\u00e1vat v\u00fdhradn\u011b z renomovan\u00fdch a certifikovan\u00fdch zdroj\u016f. Pouze <strong data-start=\"791\" data-end=\"829\">Nejlep\u0161\u00ed m\u00edsto pro n\u00e1kup 5F-AKB-48<\/strong>, nab\u00edz\u00ed testovanou laboratorn\u00ed kvalitu, transparentn\u00ed certifik\u00e1ty anal\u00fdzy a diskr\u00e9tn\u00ed dod\u00e1n\u00ed.<\/p>\n<h2 data-start=\"926\" data-end=\"949\">Co je 5F-AKB-48?<\/h2>\n<p data-start=\"951\" data-end=\"1212\"><strong data-start=\"951\" data-end=\"964\">5F-AKB-48<\/strong>tak\u00e9 zn\u00e1m\u00fd jako <strong data-start=\"983\" data-end=\"997\">5F-APINACA<\/strong>, pat\u0159\u00ed do skupiny syntetick\u00fdch kanabinoid\u016f na b\u00e1zi indazolu. Tyto l\u00e1tky jsou strukturn\u00edmi analogy p\u0159\u00edrodn\u00edch kanabinoid\u016f a byly vyvinuty za \u00fa\u010delem v\u00fdzkumu jejich farmakologick\u00fdch vlastnost\u00ed.<\/p>\n<p data-start=\"1214\" data-end=\"1553\">Na rozd\u00edl od klasick\u00fdch kanabinoid\u016f se 5F-AKB-48 v\u00e1\u017ee na receptory CB1 s obzvl\u00e1\u0161t\u011b vysokou afinitou, co\u017e z n\u011bj \u010din\u00ed d\u016fle\u017eit\u00fd n\u00e1stroj v oblasti <strong data-start=\"1364\" data-end=\"1401\">V\u00fdzkum receptor\u016f a toxikologie<\/strong> vyr\u00e1b\u00ed. D\u00edky t\u011bmto vlastnostem je vyhled\u00e1van\u00fdm analytick\u00fdm materi\u00e1lem pro laborato\u0159e zkoumaj\u00edc\u00ed mechanismy \u00fa\u010dinku syntetick\u00fdch kanabinoid\u016f.<\/p>\n<p data-start=\"1555\" data-end=\"1661\">V\u011bdeck\u00e9 \u00fastavy a v\u00fdzkumn\u00e9 organizace objedn\u00e1vaj\u00ed <strong data-start=\"1622\" data-end=\"1644\">5F-AKB-48 na prodej<\/strong> p\u0159edev\u0161\u00edm na:<\/p>\n<ul data-start=\"1662\" data-end=\"1853\">\n<li data-start=\"1662\" data-end=\"1705\">\n<p data-start=\"1664\" data-end=\"1705\">studie vazby na receptory,<\/p>\n<\/li>\n<li data-start=\"1706\" data-end=\"1780\">\n<p data-start=\"1708\" data-end=\"1780\">farmakologick\u00e9 \u00fa\u010dinky s p\u0159\u00edrodn\u00edmi kanabinoidy,<\/p>\n<\/li>\n<li data-start=\"1781\" data-end=\"1853\">\n<p data-start=\"1783\" data-end=\"1853\">a vyvinout nov\u00e9 detek\u010dn\u00ed metody pro forenzn\u00ed aplikace.<\/p>\n<\/li>\n<\/ul>\n<h2 data-start=\"1860\" data-end=\"1882\">Chemick\u00fd profil<\/h2>\n<ul data-start=\"1884\" data-end=\"2239\">\n<li data-start=\"1884\" data-end=\"1975\">\n<p data-start=\"1886\" data-end=\"1975\"><strong data-start=\"1886\" data-end=\"1912\">Chemick\u00fd n\u00e1zev:<\/strong> N-(adamantan-1-yl)-1-(5-fluoropentyl)-1H-indazol-3-karboxamid<\/p>\n<\/li>\n<li data-start=\"1976\" data-end=\"2009\">\n<p data-start=\"1978\" data-end=\"2009\"><strong data-start=\"1978\" data-end=\"1996\">Molekul\u00e1rn\u00ed vzorec:<\/strong> C23H31FN2O<\/p>\n<\/li>\n<li data-start=\"2010\" data-end=\"2047\">\n<p data-start=\"2012\" data-end=\"2047\"><strong data-start=\"2012\" data-end=\"2033\">Molekulov\u00e1 hmotnost:<\/strong> 370,5 g\/mol<\/p>\n<\/li>\n<li data-start=\"2048\" data-end=\"2088\">\n<p data-start=\"2050\" data-end=\"2088\"><strong data-start=\"2050\" data-end=\"2059\">Forma:<\/strong> Jemn\u00fd krystalick\u00fd pr\u00e1\u0161ek<\/p>\n<\/li>\n<li data-start=\"2089\" data-end=\"2127\">\n<p data-start=\"2091\" data-end=\"2127\"><strong data-start=\"2091\" data-end=\"2104\">\u010cistota:<\/strong> \u226598 % (testov\u00e1no pomoc\u00ed HPLC)<\/p>\n<\/li>\n<li data-start=\"2128\" data-end=\"2186\">\n<p data-start=\"2130\" data-end=\"2186\"><strong data-start=\"2130\" data-end=\"2146\">Rozpustnost:<\/strong> Rozpustn\u00fd v organick\u00fdch rozpou\u0161t\u011bdlech<\/p>\n<\/li>\n<li data-start=\"2187\" data-end=\"2239\">\n<p data-start=\"2189\" data-end=\"2239\"><strong data-start=\"2189\" data-end=\"2204\">Stabilita:<\/strong> Citlivost na sv\u011btlo a teplotu<\/p>\n<\/li>\n<\/ul>\n<p data-start=\"2241\" data-end=\"2438\">Ka\u017ed\u00e1 \u0161ar\u017ee p\u0159\u00edpravku 5F-AKB-48 je testov\u00e1na v nez\u00e1visl\u00fdch laborato\u0159\u00edch na. <a href=\"\/product\/mexikanisches-kokain\/\">Purity<\/a>, identitu a stabilitu. Souvisej\u00edc\u00ed <strong data-start=\"2359\" data-end=\"2392\">Certifik\u00e1t o anal\u00fdze (COA)<\/strong> potvrzuje analyticky ov\u011b\u0159enou kvalitu.<\/p>\n<h2 data-start=\"2445\" data-end=\"2471\">V\u00fdzkumn\u00e9 aplikace<\/h2>\n<p data-start=\"2473\" data-end=\"2732\"><strong data-start=\"2473\" data-end=\"2486\">5F-AKB-48<\/strong> je nab\u00edzena v\u00fdhradn\u011b pro v\u011bdeck\u00fd v\u00fdzkum a nesm\u00ed b\u00fdt <strong data-start=\"2558\" data-end=\"2578\">nespot\u0159ebovan\u00e9<\/strong> b\u00fdt pou\u017eity. Pou\u017e\u00edv\u00e1 se v laborato\u0159\u00edch k <strong data-start=\"2622\" data-end=\"2683\">farmakodynamick\u00e9 a farmakokinetick\u00e9 vlastnosti<\/strong> syntetick\u00fdch kanabinoid\u016f.<\/p>\n<p data-start=\"2734\" data-end=\"2784\">Mezi nej\u010dast\u011bj\u0161\u00ed v\u00fdzkumn\u00e9 aplikace pat\u0159\u00ed<\/p>\n<ul data-start=\"2785\" data-end=\"3126\">\n<li data-start=\"2785\" data-end=\"2861\">\n<p data-start=\"2787\" data-end=\"2861\"><strong data-start=\"2787\" data-end=\"2815\">Studie receptor\u016f CB1\/CB2:<\/strong> Zkoum\u00e1n\u00ed afinity a selektivity<\/p>\n<\/li>\n<li data-start=\"2862\" data-end=\"2938\">\n<p data-start=\"2864\" data-end=\"2938\"><strong data-start=\"2864\" data-end=\"2896\">Anal\u00fdzy transdukce sign\u00e1lu:<\/strong> V\u00fdzkum nitrobun\u011b\u010dn\u00fdch mechanism\u016f<\/p>\n<\/li>\n<li data-start=\"2939\" data-end=\"3040\">\n<p data-start=\"2941\" data-end=\"3040\"><strong data-start=\"2941\" data-end=\"2963\">Srovn\u00e1vac\u00ed studie:<\/strong> Srovn\u00e1n\u00ed s jin\u00fdmi kanabinoidy (nap\u0159. AMB-FUBINACA, 5F-MN-18)<\/p>\n<\/li>\n<li data-start=\"3041\" data-end=\"3126\">\n<p data-start=\"3043\" data-end=\"3126\"><strong data-start=\"3043\" data-end=\"3068\">Toxikologick\u00e9 testy:<\/strong> Posouzen\u00ed mo\u017en\u00fdch vedlej\u0161\u00edch \u00fa\u010dink\u016f a metabolick\u00fdch cest<\/p>\n<\/li>\n<\/ul>\n<p data-start=\"3128\" data-end=\"3327\">Pomoc\u00ed 5F-AKB-48 mohou v\u011bdci l\u00e9pe porozum\u011bt chov\u00e1n\u00ed syntetick\u00fdch kanabinoid\u016f v t\u011ble a z\u00edskat poznatky pro l\u00e9ka\u0159sk\u00e9 nebo forenzn\u00ed \u00fa\u010dely.<\/p>\n<h2 data-start=\"3334\" data-end=\"3364\">Bezpe\u010dnost a manipulace<\/h2>\n<p data-start=\"3366\" data-end=\"3522\">L\u00e1tka je <strong data-start=\"3383\" data-end=\"3412\">nen\u00ed ur\u010deno k lidsk\u00e9 spot\u0159eb\u011b<\/strong> a sm\u00ed je pou\u017e\u00edvat pouze kvalifikovan\u00fd laboratorn\u00ed person\u00e1l za kontrolovan\u00fdch podm\u00ednek.<\/p>\n<p data-start=\"3524\" data-end=\"3582\">Pro manipulaci plat\u00ed n\u00e1sleduj\u00edc\u00ed bezpe\u010dnostn\u00ed normy:<\/p>\n<ul data-start=\"3583\" data-end=\"3825\">\n<li data-start=\"3583\" data-end=\"3635\">\n<p data-start=\"3585\" data-end=\"3635\">Pr\u00e1ce pod odv\u011btr\u00e1vanou digesto\u0159\u00ed s chemik\u00e1liemi<\/p>\n<\/li>\n<li data-start=\"3636\" data-end=\"3702\">\n<p data-start=\"3638\" data-end=\"3702\">Pou\u017e\u00edv\u00e1n\u00ed laboratorn\u00edho pl\u00e1\u0161t\u011b, ochrann\u00fdch rukavic a ochrann\u00fdch br\u00fdl\u00ed.<\/p>\n<\/li>\n<li data-start=\"3703\" data-end=\"3769\">\n<p data-start=\"3705\" data-end=\"3769\">Skladujte ve vzduchot\u011bsn\u00fdch n\u00e1dob\u00e1ch chr\u00e1n\u011bn\u00fdch p\u0159ed sv\u011btlem p\u0159i teplot\u011b 2-8 \u00b0C.<\/p>\n<\/li>\n<li data-start=\"3770\" data-end=\"3825\">\n<p data-start=\"3772\" data-end=\"3825\">Dokumentace v laboratorn\u00edm z\u00e1pisn\u00edku v souladu s pokyny SLP.<\/p>\n<\/li>\n<\/ul>\n<p data-start=\"3827\" data-end=\"3934\">Tato opat\u0159en\u00ed zaji\u0161\u0165uj\u00ed bezpe\u010dn\u00e9 pou\u017e\u00edv\u00e1n\u00ed a zabra\u0148uj\u00ed kontaminaci nebo chemick\u00e9mu rozkladu.<\/p>\n<h2 data-start=\"3941\" data-end=\"3985\">V\u00fdhody n\u00e1kupu 5F-AKB-48 online<\/h2>\n<p data-start=\"3987\" data-end=\"4145\">N\u00e1kup online nab\u00edz\u00ed v\u011bdc\u016fm \u0159adu v\u00fdhod, zejm\u00e9na d\u00edky testovan\u00e9 laboratorn\u00ed kvalit\u011b, rychl\u00e9mu dod\u00e1n\u00ed a transparentn\u00edm cen\u00e1m.<\/p>\n<ul data-start=\"4147\" data-end=\"4515\">\n<li data-start=\"4147\" data-end=\"4210\">\n<p data-start=\"4149\" data-end=\"4210\"><strong data-start=\"4149\" data-end=\"4171\">Testovan\u00e1 kvalita:<\/strong> Laboratorn\u00ed anal\u00fdza ka\u017ed\u00e9 \u0161ar\u017ee<\/p>\n<\/li>\n<li data-start=\"4211\" data-end=\"4292\">\n<p data-start=\"4213\" data-end=\"4292\"><strong data-start=\"4213\" data-end=\"4244\">Transparentn\u00ed struktura cen:<\/strong> Jasn\u00e1 cena 5F-AKB-48 bez skryt\u00fdch n\u00e1klad\u016f<\/p>\n<\/li>\n<li data-start=\"4293\" data-end=\"4392\">\n<p data-start=\"4295\" data-end=\"4392\"><strong data-start=\"4295\" data-end=\"4317\">Hromadn\u00e9 slevy:<\/strong> Mo\u017enost, <strong data-start=\"4331\" data-end=\"4369\">5F-AKB-48 koupit levn\u011b online<\/strong> pro v\u00fdzkumn\u00e9 \u00fa\u010dely<\/p>\n<\/li>\n<li data-start=\"4393\" data-end=\"4454\">\n<p data-start=\"4395\" data-end=\"4454\"><strong data-start=\"4395\" data-end=\"4417\">Diskr\u00e9tn\u00ed p\u0159eprava:<\/strong> Neutr\u00e1ln\u00ed balen\u00ed, anonymn\u00ed doru\u010den\u00ed<\/p>\n<\/li>\n<li data-start=\"4455\" data-end=\"4515\">\n<p data-start=\"4457\" data-end=\"4515\"><strong data-start=\"4457\" data-end=\"4484\">Certifikovan\u00fd p\u016fvod:<\/strong> Pouze origin\u00e1ln\u00ed v\u00fdrobky s COA<\/p>\n<\/li>\n<\/ul>\n<p data-start=\"4517\" data-end=\"4668\">Na str\u00e1nk\u00e1ch <strong data-start=\"4521\" data-end=\"4559\">Nejlep\u0161\u00ed m\u00edsto pro n\u00e1kup 5F-AKB-48<\/strong>, nab\u00edz\u00ed tyto funkce spolehliv\u011b - s bezpe\u010dnou p\u0159epravou do N\u011bmecka, Rakouska a \u0160v\u00fdcarska.<\/p>\n<h2 data-start=\"4675\" data-end=\"4704\">Pr\u00e1vn\u00ed informace<\/h2>\n<p data-start=\"4706\" data-end=\"4976\">Pr\u00e1vn\u00ed kategorizace <strong data-start=\"4736\" data-end=\"4749\">5F-AKB-48<\/strong> se li\u0161\u00ed v z\u00e1vislosti na zemi.<br data-start=\"4772\" data-end=\"4775\" \/>V N\u011bmecku tato l\u00e1tka spad\u00e1 pod <strong data-start=\"4819\" data-end=\"4861\">Nov\u00e9-psychoaktivn\u00ed-<a href=\"\/product\/4-ho-mipt-20mg-pellets-kaufen\/\">Tkaniny<\/a>-Z\u00e1kon (NpSG)<\/strong> a mohou b\u00fdt proto pou\u017eity pouze pro v\u00fdzkum. Podobn\u00e1 omezen\u00ed plat\u00ed ve \u0160v\u00fdcarsku a Rakousku.<\/p>\n<p data-start=\"4978\" data-end=\"5218\">Kupuj\u00edc\u00ed jsou povinni se p\u0159ed pod\u00e1n\u00edm objedn\u00e1vky informovat o platn\u00fdch p\u0159edpisech ve sv\u00e9 zemi. Prodej se uskute\u010d\u0148uje v\u00fdhradn\u011b <strong data-start=\"5128\" data-end=\"5168\">registrovan\u00e9 v\u00fdzkumn\u00e9 instituce<\/strong> nebo laborato\u0159e s dolo\u017een\u00fdm v\u00fdzkumn\u00fdm z\u00e1m\u011brem.<\/p>\n<h2 data-start=\"5225\" data-end=\"5253\">Cena a dostupnost<\/h2>\n<p data-start=\"5255\" data-end=\"5464\">Na str\u00e1nk\u00e1ch <strong data-start=\"5259\" data-end=\"5278\">5F-AKB-48 Cena<\/strong> z\u00e1vis\u00ed na mno\u017estv\u00ed, stupni \u010distoty a oblasti z\u00e1sobov\u00e1n\u00ed. V\u011bdeck\u00e9 instituce, kter\u00e9 pravideln\u011b po\u017eaduj\u00ed v\u011bt\u0161\u00ed mno\u017estv\u00ed, mohou objedn\u00e1vat prost\u0159ednictv\u00edm <strong data-start=\"5413\" data-end=\"5452\">Zvl\u00e1\u0161tn\u00ed podm\u00ednky a mno\u017estevn\u00ed slevy<\/strong> k dispozici.<\/p>\n<p data-start=\"5466\" data-end=\"5634\">Odesl\u00e1n\u00ed se obvykle uskute\u010dn\u00ed b\u011bhem <strong data-start=\"5513\" data-end=\"5530\">1-3 pracovn\u00ed dny<\/strong>, voliteln\u011b tak\u00e9 jako <strong data-start=\"5550\" data-end=\"5575\">Expresn\u00ed odesl\u00e1n\u00ed (24 hodin)<\/strong>. Balen\u00ed a manipulace jsou zcela diskr\u00e9tn\u00ed.<\/p>\n<h3 data-start=\"2464\" data-end=\"2474\">Z\u00e1v\u011br<\/h3>\n<p data-start=\"2476\" data-end=\"2900\">Ka\u017ed\u00fd, kdo si chce koupit 5F-AKB-48 online, by si m\u011bl zjistit, kde ho koupit, a porovnat ceny. Nejlep\u0161\u00ed m\u00edsto pro n\u00e1kup 5F-AKB-48 zaru\u010duje ov\u011b\u0159enou laboratorn\u00ed kvalitu, f\u00e9rov\u00e9 \u200b\u200bceny a diskr\u00e9tn\u00ed doru\u010den\u00ed. A\u0165 u\u017e objedn\u00e1v\u00e1te origin\u00e1ln\u00ed nebo pad\u011blan\u00fd 5F-AKB-48 pro v\u011bdeck\u00e9 anal\u00fdzy, nebo chcete koupit levn\u00fd 5F-AKB-48 online pro v\u011bt\u0161\u00ed v\u00fdzkumn\u00e9 projekty, v\u00fdb\u011br d\u016fv\u011bryhodn\u00e9ho zdroje je v\u017edy kl\u00ed\u010dov\u00fd.<\/p>","protected":false},"excerpt":{"rendered":"<p><strong>5F-AKB-48<\/strong> je syntetick\u00fd kanabinoid pou\u017e\u00edvan\u00fd ve v\u00fdzkumu ke studiu \u00fa\u010dink\u016f kanabinoidn\u00edch receptor\u016f. Jedn\u00e1 se o silnou molekulu ur\u010denou v\u00fdhradn\u011b pro v\u011bdeck\u00e9 experimenty a nen\u00ed vhodn\u00e1 pro lidskou spot\u0159ebu.<\/p>","protected":false},"featured_media":7510,"comment_status":"open","ping_status":"closed","template":"","meta":{"_joinchat":[]},"product_brand":[],"product_cat":[1805],"product_tag":[2033,2039,2034,2037,2038,2036,2035,188,1814,333],"class_list":{"0":"post-7480","1":"product","2":"type-product","3":"status-publish","4":"has-post-thumbnail","6":"product_cat-indazol-basiert","7":"product_tag-5f-akb-48","8":"product_tag-5f-akb-48-chemikalien","9":"product_tag-5f-akb-48-kaufen","10":"product_tag-5f-akb-48-kristalle","11":"product_tag-5f-akb-48-online","12":"product_tag-5f-akb-48-pulver","13":"product_tag-5f-akb-48-zum-verkauf","14":"product_tag-forschungschemikalien","15":"product_tag-forschungsstoffe-kaufen","16":"product_tag-synthetische-cannabinoide","18":"first","19":"instock","20":"shipping-taxable","21":"purchasable","22":"product-type-variable"},"yoast_head":"<!-- This site is optimized with the Yoast SEO plugin v27.5 - https:\/\/yoast.com\/product\/yoast-seo-wordpress\/ -->\n<title>5F-AKB-48 online kaufen \u2013 5F-AKB-48 zu verkaufen | chemgramx<\/title>\n<meta name=\"description\" content=\"Verpassen Sie keine Gelegenheit, 5f-akb-48 online in unserem Shop zu kaufen. Wir verkaufen ausschlie\u00dflich 5f-akb-48 zu g\u00fcnstigen Preisen. Wir sind hier, um Ihnen zu helfen. Bestellen Sie jetzt!\" \/>\n<meta name=\"robots\" content=\"index, follow, max-snippet:-1, max-image-preview:large, max-video-preview:-1\" \/>\n<link rel=\"canonical\" href=\"https:\/\/chemgramx.com\/cs\/produkt-1\/5f-akb-48-online-objednavka\/\" \/>\n<meta property=\"og:locale\" content=\"cs_CZ\" \/>\n<meta property=\"og:type\" content=\"article\" \/>\n<meta property=\"og:title\" content=\"5F-AKB-48 online kaufen \u2013 5F-AKB-48 zu verkaufen | chemgramx\" \/>\n<meta property=\"og:description\" content=\"Verpassen Sie keine Gelegenheit, 5f-akb-48 online in unserem Shop zu kaufen. Wir verkaufen ausschlie\u00dflich 5f-akb-48 zu g\u00fcnstigen Preisen. Wir sind hier, um Ihnen zu helfen. Bestellen Sie jetzt!\" \/>\n<meta property=\"og:url\" content=\"https:\/\/chemgramx.com\/cs\/produkt-1\/5f-akb-48-online-objednavka\/\" \/>\n<meta property=\"og:site_name\" content=\"Chemgramx\" \/>\n<meta property=\"article:modified_time\" content=\"2025-11-21T11:17:53+00:00\" \/>\n<meta property=\"og:image\" content=\"https:\/\/chemgramx.com\/wp-content\/uploads\/2025\/11\/5fak48.png\" \/>\n\t<meta property=\"og:image:width\" content=\"600\" \/>\n\t<meta property=\"og:image:height\" content=\"400\" \/>\n\t<meta property=\"og:image:type\" content=\"image\/png\" \/>\n<meta name=\"twitter:card\" content=\"summary_large_image\" \/>\n<meta name=\"twitter:label1\" content=\"Odhadovan\u00e1 doba \u010dten\u00ed\" \/>\n\t<meta name=\"twitter:data1\" content=\"4 minuty\" \/>\n<script type=\"application\/ld+json\" class=\"yoast-schema-graph\">{\"@context\":\"https:\\\/\\\/schema.org\",\"@graph\":[{\"@type\":\"WebPage\",\"@id\":\"https:\\\/\\\/chemgramx.com\\\/product\\\/5f-akb-48-online-bestellung\\\/\",\"url\":\"https:\\\/\\\/chemgramx.com\\\/product\\\/5f-akb-48-online-bestellung\\\/\",\"name\":\"5F-AKB-48 online kaufen \u2013 5F-AKB-48 zu verkaufen | chemgramx\",\"isPartOf\":{\"@id\":\"https:\\\/\\\/chemgramx.com\\\/#website\"},\"primaryImageOfPage\":{\"@id\":\"https:\\\/\\\/chemgramx.com\\\/product\\\/5f-akb-48-online-bestellung\\\/#primaryimage\"},\"image\":{\"@id\":\"https:\\\/\\\/chemgramx.com\\\/product\\\/5f-akb-48-online-bestellung\\\/#primaryimage\"},\"thumbnailUrl\":\"https:\\\/\\\/chemgramx.com\\\/wp-content\\\/uploads\\\/2025\\\/11\\\/5fak48.png\",\"datePublished\":\"2025-11-21T11:17:29+00:00\",\"dateModified\":\"2025-11-21T11:17:53+00:00\",\"description\":\"Verpassen Sie keine Gelegenheit, 5f-akb-48 online in unserem Shop zu kaufen. Wir verkaufen ausschlie\u00dflich 5f-akb-48 zu g\u00fcnstigen Preisen. Wir sind hier, um Ihnen zu helfen. Bestellen Sie jetzt!\",\"breadcrumb\":{\"@id\":\"https:\\\/\\\/chemgramx.com\\\/product\\\/5f-akb-48-online-bestellung\\\/#breadcrumb\"},\"inLanguage\":\"cs\",\"potentialAction\":[{\"@type\":\"ReadAction\",\"target\":[\"https:\\\/\\\/chemgramx.com\\\/product\\\/5f-akb-48-online-bestellung\\\/\"]}]},{\"@type\":\"ImageObject\",\"inLanguage\":\"cs\",\"@id\":\"https:\\\/\\\/chemgramx.com\\\/product\\\/5f-akb-48-online-bestellung\\\/#primaryimage\",\"url\":\"https:\\\/\\\/chemgramx.com\\\/wp-content\\\/uploads\\\/2025\\\/11\\\/5fak48.png\",\"contentUrl\":\"https:\\\/\\\/chemgramx.com\\\/wp-content\\\/uploads\\\/2025\\\/11\\\/5fak48.png\",\"width\":600,\"height\":400},{\"@type\":\"BreadcrumbList\",\"@id\":\"https:\\\/\\\/chemgramx.com\\\/product\\\/5f-akb-48-online-bestellung\\\/#breadcrumb\",\"itemListElement\":[{\"@type\":\"ListItem\",\"position\":1,\"name\":\"Home\",\"item\":\"https:\\\/\\\/chemgramx.com\\\/\"},{\"@type\":\"ListItem\",\"position\":2,\"name\":\"Shop\",\"item\":\"https:\\\/\\\/chemgramx.com\\\/shop\\\/\"},{\"@type\":\"ListItem\",\"position\":3,\"name\":\"5F-AKB-48 online bestellung\"}]},{\"@type\":\"WebSite\",\"@id\":\"https:\\\/\\\/chemgramx.com\\\/#website\",\"url\":\"https:\\\/\\\/chemgramx.com\\\/\",\"name\":\"Chemgramx\",\"description\":\"\",\"publisher\":{\"@id\":\"https:\\\/\\\/chemgramx.com\\\/#organization\"},\"potentialAction\":[{\"@type\":\"SearchAction\",\"target\":{\"@type\":\"EntryPoint\",\"urlTemplate\":\"https:\\\/\\\/chemgramx.com\\\/?s={search_term_string}\"},\"query-input\":{\"@type\":\"PropertyValueSpecification\",\"valueRequired\":true,\"valueName\":\"search_term_string\"}}],\"inLanguage\":\"cs\"},{\"@type\":\"Organization\",\"@id\":\"https:\\\/\\\/chemgramx.com\\\/#organization\",\"name\":\"Chemgramx\",\"url\":\"https:\\\/\\\/chemgramx.com\\\/\",\"logo\":{\"@type\":\"ImageObject\",\"inLanguage\":\"cs\",\"@id\":\"https:\\\/\\\/chemgramx.com\\\/#\\\/schema\\\/logo\\\/image\\\/\",\"url\":\"https:\\\/\\\/chemgramx.com\\\/wp-content\\\/uploads\\\/2024\\\/10\\\/final-logo.png\",\"contentUrl\":\"https:\\\/\\\/chemgramx.com\\\/wp-content\\\/uploads\\\/2024\\\/10\\\/final-logo.png\",\"width\":250,\"height\":48,\"caption\":\"Chemgramx\"},\"image\":{\"@id\":\"https:\\\/\\\/chemgramx.com\\\/#\\\/schema\\\/logo\\\/image\\\/\"}}]}<\/script>\n<!-- \/ Yoast SEO plugin. -->","yoast_head_json":{"title":"Kupte si 5F-AKB-48 online \u2013 5F-AKB-48 na prodej | chemgramx","description":"Nenechte si uj\u00edt p\u0159\u00edle\u017eitost koupit 5f-akb-48 online v na\u0161em obchod\u011b. Prod\u00e1v\u00e1me exkluzivn\u011b 5f-akb-48 za dostupn\u00e9 ceny. Jsme tu, abychom v\u00e1m pomohli. Objednejte si hned!","robots":{"index":"index","follow":"follow","max-snippet":"max-snippet:-1","max-image-preview":"max-image-preview:large","max-video-preview":"max-video-preview:-1"},"canonical":"https:\/\/chemgramx.com\/cs\/produkt-1\/5f-akb-48-online-objednavka\/","og_locale":"cs_CZ","og_type":"article","og_title":"5F-AKB-48 online kaufen \u2013 5F-AKB-48 zu verkaufen | chemgramx","og_description":"Verpassen Sie keine Gelegenheit, 5f-akb-48 online in unserem Shop zu kaufen. Wir verkaufen ausschlie\u00dflich 5f-akb-48 zu g\u00fcnstigen Preisen. Wir sind hier, um Ihnen zu helfen. Bestellen Sie jetzt!","og_url":"https:\/\/chemgramx.com\/cs\/produkt-1\/5f-akb-48-online-objednavka\/","og_site_name":"Chemgramx","article_modified_time":"2025-11-21T11:17:53+00:00","og_image":[{"width":600,"height":400,"url":"https:\/\/chemgramx.com\/wp-content\/uploads\/2025\/11\/5fak48.png","type":"image\/png"}],"twitter_card":"summary_large_image","twitter_misc":{"Odhadovan\u00e1 doba \u010dten\u00ed":"4 minuty"},"schema":{"@context":"https:\/\/schema.org","@graph":[{"@type":"WebPage","@id":"https:\/\/chemgramx.com\/product\/5f-akb-48-online-bestellung\/","url":"https:\/\/chemgramx.com\/product\/5f-akb-48-online-bestellung\/","name":"Kupte si 5F-AKB-48 online \u2013 5F-AKB-48 na prodej | chemgramx","isPartOf":{"@id":"https:\/\/chemgramx.com\/#website"},"primaryImageOfPage":{"@id":"https:\/\/chemgramx.com\/product\/5f-akb-48-online-bestellung\/#primaryimage"},"image":{"@id":"https:\/\/chemgramx.com\/product\/5f-akb-48-online-bestellung\/#primaryimage"},"thumbnailUrl":"https:\/\/chemgramx.com\/wp-content\/uploads\/2025\/11\/5fak48.png","datePublished":"2025-11-21T11:17:29+00:00","dateModified":"2025-11-21T11:17:53+00:00","description":"Nenechte si uj\u00edt p\u0159\u00edle\u017eitost koupit 5f-akb-48 online v na\u0161em obchod\u011b. Prod\u00e1v\u00e1me exkluzivn\u011b 5f-akb-48 za dostupn\u00e9 ceny. Jsme tu, abychom v\u00e1m pomohli. Objednejte si hned!","breadcrumb":{"@id":"https:\/\/chemgramx.com\/product\/5f-akb-48-online-bestellung\/#breadcrumb"},"inLanguage":"cs","potentialAction":[{"@type":"ReadAction","target":["https:\/\/chemgramx.com\/product\/5f-akb-48-online-bestellung\/"]}]},{"@type":"ImageObject","inLanguage":"cs","@id":"https:\/\/chemgramx.com\/product\/5f-akb-48-online-bestellung\/#primaryimage","url":"https:\/\/chemgramx.com\/wp-content\/uploads\/2025\/11\/5fak48.png","contentUrl":"https:\/\/chemgramx.com\/wp-content\/uploads\/2025\/11\/5fak48.png","width":600,"height":400},{"@type":"BreadcrumbList","@id":"https:\/\/chemgramx.com\/product\/5f-akb-48-online-bestellung\/#breadcrumb","itemListElement":[{"@type":"ListItem","position":1,"name":"Home","item":"https:\/\/chemgramx.com\/"},{"@type":"ListItem","position":2,"name":"Shop","item":"https:\/\/chemgramx.com\/shop\/"},{"@type":"ListItem","position":3,"name":"5F-AKB-48 online bestellung"}]},{"@type":"WebSite","@id":"https:\/\/chemgramx.com\/#website","url":"https:\/\/chemgramx.com\/","name":"Chemgramx","description":"","publisher":{"@id":"https:\/\/chemgramx.com\/#organization"},"potentialAction":[{"@type":"SearchAction","target":{"@type":"EntryPoint","urlTemplate":"https:\/\/chemgramx.com\/?s={search_term_string}"},"query-input":{"@type":"PropertyValueSpecification","valueRequired":true,"valueName":"search_term_string"}}],"inLanguage":"cs"},{"@type":"Organization","@id":"https:\/\/chemgramx.com\/#organization","name":"Chemgramx","url":"https:\/\/chemgramx.com\/","logo":{"@type":"ImageObject","inLanguage":"cs","@id":"https:\/\/chemgramx.com\/#\/schema\/logo\/image\/","url":"https:\/\/chemgramx.com\/wp-content\/uploads\/2024\/10\/final-logo.png","contentUrl":"https:\/\/chemgramx.com\/wp-content\/uploads\/2024\/10\/final-logo.png","width":250,"height":48,"caption":"Chemgramx"},"image":{"@id":"https:\/\/chemgramx.com\/#\/schema\/logo\/image\/"}}]}},"_links":{"self":[{"href":"https:\/\/chemgramx.com\/cs\/wp-json\/wp\/v2\/product\/7480","targetHints":{"allow":["GET"]}}],"collection":[{"href":"https:\/\/chemgramx.com\/cs\/wp-json\/wp\/v2\/product"}],"about":[{"href":"https:\/\/chemgramx.com\/cs\/wp-json\/wp\/v2\/types\/product"}],"replies":[{"embeddable":true,"href":"https:\/\/chemgramx.com\/cs\/wp-json\/wp\/v2\/comments?post=7480"}],"wp:featuredmedia":[{"embeddable":true,"href":"https:\/\/chemgramx.com\/cs\/wp-json\/wp\/v2\/media\/7510"}],"wp:attachment":[{"href":"https:\/\/chemgramx.com\/cs\/wp-json\/wp\/v2\/media?parent=7480"}],"wp:term":[{"taxonomy":"product_brand","embeddable":true,"href":"https:\/\/chemgramx.com\/cs\/wp-json\/wp\/v2\/product_brand?post=7480"},{"taxonomy":"product_cat","embeddable":true,"href":"https:\/\/chemgramx.com\/cs\/wp-json\/wp\/v2\/product_cat?post=7480"},{"taxonomy":"product_tag","embeddable":true,"href":"https:\/\/chemgramx.com\/cs\/wp-json\/wp\/v2\/product_tag?post=7480"}],"curies":[{"name":"wp","href":"https:\/\/api.w.org\/{rel}","templated":true}]}}