{"id":7482,"date":"2025-11-21T11:17:30","date_gmt":"2025-11-21T11:17:30","guid":{"rendered":"https:\/\/chemgramx.com\/?post_type=product&#038;p=7482"},"modified":"2025-11-21T11:17:54","modified_gmt":"2025-11-21T11:17:54","slug":"5fur-144-online-objednavka","status":"publish","type":"product","link":"https:\/\/chemgramx.com\/cs\/product\/5fur-144-online-bestellung\/","title":{"rendered":"5Fur-144 online objedn\u00e1vka"},"content":{"rendered":"<p data-start=\"110\" data-end=\"551\"><strong data-start=\"110\" data-end=\"122\">5FUR-144<\/strong> je modern\u00ed syntetick\u00fd kanabinoid, kter\u00fd byl vyvinut pro \u00fa\u010dely v\u011bdeck\u00e9ho v\u00fdzkumu s c\u00edlem analyzovat interakce s kanabinoidn\u00edmi receptory. <strong data-start=\"283\" data-end=\"290\">CB1<\/strong> a <strong data-start=\"295\" data-end=\"302\">CB2<\/strong> v lidsk\u00e9m t\u011ble. Tato l\u00e1tka je sou\u010d\u00e1st\u00ed nov\u00e9 generace v\u00fdzkumn\u00fdch chemick\u00fdch l\u00e1tek, kter\u00e9 posunou pozn\u00e1n\u00ed <strong data-start=\"440\" data-end=\"467\">Endokanabinoidn\u00ed syst\u00e9m<\/strong> a p\u0159isp\u011bt k v\u00fdvoji potenci\u00e1ln\u00edch terapeutick\u00fdch aplikac\u00ed.<\/p>\n<p data-start=\"553\" data-end=\"920\">V\u00fdzkumn\u00edci, kte\u0159\u00ed <strong data-start=\"567\" data-end=\"593\">Koupit 5FUR-144 online<\/strong>, p\u0159ikl\u00e1daj\u00ed zvl\u00e1\u0161tn\u00ed v\u00fdznam testovan\u00e9 kvalit\u011b a \u010distot\u011b, proto\u017ee i <em data-start=\"661\" data-end=\"693\">prav\u00fd nebo fale\u0161n\u00fd 5FUR-144 na prodej<\/em> je v ob\u011bhu. Proto je d\u016fle\u017eit\u00e9 objedn\u00e1vat v\u00fdhradn\u011b z certifikovan\u00fdch zdroj\u016f. Na str\u00e1nk\u00e1ch <strong data-start=\"796\" data-end=\"826\">Nejlep\u0161\u00ed m\u00edsto pro n\u00e1kup 5FUR-144<\/strong> se vyzna\u010duje laboratorn\u00edmi anal\u00fdzami, transparentn\u00edmi cenami a diskr\u00e9tn\u00edm dod\u00e1n\u00edm.<\/p>\n<h2 data-start=\"927\" data-end=\"949\">Co je 5FUR-144?<\/h2>\n<p data-start=\"951\" data-end=\"1239\"><strong data-start=\"951\" data-end=\"963\">5FUR-144<\/strong> (zn\u00e1m\u00fd tak\u00e9 jako 5F-UR-144) je syntetick\u00fd kanabinoid ze skupiny slou\u010denin na b\u00e1zi indolu. Byl vyvinut tak, aby napodoboval strukturu a \u00fa\u010dinky p\u0159\u00edrodn\u00edch kanabinoid\u016f, jako je THC, ale se zv\u00fd\u0161enou stabilitou a \u0159\u00edzenou vazbou na receptory.<\/p>\n<p data-start=\"1241\" data-end=\"1528\">Tato chemick\u00e1 slou\u010denina interaguje s receptory CB1 a CB2 lidsk\u00e9ho nervov\u00e9ho syst\u00e9mu, a proto je zvl\u00e1\u0161t\u011b zaj\u00edmav\u00e1 pro v\u00fdzkumn\u00edky, kte\u0159\u00ed se zab\u00fdvaj\u00ed. <strong data-start=\"1395\" data-end=\"1429\">Mechanismy p\u0159enosu sign\u00e1lu<\/strong>, <strong data-start=\"1431\" data-end=\"1454\">P\u0159\u00edbuznost receptor\u016f<\/strong> a <strong data-start=\"1459\" data-end=\"1487\">molekul\u00e1rn\u00ed interakce<\/strong> v endokanabinoidn\u00edm syst\u00e9mu.<\/p>\n<p data-start=\"1530\" data-end=\"1705\">D\u00edky sv\u00e9 specifick\u00e9 chemick\u00e9 struktu\u0159e nab\u00edz\u00ed 5FUR-144 v\u011bdc\u016fm spolehliv\u00fd model pro zkoum\u00e1n\u00ed fyziologick\u00fdch \u00fa\u010dink\u016f syntetick\u00fdch kanabinoid\u016f.<\/p>\n<h2 data-start=\"1712\" data-end=\"1740\">Chemick\u00e9 vlastnosti<\/h2>\n<ul data-start=\"1742\" data-end=\"2095\">\n<li data-start=\"1742\" data-end=\"1842\">\n<p data-start=\"1744\" data-end=\"1842\"><strong data-start=\"1744\" data-end=\"1764\">Chemick\u00fd n\u00e1zev:<\/strong> (1-(5-fluoropentyl)-1H-indol-3-yl)(2,2,3,3-tetramethylcyklopropyl)methanon<\/p>\n<\/li>\n<li data-start=\"1843\" data-end=\"1875\">\n<p data-start=\"1845\" data-end=\"1875\"><strong data-start=\"1845\" data-end=\"1863\">Molekul\u00e1rn\u00ed vzorec:<\/strong> C22H28FNO<\/p>\n<\/li>\n<li data-start=\"1876\" data-end=\"1914\">\n<p data-start=\"1878\" data-end=\"1914\"><strong data-start=\"1878\" data-end=\"1899\">Molekulov\u00e1 hmotnost:<\/strong> 341,47 g\/mol<\/p>\n<\/li>\n<li data-start=\"1915\" data-end=\"1968\">\n<p data-start=\"1917\" data-end=\"1968\"><strong data-start=\"1917\" data-end=\"1933\">Vzhled:<\/strong> Jemn\u00fd, b\u00edl\u00fd a\u017e b\u00e9\u017eov\u00fd pr\u00e1\u0161ek<\/p>\n<\/li>\n<li data-start=\"1969\" data-end=\"2007\">\n<p data-start=\"1971\" data-end=\"2007\"><strong data-start=\"1971\" data-end=\"1984\">\u010cistota:<\/strong> \u226598 % (testov\u00e1no pomoc\u00ed HPLC)<\/p>\n<\/li>\n<li data-start=\"2008\" data-end=\"2095\">\n<p data-start=\"2010\" data-end=\"2095\"><strong data-start=\"2010\" data-end=\"2025\">Stabilita:<\/strong> Stabiln\u00ed p\u0159i skladov\u00e1n\u00ed na chladn\u00e9m a such\u00e9m m\u00edst\u011b mimo dosah sv\u011btla.<\/p>\n<\/li>\n<\/ul>\n<p data-start=\"2097\" data-end=\"2263\">Ka\u017ed\u00e1 \u0161ar\u017ee je komplexn\u011b analyzov\u00e1na a ozna\u010dena \u0161t\u00edtkem s <strong data-start=\"2149\" data-end=\"2182\">Certifik\u00e1t o anal\u00fdze (COA)<\/strong> dodan\u00e9 za \u00fa\u010delem potvrzen\u00ed \u010distoty, chemick\u00e9 struktury a koncentrace.<\/p>\n<h2 data-start=\"2270\" data-end=\"2296\">V\u00fdzkumn\u00e9 aplikace<\/h2>\n<p data-start=\"2298\" data-end=\"2610\"><strong data-start=\"2298\" data-end=\"2310\">5FUR-144<\/strong> se pou\u017e\u00edv\u00e1 v\u00fdhradn\u011b ve v\u011bdeck\u00fdch laborato\u0159\u00edch a je <strong data-start=\"2380\" data-end=\"2426\">nejsou ur\u010deny k lidsk\u00e9 spot\u0159eb\u011b<\/strong>. Poskytuje v\u00fdzkumn\u00edk\u016fm spolehliv\u00fd n\u00e1stroj pro zkoum\u00e1n\u00ed vazby na receptory, fyziologick\u00fdch proces\u016f a mo\u017en\u00fdch terapeutick\u00fdch \u00fa\u010dink\u016f syntetick\u00fdch kanabinoid\u016f.<\/p>\n<p data-start=\"2612\" data-end=\"2662\">Mezi nejd\u016fle\u017eit\u011bj\u0161\u00ed v\u00fdzkumn\u00e9 aplikace pat\u0159\u00ed<\/p>\n<ul data-start=\"2664\" data-end=\"3097\">\n<li data-start=\"2664\" data-end=\"2738\">\n<p data-start=\"2666\" data-end=\"2738\"><strong data-start=\"2666\" data-end=\"2695\">Farmakologick\u00e9 studie:<\/strong> Anal\u00fdza vazby receptor\u016f CB1 a CB2<\/p>\n<\/li>\n<li data-start=\"2739\" data-end=\"2833\">\n<p data-start=\"2741\" data-end=\"2833\"><strong data-start=\"2741\" data-end=\"2775\">Toxikologick\u00e9 testy:<\/strong> Srovn\u00e1vac\u00ed hodnocen\u00ed syntetick\u00fdch kanabinoid\u016f<\/p>\n<\/li>\n<li data-start=\"2834\" data-end=\"2931\">\n<p data-start=\"2836\" data-end=\"2931\"><strong data-start=\"2836\" data-end=\"2870\">Analytick\u00e9 referen\u010dn\u00ed standardy:<\/strong> V\u00fdvoj detek\u010dn\u00edch metod pro forenzn\u00ed anal\u00fdzy<\/p>\n<\/li>\n<li data-start=\"2932\" data-end=\"3016\">\n<p data-start=\"2934\" data-end=\"3016\"><strong data-start=\"2934\" data-end=\"2963\">Neurochemick\u00fd v\u00fdzkum:<\/strong> Zkoum\u00e1n\u00ed p\u0159enosu sign\u00e1l\u016f v nervov\u00e9m syst\u00e9mu<\/p>\n<\/li>\n<li data-start=\"3017\" data-end=\"3097\">\n<p data-start=\"3019\" data-end=\"3097\"><strong data-start=\"3019\" data-end=\"3041\">Srovn\u00e1vac\u00ed studie:<\/strong> Hodnocen\u00ed \u00fa\u010dink\u016f ve vztahu k THC a UR-144<\/p>\n<\/li>\n<\/ul>\n<p data-start=\"3099\" data-end=\"3218\">D\u00edky t\u011bmto v\u0161estrann\u00fdm aplikac\u00edm je 5FUR-144 nepostradatelnou sou\u010d\u00e1st\u00ed modern\u00edho v\u00fdzkumu kanabinoid\u016f.<\/p>\n<h2 data-start=\"3225\" data-end=\"3263\">Bezpe\u010dnostn\u00ed pokyny a n\u00e1vod k pou\u017eit\u00ed<\/h2>\n<p data-start=\"3265\" data-end=\"3475\">L\u00e1tka <strong data-start=\"3278\" data-end=\"3290\">5FUR-144<\/strong> sm\u00ed pou\u017e\u00edvat pouze kvalifikovan\u00fd person\u00e1l v kontrolovan\u00e9m laboratorn\u00edm prost\u0159ed\u00ed. Je <strong data-start=\"3392\" data-end=\"3421\">nen\u00ed ur\u010deno k lidsk\u00e9 spot\u0159eb\u011b<\/strong> a povoleno pouze pro v\u00fdzkumn\u00e9 \u00fa\u010dely.<\/p>\n<p data-start=\"3477\" data-end=\"3548\">P\u0159i manipulaci je t\u0159eba dodr\u017eovat n\u00e1sleduj\u00edc\u00ed bezpe\u010dnostn\u00ed opat\u0159en\u00ed:<\/p>\n<ul data-start=\"3549\" data-end=\"3800\">\n<li data-start=\"3549\" data-end=\"3631\">\n<p data-start=\"3551\" data-end=\"3631\">Pou\u017e\u00edv\u00e1n\u00ed vhodn\u00fdch ochrann\u00fdch pom\u016fcek (laboratorn\u00ed pl\u00e1\u0161\u0165, rukavice, ochrann\u00e9 br\u00fdle).<\/p>\n<\/li>\n<li data-start=\"3632\" data-end=\"3673\">\n<p data-start=\"3634\" data-end=\"3673\">Pr\u00e1ce pod digesto\u0159\u00ed s chemik\u00e1liemi<\/p>\n<\/li>\n<li data-start=\"3674\" data-end=\"3740\">\n<p data-start=\"3676\" data-end=\"3740\">Skladujte ve vzduchot\u011bsn\u00fdch n\u00e1dob\u00e1ch chr\u00e1n\u011bn\u00fdch p\u0159ed sv\u011btlem p\u0159i teplot\u011b 2-8 \u00b0C.<\/p>\n<\/li>\n<li data-start=\"3741\" data-end=\"3800\">\n<p data-start=\"3743\" data-end=\"3800\">P\u0159\u00edsn\u00e1 dokumentace pou\u017eit\u00ed podle standard\u016f SLP<\/p>\n<\/li>\n<\/ul>\n<p data-start=\"3802\" data-end=\"3900\">Tato opat\u0159en\u00ed zaji\u0161\u0165uj\u00ed bezpe\u010dnost a zabra\u0148uj\u00ed chemick\u00e9 kontaminaci nebo rozkladu.<\/p>\n<h2 data-start=\"3907\" data-end=\"3950\">V\u00fdhody n\u00e1kupu 5FUR-144 online<\/h2>\n<p data-start=\"3952\" data-end=\"4088\">V\u00fdzkumn\u00edci, kte\u0159\u00ed <strong data-start=\"3966\" data-end=\"3992\">Koupit 5FUR-144 online<\/strong>, t\u011b\u017eit z testovan\u00e9 laboratorn\u00ed kvality, transparentn\u00edch cen a bezpe\u010dn\u00e9 p\u0159epravy.<\/p>\n<h3 data-start=\"4090\" data-end=\"4122\">P\u0159ehled hlavn\u00edch v\u00fdhod<\/h3>\n<ul data-start=\"4123\" data-end=\"4540\">\n<li data-start=\"4123\" data-end=\"4189\">\n<p data-start=\"4125\" data-end=\"4189\"><strong data-start=\"4125\" data-end=\"4152\">Testovan\u00e1 laboratorn\u00ed kvalita:<\/strong> \u010cistota \u226598 %, s certifik\u00e1tem COA<\/p>\n<\/li>\n<li data-start=\"4190\" data-end=\"4285\">\n<p data-start=\"4192\" data-end=\"4285\"><strong data-start=\"4192\" data-end=\"4225\">Transparentn\u00ed 5FUR-144 cena:<\/strong> Jasn\u011b srozumiteln\u00e1 struktura cen pro v\u00fdzkumn\u00e9 rozpo\u010dty<\/p>\n<\/li>\n<li data-start=\"4286\" data-end=\"4379\">\n<p data-start=\"4288\" data-end=\"4379\"><strong data-start=\"4288\" data-end=\"4316\">Dostupnost velk\u00e9ho mno\u017estv\u00ed:<\/strong> Mo\u017enost, <strong data-start=\"4330\" data-end=\"4359\">koupit levn\u011b 5FUR-144 online<\/strong> pro laboratorn\u00ed projekty<\/p>\n<\/li>\n<li data-start=\"4380\" data-end=\"4453\">\n<p data-start=\"4382\" data-end=\"4453\"><strong data-start=\"4382\" data-end=\"4404\">Diskr\u00e9tn\u00ed p\u0159eprava:<\/strong> Neutr\u00e1ln\u00ed balen\u00ed, rychl\u00e9 a bezpe\u010dn\u00e9 doru\u010den\u00ed<\/p>\n<\/li>\n<li data-start=\"4454\" data-end=\"4540\">\n<p data-start=\"4456\" data-end=\"4540\"><strong data-start=\"4456\" data-end=\"4482\">Certifikovan\u00ed prodejci:<\/strong> Pouze certifikovan\u00ed dodavatel\u00e9 s ov\u011b\u0159itelnou kvalitou v\u00fdrobk\u016f<\/p>\n<\/li>\n<\/ul>\n<p data-start=\"4542\" data-end=\"4736\">Na str\u00e1nk\u00e1ch <strong data-start=\"4546\" data-end=\"4583\">Nejlep\u0161\u00ed m\u00edsto pro n\u00e1kup 5FUR-144<\/strong>, nab\u00edz\u00ed nejen vysoce kvalitn\u00ed laboratorn\u00ed standardy, ale tak\u00e9 servis a diskr\u00e9tnost, co\u017e je pro v\u00fdzkumn\u00e9 instituce a akademick\u00e9 projekty z\u00e1sadn\u00ed.<\/p>\n<h2 data-start=\"4743\" data-end=\"4771\">Cena a dostupnost<\/h2>\n<p data-start=\"4773\" data-end=\"4973\">Na str\u00e1nk\u00e1ch <strong data-start=\"4777\" data-end=\"4795\">5FUR-144 Cena<\/strong> z\u00e1vis\u00ed na \u010distot\u011b, objednan\u00e9m mno\u017estv\u00ed a zemi dod\u00e1n\u00ed. V\u00fdzkumn\u00e9 instituce si mohou objednat <strong data-start=\"4883\" data-end=\"4916\">Slevy pro hromadn\u00e9 objedn\u00e1vky<\/strong> p\u0159\u00ednos, zejm\u00e9na u dlouhodob\u00fdch projekt\u016f.<\/p>\n<p data-start=\"4975\" data-end=\"5199\">Renomovan\u00ed poskytovatel\u00e9 dod\u00e1vaj\u00ed v r\u00e1mci <strong data-start=\"5014\" data-end=\"5031\">1-3 pracovn\u00ed dny<\/strong>, voliteln\u011b na <strong data-start=\"5046\" data-end=\"5070\">Expresn\u00ed doru\u010den\u00ed (24 hodin)<\/strong>. Diskr\u00e9tn\u00ed odesl\u00e1n\u00ed po <strong data-start=\"5105\" data-end=\"5151\">N\u011bmecko, Rakousko a \u0160v\u00fdcarsko<\/strong>, neutr\u00e1ln\u011b zabalen\u00e9 a se sledov\u00e1n\u00edm z\u00e1silky.<\/p>\n<h2 data-start=\"5206\" data-end=\"5230\">Pr\u00e1vn\u00ed upozorn\u011bn\u00ed<\/h2>\n<p data-start=\"5232\" data-end=\"5490\">Pr\u00e1vn\u00ed kategorizace <strong data-start=\"5262\" data-end=\"5274\">5FUR-144<\/strong> se v mezin\u00e1rodn\u00edm m\u011b\u0159\u00edtku li\u0161\u00ed. V N\u011bmecku spad\u00e1 pod <strong data-start=\"5343\" data-end=\"5385\">Z\u00e1kon o nov\u00fdch psychoaktivn\u00edch l\u00e1tk\u00e1ch (NpSG)<\/strong> a proto je <strong data-start=\"5400\" data-end=\"5429\">Povoleno pouze pro v\u00fdzkum<\/strong>. Podobn\u00e9 p\u0159edpisy plat\u00ed ve \u0160v\u00fdcarsku a Rakousku.<\/p>\n<p data-start=\"5492\" data-end=\"5639\">Kupuj\u00edc\u00ed se mus\u00ed ujistit, \u017ee n\u00e1kup a pou\u017eit\u00ed 5FUR-144 je v jejich zemi leg\u00e1ln\u00ed pouze pro v\u011bdeck\u00e9 \u00fa\u010dely.<\/p>\n<h3 data-start=\"2274\" data-end=\"2284\">Z\u00e1v\u011br<\/h3>\n<p data-start=\"2286\" data-end=\"2712\">Pokud si chcete koupit 5Fur-144 online, nezapome\u0148te si pe\u010dliv\u011b ov\u011b\u0159it, kde 5Fur-144 koupit, a porovnat cenu 5Fur-144 od renomovan\u00fdch prodejc\u016f. Nejlep\u0161\u00edm m\u00edstem pro n\u00e1kup 5Fur-144 jsou pouze dodavatel\u00e9, kte\u0159\u00ed zaru\u010duj\u00ed testovanou \u010distotu. A\u0165 u\u017e si chcete objednat prav\u00fd nebo fale\u0161n\u00fd 5Fur-144 pro testovac\u00ed \u00fa\u010dely, nebo si koupit levn\u00fd 5Fur-144 online pro v\u011bt\u0161\u00ed v\u00fdzkumn\u00e9 projekty \u2013 zde se po\u010d\u00edt\u00e1 kvalita a spolehlivost.<\/p>","protected":false},"excerpt":{"rendered":"<p><strong>5F-UR-144<\/strong> je syntetick\u00fd kanabinoid, kter\u00fd byl vyvinut pro v\u011bdeck\u00fd v\u00fdzkum zam\u011b\u0159en\u00fd na studium vlivu na endokanabinoidn\u00ed syst\u00e9m. Je nab\u00edzen v\u00fdhradn\u011b pro v\u00fdzkumn\u00e9 \u00fa\u010dely a nen\u00ed vhodn\u00fd pro lidskou spot\u0159ebu.<\/p>","protected":false},"featured_media":7512,"comment_status":"open","ping_status":"closed","template":"","meta":{"_joinchat":[]},"product_brand":[],"product_cat":[1805],"product_tag":[2019,2025,2020,2023,2024,2022,2021,188,1814,333],"class_list":{"0":"post-7482","1":"product","2":"type-product","3":"status-publish","4":"has-post-thumbnail","6":"product_cat-indazol-basiert","7":"product_tag-5fur-144","8":"product_tag-5fur-144-chemikalien","9":"product_tag-5fur-144-kaufen","10":"product_tag-5fur-144-kristalle","11":"product_tag-5fur-144-online","12":"product_tag-5fur-144-pulver","13":"product_tag-5fur-144-zum-verkauf","14":"product_tag-forschungschemikalien","15":"product_tag-forschungsstoffe-kaufen","16":"product_tag-synthetische-cannabinoide","18":"first","19":"instock","20":"shipping-taxable","21":"purchasable","22":"product-type-variable"},"yoast_head":"<!-- This site is optimized with the Yoast SEO plugin v27.5 - https:\/\/yoast.com\/product\/yoast-seo-wordpress\/ -->\n<title>5Fur-144 online kaufen \u2013 5Fur-144 zu verkaufen | chemgramx<\/title>\n<meta name=\"description\" content=\"Sie k\u00f6nnen 5Fur-144 in unserem Online-Shop kaufen und es problemlos bis an Ihre Haust\u00fcr geliefert bekommen. Wir helfen Ihnen, 5Fur-144 online zu kaufen. Geben Sie einfach jetzt Ihre Bestellung auf!\" \/>\n<meta name=\"robots\" content=\"index, follow, max-snippet:-1, max-image-preview:large, max-video-preview:-1\" \/>\n<link rel=\"canonical\" href=\"https:\/\/chemgramx.com\/cs\/produkt-1\/5fur-144-online-objednavka\/\" \/>\n<meta property=\"og:locale\" content=\"cs_CZ\" \/>\n<meta property=\"og:type\" content=\"article\" \/>\n<meta property=\"og:title\" content=\"5Fur-144 online kaufen \u2013 5Fur-144 zu verkaufen | chemgramx\" \/>\n<meta property=\"og:description\" content=\"Sie k\u00f6nnen 5Fur-144 in unserem Online-Shop kaufen und es problemlos bis an Ihre Haust\u00fcr geliefert bekommen. Wir helfen Ihnen, 5Fur-144 online zu kaufen. Geben Sie einfach jetzt Ihre Bestellung auf!\" \/>\n<meta property=\"og:url\" content=\"https:\/\/chemgramx.com\/cs\/produkt-1\/5fur-144-online-objednavka\/\" \/>\n<meta property=\"og:site_name\" content=\"Chemgramx\" \/>\n<meta property=\"article:modified_time\" content=\"2025-11-21T11:17:54+00:00\" \/>\n<meta property=\"og:image\" content=\"https:\/\/chemgramx.com\/wp-content\/uploads\/2025\/11\/5fur144.png\" \/>\n\t<meta property=\"og:image:width\" content=\"600\" \/>\n\t<meta property=\"og:image:height\" content=\"400\" \/>\n\t<meta property=\"og:image:type\" content=\"image\/png\" \/>\n<meta name=\"twitter:card\" content=\"summary_large_image\" \/>\n<meta name=\"twitter:label1\" content=\"Odhadovan\u00e1 doba \u010dten\u00ed\" \/>\n\t<meta name=\"twitter:data1\" content=\"3 minuty\" \/>\n<script type=\"application\/ld+json\" class=\"yoast-schema-graph\">{\"@context\":\"https:\\\/\\\/schema.org\",\"@graph\":[{\"@type\":\"WebPage\",\"@id\":\"https:\\\/\\\/chemgramx.com\\\/product\\\/5fur-144-online-bestellung\\\/\",\"url\":\"https:\\\/\\\/chemgramx.com\\\/product\\\/5fur-144-online-bestellung\\\/\",\"name\":\"5Fur-144 online kaufen \u2013 5Fur-144 zu verkaufen | chemgramx\",\"isPartOf\":{\"@id\":\"https:\\\/\\\/chemgramx.com\\\/#website\"},\"primaryImageOfPage\":{\"@id\":\"https:\\\/\\\/chemgramx.com\\\/product\\\/5fur-144-online-bestellung\\\/#primaryimage\"},\"image\":{\"@id\":\"https:\\\/\\\/chemgramx.com\\\/product\\\/5fur-144-online-bestellung\\\/#primaryimage\"},\"thumbnailUrl\":\"https:\\\/\\\/chemgramx.com\\\/wp-content\\\/uploads\\\/2025\\\/11\\\/5fur144.png\",\"datePublished\":\"2025-11-21T11:17:30+00:00\",\"dateModified\":\"2025-11-21T11:17:54+00:00\",\"description\":\"Sie k\u00f6nnen 5Fur-144 in unserem Online-Shop kaufen und es problemlos bis an Ihre Haust\u00fcr geliefert bekommen. Wir helfen Ihnen, 5Fur-144 online zu kaufen. Geben Sie einfach jetzt Ihre Bestellung auf!\",\"breadcrumb\":{\"@id\":\"https:\\\/\\\/chemgramx.com\\\/product\\\/5fur-144-online-bestellung\\\/#breadcrumb\"},\"inLanguage\":\"cs\",\"potentialAction\":[{\"@type\":\"ReadAction\",\"target\":[\"https:\\\/\\\/chemgramx.com\\\/product\\\/5fur-144-online-bestellung\\\/\"]}]},{\"@type\":\"ImageObject\",\"inLanguage\":\"cs\",\"@id\":\"https:\\\/\\\/chemgramx.com\\\/product\\\/5fur-144-online-bestellung\\\/#primaryimage\",\"url\":\"https:\\\/\\\/chemgramx.com\\\/wp-content\\\/uploads\\\/2025\\\/11\\\/5fur144.png\",\"contentUrl\":\"https:\\\/\\\/chemgramx.com\\\/wp-content\\\/uploads\\\/2025\\\/11\\\/5fur144.png\",\"width\":600,\"height\":400},{\"@type\":\"BreadcrumbList\",\"@id\":\"https:\\\/\\\/chemgramx.com\\\/product\\\/5fur-144-online-bestellung\\\/#breadcrumb\",\"itemListElement\":[{\"@type\":\"ListItem\",\"position\":1,\"name\":\"Home\",\"item\":\"https:\\\/\\\/chemgramx.com\\\/\"},{\"@type\":\"ListItem\",\"position\":2,\"name\":\"Shop\",\"item\":\"https:\\\/\\\/chemgramx.com\\\/shop\\\/\"},{\"@type\":\"ListItem\",\"position\":3,\"name\":\"5Fur-144 online bestellung\"}]},{\"@type\":\"WebSite\",\"@id\":\"https:\\\/\\\/chemgramx.com\\\/#website\",\"url\":\"https:\\\/\\\/chemgramx.com\\\/\",\"name\":\"Chemgramx\",\"description\":\"\",\"publisher\":{\"@id\":\"https:\\\/\\\/chemgramx.com\\\/#organization\"},\"potentialAction\":[{\"@type\":\"SearchAction\",\"target\":{\"@type\":\"EntryPoint\",\"urlTemplate\":\"https:\\\/\\\/chemgramx.com\\\/?s={search_term_string}\"},\"query-input\":{\"@type\":\"PropertyValueSpecification\",\"valueRequired\":true,\"valueName\":\"search_term_string\"}}],\"inLanguage\":\"cs\"},{\"@type\":\"Organization\",\"@id\":\"https:\\\/\\\/chemgramx.com\\\/#organization\",\"name\":\"Chemgramx\",\"url\":\"https:\\\/\\\/chemgramx.com\\\/\",\"logo\":{\"@type\":\"ImageObject\",\"inLanguage\":\"cs\",\"@id\":\"https:\\\/\\\/chemgramx.com\\\/#\\\/schema\\\/logo\\\/image\\\/\",\"url\":\"https:\\\/\\\/chemgramx.com\\\/wp-content\\\/uploads\\\/2024\\\/10\\\/final-logo.png\",\"contentUrl\":\"https:\\\/\\\/chemgramx.com\\\/wp-content\\\/uploads\\\/2024\\\/10\\\/final-logo.png\",\"width\":250,\"height\":48,\"caption\":\"Chemgramx\"},\"image\":{\"@id\":\"https:\\\/\\\/chemgramx.com\\\/#\\\/schema\\\/logo\\\/image\\\/\"}}]}<\/script>\n<!-- \/ Yoast SEO plugin. -->","yoast_head_json":{"title":"Kupte si 5Fur-144 online \u2013 5Fur-144 na prodej | chemgramx","description":"5Fur-144 si m\u016f\u017eete koupit v na\u0161em internetov\u00e9m obchod\u011b a nechat si ho bez probl\u00e9m\u016f doru\u010dit a\u017e ke dve\u0159\u00edm. Pom\u016f\u017eeme v\u00e1m s n\u00e1kupem 5Fur-144 online. Jednodu\u0161e si objednejte hned te\u010f!","robots":{"index":"index","follow":"follow","max-snippet":"max-snippet:-1","max-image-preview":"max-image-preview:large","max-video-preview":"max-video-preview:-1"},"canonical":"https:\/\/chemgramx.com\/cs\/produkt-1\/5fur-144-online-objednavka\/","og_locale":"cs_CZ","og_type":"article","og_title":"5Fur-144 online kaufen \u2013 5Fur-144 zu verkaufen | chemgramx","og_description":"Sie k\u00f6nnen 5Fur-144 in unserem Online-Shop kaufen und es problemlos bis an Ihre Haust\u00fcr geliefert bekommen. Wir helfen Ihnen, 5Fur-144 online zu kaufen. Geben Sie einfach jetzt Ihre Bestellung auf!","og_url":"https:\/\/chemgramx.com\/cs\/produkt-1\/5fur-144-online-objednavka\/","og_site_name":"Chemgramx","article_modified_time":"2025-11-21T11:17:54+00:00","og_image":[{"width":600,"height":400,"url":"https:\/\/chemgramx.com\/wp-content\/uploads\/2025\/11\/5fur144.png","type":"image\/png"}],"twitter_card":"summary_large_image","twitter_misc":{"Odhadovan\u00e1 doba \u010dten\u00ed":"3 minuty"},"schema":{"@context":"https:\/\/schema.org","@graph":[{"@type":"WebPage","@id":"https:\/\/chemgramx.com\/product\/5fur-144-online-bestellung\/","url":"https:\/\/chemgramx.com\/product\/5fur-144-online-bestellung\/","name":"Kupte si 5Fur-144 online \u2013 5Fur-144 na prodej | chemgramx","isPartOf":{"@id":"https:\/\/chemgramx.com\/#website"},"primaryImageOfPage":{"@id":"https:\/\/chemgramx.com\/product\/5fur-144-online-bestellung\/#primaryimage"},"image":{"@id":"https:\/\/chemgramx.com\/product\/5fur-144-online-bestellung\/#primaryimage"},"thumbnailUrl":"https:\/\/chemgramx.com\/wp-content\/uploads\/2025\/11\/5fur144.png","datePublished":"2025-11-21T11:17:30+00:00","dateModified":"2025-11-21T11:17:54+00:00","description":"5Fur-144 si m\u016f\u017eete koupit v na\u0161em internetov\u00e9m obchod\u011b a nechat si ho bez probl\u00e9m\u016f doru\u010dit a\u017e ke dve\u0159\u00edm. Pom\u016f\u017eeme v\u00e1m s n\u00e1kupem 5Fur-144 online. Jednodu\u0161e si objednejte hned te\u010f!","breadcrumb":{"@id":"https:\/\/chemgramx.com\/product\/5fur-144-online-bestellung\/#breadcrumb"},"inLanguage":"cs","potentialAction":[{"@type":"ReadAction","target":["https:\/\/chemgramx.com\/product\/5fur-144-online-bestellung\/"]}]},{"@type":"ImageObject","inLanguage":"cs","@id":"https:\/\/chemgramx.com\/product\/5fur-144-online-bestellung\/#primaryimage","url":"https:\/\/chemgramx.com\/wp-content\/uploads\/2025\/11\/5fur144.png","contentUrl":"https:\/\/chemgramx.com\/wp-content\/uploads\/2025\/11\/5fur144.png","width":600,"height":400},{"@type":"BreadcrumbList","@id":"https:\/\/chemgramx.com\/product\/5fur-144-online-bestellung\/#breadcrumb","itemListElement":[{"@type":"ListItem","position":1,"name":"Home","item":"https:\/\/chemgramx.com\/"},{"@type":"ListItem","position":2,"name":"Shop","item":"https:\/\/chemgramx.com\/shop\/"},{"@type":"ListItem","position":3,"name":"5Fur-144 online bestellung"}]},{"@type":"WebSite","@id":"https:\/\/chemgramx.com\/#website","url":"https:\/\/chemgramx.com\/","name":"Chemgramx","description":"","publisher":{"@id":"https:\/\/chemgramx.com\/#organization"},"potentialAction":[{"@type":"SearchAction","target":{"@type":"EntryPoint","urlTemplate":"https:\/\/chemgramx.com\/?s={search_term_string}"},"query-input":{"@type":"PropertyValueSpecification","valueRequired":true,"valueName":"search_term_string"}}],"inLanguage":"cs"},{"@type":"Organization","@id":"https:\/\/chemgramx.com\/#organization","name":"Chemgramx","url":"https:\/\/chemgramx.com\/","logo":{"@type":"ImageObject","inLanguage":"cs","@id":"https:\/\/chemgramx.com\/#\/schema\/logo\/image\/","url":"https:\/\/chemgramx.com\/wp-content\/uploads\/2024\/10\/final-logo.png","contentUrl":"https:\/\/chemgramx.com\/wp-content\/uploads\/2024\/10\/final-logo.png","width":250,"height":48,"caption":"Chemgramx"},"image":{"@id":"https:\/\/chemgramx.com\/#\/schema\/logo\/image\/"}}]}},"_links":{"self":[{"href":"https:\/\/chemgramx.com\/cs\/wp-json\/wp\/v2\/product\/7482","targetHints":{"allow":["GET"]}}],"collection":[{"href":"https:\/\/chemgramx.com\/cs\/wp-json\/wp\/v2\/product"}],"about":[{"href":"https:\/\/chemgramx.com\/cs\/wp-json\/wp\/v2\/types\/product"}],"replies":[{"embeddable":true,"href":"https:\/\/chemgramx.com\/cs\/wp-json\/wp\/v2\/comments?post=7482"}],"wp:featuredmedia":[{"embeddable":true,"href":"https:\/\/chemgramx.com\/cs\/wp-json\/wp\/v2\/media\/7512"}],"wp:attachment":[{"href":"https:\/\/chemgramx.com\/cs\/wp-json\/wp\/v2\/media?parent=7482"}],"wp:term":[{"taxonomy":"product_brand","embeddable":true,"href":"https:\/\/chemgramx.com\/cs\/wp-json\/wp\/v2\/product_brand?post=7482"},{"taxonomy":"product_cat","embeddable":true,"href":"https:\/\/chemgramx.com\/cs\/wp-json\/wp\/v2\/product_cat?post=7482"},{"taxonomy":"product_tag","embeddable":true,"href":"https:\/\/chemgramx.com\/cs\/wp-json\/wp\/v2\/product_tag?post=7482"}],"curies":[{"name":"wp","href":"https:\/\/api.w.org\/{rel}","templated":true}]}}