{"id":7484,"date":"2025-11-21T11:17:30","date_gmt":"2025-11-21T11:17:30","guid":{"rendered":"https:\/\/chemgramx.com\/?post_type=product&#038;p=7484"},"modified":"2025-11-21T11:18:24","modified_gmt":"2025-11-21T11:18:24","slug":"bb-22-online-objednavka","status":"publish","type":"product","link":"https:\/\/chemgramx.com\/cs\/product\/bb-22-online-bestellung\/","title":{"rendered":"BB-22 online objedn\u00e1vka"},"content":{"rendered":"<p data-start=\"113\" data-end=\"495\"><strong data-start=\"113\" data-end=\"122\">BB-22<\/strong> je modern\u00ed syntetick\u00fd kanabinoid, kter\u00fd se pou\u017e\u00edv\u00e1 v modern\u00edm farmakologick\u00e9m v\u00fdzkumu ke studiu interakc\u00ed mezi kanabinoidy a lidsk\u00fdmi kanabinoidn\u00edmi receptory CB1 a CB2. Pat\u0159\u00ed k nov\u011bj\u0161\u00ed generaci v\u00fdzkumn\u00fdch chemick\u00fdch l\u00e1tek vyvinut\u00fdch pro p\u0159esn\u00e9 laboratorn\u00ed anal\u00fdzy a experiment\u00e1ln\u00ed studie.<\/p>\n<p data-start=\"497\" data-end=\"973\">St\u00e1le v\u00edce v\u00fdzkumn\u00fdch instituc\u00ed a laborato\u0159\u00ed hled\u00e1 spolehliv\u00e9 zdroje pro <strong data-start=\"581\" data-end=\"604\">Koupit BB-22 online<\/strong> um\u011bt. Stejn\u011b jako <em data-start=\"624\" data-end=\"653\">prav\u00fd nebo fale\u0161n\u00fd BB-22 na prodej<\/em> m\u016f\u017ee b\u00fdt v ob\u011bhu, je pro zaji\u0161t\u011bn\u00ed pravosti a \u010distoty z\u00e1sadn\u00ed v\u00fdb\u011br testovan\u00e9ho a certifikovan\u00e9ho zdroje. <a href=\"\/product\/kaufen-sie-kokain-online\/\">zajistit<\/a>. V\u011bdci, kte\u0159\u00ed si kladou ot\u00e1zku, <em data-start=\"825\" data-end=\"845\">kde koupit BB-22<\/em>, v\u011bnujte pozornost <strong data-start=\"864\" data-end=\"879\">BB-22 Cena<\/strong> zejm\u00e9na na transparentn\u00ed laboratorn\u00ed zpr\u00e1vy, certifik\u00e1ty COA a spolehliv\u00e9 dodac\u00ed podm\u00ednky.<\/p>\n<h2 data-start=\"980\" data-end=\"999\">Co je BB-22?<\/h2>\n<p data-start=\"1001\" data-end=\"1316\"><strong data-start=\"1001\" data-end=\"1010\">BB-22<\/strong> (chemick\u00fd n\u00e1zev: chinolin-8-yl 1-(cyklohexylmethyl)-1H-indol-3-karboxyl\u00e1t) je syntetick\u00fd kanabinoid, kter\u00fd p\u016fsob\u00ed jako agonista kanabinoidn\u00edch receptor\u016f. Tyto receptory hraj\u00ed d\u016fle\u017eitou roli ve fyziologick\u00fdch procesech, jako je vn\u00edm\u00e1n\u00ed bolesti, n\u00e1lada, chu\u0165 k j\u00eddlu a z\u00e1n\u011btliv\u00e9 reakce.<\/p>\n<p data-start=\"1318\" data-end=\"1671\">D\u00edky sv\u00e9 molekul\u00e1rn\u00ed struktu\u0159e se BB-22 v\u00e1\u017ee s vysokou afinitou na receptory CB1 a CB2, co\u017e z n\u011bj \u010din\u00ed cenn\u00fd n\u00e1stroj v biochemick\u00e9m v\u00fdzkumu. Pou\u017e\u00edv\u00e1 se k pochopen\u00ed mechanism\u016f aktivace receptor\u016f, k z\u00edsk\u00e1n\u00ed nov\u00fdch farmakologick\u00fdch poznatk\u016f a ke zkoum\u00e1n\u00ed potenci\u00e1ln\u00edch terapeutick\u00fdch aplikac\u00ed.<\/p>\n<p data-start=\"1673\" data-end=\"1943\">V porovn\u00e1n\u00ed se star\u0161\u00edmi kanabinoidy, jako je AM-2201 nebo JWH-018. <strong data-start=\"1743\" data-end=\"1752\">BB-22<\/strong> stabiln\u011bj\u0161\u00ed strukturu, vy\u0161\u0161\u00ed vazbu na receptory a jasn\u011b definovan\u00e9 farmakologick\u00e9 vlastnosti - jeden z d\u016fvod\u016f, pro\u010d se st\u00e1le \u010dast\u011bji pou\u017e\u00edv\u00e1 jako l\u00e9k. <strong data-start=\"1890\" data-end=\"1910\">Referen\u010dn\u00ed standard<\/strong> se pou\u017e\u00edv\u00e1 p\u0159i laboratorn\u00edch anal\u00fdz\u00e1ch.<\/p>\n<h2 data-start=\"1950\" data-end=\"1976\">V\u00fdzkumn\u00e9 aplikace<\/h2>\n<p data-start=\"1978\" data-end=\"2221\">L\u00e1tka <strong data-start=\"1991\" data-end=\"2000\">BB-22<\/strong> je ur\u010den v\u00fdhradn\u011b pro v\u011bdeck\u00e9 \u00fa\u010dely a nesm\u00ed b\u00fdt <strong data-start=\"2067\" data-end=\"2087\">ne <a href=\"\/product\/peruanisches-kokain-sicher-online-kaufen\/\">spot\u0159ebovan\u00e9<\/a><\/strong> b\u00fdt pou\u017eity. Pou\u017e\u00edv\u00e1 se v kontrolovan\u00e9m laboratorn\u00edm prost\u0159ed\u00ed ke zkoum\u00e1n\u00ed molekul\u00e1rn\u00edch proces\u016f v endokanabinoidn\u00edm syst\u00e9mu.<\/p>\n<p data-start=\"2223\" data-end=\"2273\">Mezi nej\u010dast\u011bj\u0161\u00ed v\u00fdzkumn\u00e9 aplikace pat\u0159\u00ed<\/p>\n<ul data-start=\"2274\" data-end=\"2628\">\n<li data-start=\"2274\" data-end=\"2350\">\n<p data-start=\"2276\" data-end=\"2350\"><strong data-start=\"2276\" data-end=\"2305\">Farmakologick\u00e9 studie:<\/strong> Anal\u00fdza aktivity receptor\u016f CB1 a CB2<\/p>\n<\/li>\n<li data-start=\"2351\" data-end=\"2442\">\n<p data-start=\"2353\" data-end=\"2442\"><strong data-start=\"2353\" data-end=\"2387\">Toxikologick\u00e9 testy:<\/strong> Hodnocen\u00ed mo\u017en\u00fdch vedlej\u0161\u00edch \u00fa\u010dink\u016f a produkt\u016f rozkladu<\/p>\n<\/li>\n<li data-start=\"2443\" data-end=\"2527\">\n<p data-start=\"2445\" data-end=\"2527\"><strong data-start=\"2445\" data-end=\"2467\">Srovn\u00e1vac\u00ed studie:<\/strong> Srovn\u00e1n\u00ed s jin\u00fdmi syntetick\u00fdmi kanabinoidy<\/p>\n<\/li>\n<li data-start=\"2528\" data-end=\"2628\">\n<p data-start=\"2530\" data-end=\"2628\"><strong data-start=\"2530\" data-end=\"2567\">V\u00fdvoj detek\u010dn\u00edch metod:<\/strong> V\u00fdvoj analytick\u00fdch standard\u016f pro laboratorn\u00ed a forenzn\u00ed testy<\/p>\n<\/li>\n<\/ul>\n<p data-start=\"2630\" data-end=\"2806\">D\u00edky t\u011bmto v\u00fdzkumn\u00fdm p\u0159\u00edstup\u016fm p\u0159isp\u00edv\u00e1 BB-22 k z\u00edsk\u00e1n\u00ed nov\u00fdch poznatk\u016f o interakc\u00edch kanabinoid\u016f a k lep\u0161\u00edmu pochopen\u00ed jejich mo\u017en\u00e9ho vyu\u017eit\u00ed v medic\u00edn\u011b.<\/p>\n<h2 data-start=\"2813\" data-end=\"2854\">Bezpe\u010dnostn\u00ed pokyny a pokyny pro manipulaci<\/h2>\n<p data-start=\"2856\" data-end=\"3070\"><strong data-start=\"2856\" data-end=\"2865\">BB-22<\/strong> sm\u00ed pou\u017e\u00edvat pouze v autorizovan\u00e9m laboratorn\u00edm prost\u0159ed\u00ed a vy\u0161kolen\u00fd person\u00e1l. Je <strong data-start=\"2966\" data-end=\"2995\">nen\u00ed ur\u010deno k lidsk\u00e9 spot\u0159eb\u011b<\/strong> a jsou ur\u010deny v\u00fdhradn\u011b pro analytick\u00e9 a experiment\u00e1ln\u00ed \u00fa\u010dely.<\/p>\n<p data-start=\"3072\" data-end=\"3168\">P\u0159i pr\u00e1ci s BB-22 plat\u00ed obecn\u00e9 bezpe\u010dnostn\u00ed normy pro chemick\u00fd v\u00fdzkum:<\/p>\n<ul data-start=\"3169\" data-end=\"3384\">\n<li data-start=\"3169\" data-end=\"3229\">\n<p data-start=\"3171\" data-end=\"3229\">Pou\u017e\u00edv\u00e1n\u00ed laboratorn\u00edho pl\u00e1\u0161t\u011b, rukavic a ochrann\u00fdch br\u00fdl\u00ed.<\/p>\n<\/li>\n<li data-start=\"3230\" data-end=\"3271\">\n<p data-start=\"3232\" data-end=\"3271\">Pr\u00e1ce pod digesto\u0159\u00ed s chemik\u00e1liemi<\/p>\n<\/li>\n<li data-start=\"3272\" data-end=\"3319\">\n<p data-start=\"3274\" data-end=\"3319\">Dokumentace vyu\u017eit\u00ed v laboratorn\u00edm protokolu<\/p>\n<\/li>\n<li data-start=\"3320\" data-end=\"3384\">\n<p data-start=\"3322\" data-end=\"3384\">Skladujte v chladn\u00fdch, such\u00fdch a p\u0159ed sv\u011btlem chr\u00e1n\u011bn\u00fdch n\u00e1dob\u00e1ch.<\/p>\n<\/li>\n<\/ul>\n<p data-start=\"3386\" data-end=\"3500\">Tyto pokyny zaji\u0161\u0165uj\u00ed bezpe\u010dnost zam\u011bstnanc\u016f a spolehlivost v\u00fdsledk\u016f v\u00fdzkumu.<\/p>\n<h2 data-start=\"3507\" data-end=\"3529\">Chemick\u00fd profil<\/h2>\n<ul data-start=\"3531\" data-end=\"3848\">\n<li data-start=\"3531\" data-end=\"3618\">\n<p data-start=\"3533\" data-end=\"3618\"><strong data-start=\"3533\" data-end=\"3559\">Chemick\u00fd n\u00e1zev:<\/strong> Chinolin-8-yl 1-(cyklohexylmethyl)-1H-indol-3-karboxyl\u00e1t<\/p>\n<\/li>\n<li data-start=\"3619\" data-end=\"3652\">\n<p data-start=\"3621\" data-end=\"3652\"><strong data-start=\"3621\" data-end=\"3639\">Molekul\u00e1rn\u00ed vzorec:<\/strong> C25H24N2O2<\/p>\n<\/li>\n<li data-start=\"3653\" data-end=\"3690\">\n<p data-start=\"3655\" data-end=\"3690\"><strong data-start=\"3655\" data-end=\"3676\">Molekulov\u00e1 hmotnost:<\/strong> 384,5 g\/mol<\/p>\n<\/li>\n<li data-start=\"3691\" data-end=\"3740\">\n<p data-start=\"3693\" data-end=\"3740\"><strong data-start=\"3693\" data-end=\"3702\">Forma:<\/strong> Jemn\u00fd b\u00edl\u00fd a\u017e sv\u011btle b\u00e9\u017eov\u00fd pr\u00e1\u0161ek<\/p>\n<\/li>\n<li data-start=\"3741\" data-end=\"3779\">\n<p data-start=\"3743\" data-end=\"3779\"><strong data-start=\"3743\" data-end=\"3756\">\u010cistota:<\/strong> \u226598 % (testov\u00e1no pomoc\u00ed HPLC)<\/p>\n<\/li>\n<li data-start=\"3780\" data-end=\"3848\">\n<p data-start=\"3782\" data-end=\"3848\"><strong data-start=\"3782\" data-end=\"3797\">Stabilita:<\/strong> Stabiln\u00ed p\u0159i skladov\u00e1n\u00ed p\u0159i pokojov\u00e9 teplot\u011b a ochran\u011b p\u0159ed sv\u011btlem<\/p>\n<\/li>\n<\/ul>\n<p data-start=\"3850\" data-end=\"4149\">Ka\u017ed\u00e1 d\u00e1vka <strong data-start=\"3866\" data-end=\"3884\">BB-22 na prodej<\/strong> je testov\u00e1n nez\u00e1vislou laborato\u0159\u00ed, aby byla zaji\u0161t\u011bna \u010distota, struktura a chemick\u00e1 konzistence. Souvisej\u00edc\u00ed <strong data-start=\"4007\" data-end=\"4051\">Certifik\u00e1t COA (osv\u011bd\u010den\u00ed o anal\u00fdze)<\/strong> zaru\u010duje laboratorn\u00ed kvalitu a potvrzuje, \u017ee l\u00e1tka spl\u0148uje v\u0161echny v\u00fdzkumn\u00e9 normy.<\/p>\n<h2 data-start=\"4156\" data-end=\"4196\">V\u00fdhody n\u00e1kupu BB-22 online<\/h2>\n<p data-start=\"4198\" data-end=\"4325\">V\u00fdzkumn\u00edci, kte\u0159\u00ed <strong data-start=\"4212\" data-end=\"4235\">Koupit BB-22 online<\/strong>, t\u011b\u017eit z testovan\u00e9 laboratorn\u00ed kvality, diskr\u00e9tn\u00edho zas\u00edl\u00e1n\u00ed a f\u00e9rov\u00fdch cen.<\/p>\n<h3 data-start=\"4327\" data-end=\"4350\">Hlavn\u00ed v\u00fdhody<\/h3>\n<ul data-start=\"4351\" data-end=\"4774\">\n<li data-start=\"4351\" data-end=\"4431\">\n<p data-start=\"4353\" data-end=\"4431\"><strong data-start=\"4353\" data-end=\"4375\">Testovan\u00e1 kvalita:<\/strong> Ka\u017ed\u00e1 \u0161ar\u017ee je analyticky testov\u00e1na a certifikov\u00e1na<\/p>\n<\/li>\n<li data-start=\"4432\" data-end=\"4528\">\n<p data-start=\"4434\" data-end=\"4528\"><strong data-start=\"4434\" data-end=\"4467\">Transparentn\u00ed ceny:<\/strong> Na str\u00e1nk\u00e1ch <strong data-start=\"4472\" data-end=\"4487\">BB-22 Cena<\/strong> je jasn\u011b formulovan\u00e1 a srozumiteln\u00e1<\/p>\n<\/li>\n<li data-start=\"4529\" data-end=\"4627\">\n<p data-start=\"4531\" data-end=\"4627\"><strong data-start=\"4531\" data-end=\"4554\">Hromadn\u00e9 mo\u017enosti:<\/strong> Mo\u017enost, <strong data-start=\"4568\" data-end=\"4602\">Koupit BB-22 levn\u011b online<\/strong> pro v\u00fdzkumn\u00e9 projekty<\/p>\n<\/li>\n<li data-start=\"4628\" data-end=\"4697\">\n<p data-start=\"4630\" data-end=\"4697\"><strong data-start=\"4630\" data-end=\"4652\">Diskr\u00e9tn\u00ed p\u0159eprava:<\/strong> Neutr\u00e1ln\u00ed balen\u00ed a rychl\u00e9 dod\u00e1n\u00ed<\/p>\n<\/li>\n<li data-start=\"4698\" data-end=\"4774\">\n<p data-start=\"4700\" data-end=\"4774\"><strong data-start=\"4700\" data-end=\"4727\">Certifikovan\u00fd p\u016fvod:<\/strong> Pouze ov\u011b\u0159en\u00e9 a dolo\u017een\u00e9 zdroje dod\u00e1vek<\/p>\n<\/li>\n<\/ul>\n<p data-start=\"4776\" data-end=\"4921\">Na str\u00e1nk\u00e1ch <strong data-start=\"4780\" data-end=\"4814\">Nejlep\u0161\u00ed m\u00edsto pro n\u00e1kup BB-22<\/strong>, je proto v\u017edy distributorem s ov\u011b\u0159itelnou laboratorn\u00ed kvalitou a spolehlivost\u00ed mezin\u00e1rodn\u00ed p\u0159epravy.<\/p>\n<h2 data-start=\"4928\" data-end=\"4956\">Cena a dostupnost<\/h2>\n<p data-start=\"4958\" data-end=\"5145\">Na str\u00e1nk\u00e1ch <strong data-start=\"4962\" data-end=\"4977\">BB-22 Cena<\/strong> z\u00e1vis\u00ed na mno\u017estv\u00ed, regionu z\u00e1sobov\u00e1n\u00ed a \u00farovni certifikace. V\u00fdzkumn\u00e9 instituce s pravideln\u00fdmi po\u017eadavky mohou \u010dasto vyu\u017e\u00edt <strong data-start=\"5103\" data-end=\"5130\">Slevy za velk\u00e9 mno\u017estv\u00ed<\/strong> p\u0159\u00ednos.<\/p>\n<p data-start=\"5147\" data-end=\"5382\">Doru\u010den\u00ed se zpravidla uskute\u010dn\u00ed v r\u00e1mci <strong data-start=\"5196\" data-end=\"5213\">1-3 pracovn\u00ed dny<\/strong>, p\u0159\u00edpadn\u011b tak\u00e9 prost\u0159ednictv\u00edm <strong data-start=\"5233\" data-end=\"5257\">Expresn\u00ed doru\u010den\u00ed (24 hodin)<\/strong>. Renomovan\u00ed poskytovatel\u00e9 dod\u00e1vaj\u00ed do N\u011bmecka, Rakouska a \u0160v\u00fdcarska se sledov\u00e1n\u00edm z\u00e1silek a neutr\u00e1ln\u00edm balen\u00edm.<\/p>\n<h2 data-start=\"5389\" data-end=\"5413\">Pr\u00e1vn\u00ed upozorn\u011bn\u00ed<\/h2>\n<p data-start=\"5415\" data-end=\"5697\">Pr\u00e1vn\u00ed kategorizace <strong data-start=\"5445\" data-end=\"5454\">BB-22<\/strong> se v mezin\u00e1rodn\u00edm m\u011b\u0159\u00edtku li\u0161\u00ed. V N\u011bmecku spad\u00e1 pod <strong data-start=\"5513\" data-end=\"5555\">Z\u00e1kon o nov\u00fdch psychoaktivn\u00edch l\u00e1tk\u00e1ch (NpSG)<\/strong> a mohou b\u00fdt proto z\u00edsk\u00e1ny a pou\u017eity pouze pro v\u00fdzkumn\u00e9 \u00fa\u010dely. Podobn\u00e9 p\u0159edpisy plat\u00ed v Rakousku a \u0160v\u00fdcarsku.<\/p>\n<p data-start=\"5699\" data-end=\"5837\">Kupuj\u00edc\u00ed mus\u00ed zajistit, aby dodr\u017eovali platn\u00e9 p\u0159edpisy a pou\u017e\u00edvali l\u00e1tku pouze pro v\u011bdeck\u00e9 \u00fa\u010dely.<\/p>\n<h2 data-start=\"2095\" data-end=\"2105\">Z\u00e1v\u011br<\/h2>\n<p data-start=\"2107\" data-end=\"2480\">Pokud si chcete koupit BB-22 online, m\u011bli byste si ov\u011b\u0159it, kde p\u0159esn\u011b si m\u016f\u017eete BB-22 koupit a kte\u0159\u00ed poskytovatel\u00e9 nab\u00edzej\u00ed nejlep\u0161\u00ed \u010distotu a spravedlivou cenu BB-22. Nejlep\u0161\u00edm m\u00edstem pro n\u00e1kup BB-22 je prodejce, kter\u00fd poskytuje testovanou kvalitu, diskr\u00e9tn\u00ed dopravu a transparentn\u00ed d\u016fkazy. Pouze tak lze zajistit, \u017ee v\u00fdrobek spolehliv\u011b podporuje v\u00fdzkum.<\/p>","protected":false},"excerpt":{"rendered":"<p><strong>BB-22<\/strong> je syntetick\u00fd kanabinoid, kter\u00fd se pou\u017e\u00edv\u00e1 ve v\u00fdzkumu s c\u00edlem roz\u0161\u00ed\u0159it znalosti o \u00fa\u010dinc\u00edch kanabinoid\u016f na lidsk\u00fd endokanabinoidn\u00ed syst\u00e9m. Je ur\u010den v\u00fdhradn\u011b pro v\u011bdeck\u00e9 studie, nikoli pro lidskou spot\u0159ebu.<\/p>","protected":false},"featured_media":7514,"comment_status":"open","ping_status":"closed","template":"","meta":{"_joinchat":[]},"product_brand":[],"product_cat":[1805],"product_tag":[1995,2001,1996,1999,2000,1998,1997,188,1814,333],"class_list":{"0":"post-7484","1":"product","2":"type-product","3":"status-publish","4":"has-post-thumbnail","6":"product_cat-indazol-basiert","7":"product_tag-bb-22","8":"product_tag-bb-22-chemikalien","9":"product_tag-bb-22-kaufen","10":"product_tag-bb-22-kristalle","11":"product_tag-bb-22-online","12":"product_tag-bb-22-pulver","13":"product_tag-bb-22-zum-verkauf","14":"product_tag-forschungschemikalien","15":"product_tag-forschungsstoffe-kaufen","16":"product_tag-synthetische-cannabinoide","18":"first","19":"instock","20":"shipping-taxable","21":"purchasable","22":"product-type-variable"},"yoast_head":"<!-- This site is optimized with the Yoast SEO plugin v27.5 - https:\/\/yoast.com\/product\/yoast-seo-wordpress\/ -->\n<title>BB-22 online kaufen \u2013 BB-22 zu verkaufen | chemgramx<\/title>\n<meta name=\"description\" content=\"Unser Gesch\u00e4ft hat bb-22 in Topqualit\u00e4t zum Verkauf. Die Qualit\u00e4t unserer Produkte ist einfach unschlagbar. Wenn Sie es brauchen, kaufen Sie bb-22 gleich online. Jetzt bestellen!\" \/>\n<meta name=\"robots\" content=\"index, follow, max-snippet:-1, max-image-preview:large, max-video-preview:-1\" \/>\n<link rel=\"canonical\" href=\"https:\/\/chemgramx.com\/cs\/produkt-1\/bb-22-online-objednavka\/\" \/>\n<meta property=\"og:locale\" content=\"cs_CZ\" \/>\n<meta property=\"og:type\" content=\"article\" \/>\n<meta property=\"og:title\" content=\"BB-22 online kaufen \u2013 BB-22 zu verkaufen | chemgramx\" \/>\n<meta property=\"og:description\" content=\"Unser Gesch\u00e4ft hat bb-22 in Topqualit\u00e4t zum Verkauf. Die Qualit\u00e4t unserer Produkte ist einfach unschlagbar. Wenn Sie es brauchen, kaufen Sie bb-22 gleich online. Jetzt bestellen!\" \/>\n<meta property=\"og:url\" content=\"https:\/\/chemgramx.com\/cs\/produkt-1\/bb-22-online-objednavka\/\" \/>\n<meta property=\"og:site_name\" content=\"Chemgramx\" \/>\n<meta property=\"article:modified_time\" content=\"2025-11-21T11:18:24+00:00\" \/>\n<meta property=\"og:image\" content=\"https:\/\/chemgramx.com\/wp-content\/uploads\/2025\/11\/bb22.png\" \/>\n\t<meta property=\"og:image:width\" content=\"600\" \/>\n\t<meta property=\"og:image:height\" content=\"400\" \/>\n\t<meta property=\"og:image:type\" content=\"image\/png\" \/>\n<meta name=\"twitter:card\" content=\"summary_large_image\" \/>\n<meta name=\"twitter:label1\" content=\"Odhadovan\u00e1 doba \u010dten\u00ed\" \/>\n\t<meta name=\"twitter:data1\" content=\"4 minuty\" \/>\n<script type=\"application\/ld+json\" class=\"yoast-schema-graph\">{\"@context\":\"https:\\\/\\\/schema.org\",\"@graph\":[{\"@type\":\"WebPage\",\"@id\":\"https:\\\/\\\/chemgramx.com\\\/product\\\/bb-22-online-bestellung\\\/\",\"url\":\"https:\\\/\\\/chemgramx.com\\\/product\\\/bb-22-online-bestellung\\\/\",\"name\":\"BB-22 online kaufen \u2013 BB-22 zu verkaufen | chemgramx\",\"isPartOf\":{\"@id\":\"https:\\\/\\\/chemgramx.com\\\/#website\"},\"primaryImageOfPage\":{\"@id\":\"https:\\\/\\\/chemgramx.com\\\/product\\\/bb-22-online-bestellung\\\/#primaryimage\"},\"image\":{\"@id\":\"https:\\\/\\\/chemgramx.com\\\/product\\\/bb-22-online-bestellung\\\/#primaryimage\"},\"thumbnailUrl\":\"https:\\\/\\\/chemgramx.com\\\/wp-content\\\/uploads\\\/2025\\\/11\\\/bb22.png\",\"datePublished\":\"2025-11-21T11:17:30+00:00\",\"dateModified\":\"2025-11-21T11:18:24+00:00\",\"description\":\"Unser Gesch\u00e4ft hat bb-22 in Topqualit\u00e4t zum Verkauf. Die Qualit\u00e4t unserer Produkte ist einfach unschlagbar. Wenn Sie es brauchen, kaufen Sie bb-22 gleich online. Jetzt bestellen!\",\"breadcrumb\":{\"@id\":\"https:\\\/\\\/chemgramx.com\\\/product\\\/bb-22-online-bestellung\\\/#breadcrumb\"},\"inLanguage\":\"cs\",\"potentialAction\":[{\"@type\":\"ReadAction\",\"target\":[\"https:\\\/\\\/chemgramx.com\\\/product\\\/bb-22-online-bestellung\\\/\"]}]},{\"@type\":\"ImageObject\",\"inLanguage\":\"cs\",\"@id\":\"https:\\\/\\\/chemgramx.com\\\/product\\\/bb-22-online-bestellung\\\/#primaryimage\",\"url\":\"https:\\\/\\\/chemgramx.com\\\/wp-content\\\/uploads\\\/2025\\\/11\\\/bb22.png\",\"contentUrl\":\"https:\\\/\\\/chemgramx.com\\\/wp-content\\\/uploads\\\/2025\\\/11\\\/bb22.png\",\"width\":600,\"height\":400},{\"@type\":\"BreadcrumbList\",\"@id\":\"https:\\\/\\\/chemgramx.com\\\/product\\\/bb-22-online-bestellung\\\/#breadcrumb\",\"itemListElement\":[{\"@type\":\"ListItem\",\"position\":1,\"name\":\"Home\",\"item\":\"https:\\\/\\\/chemgramx.com\\\/\"},{\"@type\":\"ListItem\",\"position\":2,\"name\":\"Shop\",\"item\":\"https:\\\/\\\/chemgramx.com\\\/shop\\\/\"},{\"@type\":\"ListItem\",\"position\":3,\"name\":\"BB-22 online bestellung\"}]},{\"@type\":\"WebSite\",\"@id\":\"https:\\\/\\\/chemgramx.com\\\/#website\",\"url\":\"https:\\\/\\\/chemgramx.com\\\/\",\"name\":\"Chemgramx\",\"description\":\"\",\"publisher\":{\"@id\":\"https:\\\/\\\/chemgramx.com\\\/#organization\"},\"potentialAction\":[{\"@type\":\"SearchAction\",\"target\":{\"@type\":\"EntryPoint\",\"urlTemplate\":\"https:\\\/\\\/chemgramx.com\\\/?s={search_term_string}\"},\"query-input\":{\"@type\":\"PropertyValueSpecification\",\"valueRequired\":true,\"valueName\":\"search_term_string\"}}],\"inLanguage\":\"cs\"},{\"@type\":\"Organization\",\"@id\":\"https:\\\/\\\/chemgramx.com\\\/#organization\",\"name\":\"Chemgramx\",\"url\":\"https:\\\/\\\/chemgramx.com\\\/\",\"logo\":{\"@type\":\"ImageObject\",\"inLanguage\":\"cs\",\"@id\":\"https:\\\/\\\/chemgramx.com\\\/#\\\/schema\\\/logo\\\/image\\\/\",\"url\":\"https:\\\/\\\/chemgramx.com\\\/wp-content\\\/uploads\\\/2024\\\/10\\\/final-logo.png\",\"contentUrl\":\"https:\\\/\\\/chemgramx.com\\\/wp-content\\\/uploads\\\/2024\\\/10\\\/final-logo.png\",\"width\":250,\"height\":48,\"caption\":\"Chemgramx\"},\"image\":{\"@id\":\"https:\\\/\\\/chemgramx.com\\\/#\\\/schema\\\/logo\\\/image\\\/\"}}]}<\/script>\n<!-- \/ Yoast SEO plugin. -->","yoast_head_json":{"title":"Koupit BB-22 online \u2013 BB-22 na prodej | chemgramx","description":"V na\u0161em obchod\u011b nab\u00edz\u00edme vysoce kvalitn\u00ed BB-22. Kvalita na\u0161ich produkt\u016f je jednodu\u0161e bezkonkuren\u010dn\u00ed. Pokud je pot\u0159ebujete, kupte si BB-22 online hned te\u010f. Objednejte si hned!","robots":{"index":"index","follow":"follow","max-snippet":"max-snippet:-1","max-image-preview":"max-image-preview:large","max-video-preview":"max-video-preview:-1"},"canonical":"https:\/\/chemgramx.com\/cs\/produkt-1\/bb-22-online-objednavka\/","og_locale":"cs_CZ","og_type":"article","og_title":"BB-22 online kaufen \u2013 BB-22 zu verkaufen | chemgramx","og_description":"Unser Gesch\u00e4ft hat bb-22 in Topqualit\u00e4t zum Verkauf. Die Qualit\u00e4t unserer Produkte ist einfach unschlagbar. Wenn Sie es brauchen, kaufen Sie bb-22 gleich online. Jetzt bestellen!","og_url":"https:\/\/chemgramx.com\/cs\/produkt-1\/bb-22-online-objednavka\/","og_site_name":"Chemgramx","article_modified_time":"2025-11-21T11:18:24+00:00","og_image":[{"width":600,"height":400,"url":"https:\/\/chemgramx.com\/wp-content\/uploads\/2025\/11\/bb22.png","type":"image\/png"}],"twitter_card":"summary_large_image","twitter_misc":{"Odhadovan\u00e1 doba \u010dten\u00ed":"4 minuty"},"schema":{"@context":"https:\/\/schema.org","@graph":[{"@type":"WebPage","@id":"https:\/\/chemgramx.com\/product\/bb-22-online-bestellung\/","url":"https:\/\/chemgramx.com\/product\/bb-22-online-bestellung\/","name":"Koupit BB-22 online \u2013 BB-22 na prodej | chemgramx","isPartOf":{"@id":"https:\/\/chemgramx.com\/#website"},"primaryImageOfPage":{"@id":"https:\/\/chemgramx.com\/product\/bb-22-online-bestellung\/#primaryimage"},"image":{"@id":"https:\/\/chemgramx.com\/product\/bb-22-online-bestellung\/#primaryimage"},"thumbnailUrl":"https:\/\/chemgramx.com\/wp-content\/uploads\/2025\/11\/bb22.png","datePublished":"2025-11-21T11:17:30+00:00","dateModified":"2025-11-21T11:18:24+00:00","description":"V na\u0161em obchod\u011b nab\u00edz\u00edme vysoce kvalitn\u00ed BB-22. Kvalita na\u0161ich produkt\u016f je jednodu\u0161e bezkonkuren\u010dn\u00ed. Pokud je pot\u0159ebujete, kupte si BB-22 online hned te\u010f. Objednejte si hned!","breadcrumb":{"@id":"https:\/\/chemgramx.com\/product\/bb-22-online-bestellung\/#breadcrumb"},"inLanguage":"cs","potentialAction":[{"@type":"ReadAction","target":["https:\/\/chemgramx.com\/product\/bb-22-online-bestellung\/"]}]},{"@type":"ImageObject","inLanguage":"cs","@id":"https:\/\/chemgramx.com\/product\/bb-22-online-bestellung\/#primaryimage","url":"https:\/\/chemgramx.com\/wp-content\/uploads\/2025\/11\/bb22.png","contentUrl":"https:\/\/chemgramx.com\/wp-content\/uploads\/2025\/11\/bb22.png","width":600,"height":400},{"@type":"BreadcrumbList","@id":"https:\/\/chemgramx.com\/product\/bb-22-online-bestellung\/#breadcrumb","itemListElement":[{"@type":"ListItem","position":1,"name":"Home","item":"https:\/\/chemgramx.com\/"},{"@type":"ListItem","position":2,"name":"Shop","item":"https:\/\/chemgramx.com\/shop\/"},{"@type":"ListItem","position":3,"name":"BB-22 online bestellung"}]},{"@type":"WebSite","@id":"https:\/\/chemgramx.com\/#website","url":"https:\/\/chemgramx.com\/","name":"Chemgramx","description":"","publisher":{"@id":"https:\/\/chemgramx.com\/#organization"},"potentialAction":[{"@type":"SearchAction","target":{"@type":"EntryPoint","urlTemplate":"https:\/\/chemgramx.com\/?s={search_term_string}"},"query-input":{"@type":"PropertyValueSpecification","valueRequired":true,"valueName":"search_term_string"}}],"inLanguage":"cs"},{"@type":"Organization","@id":"https:\/\/chemgramx.com\/#organization","name":"Chemgramx","url":"https:\/\/chemgramx.com\/","logo":{"@type":"ImageObject","inLanguage":"cs","@id":"https:\/\/chemgramx.com\/#\/schema\/logo\/image\/","url":"https:\/\/chemgramx.com\/wp-content\/uploads\/2024\/10\/final-logo.png","contentUrl":"https:\/\/chemgramx.com\/wp-content\/uploads\/2024\/10\/final-logo.png","width":250,"height":48,"caption":"Chemgramx"},"image":{"@id":"https:\/\/chemgramx.com\/#\/schema\/logo\/image\/"}}]}},"_links":{"self":[{"href":"https:\/\/chemgramx.com\/cs\/wp-json\/wp\/v2\/product\/7484","targetHints":{"allow":["GET"]}}],"collection":[{"href":"https:\/\/chemgramx.com\/cs\/wp-json\/wp\/v2\/product"}],"about":[{"href":"https:\/\/chemgramx.com\/cs\/wp-json\/wp\/v2\/types\/product"}],"replies":[{"embeddable":true,"href":"https:\/\/chemgramx.com\/cs\/wp-json\/wp\/v2\/comments?post=7484"}],"wp:featuredmedia":[{"embeddable":true,"href":"https:\/\/chemgramx.com\/cs\/wp-json\/wp\/v2\/media\/7514"}],"wp:attachment":[{"href":"https:\/\/chemgramx.com\/cs\/wp-json\/wp\/v2\/media?parent=7484"}],"wp:term":[{"taxonomy":"product_brand","embeddable":true,"href":"https:\/\/chemgramx.com\/cs\/wp-json\/wp\/v2\/product_brand?post=7484"},{"taxonomy":"product_cat","embeddable":true,"href":"https:\/\/chemgramx.com\/cs\/wp-json\/wp\/v2\/product_cat?post=7484"},{"taxonomy":"product_tag","embeddable":true,"href":"https:\/\/chemgramx.com\/cs\/wp-json\/wp\/v2\/product_tag?post=7484"}],"curies":[{"name":"wp","href":"https:\/\/api.w.org\/{rel}","templated":true}]}}