{"id":7528,"date":"2025-11-21T11:17:59","date_gmt":"2025-11-21T11:17:59","guid":{"rendered":"https:\/\/chemgramx.com\/?post_type=product&#038;p=7528"},"modified":"2025-11-21T11:18:42","modified_gmt":"2025-11-21T11:18:42","slug":"buy-black-tar-heroin-online","status":"publish","type":"product","link":"https:\/\/chemgramx.com\/cs\/product\/kaufen-sie-black-tar-heroin-online\/","title":{"rendered":"Koupit Black Tar Heroin online"},"content":{"rendered":"<p>\u010cern\u00fd dehtov\u00fd heroin je forma drogy heroin, kter\u00e1 je zn\u00e1m\u00e1 svou \u010dernou, lepkavou a dehtovitou konzistenc\u00ed. P\u0159esto\u017ee je pova\u017eov\u00e1n za rizikovou a silnou drogu, z\u016fst\u00e1v\u00e1 po n\u011bm vysok\u00e1 popt\u00e1vka d\u00edky jeho n\u00edzk\u00e9 cen\u011b a dostupnosti. Pokud si chcete koupit \u010dern\u00fd dehtov\u00fd heroin online za nejlep\u0161\u00ed cenu, nehledejte nic jin\u00e9ho ne\u017e Narco Powders.<\/p>\n<h3>Jak\u00fd je vzhled a z\u00e1pach \u010dern\u00e9ho dehtu?<\/h3>\n<p>\u010cern\u00fd dehet se vyr\u00e1b\u00ed ze ztvrdl\u00e9ho zbytku po kou\u0159en\u00ed nebo injek\u010dn\u00ed aplikaci heroinu. Je siln\u011bj\u0161\u00ed ne\u017e jin\u00e9 druhy heroinu a m\u00e1 siln\u011bj\u0161\u00ed z\u00e1pach a chu\u0165. Chcete-li si objednat \u010dern\u00fd dehtov\u00fd heroin online od spole\u010dnosti Narco Powders, jednodu\u0161e klikn\u011bte na \u201eP\u0159idat do ko\u0161\u00edku\u201c a zadejte sv\u00e9 \u00fadaje v procesu objedn\u00e1vky. Pot\u00e9 v\u00e1m bude heroin z \u010dern\u00e9ho dehtu ve velk\u00e9m mno\u017estv\u00ed doru\u010den p\u0159\u00edmo k va\u0161im dve\u0159\u00edm. Drogy v\u0161ak uchov\u00e1vejte mimo dosah d\u011bt\u00ed a dom\u00e1c\u00edch zv\u00ed\u0159at a nikdy ned\u00e1vejte jehly nebo injek\u010dn\u00ed st\u0159\u00edka\u010dky jin\u00fdm lidem.<\/p>\n<h3>Proces v\u00fdroby \u010dern\u00e9ho dehtu a obchodov\u00e1n\u00ed s n\u00edm<\/h3>\n<p>\u010cern\u00fd dehet je druh heroinu vyr\u00e1b\u011bn\u00fd z opiov\u00e9ho pr\u00e1\u0161ku. <a href=\"https:\/\/chemgramx.com\/product\/pills-online-kaufen\/\">vyrobeno<\/a> se vyr\u00e1b\u00ed. Tato l\u00e1tka se pak sm\u00edch\u00e1 s dal\u0161\u00edmi chemik\u00e1liemi a zah\u0159\u00edv\u00e1 se, dokud se z n\u00ed nestane lepkav\u00e1 \u010dern\u00e1 l\u00e1tka zn\u00e1m\u00e1 jako \u201edehet\u201c. Dehet se pak nakr\u00e1j\u00ed na mal\u00e9 kousky a prod\u00e1v\u00e1 se na ulici jako heroin.<\/p>\n<p>V\u00fdroba \u010dern\u00e9ho dehtu a obchodov\u00e1n\u00ed s n\u00edm jsou slo\u017eit\u00e9. Obchodn\u00edci s heroinem se pohybuj\u00ed v krimin\u00e1ln\u00edm podsv\u011bt\u00ed, aby z\u00edskali suroviny pro v\u00fdrobu drogy, a vypo\u0159\u00e1d\u00e1vaj\u00ed se s org\u00e1ny \u010dinn\u00fdmi v trestn\u00edm \u0159\u00edzen\u00ed, kter\u00e9 se jim v tom mohou sna\u017eit zabr\u00e1nit. Dostupnost \u010dern\u00e9ho dehtov\u00e9ho heroinu k prodeji online na certifikovan\u00fdch webov\u00fdch str\u00e1nk\u00e1ch, jako je Narco Powders, v\u0161ak tento proces usnad\u0148uje v\u00edce ne\u017e kdy d\u0159\u00edve.<\/p>\n<p>Uv\u011bdomte si rizika spojen\u00e1 s n\u00e1kupem \u010dern\u00e9ho dehtu online. Nejen\u017ee se vystavujete riziku n\u00e1kupu drog z nezn\u00e1m\u00e9ho zdroje, ale vystavujete se tak\u00e9 dal\u0161\u00edm nebezpe\u010d\u00edm, v\u010detn\u011b p\u0159ed\u00e1vkov\u00e1n\u00ed a n\u00e1kazy virem HIV nebo jin\u00fdmi nemocemi (pohlavn\u011b p\u0159enosn\u00e9 choroby). Proto nakupujte tyto drogy pouze z d\u016fv\u011bryhodn\u00e9ho zdroje, jako je nap\u0159\u00edklad Narco Powders.<\/p>\n<h3>Negativn\u00ed \u00fa\u010dinky \u010dern\u00e9ho dehtu<\/h3>\n<p>\u010cern\u00fd dehet je siln\u00e1, ne\u010dist\u00e1 forma heroinu s n\u011bkolika z\u00e1va\u017en\u00fdmi vedlej\u0161\u00edmi \u00fa\u010dinky. \u010cern\u00fd dehtov\u00fd heroin m\u016f\u017ee nap\u0159\u00edklad v\u00e9st k nevolnosti, zvracen\u00ed a bolestem hlavy. Dlouhodob\u00e9 u\u017e\u00edv\u00e1n\u00ed m\u016f\u017ee tak\u00e9 v\u00e9st k abstinen\u010dn\u00edm p\u0159\u00edznak\u016fm, jako jsou deprese, \u00fazkost a neklid. \u010cern\u00fd dehtov\u00fd heroin m\u016f\u017ee tak\u00e9 zv\u00fd\u0161it riziko srde\u010dn\u00edch a plicn\u00edch probl\u00e9m\u016f. Nebojte se po\u017e\u00e1dat o pomoc, pokud se vy nebo n\u011bkdo z va\u0161ich zn\u00e1m\u00fdch pot\u00fdk\u00e1 se z\u00e1vislost\u00ed na \u010dern\u00e9m dehtu heroinu.<\/p>\n<h3>Pro\u010d si koupit heroin Black Tar online na Narco Powders?<\/h3>\n<p>Hled\u00e1te spolehliv\u00fd a kvalitn\u00ed zdroj pro n\u00e1kup \u010dern\u00e9ho dehtu online? Jste na spr\u00e1vn\u00e9m m\u00edst\u011b u Narco Powders. Zde najdete nejlep\u0161\u00ed cenu za \u010dern\u00fd dehtov\u00fd heroin se zaru\u010denou kvalitou. Krom\u011b toho nab\u00edz\u00edme nejrychlej\u0161\u00ed dodac\u00ed lh\u016fty v oboru.<\/p>","protected":false},"excerpt":{"rendered":"<p>Black Tar Heroin ist eine Form der Droge Heroin, die f\u00fcr ihre schwarze, klebrige und teerartige Konsistenz bekannt&hellip;<\/p>","protected":false},"featured_media":7546,"comment_status":"open","ping_status":"closed","template":"","meta":{"_joinchat":[]},"product_brand":[],"product_cat":[3193],"product_tag":[3113,3012,3122,3117,3115,3118,3119,3121,3120,3125,3116,3114,3126,3123,3124,3127],"class_list":{"0":"post-7528","1":"product","2":"type-product","3":"status-publish","4":"has-post-thumbnail","6":"product_cat-heroin","7":"product_tag-benefits-of-black-tar-heroin","8":"product_tag-bester-ort","9":"product_tag-billiges-black-tar-heroin","10":"product_tag-black-tar-heroin-grosshandel","11":"product_tag-black-tar-heroin-zu-verkaufen","12":"product_tag-kaufen-sie-black-tar-heroin-legal","13":"product_tag-kaufen-sie-black-tar-heroin-online-in-australien","14":"product_tag-kaufen-sie-black-tar-heroin-online-in-den-usa","15":"product_tag-kaufen-sie-black-tar-heroin-online-in-meiner-naehe","16":"product_tag-legales-black-tar-heroin-online","17":"product_tag-preis-fuer-black-tar-heroin","18":"product_tag-um-black-tar-heroin-zu-bestellen","19":"product_tag-was-ist-black-tar-heroin","20":"product_tag-wie-bekomme-ich-das-beste-black-tar-heroin","21":"product_tag-wie-man-black-tar-heroin-bestellt","22":"product_tag-wo-kann-ich-black-tar-heroin-kaufen","24":"first","25":"instock","26":"shipping-taxable","27":"purchasable","28":"product-type-variable"},"yoast_head":"<!-- This site is optimized with the Yoast SEO plugin v27.5 - https:\/\/yoast.com\/product\/yoast-seo-wordpress\/ -->\n<title>Kaufen Sie Black Tar Heroin online Chemgramx<\/title>\n<meta name=\"description\" content=\"Suchen Sie nach einer zuverl\u00e4ssigen und hochwertigen Quelle f\u00fcr den Online-Kauf von Black Tar Heroin? Bei Narco Powders sind Sie an der richtigen Adresse. Hier finden Sie den besten Preis f\u00fcr Black Tar Heroin mit garantierter Qualit\u00e4t. Dar\u00fcber hinaus bieten wir die schnellsten Lieferzeiten der Branche.\" \/>\n<meta name=\"robots\" content=\"index, follow, max-snippet:-1, max-image-preview:large, max-video-preview:-1\" \/>\n<link rel=\"canonical\" href=\"https:\/\/chemgramx.com\/cs\/produkt-1\/buy-black-tar-heroin-online\/\" \/>\n<meta property=\"og:locale\" content=\"cs_CZ\" \/>\n<meta property=\"og:type\" content=\"article\" \/>\n<meta property=\"og:title\" content=\"Kaufen Sie Black Tar Heroin online Chemgramx\" \/>\n<meta property=\"og:description\" content=\"Suchen Sie nach einer zuverl\u00e4ssigen und hochwertigen Quelle f\u00fcr den Online-Kauf von Black Tar Heroin? Bei Narco Powders sind Sie an der richtigen Adresse. Hier finden Sie den besten Preis f\u00fcr Black Tar Heroin mit garantierter Qualit\u00e4t. Dar\u00fcber hinaus bieten wir die schnellsten Lieferzeiten der Branche.\" \/>\n<meta property=\"og:url\" content=\"https:\/\/chemgramx.com\/cs\/produkt-1\/buy-black-tar-heroin-online\/\" \/>\n<meta property=\"og:site_name\" content=\"Chemgramx\" \/>\n<meta property=\"article:modified_time\" content=\"2025-11-21T11:18:42+00:00\" \/>\n<meta property=\"og:image\" content=\"https:\/\/chemgramx.com\/wp-content\/uploads\/2025\/11\/schwarzer-teer-heroin.jpg\" \/>\n\t<meta property=\"og:image:width\" content=\"600\" \/>\n\t<meta property=\"og:image:height\" content=\"600\" \/>\n\t<meta property=\"og:image:type\" content=\"image\/jpeg\" \/>\n<meta name=\"twitter:card\" content=\"summary_large_image\" \/>\n<meta name=\"twitter:label1\" content=\"Odhadovan\u00e1 doba \u010dten\u00ed\" \/>\n\t<meta name=\"twitter:data1\" content=\"3 minuty\" \/>\n<script type=\"application\/ld+json\" class=\"yoast-schema-graph\">{\"@context\":\"https:\\\/\\\/schema.org\",\"@graph\":[{\"@type\":\"WebPage\",\"@id\":\"https:\\\/\\\/chemgramx.com\\\/product\\\/kaufen-sie-black-tar-heroin-online\\\/\",\"url\":\"https:\\\/\\\/chemgramx.com\\\/product\\\/kaufen-sie-black-tar-heroin-online\\\/\",\"name\":\"Kaufen Sie Black Tar Heroin online Chemgramx\",\"isPartOf\":{\"@id\":\"https:\\\/\\\/chemgramx.com\\\/#website\"},\"primaryImageOfPage\":{\"@id\":\"https:\\\/\\\/chemgramx.com\\\/product\\\/kaufen-sie-black-tar-heroin-online\\\/#primaryimage\"},\"image\":{\"@id\":\"https:\\\/\\\/chemgramx.com\\\/product\\\/kaufen-sie-black-tar-heroin-online\\\/#primaryimage\"},\"thumbnailUrl\":\"https:\\\/\\\/chemgramx.com\\\/wp-content\\\/uploads\\\/2025\\\/11\\\/schwarzer-teer-heroin.jpg\",\"datePublished\":\"2025-11-21T11:17:59+00:00\",\"dateModified\":\"2025-11-21T11:18:42+00:00\",\"description\":\"Suchen Sie nach einer zuverl\u00e4ssigen und hochwertigen Quelle f\u00fcr den Online-Kauf von Black Tar Heroin? Bei Narco Powders sind Sie an der richtigen Adresse. Hier finden Sie den besten Preis f\u00fcr Black Tar Heroin mit garantierter Qualit\u00e4t. Dar\u00fcber hinaus bieten wir die schnellsten Lieferzeiten der Branche.\",\"breadcrumb\":{\"@id\":\"https:\\\/\\\/chemgramx.com\\\/product\\\/kaufen-sie-black-tar-heroin-online\\\/#breadcrumb\"},\"inLanguage\":\"cs\",\"potentialAction\":[{\"@type\":\"ReadAction\",\"target\":[\"https:\\\/\\\/chemgramx.com\\\/product\\\/kaufen-sie-black-tar-heroin-online\\\/\"]}]},{\"@type\":\"ImageObject\",\"inLanguage\":\"cs\",\"@id\":\"https:\\\/\\\/chemgramx.com\\\/product\\\/kaufen-sie-black-tar-heroin-online\\\/#primaryimage\",\"url\":\"https:\\\/\\\/chemgramx.com\\\/wp-content\\\/uploads\\\/2025\\\/11\\\/schwarzer-teer-heroin.jpg\",\"contentUrl\":\"https:\\\/\\\/chemgramx.com\\\/wp-content\\\/uploads\\\/2025\\\/11\\\/schwarzer-teer-heroin.jpg\",\"width\":600,\"height\":600},{\"@type\":\"BreadcrumbList\",\"@id\":\"https:\\\/\\\/chemgramx.com\\\/product\\\/kaufen-sie-black-tar-heroin-online\\\/#breadcrumb\",\"itemListElement\":[{\"@type\":\"ListItem\",\"position\":1,\"name\":\"Home\",\"item\":\"https:\\\/\\\/chemgramx.com\\\/\"},{\"@type\":\"ListItem\",\"position\":2,\"name\":\"Shop\",\"item\":\"https:\\\/\\\/chemgramx.com\\\/shop\\\/\"},{\"@type\":\"ListItem\",\"position\":3,\"name\":\"Kaufen Sie Black Tar Heroin online\"}]},{\"@type\":\"WebSite\",\"@id\":\"https:\\\/\\\/chemgramx.com\\\/#website\",\"url\":\"https:\\\/\\\/chemgramx.com\\\/\",\"name\":\"Chemgramx\",\"description\":\"\",\"publisher\":{\"@id\":\"https:\\\/\\\/chemgramx.com\\\/#organization\"},\"potentialAction\":[{\"@type\":\"SearchAction\",\"target\":{\"@type\":\"EntryPoint\",\"urlTemplate\":\"https:\\\/\\\/chemgramx.com\\\/?s={search_term_string}\"},\"query-input\":{\"@type\":\"PropertyValueSpecification\",\"valueRequired\":true,\"valueName\":\"search_term_string\"}}],\"inLanguage\":\"cs\"},{\"@type\":\"Organization\",\"@id\":\"https:\\\/\\\/chemgramx.com\\\/#organization\",\"name\":\"Chemgramx\",\"url\":\"https:\\\/\\\/chemgramx.com\\\/\",\"logo\":{\"@type\":\"ImageObject\",\"inLanguage\":\"cs\",\"@id\":\"https:\\\/\\\/chemgramx.com\\\/#\\\/schema\\\/logo\\\/image\\\/\",\"url\":\"https:\\\/\\\/chemgramx.com\\\/wp-content\\\/uploads\\\/2024\\\/10\\\/final-logo.png\",\"contentUrl\":\"https:\\\/\\\/chemgramx.com\\\/wp-content\\\/uploads\\\/2024\\\/10\\\/final-logo.png\",\"width\":250,\"height\":48,\"caption\":\"Chemgramx\"},\"image\":{\"@id\":\"https:\\\/\\\/chemgramx.com\\\/#\\\/schema\\\/logo\\\/image\\\/\"}}]}<\/script>\n<!-- \/ Yoast SEO plugin. -->","yoast_head_json":{"title":"Koupit Black Tar Heroin online Chemgramx","description":"Hled\u00e1te spolehliv\u00fd a kvalitn\u00ed zdroj pro n\u00e1kup \u010dern\u00e9ho dehtu online? Jste na spr\u00e1vn\u00e9m m\u00edst\u011b u Narco Powders. Zde najdete nejlep\u0161\u00ed cenu za \u010dern\u00fd dehtov\u00fd heroin se zaru\u010denou kvalitou. Krom\u011b toho nab\u00edz\u00edme nejrychlej\u0161\u00ed dodac\u00ed lh\u016fty v oboru.","robots":{"index":"index","follow":"follow","max-snippet":"max-snippet:-1","max-image-preview":"max-image-preview:large","max-video-preview":"max-video-preview:-1"},"canonical":"https:\/\/chemgramx.com\/cs\/produkt-1\/buy-black-tar-heroin-online\/","og_locale":"cs_CZ","og_type":"article","og_title":"Kaufen Sie Black Tar Heroin online Chemgramx","og_description":"Suchen Sie nach einer zuverl\u00e4ssigen und hochwertigen Quelle f\u00fcr den Online-Kauf von Black Tar Heroin? Bei Narco Powders sind Sie an der richtigen Adresse. Hier finden Sie den besten Preis f\u00fcr Black Tar Heroin mit garantierter Qualit\u00e4t. Dar\u00fcber hinaus bieten wir die schnellsten Lieferzeiten der Branche.","og_url":"https:\/\/chemgramx.com\/cs\/produkt-1\/buy-black-tar-heroin-online\/","og_site_name":"Chemgramx","article_modified_time":"2025-11-21T11:18:42+00:00","og_image":[{"width":600,"height":600,"url":"https:\/\/chemgramx.com\/wp-content\/uploads\/2025\/11\/schwarzer-teer-heroin.jpg","type":"image\/jpeg"}],"twitter_card":"summary_large_image","twitter_misc":{"Odhadovan\u00e1 doba \u010dten\u00ed":"3 minuty"},"schema":{"@context":"https:\/\/schema.org","@graph":[{"@type":"WebPage","@id":"https:\/\/chemgramx.com\/product\/kaufen-sie-black-tar-heroin-online\/","url":"https:\/\/chemgramx.com\/product\/kaufen-sie-black-tar-heroin-online\/","name":"Koupit Black Tar Heroin online Chemgramx","isPartOf":{"@id":"https:\/\/chemgramx.com\/#website"},"primaryImageOfPage":{"@id":"https:\/\/chemgramx.com\/product\/kaufen-sie-black-tar-heroin-online\/#primaryimage"},"image":{"@id":"https:\/\/chemgramx.com\/product\/kaufen-sie-black-tar-heroin-online\/#primaryimage"},"thumbnailUrl":"https:\/\/chemgramx.com\/wp-content\/uploads\/2025\/11\/schwarzer-teer-heroin.jpg","datePublished":"2025-11-21T11:17:59+00:00","dateModified":"2025-11-21T11:18:42+00:00","description":"Hled\u00e1te spolehliv\u00fd a kvalitn\u00ed zdroj pro n\u00e1kup \u010dern\u00e9ho dehtu online? Jste na spr\u00e1vn\u00e9m m\u00edst\u011b u Narco Powders. Zde najdete nejlep\u0161\u00ed cenu za \u010dern\u00fd dehtov\u00fd heroin se zaru\u010denou kvalitou. Krom\u011b toho nab\u00edz\u00edme nejrychlej\u0161\u00ed dodac\u00ed lh\u016fty v oboru.","breadcrumb":{"@id":"https:\/\/chemgramx.com\/product\/kaufen-sie-black-tar-heroin-online\/#breadcrumb"},"inLanguage":"cs","potentialAction":[{"@type":"ReadAction","target":["https:\/\/chemgramx.com\/product\/kaufen-sie-black-tar-heroin-online\/"]}]},{"@type":"ImageObject","inLanguage":"cs","@id":"https:\/\/chemgramx.com\/product\/kaufen-sie-black-tar-heroin-online\/#primaryimage","url":"https:\/\/chemgramx.com\/wp-content\/uploads\/2025\/11\/schwarzer-teer-heroin.jpg","contentUrl":"https:\/\/chemgramx.com\/wp-content\/uploads\/2025\/11\/schwarzer-teer-heroin.jpg","width":600,"height":600},{"@type":"BreadcrumbList","@id":"https:\/\/chemgramx.com\/product\/kaufen-sie-black-tar-heroin-online\/#breadcrumb","itemListElement":[{"@type":"ListItem","position":1,"name":"Home","item":"https:\/\/chemgramx.com\/"},{"@type":"ListItem","position":2,"name":"Shop","item":"https:\/\/chemgramx.com\/shop\/"},{"@type":"ListItem","position":3,"name":"Kaufen Sie Black Tar Heroin online"}]},{"@type":"WebSite","@id":"https:\/\/chemgramx.com\/#website","url":"https:\/\/chemgramx.com\/","name":"Chemgramx","description":"","publisher":{"@id":"https:\/\/chemgramx.com\/#organization"},"potentialAction":[{"@type":"SearchAction","target":{"@type":"EntryPoint","urlTemplate":"https:\/\/chemgramx.com\/?s={search_term_string}"},"query-input":{"@type":"PropertyValueSpecification","valueRequired":true,"valueName":"search_term_string"}}],"inLanguage":"cs"},{"@type":"Organization","@id":"https:\/\/chemgramx.com\/#organization","name":"Chemgramx","url":"https:\/\/chemgramx.com\/","logo":{"@type":"ImageObject","inLanguage":"cs","@id":"https:\/\/chemgramx.com\/#\/schema\/logo\/image\/","url":"https:\/\/chemgramx.com\/wp-content\/uploads\/2024\/10\/final-logo.png","contentUrl":"https:\/\/chemgramx.com\/wp-content\/uploads\/2024\/10\/final-logo.png","width":250,"height":48,"caption":"Chemgramx"},"image":{"@id":"https:\/\/chemgramx.com\/#\/schema\/logo\/image\/"}}]}},"_links":{"self":[{"href":"https:\/\/chemgramx.com\/cs\/wp-json\/wp\/v2\/product\/7528","targetHints":{"allow":["GET"]}}],"collection":[{"href":"https:\/\/chemgramx.com\/cs\/wp-json\/wp\/v2\/product"}],"about":[{"href":"https:\/\/chemgramx.com\/cs\/wp-json\/wp\/v2\/types\/product"}],"replies":[{"embeddable":true,"href":"https:\/\/chemgramx.com\/cs\/wp-json\/wp\/v2\/comments?post=7528"}],"wp:featuredmedia":[{"embeddable":true,"href":"https:\/\/chemgramx.com\/cs\/wp-json\/wp\/v2\/media\/7546"}],"wp:attachment":[{"href":"https:\/\/chemgramx.com\/cs\/wp-json\/wp\/v2\/media?parent=7528"}],"wp:term":[{"taxonomy":"product_brand","embeddable":true,"href":"https:\/\/chemgramx.com\/cs\/wp-json\/wp\/v2\/product_brand?post=7528"},{"taxonomy":"product_cat","embeddable":true,"href":"https:\/\/chemgramx.com\/cs\/wp-json\/wp\/v2\/product_cat?post=7528"},{"taxonomy":"product_tag","embeddable":true,"href":"https:\/\/chemgramx.com\/cs\/wp-json\/wp\/v2\/product_tag?post=7528"}],"curies":[{"name":"wp","href":"https:\/\/api.w.org\/{rel}","templated":true}]}}