{"id":7532,"date":"2025-11-21T11:18:00","date_gmt":"2025-11-21T11:18:00","guid":{"rendered":"https:\/\/chemgramx.com\/?post_type=product&#038;p=7532"},"modified":"2025-11-21T11:18:43","modified_gmt":"2025-11-21T11:18:43","slug":"koupit-china-white-heroin","status":"publish","type":"product","link":"https:\/\/chemgramx.com\/cs\/product\/kaufen-sie-china-white-heroin\/","title":{"rendered":"Koupit China White Heroin"},"content":{"rendered":"<p>Epidemie opioid\u016f p\u016fsob\u00ed ve Spojen\u00fdch st\u00e1tech i po cel\u00e9m sv\u011bt\u011b spou\u0161\u0165. Mnoho lid\u00ed proto hled\u00e1 zp\u016fsoby, jak z\u00edskat siln\u00fd, \u010dist\u00fd heroin, ani\u017e by se museli st\u00fdkat s pochybn\u00fdmi pouli\u010dn\u00edmi dealery. Na\u0161t\u011bst\u00ed existuje dobr\u00e1 alternativa: \u010d\u00ednsk\u00fd b\u00edl\u00fd heroin. Pokud si tedy chcete koupit \u010d\u00ednsk\u00fd b\u00edl\u00fd heroin online, ud\u011blejte to p\u0159\u00edmo na str\u00e1nk\u00e1ch Narco P.<\/p>\n<h3>Jak se v \u010c\u00edn\u011b vyr\u00e1b\u00ed b\u00edl\u00fd heroin?<\/h3>\n<p>B\u00edl\u00fd heroin z \u010c\u00edny je obvykle m\u00e9n\u011b \u00fa\u010dinn\u00fd ne\u017e jin\u00e9 druhy heroinu a m\u016f\u017ee se prod\u00e1vat za ni\u017e\u0161\u00ed cenu. Proces v\u00fdroby b\u00edl\u00e9ho heroinu z \u010c\u00edny je slo\u017eit\u00fd a zahrnuje n\u011bkolik krok\u016f.<\/p>\n<p>Nejprve se suroviny - obvykle opium - z\u00edsk\u00e1vaj\u00ed z <a href=\"https:\/\/chemgramx.com\/product\/buy-1b-lsd-l-tartrate-pure-chem-store-online\/\">Afgh\u00e1nist\u00e1n<\/a> nebo P\u00e1kist\u00e1nu. Opium se pak zpracov\u00e1v\u00e1 na morfin za studena nebo ve vakuu. D\u00edky tomuto procesu je morfin mnohem obt\u00ed\u017en\u011bji rozpoznateln\u00fd a pou\u017eiteln\u00fd, co\u017e jej \u010din\u00ed atraktivn\u011bj\u0161\u00edm pro p\u0159ekupn\u00edky drog.<\/p>\n<p>Chcete-li si objednat China White Heroin online od Narco Powders, m\u016f\u017eete si na webov\u00fdch str\u00e1nk\u00e1ch prohl\u00e9dnout r\u016fzn\u00e9 druhy a vybrat po\u017eadovanou d\u00e1vku. P\u0159ed n\u00e1kupem si nezapome\u0148te p\u0159e\u010d\u00edst bezpe\u010dnostn\u00ed pokyny, abyste v\u011bd\u011bli, jak\u00e1 opat\u0159en\u00ed je t\u0159eba p\u0159i u\u017e\u00edv\u00e1n\u00ed t\u00e9to drogy dodr\u017eovat.<\/p>\n<h3>V\u00fdhody China White Heroin<\/h3>\n<p>China White Heroin je vysoce \u00fa\u010dinn\u00e1 a kvalitn\u00ed forma heroinu dostupn\u00e1 v\u00fdhradn\u011b online na str\u00e1nk\u00e1ch Narco Powder. Na rozd\u00edl od jin\u00fdch typ\u016f heroinu, kter\u00e9 lze m\u00edchat s jin\u00fdmi l\u00e1tkami pro zv\u00fd\u0161en\u00ed \u00fa\u010dinnosti a vytvo\u0159en\u00ed r\u016fzn\u00fdch drog, je China White Heroin \u010dist\u00fd a konzistentn\u00ed od n\u00e1kupu k n\u00e1kupu. To znamen\u00e1, \u017ee p\u0159i ka\u017ed\u00e9m u\u017eit\u00ed z\u00edsk\u00e1te stejn\u011b siln\u00fd \u00fa\u010dinek bez ohledu na ostatn\u00ed slo\u017eky ve va\u0161em t\u011ble.<\/p>\n<p>B\u00edl\u00fd heroin z \u010c\u00edny je skv\u011blou volbou pro ka\u017ed\u00e9ho, kdo chce za\u017e\u00edt siln\u00e9 opojen\u00ed bez nep\u0159\u00edjemn\u00fdch vedlej\u0161\u00edch \u00fa\u010dink\u016f nebo rizik jin\u00fdch opioid\u016f, jako je fentanyl nebo morfin. B\u00edl\u00fd heroin z \u010c\u00edny snadno najdete a koup\u00edte u Narco Powders, tak\u017ee u\u017e d\u00e9le ne\u010dekejte.<\/p>\n<h3>Ne\u017e\u00e1douc\u00ed \u00fa\u010dinky China White Heroin<\/h3>\n<p>China White Heroin m\u016f\u017ee m\u00edt z\u00e1va\u017en\u00e9 vedlej\u0161\u00ed \u00fa\u010dinky. Proto je d\u016fle\u017eit\u00e9 si p\u0159ed jeho u\u017eit\u00edm uv\u011bdomit souvisej\u00edc\u00ed nebezpe\u010d\u00ed. Mezi b\u011b\u017en\u00e9 ne\u017e\u00e1douc\u00ed \u00fa\u010dinky pat\u0159\u00ed nevolnost, z\u00e1vrat\u011b, bolesti hlavy, zmatenost, podr\u00e1\u017ed\u011bnost a \u00fazkost. Nadm\u011brn\u00e9 a dlouhodob\u00e9 u\u017e\u00edv\u00e1n\u00ed p\u0159\u00edpravku China White Heroin m\u016f\u017ee b\u00fdt vysoce n\u00e1vykov\u00e9 a m\u00edt dal\u0161\u00ed z\u00e1va\u017en\u00e9 n\u00e1sledky.<\/p>\n<h3>Kde si m\u016f\u017eete koupit China White Heroin online?<\/h3>\n<p>B\u00edl\u00fd heroin z \u010c\u00edny je siln\u00e1 a nebezpe\u010dn\u00e1 l\u00e1tka. M\u016f\u017ee m\u00edt euforizuj\u00edc\u00ed \u00fa\u010dinek, ale skr\u00fdv\u00e1 v sob\u011b tak\u00e9 mnoho potenci\u00e1ln\u00edch zdravotn\u00edch rizik. Zp\u016fsoby v\u00fdroby t\u00e9to drogy se pohybuj\u00ed od surov\u00fdch a\u017e po rafinovan\u00e9, v z\u00e1vislosti na dodavateli a zdroj\u00edch. Je d\u016fle\u017eit\u00e9 uv\u011bdomit si rizika spojen\u00e1 s konzumac\u00ed t\u00e9to drogy a nakupovat ji pouze z renomovan\u00fdch zdroj\u016f, jako je nap\u0159\u00edklad Narco Powders. Dodr\u017eujeme bezpe\u010dnostn\u00ed protokoly a dod\u00e1v\u00e1me drogu p\u0159\u00edmo k v\u00e1m dom\u016f v co nejkrat\u0161\u00edm \u010dase.<\/p>","protected":false},"excerpt":{"rendered":"<h3>Ne\u017e\u00e1douc\u00ed \u00fa\u010dinky China White Heroin<\/h3>\n<p>China White Heroin m\u016f\u017ee m\u00edt z\u00e1va\u017en\u00e9 vedlej\u0161\u00ed \u00fa\u010dinky. Proto je d\u016fle\u017eit\u00e9 si p\u0159ed jeho u\u017eit\u00edm uv\u011bdomit souvisej\u00edc\u00ed rizika.<\/p>","protected":false},"featured_media":7550,"comment_status":"open","ping_status":"closed","template":"","meta":{"_joinchat":[]},"product_brand":[],"product_cat":[3193],"product_tag":[],"class_list":{"0":"post-7532","1":"product","2":"type-product","3":"status-publish","4":"has-post-thumbnail","6":"product_cat-heroin","8":"first","9":"instock","10":"shipping-taxable","11":"purchasable","12":"product-type-variable"},"yoast_head":"<!-- This site is optimized with the Yoast SEO plugin v27.5 - https:\/\/yoast.com\/product\/yoast-seo-wordpress\/ -->\n<title>Kaufen Sie China White Heroin Chemgramx<\/title>\n<meta name=\"description\" content=\"Die Produktionsmethoden dieser Droge reichen je nach Lieferant und Ressourcen von roh bis raffiniert. Es ist wichtig, sich der mit dem Konsum dieser Droge verbundenen Risiken bewusst zu sein und sie nur von einer seri\u00f6sen Quelle wie Narco Powders zu beziehen\" \/>\n<meta name=\"robots\" content=\"index, follow, max-snippet:-1, max-image-preview:large, max-video-preview:-1\" \/>\n<link rel=\"canonical\" href=\"https:\/\/chemgramx.com\/cs\/produkt-1\/koupit-china-white-heroin\/\" \/>\n<meta property=\"og:locale\" content=\"cs_CZ\" \/>\n<meta property=\"og:type\" content=\"article\" \/>\n<meta property=\"og:title\" content=\"Kaufen Sie China White Heroin Chemgramx\" \/>\n<meta property=\"og:description\" content=\"Die Produktionsmethoden dieser Droge reichen je nach Lieferant und Ressourcen von roh bis raffiniert. Es ist wichtig, sich der mit dem Konsum dieser Droge verbundenen Risiken bewusst zu sein und sie nur von einer seri\u00f6sen Quelle wie Narco Powders zu beziehen\" \/>\n<meta property=\"og:url\" content=\"https:\/\/chemgramx.com\/cs\/produkt-1\/koupit-china-white-heroin\/\" \/>\n<meta property=\"og:site_name\" content=\"Chemgramx\" \/>\n<meta property=\"article:modified_time\" content=\"2025-11-21T11:18:43+00:00\" \/>\n<meta property=\"og:image\" content=\"https:\/\/chemgramx.com\/wp-content\/uploads\/2025\/11\/weibes-heroin-aus-china.jpg\" \/>\n\t<meta property=\"og:image:width\" content=\"600\" \/>\n\t<meta property=\"og:image:height\" content=\"600\" \/>\n\t<meta property=\"og:image:type\" content=\"image\/jpeg\" \/>\n<meta name=\"twitter:card\" content=\"summary_large_image\" \/>\n<meta name=\"twitter:label1\" content=\"Odhadovan\u00e1 doba \u010dten\u00ed\" \/>\n\t<meta name=\"twitter:data1\" content=\"3 minuty\" \/>\n<script type=\"application\/ld+json\" class=\"yoast-schema-graph\">{\"@context\":\"https:\\\/\\\/schema.org\",\"@graph\":[{\"@type\":\"WebPage\",\"@id\":\"https:\\\/\\\/chemgramx.com\\\/product\\\/kaufen-sie-china-white-heroin\\\/\",\"url\":\"https:\\\/\\\/chemgramx.com\\\/product\\\/kaufen-sie-china-white-heroin\\\/\",\"name\":\"Kaufen Sie China White Heroin Chemgramx\",\"isPartOf\":{\"@id\":\"https:\\\/\\\/chemgramx.com\\\/#website\"},\"primaryImageOfPage\":{\"@id\":\"https:\\\/\\\/chemgramx.com\\\/product\\\/kaufen-sie-china-white-heroin\\\/#primaryimage\"},\"image\":{\"@id\":\"https:\\\/\\\/chemgramx.com\\\/product\\\/kaufen-sie-china-white-heroin\\\/#primaryimage\"},\"thumbnailUrl\":\"https:\\\/\\\/chemgramx.com\\\/wp-content\\\/uploads\\\/2025\\\/11\\\/weibes-heroin-aus-china.jpg\",\"datePublished\":\"2025-11-21T11:18:00+00:00\",\"dateModified\":\"2025-11-21T11:18:43+00:00\",\"description\":\"Die Produktionsmethoden dieser Droge reichen je nach Lieferant und Ressourcen von roh bis raffiniert. Es ist wichtig, sich der mit dem Konsum dieser Droge verbundenen Risiken bewusst zu sein und sie nur von einer seri\u00f6sen Quelle wie Narco Powders zu beziehen\",\"breadcrumb\":{\"@id\":\"https:\\\/\\\/chemgramx.com\\\/product\\\/kaufen-sie-china-white-heroin\\\/#breadcrumb\"},\"inLanguage\":\"cs\",\"potentialAction\":[{\"@type\":\"ReadAction\",\"target\":[\"https:\\\/\\\/chemgramx.com\\\/product\\\/kaufen-sie-china-white-heroin\\\/\"]}]},{\"@type\":\"ImageObject\",\"inLanguage\":\"cs\",\"@id\":\"https:\\\/\\\/chemgramx.com\\\/product\\\/kaufen-sie-china-white-heroin\\\/#primaryimage\",\"url\":\"https:\\\/\\\/chemgramx.com\\\/wp-content\\\/uploads\\\/2025\\\/11\\\/weibes-heroin-aus-china.jpg\",\"contentUrl\":\"https:\\\/\\\/chemgramx.com\\\/wp-content\\\/uploads\\\/2025\\\/11\\\/weibes-heroin-aus-china.jpg\",\"width\":600,\"height\":600},{\"@type\":\"BreadcrumbList\",\"@id\":\"https:\\\/\\\/chemgramx.com\\\/product\\\/kaufen-sie-china-white-heroin\\\/#breadcrumb\",\"itemListElement\":[{\"@type\":\"ListItem\",\"position\":1,\"name\":\"Home\",\"item\":\"https:\\\/\\\/chemgramx.com\\\/\"},{\"@type\":\"ListItem\",\"position\":2,\"name\":\"Shop\",\"item\":\"https:\\\/\\\/chemgramx.com\\\/shop\\\/\"},{\"@type\":\"ListItem\",\"position\":3,\"name\":\"Kaufen Sie China White Heroin\"}]},{\"@type\":\"WebSite\",\"@id\":\"https:\\\/\\\/chemgramx.com\\\/#website\",\"url\":\"https:\\\/\\\/chemgramx.com\\\/\",\"name\":\"Chemgramx\",\"description\":\"\",\"publisher\":{\"@id\":\"https:\\\/\\\/chemgramx.com\\\/#organization\"},\"potentialAction\":[{\"@type\":\"SearchAction\",\"target\":{\"@type\":\"EntryPoint\",\"urlTemplate\":\"https:\\\/\\\/chemgramx.com\\\/?s={search_term_string}\"},\"query-input\":{\"@type\":\"PropertyValueSpecification\",\"valueRequired\":true,\"valueName\":\"search_term_string\"}}],\"inLanguage\":\"cs\"},{\"@type\":\"Organization\",\"@id\":\"https:\\\/\\\/chemgramx.com\\\/#organization\",\"name\":\"Chemgramx\",\"url\":\"https:\\\/\\\/chemgramx.com\\\/\",\"logo\":{\"@type\":\"ImageObject\",\"inLanguage\":\"cs\",\"@id\":\"https:\\\/\\\/chemgramx.com\\\/#\\\/schema\\\/logo\\\/image\\\/\",\"url\":\"https:\\\/\\\/chemgramx.com\\\/wp-content\\\/uploads\\\/2024\\\/10\\\/final-logo.png\",\"contentUrl\":\"https:\\\/\\\/chemgramx.com\\\/wp-content\\\/uploads\\\/2024\\\/10\\\/final-logo.png\",\"width\":250,\"height\":48,\"caption\":\"Chemgramx\"},\"image\":{\"@id\":\"https:\\\/\\\/chemgramx.com\\\/#\\\/schema\\\/logo\\\/image\\\/\"}}]}<\/script>\n<!-- \/ Yoast SEO plugin. -->","yoast_head_json":{"title":"Koupit China White Heroin Chemgramx","description":"Zp\u016fsoby v\u00fdroby t\u00e9to drogy se pohybuj\u00ed od surov\u00e9 a\u017e po rafinovanou, v z\u00e1vislosti na dodavateli a zdroj\u00edch. Je d\u016fle\u017eit\u00e9 uv\u011bdomit si rizika spojen\u00e1 s konzumac\u00ed t\u00e9to drogy a nakupovat ji pouze z renomovan\u00fdch zdroj\u016f, jako je nap\u0159\u00edklad Narco Powders.","robots":{"index":"index","follow":"follow","max-snippet":"max-snippet:-1","max-image-preview":"max-image-preview:large","max-video-preview":"max-video-preview:-1"},"canonical":"https:\/\/chemgramx.com\/cs\/produkt-1\/koupit-china-white-heroin\/","og_locale":"cs_CZ","og_type":"article","og_title":"Kaufen Sie China White Heroin Chemgramx","og_description":"Die Produktionsmethoden dieser Droge reichen je nach Lieferant und Ressourcen von roh bis raffiniert. Es ist wichtig, sich der mit dem Konsum dieser Droge verbundenen Risiken bewusst zu sein und sie nur von einer seri\u00f6sen Quelle wie Narco Powders zu beziehen","og_url":"https:\/\/chemgramx.com\/cs\/produkt-1\/koupit-china-white-heroin\/","og_site_name":"Chemgramx","article_modified_time":"2025-11-21T11:18:43+00:00","og_image":[{"width":600,"height":600,"url":"https:\/\/chemgramx.com\/wp-content\/uploads\/2025\/11\/weibes-heroin-aus-china.jpg","type":"image\/jpeg"}],"twitter_card":"summary_large_image","twitter_misc":{"Odhadovan\u00e1 doba \u010dten\u00ed":"3 minuty"},"schema":{"@context":"https:\/\/schema.org","@graph":[{"@type":"WebPage","@id":"https:\/\/chemgramx.com\/product\/kaufen-sie-china-white-heroin\/","url":"https:\/\/chemgramx.com\/product\/kaufen-sie-china-white-heroin\/","name":"Koupit China White Heroin Chemgramx","isPartOf":{"@id":"https:\/\/chemgramx.com\/#website"},"primaryImageOfPage":{"@id":"https:\/\/chemgramx.com\/product\/kaufen-sie-china-white-heroin\/#primaryimage"},"image":{"@id":"https:\/\/chemgramx.com\/product\/kaufen-sie-china-white-heroin\/#primaryimage"},"thumbnailUrl":"https:\/\/chemgramx.com\/wp-content\/uploads\/2025\/11\/weibes-heroin-aus-china.jpg","datePublished":"2025-11-21T11:18:00+00:00","dateModified":"2025-11-21T11:18:43+00:00","description":"Zp\u016fsoby v\u00fdroby t\u00e9to drogy se pohybuj\u00ed od surov\u00e9 a\u017e po rafinovanou, v z\u00e1vislosti na dodavateli a zdroj\u00edch. Je d\u016fle\u017eit\u00e9 uv\u011bdomit si rizika spojen\u00e1 s konzumac\u00ed t\u00e9to drogy a nakupovat ji pouze z renomovan\u00fdch zdroj\u016f, jako je nap\u0159\u00edklad Narco Powders.","breadcrumb":{"@id":"https:\/\/chemgramx.com\/product\/kaufen-sie-china-white-heroin\/#breadcrumb"},"inLanguage":"cs","potentialAction":[{"@type":"ReadAction","target":["https:\/\/chemgramx.com\/product\/kaufen-sie-china-white-heroin\/"]}]},{"@type":"ImageObject","inLanguage":"cs","@id":"https:\/\/chemgramx.com\/product\/kaufen-sie-china-white-heroin\/#primaryimage","url":"https:\/\/chemgramx.com\/wp-content\/uploads\/2025\/11\/weibes-heroin-aus-china.jpg","contentUrl":"https:\/\/chemgramx.com\/wp-content\/uploads\/2025\/11\/weibes-heroin-aus-china.jpg","width":600,"height":600},{"@type":"BreadcrumbList","@id":"https:\/\/chemgramx.com\/product\/kaufen-sie-china-white-heroin\/#breadcrumb","itemListElement":[{"@type":"ListItem","position":1,"name":"Home","item":"https:\/\/chemgramx.com\/"},{"@type":"ListItem","position":2,"name":"Shop","item":"https:\/\/chemgramx.com\/shop\/"},{"@type":"ListItem","position":3,"name":"Kaufen Sie China White Heroin"}]},{"@type":"WebSite","@id":"https:\/\/chemgramx.com\/#website","url":"https:\/\/chemgramx.com\/","name":"Chemgramx","description":"","publisher":{"@id":"https:\/\/chemgramx.com\/#organization"},"potentialAction":[{"@type":"SearchAction","target":{"@type":"EntryPoint","urlTemplate":"https:\/\/chemgramx.com\/?s={search_term_string}"},"query-input":{"@type":"PropertyValueSpecification","valueRequired":true,"valueName":"search_term_string"}}],"inLanguage":"cs"},{"@type":"Organization","@id":"https:\/\/chemgramx.com\/#organization","name":"Chemgramx","url":"https:\/\/chemgramx.com\/","logo":{"@type":"ImageObject","inLanguage":"cs","@id":"https:\/\/chemgramx.com\/#\/schema\/logo\/image\/","url":"https:\/\/chemgramx.com\/wp-content\/uploads\/2024\/10\/final-logo.png","contentUrl":"https:\/\/chemgramx.com\/wp-content\/uploads\/2024\/10\/final-logo.png","width":250,"height":48,"caption":"Chemgramx"},"image":{"@id":"https:\/\/chemgramx.com\/#\/schema\/logo\/image\/"}}]}},"_links":{"self":[{"href":"https:\/\/chemgramx.com\/cs\/wp-json\/wp\/v2\/product\/7532","targetHints":{"allow":["GET"]}}],"collection":[{"href":"https:\/\/chemgramx.com\/cs\/wp-json\/wp\/v2\/product"}],"about":[{"href":"https:\/\/chemgramx.com\/cs\/wp-json\/wp\/v2\/types\/product"}],"replies":[{"embeddable":true,"href":"https:\/\/chemgramx.com\/cs\/wp-json\/wp\/v2\/comments?post=7532"}],"wp:featuredmedia":[{"embeddable":true,"href":"https:\/\/chemgramx.com\/cs\/wp-json\/wp\/v2\/media\/7550"}],"wp:attachment":[{"href":"https:\/\/chemgramx.com\/cs\/wp-json\/wp\/v2\/media?parent=7532"}],"wp:term":[{"taxonomy":"product_brand","embeddable":true,"href":"https:\/\/chemgramx.com\/cs\/wp-json\/wp\/v2\/product_brand?post=7532"},{"taxonomy":"product_cat","embeddable":true,"href":"https:\/\/chemgramx.com\/cs\/wp-json\/wp\/v2\/product_cat?post=7532"},{"taxonomy":"product_tag","embeddable":true,"href":"https:\/\/chemgramx.com\/cs\/wp-json\/wp\/v2\/product_tag?post=7532"}],"curies":[{"name":"wp","href":"https:\/\/api.w.org\/{rel}","templated":true}]}}