{"id":7534,"date":"2025-11-21T11:18:00","date_gmt":"2025-11-21T11:18:00","guid":{"rendered":"https:\/\/chemgramx.com\/?post_type=product&#038;p=7534"},"modified":"2025-11-21T11:19:12","modified_gmt":"2025-11-21T11:19:12","slug":"6-koupit-mapb-online","status":"publish","type":"product","link":"https:\/\/chemgramx.com\/cs\/product\/6-mapb-online-kaufen\/","title":{"rendered":"Koupit 6-MAPB online"},"content":{"rendered":"<h2>Kupte si origin\u00e1ln\u00ed nebo fale\u0161n\u00fd 6-MAPB online<\/h2>\n<p><a href=\"https:\/\/chemgramx.com\/product\/6-mapb\/\">6-MAPB<\/a> 6-MAPB je vysoce \u010di\u0161t\u011bn\u00e1 syntetick\u00e1 slou\u010denina, kter\u00e1 se \u010dasto pou\u017e\u00edv\u00e1 ve v\u011bdeck\u00e9m v\u00fdzkumu k z\u00edsk\u00e1n\u00ed hlub\u0161\u00edho vhledu do chemick\u00fdch a farmakologick\u00fdch proces\u016f. V\u00fdzkumn\u00edci, kte\u0159\u00ed si 6-MAPB zakoup\u00ed online, se mohou spolehnout na jeho stabilitu a \u010distotu, co\u017e z n\u011bj \u010din\u00ed ide\u00e1ln\u00ed volbu pro p\u0159esn\u00e9 a reprodukovateln\u00e9 experiment\u00e1ln\u00ed v\u00fdsledky.<\/p>\n<h3>Pro\u010d koupit 6-MAPB online?<\/h3>\n<p>V\u011bdci kupuj\u00ed prav\u00e9 nebo fale\u0161n\u00e9 <a href=\"https:\/\/en.wikipedia.org\/wiki\/6-MAPB\">6-MAPB<\/a>6-MAPB se pou\u017e\u00edv\u00e1 ke zkoum\u00e1n\u00ed chemick\u00fdch reakc\u00ed a pochopen\u00ed \u00fa\u010dink\u016f l\u00e1tek na r\u016fzn\u00e9 biologick\u00e9 syst\u00e9my. Tato slou\u010denina prok\u00e1zala velk\u00fd potenci\u00e1l p\u0159i objevov\u00e1n\u00ed l\u00e9k\u016f a studi\u00edch interakc\u00ed receptor\u016f. Pokud si p\u0159ejete zakoupit 6-MAPB, a\u0165 u\u017e origin\u00e1ln\u00ed nebo pad\u011blan\u00fd, d\u016fv\u011bryhodn\u00fd dodavatel v\u00e1m zaru\u010d\u00ed bezpe\u010dn\u00fd a spolehliv\u00fd n\u00e1kupn\u00ed z\u00e1\u017eitek.<\/p>\n<h3>Aplikace a bezpe\u010dnost<\/h3>\n<p>Stejn\u011b jako v\u0161echny specializovan\u00e9 chemick\u00e9 slou\u010deniny je i 6-MAPB ur\u010den v\u00fdhradn\u011b pro kvalifikovan\u00e9 v\u00fdzkumn\u00edky a laborato\u0159e. Mus\u00ed b\u00fdt zach\u00e1zeno za p\u0159\u00edsn\u00fdch bezpe\u010dnostn\u00edch opat\u0159en\u00ed a pou\u017e\u00edv\u00e1n pouze pro v\u011bdeck\u00e9 \u00fa\u010dely. Nen\u00ed vhodn\u00fd k lidsk\u00e9 spot\u0159eb\u011b. P\u0159i n\u00e1kupu 6-MAPB online se v\u017edy \u0159i\u010fte p\u0159\u00edslu\u0161n\u00fdmi laboratorn\u00edmi bezpe\u010dnostn\u00edmi protokoly.<\/p>\n<h3>Pokyny pro skladov\u00e1n\u00ed<\/h3>\n<p>Pro zachov\u00e1n\u00ed chemick\u00e9 integrity 6-MAPB jej skladujte na chladn\u00e9m a such\u00e9m m\u00edst\u011b mimo dosah p\u0159\u00edm\u00e9ho slune\u010dn\u00edho z\u00e1\u0159en\u00ed. Spr\u00e1vn\u00e9 skladov\u00e1n\u00ed zaji\u0161\u0165uje stabilitu a spolehliv\u00e9 v\u00fdsledky v\u00fdzkumu \u2013 a\u0165 u\u017e kupujete 6-MAPB levn\u011b online nebo ve velk\u00e9m.<\/p>\n<h3>Vlastnosti a v\u00fdhody<\/h3>\n<ul>\n<li>Vysok\u00e1 \u010distota: Zaji\u0161\u0165uje p\u0159esn\u00e9 a spolehliv\u00e9 v\u00fdsledky v\u00fdzkumu.<\/li>\n<li>Stabiln\u00ed chemick\u00e9 vlastnosti: Ide\u00e1ln\u00ed pro dlouhodob\u00e9 studie a experimenty.<\/li>\n<li>P\u0159\u00edsn\u00e1 kontrola kvality: Ka\u017ed\u00e1 \u0161ar\u017ee origin\u00e1ln\u00edho nebo pad\u011blan\u00e9ho 6-MAPB je testov\u00e1na na \u010distotu a konzistenci.<\/li>\n<li>Pouze pro v\u00fdzkumn\u00e9 \u00fa\u010dely: Nevhodn\u00e9 k lidsk\u00e9 spot\u0159eb\u011b.<\/li>\n<\/ul>\n<h3>Kde si m\u016f\u017eete koupit 6-MAPB<\/h3>\n<p>Pro ty, kte\u0159\u00ed cht\u011bj\u00ed koupit 6-MAPB za nejlep\u0161\u00ed cenu, nab\u00edz\u00ed na\u0161e platforma atraktivn\u00ed ceny a flexibiln\u00ed objednac\u00ed mno\u017estv\u00ed. 6-MAPB si m\u016f\u017eete zakoupit bezpe\u010dn\u011b a diskr\u00e9tn\u011b online.<\/p>","protected":false},"excerpt":{"rendered":"<p><strong>6-MAPB<\/strong> je syntetick\u00e1 chemick\u00e1 slou\u010denina, kter\u00e1 byla vyvinuta pro \u00fa\u010dely p\u0159esn\u00e9ho v\u011bdeck\u00e9ho v\u00fdzkumu. Tato stabiln\u00ed l\u00e1tka se pou\u017e\u00edv\u00e1 v chemick\u00fdch a farmakologick\u00fdch studi\u00edch k z\u00edsk\u00e1n\u00ed nov\u00fdch poznatk\u016f. Ka\u017ed\u00e1 \u0161ar\u017ee je testov\u00e1na na nejvy\u0161\u0161\u00ed \u010distotu. Pouze pro v\u00fdzkumn\u00e9 \u00fa\u010dely - nen\u00ed vhodn\u00e9 pro lidskou spot\u0159ebu.<\/p>","protected":false},"featured_media":7552,"comment_status":"open","ping_status":"closed","template":"","meta":{"_joinchat":[]},"product_brand":[],"product_cat":[1798],"product_tag":[2386,2392,2391,2387,2393,2390,2388,2389,2394,2182],"class_list":{"0":"post-7534","1":"product","2":"type-product","3":"status-publish","4":"has-post-thumbnail","6":"product_cat-empathogene","7":"product_tag-6-mapb","8":"product_tag-6-mapb-chemikalien","9":"product_tag-6-mapb-forschung","10":"product_tag-6-mapb-kaufen","11":"product_tag-6-mapb-kaufen-online","12":"product_tag-6-mapb-kristalle","13":"product_tag-6-mapb-online","14":"product_tag-6-mapb-pulver","15":"product_tag-forschung-6-mapb","16":"product_tag-synthetische-chemikalien","18":"first","19":"instock","20":"shipping-taxable","21":"purchasable","22":"product-type-variable"},"yoast_head":"<!-- This site is optimized with the Yoast SEO plugin v27.5 - https:\/\/yoast.com\/product\/yoast-seo-wordpress\/ -->\n<title>6-MAPB online kaufen \u2013 6-MAPB zu verkaufen | chemgramx<\/title>\n<meta name=\"description\" content=\"Ihre Bestellung von 6-mapb zu verkaufen liegt in unserer Verantwortung. Wir werden Ihre Anfrage zum Online-Kauf von 6-mapb ber\u00fccksichtigen und Sie in kurzer Zeit erreichen. Jetzt Gro\u00dfbestellungen aufgeben!\" \/>\n<meta name=\"robots\" content=\"index, follow, max-snippet:-1, max-image-preview:large, max-video-preview:-1\" \/>\n<link rel=\"canonical\" href=\"https:\/\/chemgramx.com\/cs\/produkt-1\/6-koupit-mapb-online\/\" \/>\n<meta property=\"og:locale\" content=\"cs_CZ\" \/>\n<meta property=\"og:type\" content=\"article\" \/>\n<meta property=\"og:title\" content=\"6-MAPB online kaufen \u2013 6-MAPB zu verkaufen | chemgramx\" \/>\n<meta property=\"og:description\" content=\"Ihre Bestellung von 6-mapb zu verkaufen liegt in unserer Verantwortung. Wir werden Ihre Anfrage zum Online-Kauf von 6-mapb ber\u00fccksichtigen und Sie in kurzer Zeit erreichen. Jetzt Gro\u00dfbestellungen aufgeben!\" \/>\n<meta property=\"og:url\" content=\"https:\/\/chemgramx.com\/cs\/produkt-1\/6-koupit-mapb-online\/\" \/>\n<meta property=\"og:site_name\" content=\"Chemgramx\" \/>\n<meta property=\"article:modified_time\" content=\"2025-11-21T11:19:12+00:00\" \/>\n<meta property=\"og:image\" content=\"https:\/\/chemgramx.com\/wp-content\/uploads\/2025\/11\/6mapb.png\" \/>\n\t<meta property=\"og:image:width\" content=\"600\" \/>\n\t<meta property=\"og:image:height\" content=\"400\" \/>\n\t<meta property=\"og:image:type\" content=\"image\/png\" \/>\n<meta name=\"twitter:card\" content=\"summary_large_image\" \/>\n<meta name=\"twitter:label1\" content=\"Odhadovan\u00e1 doba \u010dten\u00ed\" \/>\n\t<meta name=\"twitter:data1\" content=\"2 minuty\" \/>\n<script type=\"application\/ld+json\" class=\"yoast-schema-graph\">{\"@context\":\"https:\\\/\\\/schema.org\",\"@graph\":[{\"@type\":\"WebPage\",\"@id\":\"https:\\\/\\\/chemgramx.com\\\/product\\\/6-mapb-online-kaufen\\\/\",\"url\":\"https:\\\/\\\/chemgramx.com\\\/product\\\/6-mapb-online-kaufen\\\/\",\"name\":\"6-MAPB online kaufen \u2013 6-MAPB zu verkaufen | chemgramx\",\"isPartOf\":{\"@id\":\"https:\\\/\\\/chemgramx.com\\\/#website\"},\"primaryImageOfPage\":{\"@id\":\"https:\\\/\\\/chemgramx.com\\\/product\\\/6-mapb-online-kaufen\\\/#primaryimage\"},\"image\":{\"@id\":\"https:\\\/\\\/chemgramx.com\\\/product\\\/6-mapb-online-kaufen\\\/#primaryimage\"},\"thumbnailUrl\":\"https:\\\/\\\/chemgramx.com\\\/wp-content\\\/uploads\\\/2025\\\/11\\\/6mapb.png\",\"datePublished\":\"2025-11-21T11:18:00+00:00\",\"dateModified\":\"2025-11-21T11:19:12+00:00\",\"description\":\"Ihre Bestellung von 6-mapb zu verkaufen liegt in unserer Verantwortung. Wir werden Ihre Anfrage zum Online-Kauf von 6-mapb ber\u00fccksichtigen und Sie in kurzer Zeit erreichen. Jetzt Gro\u00dfbestellungen aufgeben!\",\"breadcrumb\":{\"@id\":\"https:\\\/\\\/chemgramx.com\\\/product\\\/6-mapb-online-kaufen\\\/#breadcrumb\"},\"inLanguage\":\"cs\",\"potentialAction\":[{\"@type\":\"ReadAction\",\"target\":[\"https:\\\/\\\/chemgramx.com\\\/product\\\/6-mapb-online-kaufen\\\/\"]}]},{\"@type\":\"ImageObject\",\"inLanguage\":\"cs\",\"@id\":\"https:\\\/\\\/chemgramx.com\\\/product\\\/6-mapb-online-kaufen\\\/#primaryimage\",\"url\":\"https:\\\/\\\/chemgramx.com\\\/wp-content\\\/uploads\\\/2025\\\/11\\\/6mapb.png\",\"contentUrl\":\"https:\\\/\\\/chemgramx.com\\\/wp-content\\\/uploads\\\/2025\\\/11\\\/6mapb.png\",\"width\":600,\"height\":400},{\"@type\":\"BreadcrumbList\",\"@id\":\"https:\\\/\\\/chemgramx.com\\\/product\\\/6-mapb-online-kaufen\\\/#breadcrumb\",\"itemListElement\":[{\"@type\":\"ListItem\",\"position\":1,\"name\":\"Home\",\"item\":\"https:\\\/\\\/chemgramx.com\\\/\"},{\"@type\":\"ListItem\",\"position\":2,\"name\":\"Shop\",\"item\":\"https:\\\/\\\/chemgramx.com\\\/shop\\\/\"},{\"@type\":\"ListItem\",\"position\":3,\"name\":\"6-MAPB online kaufen\"}]},{\"@type\":\"WebSite\",\"@id\":\"https:\\\/\\\/chemgramx.com\\\/#website\",\"url\":\"https:\\\/\\\/chemgramx.com\\\/\",\"name\":\"Chemgramx\",\"description\":\"\",\"publisher\":{\"@id\":\"https:\\\/\\\/chemgramx.com\\\/#organization\"},\"potentialAction\":[{\"@type\":\"SearchAction\",\"target\":{\"@type\":\"EntryPoint\",\"urlTemplate\":\"https:\\\/\\\/chemgramx.com\\\/?s={search_term_string}\"},\"query-input\":{\"@type\":\"PropertyValueSpecification\",\"valueRequired\":true,\"valueName\":\"search_term_string\"}}],\"inLanguage\":\"cs\"},{\"@type\":\"Organization\",\"@id\":\"https:\\\/\\\/chemgramx.com\\\/#organization\",\"name\":\"Chemgramx\",\"url\":\"https:\\\/\\\/chemgramx.com\\\/\",\"logo\":{\"@type\":\"ImageObject\",\"inLanguage\":\"cs\",\"@id\":\"https:\\\/\\\/chemgramx.com\\\/#\\\/schema\\\/logo\\\/image\\\/\",\"url\":\"https:\\\/\\\/chemgramx.com\\\/wp-content\\\/uploads\\\/2024\\\/10\\\/final-logo.png\",\"contentUrl\":\"https:\\\/\\\/chemgramx.com\\\/wp-content\\\/uploads\\\/2024\\\/10\\\/final-logo.png\",\"width\":250,\"height\":48,\"caption\":\"Chemgramx\"},\"image\":{\"@id\":\"https:\\\/\\\/chemgramx.com\\\/#\\\/schema\\\/logo\\\/image\\\/\"}}]}<\/script>\n<!-- \/ Yoast SEO plugin. -->","yoast_head_json":{"title":"Koupit 6-MAPB online - 6-MAPB na prodej | chemgramx","description":"Za va\u0161i objedn\u00e1vku 6-mapb na prodej neseme odpov\u011bdnost. Va\u0161i \u017e\u00e1dost o koupi 6-mapb online zv\u00e1\u017e\u00edme a v kr\u00e1tk\u00e9 dob\u011b se k v\u00e1m dostaneme. Zadejte hromadnou objedn\u00e1vku nyn\u00ed!","robots":{"index":"index","follow":"follow","max-snippet":"max-snippet:-1","max-image-preview":"max-image-preview:large","max-video-preview":"max-video-preview:-1"},"canonical":"https:\/\/chemgramx.com\/cs\/produkt-1\/6-koupit-mapb-online\/","og_locale":"cs_CZ","og_type":"article","og_title":"6-MAPB online kaufen \u2013 6-MAPB zu verkaufen | chemgramx","og_description":"Ihre Bestellung von 6-mapb zu verkaufen liegt in unserer Verantwortung. Wir werden Ihre Anfrage zum Online-Kauf von 6-mapb ber\u00fccksichtigen und Sie in kurzer Zeit erreichen. Jetzt Gro\u00dfbestellungen aufgeben!","og_url":"https:\/\/chemgramx.com\/cs\/produkt-1\/6-koupit-mapb-online\/","og_site_name":"Chemgramx","article_modified_time":"2025-11-21T11:19:12+00:00","og_image":[{"width":600,"height":400,"url":"https:\/\/chemgramx.com\/wp-content\/uploads\/2025\/11\/6mapb.png","type":"image\/png"}],"twitter_card":"summary_large_image","twitter_misc":{"Odhadovan\u00e1 doba \u010dten\u00ed":"2 minuty"},"schema":{"@context":"https:\/\/schema.org","@graph":[{"@type":"WebPage","@id":"https:\/\/chemgramx.com\/product\/6-mapb-online-kaufen\/","url":"https:\/\/chemgramx.com\/product\/6-mapb-online-kaufen\/","name":"Koupit 6-MAPB online - 6-MAPB na prodej | chemgramx","isPartOf":{"@id":"https:\/\/chemgramx.com\/#website"},"primaryImageOfPage":{"@id":"https:\/\/chemgramx.com\/product\/6-mapb-online-kaufen\/#primaryimage"},"image":{"@id":"https:\/\/chemgramx.com\/product\/6-mapb-online-kaufen\/#primaryimage"},"thumbnailUrl":"https:\/\/chemgramx.com\/wp-content\/uploads\/2025\/11\/6mapb.png","datePublished":"2025-11-21T11:18:00+00:00","dateModified":"2025-11-21T11:19:12+00:00","description":"Za va\u0161i objedn\u00e1vku 6-mapb na prodej neseme odpov\u011bdnost. Va\u0161i \u017e\u00e1dost o koupi 6-mapb online zv\u00e1\u017e\u00edme a v kr\u00e1tk\u00e9 dob\u011b se k v\u00e1m dostaneme. Zadejte hromadnou objedn\u00e1vku nyn\u00ed!","breadcrumb":{"@id":"https:\/\/chemgramx.com\/product\/6-mapb-online-kaufen\/#breadcrumb"},"inLanguage":"cs","potentialAction":[{"@type":"ReadAction","target":["https:\/\/chemgramx.com\/product\/6-mapb-online-kaufen\/"]}]},{"@type":"ImageObject","inLanguage":"cs","@id":"https:\/\/chemgramx.com\/product\/6-mapb-online-kaufen\/#primaryimage","url":"https:\/\/chemgramx.com\/wp-content\/uploads\/2025\/11\/6mapb.png","contentUrl":"https:\/\/chemgramx.com\/wp-content\/uploads\/2025\/11\/6mapb.png","width":600,"height":400},{"@type":"BreadcrumbList","@id":"https:\/\/chemgramx.com\/product\/6-mapb-online-kaufen\/#breadcrumb","itemListElement":[{"@type":"ListItem","position":1,"name":"Home","item":"https:\/\/chemgramx.com\/"},{"@type":"ListItem","position":2,"name":"Shop","item":"https:\/\/chemgramx.com\/shop\/"},{"@type":"ListItem","position":3,"name":"6-MAPB online kaufen"}]},{"@type":"WebSite","@id":"https:\/\/chemgramx.com\/#website","url":"https:\/\/chemgramx.com\/","name":"Chemgramx","description":"","publisher":{"@id":"https:\/\/chemgramx.com\/#organization"},"potentialAction":[{"@type":"SearchAction","target":{"@type":"EntryPoint","urlTemplate":"https:\/\/chemgramx.com\/?s={search_term_string}"},"query-input":{"@type":"PropertyValueSpecification","valueRequired":true,"valueName":"search_term_string"}}],"inLanguage":"cs"},{"@type":"Organization","@id":"https:\/\/chemgramx.com\/#organization","name":"Chemgramx","url":"https:\/\/chemgramx.com\/","logo":{"@type":"ImageObject","inLanguage":"cs","@id":"https:\/\/chemgramx.com\/#\/schema\/logo\/image\/","url":"https:\/\/chemgramx.com\/wp-content\/uploads\/2024\/10\/final-logo.png","contentUrl":"https:\/\/chemgramx.com\/wp-content\/uploads\/2024\/10\/final-logo.png","width":250,"height":48,"caption":"Chemgramx"},"image":{"@id":"https:\/\/chemgramx.com\/#\/schema\/logo\/image\/"}}]}},"_links":{"self":[{"href":"https:\/\/chemgramx.com\/cs\/wp-json\/wp\/v2\/product\/7534","targetHints":{"allow":["GET"]}}],"collection":[{"href":"https:\/\/chemgramx.com\/cs\/wp-json\/wp\/v2\/product"}],"about":[{"href":"https:\/\/chemgramx.com\/cs\/wp-json\/wp\/v2\/types\/product"}],"replies":[{"embeddable":true,"href":"https:\/\/chemgramx.com\/cs\/wp-json\/wp\/v2\/comments?post=7534"}],"wp:featuredmedia":[{"embeddable":true,"href":"https:\/\/chemgramx.com\/cs\/wp-json\/wp\/v2\/media\/7552"}],"wp:attachment":[{"href":"https:\/\/chemgramx.com\/cs\/wp-json\/wp\/v2\/media?parent=7534"}],"wp:term":[{"taxonomy":"product_brand","embeddable":true,"href":"https:\/\/chemgramx.com\/cs\/wp-json\/wp\/v2\/product_brand?post=7534"},{"taxonomy":"product_cat","embeddable":true,"href":"https:\/\/chemgramx.com\/cs\/wp-json\/wp\/v2\/product_cat?post=7534"},{"taxonomy":"product_tag","embeddable":true,"href":"https:\/\/chemgramx.com\/cs\/wp-json\/wp\/v2\/product_tag?post=7534"}],"curies":[{"name":"wp","href":"https:\/\/api.w.org\/{rel}","templated":true}]}}