{"id":7535,"date":"2025-11-21T11:18:00","date_gmt":"2025-11-21T11:18:00","guid":{"rendered":"https:\/\/chemgramx.com\/?post_type=product&#038;p=7535"},"modified":"2025-11-21T11:19:12","modified_gmt":"2025-11-21T11:19:12","slug":"bk-2c-b-online-objednavka","status":"publish","type":"product","link":"https:\/\/chemgramx.com\/cs\/product\/bk-2c-b-online-bestellung\/","title":{"rendered":"Bk-2C-B Online objedn\u00e1vka"},"content":{"rendered":"<h2>Koupit origin\u00e1ln\u00ed nebo pad\u011blan\u00e9 Bk-2C-B online<\/h2>\n<p><a href=\"https:\/\/chemgramx.com\/product\/bk-2c-b\/\">Bk-2C-B<\/a> je vysoce \u010dist\u00e1 syntetick\u00e1 slou\u010denina pou\u017e\u00edvan\u00e1 ve v\u011bdeck\u00e9m v\u00fdzkumu k z\u00edsk\u00e1n\u00ed poznatk\u016f v chemii a farmakologii. V\u00fdzkumn\u00edci, kte\u0159\u00ed si cht\u011bj\u00ed koupit Bk-2C-B online, se mohou spolehnout na jeho stabilitu a konzistenci, co\u017e z n\u011bj \u010din\u00ed ide\u00e1ln\u00ed l\u00e1tku pro podrobn\u00e9 laboratorn\u00ed studie a experimenty.<\/p>\n<h3>Pro\u010d si koupit Bk-2C-B online?<\/h3>\n<p>V\u011bdci kupuj\u00ed prav\u00e9 nebo fale\u0161n\u00e9 <a href=\"https:\/\/en.wikipedia.org\/wiki\/%CE%92k-2C-B\">Bk-2C-B<\/a>, analyzovat chemick\u00e9 reakce a zkoumat jejich \u00fa\u010dinky na biologick\u00e9 syst\u00e9my. Tato l\u00e1tka hraje kl\u00ed\u010dovou roli p\u0159i objevov\u00e1n\u00ed l\u00e9\u010div a studiu interakc\u00ed s receptory. Pokud si chcete koupit Bk-2C-B nebo si objednat pravou \u010di fale\u0161nou Bk-2C-B, na\u0161e platforma nab\u00edz\u00ed bezpe\u010dnou a spolehlivou mo\u017enost.<\/p>\n<h3>Aplikace a bezpe\u010dnost<\/h3>\n<p>Stejn\u011b jako v\u0161echny specializovan\u00e9 chemick\u00e9 slou\u010deniny je i Bk-2C-B ur\u010den pouze pro pou\u017eit\u00ed kvalifikovan\u00fdmi odborn\u00edky a pro v\u00fdzkumn\u00e9 \u00fa\u010dely. Nen\u00ed ur\u010den k lidsk\u00e9 spot\u0159eb\u011b. P\u0159i objedn\u00e1v\u00e1n\u00ed Bk-2C-B online je nezbytn\u00e9 bezpe\u010dn\u00e9 zach\u00e1zen\u00ed v souladu s laboratorn\u00edmi bezpe\u010dnostn\u00edmi normami.<\/p>\n<h3>Pokyny pro skladov\u00e1n\u00ed<\/h3>\n<p>Pro zachov\u00e1n\u00ed chemick\u00e9 integrity by m\u011bl b\u00fdt Bk-2C-B skladov\u00e1n na chladn\u00e9m a such\u00e9m m\u00edst\u011b mimo dosah p\u0159\u00edm\u00e9ho slune\u010dn\u00edho z\u00e1\u0159en\u00ed. Spr\u00e1vn\u00e9 skladov\u00e1n\u00ed zaji\u0161\u0165uje stabilitu a konzistentn\u00ed v\u00fdsledky, a\u0165 u\u017e si Bk-2C-B koup\u00edte online nebo ve velk\u00e9m.<\/p>\n<h3>Vlastnosti a v\u00fdhody<\/h3>\n<ul>\n<li>Vysok\u00e1 \u010distota: Zaru\u010duje p\u0159esn\u00e9 a spolehliv\u00e9 v\u00fdsledky v\u00fdzkumu.<\/li>\n<li>Stabilita: ide\u00e1ln\u00ed pro dlouhodob\u00e9 experimenty a chemick\u00e9 studie<\/li>\n<li>P\u0159\u00edsn\u00e1 kontrola kvality: Ka\u017ed\u00e1 \u0161ar\u017ee prav\u00e9ho nebo pad\u011blan\u00e9ho Bk-2C-B je testov\u00e1na na \u010distotu a konzistenci.<\/li>\n<li>Pouze pro v\u00fdzkumn\u00e9 \u00fa\u010dely: Nevhodn\u00e9 k lidsk\u00e9 spot\u0159eb\u011b.<\/li>\n<\/ul>\n<h3>Zdroje dod\u00e1vek pro Bk-2C-B<\/h3>\n<p>Pro ty, kte\u0159\u00ed cht\u011bj\u00ed koupit Bk-2C-B za nejlep\u0161\u00ed cenu, nab\u00edz\u00edme atraktivn\u00ed ceny a flexibiln\u00ed mno\u017estv\u00ed objedn\u00e1vek. Bk-2C-B si m\u016f\u017eete koupit bezpe\u010dn\u011b a diskr\u00e9tn\u011b online, co\u017e zaji\u0161\u0165uje hladk\u00fd a spolehliv\u00fd proces objedn\u00e1v\u00e1n\u00ed.<\/p>","protected":false},"excerpt":{"rendered":"<p><strong>BK-2C-B<\/strong> je pokro\u010dil\u00e1 syntetick\u00e1 chemick\u00e1 slou\u010denina vyvinut\u00e1 v\u00fdhradn\u011b pro \u00fa\u010dely v\u011bdeck\u00e9ho v\u00fdzkumu. Tato stabiln\u00ed l\u00e1tka se pou\u017e\u00edv\u00e1 ke studiu chemick\u00fdch reakc\u00ed a farmakologick\u00fdch proces\u016f. Ka\u017ed\u00e1 \u0161ar\u017ee je testov\u00e1na na nejvy\u0161\u0161\u00ed \u010distotu. Pouze pro v\u00fdzkumn\u00e9 \u00fa\u010dely - nen\u00ed vhodn\u00e1 pro pou\u017eit\u00ed u lid\u00ed.<\/p>","protected":false},"featured_media":7553,"comment_status":"open","ping_status":"closed","template":"","meta":{"_joinchat":[]},"product_brand":[],"product_cat":[1798],"product_tag":[2373,2379,2378,2374,2380,2377,2375,2376,2381,2182],"class_list":{"0":"post-7535","1":"product","2":"type-product","3":"status-publish","4":"has-post-thumbnail","6":"product_cat-empathogene","7":"product_tag-bk-2c-b","8":"product_tag-bk-2c-b-chemikalien","9":"product_tag-bk-2c-b-forschung","10":"product_tag-bk-2c-b-kaufen","11":"product_tag-bk-2c-b-kaufen-online","12":"product_tag-bk-2c-b-kristalle","13":"product_tag-bk-2c-b-online","14":"product_tag-bk-2c-b-pulver","15":"product_tag-forschung-bk-2c-b","16":"product_tag-synthetische-chemikalien","18":"first","19":"instock","20":"shipping-taxable","21":"purchasable","22":"product-type-variable"},"yoast_head":"<!-- This site is optimized with the Yoast SEO plugin v27.5 - https:\/\/yoast.com\/product\/yoast-seo-wordpress\/ -->\n<title>Bk-2C-B online kaufen \u2013 Bk-2C-B zu verkaufen | chemgramx<\/title>\n<meta name=\"description\" content=\"Chemgramx ist der beste Ort, um BK-2C-B online zu kaufen. Wir bieten BK-2C-B zu den besten Preisen zum Verkauf an. Sichern Sie sich den besten Preis mit tollen Angeboten. Bestellen Sie jetzt!\" \/>\n<meta name=\"robots\" content=\"index, follow, max-snippet:-1, max-image-preview:large, max-video-preview:-1\" \/>\n<link rel=\"canonical\" href=\"https:\/\/chemgramx.com\/cs\/produkt-1\/bk-2c-b-online-objednavka\/\" \/>\n<meta property=\"og:locale\" content=\"cs_CZ\" \/>\n<meta property=\"og:type\" content=\"article\" \/>\n<meta property=\"og:title\" content=\"Bk-2C-B online kaufen \u2013 Bk-2C-B zu verkaufen | chemgramx\" \/>\n<meta property=\"og:description\" content=\"Chemgramx ist der beste Ort, um BK-2C-B online zu kaufen. Wir bieten BK-2C-B zu den besten Preisen zum Verkauf an. Sichern Sie sich den besten Preis mit tollen Angeboten. Bestellen Sie jetzt!\" \/>\n<meta property=\"og:url\" content=\"https:\/\/chemgramx.com\/cs\/produkt-1\/bk-2c-b-online-objednavka\/\" \/>\n<meta property=\"og:site_name\" content=\"Chemgramx\" \/>\n<meta property=\"article:modified_time\" content=\"2025-11-21T11:19:12+00:00\" \/>\n<meta property=\"og:image\" content=\"https:\/\/chemgramx.com\/wp-content\/uploads\/2025\/11\/bk2cb.png\" \/>\n\t<meta property=\"og:image:width\" content=\"600\" \/>\n\t<meta property=\"og:image:height\" content=\"400\" \/>\n\t<meta property=\"og:image:type\" content=\"image\/png\" \/>\n<meta name=\"twitter:card\" content=\"summary_large_image\" \/>\n<meta name=\"twitter:label1\" content=\"Odhadovan\u00e1 doba \u010dten\u00ed\" \/>\n\t<meta name=\"twitter:data1\" content=\"2 minuty\" \/>\n<script type=\"application\/ld+json\" class=\"yoast-schema-graph\">{\"@context\":\"https:\\\/\\\/schema.org\",\"@graph\":[{\"@type\":\"WebPage\",\"@id\":\"https:\\\/\\\/chemgramx.com\\\/product\\\/bk-2c-b-online-bestellung\\\/\",\"url\":\"https:\\\/\\\/chemgramx.com\\\/product\\\/bk-2c-b-online-bestellung\\\/\",\"name\":\"Bk-2C-B online kaufen \u2013 Bk-2C-B zu verkaufen | chemgramx\",\"isPartOf\":{\"@id\":\"https:\\\/\\\/chemgramx.com\\\/#website\"},\"primaryImageOfPage\":{\"@id\":\"https:\\\/\\\/chemgramx.com\\\/product\\\/bk-2c-b-online-bestellung\\\/#primaryimage\"},\"image\":{\"@id\":\"https:\\\/\\\/chemgramx.com\\\/product\\\/bk-2c-b-online-bestellung\\\/#primaryimage\"},\"thumbnailUrl\":\"https:\\\/\\\/chemgramx.com\\\/wp-content\\\/uploads\\\/2025\\\/11\\\/bk2cb.png\",\"datePublished\":\"2025-11-21T11:18:00+00:00\",\"dateModified\":\"2025-11-21T11:19:12+00:00\",\"description\":\"Chemgramx ist der beste Ort, um BK-2C-B online zu kaufen. Wir bieten BK-2C-B zu den besten Preisen zum Verkauf an. Sichern Sie sich den besten Preis mit tollen Angeboten. Bestellen Sie jetzt!\",\"breadcrumb\":{\"@id\":\"https:\\\/\\\/chemgramx.com\\\/product\\\/bk-2c-b-online-bestellung\\\/#breadcrumb\"},\"inLanguage\":\"cs\",\"potentialAction\":[{\"@type\":\"ReadAction\",\"target\":[\"https:\\\/\\\/chemgramx.com\\\/product\\\/bk-2c-b-online-bestellung\\\/\"]}]},{\"@type\":\"ImageObject\",\"inLanguage\":\"cs\",\"@id\":\"https:\\\/\\\/chemgramx.com\\\/product\\\/bk-2c-b-online-bestellung\\\/#primaryimage\",\"url\":\"https:\\\/\\\/chemgramx.com\\\/wp-content\\\/uploads\\\/2025\\\/11\\\/bk2cb.png\",\"contentUrl\":\"https:\\\/\\\/chemgramx.com\\\/wp-content\\\/uploads\\\/2025\\\/11\\\/bk2cb.png\",\"width\":600,\"height\":400},{\"@type\":\"BreadcrumbList\",\"@id\":\"https:\\\/\\\/chemgramx.com\\\/product\\\/bk-2c-b-online-bestellung\\\/#breadcrumb\",\"itemListElement\":[{\"@type\":\"ListItem\",\"position\":1,\"name\":\"Home\",\"item\":\"https:\\\/\\\/chemgramx.com\\\/\"},{\"@type\":\"ListItem\",\"position\":2,\"name\":\"Shop\",\"item\":\"https:\\\/\\\/chemgramx.com\\\/shop\\\/\"},{\"@type\":\"ListItem\",\"position\":3,\"name\":\"Bk-2C-B Online Bestellung\"}]},{\"@type\":\"WebSite\",\"@id\":\"https:\\\/\\\/chemgramx.com\\\/#website\",\"url\":\"https:\\\/\\\/chemgramx.com\\\/\",\"name\":\"Chemgramx\",\"description\":\"\",\"publisher\":{\"@id\":\"https:\\\/\\\/chemgramx.com\\\/#organization\"},\"potentialAction\":[{\"@type\":\"SearchAction\",\"target\":{\"@type\":\"EntryPoint\",\"urlTemplate\":\"https:\\\/\\\/chemgramx.com\\\/?s={search_term_string}\"},\"query-input\":{\"@type\":\"PropertyValueSpecification\",\"valueRequired\":true,\"valueName\":\"search_term_string\"}}],\"inLanguage\":\"cs\"},{\"@type\":\"Organization\",\"@id\":\"https:\\\/\\\/chemgramx.com\\\/#organization\",\"name\":\"Chemgramx\",\"url\":\"https:\\\/\\\/chemgramx.com\\\/\",\"logo\":{\"@type\":\"ImageObject\",\"inLanguage\":\"cs\",\"@id\":\"https:\\\/\\\/chemgramx.com\\\/#\\\/schema\\\/logo\\\/image\\\/\",\"url\":\"https:\\\/\\\/chemgramx.com\\\/wp-content\\\/uploads\\\/2024\\\/10\\\/final-logo.png\",\"contentUrl\":\"https:\\\/\\\/chemgramx.com\\\/wp-content\\\/uploads\\\/2024\\\/10\\\/final-logo.png\",\"width\":250,\"height\":48,\"caption\":\"Chemgramx\"},\"image\":{\"@id\":\"https:\\\/\\\/chemgramx.com\\\/#\\\/schema\\\/logo\\\/image\\\/\"}}]}<\/script>\n<!-- \/ Yoast SEO plugin. -->","yoast_head_json":{"title":"Koupit Bk-2C-B online \u2013 Bk-2C-B na prodej | chemgramx","description":"Chemgramx je nejlep\u0161\u00ed m\u00edsto pro n\u00e1kup BK-2C-B online. Nab\u00edz\u00edme BK-2C-B k prodeji za nejlep\u0161\u00ed ceny. Zajist\u011bte si nejlep\u0161\u00ed cenu se skv\u011bl\u00fdmi nab\u00eddkami. Objednejte si hned!","robots":{"index":"index","follow":"follow","max-snippet":"max-snippet:-1","max-image-preview":"max-image-preview:large","max-video-preview":"max-video-preview:-1"},"canonical":"https:\/\/chemgramx.com\/cs\/produkt-1\/bk-2c-b-online-objednavka\/","og_locale":"cs_CZ","og_type":"article","og_title":"Bk-2C-B online kaufen \u2013 Bk-2C-B zu verkaufen | chemgramx","og_description":"Chemgramx ist der beste Ort, um BK-2C-B online zu kaufen. Wir bieten BK-2C-B zu den besten Preisen zum Verkauf an. Sichern Sie sich den besten Preis mit tollen Angeboten. Bestellen Sie jetzt!","og_url":"https:\/\/chemgramx.com\/cs\/produkt-1\/bk-2c-b-online-objednavka\/","og_site_name":"Chemgramx","article_modified_time":"2025-11-21T11:19:12+00:00","og_image":[{"width":600,"height":400,"url":"https:\/\/chemgramx.com\/wp-content\/uploads\/2025\/11\/bk2cb.png","type":"image\/png"}],"twitter_card":"summary_large_image","twitter_misc":{"Odhadovan\u00e1 doba \u010dten\u00ed":"2 minuty"},"schema":{"@context":"https:\/\/schema.org","@graph":[{"@type":"WebPage","@id":"https:\/\/chemgramx.com\/product\/bk-2c-b-online-bestellung\/","url":"https:\/\/chemgramx.com\/product\/bk-2c-b-online-bestellung\/","name":"Koupit Bk-2C-B online \u2013 Bk-2C-B na prodej | chemgramx","isPartOf":{"@id":"https:\/\/chemgramx.com\/#website"},"primaryImageOfPage":{"@id":"https:\/\/chemgramx.com\/product\/bk-2c-b-online-bestellung\/#primaryimage"},"image":{"@id":"https:\/\/chemgramx.com\/product\/bk-2c-b-online-bestellung\/#primaryimage"},"thumbnailUrl":"https:\/\/chemgramx.com\/wp-content\/uploads\/2025\/11\/bk2cb.png","datePublished":"2025-11-21T11:18:00+00:00","dateModified":"2025-11-21T11:19:12+00:00","description":"Chemgramx je nejlep\u0161\u00ed m\u00edsto pro n\u00e1kup BK-2C-B online. Nab\u00edz\u00edme BK-2C-B k prodeji za nejlep\u0161\u00ed ceny. Zajist\u011bte si nejlep\u0161\u00ed cenu se skv\u011bl\u00fdmi nab\u00eddkami. Objednejte si hned!","breadcrumb":{"@id":"https:\/\/chemgramx.com\/product\/bk-2c-b-online-bestellung\/#breadcrumb"},"inLanguage":"cs","potentialAction":[{"@type":"ReadAction","target":["https:\/\/chemgramx.com\/product\/bk-2c-b-online-bestellung\/"]}]},{"@type":"ImageObject","inLanguage":"cs","@id":"https:\/\/chemgramx.com\/product\/bk-2c-b-online-bestellung\/#primaryimage","url":"https:\/\/chemgramx.com\/wp-content\/uploads\/2025\/11\/bk2cb.png","contentUrl":"https:\/\/chemgramx.com\/wp-content\/uploads\/2025\/11\/bk2cb.png","width":600,"height":400},{"@type":"BreadcrumbList","@id":"https:\/\/chemgramx.com\/product\/bk-2c-b-online-bestellung\/#breadcrumb","itemListElement":[{"@type":"ListItem","position":1,"name":"Home","item":"https:\/\/chemgramx.com\/"},{"@type":"ListItem","position":2,"name":"Shop","item":"https:\/\/chemgramx.com\/shop\/"},{"@type":"ListItem","position":3,"name":"Bk-2C-B Online Bestellung"}]},{"@type":"WebSite","@id":"https:\/\/chemgramx.com\/#website","url":"https:\/\/chemgramx.com\/","name":"Chemgramx","description":"","publisher":{"@id":"https:\/\/chemgramx.com\/#organization"},"potentialAction":[{"@type":"SearchAction","target":{"@type":"EntryPoint","urlTemplate":"https:\/\/chemgramx.com\/?s={search_term_string}"},"query-input":{"@type":"PropertyValueSpecification","valueRequired":true,"valueName":"search_term_string"}}],"inLanguage":"cs"},{"@type":"Organization","@id":"https:\/\/chemgramx.com\/#organization","name":"Chemgramx","url":"https:\/\/chemgramx.com\/","logo":{"@type":"ImageObject","inLanguage":"cs","@id":"https:\/\/chemgramx.com\/#\/schema\/logo\/image\/","url":"https:\/\/chemgramx.com\/wp-content\/uploads\/2024\/10\/final-logo.png","contentUrl":"https:\/\/chemgramx.com\/wp-content\/uploads\/2024\/10\/final-logo.png","width":250,"height":48,"caption":"Chemgramx"},"image":{"@id":"https:\/\/chemgramx.com\/#\/schema\/logo\/image\/"}}]}},"_links":{"self":[{"href":"https:\/\/chemgramx.com\/cs\/wp-json\/wp\/v2\/product\/7535","targetHints":{"allow":["GET"]}}],"collection":[{"href":"https:\/\/chemgramx.com\/cs\/wp-json\/wp\/v2\/product"}],"about":[{"href":"https:\/\/chemgramx.com\/cs\/wp-json\/wp\/v2\/types\/product"}],"replies":[{"embeddable":true,"href":"https:\/\/chemgramx.com\/cs\/wp-json\/wp\/v2\/comments?post=7535"}],"wp:featuredmedia":[{"embeddable":true,"href":"https:\/\/chemgramx.com\/cs\/wp-json\/wp\/v2\/media\/7553"}],"wp:attachment":[{"href":"https:\/\/chemgramx.com\/cs\/wp-json\/wp\/v2\/media?parent=7535"}],"wp:term":[{"taxonomy":"product_brand","embeddable":true,"href":"https:\/\/chemgramx.com\/cs\/wp-json\/wp\/v2\/product_brand?post=7535"},{"taxonomy":"product_cat","embeddable":true,"href":"https:\/\/chemgramx.com\/cs\/wp-json\/wp\/v2\/product_cat?post=7535"},{"taxonomy":"product_tag","embeddable":true,"href":"https:\/\/chemgramx.com\/cs\/wp-json\/wp\/v2\/product_tag?post=7535"}],"curies":[{"name":"wp","href":"https:\/\/api.w.org\/{rel}","templated":true}]}}