{"id":7536,"date":"2025-11-21T11:18:00","date_gmt":"2025-11-21T11:18:00","guid":{"rendered":"https:\/\/chemgramx.com\/?post_type=product&#038;p=7536"},"modified":"2025-11-21T11:19:12","modified_gmt":"2025-11-21T11:19:12","slug":"bk-ebdp-online-objednavka","status":"publish","type":"product","link":"https:\/\/chemgramx.com\/cs\/produkt-2\/bk-ebdp-online-objednavka\/","title":{"rendered":"bk-EBDP Online objedn\u00e1vka"},"content":{"rendered":"<h2>Koupit prav\u00e9 nebo fale\u0161n\u00e9 bk-EBDP online<\/h2>\n<p>bk-EBDP je vysoce \u010dist\u00e1 syntetick\u00e1 l\u00e1tka, kter\u00e1 se pou\u017e\u00edv\u00e1 ve v\u011bdeck\u00e9m v\u00fdzkumu k hlub\u0161\u00edmu pozn\u00e1n\u00ed chemick\u00fdch reakc\u00ed a farmakologick\u00fdch proces\u016f. V\u00fdzkumn\u00edci, kte\u0159\u00ed <a href=\"https:\/\/chemgramx.com\/cs\/produkt-2\/bk-ebdp\/\">Koupit bk-EBDP online<\/a> se m\u016f\u017eete spolehnout na jeho stabilitu a kvalitu. To z n\u011bj \u010din\u00ed cenn\u00fd zdroj pro p\u0159esn\u00e9 studie chemick\u00fdch vlastnost\u00ed a biologick\u00fdch interakc\u00ed v kontrolovan\u00e9m laboratorn\u00edm prost\u0159ed\u00ed.<\/p>\n<h3>Pro\u010d si koupit bk-EBDP online?<\/h3>\n<p>V\u011bdci kupuj\u00ed prav\u00e9 nebo fale\u0161n\u00e9 <a href=\"https:\/\/en.wikipedia.org\/wiki\/N-Ethylpentylone\">bk-EBDP<\/a>, analyzovat \u00fa\u010dinky na biologick\u00e9 syst\u00e9my a zkoumat nov\u00e9 terapeutick\u00e9 p\u0159\u00edstupy. Tato slou\u010denina m\u00e1 z\u00e1sadn\u00ed v\u00fdznam pro objevov\u00e1n\u00ed l\u00e9\u010div a studium interakc\u00ed s receptory a poskytuje cenn\u00e9 \u00fadaje pro v\u00fdvoj nov\u00fdch l\u00e9\u010div. A\u0165 u\u017e si chcete koupit bk-EBDP nebo si objednat origin\u00e1ln\u00ed \u010di fale\u0161n\u00fd bk-EBDP, na\u0161e platforma v\u00e1m nab\u00edz\u00ed bezpe\u010dnou a spolehlivou mo\u017enost.<\/p>\n<h3>Aplikace a bezpe\u010dnost<\/h3>\n<p>Stejn\u011b jako v\u0161echny produkty chemick\u00e9ho v\u00fdzkumu je i bk-EBDP ur\u010den pouze pro kvalifikovan\u00e9 odborn\u00edky a v\u011bdeck\u00fd v\u00fdzkum. Nen\u00ed ur\u010den k lidsk\u00e9 spot\u0159eb\u011b. P\u0159i objedn\u00e1v\u00e1n\u00ed bk-EBDP online je povinn\u00e9 bezpe\u010dn\u00e9 zach\u00e1zen\u00ed v souladu s laboratorn\u00edmi bezpe\u010dnostn\u00edmi normami.<\/p>\n<h3>Pokyny pro skladov\u00e1n\u00ed<\/h3>\n<p>Pro zachov\u00e1n\u00ed chemick\u00e9 integrity by m\u011bl b\u00fdt bk-EBDP skladov\u00e1n na chladn\u00e9m a such\u00e9m m\u00edst\u011b mimo dosah p\u0159\u00edm\u00e9ho slune\u010dn\u00edho z\u00e1\u0159en\u00ed. Spr\u00e1vn\u00e9 skladov\u00e1n\u00ed zaji\u0161\u0165uje konzistentn\u00ed v\u00fdsledky a udr\u017euje stabilitu slou\u010deniny.<\/p>\n<h3>Vlastnosti a v\u00fdhody<\/h3>\n<ul>\n<li>Vysok\u00e1 \u010distota: Zaji\u0161\u0165uje p\u0159esn\u00e9 a spolehliv\u00e9 v\u00fdsledky v\u00fdzkumu.<\/li>\n<li>Stabilita: Ide\u00e1ln\u00ed pro dlouhodob\u00e9 studie a chemick\u00e9 experimenty.<\/li>\n<li>P\u0159\u00edsn\u00e1 kontrola kvality: Ka\u017ed\u00e1 \u0161ar\u017ee prav\u00e9ho nebo pad\u011blan\u00e9ho bk-EBDP je testov\u00e1na na \u010distotu a konzistenci.<\/li>\n<li>Pouze pro v\u00fdzkumn\u00e9 \u00fa\u010dely: Nevhodn\u00e9 k lidsk\u00e9 spot\u0159eb\u011b.<\/li>\n<\/ul>\n<h3>Zdroje dod\u00e1vek pro bk-EBDP<\/h3>\n<p>V\u011bdci, kte\u0159\u00ed cht\u011bj\u00ed koupit nejlep\u0161\u00ed bk-EBDP, najdou na na\u0161\u00ed platform\u011b atraktivn\u00ed ceny a flexibiln\u00ed mo\u017enosti n\u00e1kupu. M\u016f\u017eete si koupit bk-EBDP levn\u011b online nebo si vybrat z r\u016fzn\u00fdch mno\u017estv\u00ed podle sv\u00fdch v\u00fdzkumn\u00fdch pot\u0159eb. Objedn\u00e1n\u00ed bk-EBDP online nebylo nikdy jednodu\u0161\u0161\u00ed - s bezpe\u010dn\u00fdm, diskr\u00e9tn\u00edm a rychl\u00fdm dod\u00e1n\u00edm.<\/p>","protected":false},"excerpt":{"rendered":"<p><strong>BK-EDBP<\/strong> je syntetick\u00e1 chemick\u00e1 slou\u010denina, kter\u00e1 byla speci\u00e1ln\u011b vyvinuta pro \u00fa\u010dely v\u011bdeck\u00e9ho v\u00fdzkumu. Pou\u017e\u00edv\u00e1 se v chemick\u00fdch a farmakologick\u00fdch studi\u00edch ke zkoum\u00e1n\u00ed vlastnost\u00ed l\u00e1tek a jejich reakc\u00ed. Ka\u017ed\u00e1 \u0161ar\u017ee je testov\u00e1na na \u010distotu. Pouze pro v\u00fdzkumn\u00e9 \u00fa\u010dely - nen\u00ed vhodn\u00e1 k lidsk\u00e9 spot\u0159eb\u011b.<\/p>","protected":false},"featured_media":7574,"comment_status":"open","ping_status":"closed","template":"","meta":{"_joinchat":[]},"product_brand":[],"product_cat":[1798],"product_tag":[2364,2370,2369,2365,2371,2368,2366,2367,2372,2182],"class_list":{"0":"post-7536","1":"product","2":"type-product","3":"status-publish","4":"has-post-thumbnail","6":"product_cat-empathogene","7":"product_tag-bk-ebdp","8":"product_tag-bk-ebdp-chemikalien","9":"product_tag-bk-ebdp-forschung","10":"product_tag-bk-ebdp-kaufen","11":"product_tag-bk-ebdp-kaufen-online","12":"product_tag-bk-ebdp-kristalle","13":"product_tag-bk-ebdp-online","14":"product_tag-bk-ebdp-pulver","15":"product_tag-forschung-bk-ebdp","16":"product_tag-synthetische-chemikalien","18":"first","19":"instock","20":"shipping-taxable","21":"purchasable","22":"product-type-variable"},"yoast_head":"<!-- This site is optimized with the Yoast SEO plugin v26.3 - https:\/\/yoast.com\/wordpress\/plugins\/seo\/ -->\n<title>BK-EBDP online kaufen \u2013 BK-EBDP zu verkaufen | chemgramx<\/title>\n<meta name=\"description\" content=\"bk-ebdp online kaufen in unserem vertrauensw\u00fcrdigen Online-Shop f\u00fcr Produkte von h\u00f6chster Qualit\u00e4t. Kaufen Sie bk-ebdp einfach und sicher auf unserer Plattform f\u00fcr h\u00f6chste Kundenzufriedenheit. Jetzt bestellen!\" \/>\n<meta name=\"robots\" content=\"noindex, follow, max-snippet:-1, max-image-preview:large, max-video-preview:-1\" \/>\n<meta property=\"og:locale\" content=\"cs_CZ\" \/>\n<meta property=\"og:type\" content=\"article\" \/>\n<meta property=\"og:title\" content=\"BK-EBDP online kaufen \u2013 BK-EBDP zu verkaufen | chemgramx\" \/>\n<meta property=\"og:description\" content=\"bk-ebdp online kaufen in unserem vertrauensw\u00fcrdigen Online-Shop f\u00fcr Produkte von h\u00f6chster Qualit\u00e4t. Kaufen Sie bk-ebdp einfach und sicher auf unserer Plattform f\u00fcr h\u00f6chste Kundenzufriedenheit. Jetzt bestellen!\" \/>\n<meta property=\"og:url\" content=\"https:\/\/chemgramx.com\/cs\/produkt-2\/bk-ebdp-online-objednavka\/\" \/>\n<meta property=\"og:site_name\" content=\"Chemgramx\" \/>\n<meta property=\"article:modified_time\" content=\"2025-11-21T11:19:12+00:00\" \/>\n<meta property=\"og:image\" content=\"https:\/\/chemgramx.com\/wp-content\/uploads\/2025\/11\/ebdb.png\" \/>\n\t<meta property=\"og:image:width\" content=\"600\" \/>\n\t<meta property=\"og:image:height\" content=\"400\" \/>\n\t<meta property=\"og:image:type\" content=\"image\/png\" \/>\n<meta name=\"twitter:card\" content=\"summary_large_image\" \/>\n<meta name=\"twitter:label1\" content=\"Odhadovan\u00e1 doba \u010dten\u00ed\" \/>\n\t<meta name=\"twitter:data1\" content=\"2 minuty\" \/>\n<script type=\"application\/ld+json\" class=\"yoast-schema-graph\">{\"@context\":\"https:\/\/schema.org\",\"@graph\":[{\"@type\":\"WebPage\",\"@id\":\"https:\/\/chemgramx.com\/product\/bk-ebdp-online-bestellung\/\",\"url\":\"https:\/\/chemgramx.com\/product\/bk-ebdp-online-bestellung\/\",\"name\":\"BK-EBDP online kaufen \u2013 BK-EBDP zu verkaufen | chemgramx\",\"isPartOf\":{\"@id\":\"https:\/\/chemgramx.com\/#website\"},\"primaryImageOfPage\":{\"@id\":\"https:\/\/chemgramx.com\/product\/bk-ebdp-online-bestellung\/#primaryimage\"},\"image\":{\"@id\":\"https:\/\/chemgramx.com\/product\/bk-ebdp-online-bestellung\/#primaryimage\"},\"thumbnailUrl\":\"https:\/\/chemgramx.com\/wp-content\/uploads\/2025\/11\/ebdb.png\",\"datePublished\":\"2025-11-21T11:18:00+00:00\",\"dateModified\":\"2025-11-21T11:19:12+00:00\",\"description\":\"bk-ebdp online kaufen in unserem vertrauensw\u00fcrdigen Online-Shop f\u00fcr Produkte von h\u00f6chster Qualit\u00e4t. Kaufen Sie bk-ebdp einfach und sicher auf unserer Plattform f\u00fcr h\u00f6chste Kundenzufriedenheit. Jetzt bestellen!\",\"breadcrumb\":{\"@id\":\"https:\/\/chemgramx.com\/product\/bk-ebdp-online-bestellung\/#breadcrumb\"},\"inLanguage\":\"cs\",\"potentialAction\":[{\"@type\":\"ReadAction\",\"target\":[\"https:\/\/chemgramx.com\/product\/bk-ebdp-online-bestellung\/\"]}]},{\"@type\":\"ImageObject\",\"inLanguage\":\"cs\",\"@id\":\"https:\/\/chemgramx.com\/product\/bk-ebdp-online-bestellung\/#primaryimage\",\"url\":\"https:\/\/chemgramx.com\/wp-content\/uploads\/2025\/11\/ebdb.png\",\"contentUrl\":\"https:\/\/chemgramx.com\/wp-content\/uploads\/2025\/11\/ebdb.png\",\"width\":600,\"height\":400},{\"@type\":\"BreadcrumbList\",\"@id\":\"https:\/\/chemgramx.com\/product\/bk-ebdp-online-bestellung\/#breadcrumb\",\"itemListElement\":[{\"@type\":\"ListItem\",\"position\":1,\"name\":\"Home\",\"item\":\"https:\/\/chemgramx.com\/\"},{\"@type\":\"ListItem\",\"position\":2,\"name\":\"Shop\",\"item\":\"https:\/\/chemgramx.com\/shop\/\"},{\"@type\":\"ListItem\",\"position\":3,\"name\":\"bk-EBDP Online Bestellung\"}]},{\"@type\":\"WebSite\",\"@id\":\"https:\/\/chemgramx.com\/#website\",\"url\":\"https:\/\/chemgramx.com\/\",\"name\":\"Chemgramx\",\"description\":\"\",\"publisher\":{\"@id\":\"https:\/\/chemgramx.com\/#organization\"},\"potentialAction\":[{\"@type\":\"SearchAction\",\"target\":{\"@type\":\"EntryPoint\",\"urlTemplate\":\"https:\/\/chemgramx.com\/?s={search_term_string}\"},\"query-input\":{\"@type\":\"PropertyValueSpecification\",\"valueRequired\":true,\"valueName\":\"search_term_string\"}}],\"inLanguage\":\"cs\"},{\"@type\":\"Organization\",\"@id\":\"https:\/\/chemgramx.com\/#organization\",\"name\":\"Chemgramx\",\"url\":\"https:\/\/chemgramx.com\/\",\"logo\":{\"@type\":\"ImageObject\",\"inLanguage\":\"cs\",\"@id\":\"https:\/\/chemgramx.com\/#\/schema\/logo\/image\/\",\"url\":\"https:\/\/chemgramx.com\/wp-content\/uploads\/2024\/10\/final-logo.png\",\"contentUrl\":\"https:\/\/chemgramx.com\/wp-content\/uploads\/2024\/10\/final-logo.png\",\"width\":250,\"height\":48,\"caption\":\"Chemgramx\"},\"image\":{\"@id\":\"https:\/\/chemgramx.com\/#\/schema\/logo\/image\/\"}}]}<\/script>\n<!-- \/ Yoast SEO plugin. -->","yoast_head_json":{"title":"Koupit BK-EBDP online \u2013 BK-EBDP na prodej | chemgramx","description":"Kupte si bk-ebdp online v na\u0161em d\u016fv\u011bryhodn\u00e9m internetov\u00e9m obchod\u011b a z\u00edskejte produkty nejvy\u0161\u0161\u00ed kvality. Kupte si bk-ebdp snadno a bezpe\u010dn\u011b na na\u0161\u00ed platform\u011b pro maxim\u00e1ln\u00ed spokojenost z\u00e1kazn\u00edk\u016f. Objednejte si hned!","robots":{"index":"noindex","follow":"follow","max-snippet":"max-snippet:-1","max-image-preview":"max-image-preview:large","max-video-preview":"max-video-preview:-1"},"og_locale":"cs_CZ","og_type":"article","og_title":"BK-EBDP online kaufen \u2013 BK-EBDP zu verkaufen | chemgramx","og_description":"bk-ebdp online kaufen in unserem vertrauensw\u00fcrdigen Online-Shop f\u00fcr Produkte von h\u00f6chster Qualit\u00e4t. Kaufen Sie bk-ebdp einfach und sicher auf unserer Plattform f\u00fcr h\u00f6chste Kundenzufriedenheit. Jetzt bestellen!","og_url":"https:\/\/chemgramx.com\/cs\/produkt-2\/bk-ebdp-online-objednavka\/","og_site_name":"Chemgramx","article_modified_time":"2025-11-21T11:19:12+00:00","og_image":[{"width":600,"height":400,"url":"https:\/\/chemgramx.com\/wp-content\/uploads\/2025\/11\/ebdb.png","type":"image\/png"}],"twitter_card":"summary_large_image","twitter_misc":{"Odhadovan\u00e1 doba \u010dten\u00ed":"2 minuty"},"schema":{"@context":"https:\/\/schema.org","@graph":[{"@type":"WebPage","@id":"https:\/\/chemgramx.com\/product\/bk-ebdp-online-bestellung\/","url":"https:\/\/chemgramx.com\/product\/bk-ebdp-online-bestellung\/","name":"Koupit BK-EBDP online \u2013 BK-EBDP na prodej | chemgramx","isPartOf":{"@id":"https:\/\/chemgramx.com\/#website"},"primaryImageOfPage":{"@id":"https:\/\/chemgramx.com\/product\/bk-ebdp-online-bestellung\/#primaryimage"},"image":{"@id":"https:\/\/chemgramx.com\/product\/bk-ebdp-online-bestellung\/#primaryimage"},"thumbnailUrl":"https:\/\/chemgramx.com\/wp-content\/uploads\/2025\/11\/ebdb.png","datePublished":"2025-11-21T11:18:00+00:00","dateModified":"2025-11-21T11:19:12+00:00","description":"Kupte si bk-ebdp online v na\u0161em d\u016fv\u011bryhodn\u00e9m internetov\u00e9m obchod\u011b a z\u00edskejte produkty nejvy\u0161\u0161\u00ed kvality. Kupte si bk-ebdp snadno a bezpe\u010dn\u011b na na\u0161\u00ed platform\u011b pro maxim\u00e1ln\u00ed spokojenost z\u00e1kazn\u00edk\u016f. Objednejte si hned!","breadcrumb":{"@id":"https:\/\/chemgramx.com\/product\/bk-ebdp-online-bestellung\/#breadcrumb"},"inLanguage":"cs","potentialAction":[{"@type":"ReadAction","target":["https:\/\/chemgramx.com\/product\/bk-ebdp-online-bestellung\/"]}]},{"@type":"ImageObject","inLanguage":"cs","@id":"https:\/\/chemgramx.com\/product\/bk-ebdp-online-bestellung\/#primaryimage","url":"https:\/\/chemgramx.com\/wp-content\/uploads\/2025\/11\/ebdb.png","contentUrl":"https:\/\/chemgramx.com\/wp-content\/uploads\/2025\/11\/ebdb.png","width":600,"height":400},{"@type":"BreadcrumbList","@id":"https:\/\/chemgramx.com\/product\/bk-ebdp-online-bestellung\/#breadcrumb","itemListElement":[{"@type":"ListItem","position":1,"name":"Home","item":"https:\/\/chemgramx.com\/"},{"@type":"ListItem","position":2,"name":"Shop","item":"https:\/\/chemgramx.com\/shop\/"},{"@type":"ListItem","position":3,"name":"bk-EBDP Online Bestellung"}]},{"@type":"WebSite","@id":"https:\/\/chemgramx.com\/#website","url":"https:\/\/chemgramx.com\/","name":"Chemgramx","description":"","publisher":{"@id":"https:\/\/chemgramx.com\/#organization"},"potentialAction":[{"@type":"SearchAction","target":{"@type":"EntryPoint","urlTemplate":"https:\/\/chemgramx.com\/?s={search_term_string}"},"query-input":{"@type":"PropertyValueSpecification","valueRequired":true,"valueName":"search_term_string"}}],"inLanguage":"cs"},{"@type":"Organization","@id":"https:\/\/chemgramx.com\/#organization","name":"Chemgramx","url":"https:\/\/chemgramx.com\/","logo":{"@type":"ImageObject","inLanguage":"cs","@id":"https:\/\/chemgramx.com\/#\/schema\/logo\/image\/","url":"https:\/\/chemgramx.com\/wp-content\/uploads\/2024\/10\/final-logo.png","contentUrl":"https:\/\/chemgramx.com\/wp-content\/uploads\/2024\/10\/final-logo.png","width":250,"height":48,"caption":"Chemgramx"},"image":{"@id":"https:\/\/chemgramx.com\/#\/schema\/logo\/image\/"}}]}},"_links":{"self":[{"href":"https:\/\/chemgramx.com\/cs\/wp-json\/wp\/v2\/product\/7536","targetHints":{"allow":["GET"]}}],"collection":[{"href":"https:\/\/chemgramx.com\/cs\/wp-json\/wp\/v2\/product"}],"about":[{"href":"https:\/\/chemgramx.com\/cs\/wp-json\/wp\/v2\/types\/product"}],"replies":[{"embeddable":true,"href":"https:\/\/chemgramx.com\/cs\/wp-json\/wp\/v2\/comments?post=7536"}],"wp:featuredmedia":[{"embeddable":true,"href":"https:\/\/chemgramx.com\/cs\/wp-json\/wp\/v2\/media\/7574"}],"wp:attachment":[{"href":"https:\/\/chemgramx.com\/cs\/wp-json\/wp\/v2\/media?parent=7536"}],"wp:term":[{"taxonomy":"product_brand","embeddable":true,"href":"https:\/\/chemgramx.com\/cs\/wp-json\/wp\/v2\/product_brand?post=7536"},{"taxonomy":"product_cat","embeddable":true,"href":"https:\/\/chemgramx.com\/cs\/wp-json\/wp\/v2\/product_cat?post=7536"},{"taxonomy":"product_tag","embeddable":true,"href":"https:\/\/chemgramx.com\/cs\/wp-json\/wp\/v2\/product_tag?post=7536"}],"curies":[{"name":"wp","href":"https:\/\/api.w.org\/{rel}","templated":true}]}}