{"id":7613,"date":"2025-11-21T11:19:16","date_gmt":"2025-11-21T11:19:16","guid":{"rendered":"https:\/\/chemgramx.com\/?post_type=product&#038;p=7613"},"modified":"2025-11-21T11:20:09","modified_gmt":"2025-11-21T11:20:09","slug":"6-mapb-6-methyl-2-aminopropylbenzofuran-koupit-online","status":"publish","type":"product","link":"https:\/\/chemgramx.com\/cs\/product\/6-mapb-6-methyl-2-aminopropylbenzofuran-online-kaufen\/","title":{"rendered":"Koupit 6-MAPB (6-Methyl-2-Aminopropylbenzofuran) online"},"content":{"rendered":"<p data-start=\"294\" data-end=\"740\">Hled\u00e1te spolehliv\u00fd zdroj pro online n\u00e1kup 6-MAPB z d\u016fv\u011bryhodn\u00e9ho v\u00fdzkumn\u00e9ho zdroje? Pak jste na spr\u00e1vn\u00e9m m\u00edst\u011b. Chemgramx nab\u00edz\u00ed vysoce \u010di\u0161t\u011bn\u00fd, laboratorn\u011b testovan\u00fd 6-MAPB k prodeji, ur\u010den\u00fd v\u00fdhradn\u011b pro v\u00fdzkumn\u00e9 \u00fa\u010dely. St\u00e1le v\u00edce v\u00fdzkumn\u00edk\u016f se rozhoduje koupit 6-MAPB pr\u00e1v\u011b u n\u00e1s. <a href=\"https:\/\/chemgramx.com\/product\/6-mapb-6-methyl-2-aminopropylbenzofuran\/\">Koupit 6-MAPB online<\/a>zkoumat \u00fa\u010dinky stimulant\u016f a entaktogen\u016f na neurotransmitery, n\u00e1ladu a chov\u00e1n\u00ed.<\/p>\n<h3 data-start=\"742\" data-end=\"762\">Co je 6-MAPB?<\/h3>\n<p data-start=\"764\" data-end=\"1211\"><a href=\"https:\/\/en.wikipedia.org\/wiki\/6-MAPB\">6-MAPB<\/a> (6-Methyl-2-aminopropylbenzofuran) je struktur\u00e1ln\u011b bl\u00edzce p\u0159\u00edbuzn\u00fd MDMA a prim\u00e1rn\u011b p\u016fsob\u00ed na transport\u00e9ry serotoninu, dopaminu a noradrenalinu. D\u00edky sv\u00fdm entaktogenn\u00edm a stimula\u010dn\u00edm vlastnostem se \u010dasto pou\u017e\u00edv\u00e1 ve studi\u00edch zkoumaj\u00edc\u00edch emo\u010dn\u00ed stavy, soci\u00e1ln\u00ed interakce a kognitivn\u00ed \u00fa\u010dinky. Mnoho v\u011bdc\u016f si objedn\u00e1v\u00e1 6-MAPB, aby z\u00edskali p\u0159esn\u00e9 informace o \u00fa\u010dinc\u00edch t\u00e9to l\u00e1tky.<\/p>\n<h3 data-start=\"1213\" data-end=\"1256\">Pro\u010d si pro v\u00fdzkum vybrat 6-MAPB?<\/h3>\n<p data-start=\"1258\" data-end=\"1598\">V\u00fdzkum s 6-MAPB poskytuje cenn\u00e9 poznatky o fungov\u00e1n\u00ed neurotransmiter\u016f a roli stimulant\u016f v modulaci n\u00e1lady a chov\u00e1n\u00ed. Pom\u00e1h\u00e1 tak\u00e9 zkoumat potenci\u00e1ln\u00ed terapeutick\u00e9 aplikace. Ka\u017ed\u00fd, kdo se zaj\u00edm\u00e1, kde koupit 6-MAP, najde u Chemgramxu renomovan\u00e9ho a ov\u011b\u0159en\u00e9ho dodavatele.<\/p>\n<h3 data-start=\"1600\" data-end=\"1634\">6-MAPB na prodej u Chemgramx<\/h3>\n<p data-start=\"1636\" data-end=\"2016\">Chemgramx nab\u00edz\u00ed k prodeji d\u016fkladn\u011b testovan\u00fd a vysoce purifikovan\u00fd 6-MAPB. Ka\u017ed\u00e1 \u0161ar\u017ee proch\u00e1z\u00ed komplexn\u00edm testov\u00e1n\u00edm kvality a \u010distoty, aby byla zaji\u0161t\u011bna spolehlivost v\u00fdsledk\u016f v\u00fdzkumu. A\u0165 u\u017e se zam\u011b\u0159ujete na studie neurotransmiter\u016f, psychoaktivn\u00ed \u00fa\u010dinky nebo behavior\u00e1ln\u00ed anal\u00fdzu, Chemgramx v\u00e1m poskytne tu spr\u00e1vnou v\u00fdzkumnou chemik\u00e1lii.<\/p>\n<h3 data-start=\"2018\" data-end=\"2067\">V\u00fdhody n\u00e1kupu 6-MAPB od Chemgramxu<\/h3>\n<ul data-start=\"2068\" data-end=\"2327\">\n<li data-start=\"2068\" data-end=\"2152\">\n<p data-start=\"2070\" data-end=\"2152\">Laboratorn\u00ed testy \u010distoty: Zaru\u010den\u00e1 kvalita pro v\u011bdeck\u00e9 studie.<\/p>\n<\/li>\n<li data-start=\"2153\" data-end=\"2222\">\n<p data-start=\"2155\" data-end=\"2222\">Diskr\u00e9tn\u00ed doru\u010den\u00ed: Rychl\u00e9 a bezpe\u010dn\u00e9 doru\u010den\u00ed po cel\u00e9m sv\u011bt\u011b.<\/p>\n<\/li>\n<li data-start=\"2223\" data-end=\"2327\">\n<p data-start=\"2225\" data-end=\"2327\">Spolehliv\u00fd v\u00fdzkum: Ide\u00e1ln\u00ed pro studium n\u00e1lady, chov\u00e1n\u00ed a aktivity neurotransmiter\u016f.<\/p>\n<\/li>\n<\/ul>\n<h3 data-start=\"2329\" data-end=\"2374\">Pr\u00e1vn\u00ed status a bezpe\u010dn\u00e9 doru\u010den\u00ed<\/h3>\n<p data-start=\"2376\" data-end=\"2695\">P\u0159ed n\u00e1kupem 6-MAPB online si pros\u00edm ov\u011b\u0159te pr\u00e1vn\u00ed p\u0159edpisy ve va\u0161\u00ed zemi. Chemgramx prod\u00e1v\u00e1 6-MAPB v\u00fdhradn\u011b pro v\u00fdzkumn\u00e9 \u00fa\u010dely a p\u0159\u00edsn\u011b dodr\u017euje ve\u0161ker\u00e1 na\u0159\u00edzen\u00ed. Diskr\u00e9tn\u00ed doru\u010den\u00ed zaji\u0161\u0165uje d\u016fv\u011brnost a bezpe\u010dnost va\u0161\u00ed objedn\u00e1vky.<\/p>\n<h3 data-start=\"2697\" data-end=\"2733\">6-MAPB Cena a proces objedn\u00e1vky<\/h3>\n<p data-start=\"2735\" data-end=\"2982\">Nab\u00edz\u00edme f\u00e9rov\u00e9 \u200b\u200ba transparentn\u00ed cenov\u00e9 mo\u017enosti pro 6-MAPB, co\u017e v\u00e1m umo\u017e\u0148uje flexibiln\u011b objedn\u00e1vat podle va\u0161ich v\u00fdzkumn\u00fdch pot\u0159eb. Proces objedn\u00e1v\u00e1n\u00ed je jednoduch\u00fd, rychl\u00fd a bezpe\u010dn\u00fd \u2013 ide\u00e1ln\u00ed pro ka\u017ed\u00e9ho, kdo hled\u00e1 nejlep\u0161\u00ed m\u00edsto pro n\u00e1kup 6-MAPB online.<\/p>\n<h3 data-start=\"2984\" data-end=\"3026\">Z\u00e1v\u011br \u2013 Objednejte si 6-MAPB online nyn\u00ed<\/h3>\n<p data-start=\"3028\" data-end=\"3346\">Pokud hled\u00e1te zp\u016fsob, jak podpo\u0159it renomovanou laborato\u0159 nebo v\u00fdzkumn\u00fd projekt, Chemgramx je va\u0161\u00edm ide\u00e1ln\u00edm partnerem. Prozkoumejte na\u0161i nab\u00eddku a pohodln\u011b si objednejte 6-MAPB online. D\u00edky zaru\u010den\u00e9 kvalit\u011b, diskr\u00e9tn\u00edmu doprav\u011b a f\u00e9rov\u00fdm cenov\u00fdm mo\u017enostem je Chemgramx nejlep\u0161\u00edm m\u00edstem pro n\u00e1kup 6-MAPB online.<\/p>\n<p data-start=\"3348\" data-end=\"3481\">Objednejte si je\u0161t\u011b dnes a vyu\u017eijte v\u00fdhod na\u0161\u00ed bezpe\u010dn\u00e9 slu\u017eby \u2013 kupte si 6-MAPB online od spolehliv\u00e9ho dodavatele.<\/p>","protected":false},"excerpt":{"rendered":"<div class=\"group\/conversation-turn relative flex w-full min-w-0 flex-col agent-turn\">\n<div class=\"flex-col gap-1 md:gap-3\">\n<div class=\"flex max-w-full flex-col flex-grow\">\n<div class=\"min-h-8 text-message flex w-full flex-col items-end gap-2 whitespace-normal break-words [.text-message+&amp;]:mt-5\" dir=\"auto\" data-message-author-role=\"assistant\" data-message-id=\"62779292-48b5-4968-bc2b-acb51772039b\" data-message-model-slug=\"gpt-4o-mini\">\n<div class=\"flex w-full flex-col gap-1 empty:hidden first:pt-[3px]\">\n<div class=\"markdown prose w-full break-words dark:prose-invert light\">\n<p><strong>6-MAPB<\/strong> ist eine psychoaktive Substanz, die zur Klasse der empathogenen und stimulierenden Verbindungen geh\u00f6rt. \u00c4hnlich wie andere Verbindungen in dieser Klasse wird sie h\u00e4ufig f\u00fcr ihre positiven Wirkungen auf das Wohlbefinden und die soziale Interaktion untersucht.<\/p>\n<div class=\"group\/conversation-turn relative flex w-full min-w-0 flex-col agent-turn\">\n<div class=\"flex-col gap-1 md:gap-3\">\n<div class=\"flex max-w-full flex-col flex-grow\">\n<div class=\"min-h-8 text-message flex w-full flex-col items-end gap-2 whitespace-normal break-words [.text-message+&amp;]:mt-5\" dir=\"auto\" data-message-author-role=\"assistant\" data-message-id=\"62779292-48b5-4968-bc2b-acb51772039b\" data-message-model-slug=\"gpt-4o-mini\">\n<div class=\"flex w-full flex-col gap-1 empty:hidden first:pt-[3px]\">\n<div class=\"markdown prose w-full break-words dark:prose-invert light\">\n<ul>\n<li><strong>CAS Number:<\/strong> <strong>145204-55-7<\/strong><\/li>\n<li><strong>Chemical Formula:<\/strong> <strong>C12H15N<\/strong><\/li>\n<\/ul>\n<\/div>\n<\/div>\n<\/div>\n<\/div>\n<\/div>\n<\/div>\n<\/div>\n<\/div>\n<\/div>\n<\/div>\n<\/div>\n<\/div>\n","protected":false},"featured_media":7643,"comment_status":"open","ping_status":"closed","template":"","meta":{"_joinchat":[]},"product_brand":[],"product_cat":[96],"product_tag":[2392,2697,2387,2696,2393,2390,2692,2694,2693,2695],"class_list":{"0":"post-7613","1":"product","2":"type-product","3":"status-publish","4":"has-post-thumbnail","6":"product_cat-psychedelische-droge","7":"product_tag-6-mapb-chemikalien","8":"product_tag-6-mapb-drogen","9":"product_tag-6-mapb-kaufen","10":"product_tag-6-mapb-kaufen-deutschland","11":"product_tag-6-mapb-kaufen-online","12":"product_tag-6-mapb-kristalle","13":"product_tag-6-mapb-online-kaufen","14":"product_tag-6-mapb-preis","15":"product_tag-6-mapb-prodej","16":"product_tag-6-methyl-2-aminopropylbenzofuran","18":"first","19":"instock","20":"shipping-taxable","21":"purchasable","22":"product-type-variable"},"yoast_head":"<!-- This site is optimized with the Yoast SEO plugin v27.5 - https:\/\/yoast.com\/product\/yoast-seo-wordpress\/ -->\n<title>6-MAPB (6-Methyl-2-Aminopropylbenzofuran) online kaufen<\/title>\n<meta name=\"description\" content=\"Sie m\u00f6chten 6-MAPB (6-Methyl-2-Aminopropylbenzofuran) online zu einem vern\u00fcnftigen Preis kaufen? Besuchen Sie unseren renommierten Chemgramx-Onlineshop und holen Sie sich noch heute 6-mapb zu verkaufen. Jetzt bestellen!\" \/>\n<meta name=\"robots\" content=\"index, follow, max-snippet:-1, max-image-preview:large, max-video-preview:-1\" \/>\n<link rel=\"canonical\" href=\"https:\/\/chemgramx.com\/cs\/produkt-1\/6-mapb-6-methyl-2-aminopropylbenzofuran-koupit-online\/\" \/>\n<meta property=\"og:locale\" content=\"cs_CZ\" \/>\n<meta property=\"og:type\" content=\"article\" \/>\n<meta property=\"og:title\" content=\"6-MAPB (6-Methyl-2-Aminopropylbenzofuran) online kaufen\" \/>\n<meta property=\"og:description\" content=\"Sie m\u00f6chten 6-MAPB (6-Methyl-2-Aminopropylbenzofuran) online zu einem vern\u00fcnftigen Preis kaufen? Besuchen Sie unseren renommierten Chemgramx-Onlineshop und holen Sie sich noch heute 6-mapb zu verkaufen. Jetzt bestellen!\" \/>\n<meta property=\"og:url\" content=\"https:\/\/chemgramx.com\/cs\/produkt-1\/6-mapb-6-methyl-2-aminopropylbenzofuran-koupit-online\/\" \/>\n<meta property=\"og:site_name\" content=\"Chemgramx\" \/>\n<meta property=\"article:modified_time\" content=\"2025-11-21T11:20:09+00:00\" \/>\n<meta property=\"og:image\" content=\"https:\/\/chemgramx.com\/wp-content\/uploads\/2025\/11\/6-MAPB-Online-Kaufen.jpeg\" \/>\n\t<meta property=\"og:image:width\" content=\"800\" \/>\n\t<meta property=\"og:image:height\" content=\"600\" \/>\n\t<meta property=\"og:image:type\" content=\"image\/jpeg\" \/>\n<meta name=\"twitter:card\" content=\"summary_large_image\" \/>\n<meta name=\"twitter:label1\" content=\"Odhadovan\u00e1 doba \u010dten\u00ed\" \/>\n\t<meta name=\"twitter:data1\" content=\"2 minuty\" \/>\n<script type=\"application\/ld+json\" class=\"yoast-schema-graph\">{\"@context\":\"https:\\\/\\\/schema.org\",\"@graph\":[{\"@type\":\"WebPage\",\"@id\":\"https:\\\/\\\/chemgramx.com\\\/product\\\/6-mapb-6-methyl-2-aminopropylbenzofuran-online-kaufen\\\/\",\"url\":\"https:\\\/\\\/chemgramx.com\\\/product\\\/6-mapb-6-methyl-2-aminopropylbenzofuran-online-kaufen\\\/\",\"name\":\"6-MAPB (6-Methyl-2-Aminopropylbenzofuran) online kaufen\",\"isPartOf\":{\"@id\":\"https:\\\/\\\/chemgramx.com\\\/#website\"},\"primaryImageOfPage\":{\"@id\":\"https:\\\/\\\/chemgramx.com\\\/product\\\/6-mapb-6-methyl-2-aminopropylbenzofuran-online-kaufen\\\/#primaryimage\"},\"image\":{\"@id\":\"https:\\\/\\\/chemgramx.com\\\/product\\\/6-mapb-6-methyl-2-aminopropylbenzofuran-online-kaufen\\\/#primaryimage\"},\"thumbnailUrl\":\"https:\\\/\\\/chemgramx.com\\\/wp-content\\\/uploads\\\/2025\\\/11\\\/6-MAPB-Online-Kaufen.jpeg\",\"datePublished\":\"2025-11-21T11:19:16+00:00\",\"dateModified\":\"2025-11-21T11:20:09+00:00\",\"description\":\"Sie m\u00f6chten 6-MAPB (6-Methyl-2-Aminopropylbenzofuran) online zu einem vern\u00fcnftigen Preis kaufen? Besuchen Sie unseren renommierten Chemgramx-Onlineshop und holen Sie sich noch heute 6-mapb zu verkaufen. Jetzt bestellen!\",\"breadcrumb\":{\"@id\":\"https:\\\/\\\/chemgramx.com\\\/product\\\/6-mapb-6-methyl-2-aminopropylbenzofuran-online-kaufen\\\/#breadcrumb\"},\"inLanguage\":\"cs\",\"potentialAction\":[{\"@type\":\"ReadAction\",\"target\":[\"https:\\\/\\\/chemgramx.com\\\/product\\\/6-mapb-6-methyl-2-aminopropylbenzofuran-online-kaufen\\\/\"]}]},{\"@type\":\"ImageObject\",\"inLanguage\":\"cs\",\"@id\":\"https:\\\/\\\/chemgramx.com\\\/product\\\/6-mapb-6-methyl-2-aminopropylbenzofuran-online-kaufen\\\/#primaryimage\",\"url\":\"https:\\\/\\\/chemgramx.com\\\/wp-content\\\/uploads\\\/2025\\\/11\\\/6-MAPB-Online-Kaufen.jpeg\",\"contentUrl\":\"https:\\\/\\\/chemgramx.com\\\/wp-content\\\/uploads\\\/2025\\\/11\\\/6-MAPB-Online-Kaufen.jpeg\",\"width\":800,\"height\":600},{\"@type\":\"BreadcrumbList\",\"@id\":\"https:\\\/\\\/chemgramx.com\\\/product\\\/6-mapb-6-methyl-2-aminopropylbenzofuran-online-kaufen\\\/#breadcrumb\",\"itemListElement\":[{\"@type\":\"ListItem\",\"position\":1,\"name\":\"Home\",\"item\":\"https:\\\/\\\/chemgramx.com\\\/\"},{\"@type\":\"ListItem\",\"position\":2,\"name\":\"Shop\",\"item\":\"https:\\\/\\\/chemgramx.com\\\/shop\\\/\"},{\"@type\":\"ListItem\",\"position\":3,\"name\":\"6-MAPB (6-Methyl-2-Aminopropylbenzofuran) online kaufen\"}]},{\"@type\":\"WebSite\",\"@id\":\"https:\\\/\\\/chemgramx.com\\\/#website\",\"url\":\"https:\\\/\\\/chemgramx.com\\\/\",\"name\":\"Chemgramx\",\"description\":\"\",\"publisher\":{\"@id\":\"https:\\\/\\\/chemgramx.com\\\/#organization\"},\"potentialAction\":[{\"@type\":\"SearchAction\",\"target\":{\"@type\":\"EntryPoint\",\"urlTemplate\":\"https:\\\/\\\/chemgramx.com\\\/?s={search_term_string}\"},\"query-input\":{\"@type\":\"PropertyValueSpecification\",\"valueRequired\":true,\"valueName\":\"search_term_string\"}}],\"inLanguage\":\"cs\"},{\"@type\":\"Organization\",\"@id\":\"https:\\\/\\\/chemgramx.com\\\/#organization\",\"name\":\"Chemgramx\",\"url\":\"https:\\\/\\\/chemgramx.com\\\/\",\"logo\":{\"@type\":\"ImageObject\",\"inLanguage\":\"cs\",\"@id\":\"https:\\\/\\\/chemgramx.com\\\/#\\\/schema\\\/logo\\\/image\\\/\",\"url\":\"https:\\\/\\\/chemgramx.com\\\/wp-content\\\/uploads\\\/2024\\\/10\\\/final-logo.png\",\"contentUrl\":\"https:\\\/\\\/chemgramx.com\\\/wp-content\\\/uploads\\\/2024\\\/10\\\/final-logo.png\",\"width\":250,\"height\":48,\"caption\":\"Chemgramx\"},\"image\":{\"@id\":\"https:\\\/\\\/chemgramx.com\\\/#\\\/schema\\\/logo\\\/image\\\/\"}}]}<\/script>\n<!-- \/ Yoast SEO plugin. -->","yoast_head_json":{"title":"Koupit 6-MAPB (6-Methyl-2-Aminopropylbenzofuran) online","description":"Hled\u00e1te 6-MAPB (6-methyl-2-aminopropylbenzofuran) online za rozumnou cenu? Nav\u0161tivte n\u00e1\u0161 renomovan\u00fd internetov\u00fd obchod Chemgramx a z\u00edskejte 6-mapb ve slev\u011b je\u0161t\u011b dnes. Objednejte si hned!","robots":{"index":"index","follow":"follow","max-snippet":"max-snippet:-1","max-image-preview":"max-image-preview:large","max-video-preview":"max-video-preview:-1"},"canonical":"https:\/\/chemgramx.com\/cs\/produkt-1\/6-mapb-6-methyl-2-aminopropylbenzofuran-koupit-online\/","og_locale":"cs_CZ","og_type":"article","og_title":"6-MAPB (6-Methyl-2-Aminopropylbenzofuran) online kaufen","og_description":"Sie m\u00f6chten 6-MAPB (6-Methyl-2-Aminopropylbenzofuran) online zu einem vern\u00fcnftigen Preis kaufen? Besuchen Sie unseren renommierten Chemgramx-Onlineshop und holen Sie sich noch heute 6-mapb zu verkaufen. Jetzt bestellen!","og_url":"https:\/\/chemgramx.com\/cs\/produkt-1\/6-mapb-6-methyl-2-aminopropylbenzofuran-koupit-online\/","og_site_name":"Chemgramx","article_modified_time":"2025-11-21T11:20:09+00:00","og_image":[{"width":800,"height":600,"url":"https:\/\/chemgramx.com\/wp-content\/uploads\/2025\/11\/6-MAPB-Online-Kaufen.jpeg","type":"image\/jpeg"}],"twitter_card":"summary_large_image","twitter_misc":{"Odhadovan\u00e1 doba \u010dten\u00ed":"2 minuty"},"schema":{"@context":"https:\/\/schema.org","@graph":[{"@type":"WebPage","@id":"https:\/\/chemgramx.com\/product\/6-mapb-6-methyl-2-aminopropylbenzofuran-online-kaufen\/","url":"https:\/\/chemgramx.com\/product\/6-mapb-6-methyl-2-aminopropylbenzofuran-online-kaufen\/","name":"Koupit 6-MAPB (6-Methyl-2-Aminopropylbenzofuran) online","isPartOf":{"@id":"https:\/\/chemgramx.com\/#website"},"primaryImageOfPage":{"@id":"https:\/\/chemgramx.com\/product\/6-mapb-6-methyl-2-aminopropylbenzofuran-online-kaufen\/#primaryimage"},"image":{"@id":"https:\/\/chemgramx.com\/product\/6-mapb-6-methyl-2-aminopropylbenzofuran-online-kaufen\/#primaryimage"},"thumbnailUrl":"https:\/\/chemgramx.com\/wp-content\/uploads\/2025\/11\/6-MAPB-Online-Kaufen.jpeg","datePublished":"2025-11-21T11:19:16+00:00","dateModified":"2025-11-21T11:20:09+00:00","description":"Hled\u00e1te 6-MAPB (6-methyl-2-aminopropylbenzofuran) online za rozumnou cenu? Nav\u0161tivte n\u00e1\u0161 renomovan\u00fd internetov\u00fd obchod Chemgramx a z\u00edskejte 6-mapb ve slev\u011b je\u0161t\u011b dnes. Objednejte si hned!","breadcrumb":{"@id":"https:\/\/chemgramx.com\/product\/6-mapb-6-methyl-2-aminopropylbenzofuran-online-kaufen\/#breadcrumb"},"inLanguage":"cs","potentialAction":[{"@type":"ReadAction","target":["https:\/\/chemgramx.com\/product\/6-mapb-6-methyl-2-aminopropylbenzofuran-online-kaufen\/"]}]},{"@type":"ImageObject","inLanguage":"cs","@id":"https:\/\/chemgramx.com\/product\/6-mapb-6-methyl-2-aminopropylbenzofuran-online-kaufen\/#primaryimage","url":"https:\/\/chemgramx.com\/wp-content\/uploads\/2025\/11\/6-MAPB-Online-Kaufen.jpeg","contentUrl":"https:\/\/chemgramx.com\/wp-content\/uploads\/2025\/11\/6-MAPB-Online-Kaufen.jpeg","width":800,"height":600},{"@type":"BreadcrumbList","@id":"https:\/\/chemgramx.com\/product\/6-mapb-6-methyl-2-aminopropylbenzofuran-online-kaufen\/#breadcrumb","itemListElement":[{"@type":"ListItem","position":1,"name":"Home","item":"https:\/\/chemgramx.com\/"},{"@type":"ListItem","position":2,"name":"Shop","item":"https:\/\/chemgramx.com\/shop\/"},{"@type":"ListItem","position":3,"name":"6-MAPB (6-Methyl-2-Aminopropylbenzofuran) online kaufen"}]},{"@type":"WebSite","@id":"https:\/\/chemgramx.com\/#website","url":"https:\/\/chemgramx.com\/","name":"Chemgramx","description":"","publisher":{"@id":"https:\/\/chemgramx.com\/#organization"},"potentialAction":[{"@type":"SearchAction","target":{"@type":"EntryPoint","urlTemplate":"https:\/\/chemgramx.com\/?s={search_term_string}"},"query-input":{"@type":"PropertyValueSpecification","valueRequired":true,"valueName":"search_term_string"}}],"inLanguage":"cs"},{"@type":"Organization","@id":"https:\/\/chemgramx.com\/#organization","name":"Chemgramx","url":"https:\/\/chemgramx.com\/","logo":{"@type":"ImageObject","inLanguage":"cs","@id":"https:\/\/chemgramx.com\/#\/schema\/logo\/image\/","url":"https:\/\/chemgramx.com\/wp-content\/uploads\/2024\/10\/final-logo.png","contentUrl":"https:\/\/chemgramx.com\/wp-content\/uploads\/2024\/10\/final-logo.png","width":250,"height":48,"caption":"Chemgramx"},"image":{"@id":"https:\/\/chemgramx.com\/#\/schema\/logo\/image\/"}}]}},"_links":{"self":[{"href":"https:\/\/chemgramx.com\/cs\/wp-json\/wp\/v2\/product\/7613","targetHints":{"allow":["GET"]}}],"collection":[{"href":"https:\/\/chemgramx.com\/cs\/wp-json\/wp\/v2\/product"}],"about":[{"href":"https:\/\/chemgramx.com\/cs\/wp-json\/wp\/v2\/types\/product"}],"replies":[{"embeddable":true,"href":"https:\/\/chemgramx.com\/cs\/wp-json\/wp\/v2\/comments?post=7613"}],"wp:featuredmedia":[{"embeddable":true,"href":"https:\/\/chemgramx.com\/cs\/wp-json\/wp\/v2\/media\/7643"}],"wp:attachment":[{"href":"https:\/\/chemgramx.com\/cs\/wp-json\/wp\/v2\/media?parent=7613"}],"wp:term":[{"taxonomy":"product_brand","embeddable":true,"href":"https:\/\/chemgramx.com\/cs\/wp-json\/wp\/v2\/product_brand?post=7613"},{"taxonomy":"product_cat","embeddable":true,"href":"https:\/\/chemgramx.com\/cs\/wp-json\/wp\/v2\/product_cat?post=7613"},{"taxonomy":"product_tag","embeddable":true,"href":"https:\/\/chemgramx.com\/cs\/wp-json\/wp\/v2\/product_tag?post=7613"}],"curies":[{"name":"wp","href":"https:\/\/api.w.org\/{rel}","templated":true}]}}