{"id":7614,"date":"2025-11-21T11:19:16","date_gmt":"2025-11-21T11:19:16","guid":{"rendered":"https:\/\/chemgramx.com\/?post_type=product&#038;p=7614"},"modified":"2025-11-21T11:20:22","modified_gmt":"2025-11-21T11:20:22","slug":"koupit-allylescaline-online","status":"publish","type":"product","link":"https:\/\/chemgramx.com\/cs\/product\/allylescaline-online-kaufen\/","title":{"rendered":"Koupit Allylescaline online"},"content":{"rendered":"<p data-start=\"292\" data-end=\"649\">Pod\u00edvejte se na mo\u017enost, <a href=\"https:\/\/chemgramx.com\/product\/allylescaline\/\">Koupit allylescalin online<\/a> Hled\u00e1te spolehliv\u00fd zdroj pro v\u00fdzkum? U Chemgramxu si m\u016f\u017eete pro v\u00fdzkumn\u00e9 \u00fa\u010dely zakoupit vysoce kvalitn\u00ed allyleskalin. Nab\u00edz\u00edme k prodeji allyleskalin, kter\u00fd je d\u016fkladn\u011b testov\u00e1n a laboratorn\u011b ov\u011b\u0159en, aby spl\u0148oval nejvy\u0161\u0161\u00ed standardy \u010distoty a spolehlivosti.<\/p>\n<h2 data-start=\"651\" data-end=\"678\">Co je allyleskalin?<\/h2>\n<p data-start=\"680\" data-end=\"1160\"><a href=\"https:\/\/en.wikipedia.org\/wiki\/Allylescaline\">Allylescaline<\/a> je psychedelick\u00fd fenethylamin strukturn\u011b bl\u00edzce p\u0159\u00edbuzn\u00fd meskalinu. Pou\u017e\u00edv\u00e1 se ve v\u00fdzkumu k prozkoum\u00e1n\u00ed \u00fa\u010dink\u016f psychedelick\u00fdch l\u00e1tek na centr\u00e1ln\u00ed nervov\u00fd syst\u00e9m a aktivitu neurotransmiter\u016f. V\u00fdzkumn\u00edci, kte\u0159\u00ed si allyleskalin objedn\u00e1vaj\u00ed nebo kupuj\u00ed online, ho pou\u017e\u00edvaj\u00ed p\u0159edev\u0161\u00edm k anal\u00fdze serotoninov\u00fdch receptor\u016f a jejich role ve v\u011bdom\u00ed, vn\u00edm\u00e1n\u00ed a emo\u010dn\u00edm zpracov\u00e1n\u00ed.<\/p>\n<h3 data-start=\"1162\" data-end=\"1208\">Pro\u010d si pro v\u00fdzkum vybrat Allylescaline?<\/h3>\n<p data-start=\"1210\" data-end=\"1394\">Popt\u00e1vka po n\u00e1kupu allyleskalinu online roste, proto\u017ee tato l\u00e1tka nab\u00edz\u00ed cenn\u00e9 poznatky o \u00fa\u010dinc\u00edch psychedelick\u00fdch slou\u010denin. V\u011bdci si allyleskalinu cen\u00ed pro:<\/p>\n<ul data-start=\"1396\" data-end=\"1591\">\n<li data-start=\"1396\" data-end=\"1460\">\n<p data-start=\"1398\" data-end=\"1460\">analyzovat \u00fa\u010dinek agonist\u016f serotoninov\u00fdch receptor\u016f,<\/p>\n<\/li>\n<li data-start=\"1461\" data-end=\"1528\">\n<p data-start=\"1463\" data-end=\"1528\">prozkoumat zm\u011bny ve vn\u00edm\u00e1n\u00ed a v\u011bdom\u00ed,<\/p>\n<\/li>\n<\/ul>\n<p data-start=\"1593\" data-end=\"1741\">Pro mnoho v\u011bdc\u016f je Chemgramx nejlep\u0161\u00edm m\u00edstem pro n\u00e1kup allylescalinu online, proto\u017ee garantujeme nejvy\u0161\u0161\u00ed \u010distotu a ov\u011b\u0159enou kvalitu.<\/p>\n<h2 data-start=\"1743\" data-end=\"1787\">Allylescaline na prodej u Chemgramx<\/h2>\n<p data-start=\"1789\" data-end=\"2124\">Nab\u00edz\u00edme k prodeji allyleskalin, ov\u011b\u0159en\u00fd p\u0159\u00edsn\u00fdmi laboratorn\u00edmi testy. N\u00e1\u0161 produkt spl\u0148uje nejvy\u0161\u0161\u00ed standardy a je ide\u00e1ln\u00ed volbou pro jakoukoli v\u00fdzkumnou studii. A\u0165 u\u017e zkoum\u00e1te psychedelick\u00e9 \u00fa\u010dinky nebo modulaci neurotransmiter\u016f, n\u00e1\u0161 allyleskalin je t\u00edm spr\u00e1vn\u00fdm \u0159e\u0161en\u00edm.<\/p>\n<h2 data-start=\"2126\" data-end=\"2165\">V\u00fdhody n\u00e1kupu od Chemgramxu:<\/h2>\n<ul data-start=\"2167\" data-end=\"2425\">\n<li data-start=\"2167\" data-end=\"2244\">\n<p data-start=\"2169\" data-end=\"2244\">Laboratorn\u011b testovan\u00e1 \u010distota \u2013 zaru\u010duje spolehliv\u00e9 v\u00fdsledky v\u00fdzkumu.<\/p>\n<\/li>\n<li data-start=\"2245\" data-end=\"2323\">\n<p data-start=\"2247\" data-end=\"2323\">Rychl\u00e9 a diskr\u00e9tn\u00ed doru\u010den\u00ed \u2013 bezpe\u010dn\u011b a diskr\u00e9tn\u011b na va\u0161i adresu.<\/p>\n<\/li>\n<li data-start=\"2324\" data-end=\"2425\">\n<p data-start=\"2326\" data-end=\"2425\">Vhodnost pro v\u00fdzkum \u2013 ide\u00e1ln\u00ed pro studium v\u011bdom\u00ed, vn\u00edm\u00e1n\u00ed a modulace serotoninu.<\/p>\n<\/li>\n<\/ul>\n<p data-start=\"2427\" data-end=\"2568\">Mnoho v\u00fdzkumn\u00edk\u016f si klade ot\u00e1zku: <em data-start=\"2455\" data-end=\"2483\">kde koupit allylescalin<\/em>? \u2013 Odpov\u011bd\u00ed je Chemgramx, v\u00e1\u0161 spolehliv\u00fd dodavatel vysoce \u010dist\u00fdch l\u00e1tek.<\/p>\n<h2 data-start=\"2570\" data-end=\"2609\">Cena a objedn\u00e1vka allylescalinu<\/h2>\n<p data-start=\"2611\" data-end=\"2817\">Nab\u00edz\u00edme atraktivn\u00ed cenov\u00e9 mo\u017enosti Allylescalinu pro v\u00fdzkumn\u00e9 \u00fa\u010dely. P\u0159i objedn\u00e1vce Allylescalinu si m\u016f\u017eete b\u00fdt jisti, \u017ee obdr\u017e\u00edte testovan\u00fd produkt, kter\u00fd spl\u0148uje nejvy\u0161\u0161\u00ed standardy.<\/p>\n<h2 data-start=\"2819\" data-end=\"2864\">Pr\u00e1vn\u00ed status a bezpe\u010dn\u00e9 doru\u010den\u00ed<\/h2>\n<p data-start=\"2866\" data-end=\"3120\">P\u0159ed n\u00e1kupem allylescalinu online si pros\u00edm ov\u011b\u0159te pr\u00e1vn\u00ed status allylescalinu ve va\u0161\u00ed zemi nebo regionu. Chemgramx prod\u00e1v\u00e1 allylescalin pouze pro v\u00fdzkumn\u00e9 \u00fa\u010dely a zaru\u010duje bezpe\u010dn\u00e9 a d\u016fv\u011brn\u00e9 doru\u010den\u00ed.<\/p>\n<h2 data-start=\"3122\" data-end=\"3163\">Objednejte si Allylescaline online nyn\u00ed<\/h2>\n<p data-start=\"3165\" data-end=\"3425\">Jste p\u0159ipraveni roz\u0161\u00ed\u0159it sv\u016fj v\u00fdzkum? Pak si nyn\u00ed m\u016f\u017eete zakoupit allyleskalin, a to bu\u010f p\u0159\u00edmo prost\u0159ednictv\u00edm na\u0161\u00ed platformy, nebo diskr\u00e9tn\u00ed objedn\u00e1vkou. N\u00e1\u0161 v\u00fdb\u011br allyleskalinu k prodeji zaru\u010duje \u010distotu, kvalitu a rychl\u00e9 dod\u00e1n\u00ed.<\/p>\n<p data-start=\"3427\" data-end=\"3594\">Chemgramx je v\u00e1\u0161 spolehliv\u00fd partner pro v\u00fdzkumn\u00e9 l\u00e1tky \u2013 nejlep\u0161\u00ed m\u00edsto pro n\u00e1kup allylescalinu online s testovanou \u010distotou a profesion\u00e1ln\u00edm servisem.<\/p>","protected":false},"excerpt":{"rendered":"<p>Allyleskalin je psychoaktivn\u00ed l\u00e1tka, kter\u00e1 pat\u0159\u00ed do skupiny fenyletylamin\u016f. Je chemicky p\u0159\u00edbuzn\u00e1 s dal\u0161\u00edmi zn\u00e1m\u00fdmi psychedelick\u00fdmi slou\u010deninami a p\u0159itahuje z\u00e1jem v\u00fdzkumn\u00edk\u016f a u\u017eivatel\u016f kv\u016fli sv\u00fdm potenci\u00e1ln\u00edm \u00fa\u010dink\u016fm na v\u011bdom\u00ed.<\/p>\n<ul>\n<li><strong>\u010c\u00edslo CAS:<\/strong> <strong>10064-94-1<\/strong><\/li>\n<li><strong>Chemick\u00fd vzorec:<\/strong> <strong>C12H17NO2<\/strong><\/li>\n<\/ul>","protected":false},"featured_media":7644,"comment_status":"open","ping_status":"closed","template":"","meta":{"_joinchat":[]},"product_brand":[],"product_cat":[96],"product_tag":[2679,2681,2673,2680,2678,2674,2675,2677,2676,2015],"class_list":{"0":"post-7614","1":"product","2":"type-product","3":"status-publish","4":"has-post-thumbnail","6":"product_cat-psychedelische-droge","7":"product_tag-allylescaline-chemikalien","8":"product_tag-allylescaline-drogen","9":"product_tag-allylescaline-kaufen","10":"product_tag-allylescaline-kaufen-deutschland","11":"product_tag-allylescaline-kaufen-online","12":"product_tag-allylescaline-kristalle","13":"product_tag-allylescaline-online-kaufen","14":"product_tag-allylescaline-preis","15":"product_tag-allylescaline-prodej","16":"product_tag-synthetische-drogen","18":"first","19":"instock","20":"shipping-taxable","21":"purchasable","22":"product-type-variable"},"yoast_head":"<!-- This site is optimized with the Yoast SEO plugin v27.5 - https:\/\/yoast.com\/product\/yoast-seo-wordpress\/ -->\n<title>Allylescaline online kaufen \u2013 Allylescaline zu verkaufen<\/title>\n<meta name=\"description\" content=\"Es ist die beste Zeit, unseren Chemgramx-Onlineshop zu besuchen und Allylescaline online zu kaufen. Wir haben hier Allylescaline zum Verkauf. Treffen Sie uns online und bestellen Sie noch heute!\" \/>\n<meta name=\"robots\" content=\"index, follow, max-snippet:-1, max-image-preview:large, max-video-preview:-1\" \/>\n<link rel=\"canonical\" href=\"https:\/\/chemgramx.com\/cs\/produkt-1\/koupit-allylescaline-online\/\" \/>\n<meta property=\"og:locale\" content=\"cs_CZ\" \/>\n<meta property=\"og:type\" content=\"article\" \/>\n<meta property=\"og:title\" content=\"Allylescaline online kaufen \u2013 Allylescaline zu verkaufen\" \/>\n<meta property=\"og:description\" content=\"Es ist die beste Zeit, unseren Chemgramx-Onlineshop zu besuchen und Allylescaline online zu kaufen. Wir haben hier Allylescaline zum Verkauf. Treffen Sie uns online und bestellen Sie noch heute!\" \/>\n<meta property=\"og:url\" content=\"https:\/\/chemgramx.com\/cs\/produkt-1\/koupit-allylescaline-online\/\" \/>\n<meta property=\"og:site_name\" content=\"Chemgramx\" \/>\n<meta property=\"article:modified_time\" content=\"2025-11-21T11:20:22+00:00\" \/>\n<meta property=\"og:image\" content=\"https:\/\/chemgramx.com\/wp-content\/uploads\/2025\/11\/Allylescaline.jpg\" \/>\n\t<meta property=\"og:image:width\" content=\"474\" \/>\n\t<meta property=\"og:image:height\" content=\"347\" \/>\n\t<meta property=\"og:image:type\" content=\"image\/jpeg\" \/>\n<meta name=\"twitter:card\" content=\"summary_large_image\" \/>\n<meta name=\"twitter:label1\" content=\"Odhadovan\u00e1 doba \u010dten\u00ed\" \/>\n\t<meta name=\"twitter:data1\" content=\"2 minuty\" \/>\n<script type=\"application\/ld+json\" class=\"yoast-schema-graph\">{\"@context\":\"https:\\\/\\\/schema.org\",\"@graph\":[{\"@type\":\"WebPage\",\"@id\":\"https:\\\/\\\/chemgramx.com\\\/product\\\/allylescaline-online-kaufen\\\/\",\"url\":\"https:\\\/\\\/chemgramx.com\\\/product\\\/allylescaline-online-kaufen\\\/\",\"name\":\"Allylescaline online kaufen \u2013 Allylescaline zu verkaufen\",\"isPartOf\":{\"@id\":\"https:\\\/\\\/chemgramx.com\\\/#website\"},\"primaryImageOfPage\":{\"@id\":\"https:\\\/\\\/chemgramx.com\\\/product\\\/allylescaline-online-kaufen\\\/#primaryimage\"},\"image\":{\"@id\":\"https:\\\/\\\/chemgramx.com\\\/product\\\/allylescaline-online-kaufen\\\/#primaryimage\"},\"thumbnailUrl\":\"https:\\\/\\\/chemgramx.com\\\/wp-content\\\/uploads\\\/2025\\\/11\\\/Allylescaline.jpg\",\"datePublished\":\"2025-11-21T11:19:16+00:00\",\"dateModified\":\"2025-11-21T11:20:22+00:00\",\"description\":\"Es ist die beste Zeit, unseren Chemgramx-Onlineshop zu besuchen und Allylescaline online zu kaufen. Wir haben hier Allylescaline zum Verkauf. Treffen Sie uns online und bestellen Sie noch heute!\",\"breadcrumb\":{\"@id\":\"https:\\\/\\\/chemgramx.com\\\/product\\\/allylescaline-online-kaufen\\\/#breadcrumb\"},\"inLanguage\":\"cs\",\"potentialAction\":[{\"@type\":\"ReadAction\",\"target\":[\"https:\\\/\\\/chemgramx.com\\\/product\\\/allylescaline-online-kaufen\\\/\"]}]},{\"@type\":\"ImageObject\",\"inLanguage\":\"cs\",\"@id\":\"https:\\\/\\\/chemgramx.com\\\/product\\\/allylescaline-online-kaufen\\\/#primaryimage\",\"url\":\"https:\\\/\\\/chemgramx.com\\\/wp-content\\\/uploads\\\/2025\\\/11\\\/Allylescaline.jpg\",\"contentUrl\":\"https:\\\/\\\/chemgramx.com\\\/wp-content\\\/uploads\\\/2025\\\/11\\\/Allylescaline.jpg\",\"width\":474,\"height\":347},{\"@type\":\"BreadcrumbList\",\"@id\":\"https:\\\/\\\/chemgramx.com\\\/product\\\/allylescaline-online-kaufen\\\/#breadcrumb\",\"itemListElement\":[{\"@type\":\"ListItem\",\"position\":1,\"name\":\"Home\",\"item\":\"https:\\\/\\\/chemgramx.com\\\/\"},{\"@type\":\"ListItem\",\"position\":2,\"name\":\"Shop\",\"item\":\"https:\\\/\\\/chemgramx.com\\\/shop\\\/\"},{\"@type\":\"ListItem\",\"position\":3,\"name\":\"Allylescaline online kaufen\"}]},{\"@type\":\"WebSite\",\"@id\":\"https:\\\/\\\/chemgramx.com\\\/#website\",\"url\":\"https:\\\/\\\/chemgramx.com\\\/\",\"name\":\"Chemgramx\",\"description\":\"\",\"publisher\":{\"@id\":\"https:\\\/\\\/chemgramx.com\\\/#organization\"},\"potentialAction\":[{\"@type\":\"SearchAction\",\"target\":{\"@type\":\"EntryPoint\",\"urlTemplate\":\"https:\\\/\\\/chemgramx.com\\\/?s={search_term_string}\"},\"query-input\":{\"@type\":\"PropertyValueSpecification\",\"valueRequired\":true,\"valueName\":\"search_term_string\"}}],\"inLanguage\":\"cs\"},{\"@type\":\"Organization\",\"@id\":\"https:\\\/\\\/chemgramx.com\\\/#organization\",\"name\":\"Chemgramx\",\"url\":\"https:\\\/\\\/chemgramx.com\\\/\",\"logo\":{\"@type\":\"ImageObject\",\"inLanguage\":\"cs\",\"@id\":\"https:\\\/\\\/chemgramx.com\\\/#\\\/schema\\\/logo\\\/image\\\/\",\"url\":\"https:\\\/\\\/chemgramx.com\\\/wp-content\\\/uploads\\\/2024\\\/10\\\/final-logo.png\",\"contentUrl\":\"https:\\\/\\\/chemgramx.com\\\/wp-content\\\/uploads\\\/2024\\\/10\\\/final-logo.png\",\"width\":250,\"height\":48,\"caption\":\"Chemgramx\"},\"image\":{\"@id\":\"https:\\\/\\\/chemgramx.com\\\/#\\\/schema\\\/logo\\\/image\\\/\"}}]}<\/script>\n<!-- \/ Yoast SEO plugin. -->","yoast_head_json":{"title":"Koupit Allylescalin online \u2013 Allylescalin na prodej","description":"Je nejlep\u0161\u00ed \u010das nav\u0161t\u00edvit n\u00e1\u0161 internetov\u00fd obchod Chemgramx a koupit si Allylescaline online. Allylescaline m\u00e1me na prodej zde. Seznamte se s n\u00e1mi online a objednejte si je\u0161t\u011b dnes!","robots":{"index":"index","follow":"follow","max-snippet":"max-snippet:-1","max-image-preview":"max-image-preview:large","max-video-preview":"max-video-preview:-1"},"canonical":"https:\/\/chemgramx.com\/cs\/produkt-1\/koupit-allylescaline-online\/","og_locale":"cs_CZ","og_type":"article","og_title":"Allylescaline online kaufen \u2013 Allylescaline zu verkaufen","og_description":"Es ist die beste Zeit, unseren Chemgramx-Onlineshop zu besuchen und Allylescaline online zu kaufen. Wir haben hier Allylescaline zum Verkauf. Treffen Sie uns online und bestellen Sie noch heute!","og_url":"https:\/\/chemgramx.com\/cs\/produkt-1\/koupit-allylescaline-online\/","og_site_name":"Chemgramx","article_modified_time":"2025-11-21T11:20:22+00:00","og_image":[{"width":474,"height":347,"url":"https:\/\/chemgramx.com\/wp-content\/uploads\/2025\/11\/Allylescaline.jpg","type":"image\/jpeg"}],"twitter_card":"summary_large_image","twitter_misc":{"Odhadovan\u00e1 doba \u010dten\u00ed":"2 minuty"},"schema":{"@context":"https:\/\/schema.org","@graph":[{"@type":"WebPage","@id":"https:\/\/chemgramx.com\/product\/allylescaline-online-kaufen\/","url":"https:\/\/chemgramx.com\/product\/allylescaline-online-kaufen\/","name":"Koupit Allylescalin online \u2013 Allylescalin na prodej","isPartOf":{"@id":"https:\/\/chemgramx.com\/#website"},"primaryImageOfPage":{"@id":"https:\/\/chemgramx.com\/product\/allylescaline-online-kaufen\/#primaryimage"},"image":{"@id":"https:\/\/chemgramx.com\/product\/allylescaline-online-kaufen\/#primaryimage"},"thumbnailUrl":"https:\/\/chemgramx.com\/wp-content\/uploads\/2025\/11\/Allylescaline.jpg","datePublished":"2025-11-21T11:19:16+00:00","dateModified":"2025-11-21T11:20:22+00:00","description":"Je nejlep\u0161\u00ed \u010das nav\u0161t\u00edvit n\u00e1\u0161 internetov\u00fd obchod Chemgramx a koupit si Allylescaline online. Allylescaline m\u00e1me na prodej zde. Seznamte se s n\u00e1mi online a objednejte si je\u0161t\u011b dnes!","breadcrumb":{"@id":"https:\/\/chemgramx.com\/product\/allylescaline-online-kaufen\/#breadcrumb"},"inLanguage":"cs","potentialAction":[{"@type":"ReadAction","target":["https:\/\/chemgramx.com\/product\/allylescaline-online-kaufen\/"]}]},{"@type":"ImageObject","inLanguage":"cs","@id":"https:\/\/chemgramx.com\/product\/allylescaline-online-kaufen\/#primaryimage","url":"https:\/\/chemgramx.com\/wp-content\/uploads\/2025\/11\/Allylescaline.jpg","contentUrl":"https:\/\/chemgramx.com\/wp-content\/uploads\/2025\/11\/Allylescaline.jpg","width":474,"height":347},{"@type":"BreadcrumbList","@id":"https:\/\/chemgramx.com\/product\/allylescaline-online-kaufen\/#breadcrumb","itemListElement":[{"@type":"ListItem","position":1,"name":"Home","item":"https:\/\/chemgramx.com\/"},{"@type":"ListItem","position":2,"name":"Shop","item":"https:\/\/chemgramx.com\/shop\/"},{"@type":"ListItem","position":3,"name":"Allylescaline online kaufen"}]},{"@type":"WebSite","@id":"https:\/\/chemgramx.com\/#website","url":"https:\/\/chemgramx.com\/","name":"Chemgramx","description":"","publisher":{"@id":"https:\/\/chemgramx.com\/#organization"},"potentialAction":[{"@type":"SearchAction","target":{"@type":"EntryPoint","urlTemplate":"https:\/\/chemgramx.com\/?s={search_term_string}"},"query-input":{"@type":"PropertyValueSpecification","valueRequired":true,"valueName":"search_term_string"}}],"inLanguage":"cs"},{"@type":"Organization","@id":"https:\/\/chemgramx.com\/#organization","name":"Chemgramx","url":"https:\/\/chemgramx.com\/","logo":{"@type":"ImageObject","inLanguage":"cs","@id":"https:\/\/chemgramx.com\/#\/schema\/logo\/image\/","url":"https:\/\/chemgramx.com\/wp-content\/uploads\/2024\/10\/final-logo.png","contentUrl":"https:\/\/chemgramx.com\/wp-content\/uploads\/2024\/10\/final-logo.png","width":250,"height":48,"caption":"Chemgramx"},"image":{"@id":"https:\/\/chemgramx.com\/#\/schema\/logo\/image\/"}}]}},"_links":{"self":[{"href":"https:\/\/chemgramx.com\/cs\/wp-json\/wp\/v2\/product\/7614","targetHints":{"allow":["GET"]}}],"collection":[{"href":"https:\/\/chemgramx.com\/cs\/wp-json\/wp\/v2\/product"}],"about":[{"href":"https:\/\/chemgramx.com\/cs\/wp-json\/wp\/v2\/types\/product"}],"replies":[{"embeddable":true,"href":"https:\/\/chemgramx.com\/cs\/wp-json\/wp\/v2\/comments?post=7614"}],"wp:featuredmedia":[{"embeddable":true,"href":"https:\/\/chemgramx.com\/cs\/wp-json\/wp\/v2\/media\/7644"}],"wp:attachment":[{"href":"https:\/\/chemgramx.com\/cs\/wp-json\/wp\/v2\/media?parent=7614"}],"wp:term":[{"taxonomy":"product_brand","embeddable":true,"href":"https:\/\/chemgramx.com\/cs\/wp-json\/wp\/v2\/product_brand?post=7614"},{"taxonomy":"product_cat","embeddable":true,"href":"https:\/\/chemgramx.com\/cs\/wp-json\/wp\/v2\/product_cat?post=7614"},{"taxonomy":"product_tag","embeddable":true,"href":"https:\/\/chemgramx.com\/cs\/wp-json\/wp\/v2\/product_tag?post=7614"}],"curies":[{"name":"wp","href":"https:\/\/api.w.org\/{rel}","templated":true}]}}