{"id":7617,"date":"2025-11-21T11:19:17","date_gmt":"2025-11-21T11:19:17","guid":{"rendered":"https:\/\/chemgramx.com\/?post_type=product&#038;p=7617"},"modified":"2025-11-21T11:20:22","modified_gmt":"2025-11-21T11:20:22","slug":"5-meo-pyr-t-online-kaufen","status":"publish","type":"product","link":"https:\/\/chemgramx.com\/cs\/product\/5-meo-pyr-t-online-kaufen\/","title":{"rendered":"Koupit 5-MeO-pyr-T online"},"content":{"rendered":"<div class=\"flex-shrink-0 flex flex-col relative items-end\">\n<div class=\"pt-0\">\n<div class=\"gizmo-bot-avatar flex h-8 w-8 items-center justify-center overflow-hidden rounded-full\">\n<p><a href=\"https:\/\/chemgramx.com\/product\/5-meo-pyr-t\/\">5-MeO-Pyr-T<\/a> 5-MeO-Pyr-T je syntetick\u00e1 psychoaktivn\u00ed l\u00e1tka pou\u017e\u00edvan\u00e1 jako v\u00fdzkumn\u00e1 chemik\u00e1lie ke studiu jej\u00edch psychedelick\u00fdch a neurochemick\u00fdch \u00fa\u010dink\u016f na lidsk\u00fd mozek. Tato slou\u010denina je zn\u00e1m\u00e1 sv\u00fdm siln\u00fdm a rychl\u00fdm n\u00e1stupem psychedelick\u00fdch \u00fa\u010dink\u016f, doprov\u00e1zen\u00fdch hlubok\u00fdmi zm\u011bnami v\u011bdom\u00ed a intenzivn\u00edmi halucinacemi. V\u00fdzkumn\u00edci, kte\u0159\u00ed si p\u0159ej\u00ed zakoupit 5-MeO-Pyr-T online, z\u00edskaj\u00ed p\u0159\u00edstup ke spolehliv\u00e9mu zdroji pro kontrolovan\u00e9 laboratorn\u00ed studie.<\/p>\n<h2>Pro\u010d nakupovat 5-MeO-Pyr-T online?<\/h2>\n<p>V\u011bdci pou\u017e\u00edvaj\u00ed 5-MeO-pyr-T ke zkoum\u00e1n\u00ed interakc\u00ed mezi r\u016fzn\u00fdmi neurochemick\u00fdmi syst\u00e9my, zejm\u00e9na serotonergn\u00edmi receptory. Tento v\u00fdzkum by mohl p\u0159isp\u011bt k v\u00fdvoji potenci\u00e1ln\u00edch terapi\u00ed pro du\u0161evn\u00ed poruchy. Pokud m\u00e1te z\u00e1jem o koupi 5-MeO-pyr-T, ChemGramx nab\u00edz\u00ed vysoce kvalitn\u00ed produkty pro laboratorn\u00ed v\u00fdzkum. Pokud hled\u00e1te m\u00edsto, kde si m\u016f\u017eete koupit 5-MeO-pyr-T, na\u0161e platforma je nejlep\u0161\u00edm zdrojem pro bezpe\u010dn\u00fd a spolehliv\u00fd n\u00e1kup. M\u016f\u017eete si koupit origin\u00e1ln\u00ed nebo pad\u011blan\u00fd 5-MeO-pyr-T. <a href=\"https:\/\/en.wikipedia.org\/wiki\/5-MeO-pyr-T\">5-MeO-pyr-T<\/a> f\u00fcr wissenschaftliche Zwecke bedenkenlos bestellen.<\/p>\n<h2>Aplikace a v\u00fdhody 5-MeO-pyr-T<\/h2>\n<p>Pou\u017eit\u00ed 5-MeO-pyr-T ve v\u00fdzkumu nab\u00edz\u00ed n\u011bkolik v\u00fdhod:<\/p>\n<p>Vysok\u00e1 \u010distota: Zaji\u0161\u0165uje p\u0159esn\u00e9 a spolehliv\u00e9 v\u00fdsledky v\u00fdzkumu.<\/p>\n<p>Chemick\u00e1 stabilita: Ide\u00e1ln\u00ed pro dlouhodob\u00e9 studie a experiment\u00e1ln\u00ed aplikace.<\/p>\n<p>P\u0159\u00edsn\u00e1 kontrola kvality: Ka\u017ed\u00e1 \u0161ar\u017ee origin\u00e1ln\u00edho nebo pad\u011blan\u00e9ho 5-MeO-pyr-T je testov\u00e1na na \u010distotu a konzistenci.<\/p>\n<h2>Pouze pro v\u00fdzkumn\u00e9 \u00fa\u010dely: Nen\u00ed ur\u010deno k lidsk\u00e9 spot\u0159eb\u011b.<\/h2>\n<p>A\u0165 u\u017e chcete koupit 5-MeO-pyr-T levn\u011b online, nebo hled\u00e1te ov\u011b\u0159en\u00e9ho dodavatele \u2013 ChemGramx je d\u016fv\u011bryhodn\u00e1 platforma pro bezpe\u010dn\u00fd online n\u00e1kup 5-MeO-pyr-T.<\/p>\n<h3>Bezpe\u010dn\u00e1 manipulace a skladov\u00e1n\u00ed<\/h3>\n<p>Pro zachov\u00e1n\u00ed chemick\u00e9 integrity by m\u011bl b\u00fdt 5-MeO-pyr-T skladov\u00e1n na chladn\u00e9m a such\u00e9m m\u00edst\u011b mimo dosah p\u0159\u00edm\u00e9ho slune\u010dn\u00edho z\u00e1\u0159en\u00ed. P\u0159i manipulaci s 5-MeO-pyr-T ur\u010den\u00fdm k prodeji v\u017edy dodr\u017eujte bezpe\u010dnostn\u00ed pokyny laborato\u0159e, abyste zajistili p\u0159esn\u00e9 v\u00fdsledky v\u00fdzkumu a zodpov\u011bdn\u00e9 zach\u00e1zen\u00ed.<\/p>\n<\/div>\n<\/div>\n<\/div>","protected":false},"excerpt":{"rendered":"<p><strong>5-MeO-DMT<\/strong> je vysoce \u010dist\u00e1 syntetick\u00e1 chemick\u00e1 slou\u010denina, kter\u00e1 byla vyvinuta pro \u00fa\u010dely v\u011bdeck\u00e9ho v\u00fdzkumu. Pou\u017e\u00edv\u00e1 se ke zkoum\u00e1n\u00ed psychedelick\u00fdch \u00fa\u010dink\u016f a neurochemick\u00fdch vlastnost\u00ed l\u00e1tek. Ka\u017ed\u00e1 \u0161ar\u017ee je testov\u00e1na na nejvy\u0161\u0161\u00ed \u010distotu. Ur\u010deno pouze pro v\u00fdzkumn\u00e9 \u00fa\u010dely - nen\u00ed vhodn\u00e9 pro lidskou spot\u0159ebu.<\/p>","protected":false},"featured_media":7647,"comment_status":"open","ping_status":"closed","template":"","meta":{"_joinchat":[]},"product_brand":[],"product_cat":[96],"product_tag":[2327,2334,2335,2332,2328,2333,2331,2329,2330,2182],"class_list":{"0":"post-7617","1":"product","2":"type-product","3":"status-publish","4":"has-post-thumbnail","6":"product_cat-psychedelische-droge","7":"product_tag-5-meo-pyr-t","8":"product_tag-5-meo-pyr-t-chemikalien","9":"product_tag-5-meo-pyr-t-forschung","10":"product_tag-5-meo-pyr-t-fur-forschung","11":"product_tag-5-meo-pyr-t-kaufen","12":"product_tag-5-meo-pyr-t-kaufen-online","13":"product_tag-5-meo-pyr-t-kristalle","14":"product_tag-5-meo-pyr-t-online","15":"product_tag-5-meo-pyr-t-pulver","16":"product_tag-synthetische-chemikalien","18":"first","19":"instock","20":"shipping-taxable","21":"purchasable","22":"product-type-variable"},"yoast_head":"<!-- This site is optimized with the Yoast SEO plugin v27.5 - https:\/\/yoast.com\/product\/yoast-seo-wordpress\/ -->\n<title>5-MeO-Pyr-T online kaufen \u2013 5-MeO-Pyr-T zu verkaufen<\/title>\n<meta name=\"description\" content=\"Bei unserem Chemgramx k\u00f6nnen Sie 5-Meo-Pyr-T zu g\u00fcnstigen Preisen kaufen. Hier k\u00f6nnen Sie jetzt hochwertiges 5-Meo-Pyr-T online in unserem Shop mit schnellem und sicherem Versandservice kaufen.\" \/>\n<meta name=\"robots\" content=\"index, follow, max-snippet:-1, max-image-preview:large, max-video-preview:-1\" \/>\n<link rel=\"canonical\" href=\"https:\/\/chemgramx.com\/cs\/produkt-1\/5-meo-pyr-t-online-kaufen\/\" \/>\n<meta property=\"og:locale\" content=\"cs_CZ\" \/>\n<meta property=\"og:type\" content=\"article\" \/>\n<meta property=\"og:title\" content=\"5-MeO-Pyr-T online kaufen \u2013 5-MeO-Pyr-T zu verkaufen\" \/>\n<meta property=\"og:description\" content=\"Bei unserem Chemgramx k\u00f6nnen Sie 5-Meo-Pyr-T zu g\u00fcnstigen Preisen kaufen. Hier k\u00f6nnen Sie jetzt hochwertiges 5-Meo-Pyr-T online in unserem Shop mit schnellem und sicherem Versandservice kaufen.\" \/>\n<meta property=\"og:url\" content=\"https:\/\/chemgramx.com\/cs\/produkt-1\/5-meo-pyr-t-online-kaufen\/\" \/>\n<meta property=\"og:site_name\" content=\"Chemgramx\" \/>\n<meta property=\"article:modified_time\" content=\"2025-11-21T11:20:22+00:00\" \/>\n<meta property=\"og:image\" content=\"https:\/\/chemgramx.com\/wp-content\/uploads\/2025\/11\/5meo.png\" \/>\n\t<meta property=\"og:image:width\" content=\"600\" \/>\n\t<meta property=\"og:image:height\" content=\"400\" \/>\n\t<meta property=\"og:image:type\" content=\"image\/png\" \/>\n<meta name=\"twitter:card\" content=\"summary_large_image\" \/>\n<meta name=\"twitter:label1\" content=\"Odhadovan\u00e1 doba \u010dten\u00ed\" \/>\n\t<meta name=\"twitter:data1\" content=\"2 minuty\" \/>\n<script type=\"application\/ld+json\" class=\"yoast-schema-graph\">{\"@context\":\"https:\\\/\\\/schema.org\",\"@graph\":[{\"@type\":\"WebPage\",\"@id\":\"https:\\\/\\\/chemgramx.com\\\/product\\\/5-meo-pyr-t-online-kaufen\\\/\",\"url\":\"https:\\\/\\\/chemgramx.com\\\/product\\\/5-meo-pyr-t-online-kaufen\\\/\",\"name\":\"5-MeO-Pyr-T online kaufen \u2013 5-MeO-Pyr-T zu verkaufen\",\"isPartOf\":{\"@id\":\"https:\\\/\\\/chemgramx.com\\\/#website\"},\"primaryImageOfPage\":{\"@id\":\"https:\\\/\\\/chemgramx.com\\\/product\\\/5-meo-pyr-t-online-kaufen\\\/#primaryimage\"},\"image\":{\"@id\":\"https:\\\/\\\/chemgramx.com\\\/product\\\/5-meo-pyr-t-online-kaufen\\\/#primaryimage\"},\"thumbnailUrl\":\"https:\\\/\\\/chemgramx.com\\\/wp-content\\\/uploads\\\/2025\\\/11\\\/5meo.png\",\"datePublished\":\"2025-11-21T11:19:17+00:00\",\"dateModified\":\"2025-11-21T11:20:22+00:00\",\"description\":\"Bei unserem Chemgramx k\u00f6nnen Sie 5-Meo-Pyr-T zu g\u00fcnstigen Preisen kaufen. Hier k\u00f6nnen Sie jetzt hochwertiges 5-Meo-Pyr-T online in unserem Shop mit schnellem und sicherem Versandservice kaufen.\",\"breadcrumb\":{\"@id\":\"https:\\\/\\\/chemgramx.com\\\/product\\\/5-meo-pyr-t-online-kaufen\\\/#breadcrumb\"},\"inLanguage\":\"cs\",\"potentialAction\":[{\"@type\":\"ReadAction\",\"target\":[\"https:\\\/\\\/chemgramx.com\\\/product\\\/5-meo-pyr-t-online-kaufen\\\/\"]}]},{\"@type\":\"ImageObject\",\"inLanguage\":\"cs\",\"@id\":\"https:\\\/\\\/chemgramx.com\\\/product\\\/5-meo-pyr-t-online-kaufen\\\/#primaryimage\",\"url\":\"https:\\\/\\\/chemgramx.com\\\/wp-content\\\/uploads\\\/2025\\\/11\\\/5meo.png\",\"contentUrl\":\"https:\\\/\\\/chemgramx.com\\\/wp-content\\\/uploads\\\/2025\\\/11\\\/5meo.png\",\"width\":600,\"height\":400},{\"@type\":\"BreadcrumbList\",\"@id\":\"https:\\\/\\\/chemgramx.com\\\/product\\\/5-meo-pyr-t-online-kaufen\\\/#breadcrumb\",\"itemListElement\":[{\"@type\":\"ListItem\",\"position\":1,\"name\":\"Home\",\"item\":\"https:\\\/\\\/chemgramx.com\\\/\"},{\"@type\":\"ListItem\",\"position\":2,\"name\":\"Shop\",\"item\":\"https:\\\/\\\/chemgramx.com\\\/shop\\\/\"},{\"@type\":\"ListItem\",\"position\":3,\"name\":\"5-MeO-pyr-T Online Kaufen\"}]},{\"@type\":\"WebSite\",\"@id\":\"https:\\\/\\\/chemgramx.com\\\/#website\",\"url\":\"https:\\\/\\\/chemgramx.com\\\/\",\"name\":\"Chemgramx\",\"description\":\"\",\"publisher\":{\"@id\":\"https:\\\/\\\/chemgramx.com\\\/#organization\"},\"potentialAction\":[{\"@type\":\"SearchAction\",\"target\":{\"@type\":\"EntryPoint\",\"urlTemplate\":\"https:\\\/\\\/chemgramx.com\\\/?s={search_term_string}\"},\"query-input\":{\"@type\":\"PropertyValueSpecification\",\"valueRequired\":true,\"valueName\":\"search_term_string\"}}],\"inLanguage\":\"cs\"},{\"@type\":\"Organization\",\"@id\":\"https:\\\/\\\/chemgramx.com\\\/#organization\",\"name\":\"Chemgramx\",\"url\":\"https:\\\/\\\/chemgramx.com\\\/\",\"logo\":{\"@type\":\"ImageObject\",\"inLanguage\":\"cs\",\"@id\":\"https:\\\/\\\/chemgramx.com\\\/#\\\/schema\\\/logo\\\/image\\\/\",\"url\":\"https:\\\/\\\/chemgramx.com\\\/wp-content\\\/uploads\\\/2024\\\/10\\\/final-logo.png\",\"contentUrl\":\"https:\\\/\\\/chemgramx.com\\\/wp-content\\\/uploads\\\/2024\\\/10\\\/final-logo.png\",\"width\":250,\"height\":48,\"caption\":\"Chemgramx\"},\"image\":{\"@id\":\"https:\\\/\\\/chemgramx.com\\\/#\\\/schema\\\/logo\\\/image\\\/\"}}]}<\/script>\n<!-- \/ Yoast SEO plugin. -->","yoast_head_json":{"title":"Koupit 5-MeO-Pyr-T online \u2013 5-MeO-Pyr-T na prodej","description":"Bei unserem Chemgramx k\u00f6nnen Sie 5-Meo-Pyr-T zu g\u00fcnstigen Preisen kaufen. Hier k\u00f6nnen Sie jetzt hochwertiges 5-Meo-Pyr-T online in unserem Shop mit schnellem und sicherem Versandservice kaufen.","robots":{"index":"index","follow":"follow","max-snippet":"max-snippet:-1","max-image-preview":"max-image-preview:large","max-video-preview":"max-video-preview:-1"},"canonical":"https:\/\/chemgramx.com\/cs\/produkt-1\/5-meo-pyr-t-online-kaufen\/","og_locale":"cs_CZ","og_type":"article","og_title":"5-MeO-Pyr-T online kaufen \u2013 5-MeO-Pyr-T zu verkaufen","og_description":"Bei unserem Chemgramx k\u00f6nnen Sie 5-Meo-Pyr-T zu g\u00fcnstigen Preisen kaufen. Hier k\u00f6nnen Sie jetzt hochwertiges 5-Meo-Pyr-T online in unserem Shop mit schnellem und sicherem Versandservice kaufen.","og_url":"https:\/\/chemgramx.com\/cs\/produkt-1\/5-meo-pyr-t-online-kaufen\/","og_site_name":"Chemgramx","article_modified_time":"2025-11-21T11:20:22+00:00","og_image":[{"width":600,"height":400,"url":"https:\/\/chemgramx.com\/wp-content\/uploads\/2025\/11\/5meo.png","type":"image\/png"}],"twitter_card":"summary_large_image","twitter_misc":{"Odhadovan\u00e1 doba \u010dten\u00ed":"2 minuty"},"schema":{"@context":"https:\/\/schema.org","@graph":[{"@type":"WebPage","@id":"https:\/\/chemgramx.com\/product\/5-meo-pyr-t-online-kaufen\/","url":"https:\/\/chemgramx.com\/product\/5-meo-pyr-t-online-kaufen\/","name":"Koupit 5-MeO-Pyr-T online \u2013 5-MeO-Pyr-T na prodej","isPartOf":{"@id":"https:\/\/chemgramx.com\/#website"},"primaryImageOfPage":{"@id":"https:\/\/chemgramx.com\/product\/5-meo-pyr-t-online-kaufen\/#primaryimage"},"image":{"@id":"https:\/\/chemgramx.com\/product\/5-meo-pyr-t-online-kaufen\/#primaryimage"},"thumbnailUrl":"https:\/\/chemgramx.com\/wp-content\/uploads\/2025\/11\/5meo.png","datePublished":"2025-11-21T11:19:17+00:00","dateModified":"2025-11-21T11:20:22+00:00","description":"Bei unserem Chemgramx k\u00f6nnen Sie 5-Meo-Pyr-T zu g\u00fcnstigen Preisen kaufen. Hier k\u00f6nnen Sie jetzt hochwertiges 5-Meo-Pyr-T online in unserem Shop mit schnellem und sicherem Versandservice kaufen.","breadcrumb":{"@id":"https:\/\/chemgramx.com\/product\/5-meo-pyr-t-online-kaufen\/#breadcrumb"},"inLanguage":"cs","potentialAction":[{"@type":"ReadAction","target":["https:\/\/chemgramx.com\/product\/5-meo-pyr-t-online-kaufen\/"]}]},{"@type":"ImageObject","inLanguage":"cs","@id":"https:\/\/chemgramx.com\/product\/5-meo-pyr-t-online-kaufen\/#primaryimage","url":"https:\/\/chemgramx.com\/wp-content\/uploads\/2025\/11\/5meo.png","contentUrl":"https:\/\/chemgramx.com\/wp-content\/uploads\/2025\/11\/5meo.png","width":600,"height":400},{"@type":"BreadcrumbList","@id":"https:\/\/chemgramx.com\/product\/5-meo-pyr-t-online-kaufen\/#breadcrumb","itemListElement":[{"@type":"ListItem","position":1,"name":"Home","item":"https:\/\/chemgramx.com\/"},{"@type":"ListItem","position":2,"name":"Shop","item":"https:\/\/chemgramx.com\/shop\/"},{"@type":"ListItem","position":3,"name":"5-MeO-pyr-T Online Kaufen"}]},{"@type":"WebSite","@id":"https:\/\/chemgramx.com\/#website","url":"https:\/\/chemgramx.com\/","name":"Chemgramx","description":"","publisher":{"@id":"https:\/\/chemgramx.com\/#organization"},"potentialAction":[{"@type":"SearchAction","target":{"@type":"EntryPoint","urlTemplate":"https:\/\/chemgramx.com\/?s={search_term_string}"},"query-input":{"@type":"PropertyValueSpecification","valueRequired":true,"valueName":"search_term_string"}}],"inLanguage":"cs"},{"@type":"Organization","@id":"https:\/\/chemgramx.com\/#organization","name":"Chemgramx","url":"https:\/\/chemgramx.com\/","logo":{"@type":"ImageObject","inLanguage":"cs","@id":"https:\/\/chemgramx.com\/#\/schema\/logo\/image\/","url":"https:\/\/chemgramx.com\/wp-content\/uploads\/2024\/10\/final-logo.png","contentUrl":"https:\/\/chemgramx.com\/wp-content\/uploads\/2024\/10\/final-logo.png","width":250,"height":48,"caption":"Chemgramx"},"image":{"@id":"https:\/\/chemgramx.com\/#\/schema\/logo\/image\/"}}]}},"_links":{"self":[{"href":"https:\/\/chemgramx.com\/cs\/wp-json\/wp\/v2\/product\/7617","targetHints":{"allow":["GET"]}}],"collection":[{"href":"https:\/\/chemgramx.com\/cs\/wp-json\/wp\/v2\/product"}],"about":[{"href":"https:\/\/chemgramx.com\/cs\/wp-json\/wp\/v2\/types\/product"}],"replies":[{"embeddable":true,"href":"https:\/\/chemgramx.com\/cs\/wp-json\/wp\/v2\/comments?post=7617"}],"wp:featuredmedia":[{"embeddable":true,"href":"https:\/\/chemgramx.com\/cs\/wp-json\/wp\/v2\/media\/7647"}],"wp:attachment":[{"href":"https:\/\/chemgramx.com\/cs\/wp-json\/wp\/v2\/media?parent=7617"}],"wp:term":[{"taxonomy":"product_brand","embeddable":true,"href":"https:\/\/chemgramx.com\/cs\/wp-json\/wp\/v2\/product_brand?post=7617"},{"taxonomy":"product_cat","embeddable":true,"href":"https:\/\/chemgramx.com\/cs\/wp-json\/wp\/v2\/product_cat?post=7617"},{"taxonomy":"product_tag","embeddable":true,"href":"https:\/\/chemgramx.com\/cs\/wp-json\/wp\/v2\/product_tag?post=7617"}],"curies":[{"name":"wp","href":"https:\/\/api.w.org\/{rel}","templated":true}]}}