{"id":7732,"date":"2025-11-21T11:20:27","date_gmt":"2025-11-21T11:20:27","guid":{"rendered":"https:\/\/chemgramx.com\/?post_type=product&#038;p=7732"},"modified":"2025-11-21T11:21:52","modified_gmt":"2025-11-21T11:21:52","slug":"koupit-zelenou-mandalu-mix","status":"publish","type":"product","link":"https:\/\/chemgramx.com\/cs\/product\/green-mandala-mix-kaufen\/","title":{"rendered":"Koupit Sm\u011bs zelen\u00fdch mandal"},"content":{"rendered":"<p>Objevte <b>Zelen\u00e1 mandala Mix<\/b>, vynikaj\u00edc\u00ed a <b>Speci\u00e1ln\u011b sestaven\u00e1 bylinn\u00e1 sm\u011bs<\/b>, kter\u00e9 ve sv\u00fdch <b>vyv\u00e1\u017een\u00e9 slo\u017een\u00ed<\/b> je jedine\u010dn\u00fd. Tato sm\u011bs byla vyvinuta s hlubok\u00fdm p\u0159esv\u011bd\u010den\u00edm, \u017ee <b>P\u0159irozen\u00e1 s\u00edla rostlin<\/b> na <b>Podpora celkov\u00e9 pohody<\/b> a na <b>Harmonizace \u017eivotn\u00edho prost\u0159ed\u00ed<\/b> k pou\u017eit\u00ed. Je to ide\u00e1ln\u00ed dopln\u011bk pro v\u0161echny, kte\u0159\u00ed <b>Relaxa\u010dn\u00ed ritu\u00e1ly<\/b> oslavit <b>Aromaterapie<\/b> a hledaj\u00ed <b>\u010dist\u00fd, p\u0159irozen\u00fd smyslov\u00fd z\u00e1\u017eitek<\/b> bez um\u011bl\u00fdch p\u0159\u00edsad. Sm\u011bs Zelen\u00e1 mandala je mnohem v\u00edc ne\u017e jen jednoduch\u00e1 kombinace bylinek; je to pe\u010dliv\u011b vyv\u00e1\u017een\u00fd n\u00e1stroj, kter\u00fd v\u00e1m pom\u016f\u017ee naj\u00edt rovnov\u00e1hu v ka\u017edodenn\u00edm hektick\u00e9m \u017eivot\u011b. <b>Kotva klidu a uzemn\u011bn\u00ed<\/b> naj\u00edt.<\/p>\n<p>Filozofie t\u00e9to sm\u011bsi je zalo\u017eena na principu <b>Synergie<\/b>, Kombinace vlastnost\u00ed jednotliv\u00fdch bylin vytv\u00e1\u0159\u00ed siln\u011bj\u0161\u00ed a vyv\u00e1\u017een\u011bj\u0161\u00ed celkov\u00fd \u00fa\u010dinek ne\u017e sou\u010det jejich jednotliv\u00fdch \u010d\u00e1st\u00ed. D\u00edky tomu je sm\u011bs Zelen\u00e1 mandala obzvl\u00e1\u0161t\u011b cenn\u00e1 pro ka\u017ed\u00e9ho, kdo hled\u00e1 p\u0159\u00edrodn\u00ed podporu sv\u00e9ho zdrav\u00ed. <b>Meditace<\/b> nebo jejich ve\u010dern\u00ed relaxa\u010dn\u00ed cvi\u010den\u00ed.<\/p>\n<h2><b>Anatomie harmonie: \u010c\u00edm je sm\u011bs Green Mandala Mix tak v\u00fdjime\u010dn\u00e1?<\/b><\/h2>\n<p>Jedine\u010dnost sm\u011bsi Green Mandala spo\u010d\u00edv\u00e1 v tom. <b>pe\u010dliv\u00fd v\u00fdb\u011br a koordinace<\/b> jeho <b><a href=\"\/product\/blackberry-kush-bubble-hash-kaufen\/\">p\u0159\u00edrodn\u00ed<\/a> Slo\u017een\u00ed<\/b>. Z\u00e1m\u011brn\u011b jsme se rozhodli pro <b>100% bylinn\u00e9 slo\u017een\u00ed<\/b> kter\u00fd neobsahuje \u017e\u00e1dn\u00e1 syntetick\u00e1 aromata, um\u011bl\u00e1 plnidla ani pochybn\u00e9 p\u0159\u00edsady. Ka\u017ed\u00e1 slo\u017eka je p\u0159\u00edrodn\u00ed produkt vyroben\u00fd z <b>\u0159\u00edzen\u00e9 p\u011bstov\u00e1n\u00ed<\/b> a harmonicky p\u0159isp\u00edv\u00e1 k celkov\u00e9 kompozici.<\/p>\n<h3><b>Senzorick\u00fd profil a slo\u017een\u00ed<\/b><\/h3>\n<p>V\u00fdsledn\u00fd profil v\u016fn\u011b lze popsat takto <b>sv\u011b\u017e\u00ed kv\u011btinov\u00fd s jemn\u00fdmi, \u010dist\u00edc\u00edmi ko\u0159en\u011bn\u00fdmi t\u00f3ny<\/b> v\u016fn\u011b, kter\u00e1 povzbuzuje, ale z\u00e1rove\u0148 m\u00e1 hluboce uklid\u0148uj\u00edc\u00ed \u00fa\u010dinky. Samotn\u00e1 sm\u011bs je <b>estetick\u00fd vzhled<\/b> Slo\u017een\u00ed z <b>p\u0159\u00edrodn\u00ed odst\u00edny zelen\u00e9<\/b> list\u016f a \u017eiv\u00fdch <b>barevn\u00e9 kv\u011btinov\u00e9 akcenty<\/b>, kter\u00e9 <b>voln\u00e1 konzistence<\/b> sm\u011bsi.<\/p>\n<p>Z\u00e1kladn\u00ed slo\u017eky a jejich tradi\u010dn\u00ed aromaterapeutick\u00e9 vlastnosti jsou:<\/p>\n<ul>\n<li><b>Kv\u011bty levandule:<\/b> Kr\u00e1lovna relaxace. Zn\u00e1m\u00e1 pro svou hlubokou <b>uklid\u0148uj\u00edc\u00ed a vyrovn\u00e1vaj\u00edc\u00ed<\/b> Vlastnosti. Podporuj\u00ed vnit\u0159n\u00ed klid a tradi\u010dn\u011b se pou\u017e\u00edvaj\u00ed k podpo\u0159e klidu. <b>lep\u0161\u00ed sp\u00e1nkov\u00e9 klima<\/b> pou\u017eity.<\/li>\n<li><b>Medu\u0148ka:<\/b> P\u0159id\u00e1 sv\u011btlou barvu, <b>o\u017eiven\u00ed a osv\u011b\u017een\u00ed<\/b> pozn\u00e1mka k citrus\u016fm. Je cen\u011bn\u00fd pro <b>jemn\u011b zlep\u0161it n\u00e1ladu<\/b> a vn\u00e1\u0161\u00ed do mysli jasnost.<\/li>\n<li><b>He\u0159m\u00e1nek:<\/b> Klasick\u00e1, jemn\u00e1 bylina, kter\u00e1 je uzn\u00e1van\u00e1 pro sv\u00e9 <b>relaxa\u010dn\u00ed a uklid\u0148uj\u00edc\u00ed<\/b> \u00fa\u010dinky jsou zn\u00e1m\u00e9. He\u0159m\u00e1nek p\u016fsob\u00ed jako harmoniza\u010dn\u00ed faktor a dod\u00e1v\u00e1 celkov\u00e9mu slo\u017een\u00ed jemn\u00fd, uklid\u0148uj\u00edc\u00ed podt\u00f3n.<\/li>\n<li><b>M\u00e1ta peprn\u00e1:<\/b> Poskytuje jasn\u00fd, t\u00e9m\u011b\u0159 <b>Chladic\u00ed pozn\u00e1mka<\/b>kter\u00fd <b>O\u017eivuje a podporuje jasnost<\/b> pracuje. Pom\u00e1h\u00e1 soust\u0159edit mysl a zbyst\u0159it smysly, ani\u017e by je p\u0159\u00edli\u0161 stimulovala.<\/li>\n<\/ul>\n<p>Tato osv\u011bd\u010den\u00e1 kombinace vytv\u00e1\u0159\u00ed <b>intenzivn\u00ed z\u00e1\u017eitek z v\u016fn\u011b<\/b>, kter\u00fd je optimalizov\u00e1n pro vytvo\u0159en\u00ed dokonal\u00e9 atmosf\u00e9ry ve va\u0161\u00ed dom\u00e1cnosti. <b>\u010dist\u00ed a harmonizuje<\/b>.<\/p>\n<h2><b>V\u0161estrann\u00e9 vyu\u017eit\u00ed ve wellness a relaxaci<\/b><\/h2>\n<p>Skute\u010dn\u00e1 s\u00edla sm\u011bsi Zelen\u00e1 mandala spo\u010d\u00edv\u00e1 v tom, \u017ee <b>\u0161irok\u00e9 a v\u0161estrann\u00e9 pou\u017eit\u00ed<\/b>, co\u017e z n\u011bj d\u011bl\u00e1 flexibiln\u00edho spole\u010dn\u00edka pro cel\u00fd v\u00e1\u0161 \u017eivot. <b>Wellness rutina<\/b> vyr\u00e1b\u00ed. Neomezuje se na jedinou metodu, ale m\u016f\u017ee vyu\u017e\u00edvat r\u016fzn\u00e9 zp\u016fsoby relaxace a uvoln\u011bn\u00ed. <b>Podpora du\u0161evn\u00ed rovnov\u00e1hy<\/b> podporu.<\/p>\n<h3><b>Podrobn\u00e9 praktick\u00e9 metody pou\u017eit\u00ed<\/b><\/h3>\n<ol start=\"1\">\n<li>Jako kadidlov\u00e1 sm\u011bs pro ritu\u00e1ly a zlep\u0161en\u00ed atmosf\u00e9ry:Tradi\u010dn\u00ed kad\u011bn\u00ed je pova\u017eov\u00e1no za nej\u00fa\u010dinn\u011bj\u0161\u00ed metodu uvol\u0148ov\u00e1n\u00ed vonn\u00fdch esenc\u00ed bylin. Pomal\u00fd aromatick\u00fd kou\u0159 je ide\u00e1ln\u00ed pro:\n<ul>\n<li><b>Meditace:<\/b> Podporuje <b>Zam\u011b\u0159en\u00ed<\/b> a pom\u00e1h\u00e1 ukotvit meditativn\u00ed n\u00e1ladu v m\u00edstnosti.<\/li>\n<li><b>Provon\u011bn\u00ed a harmonizace m\u00edstnosti:<\/b> Na <b>Zlep\u0161en\u00ed ovzdu\u0161\u00ed v interi\u00e9ru<\/b> a vytvo\u0159it <b>p\u0159\u00edjemn\u00e1 a uvoln\u011bn\u00e1 atmosf\u00e9ra<\/b>.<\/li>\n<li><b>Ritu\u00e1ly a ob\u0159ady:<\/b> Doprov\u00e1z\u00ed osobn\u00ed chv\u00edle rozj\u00edm\u00e1n\u00ed nebo konec dne.<\/li>\n<\/ul>\n<\/li>\n<li>Jako p\u0159\u00edsada do koupele pro hlubok\u00e9 relaxa\u010dn\u00ed koupele:Sm\u011bs je tak\u00e9 luxusn\u00edm dopl\u0148kem va\u0161\u00ed relaxa\u010dn\u00ed koupele. Hrst bylinek vlo\u017ete do mal\u00e9ho l\u00e1tkov\u00e9ho s\u00e1\u010dku (aby byla vana \u010dist\u00e1) a zav\u011bste jej pod hork\u00fd vodovodn\u00ed kohoutek. P\u0159\u00edpadn\u011b ji lze pou\u017e\u00edt v kombinaci s neutr\u00e1ln\u00edmi koupelov\u00fdmi solemi. Uvoln\u011bn\u00e9 \u00e9terick\u00e9 oleje se rozv\u00edjej\u00ed v par\u00e1ch tepl\u00e9 vody a poskytuj\u00ed intenzivn\u00ed aromaterapii, kter\u00e1 podporuje p\u00e9\u010di o poko\u017eku a podporuje hlubokou fyzickou relaxaci.<\/li>\n<li>Pro smyslov\u00fd z\u00e1\u017eitek a vonn\u00e9 pol\u0161t\u00e1\u0159ky:Sm\u011bs lze pou\u017e\u00edt do vonn\u00fdch pol\u0161t\u00e1\u0159k\u016f nebo potpourris pro smyslovou stimulaci v lo\u017enici nebo pracovn\u011b, kter\u00e1 podporuje jasnost nebo v\u00e1s jemn\u011b vede k relaxaci.<\/li>\n<\/ol>\n<h2><b>Kvalita, p\u016fvod a udr\u017eitelnost produkce<\/b><\/h2>\n<p>N\u00e1\u0161 z\u00e1vazek <b>Purity<\/b> je nekompromisn\u00ed. \u00da\u010dinnost sm\u011bsi Green Mandala Mix je zalo\u017eena na kvalit\u011b ka\u017ed\u00e9 jednotliv\u00e9 slo\u017eky, a proto dodr\u017eujeme p\u0159\u00edsn\u00e9 normy.<\/p>\n<h3><b>V\u00fdrobn\u00ed proces a vlastnosti<\/b><\/h3>\n<p>Cel\u00fd v\u00fdrobn\u00ed proces se vyzna\u010duje <b>P\u00e9\u010de a manu\u00e1ln\u00ed pr\u00e1ce<\/b> charakterizov\u00e1ny:<\/p>\n<ul>\n<li><b>V\u00fdb\u011br surovin:<\/b> A <b>ru\u010dn\u011b vyb\u00edran\u00fd sortiment<\/b> nejlep\u0161\u00ed, <b>p\u0159\u00edrodn\u00ed byliny a kv\u011btiny<\/b>.<\/li>\n<li><b>\u0160etrn\u00e9 su\u0161en\u00ed:<\/b> Su\u0161en\u00ed prob\u00edh\u00e1 pod <b>kontrolovan\u00e9 podm\u00ednky<\/b>optimalizovat <b>citliv\u00e9 esenci\u00e1ln\u00ed oleje<\/b> a zachovat z\u00e1\u0159iv\u00e9 barvy - to je nezbytn\u00e9 pro <b>\u00da\u010dinnost p\u0159\u00edchut\u011b<\/b>.<\/li>\n<li><b>Tradi\u010dn\u00ed sm\u011bs:<\/b> Slo\u017een\u00ed je <b>pe\u010dliv\u011b sm\u00edch\u00e1ny<\/b>optimalizovat <b>Vyv\u00e1\u017een\u00e1 v\u016fn\u011b<\/b> a <b>Konzistence d\u00e1vky<\/b> zajistit, aby.<\/li>\n<li><b>Udr\u017eitelnost:<\/b> Na\u0161e suroviny poch\u00e1zej\u00ed z <b>Zodpov\u011bdn\u00e9 a kontrolovan\u00e9 p\u011bstov\u00e1n\u00ed<\/b>, kter\u00e1 zd\u016fraz\u0148uje na\u0161i ekologickou odpov\u011bdnost.<\/li>\n<\/ul>\n<p>Sm\u011bs Zelen\u00e1 mandala se vyzna\u010duje t\u00edm, \u017ee <b>\u010cistota bez um\u011bl\u00fdch <a href=\"\/product\/blackberry-kush-bubble-hash-kaufen\/\">Dodatky<\/a><\/b> prav\u00fd p\u0159\u00edrodn\u00ed produkt, kter\u00fd ocen\u00ed v\u0161ichni, kdo si cen\u00ed. <b>p\u0159\u00edrodn\u00ed a nefal\u0161ovan\u00e1 v\u016fn\u011b<\/b> laicky.<\/p>\n<h2><b>Z\u00e1ruka objedn\u00e1n\u00ed, skladov\u00e1n\u00ed a servisu<\/b><\/h2>\n<p>Zaji\u0161\u0165ujeme nejen kvalitu v\u00fdrobku, ale tak\u00e9 hladk\u00fd a diskr\u00e9tn\u00ed pr\u016fb\u011bh od objedn\u00e1vky a\u017e po dod\u00e1n\u00ed.<\/p>\n<h3><b>Skladov\u00e1n\u00ed pro maxim\u00e1ln\u00ed zachov\u00e1n\u00ed chuti<\/b><\/h3>\n<p>Optimalizovat <b>Intenzita v\u016fn\u011b<\/b> a <b>Minim\u00e1ln\u00ed doba skladov\u00e1n\u00ed 12 m\u011bs\u00edc\u016f<\/b> je t\u0159eba dodr\u017eovat n\u00e1sleduj\u00edc\u00ed body:<\/p>\n<ul>\n<li><b>Chu\u0165ov\u011b uzav\u0159en\u00e9 n\u00e1doby:<\/b> Skladov\u00e1n\u00ed by m\u011blo b\u00fdt v <b>Pevn\u011b uzav\u0159en\u00e1, chu\u0165ov\u011b neutr\u00e1ln\u00ed n\u00e1doba<\/b> k ochran\u011b t\u011bkav\u00fdch \u00e9terick\u00fdch olej\u016f.<\/li>\n<li><b>Teplota a vlhkost:<\/b> Skladov\u00e1n\u00ed v <b>\u0159\u00edzen\u00e1 pokojov\u00e1 teplota<\/b> <span class=\"math-inline\" data-math=\"15-25^circtext{C}\">15-25C<\/span>\u00a0a v <b>such\u00e9 prost\u0159ed\u00ed<\/b>.<\/li>\n<li><b>Ochrana proti sv\u011btlu:<\/b> Sm\u011bs mus\u00ed <b>p\u0159ed p\u0159\u00edm\u00fdm slune\u010dn\u00edm sv\u011btlem<\/b> a siln\u00e9 sv\u011btlo.<\/li>\n<\/ul>\n<h3><b>Informace o slu\u017eb\u00e1ch a objedn\u00e1vk\u00e1ch<\/b><\/h3>\n<p>Sm\u011bs Green Mandala Mix nab\u00edz\u00edme v praktick\u00fdch velikostech:<\/p>\n<ul>\n<li><b>50 g, 100 g, 250 g nebo 500 g.<\/b><\/li>\n<li>Objedn\u00e1v\u00e1n\u00ed je jednoduch\u00e9 a bezpe\u010dn\u00e9. Odesl\u00e1n\u00ed prob\u00edh\u00e1 <b>rychle<\/b> (do 2-4 pracovn\u00edch dn\u016f) a <b>Diskr\u00e9tn\u00ed<\/b> v neutr\u00e1ln\u00edm obalu, kter\u00fd neumo\u017e\u0148uje vyvozovat \u017e\u00e1dn\u00e9 z\u00e1v\u011bry o obsahu.<\/li>\n<\/ul>\n<h2><b>\u010casto kladen\u00e9 ot\u00e1zky (FAQ)<\/b><\/h2>\n<ul>\n<li><b>Ot\u00e1zka: Je Green Mandala Mix psychoaktivn\u00ed?<\/b>\n<ul>\n<li><b>A:<\/b> <b>Ne<\/b>, je to <b>Nepsychoaktivn\u00ed bylinn\u00e1 sm\u011bs<\/b>. Slou\u017e\u00ed <b>v\u00fdhradn\u011b pro aromaterapii<\/b> a extern\u00ed aplikace pro wellness \u00fa\u010dely.<\/li>\n<\/ul>\n<\/li>\n<li><b>Ot\u00e1zka: Lze sm\u011bs kou\u0159it nebo konzumovat?<\/b>\n<ul>\n<li><b>A:<\/b> <b>Ne<\/b>. Sm\u011bs je <b>p\u0159\u00edsn\u011b zak\u00e1z\u00e1no konzumovat<\/b> (ani or\u00e1ln\u00ed, ani kou\u0159en\u00ed). Je ur\u010den pro kadidlo, koupele a provon\u011bn\u00ed m\u00edstnost\u00ed.<\/li>\n<\/ul>\n<\/li>\n<li><b>Ot\u00e1zka: Jak intenzivn\u00ed je v\u016fn\u011b?<\/b>\n<ul>\n<li><b>A:<\/b> V\u016fn\u011b je z\u00e1m\u011brn\u00e1 <b>vyv\u00e1\u017een\u00e9 a p\u0159\u00edjemn\u00e9<\/b>. M\u011bla by <b>harmonizace<\/b> a nen\u00ed p\u0159ehnan\u00fd ani vt\u00edrav\u00fd, ale jemn\u00fd a komplexn\u00ed.<\/li>\n<\/ul>\n<\/li>\n<li><b>Ot\u00e1zka: Jsou v\u0161echny slo\u017eky p\u0159\u00edrodn\u00ed?<\/b>\n<ul>\n<li><b>A:<\/b> Ano, zaru\u010dujeme pou\u017eit\u00ed <b>v\u00fdhradn\u011b p\u0159\u00edrodn\u00ed byliny a kv\u011btiny<\/b> z odpov\u011bdn\u00e9ho p\u011bstov\u00e1n\u00ed, bez um\u011bl\u00fdch p\u0159\u00edsad.<\/li>\n<\/ul>\n<\/li>\n<\/ul>\n<h4><b>Po\u017eadavky na objedn\u00e1vku a pr\u00e1vn\u00ed informace<\/b><\/h4>\n<p>Nab\u00edz\u00edme r\u016fzn\u00e9 velikosti balen\u00ed. <b>Vylou\u010den\u00ed zneu\u017eit\u00ed<\/b>, dod\u00e1v\u00e1me pouze kvalifikovan\u00fdm v\u00fdzkumn\u00fdm instituc\u00edm.<\/p>\n<p><b>Va\u0161e objedn\u00e1vka vy\u017eaduje:<\/b><\/p>\n<ol start=\"1\">\n<li><b>Certifik\u00e1t Institutu:<\/b> P\u0159edlo\u017een\u00ed ofici\u00e1ln\u00ed dokumentace.<\/li>\n<li><b>Ur\u010den\u00e9 pou\u017eit\u00ed:<\/b> V\u011bdeck\u00fd popis v\u00fdzkumn\u00e9ho projektu.<\/li>\n<li><b>Bezpe\u010dnostn\u00ed list:<\/b> <b>Mus\u00edte<\/b> potvrdit, \u017ee jste vzali na v\u011bdom\u00ed.<\/li>\n<\/ol>","protected":false},"excerpt":{"rendered":"<p>Koupit Zelen\u00e1 mandala Mix: Harmonick\u00e1 bylinn\u00e1 sm\u011bs pe\u010dliv\u011b vybran\u00fdch bylin a kv\u011bt\u016f. Ide\u00e1ln\u00ed pro aromaterapii, meditaci a relaxaci. 100% p\u0159\u00edrodn\u00edch slo\u017eek.<\/p>","protected":false},"featured_media":7755,"comment_status":"open","ping_status":"closed","template":"","meta":{"_joinchat":[]},"product_brand":[],"product_cat":[51],"product_tag":[3091,3095,2975,3089,3090,2970,3094,3092,3096,3093],"class_list":{"0":"post-7732","1":"product","2":"type-product","3":"status-publish","4":"has-post-thumbnail","6":"product_cat-phenethylamines","7":"product_tag-aromatherapie","8":"product_tag-badezusatz","9":"product_tag-entspannung","10":"product_tag-green-mandala-mix","11":"product_tag-kraeutermischung","12":"product_tag-meditation","13":"product_tag-natuerliche-kraeuter","14":"product_tag-raeuchermischung","15":"product_tag-sinneserfahrung","16":"product_tag-wellness","18":"first","19":"instock","20":"shipping-taxable","21":"purchasable","22":"product-type-variable"},"yoast_head":"<!-- This site is optimized with the Yoast SEO plugin v27.5 - https:\/\/yoast.com\/product\/yoast-seo-wordpress\/ -->\n<title>Green Mandala Mix Kaufen | Kr\u00e4utermischung | Aromatherapie Chemgramx<\/title>\n<meta name=\"description\" content=\"Green Mandala Mix kaufen - Ausgewogene Kr\u00e4utermischung f\u00fcr Aromatherapie &amp; Wellness. 100% nat\u00fcrliche Inhaltsstoffe. Jetzt entspannende Mischung entdecken!\" \/>\n<meta name=\"robots\" content=\"index, follow, max-snippet:-1, max-image-preview:large, max-video-preview:-1\" \/>\n<link rel=\"canonical\" href=\"https:\/\/chemgramx.com\/cs\/produkt-1\/koupit-zelenou-mandalu-mix\/\" \/>\n<meta property=\"og:locale\" content=\"cs_CZ\" \/>\n<meta property=\"og:type\" content=\"article\" \/>\n<meta property=\"og:title\" content=\"Green Mandala Mix Kaufen | Kr\u00e4utermischung | Aromatherapie Chemgramx\" \/>\n<meta property=\"og:description\" content=\"Green Mandala Mix kaufen - Ausgewogene Kr\u00e4utermischung f\u00fcr Aromatherapie &amp; Wellness. 100% nat\u00fcrliche Inhaltsstoffe. Jetzt entspannende Mischung entdecken!\" \/>\n<meta property=\"og:url\" content=\"https:\/\/chemgramx.com\/cs\/produkt-1\/koupit-zelenou-mandalu-mix\/\" \/>\n<meta property=\"og:site_name\" content=\"Chemgramx\" \/>\n<meta property=\"article:modified_time\" content=\"2025-11-21T11:21:52+00:00\" \/>\n<meta property=\"og:image\" content=\"https:\/\/chemgramx.com\/wp-content\/uploads\/2025\/11\/green-mandala-mix-chem-store-online.png\" \/>\n\t<meta property=\"og:image:width\" content=\"706\" \/>\n\t<meta property=\"og:image:height\" content=\"589\" \/>\n\t<meta property=\"og:image:type\" content=\"image\/png\" \/>\n<meta name=\"twitter:card\" content=\"summary_large_image\" \/>\n<meta name=\"twitter:label1\" content=\"Odhadovan\u00e1 doba \u010dten\u00ed\" \/>\n\t<meta name=\"twitter:data1\" content=\"5 minut\" \/>\n<script type=\"application\/ld+json\" class=\"yoast-schema-graph\">{\"@context\":\"https:\\\/\\\/schema.org\",\"@graph\":[{\"@type\":\"WebPage\",\"@id\":\"https:\\\/\\\/chemgramx.com\\\/product\\\/green-mandala-mix-kaufen\\\/\",\"url\":\"https:\\\/\\\/chemgramx.com\\\/product\\\/green-mandala-mix-kaufen\\\/\",\"name\":\"Green Mandala Mix Kaufen | Kr\u00e4utermischung | Aromatherapie Chemgramx\",\"isPartOf\":{\"@id\":\"https:\\\/\\\/chemgramx.com\\\/#website\"},\"primaryImageOfPage\":{\"@id\":\"https:\\\/\\\/chemgramx.com\\\/product\\\/green-mandala-mix-kaufen\\\/#primaryimage\"},\"image\":{\"@id\":\"https:\\\/\\\/chemgramx.com\\\/product\\\/green-mandala-mix-kaufen\\\/#primaryimage\"},\"thumbnailUrl\":\"https:\\\/\\\/chemgramx.com\\\/wp-content\\\/uploads\\\/2025\\\/11\\\/green-mandala-mix-chem-store-online.png\",\"datePublished\":\"2025-11-21T11:20:27+00:00\",\"dateModified\":\"2025-11-21T11:21:52+00:00\",\"description\":\"Green Mandala Mix kaufen - Ausgewogene Kr\u00e4utermischung f\u00fcr Aromatherapie &amp; Wellness. 100% nat\u00fcrliche Inhaltsstoffe. Jetzt entspannende Mischung entdecken!\",\"breadcrumb\":{\"@id\":\"https:\\\/\\\/chemgramx.com\\\/product\\\/green-mandala-mix-kaufen\\\/#breadcrumb\"},\"inLanguage\":\"cs\",\"potentialAction\":[{\"@type\":\"ReadAction\",\"target\":[\"https:\\\/\\\/chemgramx.com\\\/product\\\/green-mandala-mix-kaufen\\\/\"]}]},{\"@type\":\"ImageObject\",\"inLanguage\":\"cs\",\"@id\":\"https:\\\/\\\/chemgramx.com\\\/product\\\/green-mandala-mix-kaufen\\\/#primaryimage\",\"url\":\"https:\\\/\\\/chemgramx.com\\\/wp-content\\\/uploads\\\/2025\\\/11\\\/green-mandala-mix-chem-store-online.png\",\"contentUrl\":\"https:\\\/\\\/chemgramx.com\\\/wp-content\\\/uploads\\\/2025\\\/11\\\/green-mandala-mix-chem-store-online.png\",\"width\":706,\"height\":589},{\"@type\":\"BreadcrumbList\",\"@id\":\"https:\\\/\\\/chemgramx.com\\\/product\\\/green-mandala-mix-kaufen\\\/#breadcrumb\",\"itemListElement\":[{\"@type\":\"ListItem\",\"position\":1,\"name\":\"Home\",\"item\":\"https:\\\/\\\/chemgramx.com\\\/\"},{\"@type\":\"ListItem\",\"position\":2,\"name\":\"Shop\",\"item\":\"https:\\\/\\\/chemgramx.com\\\/shop\\\/\"},{\"@type\":\"ListItem\",\"position\":3,\"name\":\"Green Mandala Mix kaufen\"}]},{\"@type\":\"WebSite\",\"@id\":\"https:\\\/\\\/chemgramx.com\\\/#website\",\"url\":\"https:\\\/\\\/chemgramx.com\\\/\",\"name\":\"Chemgramx\",\"description\":\"\",\"publisher\":{\"@id\":\"https:\\\/\\\/chemgramx.com\\\/#organization\"},\"potentialAction\":[{\"@type\":\"SearchAction\",\"target\":{\"@type\":\"EntryPoint\",\"urlTemplate\":\"https:\\\/\\\/chemgramx.com\\\/?s={search_term_string}\"},\"query-input\":{\"@type\":\"PropertyValueSpecification\",\"valueRequired\":true,\"valueName\":\"search_term_string\"}}],\"inLanguage\":\"cs\"},{\"@type\":\"Organization\",\"@id\":\"https:\\\/\\\/chemgramx.com\\\/#organization\",\"name\":\"Chemgramx\",\"url\":\"https:\\\/\\\/chemgramx.com\\\/\",\"logo\":{\"@type\":\"ImageObject\",\"inLanguage\":\"cs\",\"@id\":\"https:\\\/\\\/chemgramx.com\\\/#\\\/schema\\\/logo\\\/image\\\/\",\"url\":\"https:\\\/\\\/chemgramx.com\\\/wp-content\\\/uploads\\\/2024\\\/10\\\/final-logo.png\",\"contentUrl\":\"https:\\\/\\\/chemgramx.com\\\/wp-content\\\/uploads\\\/2024\\\/10\\\/final-logo.png\",\"width\":250,\"height\":48,\"caption\":\"Chemgramx\"},\"image\":{\"@id\":\"https:\\\/\\\/chemgramx.com\\\/#\\\/schema\\\/logo\\\/image\\\/\"}}]}<\/script>\n<!-- \/ Yoast SEO plugin. -->","yoast_head_json":{"title":"Koupit Green Mandala Mix | Bylinn\u00e1 sm\u011bs | Aromaterapie Chemgramx","description":"Koupit Green Mandala Mix - Vyv\u00e1\u017een\u00e1 bylinn\u00e1 sm\u011bs pro aromaterapii a wellness. 100% p\u0159\u00edrodn\u00edch slo\u017eek. Objevte relaxa\u010dn\u00ed sm\u011bs pr\u00e1v\u011b te\u010f!","robots":{"index":"index","follow":"follow","max-snippet":"max-snippet:-1","max-image-preview":"max-image-preview:large","max-video-preview":"max-video-preview:-1"},"canonical":"https:\/\/chemgramx.com\/cs\/produkt-1\/koupit-zelenou-mandalu-mix\/","og_locale":"cs_CZ","og_type":"article","og_title":"Green Mandala Mix Kaufen | Kr\u00e4utermischung | Aromatherapie Chemgramx","og_description":"Green Mandala Mix kaufen - Ausgewogene Kr\u00e4utermischung f\u00fcr Aromatherapie &amp; Wellness. 100% nat\u00fcrliche Inhaltsstoffe. Jetzt entspannende Mischung entdecken!","og_url":"https:\/\/chemgramx.com\/cs\/produkt-1\/koupit-zelenou-mandalu-mix\/","og_site_name":"Chemgramx","article_modified_time":"2025-11-21T11:21:52+00:00","og_image":[{"width":706,"height":589,"url":"https:\/\/chemgramx.com\/wp-content\/uploads\/2025\/11\/green-mandala-mix-chem-store-online.png","type":"image\/png"}],"twitter_card":"summary_large_image","twitter_misc":{"Odhadovan\u00e1 doba \u010dten\u00ed":"5 minut"},"schema":{"@context":"https:\/\/schema.org","@graph":[{"@type":"WebPage","@id":"https:\/\/chemgramx.com\/product\/green-mandala-mix-kaufen\/","url":"https:\/\/chemgramx.com\/product\/green-mandala-mix-kaufen\/","name":"Koupit Green Mandala Mix | Bylinn\u00e1 sm\u011bs | Aromaterapie Chemgramx","isPartOf":{"@id":"https:\/\/chemgramx.com\/#website"},"primaryImageOfPage":{"@id":"https:\/\/chemgramx.com\/product\/green-mandala-mix-kaufen\/#primaryimage"},"image":{"@id":"https:\/\/chemgramx.com\/product\/green-mandala-mix-kaufen\/#primaryimage"},"thumbnailUrl":"https:\/\/chemgramx.com\/wp-content\/uploads\/2025\/11\/green-mandala-mix-chem-store-online.png","datePublished":"2025-11-21T11:20:27+00:00","dateModified":"2025-11-21T11:21:52+00:00","description":"Koupit Green Mandala Mix - Vyv\u00e1\u017een\u00e1 bylinn\u00e1 sm\u011bs pro aromaterapii a wellness. 100% p\u0159\u00edrodn\u00edch slo\u017eek. Objevte relaxa\u010dn\u00ed sm\u011bs pr\u00e1v\u011b te\u010f!","breadcrumb":{"@id":"https:\/\/chemgramx.com\/product\/green-mandala-mix-kaufen\/#breadcrumb"},"inLanguage":"cs","potentialAction":[{"@type":"ReadAction","target":["https:\/\/chemgramx.com\/product\/green-mandala-mix-kaufen\/"]}]},{"@type":"ImageObject","inLanguage":"cs","@id":"https:\/\/chemgramx.com\/product\/green-mandala-mix-kaufen\/#primaryimage","url":"https:\/\/chemgramx.com\/wp-content\/uploads\/2025\/11\/green-mandala-mix-chem-store-online.png","contentUrl":"https:\/\/chemgramx.com\/wp-content\/uploads\/2025\/11\/green-mandala-mix-chem-store-online.png","width":706,"height":589},{"@type":"BreadcrumbList","@id":"https:\/\/chemgramx.com\/product\/green-mandala-mix-kaufen\/#breadcrumb","itemListElement":[{"@type":"ListItem","position":1,"name":"Home","item":"https:\/\/chemgramx.com\/"},{"@type":"ListItem","position":2,"name":"Shop","item":"https:\/\/chemgramx.com\/shop\/"},{"@type":"ListItem","position":3,"name":"Green Mandala Mix kaufen"}]},{"@type":"WebSite","@id":"https:\/\/chemgramx.com\/#website","url":"https:\/\/chemgramx.com\/","name":"Chemgramx","description":"","publisher":{"@id":"https:\/\/chemgramx.com\/#organization"},"potentialAction":[{"@type":"SearchAction","target":{"@type":"EntryPoint","urlTemplate":"https:\/\/chemgramx.com\/?s={search_term_string}"},"query-input":{"@type":"PropertyValueSpecification","valueRequired":true,"valueName":"search_term_string"}}],"inLanguage":"cs"},{"@type":"Organization","@id":"https:\/\/chemgramx.com\/#organization","name":"Chemgramx","url":"https:\/\/chemgramx.com\/","logo":{"@type":"ImageObject","inLanguage":"cs","@id":"https:\/\/chemgramx.com\/#\/schema\/logo\/image\/","url":"https:\/\/chemgramx.com\/wp-content\/uploads\/2024\/10\/final-logo.png","contentUrl":"https:\/\/chemgramx.com\/wp-content\/uploads\/2024\/10\/final-logo.png","width":250,"height":48,"caption":"Chemgramx"},"image":{"@id":"https:\/\/chemgramx.com\/#\/schema\/logo\/image\/"}}]}},"_links":{"self":[{"href":"https:\/\/chemgramx.com\/cs\/wp-json\/wp\/v2\/product\/7732","targetHints":{"allow":["GET"]}}],"collection":[{"href":"https:\/\/chemgramx.com\/cs\/wp-json\/wp\/v2\/product"}],"about":[{"href":"https:\/\/chemgramx.com\/cs\/wp-json\/wp\/v2\/types\/product"}],"replies":[{"embeddable":true,"href":"https:\/\/chemgramx.com\/cs\/wp-json\/wp\/v2\/comments?post=7732"}],"wp:featuredmedia":[{"embeddable":true,"href":"https:\/\/chemgramx.com\/cs\/wp-json\/wp\/v2\/media\/7755"}],"wp:attachment":[{"href":"https:\/\/chemgramx.com\/cs\/wp-json\/wp\/v2\/media?parent=7732"}],"wp:term":[{"taxonomy":"product_brand","embeddable":true,"href":"https:\/\/chemgramx.com\/cs\/wp-json\/wp\/v2\/product_brand?post=7732"},{"taxonomy":"product_cat","embeddable":true,"href":"https:\/\/chemgramx.com\/cs\/wp-json\/wp\/v2\/product_cat?post=7732"},{"taxonomy":"product_tag","embeddable":true,"href":"https:\/\/chemgramx.com\/cs\/wp-json\/wp\/v2\/product_tag?post=7732"}],"curies":[{"name":"wp","href":"https:\/\/api.w.org\/{rel}","templated":true}]}}