{"id":7736,"date":"2025-11-21T11:20:28","date_gmt":"2025-11-21T11:20:28","guid":{"rendered":"https:\/\/chemgramx.com\/?post_type=product&#038;p=7736"},"modified":"2025-11-21T11:21:52","modified_gmt":"2025-11-21T11:21:52","slug":"3-meo-pcp-3-methoxyphencyclidine-buy-online","status":"publish","type":"product","link":"https:\/\/chemgramx.com\/cs\/product\/3-meo-pcp-3-methoxyphencyclidin-online-kaufen\/","title":{"rendered":"3-MeO-PCP (3-methoxyfencyklidin) Koupit online"},"content":{"rendered":"<p data-start=\"296\" data-end=\"721\">3-MeO-PCP (3-methoxyfencyklidin) je disociativn\u00ed l\u00e1tka od arylcyklohexylaminov\u00e9 skupiny, kter\u00e9 se t\u011b\u0161\u00ed st\u00e1le v\u011bt\u0161\u00ed pozornosti jak ve v\u00fdzkumu, tak v experiment\u00e1ln\u00ed psychonautice. Mnoz\u00ed si vyb\u00edraj\u00ed<a href=\"https:\/\/chemgramx.com\/product\/3-meo-pcp-3-methoxyphencyclidin\/\">Koupit 3-MeO-PCP online<\/a>, prim\u00e1rn\u011b pro v\u011bdeck\u00e9 studie nebo psychoaktivn\u00ed zkoum\u00e1n\u00ed. Vzhledem ke sv\u00fdm siln\u00fdm disociativn\u00edm \u00fa\u010dink\u016fm je \u010dasto p\u0159irovn\u00e1v\u00e1n k l\u00e1tk\u00e1m, jako je ketamin.<\/p>\n<p data-start=\"723\" data-end=\"897\">P\u0159i online objedn\u00e1v\u00e1n\u00ed 3-MeO-PCP je obzvl\u00e1\u0161t\u011b d\u016fle\u017eit\u00e9 v\u011bnovat pozornost bezpe\u010dnosti, legalit\u011b a kvalit\u011b produktu, aby byl zaji\u0161t\u011bn spolehliv\u00fd v\u00fdsledek v\u00fdzkumu.<\/p>\n<h3 data-start=\"899\" data-end=\"947\">Co je 3-MeO-PCP (3-methoxyfencyklidin)?<\/h3>\n<p data-start=\"949\" data-end=\"981\">Chemick\u00e9 slo\u017een\u00ed:<\/p>\n<p data-start=\"983\" data-end=\"1344\"><a href=\"https:\/\/en.wikipedia.org\/wiki\/3-MeO-PCP\">3-methoxyfencyklidin<\/a> Pat\u0159\u00ed do rodiny arylcyklohexylamin\u016f a strukturn\u011b je p\u0159\u00edbuzn\u00fd fencyklidinu (PCP). Jeho chemick\u00fd vzorec je C18H27NO. P\u016fsob\u00ed prim\u00e1rn\u011b jako antagonista NMDA receptor\u016f, co\u017e zp\u016fsobuje jeho charakteristick\u00e9 disocia\u010dn\u00ed \u00fa\u010dinky. V\u00fdzkumn\u00edci, kte\u0159\u00ed se sna\u017e\u00ed koupit 3-MeO-PCP online, si t\u011bchto vlastnost\u00ed cen\u00ed pro p\u0159esn\u00e9 studie.<\/p>\n<h3 data-start=\"1346\" data-end=\"1377\">B\u011b\u017en\u00e9 pou\u017eit\u00ed<\/h3>\n<ul data-start=\"1379\" data-end=\"1591\">\n<li data-start=\"1379\" data-end=\"1469\">\n<p data-start=\"1381\" data-end=\"1469\">V\u00fdzkum: Vyu\u017eit\u00ed v neurofarmakologii ke studiu NMDA receptor\u016f.<\/p>\n<\/li>\n<li data-start=\"1470\" data-end=\"1591\">\n<p data-start=\"1472\" data-end=\"1591\">Psychoaktivn\u00ed explorace: V psychonautick\u00fdch kruz\u00edch zn\u00e1m\u00e1 pro sv\u00e9 roz\u0161i\u0159uj\u00edc\u00ed a disociativn\u00ed \u00fa\u010dinky.<\/p>\n<\/li>\n<\/ul>\n<h3 data-start=\"1593\" data-end=\"1617\">Pr\u00e1vn\u00ed status<\/h3>\n<p data-start=\"1619\" data-end=\"1925\">Legalita prodeje 3-MeO-PCP se v jednotliv\u00fdch zem\u00edch zna\u010dn\u011b li\u0161\u00ed. V N\u011bmecku spad\u00e1 pod z\u00e1kon o nov\u00fdch psychoaktivn\u00edch l\u00e1tk\u00e1ch (NPSG). V jin\u00fdch zem\u00edch m\u016f\u017ee b\u00fdt jeho n\u00e1kup pro v\u00fdzkumn\u00e9 \u00fa\u010dely leg\u00e1ln\u00ed. Kupuj\u00edc\u00ed by se m\u011bli p\u0159ed zakoupen\u00edm 3-MeO-PCP informovat o aktu\u00e1ln\u00ed pr\u00e1vn\u00ed situaci.<\/p>\n<h3 data-start=\"1927\" data-end=\"1963\">Pro\u010d nakupovat 3-MeO-PCP online?<\/h3>\n<p data-start=\"1965\" data-end=\"2005\"><strong data-start=\"1965\" data-end=\"2003\">P\u0159\u00edstupnost a pohodl\u00ed:<\/strong><\/p>\n<p data-start=\"2007\" data-end=\"2168\">Online obchody v\u00e1m umo\u017e\u0148uj\u00ed objednat 3-MeO-PCP rychle a diskr\u00e9tn\u011b online, p\u0159\u00edmo z domova. Doprava je \u010dasto anonymn\u00ed a rychl\u00e1.<\/p>\n<p data-start=\"2170\" data-end=\"2199\">V\u011bt\u0161\u00ed v\u00fdb\u011br produkt\u016f:<\/p>\n<p data-start=\"2201\" data-end=\"2398\">Internet nab\u00edz\u00ed p\u0159\u00edstup k \u0161irok\u00e9 \u0161k\u00e1le dodavatel\u016f, d\u00e1vkov\u00e1n\u00ed a cenov\u00fdch mo\u017enost\u00ed 3-MeO-PCP. Ti, kte\u0159\u00ed cht\u011bj\u00ed 3-MeO-PCP prod\u00e1vat, \u010dasto najdou online nejlep\u0161\u00ed cenu.<\/p>\n<h3 data-start=\"2764\" data-end=\"2814\">Jak najdete spolehliv\u00e9ho dodavatele?<\/h3>\n<p data-start=\"2816\" data-end=\"2834\">Varovn\u00e9 sign\u00e1ly:<\/p>\n<ul data-start=\"2836\" data-end=\"2972\">\n<li data-start=\"2836\" data-end=\"2888\">\n<p data-start=\"2838\" data-end=\"2888\">\u017d\u00e1dn\u00e1 pobo\u010dka ani s\u00eddlo ve vysoce rizikov\u00e9 zemi<\/p>\n<\/li>\n<li data-start=\"2889\" data-end=\"2916\">\n<p data-start=\"2891\" data-end=\"2916\">Chyb\u011bj\u00edc\u00ed laboratorn\u00ed d\u016fkazy<\/p>\n<\/li>\n<li data-start=\"2917\" data-end=\"2972\">\n<p data-start=\"2919\" data-end=\"2972\">\u017d\u00e1dn\u00e1 hodnocen\u00ed z\u00e1kazn\u00edk\u016f ani fale\u0161n\u00e9 recenze<\/p>\n<\/li>\n<\/ul>\n<p data-start=\"2974\" data-end=\"3015\">Recenze a zp\u011btn\u00e1 vazba od komunity:<\/p>\n<p data-start=\"3017\" data-end=\"3193\">D\u016fv\u011bryhodn\u00e9 zdroje, jako jsou f\u00f3ra (nap\u0159. Reddit), poskytuj\u00ed up\u0159\u00edmn\u00e9 recenze. P\u0159ed objedn\u00e1n\u00edm 3-MeO-PCP se ujist\u011bte, \u017ee pozitivn\u00ed zp\u011btn\u00e1 vazba je konzistentn\u00ed.<\/p>\n<p data-start=\"3195\" data-end=\"3240\">Laboratorn\u00ed anal\u00fdzy a certifik\u00e1ty \u010distoty:<\/p>\n<p data-start=\"3242\" data-end=\"3424\">Renomovan\u00fd dodavatel poskytne certifik\u00e1ty CoA (Certificates of Analysis), kter\u00e9 potvrzuj\u00ed chemickou \u010distotu alespo\u0148 98 % \u2013 co\u017e je nutnost, pokud si chcete koupit 3-MeO-PCP online.<\/p>\n<h3 data-start=\"3426\" data-end=\"3468\">Pr\u00e1vn\u00ed a etick\u00e9 aspekty<\/h3>\n<p data-start=\"3470\" data-end=\"3510\">M\u00edstn\u00ed a mezin\u00e1rodn\u00ed z\u00e1kony:<\/p>\n<p data-start=\"3512\" data-end=\"3646\">Ne\u017e si koup\u00edte 3-MeO-PCP online, m\u011bli byste si ov\u011b\u0159it z\u00e1kony ve va\u0161\u00ed zemi. V N\u011bmecku je dr\u017een\u00ed a obchodov\u00e1n\u00ed s n\u00edm nez\u00e1konn\u00e9.<\/p>\n<p data-start=\"3648\" data-end=\"3680\">Odpov\u011bdnost kupuj\u00edc\u00edho:<\/p>\n<p data-start=\"3682\" data-end=\"3924\">I kdy\u017e prod\u00e1vaj\u00edc\u00ed p\u016fsob\u00ed v zemi, kde je l\u00e1tka leg\u00e1ln\u00ed, odpov\u011bdnost za jak\u00e9koli pr\u00e1vn\u00ed d\u016fsledky nese kupuj\u00edc\u00ed. Zodpov\u011bdn\u00e9 zach\u00e1zen\u00ed a dodr\u017eov\u00e1n\u00ed pr\u00e1vn\u00edch p\u0159edpis\u016f jsou nezbytn\u00e9.<\/p>\n<h3 data-start=\"3926\" data-end=\"3937\">Z\u00e1v\u011br<\/h3>\n<p data-start=\"3939\" data-end=\"4195\">3-MeO-PCP je siln\u00e1 disociativn\u00ed slou\u010denina, o kterou je ve v\u00fdzkumn\u00fdch a psychoterapeutick\u00fdch kruz\u00edch st\u00e1le v\u011bt\u0161\u00ed z\u00e1jem. N\u00e1kup 3-MeO-PCP online nab\u00edz\u00ed mnoho v\u00fdhod, ale vy\u017eaduje pe\u010dliv\u00fd v\u00fdb\u011br a zv\u00e1\u017een\u00ed pr\u00e1vn\u00edch rizik.<\/p>\n<p data-start=\"4197\" data-end=\"4252\">Z\u00e1v\u011bre\u010dn\u00e9 tipy pro bezpe\u010dn\u00fd a leg\u00e1ln\u00ed n\u00e1kup:<\/p>\n<ul data-start=\"4254\" data-end=\"4468\">\n<li data-start=\"4254\" data-end=\"4291\">\n<p data-start=\"4256\" data-end=\"4291\">Nakupujte pouze od dodavatel\u016f s certifik\u00e1ty pravosti (CoA).<\/p>\n<\/li>\n<li data-start=\"4292\" data-end=\"4327\">\n<p data-start=\"4294\" data-end=\"4327\">Aktivn\u00ed v\u00fdzkum na odborn\u00fdch f\u00f3rech<\/p>\n<\/li>\n<li data-start=\"4328\" data-end=\"4363\">\n<p data-start=\"4330\" data-end=\"4363\">Vyhn\u011bte se extr\u00e9mn\u011b n\u00edzk\u00fdm cen\u00e1m<\/p>\n<\/li>\n<li data-start=\"4364\" data-end=\"4403\">\n<p data-start=\"4366\" data-end=\"4403\">P\u0159\u00edsn\u011b dodr\u017eujte m\u00edstn\u00ed z\u00e1kony<\/p>\n<\/li>\n<li data-start=\"4404\" data-end=\"4468\">\n<p data-start=\"4406\" data-end=\"4468\">L\u00e1tky skladujte bezpe\u010dn\u011b a pou\u017e\u00edvejte je zodpov\u011bdn\u011b<\/p>\n<\/li>\n<\/ul>","protected":false},"excerpt":{"rendered":"<p>3-MEO-PCP (3-methoxyfencyklidin) je psychoaktivn\u00ed l\u00e1tka, kter\u00e1 pat\u0159\u00ed do skupiny disociativ. Je deriv\u00e1tem PCP (fencyklidinu) a \u010dasto se pou\u017e\u00edv\u00e1 ve v\u00fdzkumu.<\/p>\n<h3>\u010c\u00edslo CAS: <strong>13794-69-5<\/strong><br \/>\nChemick\u00fd vzorec: <strong>C13H18ClN<\/strong><\/h3>","protected":false},"featured_media":7773,"comment_status":"open","ping_status":"closed","template":"","meta":{"_joinchat":[]},"product_brand":[],"product_cat":[51],"product_tag":[2714,2716,2707,2715,2713,2708,2709,2711,2710,2712],"class_list":{"0":"post-7736","1":"product","2":"type-product","3":"status-publish","4":"has-post-thumbnail","6":"product_cat-phenethylamines","7":"product_tag-3-meo-pcp-chemikalien","8":"product_tag-3-meo-pcp-drogen","9":"product_tag-3-meo-pcp-kaufen","10":"product_tag-3-meo-pcp-kaufen-deutschland","11":"product_tag-3-meo-pcp-kaufen-online","12":"product_tag-3-meo-pcp-kristalle","13":"product_tag-3-meo-pcp-online-kaufen","14":"product_tag-3-meo-pcp-preis","15":"product_tag-3-meo-pcp-prodej","16":"product_tag-3-methoxyphencyclidin","18":"first","19":"instock","20":"shipping-taxable","21":"purchasable","22":"product-type-variable"},"yoast_head":"<!-- This site is optimized with the Yoast SEO plugin v27.5 - https:\/\/yoast.com\/product\/yoast-seo-wordpress\/ -->\n<title>3-MeO-PCP (3-Methoxyphencyclidin) online kaufen \u2013 3-MeO-PCP zu verkaufen<\/title>\n<meta name=\"description\" content=\"Unser Shop bietet 3-MeO-PCP (3-Methoxyphencyclidin) in Topqualit\u00e4t zum Verkauf an. Die Qualit\u00e4t unserer Produkte ist einfach unschlagbar. Wenn Sie sie brauchen, k\u00f6nnen Sie 3-MeO-PCP (3-Methoxyphencyclidin) sofort online kaufen. Jetzt bestellen!\" \/>\n<meta name=\"robots\" content=\"index, follow, max-snippet:-1, max-image-preview:large, max-video-preview:-1\" \/>\n<link rel=\"canonical\" href=\"https:\/\/chemgramx.com\/cs\/produkt-1\/3-meo-pcp-3-methoxyphencyclidine-buy-online\/\" \/>\n<meta property=\"og:locale\" content=\"cs_CZ\" \/>\n<meta property=\"og:type\" content=\"article\" \/>\n<meta property=\"og:title\" content=\"3-MeO-PCP (3-Methoxyphencyclidin) online kaufen \u2013 3-MeO-PCP zu verkaufen\" \/>\n<meta property=\"og:description\" content=\"Unser Shop bietet 3-MeO-PCP (3-Methoxyphencyclidin) in Topqualit\u00e4t zum Verkauf an. Die Qualit\u00e4t unserer Produkte ist einfach unschlagbar. Wenn Sie sie brauchen, k\u00f6nnen Sie 3-MeO-PCP (3-Methoxyphencyclidin) sofort online kaufen. Jetzt bestellen!\" \/>\n<meta property=\"og:url\" content=\"https:\/\/chemgramx.com\/cs\/produkt-1\/3-meo-pcp-3-methoxyphencyclidine-buy-online\/\" \/>\n<meta property=\"og:site_name\" content=\"Chemgramx\" \/>\n<meta property=\"article:modified_time\" content=\"2025-11-21T11:21:52+00:00\" \/>\n<meta property=\"og:image\" content=\"https:\/\/chemgramx.com\/wp-content\/uploads\/2025\/11\/3-meo-pcp.jpeg\" \/>\n\t<meta property=\"og:image:width\" content=\"653\" \/>\n\t<meta property=\"og:image:height\" content=\"492\" \/>\n\t<meta property=\"og:image:type\" content=\"image\/jpeg\" \/>\n<meta name=\"twitter:card\" content=\"summary_large_image\" \/>\n<meta name=\"twitter:label1\" content=\"Odhadovan\u00e1 doba \u010dten\u00ed\" \/>\n\t<meta name=\"twitter:data1\" content=\"3 minuty\" \/>\n<script type=\"application\/ld+json\" class=\"yoast-schema-graph\">{\"@context\":\"https:\\\/\\\/schema.org\",\"@graph\":[{\"@type\":\"WebPage\",\"@id\":\"https:\\\/\\\/chemgramx.com\\\/product\\\/3-meo-pcp-3-methoxyphencyclidin-online-kaufen\\\/\",\"url\":\"https:\\\/\\\/chemgramx.com\\\/product\\\/3-meo-pcp-3-methoxyphencyclidin-online-kaufen\\\/\",\"name\":\"3-MeO-PCP (3-Methoxyphencyclidin) online kaufen \u2013 3-MeO-PCP zu verkaufen\",\"isPartOf\":{\"@id\":\"https:\\\/\\\/chemgramx.com\\\/#website\"},\"primaryImageOfPage\":{\"@id\":\"https:\\\/\\\/chemgramx.com\\\/product\\\/3-meo-pcp-3-methoxyphencyclidin-online-kaufen\\\/#primaryimage\"},\"image\":{\"@id\":\"https:\\\/\\\/chemgramx.com\\\/product\\\/3-meo-pcp-3-methoxyphencyclidin-online-kaufen\\\/#primaryimage\"},\"thumbnailUrl\":\"https:\\\/\\\/chemgramx.com\\\/wp-content\\\/uploads\\\/2025\\\/11\\\/3-meo-pcp.jpeg\",\"datePublished\":\"2025-11-21T11:20:28+00:00\",\"dateModified\":\"2025-11-21T11:21:52+00:00\",\"description\":\"Unser Shop bietet 3-MeO-PCP (3-Methoxyphencyclidin) in Topqualit\u00e4t zum Verkauf an. Die Qualit\u00e4t unserer Produkte ist einfach unschlagbar. Wenn Sie sie brauchen, k\u00f6nnen Sie 3-MeO-PCP (3-Methoxyphencyclidin) sofort online kaufen. Jetzt bestellen!\",\"breadcrumb\":{\"@id\":\"https:\\\/\\\/chemgramx.com\\\/product\\\/3-meo-pcp-3-methoxyphencyclidin-online-kaufen\\\/#breadcrumb\"},\"inLanguage\":\"cs\",\"potentialAction\":[{\"@type\":\"ReadAction\",\"target\":[\"https:\\\/\\\/chemgramx.com\\\/product\\\/3-meo-pcp-3-methoxyphencyclidin-online-kaufen\\\/\"]}]},{\"@type\":\"ImageObject\",\"inLanguage\":\"cs\",\"@id\":\"https:\\\/\\\/chemgramx.com\\\/product\\\/3-meo-pcp-3-methoxyphencyclidin-online-kaufen\\\/#primaryimage\",\"url\":\"https:\\\/\\\/chemgramx.com\\\/wp-content\\\/uploads\\\/2025\\\/11\\\/3-meo-pcp.jpeg\",\"contentUrl\":\"https:\\\/\\\/chemgramx.com\\\/wp-content\\\/uploads\\\/2025\\\/11\\\/3-meo-pcp.jpeg\",\"width\":653,\"height\":492},{\"@type\":\"BreadcrumbList\",\"@id\":\"https:\\\/\\\/chemgramx.com\\\/product\\\/3-meo-pcp-3-methoxyphencyclidin-online-kaufen\\\/#breadcrumb\",\"itemListElement\":[{\"@type\":\"ListItem\",\"position\":1,\"name\":\"Home\",\"item\":\"https:\\\/\\\/chemgramx.com\\\/\"},{\"@type\":\"ListItem\",\"position\":2,\"name\":\"Shop\",\"item\":\"https:\\\/\\\/chemgramx.com\\\/shop\\\/\"},{\"@type\":\"ListItem\",\"position\":3,\"name\":\"3-MeO-PCP (3-Methoxyphencyclidin) Online Kaufen\"}]},{\"@type\":\"WebSite\",\"@id\":\"https:\\\/\\\/chemgramx.com\\\/#website\",\"url\":\"https:\\\/\\\/chemgramx.com\\\/\",\"name\":\"Chemgramx\",\"description\":\"\",\"publisher\":{\"@id\":\"https:\\\/\\\/chemgramx.com\\\/#organization\"},\"potentialAction\":[{\"@type\":\"SearchAction\",\"target\":{\"@type\":\"EntryPoint\",\"urlTemplate\":\"https:\\\/\\\/chemgramx.com\\\/?s={search_term_string}\"},\"query-input\":{\"@type\":\"PropertyValueSpecification\",\"valueRequired\":true,\"valueName\":\"search_term_string\"}}],\"inLanguage\":\"cs\"},{\"@type\":\"Organization\",\"@id\":\"https:\\\/\\\/chemgramx.com\\\/#organization\",\"name\":\"Chemgramx\",\"url\":\"https:\\\/\\\/chemgramx.com\\\/\",\"logo\":{\"@type\":\"ImageObject\",\"inLanguage\":\"cs\",\"@id\":\"https:\\\/\\\/chemgramx.com\\\/#\\\/schema\\\/logo\\\/image\\\/\",\"url\":\"https:\\\/\\\/chemgramx.com\\\/wp-content\\\/uploads\\\/2024\\\/10\\\/final-logo.png\",\"contentUrl\":\"https:\\\/\\\/chemgramx.com\\\/wp-content\\\/uploads\\\/2024\\\/10\\\/final-logo.png\",\"width\":250,\"height\":48,\"caption\":\"Chemgramx\"},\"image\":{\"@id\":\"https:\\\/\\\/chemgramx.com\\\/#\\\/schema\\\/logo\\\/image\\\/\"}}]}<\/script>\n<!-- \/ Yoast SEO plugin. -->","yoast_head_json":{"title":"Koupit 3-MeO-PCP (3-methoxyfencyklidin) online \u2013 3-MeO-PCP na prodej","description":"N\u00e1\u0161 obchod nab\u00edz\u00ed k prodeji 3-MeO-PCP (3-methoxyfencyklidin) nejvy\u0161\u0161\u00ed kvality. Kvalita na\u0161ich produkt\u016f je jednodu\u0161e bezkonkuren\u010dn\u00ed. Kdykoli ho pot\u0159ebujete, m\u016f\u017eete si 3-MeO-PCP (3-methoxyfencyklidin) koupit online ihned. Objednejte si hned!","robots":{"index":"index","follow":"follow","max-snippet":"max-snippet:-1","max-image-preview":"max-image-preview:large","max-video-preview":"max-video-preview:-1"},"canonical":"https:\/\/chemgramx.com\/cs\/produkt-1\/3-meo-pcp-3-methoxyphencyclidine-buy-online\/","og_locale":"cs_CZ","og_type":"article","og_title":"3-MeO-PCP (3-Methoxyphencyclidin) online kaufen \u2013 3-MeO-PCP zu verkaufen","og_description":"Unser Shop bietet 3-MeO-PCP (3-Methoxyphencyclidin) in Topqualit\u00e4t zum Verkauf an. Die Qualit\u00e4t unserer Produkte ist einfach unschlagbar. Wenn Sie sie brauchen, k\u00f6nnen Sie 3-MeO-PCP (3-Methoxyphencyclidin) sofort online kaufen. Jetzt bestellen!","og_url":"https:\/\/chemgramx.com\/cs\/produkt-1\/3-meo-pcp-3-methoxyphencyclidine-buy-online\/","og_site_name":"Chemgramx","article_modified_time":"2025-11-21T11:21:52+00:00","og_image":[{"width":653,"height":492,"url":"https:\/\/chemgramx.com\/wp-content\/uploads\/2025\/11\/3-meo-pcp.jpeg","type":"image\/jpeg"}],"twitter_card":"summary_large_image","twitter_misc":{"Odhadovan\u00e1 doba \u010dten\u00ed":"3 minuty"},"schema":{"@context":"https:\/\/schema.org","@graph":[{"@type":"WebPage","@id":"https:\/\/chemgramx.com\/product\/3-meo-pcp-3-methoxyphencyclidin-online-kaufen\/","url":"https:\/\/chemgramx.com\/product\/3-meo-pcp-3-methoxyphencyclidin-online-kaufen\/","name":"Koupit 3-MeO-PCP (3-methoxyfencyklidin) online \u2013 3-MeO-PCP na prodej","isPartOf":{"@id":"https:\/\/chemgramx.com\/#website"},"primaryImageOfPage":{"@id":"https:\/\/chemgramx.com\/product\/3-meo-pcp-3-methoxyphencyclidin-online-kaufen\/#primaryimage"},"image":{"@id":"https:\/\/chemgramx.com\/product\/3-meo-pcp-3-methoxyphencyclidin-online-kaufen\/#primaryimage"},"thumbnailUrl":"https:\/\/chemgramx.com\/wp-content\/uploads\/2025\/11\/3-meo-pcp.jpeg","datePublished":"2025-11-21T11:20:28+00:00","dateModified":"2025-11-21T11:21:52+00:00","description":"N\u00e1\u0161 obchod nab\u00edz\u00ed k prodeji 3-MeO-PCP (3-methoxyfencyklidin) nejvy\u0161\u0161\u00ed kvality. Kvalita na\u0161ich produkt\u016f je jednodu\u0161e bezkonkuren\u010dn\u00ed. Kdykoli ho pot\u0159ebujete, m\u016f\u017eete si 3-MeO-PCP (3-methoxyfencyklidin) koupit online ihned. Objednejte si hned!","breadcrumb":{"@id":"https:\/\/chemgramx.com\/product\/3-meo-pcp-3-methoxyphencyclidin-online-kaufen\/#breadcrumb"},"inLanguage":"cs","potentialAction":[{"@type":"ReadAction","target":["https:\/\/chemgramx.com\/product\/3-meo-pcp-3-methoxyphencyclidin-online-kaufen\/"]}]},{"@type":"ImageObject","inLanguage":"cs","@id":"https:\/\/chemgramx.com\/product\/3-meo-pcp-3-methoxyphencyclidin-online-kaufen\/#primaryimage","url":"https:\/\/chemgramx.com\/wp-content\/uploads\/2025\/11\/3-meo-pcp.jpeg","contentUrl":"https:\/\/chemgramx.com\/wp-content\/uploads\/2025\/11\/3-meo-pcp.jpeg","width":653,"height":492},{"@type":"BreadcrumbList","@id":"https:\/\/chemgramx.com\/product\/3-meo-pcp-3-methoxyphencyclidin-online-kaufen\/#breadcrumb","itemListElement":[{"@type":"ListItem","position":1,"name":"Home","item":"https:\/\/chemgramx.com\/"},{"@type":"ListItem","position":2,"name":"Shop","item":"https:\/\/chemgramx.com\/shop\/"},{"@type":"ListItem","position":3,"name":"3-MeO-PCP (3-Methoxyphencyclidin) Online Kaufen"}]},{"@type":"WebSite","@id":"https:\/\/chemgramx.com\/#website","url":"https:\/\/chemgramx.com\/","name":"Chemgramx","description":"","publisher":{"@id":"https:\/\/chemgramx.com\/#organization"},"potentialAction":[{"@type":"SearchAction","target":{"@type":"EntryPoint","urlTemplate":"https:\/\/chemgramx.com\/?s={search_term_string}"},"query-input":{"@type":"PropertyValueSpecification","valueRequired":true,"valueName":"search_term_string"}}],"inLanguage":"cs"},{"@type":"Organization","@id":"https:\/\/chemgramx.com\/#organization","name":"Chemgramx","url":"https:\/\/chemgramx.com\/","logo":{"@type":"ImageObject","inLanguage":"cs","@id":"https:\/\/chemgramx.com\/#\/schema\/logo\/image\/","url":"https:\/\/chemgramx.com\/wp-content\/uploads\/2024\/10\/final-logo.png","contentUrl":"https:\/\/chemgramx.com\/wp-content\/uploads\/2024\/10\/final-logo.png","width":250,"height":48,"caption":"Chemgramx"},"image":{"@id":"https:\/\/chemgramx.com\/#\/schema\/logo\/image\/"}}]}},"_links":{"self":[{"href":"https:\/\/chemgramx.com\/cs\/wp-json\/wp\/v2\/product\/7736","targetHints":{"allow":["GET"]}}],"collection":[{"href":"https:\/\/chemgramx.com\/cs\/wp-json\/wp\/v2\/product"}],"about":[{"href":"https:\/\/chemgramx.com\/cs\/wp-json\/wp\/v2\/types\/product"}],"replies":[{"embeddable":true,"href":"https:\/\/chemgramx.com\/cs\/wp-json\/wp\/v2\/comments?post=7736"}],"wp:featuredmedia":[{"embeddable":true,"href":"https:\/\/chemgramx.com\/cs\/wp-json\/wp\/v2\/media\/7773"}],"wp:attachment":[{"href":"https:\/\/chemgramx.com\/cs\/wp-json\/wp\/v2\/media?parent=7736"}],"wp:term":[{"taxonomy":"product_brand","embeddable":true,"href":"https:\/\/chemgramx.com\/cs\/wp-json\/wp\/v2\/product_brand?post=7736"},{"taxonomy":"product_cat","embeddable":true,"href":"https:\/\/chemgramx.com\/cs\/wp-json\/wp\/v2\/product_cat?post=7736"},{"taxonomy":"product_tag","embeddable":true,"href":"https:\/\/chemgramx.com\/cs\/wp-json\/wp\/v2\/product_tag?post=7736"}],"curies":[{"name":"wp","href":"https:\/\/api.w.org\/{rel}","templated":true}]}}