{"id":7737,"date":"2025-11-21T11:20:29","date_gmt":"2025-11-21T11:20:29","guid":{"rendered":"https:\/\/chemgramx.com\/?post_type=product&#038;p=7737"},"modified":"2025-11-21T11:21:52","modified_gmt":"2025-11-21T11:21:52","slug":"buy-methallylescaline-fumarate-online","status":"publish","type":"product","link":"https:\/\/chemgramx.com\/cs\/product\/methallylescaline-fumarate-online-kaufen\/","title":{"rendered":"Koupit Methallylescaline Fumarate online"},"content":{"rendered":"<p data-start=\"265\" data-end=\"729\">Metallylescalin fumar\u00e1t je vz\u00e1cn\u00fd psychedelick\u00fd fenethylamin pat\u0159\u00edc\u00ed do roz\u0161\u00ed\u0159en\u00e9 rodiny meskalin\u016f. T\u011b\u0161\u00ed se rostouc\u00ed popularit\u011b mezi v\u00fdzkumn\u00edky a psychonauty, kte\u0159\u00ed cht\u011bj\u00ed prozkoumat jeho jedine\u010dn\u00e9, dlouhodob\u00e9 vizu\u00e1ln\u00ed a empatogenn\u00ed \u00fa\u010dinky. Mnoz\u00ed se rozhodnou... <a href=\"https:\/\/chemgramx.com\/product\/methallylescaline-fumarate\/\">Koupit Methallylescaline Fumarate<\/a> nebo si koupit methallylescalin fumar\u00e1t p\u0159\u00edmo online, proto\u017ee je obt\u00ed\u017en\u00e9 jej z\u00edskat tradi\u010dn\u00ed cestou.<\/p>\n<p data-start=\"731\" data-end=\"1025\">S rostouc\u00edm z\u00e1jmem o vz\u00e1cn\u00e9 l\u00e1tky roste tak\u00e9 v\u00fdznam bezpe\u010dn\u00e9ho a zodpov\u011bdn\u00e9ho n\u00e1kupu na internetu. Leg\u00e1lnost, \u010distota a spolehlivost dodavatele by m\u011bly b\u00fdt nejvy\u0161\u0161\u00ed prioritou p\u0159i hled\u00e1n\u00ed methallylescalin fumarate na prodej.<\/p>\n<h3 data-start=\"1027\" data-end=\"1067\">Co je methallylescaline fumarate?<\/h3>\n<h3 data-start=\"1069\" data-end=\"1100\">Chemick\u00e9 slo\u017een\u00ed<\/h3>\n<p data-start=\"1101\" data-end=\"1351\"><a href=\"https:\/\/en.wikipedia.org\/wiki\/Methallylescaline\">Fumar\u00e1t methallylescalinu<\/a> je psychedelick\u00fd analog meskalinu s chemick\u00fdm strukturn\u00edm vzorcem C13H21NO3\u00b7C4H4O4. Jedn\u00e1 se o fumar\u00e1tovou s\u016fl metallyleskalinu, kter\u00e1 umo\u017e\u0148uje lep\u0161\u00ed skladov\u00e1n\u00ed a d\u00e1vkov\u00e1n\u00ed.<\/p>\n<h3 data-start=\"1353\" data-end=\"1384\">B\u011b\u017en\u00e9 pou\u017eit\u00ed<\/h3>\n<ul data-start=\"1385\" data-end=\"1635\">\n<li data-start=\"1385\" data-end=\"1491\">\n<p data-start=\"1387\" data-end=\"1491\">V\u011bdeck\u00fd v\u00fdzkum: Studium psychedelick\u00fdch mechanism\u016f \u00fa\u010dinku a vazby na receptory.<\/p>\n<\/li>\n<li data-start=\"1492\" data-end=\"1635\">\n<p data-start=\"1494\" data-end=\"1635\">Psychoaktivn\u00ed pr\u016fzkum: Obl\u00edben\u00fd v psychonautick\u00fdch kruz\u00edch pro sv\u00e9 jemn\u00e9, ale hlubok\u00e9 vizu\u00e1ln\u00ed a emocion\u00e1ln\u00ed \u00fa\u010dinky.<\/p>\n<\/li>\n<\/ul>\n<h3 data-start=\"1637\" data-end=\"1679\">P\u0159ehled pr\u00e1vn\u00edho statusu<\/h3>\n<p data-start=\"1681\" data-end=\"2059\">Methallylescaline fumarate nen\u00ed v mnoha zem\u00edch v\u00fdslovn\u011b regulov\u00e1n, ale m\u016f\u017ee spadat pod analogick\u00e9 z\u00e1kony. V N\u011bmecku m\u016f\u017ee spadat pod NpSG nebo AMG. Je na odpov\u011bdnosti ka\u017ed\u00e9ho kupuj\u00edc\u00edho, aby si p\u0159ed objedn\u00e1n\u00edm methallylescaline fumar\u00e1tu nebo zva\u017eov\u00e1n\u00edm, kde methallylescaline fumar\u00e1t koupit, ov\u011b\u0159il m\u00edstn\u00ed legislativu.<\/p>\n<h3 data-start=\"2061\" data-end=\"2113\">Pro\u010d nakupovat metallylescalin fumar\u00e1t online?<\/h3>\n<h3 data-start=\"2115\" data-end=\"2147\">P\u0159\u00edstupnost a pohodl\u00ed<\/h3>\n<p data-start=\"2148\" data-end=\"2395\">Mo\u017enost koupit methallylescaline fumarate online nab\u00edz\u00ed pohodlnou, diskr\u00e9tn\u00ed a \u010dasto rychlej\u0161\u00ed alternativu k n\u00e1kupu na m\u00edst\u011b. Zejm\u00e9na u specializovan\u00fdch l\u00e1tek, jako jsou tyto, je n\u00e1kup online \u010dasto jedinou sch\u016fdnou mo\u017enost\u00ed.<\/p>\n<h3 data-start=\"2397\" data-end=\"2425\">V\u011bt\u0161\u00ed v\u00fdb\u011br produkt\u016f<\/h3>\n<p data-start=\"2426\" data-end=\"2687\">Internetov\u00e9 obchody poskytuj\u00ed p\u0159\u00edm\u00fd p\u0159\u00edstup k r\u016fzn\u00fdm kvalit\u00e1m, mno\u017estv\u00edm a cenov\u00fdm mo\u017enostem. Ka\u017ed\u00fd, kdo hled\u00e1 v\u00fdhodnou cenu methallylescalin fumarate, ji najde online - v\u010detn\u011b nab\u00eddek pro hromadn\u00e9 objedn\u00e1vky nebo v\u00fdzkumn\u00e9 \u00fa\u010dely.<\/p>\n<h3 data-start=\"2689\" data-end=\"2726\">Potenci\u00e1ln\u00ed rizika a p\u0159\u00ednosy<\/h3>\n<p data-start=\"2728\" data-end=\"2743\">V\u00fdhody:<\/p>\n<ul data-start=\"2744\" data-end=\"2860\">\n<li data-start=\"2744\" data-end=\"2775\">\n<p data-start=\"2746\" data-end=\"2775\">Diskr\u00e9tn\u00ed doru\u010den\u00ed<\/p>\n<\/li>\n<li data-start=\"2776\" data-end=\"2819\">\n<p data-start=\"2778\" data-end=\"2819\">\u0160irok\u00fd v\u00fdb\u011br mno\u017estv\u00ed a kvality<\/p>\n<\/li>\n<li data-start=\"2820\" data-end=\"2860\">\n<p data-start=\"2822\" data-end=\"2860\">P\u0159\u00edstup k certifik\u00e1t\u016fm anal\u00fdzy (CoA)<\/p>\n<\/li>\n<\/ul>\n<p data-start=\"2862\" data-end=\"2876\">Rizika:<\/p>\n<ul data-start=\"2877\" data-end=\"2996\">\n<li data-start=\"2877\" data-end=\"2924\">\n<p data-start=\"2879\" data-end=\"2924\">Nejist\u00fd p\u016fvod od pochybn\u00fdch dodavatel\u016f<\/p>\n<\/li>\n<li data-start=\"2925\" data-end=\"2964\">\n<p data-start=\"2927\" data-end=\"2964\">Mo\u017en\u00e9 pr\u00e1vn\u00ed d\u016fsledky<\/p>\n<\/li>\n<li data-start=\"2965\" data-end=\"2996\">\n<p data-start=\"2967\" data-end=\"2996\">Riziko kontaminace<\/p>\n<\/li>\n<\/ul>\n<h3 data-start=\"3235\" data-end=\"3275\">Recenze a zp\u011btn\u00e1 vazba komunity<\/h3>\n<p data-start=\"3276\" data-end=\"3539\">Zjist\u011bte si pov\u011bst poskytovatele na p\u0159\u00edslu\u0161n\u00fdch f\u00f3rech, jako je Reddit nebo odborn\u00e9 port\u00e1ly. Skute\u010dn\u00e9 recenze z\u00e1kazn\u00edk\u016f jsou siln\u00fdm ukazatelem spolehlivosti a pom\u00e1haj\u00ed ur\u010dit nejlep\u0161\u00ed m\u00edsto, kde koupit methallylescalin fumarate online.<\/p>\n<h3 data-start=\"3541\" data-end=\"3582\">Laboratorn\u00ed testy a certifik\u00e1ty \u010distoty<\/h3>\n<p data-start=\"3583\" data-end=\"3822\">Renomovan\u00fd dodavatel v\u017edy poskytuje laboratorn\u00ed anal\u00fdzy, kter\u00e9 potvrzuj\u00ed \u010distotu a identitu. Jedin\u011b tak lze zajistit, \u017ee nab\u00edzen\u00e9 produkty jsou skute\u010dn\u011b methallylescaline fumarate na prodej vysok\u00e9 kvality.<\/p>\n<h3 data-start=\"3824\" data-end=\"3865\">Pr\u00e1vn\u00ed a etick\u00e9 aspekty<\/h3>\n<h3 data-start=\"3867\" data-end=\"3906\">M\u00edstn\u00ed a mezin\u00e1rodn\u00ed z\u00e1kony<\/h3>\n<p data-start=\"3907\" data-end=\"4123\">P\u0159ed n\u00e1kupem metallylescalin fumar\u00e1tu online je nezbytn\u00e9 ov\u011b\u0159it si z\u00e1kony va\u0161\u00ed zem\u011b. I kdy\u017e l\u00e1tka nen\u00ed v\u00fdslovn\u011b uvedena, m\u016f\u017ee spadat pod st\u00e1vaj\u00edc\u00ed z\u00e1kony o l\u00e1tk\u00e1ch.<\/p>\n<h3 data-start=\"4125\" data-end=\"4156\">Odpov\u011bdnost kupuj\u00edc\u00edho<\/h3>\n<p data-start=\"4157\" data-end=\"4407\">Zodpov\u011bdnost nese kupuj\u00edc\u00ed, a to jak z hlediska z\u00e1konnosti, tak z hlediska bezpe\u010dn\u00e9ho zach\u00e1zen\u00ed. Ka\u017ed\u00fd, kdo se rozhodne koupit methallylescalin fumarate online ze spolehliv\u00e9ho v\u00fdzkumn\u00e9ho zdroje, by m\u011bl jednat zodpov\u011bdn\u011b a v\u011bdom\u011b.<\/p>\n<h3 data-start=\"4409\" data-end=\"4419\">Z\u00e1v\u011br<\/h3>\n<p data-start=\"4421\" data-end=\"4671\">Methallylescaline fumarate je fascinuj\u00edc\u00ed l\u00e1tka s potenci\u00e1lem pro v\u00fdzkum a osobn\u00ed zku\u0161enost. Ka\u017ed\u00fd, kdo se rozhoduje, kde nejl\u00e9pe koupit methallylescaline fumarate online, by m\u011bl v\u017edy v\u011bnovat pozornost spolehlivosti, \u010distot\u011b a dodr\u017eov\u00e1n\u00ed z\u00e1kona.<\/p>\n<h3 data-start=\"4673\" data-end=\"4749\">Doporu\u010den\u00ed pro bezpe\u010dn\u00fd, leg\u00e1ln\u00ed a uspokojiv\u00fd n\u00e1kup:<\/h3>\n<ul data-start=\"4750\" data-end=\"5035\">\n<li data-start=\"4750\" data-end=\"4836\">\n<p data-start=\"4752\" data-end=\"4836\">Methallylescaline Fumarate nakupujte online pouze od dodavatel\u016f s certifikovanou \u010distotou<\/p>\n<\/li>\n<li data-start=\"4837\" data-end=\"4873\">\n<p data-start=\"4839\" data-end=\"4873\">Zp\u011btn\u00e1 vazba od v\u00fdzkumn\u00e9 komunity<\/p>\n<\/li>\n<li data-start=\"4874\" data-end=\"4932\">\n<p data-start=\"4876\" data-end=\"4932\">Porovn\u00e1vejte ceny, ale ne na \u00fakor kvality<\/p>\n<\/li>\n<li data-start=\"4933\" data-end=\"4975\">\n<p data-start=\"4935\" data-end=\"4975\">Ov\u011b\u0159te si a dodr\u017eujte m\u00edstn\u00ed z\u00e1kony<\/p>\n<\/li>\n<li data-start=\"4976\" data-end=\"5035\">\n<p data-start=\"4978\" data-end=\"5035\">S l\u00e1tkou zach\u00e1zejte zodpov\u011bdn\u011b a v\u011bdom\u011b<\/p>\n<\/li>\n<\/ul>","protected":false},"excerpt":{"rendered":"<p><strong>Methallylescaline fumarate<\/strong> je syntetick\u00e1 psychedelick\u00e1 l\u00e1tka ze skupiny <strong>Rodina meskalinu<\/strong>podskupina <strong>Fenetylaminy<\/strong>. Je zn\u00e1m\u00fd sv\u00fdmi vizu\u00e1ln\u00edmi \u00fa\u010dinky a \u00fa\u010dinky na zlep\u0161en\u00ed n\u00e1lady, ale je m\u00e9n\u011b roz\u0161\u00ed\u0159en\u00fd a m\u00e9n\u011b prozkouman\u00fd ne\u017e tradi\u010dn\u00ed psychedelika, jako je meskalin nebo LSD. \u00da\u010dinky jsou \u010dasto popisov\u00e1ny jako sm\u011bs euforie, vizu\u00e1ln\u00ed stimulace a introspekce.<\/p>\n<h3><strong>D\u016fle\u017eit\u00e1 fakta<\/strong><\/h3>\n<p><strong>Chemick\u00e1 t\u0159\u00edda<\/strong>Fenetylamin \/ analog meskalinu<br \/>\n<strong>Efekt<\/strong>Psychedelick\u00e9 vizualizace, euforie a zv\u00fd\u0161en\u00e9 smyslov\u00e9 vn\u00edm\u00e1n\u00ed<br \/>\n<strong>Za\u010d\u00e1tek \u00fa\u010dinku<\/strong>30-90 minut (\u00fastn\u00ed)<br \/>\n<strong>Doba trv\u00e1n\u00ed<\/strong>: 6-12 hodin<\/p>","protected":false},"featured_media":7774,"comment_status":"open","ping_status":"closed","template":"","meta":{"_joinchat":[]},"product_brand":[],"product_cat":[51],"product_tag":[685,686,680,673,668,682,689,669,674,679,677,675,671,676,678,670,687,672,690,683,684,688,681],"class_list":{"0":"post-7737","1":"product","2":"type-product","3":"status-publish","4":"has-post-thumbnail","6":"product_cat-phenethylamines","7":"product_tag-methallylescaline-analyse","8":"product_tag-methallylescaline-chemie","9":"product_tag-methallylescaline-effekte","10":"product_tag-methallylescaline-forschungschemikalie","11":"product_tag-methallylescaline-fumarat","12":"product_tag-methallylescaline-fumarat-anwendung","13":"product_tag-methallylescaline-fumarat-forschung","14":"product_tag-methallylescaline-fumarat-kaufen","15":"product_tag-methallylescaline-fumarat-laboranwendung","16":"product_tag-methallylescaline-fumarat-lagerung","17":"product_tag-methallylescaline-fumarat-sicherheit","18":"product_tag-methallylescaline-fumarat-verfugbarkeit","19":"product_tag-methallylescaline-fumarat-zum-verkauf","20":"product_tag-methallylescaline-groshandel","21":"product_tag-methallylescaline-handhabung","22":"product_tag-methallylescaline-lieferant","23":"product_tag-methallylescaline-markt","24":"product_tag-methallylescaline-preis","25":"product_tag-methallylescaline-reinheit","26":"product_tag-methallylescaline-risiken","27":"product_tag-methallylescaline-studien","28":"product_tag-methallylescaline-vertrieb","29":"product_tag-methallylescaline-vorschriften","31":"first","32":"instock","33":"shipping-taxable","34":"purchasable","35":"product-type-variable"},"yoast_head":"<!-- This site is optimized with the Yoast SEO plugin v27.5 - https:\/\/yoast.com\/product\/yoast-seo-wordpress\/ -->\n<title>Methallylescaline Fumarate Kaufen \u2013 | Chemgramx<\/title>\n<meta name=\"description\" content=\"Kaufen Sie Methallylescaline Fumarate online bei Chemgramx. Laborgepr\u00fcfte Qualit\u00e4t, \u226599% Reinheit, schnelle Lieferung und g\u00fcnstige Preise. Jetzt bestellen!\" \/>\n<meta name=\"robots\" content=\"index, follow, max-snippet:-1, max-image-preview:large, max-video-preview:-1\" \/>\n<link rel=\"canonical\" href=\"https:\/\/chemgramx.com\/cs\/produkt-1\/buy-methallylescaline-fumarate-online\/\" \/>\n<meta property=\"og:locale\" content=\"cs_CZ\" \/>\n<meta property=\"og:type\" content=\"article\" \/>\n<meta property=\"og:title\" content=\"Methallylescaline Fumarate Kaufen \u2013 | Chemgramx\" \/>\n<meta property=\"og:description\" content=\"Kaufen Sie Methallylescaline Fumarate online bei Chemgramx. Laborgepr\u00fcfte Qualit\u00e4t, \u226599% Reinheit, schnelle Lieferung und g\u00fcnstige Preise. Jetzt bestellen!\" \/>\n<meta property=\"og:url\" content=\"https:\/\/chemgramx.com\/cs\/produkt-1\/buy-methallylescaline-fumarate-online\/\" \/>\n<meta property=\"og:site_name\" content=\"Chemgramx\" \/>\n<meta property=\"article:modified_time\" content=\"2025-11-21T11:21:52+00:00\" \/>\n<meta property=\"og:image\" content=\"https:\/\/chemgramx.com\/wp-content\/uploads\/2025\/11\/Buy-Methallylescaline-HCL-online.webp\" \/>\n\t<meta property=\"og:image:width\" content=\"343\" \/>\n\t<meta property=\"og:image:height\" content=\"280\" \/>\n\t<meta property=\"og:image:type\" content=\"image\/webp\" \/>\n<meta name=\"twitter:card\" content=\"summary_large_image\" \/>\n<meta name=\"twitter:label1\" content=\"Odhadovan\u00e1 doba \u010dten\u00ed\" \/>\n\t<meta name=\"twitter:data1\" content=\"3 minuty\" \/>\n<script type=\"application\/ld+json\" class=\"yoast-schema-graph\">{\"@context\":\"https:\\\/\\\/schema.org\",\"@graph\":[{\"@type\":\"WebPage\",\"@id\":\"https:\\\/\\\/chemgramx.com\\\/product\\\/methallylescaline-fumarate-online-kaufen\\\/\",\"url\":\"https:\\\/\\\/chemgramx.com\\\/product\\\/methallylescaline-fumarate-online-kaufen\\\/\",\"name\":\"Methallylescaline Fumarate Kaufen \u2013 | Chemgramx\",\"isPartOf\":{\"@id\":\"https:\\\/\\\/chemgramx.com\\\/#website\"},\"primaryImageOfPage\":{\"@id\":\"https:\\\/\\\/chemgramx.com\\\/product\\\/methallylescaline-fumarate-online-kaufen\\\/#primaryimage\"},\"image\":{\"@id\":\"https:\\\/\\\/chemgramx.com\\\/product\\\/methallylescaline-fumarate-online-kaufen\\\/#primaryimage\"},\"thumbnailUrl\":\"https:\\\/\\\/chemgramx.com\\\/wp-content\\\/uploads\\\/2025\\\/11\\\/Buy-Methallylescaline-HCL-online.webp\",\"datePublished\":\"2025-11-21T11:20:29+00:00\",\"dateModified\":\"2025-11-21T11:21:52+00:00\",\"description\":\"Kaufen Sie Methallylescaline Fumarate online bei Chemgramx. Laborgepr\u00fcfte Qualit\u00e4t, \u226599% Reinheit, schnelle Lieferung und g\u00fcnstige Preise. Jetzt bestellen!\",\"breadcrumb\":{\"@id\":\"https:\\\/\\\/chemgramx.com\\\/product\\\/methallylescaline-fumarate-online-kaufen\\\/#breadcrumb\"},\"inLanguage\":\"cs\",\"potentialAction\":[{\"@type\":\"ReadAction\",\"target\":[\"https:\\\/\\\/chemgramx.com\\\/product\\\/methallylescaline-fumarate-online-kaufen\\\/\"]}]},{\"@type\":\"ImageObject\",\"inLanguage\":\"cs\",\"@id\":\"https:\\\/\\\/chemgramx.com\\\/product\\\/methallylescaline-fumarate-online-kaufen\\\/#primaryimage\",\"url\":\"https:\\\/\\\/chemgramx.com\\\/wp-content\\\/uploads\\\/2025\\\/11\\\/Buy-Methallylescaline-HCL-online.webp\",\"contentUrl\":\"https:\\\/\\\/chemgramx.com\\\/wp-content\\\/uploads\\\/2025\\\/11\\\/Buy-Methallylescaline-HCL-online.webp\",\"width\":343,\"height\":280},{\"@type\":\"BreadcrumbList\",\"@id\":\"https:\\\/\\\/chemgramx.com\\\/product\\\/methallylescaline-fumarate-online-kaufen\\\/#breadcrumb\",\"itemListElement\":[{\"@type\":\"ListItem\",\"position\":1,\"name\":\"Home\",\"item\":\"https:\\\/\\\/chemgramx.com\\\/\"},{\"@type\":\"ListItem\",\"position\":2,\"name\":\"Shop\",\"item\":\"https:\\\/\\\/chemgramx.com\\\/shop\\\/\"},{\"@type\":\"ListItem\",\"position\":3,\"name\":\"Methallylescaline Fumarate online kaufen\"}]},{\"@type\":\"WebSite\",\"@id\":\"https:\\\/\\\/chemgramx.com\\\/#website\",\"url\":\"https:\\\/\\\/chemgramx.com\\\/\",\"name\":\"Chemgramx\",\"description\":\"\",\"publisher\":{\"@id\":\"https:\\\/\\\/chemgramx.com\\\/#organization\"},\"potentialAction\":[{\"@type\":\"SearchAction\",\"target\":{\"@type\":\"EntryPoint\",\"urlTemplate\":\"https:\\\/\\\/chemgramx.com\\\/?s={search_term_string}\"},\"query-input\":{\"@type\":\"PropertyValueSpecification\",\"valueRequired\":true,\"valueName\":\"search_term_string\"}}],\"inLanguage\":\"cs\"},{\"@type\":\"Organization\",\"@id\":\"https:\\\/\\\/chemgramx.com\\\/#organization\",\"name\":\"Chemgramx\",\"url\":\"https:\\\/\\\/chemgramx.com\\\/\",\"logo\":{\"@type\":\"ImageObject\",\"inLanguage\":\"cs\",\"@id\":\"https:\\\/\\\/chemgramx.com\\\/#\\\/schema\\\/logo\\\/image\\\/\",\"url\":\"https:\\\/\\\/chemgramx.com\\\/wp-content\\\/uploads\\\/2024\\\/10\\\/final-logo.png\",\"contentUrl\":\"https:\\\/\\\/chemgramx.com\\\/wp-content\\\/uploads\\\/2024\\\/10\\\/final-logo.png\",\"width\":250,\"height\":48,\"caption\":\"Chemgramx\"},\"image\":{\"@id\":\"https:\\\/\\\/chemgramx.com\\\/#\\\/schema\\\/logo\\\/image\\\/\"}}]}<\/script>\n<!-- \/ Yoast SEO plugin. -->","yoast_head_json":{"title":"Koupit metallyleskalin fumar\u00e1t | Chemgramx","description":"Kupte si metallylescalin fumar\u00e1t online na Chemgramx. Laboratorn\u011b testovan\u00e1 kvalita, \u010distota \u226599%, rychl\u00e9 dod\u00e1n\u00ed a dostupn\u00e9 ceny. Objednejte si hned!","robots":{"index":"index","follow":"follow","max-snippet":"max-snippet:-1","max-image-preview":"max-image-preview:large","max-video-preview":"max-video-preview:-1"},"canonical":"https:\/\/chemgramx.com\/cs\/produkt-1\/buy-methallylescaline-fumarate-online\/","og_locale":"cs_CZ","og_type":"article","og_title":"Methallylescaline Fumarate Kaufen \u2013 | Chemgramx","og_description":"Kaufen Sie Methallylescaline Fumarate online bei Chemgramx. Laborgepr\u00fcfte Qualit\u00e4t, \u226599% Reinheit, schnelle Lieferung und g\u00fcnstige Preise. Jetzt bestellen!","og_url":"https:\/\/chemgramx.com\/cs\/produkt-1\/buy-methallylescaline-fumarate-online\/","og_site_name":"Chemgramx","article_modified_time":"2025-11-21T11:21:52+00:00","og_image":[{"width":343,"height":280,"url":"https:\/\/chemgramx.com\/wp-content\/uploads\/2025\/11\/Buy-Methallylescaline-HCL-online.webp","type":"image\/webp"}],"twitter_card":"summary_large_image","twitter_misc":{"Odhadovan\u00e1 doba \u010dten\u00ed":"3 minuty"},"schema":{"@context":"https:\/\/schema.org","@graph":[{"@type":"WebPage","@id":"https:\/\/chemgramx.com\/product\/methallylescaline-fumarate-online-kaufen\/","url":"https:\/\/chemgramx.com\/product\/methallylescaline-fumarate-online-kaufen\/","name":"Koupit metallyleskalin fumar\u00e1t | Chemgramx","isPartOf":{"@id":"https:\/\/chemgramx.com\/#website"},"primaryImageOfPage":{"@id":"https:\/\/chemgramx.com\/product\/methallylescaline-fumarate-online-kaufen\/#primaryimage"},"image":{"@id":"https:\/\/chemgramx.com\/product\/methallylescaline-fumarate-online-kaufen\/#primaryimage"},"thumbnailUrl":"https:\/\/chemgramx.com\/wp-content\/uploads\/2025\/11\/Buy-Methallylescaline-HCL-online.webp","datePublished":"2025-11-21T11:20:29+00:00","dateModified":"2025-11-21T11:21:52+00:00","description":"Kupte si metallylescalin fumar\u00e1t online na Chemgramx. Laboratorn\u011b testovan\u00e1 kvalita, \u010distota \u226599%, rychl\u00e9 dod\u00e1n\u00ed a dostupn\u00e9 ceny. Objednejte si hned!","breadcrumb":{"@id":"https:\/\/chemgramx.com\/product\/methallylescaline-fumarate-online-kaufen\/#breadcrumb"},"inLanguage":"cs","potentialAction":[{"@type":"ReadAction","target":["https:\/\/chemgramx.com\/product\/methallylescaline-fumarate-online-kaufen\/"]}]},{"@type":"ImageObject","inLanguage":"cs","@id":"https:\/\/chemgramx.com\/product\/methallylescaline-fumarate-online-kaufen\/#primaryimage","url":"https:\/\/chemgramx.com\/wp-content\/uploads\/2025\/11\/Buy-Methallylescaline-HCL-online.webp","contentUrl":"https:\/\/chemgramx.com\/wp-content\/uploads\/2025\/11\/Buy-Methallylescaline-HCL-online.webp","width":343,"height":280},{"@type":"BreadcrumbList","@id":"https:\/\/chemgramx.com\/product\/methallylescaline-fumarate-online-kaufen\/#breadcrumb","itemListElement":[{"@type":"ListItem","position":1,"name":"Home","item":"https:\/\/chemgramx.com\/"},{"@type":"ListItem","position":2,"name":"Shop","item":"https:\/\/chemgramx.com\/shop\/"},{"@type":"ListItem","position":3,"name":"Methallylescaline Fumarate online kaufen"}]},{"@type":"WebSite","@id":"https:\/\/chemgramx.com\/#website","url":"https:\/\/chemgramx.com\/","name":"Chemgramx","description":"","publisher":{"@id":"https:\/\/chemgramx.com\/#organization"},"potentialAction":[{"@type":"SearchAction","target":{"@type":"EntryPoint","urlTemplate":"https:\/\/chemgramx.com\/?s={search_term_string}"},"query-input":{"@type":"PropertyValueSpecification","valueRequired":true,"valueName":"search_term_string"}}],"inLanguage":"cs"},{"@type":"Organization","@id":"https:\/\/chemgramx.com\/#organization","name":"Chemgramx","url":"https:\/\/chemgramx.com\/","logo":{"@type":"ImageObject","inLanguage":"cs","@id":"https:\/\/chemgramx.com\/#\/schema\/logo\/image\/","url":"https:\/\/chemgramx.com\/wp-content\/uploads\/2024\/10\/final-logo.png","contentUrl":"https:\/\/chemgramx.com\/wp-content\/uploads\/2024\/10\/final-logo.png","width":250,"height":48,"caption":"Chemgramx"},"image":{"@id":"https:\/\/chemgramx.com\/#\/schema\/logo\/image\/"}}]}},"_links":{"self":[{"href":"https:\/\/chemgramx.com\/cs\/wp-json\/wp\/v2\/product\/7737","targetHints":{"allow":["GET"]}}],"collection":[{"href":"https:\/\/chemgramx.com\/cs\/wp-json\/wp\/v2\/product"}],"about":[{"href":"https:\/\/chemgramx.com\/cs\/wp-json\/wp\/v2\/types\/product"}],"replies":[{"embeddable":true,"href":"https:\/\/chemgramx.com\/cs\/wp-json\/wp\/v2\/comments?post=7737"}],"wp:featuredmedia":[{"embeddable":true,"href":"https:\/\/chemgramx.com\/cs\/wp-json\/wp\/v2\/media\/7774"}],"wp:attachment":[{"href":"https:\/\/chemgramx.com\/cs\/wp-json\/wp\/v2\/media?parent=7737"}],"wp:term":[{"taxonomy":"product_brand","embeddable":true,"href":"https:\/\/chemgramx.com\/cs\/wp-json\/wp\/v2\/product_brand?post=7737"},{"taxonomy":"product_cat","embeddable":true,"href":"https:\/\/chemgramx.com\/cs\/wp-json\/wp\/v2\/product_cat?post=7737"},{"taxonomy":"product_tag","embeddable":true,"href":"https:\/\/chemgramx.com\/cs\/wp-json\/wp\/v2\/product_tag?post=7737"}],"curies":[{"name":"wp","href":"https:\/\/api.w.org\/{rel}","templated":true}]}}