{"id":7803,"date":"2025-11-21T11:21:27","date_gmt":"2025-11-21T11:21:27","guid":{"rendered":"https:\/\/chemgramx.com\/?post_type=product&#038;p=7803"},"modified":"2025-11-21T11:23:48","modified_gmt":"2025-11-21T11:23:48","slug":"koupit-magicke-houby","status":"publish","type":"product","link":"https:\/\/chemgramx.com\/cs\/product\/magic-mushrooms-kaufen\/","title":{"rendered":"Koupit kouzeln\u00e9 houby"},"content":{"rendered":"<p class=\"ds-markdown-paragraph\">Objevte na\u0161e prvot\u0159\u00eddn\u00ed magick\u00e9 houby - \u010derstv\u011b nasb\u00edran\u00e9, \u0161etrn\u011b usu\u0161en\u00e9 a nejvy\u0161\u0161\u00ed kvality. Nab\u00edz\u00edme r\u016fzn\u00e9 druhy hub s obsahem psilocybinu pro ka\u017edou \u00farove\u0148 zku\u0161enost\u00ed, od jemn\u00fdch druh\u016f pro za\u010d\u00e1te\u010dn\u00edky a\u017e po intenzivn\u00ed druhy pro zku\u0161en\u00e9 u\u017eivatele.<\/p>\n<p class=\"ds-markdown-paragraph\"><strong>Co charakterizuje na\u0161e kouzeln\u00e9 houby<\/strong><\/p>\n<ul>\n<li>\n<p class=\"ds-markdown-paragraph\"><strong>Z\u00e1ruka \u010derstvosti:<\/strong>\u00a0V\u0161echny houby jsou \u010derstv\u011b sklizen\u00e9 a su\u0161en\u00e9 p\u0159i n\u00edzk\u00fdch teplot\u00e1ch.<\/p>\n<\/li>\n<li>\n<p class=\"ds-markdown-paragraph\"><strong>\u0158\u00edzen\u00fd chov:<\/strong>\u00a0Pe\u010dliv\u00fd chov v optim\u00e1ln\u00edch podm\u00ednk\u00e1ch bez pesticid\u016f<\/p>\n<\/li>\n<li>\n<p class=\"ds-markdown-paragraph\"><strong>\u00dadaje o \u0161krobu:<\/strong>\u00a0Transparentn\u00ed ozna\u010den\u00ed s\u00edly pro ka\u017edou odr\u016fdu<\/p>\n<\/li>\n<li>\n<p class=\"ds-markdown-paragraph\"><strong>Okam\u017eit\u00e1 p\u0159ipravenost k dod\u00e1n\u00ed:<\/strong>\u00a0Denn\u00ed expedice pro maxim\u00e1ln\u00ed \u010derstvost<\/p>\n<\/li>\n<\/ul>\n<p class=\"ds-markdown-paragraph\"><strong>Na\u0161e nejprod\u00e1van\u011bj\u0161\u00ed odr\u016fdy magick\u00fdch hub<\/strong><\/p>\n<p class=\"ds-markdown-paragraph\"><strong>Zlat\u00fd u\u010ditel (z\u00e1kladn\u00ed \u00farove\u0148)<\/strong><\/p>\n<ul>\n<li>\n<p class=\"ds-markdown-paragraph\">Jemn\u00fd, ale hlubok\u00fd \u00fa\u010dinek<\/p>\n<\/li>\n<li>\n<p class=\"ds-markdown-paragraph\">Ide\u00e1ln\u00ed pro prvn\u00ed psychedelick\u00e9 z\u00e1\u017eitky<\/p>\n<\/li>\n<li>\n<p class=\"ds-markdown-paragraph\">Vhodn\u00e9 zejm\u00e9na pro duchovn\u00ed praxi<\/p>\n<\/li>\n<\/ul>\n<p class=\"ds-markdown-paragraph\"><strong>McKennaii (st\u0159edn\u00ed)<\/strong><\/p>\n<ul>\n<li>\n<p class=\"ds-markdown-paragraph\">Intenzivn\u00ed vizu\u00e1ln\u00ed efekty<\/p>\n<\/li>\n<li>\n<p class=\"ds-markdown-paragraph\">Kreativitu podporuj\u00edc\u00ed a povzbuzuj\u00edc\u00ed<\/p>\n<\/li>\n<li>\n<p class=\"ds-markdown-paragraph\">Obl\u00edben\u00e1 odr\u016fda pro zku\u0161en\u00e9 u\u017eivatele<\/p>\n<\/li>\n<\/ul>\n<p class=\"ds-markdown-paragraph\"><strong>Z\u00e1vist penisu (siln\u00e1)<\/strong><\/p>\n<ul>\n<li>\n<p class=\"ds-markdown-paragraph\">Vysoce \u00fa\u010dinn\u00e1 varianta se siln\u00fdm \u00fa\u010dinkem<\/p>\n<\/li>\n<li>\n<p class=\"ds-markdown-paragraph\">Hlubok\u00fd z\u00e1\u017eitek roz\u0161i\u0159uj\u00edc\u00ed mysl<\/p>\n<\/li>\n<li>\n<p class=\"ds-markdown-paragraph\">V\u00fdhradn\u011b pro velmi zku\u0161en\u00e9 u\u017eivatele<\/p>\n<\/li>\n<\/ul>\n<p class=\"ds-markdown-paragraph\"><strong>Co jsou to magick\u00e9 houby?<\/strong><\/p>\n<p class=\"ds-markdown-paragraph\">Magick\u00e9 houby (houby obsahuj\u00edc\u00ed psilocybin) obsahuj\u00ed psychoaktivn\u00ed slou\u010deniny psilocybin a psilocin. V r\u016fzn\u00fdch kultur\u00e1ch se pou\u017e\u00edvaj\u00ed ji\u017e tis\u00edce let k duchovn\u00edm a ritu\u00e1ln\u00edm \u00fa\u010del\u016fm. \u00da\u010dinek se m\u016f\u017ee li\u0161it v z\u00e1vislosti na odr\u016fd\u011b, d\u00e1vkov\u00e1n\u00ed a nastaven\u00ed\/setk\u00e1n\u00ed.<\/p>\n<p class=\"ds-markdown-paragraph\"><strong>Bezpe\u010dn\u00e9 zach\u00e1zen\u00ed s magick\u00fdmi houbami<\/strong><\/p>\n<p class=\"ds-markdown-paragraph\"><strong>D\u016fle\u017eit\u00e1 z\u00e1kladn\u00ed pravidla pro pozitivn\u00ed z\u00e1\u017eitek:<\/strong><\/p>\n<ul>\n<li>\n<p class=\"ds-markdown-paragraph\"><strong>Sada a nastaven\u00ed:<\/strong>\u00a0Konzumujte pouze v pozitivn\u00ed n\u00e1lad\u011b a zn\u00e1m\u00e9m prost\u0159ed\u00ed.<\/p>\n<\/li>\n<li>\n<p class=\"ds-markdown-paragraph\"><strong>D\u00e1vkov\u00e1n\u00ed:<\/strong>\u00a0Za\u010dn\u011bte s mal\u00fdm mno\u017estv\u00edm (0,5-1 g su\u0161en\u00fdch hub).<\/p>\n<\/li>\n<li>\n<p class=\"ds-markdown-paragraph\"><strong>V\u00fdletn\u00edk:<\/strong>\u00a0V\u017edy m\u011bjte s sebou st\u0159\u00edzliv\u00e9ho spole\u010dn\u00edka.<\/p>\n<\/li>\n<li>\n<p class=\"ds-markdown-paragraph\"><strong>Dostatek \u010dasu:<\/strong>\u00a0Napl\u00e1nujte si 6-8 hodin bez z\u00e1vazk\u016f<\/p>\n<\/li>\n<\/ul>\n<p class=\"ds-markdown-paragraph\"><strong>Jak funguje objedn\u00e1vka<\/strong><\/p>\n<ol start=\"1\">\n<li>\n<p class=\"ds-markdown-paragraph\"><strong>Vyberte odr\u016fdu:<\/strong>\u00a0Vyberte si sv\u00e9 obl\u00edben\u00e9 kouzlo<a href=\"https:\/\/chemgramx.com\/product\/truffles-kaufen\/\"> Houby<\/a> Odr\u016fda<\/p>\n<\/li>\n<li>\n<p class=\"ds-markdown-paragraph\"><strong>Mno\u017estv\u00ed sady:<\/strong>\u00a0Vyberte si z 5g, 10g nebo 25g balen\u00ed<\/p>\n<\/li>\n<li>\n<p class=\"ds-markdown-paragraph\"><strong>Diskr\u00e9tn\u00ed platba:<\/strong>\u00a0K dispozici jsou r\u016fzn\u00e9 bezpe\u010dn\u00e9 platebn\u00ed metody<\/p>\n<\/li>\n<li>\n<p class=\"ds-markdown-paragraph\"><strong>Rychl\u00e9 dod\u00e1n\u00ed:<\/strong>\u00a0Diskr\u00e9tn\u011b zabaleno spole\u010dnost\u00ed DHL nebo Hermes<\/p>\n<\/li>\n<\/ol>\n<p class=\"ds-markdown-paragraph\"><strong>\u010casto kladen\u00e9 ot\u00e1zky (FAQ)<\/strong><\/p>\n<p class=\"ds-markdown-paragraph\"><strong>Ot\u00e1zka: Jak rychle funguj\u00ed magick\u00e9 houby?<\/strong><br \/>\nOdpov\u011b\u010f: \u00da\u010dinek se obvykle dostav\u00ed po 20-40 minut\u00e1ch a trv\u00e1 4-6 hodin.<\/p>\n<p class=\"ds-markdown-paragraph\"><strong>Ot\u00e1zka: Jak se houby skladuj\u00ed?<\/strong><br \/>\nOdpov\u011b\u010f: Skladujte na such\u00e9m, tmav\u00e9m a chladn\u00e9m m\u00edst\u011b ve vzduchot\u011bsn\u00e9 n\u00e1dob\u011b. Vydr\u017e\u00ed n\u011bkolik m\u011bs\u00edc\u016f.<\/p>\n<p class=\"ds-markdown-paragraph\"><strong>Ot\u00e1zka: Jak\u00fd je rozd\u00edl mezi \u010derstv\u00fdmi a su\u0161en\u00fdmi houbami?<\/strong><br \/>\nOdpov\u011b\u010f: Su\u0161en\u00e9 houby jsou asi desetkr\u00e1t \u00fa\u010dinn\u011bj\u0161\u00ed. 10 g \u010derstv\u00fdch hub odpov\u00edd\u00e1 p\u0159ibli\u017en\u011b 1 g su\u0161en\u00fdch hub.<\/p>\n<p class=\"ds-markdown-paragraph\"><strong>Ot\u00e1zka: Je n\u00e1kup v N\u011bmecku leg\u00e1ln\u00ed?<\/strong><br \/>\nPsilocybin spad\u00e1 pod z\u00e1kon o omamn\u00fdch l\u00e1tk\u00e1ch. Dod\u00e1v\u00e1me ho pouze do zem\u00ed, kde je leg\u00e1ln\u00ed.<\/p>\n<p class=\"ds-markdown-paragraph\"><strong>Ot\u00e1zka: Kter\u00e1 odr\u016fda je vhodn\u00e1 pro za\u010d\u00e1te\u010dn\u00edky?<\/strong><br \/>\nA: Zlat\u00fd u\u010ditel nebo B+ jsou ide\u00e1ln\u00ed pro za\u010d\u00e1te\u010dn\u00edky d\u00edky sv\u00e9mu jemn\u00e9mu a vod\u00edc\u00edmu \u00fa\u010dinku.<\/p>\n<p class=\"ds-markdown-paragraph\"><strong>Pro\u010d byste si m\u011bli objednat u n\u00e1s<\/strong><\/p>\n<ul>\n<li>\n<p class=\"ds-markdown-paragraph\">M\u011bs\u00edce zku\u0161enost\u00ed s p\u011bstov\u00e1n\u00edm a distribuc\u00ed<\/p>\n<\/li>\n<li>\n<p class=\"ds-markdown-paragraph\">Osobn\u00ed poradenstv\u00ed p\u0159ed n\u00e1kupem i po n\u011bm<\/p>\n<\/li>\n<li>\n<p class=\"ds-markdown-paragraph\">Transparentn\u00ed p\u016fvod v\u0161ech v\u00fdrobk\u016f<\/p>\n<\/li>\n<li>\n<p class=\"ds-markdown-paragraph\">Diskr\u00e9tnost a spolehlivost<\/p>\n<\/li>\n<\/ul>\n<p class=\"ds-markdown-paragraph\"><strong>Za\u010dn\u011bte svou cestu je\u0161t\u011b dnes<\/strong><\/p>\n<p class=\"ds-markdown-paragraph\">A\u0165 u\u017e chcete z\u00edskat prvn\u00ed zku\u0161enost nebo prohloubit svou praxi, na\u0161e magick\u00e9 houby v\u00e1m nab\u00eddnou dokonal\u00fd z\u00e1klad pro transforma\u010dn\u00ed z\u00e1\u017eitek.<\/p>","protected":false},"excerpt":{"rendered":"<p>Kupujte magick\u00e9 houby \u010derstv\u00e9 a diskr\u00e9tn\u011b. Na\u0161e houby obsahuj\u00edc\u00ed psilocybin jsou p\u011bstov\u00e1ny kontrolovan\u00fdm zp\u016fsobem a \u0161etrn\u011b su\u0161eny. R\u016fzn\u00e9 s\u00edly pro za\u010d\u00e1te\u010dn\u00edky i zku\u0161en\u00e9 u\u017eivatele. Rychl\u00e9 odesl\u00e1n\u00ed a poradenstv\u00ed.<\/p>","protected":false},"featured_media":7835,"comment_status":"open","ping_status":"closed","template":"","meta":{"_joinchat":[]},"product_brand":[],"product_cat":[3192],"product_tag":[2879,2880,2876,2873,2878,2881,2877,2874,2882,2875],"class_list":{"0":"post-7803","1":"product","2":"type-product","3":"status-publish","4":"has-post-thumbnail","6":"product_cat-ketamine","7":"product_tag-bewusstseinserweiternd","8":"product_tag-frische-magic-mushrooms","9":"product_tag-magic-mushrooms-deutschland","10":"product_tag-magic-mushrooms-kaufen","11":"product_tag-microdosing-pilze","12":"product_tag-pilze-online-kaufen","13":"product_tag-psilocybe","14":"product_tag-psilocybin-pilze","15":"product_tag-psychedelische-erfahrung","16":"product_tag-psychedelische-pilze","18":"first","19":"instock","20":"shipping-taxable","21":"purchasable","22":"product-type-variable"},"yoast_head":"<!-- This site is optimized with the Yoast SEO plugin v27.5 - https:\/\/yoast.com\/product\/yoast-seo-wordpress\/ -->\n<title>Magic Mushrooms Kaufen | Frisch &amp; Diskret Geliefert Chemgramx<\/title>\n<meta name=\"description\" content=\"Magic Mushrooms kaufen mit Frische-Garantie. Diskret verpackt, schnelle Lieferung &amp; deutsche Qualit\u00e4t. Verschiedene Sorten f\u00fcr bewusste Erfahrungen. Jetzt entdecken!\" \/>\n<meta name=\"robots\" content=\"index, follow, max-snippet:-1, max-image-preview:large, max-video-preview:-1\" \/>\n<link rel=\"canonical\" href=\"https:\/\/chemgramx.com\/cs\/produkt-1\/koupit-magicke-houby\/\" \/>\n<meta property=\"og:locale\" content=\"cs_CZ\" \/>\n<meta property=\"og:type\" content=\"article\" \/>\n<meta property=\"og:title\" content=\"Magic Mushrooms Kaufen | Frisch &amp; Diskret Geliefert Chemgramx\" \/>\n<meta property=\"og:description\" content=\"Magic Mushrooms kaufen mit Frische-Garantie. Diskret verpackt, schnelle Lieferung &amp; deutsche Qualit\u00e4t. Verschiedene Sorten f\u00fcr bewusste Erfahrungen. Jetzt entdecken!\" \/>\n<meta property=\"og:url\" content=\"https:\/\/chemgramx.com\/cs\/produkt-1\/koupit-magicke-houby\/\" \/>\n<meta property=\"og:site_name\" content=\"Chemgramx\" \/>\n<meta property=\"article:modified_time\" content=\"2025-11-21T11:23:48+00:00\" \/>\n<meta property=\"og:image\" content=\"https:\/\/chemgramx.com\/wp-content\/uploads\/2025\/11\/magic-mushrooms-near-me-effects-types-identification-psilocybin-guide-.png\" \/>\n\t<meta property=\"og:image:width\" content=\"1024\" \/>\n\t<meta property=\"og:image:height\" content=\"1536\" \/>\n\t<meta property=\"og:image:type\" content=\"image\/png\" \/>\n<meta name=\"twitter:card\" content=\"summary_large_image\" \/>\n<meta name=\"twitter:label1\" content=\"Odhadovan\u00e1 doba \u010dten\u00ed\" \/>\n\t<meta name=\"twitter:data1\" content=\"2 minuty\" \/>\n<script type=\"application\/ld+json\" class=\"yoast-schema-graph\">{\"@context\":\"https:\\\/\\\/schema.org\",\"@graph\":[{\"@type\":\"WebPage\",\"@id\":\"https:\\\/\\\/chemgramx.com\\\/product\\\/magic-mushrooms-kaufen\\\/\",\"url\":\"https:\\\/\\\/chemgramx.com\\\/product\\\/magic-mushrooms-kaufen\\\/\",\"name\":\"Magic Mushrooms Kaufen | Frisch &amp; Diskret Geliefert Chemgramx\",\"isPartOf\":{\"@id\":\"https:\\\/\\\/chemgramx.com\\\/#website\"},\"primaryImageOfPage\":{\"@id\":\"https:\\\/\\\/chemgramx.com\\\/product\\\/magic-mushrooms-kaufen\\\/#primaryimage\"},\"image\":{\"@id\":\"https:\\\/\\\/chemgramx.com\\\/product\\\/magic-mushrooms-kaufen\\\/#primaryimage\"},\"thumbnailUrl\":\"https:\\\/\\\/chemgramx.com\\\/wp-content\\\/uploads\\\/2025\\\/11\\\/magic-mushrooms-near-me-effects-types-identification-psilocybin-guide-.png\",\"datePublished\":\"2025-11-21T11:21:27+00:00\",\"dateModified\":\"2025-11-21T11:23:48+00:00\",\"description\":\"Magic Mushrooms kaufen mit Frische-Garantie. Diskret verpackt, schnelle Lieferung &amp; deutsche Qualit\u00e4t. Verschiedene Sorten f\u00fcr bewusste Erfahrungen. Jetzt entdecken!\",\"breadcrumb\":{\"@id\":\"https:\\\/\\\/chemgramx.com\\\/product\\\/magic-mushrooms-kaufen\\\/#breadcrumb\"},\"inLanguage\":\"cs\",\"potentialAction\":[{\"@type\":\"ReadAction\",\"target\":[\"https:\\\/\\\/chemgramx.com\\\/product\\\/magic-mushrooms-kaufen\\\/\"]}]},{\"@type\":\"ImageObject\",\"inLanguage\":\"cs\",\"@id\":\"https:\\\/\\\/chemgramx.com\\\/product\\\/magic-mushrooms-kaufen\\\/#primaryimage\",\"url\":\"https:\\\/\\\/chemgramx.com\\\/wp-content\\\/uploads\\\/2025\\\/11\\\/magic-mushrooms-near-me-effects-types-identification-psilocybin-guide-.png\",\"contentUrl\":\"https:\\\/\\\/chemgramx.com\\\/wp-content\\\/uploads\\\/2025\\\/11\\\/magic-mushrooms-near-me-effects-types-identification-psilocybin-guide-.png\",\"width\":1024,\"height\":1536},{\"@type\":\"BreadcrumbList\",\"@id\":\"https:\\\/\\\/chemgramx.com\\\/product\\\/magic-mushrooms-kaufen\\\/#breadcrumb\",\"itemListElement\":[{\"@type\":\"ListItem\",\"position\":1,\"name\":\"Home\",\"item\":\"https:\\\/\\\/chemgramx.com\\\/\"},{\"@type\":\"ListItem\",\"position\":2,\"name\":\"Shop\",\"item\":\"https:\\\/\\\/chemgramx.com\\\/shop\\\/\"},{\"@type\":\"ListItem\",\"position\":3,\"name\":\"Magic Mushrooms kaufen\"}]},{\"@type\":\"WebSite\",\"@id\":\"https:\\\/\\\/chemgramx.com\\\/#website\",\"url\":\"https:\\\/\\\/chemgramx.com\\\/\",\"name\":\"Chemgramx\",\"description\":\"\",\"publisher\":{\"@id\":\"https:\\\/\\\/chemgramx.com\\\/#organization\"},\"potentialAction\":[{\"@type\":\"SearchAction\",\"target\":{\"@type\":\"EntryPoint\",\"urlTemplate\":\"https:\\\/\\\/chemgramx.com\\\/?s={search_term_string}\"},\"query-input\":{\"@type\":\"PropertyValueSpecification\",\"valueRequired\":true,\"valueName\":\"search_term_string\"}}],\"inLanguage\":\"cs\"},{\"@type\":\"Organization\",\"@id\":\"https:\\\/\\\/chemgramx.com\\\/#organization\",\"name\":\"Chemgramx\",\"url\":\"https:\\\/\\\/chemgramx.com\\\/\",\"logo\":{\"@type\":\"ImageObject\",\"inLanguage\":\"cs\",\"@id\":\"https:\\\/\\\/chemgramx.com\\\/#\\\/schema\\\/logo\\\/image\\\/\",\"url\":\"https:\\\/\\\/chemgramx.com\\\/wp-content\\\/uploads\\\/2024\\\/10\\\/final-logo.png\",\"contentUrl\":\"https:\\\/\\\/chemgramx.com\\\/wp-content\\\/uploads\\\/2024\\\/10\\\/final-logo.png\",\"width\":250,\"height\":48,\"caption\":\"Chemgramx\"},\"image\":{\"@id\":\"https:\\\/\\\/chemgramx.com\\\/#\\\/schema\\\/logo\\\/image\\\/\"}}]}<\/script>\n<!-- \/ Yoast SEO plugin. -->","yoast_head_json":{"title":"Magic Mushrooms Kaufen | Frisch &amp; Diskret Geliefert Chemgramx","description":"Magic Mushrooms kaufen mit Frische-Garantie. Diskret verpackt, schnelle Lieferung &amp; deutsche Qualit\u00e4t. Verschiedene Sorten f\u00fcr bewusste Erfahrungen. Jetzt entdecken!","robots":{"index":"index","follow":"follow","max-snippet":"max-snippet:-1","max-image-preview":"max-image-preview:large","max-video-preview":"max-video-preview:-1"},"canonical":"https:\/\/chemgramx.com\/cs\/produkt-1\/koupit-magicke-houby\/","og_locale":"cs_CZ","og_type":"article","og_title":"Magic Mushrooms Kaufen | Frisch &amp; Diskret Geliefert Chemgramx","og_description":"Magic Mushrooms kaufen mit Frische-Garantie. Diskret verpackt, schnelle Lieferung &amp; deutsche Qualit\u00e4t. Verschiedene Sorten f\u00fcr bewusste Erfahrungen. Jetzt entdecken!","og_url":"https:\/\/chemgramx.com\/cs\/produkt-1\/koupit-magicke-houby\/","og_site_name":"Chemgramx","article_modified_time":"2025-11-21T11:23:48+00:00","og_image":[{"width":1024,"height":1536,"url":"https:\/\/chemgramx.com\/wp-content\/uploads\/2025\/11\/magic-mushrooms-near-me-effects-types-identification-psilocybin-guide-.png","type":"image\/png"}],"twitter_card":"summary_large_image","twitter_misc":{"Odhadovan\u00e1 doba \u010dten\u00ed":"2 minuty"},"schema":{"@context":"https:\/\/schema.org","@graph":[{"@type":"WebPage","@id":"https:\/\/chemgramx.com\/product\/magic-mushrooms-kaufen\/","url":"https:\/\/chemgramx.com\/product\/magic-mushrooms-kaufen\/","name":"Magic Mushrooms Kaufen | Frisch &amp; Diskret Geliefert Chemgramx","isPartOf":{"@id":"https:\/\/chemgramx.com\/#website"},"primaryImageOfPage":{"@id":"https:\/\/chemgramx.com\/product\/magic-mushrooms-kaufen\/#primaryimage"},"image":{"@id":"https:\/\/chemgramx.com\/product\/magic-mushrooms-kaufen\/#primaryimage"},"thumbnailUrl":"https:\/\/chemgramx.com\/wp-content\/uploads\/2025\/11\/magic-mushrooms-near-me-effects-types-identification-psilocybin-guide-.png","datePublished":"2025-11-21T11:21:27+00:00","dateModified":"2025-11-21T11:23:48+00:00","description":"Magic Mushrooms kaufen mit Frische-Garantie. Diskret verpackt, schnelle Lieferung &amp; deutsche Qualit\u00e4t. Verschiedene Sorten f\u00fcr bewusste Erfahrungen. Jetzt entdecken!","breadcrumb":{"@id":"https:\/\/chemgramx.com\/product\/magic-mushrooms-kaufen\/#breadcrumb"},"inLanguage":"cs","potentialAction":[{"@type":"ReadAction","target":["https:\/\/chemgramx.com\/product\/magic-mushrooms-kaufen\/"]}]},{"@type":"ImageObject","inLanguage":"cs","@id":"https:\/\/chemgramx.com\/product\/magic-mushrooms-kaufen\/#primaryimage","url":"https:\/\/chemgramx.com\/wp-content\/uploads\/2025\/11\/magic-mushrooms-near-me-effects-types-identification-psilocybin-guide-.png","contentUrl":"https:\/\/chemgramx.com\/wp-content\/uploads\/2025\/11\/magic-mushrooms-near-me-effects-types-identification-psilocybin-guide-.png","width":1024,"height":1536},{"@type":"BreadcrumbList","@id":"https:\/\/chemgramx.com\/product\/magic-mushrooms-kaufen\/#breadcrumb","itemListElement":[{"@type":"ListItem","position":1,"name":"Home","item":"https:\/\/chemgramx.com\/"},{"@type":"ListItem","position":2,"name":"Shop","item":"https:\/\/chemgramx.com\/shop\/"},{"@type":"ListItem","position":3,"name":"Magic Mushrooms kaufen"}]},{"@type":"WebSite","@id":"https:\/\/chemgramx.com\/#website","url":"https:\/\/chemgramx.com\/","name":"Chemgramx","description":"","publisher":{"@id":"https:\/\/chemgramx.com\/#organization"},"potentialAction":[{"@type":"SearchAction","target":{"@type":"EntryPoint","urlTemplate":"https:\/\/chemgramx.com\/?s={search_term_string}"},"query-input":{"@type":"PropertyValueSpecification","valueRequired":true,"valueName":"search_term_string"}}],"inLanguage":"cs"},{"@type":"Organization","@id":"https:\/\/chemgramx.com\/#organization","name":"Chemgramx","url":"https:\/\/chemgramx.com\/","logo":{"@type":"ImageObject","inLanguage":"cs","@id":"https:\/\/chemgramx.com\/#\/schema\/logo\/image\/","url":"https:\/\/chemgramx.com\/wp-content\/uploads\/2024\/10\/final-logo.png","contentUrl":"https:\/\/chemgramx.com\/wp-content\/uploads\/2024\/10\/final-logo.png","width":250,"height":48,"caption":"Chemgramx"},"image":{"@id":"https:\/\/chemgramx.com\/#\/schema\/logo\/image\/"}}]}},"_links":{"self":[{"href":"https:\/\/chemgramx.com\/cs\/wp-json\/wp\/v2\/product\/7803","targetHints":{"allow":["GET"]}}],"collection":[{"href":"https:\/\/chemgramx.com\/cs\/wp-json\/wp\/v2\/product"}],"about":[{"href":"https:\/\/chemgramx.com\/cs\/wp-json\/wp\/v2\/types\/product"}],"replies":[{"embeddable":true,"href":"https:\/\/chemgramx.com\/cs\/wp-json\/wp\/v2\/comments?post=7803"}],"wp:featuredmedia":[{"embeddable":true,"href":"https:\/\/chemgramx.com\/cs\/wp-json\/wp\/v2\/media\/7835"}],"wp:attachment":[{"href":"https:\/\/chemgramx.com\/cs\/wp-json\/wp\/v2\/media?parent=7803"}],"wp:term":[{"taxonomy":"product_brand","embeddable":true,"href":"https:\/\/chemgramx.com\/cs\/wp-json\/wp\/v2\/product_brand?post=7803"},{"taxonomy":"product_cat","embeddable":true,"href":"https:\/\/chemgramx.com\/cs\/wp-json\/wp\/v2\/product_cat?post=7803"},{"taxonomy":"product_tag","embeddable":true,"href":"https:\/\/chemgramx.com\/cs\/wp-json\/wp\/v2\/product_tag?post=7803"}],"curies":[{"name":"wp","href":"https:\/\/api.w.org\/{rel}","templated":true}]}}