{"id":7877,"date":"2025-11-21T11:23:56","date_gmt":"2025-11-21T11:23:56","guid":{"rendered":"https:\/\/chemgramx.com\/?post_type=product&#038;p=7877"},"modified":"2025-11-21T11:24:42","modified_gmt":"2025-11-21T11:24:42","slug":"o-dsmt-destramadol-buy-online","status":"publish","type":"product","link":"https:\/\/chemgramx.com\/cs\/product\/o-dsmt-destramadol-online-kaufen\/","title":{"rendered":"Koupit O-DSMT (Destramadol) online"},"content":{"rendered":"<p>O-DSMT, zn\u00e1m\u00fd tak\u00e9 jako O-desmethyltramadol, je polosyntetick\u00e1 l\u00e1tka, o kterou je ve v\u011bdeck\u00fdch a farmakologick\u00fdch laborato\u0159\u00edch st\u00e1le v\u011bt\u0161\u00ed z\u00e1jem. Jedn\u00e1 se o prim\u00e1rn\u00ed aktivn\u00ed metabolit opioidn\u00edho analgetika tramadolu a ve srovn\u00e1n\u00ed s mate\u0159skou l\u00e1tkou m\u00e1 v\u00fdrazn\u011b vy\u0161\u0161\u00ed afinitu k opioidn\u00edmu analgetiku tramadolu. <span class=\"math-inline\" data-math=\"mu\">$mu$<\/span>-opioidn\u00ed receptory. D\u00edky tomu je O-DSMT cenn\u00fdm n\u00e1strojem v oblasti <b>Neurofarmakologie<\/b>, zejm\u00e9na ve v\u00fdzkumu opioidn\u00edch receptor\u016f a mechanism\u016f jejich p\u016fsoben\u00ed.<\/p>\n<p>Tento \u010dl\u00e1nek osv\u011btluje chemick\u00fd z\u00e1klad, farmakologick\u00e9 vlastnosti a slo\u017eit\u00e9 pr\u00e1vn\u00ed aspekty O-DSMT v N\u011bmecku a v mezin\u00e1rodn\u00edm kontextu. <b>D\u016fle\u017eit\u00e9:<\/b> Tato l\u00e1tka nen\u00ed ur\u010dena ke konzumaci lidmi ani zv\u00ed\u0159aty a m\u011blo by se s n\u00ed zach\u00e1zet pouze v p\u0159\u00edsn\u00e9m souladu s laboratorn\u00edmi a bezpe\u010dnostn\u00edmi p\u0159edpisy a vnitrost\u00e1tn\u00edmi pr\u00e1vn\u00edmi p\u0159edpisy.<\/p>\n<h3><b>Chemick\u00e1 a farmakologick\u00e1 definice O-DSMT<\/b><\/h3>\n<p>O-DSMT chemicky pat\u0159\u00ed do skupiny <b>Fenolick\u00e9 aminocyklohexanov\u00e9 slou\u010deniny<\/b> a je klasifikov\u00e1n jako syntetick\u00fd opioid. Vznik\u00e1 v lidsk\u00e9m t\u011ble p\u0159i metabolismu tramadolu enzymem CYP2D6. L\u00e1tka m\u00e1 samostatn\u00fd farmakologick\u00fd \u00fa\u010dinek, kter\u00fd se li\u0161\u00ed od tramadolu.<\/p>\n<h4><b>Rozd\u00edl mezi O-DSMT a tramadolem<\/b><\/h4>\n<p>Zat\u00edmco samotn\u00fd tramadol je tzv. <a href=\"\/product\/afghani-dara-i-suf-hash-kaufen\/\"><b>Prodrug<\/b> <\/a>(mus\u00ed b\u00fdt nejprve v t\u011ble p\u0159em\u011bn\u011bn na aktivn\u00ed formu) a ovliv\u0148uje jak opioidn\u00ed receptory, tak m\u00e1 inhibi\u010dn\u00ed \u00fa\u010dinek na zp\u011btn\u00e9 vychyt\u00e1v\u00e1n\u00ed serotoninu a noradrenalinu, O-DSMT m\u00e1 mnohem c\u00edlen\u011bj\u0161\u00ed \u00fa\u010dinek:<\/p>\n<ul>\n<li><b>Vy\u0161\u0161\u00ed \u00fa\u010dinnost opioid\u016f:<\/b> O-DSMT se v\u00e1\u017ee s v\u00fdrazn\u011b vy\u0161\u0161\u00ed afinitou na <span class=\"math-inline\" data-math=\"mu\">$mu$<\/span>opioidn\u00ed receptory, co\u017e v\u00fdrazn\u011b zvy\u0161uje jeho analgetickou (bolest ti\u0161\u00edc\u00ed) \u00fa\u010dinnost ve srovn\u00e1n\u00ed s tramadolem.<\/li>\n<li><b>Sn\u00ed\u017een\u00fd \u00fa\u010dinek monoamin\u016f:<\/b> \u00da\u010dinek na serotoninov\u00e9 a noradrenalinov\u00e9 p\u0159ena\u0161e\u010de je u O-DSMT v\u00fdrazn\u011b sn\u00ed\u017een. To ji \u010din\u00ed atraktivn\u011bj\u0161\u00ed ve v\u00fdzkumu, pokud m\u00e1 b\u00fdt c\u00edlen\u011b zkoum\u00e1n \u010dist\u011b opioidn\u00ed \u00fa\u010dinek bez komplexn\u00edch psychoaktivn\u00edch vedlej\u0161\u00edch \u00fa\u010dink\u016f inhibice zp\u011btn\u00e9ho vychyt\u00e1v\u00e1n\u00ed monoamin\u016f.<\/li>\n<\/ul>\n<h4><b>V\u00fdznam ve v\u00fdzkumu<\/b><\/h4>\n<p>V\u00fdzkumn\u00e9 laborato\u0159e pou\u017e\u00edvaj\u00ed O-DSMT mimo jin\u00e9 k:<\/p>\n<ul>\n<li>Anal\u00fdza p\u0159esn\u00e9 interakce a aktivace opioidn\u00edch receptor\u016f.<\/li>\n<li>V\u00fdvoj nov\u00fdch potenci\u00e1ln\u00edch analgetik a testov\u00e1n\u00ed jejich \u00fa\u010dinnosti na <b>Studie in vitro<\/b> k porovn\u00e1n\u00ed.<\/li>\n<li>Objasnit farmakokinetick\u00fd profil tramadolu izolac\u00ed a anal\u00fdzou hlavn\u00edho metabolitu.<\/li>\n<\/ul>\n<h3><b>Farmakologick\u00e1 pozorov\u00e1n\u00ed a bezpe\u010dnostn\u00ed informace<\/b><\/h3>\n<p>V kontrolovan\u00e9m laboratorn\u00edm prost\u0159ed\u00ed vykazuj\u00ed anal\u00fdzy O-DSMT typick\u00e9 opioidn\u00ed vlastnosti. Pozorovan\u00e9 \u00fa\u010dinky zahrnuj\u00ed siln\u00fd analgetick\u00fd (tlum\u00edc\u00ed bolest) a sedativn\u00ed \u00fa\u010dinek. Psychick\u00e1 nadm\u011brn\u00e1 stimulace, kter\u00e1 se m\u016f\u017ee objevit u tramadolu v d\u016fsledku inhibice zp\u011btn\u00e9ho vychyt\u00e1v\u00e1n\u00ed monoamin\u016f, je u O-DSMT m\u00e9n\u011b v\u00fdrazn\u00e1.<\/p>\n<h4><b>V\u011bdecky pozorovan\u00e9 \u00fa\u010dinky (pouze v laboratorn\u00edm prost\u0159ed\u00ed)<\/b><\/h4>\n<p>Pro \u00fa\u010dely klasifikace a dokumentace jsou u l\u00e1tky pozorov\u00e1ny n\u00e1sleduj\u00edc\u00ed \u00fa\u010dinky:<\/p>\n<ul>\n<li>V\u00fdrazn\u00e9 analgetick\u00e9 vlastnosti.<\/li>\n<li>Potenci\u00e1l pro rozvoj tolerance v dlouhodob\u00fdch studi\u00edch.<\/li>\n<li>Sedace a zklidn\u011bn\u00ed.<\/li>\n<li>Z\u00e1jem o anal\u00fdzu potenci\u00e1lu z\u00e1vislosti.<\/li>\n<\/ul>\n<h4><b>P\u0159\u00edsn\u00e9 bezpe\u010dnostn\u00ed protokoly<\/b><\/h4>\n<p>Vzhledem k jeho \u00fa\u010dinnosti a klasifikaci jako <b>Opioidy<\/b> manipulace s O-DSMT mus\u00ed spl\u0148ovat nejvy\u0161\u0161\u00ed bezpe\u010dnostn\u00ed standardy:<\/p>\n<ol start=\"1\">\n<li><b>V\u00fdhradn\u011b pro profesion\u00e1ln\u00ed pou\u017eit\u00ed:<\/b> L\u00e1tka je ur\u010dena v\u00fdhradn\u011b pro v\u011bdeck\u00e9, analytick\u00e9 a forenzn\u00ed \u00fa\u010dely. Pou\u017eit\u00ed mimo kontrolovan\u00e9 laboratorn\u00ed experimenty je velmi nebezpe\u010dn\u00e9.<\/li>\n<li><b>Bezpe\u010dn\u00e9 skladov\u00e1n\u00ed a likvidace:<\/b> O-DSMT mus\u00ed b\u00fdt skladov\u00e1n pod z\u00e1mkem, chr\u00e1n\u011bn p\u0159ed sv\u011btlem a na ozna\u010den\u00e9m m\u00edst\u011b. Likvidace mus\u00ed b\u00fdt provedena v souladu s pokyny pro nebezpe\u010dn\u00e9 l\u00e1tky.<\/li>\n<li><b>Omezen\u00ed d\u00e1vky:<\/b> Pro <b>Testy in vitro<\/b> obvykle se pou\u017e\u00edvaj\u00ed velmi n\u00edzk\u00e9 koncentrace (v \u0159\u00e1du miligram\u016f). Jak\u00e9koli nespr\u00e1vn\u00e9 pou\u017eit\u00ed nebo po\u017eit\u00ed, a to i v mal\u00e9m mno\u017estv\u00ed, m\u016f\u017ee m\u00edt \u017eivot ohro\u017euj\u00edc\u00ed n\u00e1sledky.<\/li>\n<\/ol>\n<h3><b>Slo\u017eit\u00e1 pr\u00e1vn\u00ed situace v N\u011bmecku a na mezin\u00e1rodn\u00ed \u00farovni<\/b><\/h3>\n<p>Z\u00e1konnost <b>Obchod<\/b> a <b>vlastnictv\u00ed<\/b> O-DSMT je celosv\u011btov\u011b, a zejm\u00e9na v N\u011bmecku, velmi slo\u017eit\u00e1 a podl\u00e9h\u00e1 neust\u00e1l\u00fdm zm\u011bn\u00e1m. <b>Panuje zde vysok\u00e1 m\u00edra pr\u00e1vn\u00ed nejistoty.<\/b><\/p>\n<h4><b>N\u011bmeck\u00e9 pr\u00e1vo (NpSG a BtMG)<\/b><\/h4>\n<p>V N\u011bmecku nen\u00ed O-DSMT v\u00fdslovn\u011b zahrnuta do syst\u00e9mu O-DSMT. <b>Z\u00e1kon o drog\u00e1ch (BtMG)<\/b> uvedeny. Je v\u0161ak pravd\u011bpodobn\u00e9, \u017ee je z <b>Z\u00e1kon o nov\u00fdch psychoaktivn\u00edch l\u00e1tk\u00e1ch (NpSG)<\/b> zaznamenan\u00e9.<\/p>\n<ul>\n<li><b>NpSG (z\u00e1kon o nov\u00fdch psychoaktivn\u00edch l\u00e1tk\u00e1ch):<\/b> Tento z\u00e1kon zakazuje obchodov\u00e1n\u00ed a dr\u017een\u00ed cel\u00fdch skupin chemick\u00fdch l\u00e1tek, v\u010detn\u011b O-DSMT jako <b>Deriv\u00e1t tramadolu<\/b> nebo jako <b>syntetick\u00fd opioid<\/b> lze zapo\u010d\u00edtat. Obchod a distribuce pro spot\u0159ebn\u00ed \u00fa\u010dely jsou jednozna\u010dn\u011b nez\u00e1konn\u00e9.<\/li>\n<li><b>Princip analogie:<\/b> I kdy\u017e l\u00e1tka nen\u00ed v\u00fdslovn\u011b uvedena v BtMG, m\u016f\u017ee b\u00fdt za ur\u010dit\u00fdch okolnost\u00ed vzhledem ke sv\u00e9 chemick\u00e9 struktu\u0159e nebo \u00fa\u010dinku pova\u017eov\u00e1na za klasick\u00e9 narkotikum.<\/li>\n<\/ul>\n<p><b>Z\u00e1v\u011br k pr\u00e1vn\u00ed situaci:<\/b> Obchodov\u00e1n\u00ed s O-DSMT je v N\u011bmecku zak\u00e1z\u00e1no, a to i pod rou\u0161kou v\u00fdzkumn\u00e9 chemik\u00e1lie. <b>Vysoce rizikov\u00e9<\/b> a m\u016f\u017ee v\u00e9st k trestn\u00edmu st\u00edh\u00e1n\u00ed.<\/p>\n<h4><b>Mezin\u00e1rodn\u00ed situace<\/b><\/h4>\n<ul>\n<li><b>USA:<\/b> Feder\u00e1ln\u00ed analogov\u00fd z\u00e1kon se m\u016f\u017ee pou\u017e\u00edt, proto\u017ee O-DSMT je chemicky podobn\u00fd kontrolovan\u00e9mu opioidu tramadolu a m\u00e1 podobn\u00fd farmakologick\u00fd \u00fa\u010dinek.<\/li>\n<li><b>Velk\u00e1 Brit\u00e1nie, \u0160v\u00e9dsko, Norsko:<\/b> Mnoho zem\u00ed m\u00e1 komplexn\u00ed z\u00e1kony (nap\u0159. plo\u0161n\u00e9 z\u00e1kazy), kter\u00e9 zakazuj\u00ed cel\u00e9 skupiny chemick\u00fdch l\u00e1tek, a proto v\u00fdslovn\u011b zakazuj\u00ed O-DSMT.<\/li>\n<\/ul>\n<h3><b>Anal\u00fdza a v\u00fdb\u011br l\u00e1tky<\/b><\/h3>\n<p>Seri\u00f3zn\u00ed v\u00fdzkumn\u00e1 pr\u00e1ce vy\u017eaduje vzorky nejvy\u0161\u0161\u00ed kvality a \u010distoty. O-DSMT se v\u011bt\u0161inou pou\u017e\u00edv\u00e1 v <b>Pr\u00e1\u0161ek<\/b> proto\u017ee to umo\u017e\u0148uje nejvy\u0161\u0161\u00ed \u010distotu pro laboratorn\u00ed aplikace.<\/p>\n<p>Nejd\u016fle\u017eit\u011bj\u0161\u00edm po\u017eadavkem p\u0159i n\u00e1kupu pro v\u00fdzkumn\u00e9 instituce je <b>Zaji\u0161t\u011bn\u00ed kvality<\/b>:<\/p>\n<ul>\n<li><b>Stupe\u0148 \u010distoty:<\/b> Stupe\u0148 \u010distoty <b><span class=\"math-inline\" data-math=\"ge 99,%\">\u00a099%<\/span><\/b>\u00a0by se m\u011blo usilovat o.<\/li>\n<li><b>Laboratorn\u00ed anal\u00fdzy:<\/b> A <b>Certifik\u00e1t o anal\u00fdze (COA)<\/b> z nez\u00e1visl\u00e9 akreditovan\u00e9 laborato\u0159e, aby bylo mo\u017en\u00e9 potvrdit ne\u010distoty a skute\u010dnou koncentraci.<\/li>\n<li><b>Balen\u00ed:<\/b> L\u00e1tka mus\u00ed b\u00fdt zabalena ve vzduchot\u011bsn\u00e9m obalu, kter\u00fd je odoln\u00fd proti vlhkosti a sv\u011btlu, aby se zabr\u00e1nilo jej\u00edmu znehodnocen\u00ed.<\/li>\n<\/ul>\n<p>V\u00fdzkumn\u00e9 instituce mus\u00ed b\u00fdt p\u0159i v\u00fdb\u011bru sv\u00fdch dodavatel\u016f velmi opatrn\u00e9 a zajistit, aby poskytovali \u00faplnou chemickou dokumentaci. <b>Pochybn\u00e9 internetov\u00e9 obchody<\/b>, kter\u00e9 neposkytuj\u00ed transparentn\u00ed laboratorn\u00ed zpr\u00e1vy nebo \u00fadaje o otisc\u00edch, jsou pro v\u011bdeck\u00e9 \u00fa\u010dely zcela nevhodn\u00e9.<\/p>","protected":false},"excerpt":{"rendered":"<h3>O-DSMT (Destramadol) - Vysoce kvalitn\u00ed syntetick\u00fd l\u00e9k proti bolesti na prodej<\/h3>\n<p><strong>Objevte O-DSMT: v\u00e1\u0161 spolehliv\u00fd l\u00e9k proti bolesti<\/strong><\/p>\n<p>Hled\u00e1te \u00fa\u010dinn\u00e9 \u0159e\u0161en\u00ed pro \u00falevu od bolesti? O-DSMT, zn\u00e1m\u00fd tak\u00e9 jako destramadol, je siln\u00fd syntetick\u00fd l\u00e9k proti bolesti, kter\u00fd je cen\u011bn pro sv\u00e9 vlastnosti tlum\u00edc\u00ed bolest. O-DSMT je ide\u00e1ln\u00ed pro lidi, kte\u0159\u00ed hledaj\u00ed spolehlivou l\u00e9\u010dbu, a nab\u00edz\u00ed bezpe\u010dn\u00fd zp\u016fsob \u00falevy od bolesti.<\/p>","protected":false},"featured_media":7882,"comment_status":"open","ping_status":"closed","template":"","meta":{"_joinchat":[]},"product_brand":[],"product_cat":[56],"product_tag":[2768,2771,2770,774,2767,2769,2765,777,2766,2015],"class_list":{"0":"post-7877","1":"product","2":"type-product","3":"status-publish","4":"has-post-thumbnail","6":"product_cat-opioids","7":"product_tag-destramadol-kaufen","8":"product_tag-destramadol-prodej","9":"product_tag-o-dsmt-chemikalien","10":"product_tag-o-dsmt-kaufen","11":"product_tag-o-dsmt-kaufen-deutschland","12":"product_tag-o-dsmt-kristalle","13":"product_tag-o-dsmt-online","14":"product_tag-o-dsmt-preis","15":"product_tag-o-dsmt-pulver","16":"product_tag-synthetische-drogen","18":"first","19":"instock","20":"shipping-taxable","21":"purchasable","22":"product-type-variable"},"yoast_head":"<!-- This site is optimized with the Yoast SEO plugin v27.5 - https:\/\/yoast.com\/product\/yoast-seo-wordpress\/ -->\n<title>O-DSMT (Desmetramadol) online kaufen \u2013 ChemGramX<\/title>\n<meta name=\"description\" content=\"Kaufen Sie reines O-DSMT (Desmetramadol) online bei ChemGramX. Garantierte Reinheit, diskreter Versand und schnelle Lieferung.\" \/>\n<meta name=\"robots\" content=\"index, follow, max-snippet:-1, max-image-preview:large, max-video-preview:-1\" \/>\n<link rel=\"canonical\" href=\"https:\/\/chemgramx.com\/cs\/produkt-1\/o-dsmt-destramadol-buy-online\/\" \/>\n<meta property=\"og:locale\" content=\"cs_CZ\" \/>\n<meta property=\"og:type\" content=\"article\" \/>\n<meta property=\"og:title\" content=\"O-DSMT (Desmetramadol) online kaufen \u2013 ChemGramX\" \/>\n<meta property=\"og:description\" content=\"Kaufen Sie reines O-DSMT (Desmetramadol) online bei ChemGramX. Garantierte Reinheit, diskreter Versand und schnelle Lieferung.\" \/>\n<meta property=\"og:url\" content=\"https:\/\/chemgramx.com\/cs\/produkt-1\/o-dsmt-destramadol-buy-online\/\" \/>\n<meta property=\"og:site_name\" content=\"Chemgramx\" \/>\n<meta property=\"article:modified_time\" content=\"2025-11-21T11:24:42+00:00\" \/>\n<meta property=\"og:image\" content=\"https:\/\/chemgramx.com\/wp-content\/uploads\/2025\/11\/O-DSMT-kaufen.webp\" \/>\n\t<meta property=\"og:image:width\" content=\"500\" \/>\n\t<meta property=\"og:image:height\" content=\"500\" \/>\n\t<meta property=\"og:image:type\" content=\"image\/webp\" \/>\n<meta name=\"twitter:card\" content=\"summary_large_image\" \/>\n<meta name=\"twitter:label1\" content=\"Odhadovan\u00e1 doba \u010dten\u00ed\" \/>\n\t<meta name=\"twitter:data1\" content=\"4 minuty\" \/>\n<script type=\"application\/ld+json\" class=\"yoast-schema-graph\">{\"@context\":\"https:\\\/\\\/schema.org\",\"@graph\":[{\"@type\":\"WebPage\",\"@id\":\"https:\\\/\\\/chemgramx.com\\\/product\\\/o-dsmt-destramadol-online-kaufen\\\/\",\"url\":\"https:\\\/\\\/chemgramx.com\\\/product\\\/o-dsmt-destramadol-online-kaufen\\\/\",\"name\":\"O-DSMT (Desmetramadol) online kaufen \u2013 ChemGramX\",\"isPartOf\":{\"@id\":\"https:\\\/\\\/chemgramx.com\\\/#website\"},\"primaryImageOfPage\":{\"@id\":\"https:\\\/\\\/chemgramx.com\\\/product\\\/o-dsmt-destramadol-online-kaufen\\\/#primaryimage\"},\"image\":{\"@id\":\"https:\\\/\\\/chemgramx.com\\\/product\\\/o-dsmt-destramadol-online-kaufen\\\/#primaryimage\"},\"thumbnailUrl\":\"https:\\\/\\\/chemgramx.com\\\/wp-content\\\/uploads\\\/2025\\\/11\\\/O-DSMT-kaufen.webp\",\"datePublished\":\"2025-11-21T11:23:56+00:00\",\"dateModified\":\"2025-11-21T11:24:42+00:00\",\"description\":\"Kaufen Sie reines O-DSMT (Desmetramadol) online bei ChemGramX. Garantierte Reinheit, diskreter Versand und schnelle Lieferung.\",\"breadcrumb\":{\"@id\":\"https:\\\/\\\/chemgramx.com\\\/product\\\/o-dsmt-destramadol-online-kaufen\\\/#breadcrumb\"},\"inLanguage\":\"cs\",\"potentialAction\":[{\"@type\":\"ReadAction\",\"target\":[\"https:\\\/\\\/chemgramx.com\\\/product\\\/o-dsmt-destramadol-online-kaufen\\\/\"]}]},{\"@type\":\"ImageObject\",\"inLanguage\":\"cs\",\"@id\":\"https:\\\/\\\/chemgramx.com\\\/product\\\/o-dsmt-destramadol-online-kaufen\\\/#primaryimage\",\"url\":\"https:\\\/\\\/chemgramx.com\\\/wp-content\\\/uploads\\\/2025\\\/11\\\/O-DSMT-kaufen.webp\",\"contentUrl\":\"https:\\\/\\\/chemgramx.com\\\/wp-content\\\/uploads\\\/2025\\\/11\\\/O-DSMT-kaufen.webp\",\"width\":500,\"height\":500},{\"@type\":\"BreadcrumbList\",\"@id\":\"https:\\\/\\\/chemgramx.com\\\/product\\\/o-dsmt-destramadol-online-kaufen\\\/#breadcrumb\",\"itemListElement\":[{\"@type\":\"ListItem\",\"position\":1,\"name\":\"Home\",\"item\":\"https:\\\/\\\/chemgramx.com\\\/\"},{\"@type\":\"ListItem\",\"position\":2,\"name\":\"Shop\",\"item\":\"https:\\\/\\\/chemgramx.com\\\/shop\\\/\"},{\"@type\":\"ListItem\",\"position\":3,\"name\":\"O-DSMT (Destramadol) online kaufen\"}]},{\"@type\":\"WebSite\",\"@id\":\"https:\\\/\\\/chemgramx.com\\\/#website\",\"url\":\"https:\\\/\\\/chemgramx.com\\\/\",\"name\":\"Chemgramx\",\"description\":\"\",\"publisher\":{\"@id\":\"https:\\\/\\\/chemgramx.com\\\/#organization\"},\"potentialAction\":[{\"@type\":\"SearchAction\",\"target\":{\"@type\":\"EntryPoint\",\"urlTemplate\":\"https:\\\/\\\/chemgramx.com\\\/?s={search_term_string}\"},\"query-input\":{\"@type\":\"PropertyValueSpecification\",\"valueRequired\":true,\"valueName\":\"search_term_string\"}}],\"inLanguage\":\"cs\"},{\"@type\":\"Organization\",\"@id\":\"https:\\\/\\\/chemgramx.com\\\/#organization\",\"name\":\"Chemgramx\",\"url\":\"https:\\\/\\\/chemgramx.com\\\/\",\"logo\":{\"@type\":\"ImageObject\",\"inLanguage\":\"cs\",\"@id\":\"https:\\\/\\\/chemgramx.com\\\/#\\\/schema\\\/logo\\\/image\\\/\",\"url\":\"https:\\\/\\\/chemgramx.com\\\/wp-content\\\/uploads\\\/2024\\\/10\\\/final-logo.png\",\"contentUrl\":\"https:\\\/\\\/chemgramx.com\\\/wp-content\\\/uploads\\\/2024\\\/10\\\/final-logo.png\",\"width\":250,\"height\":48,\"caption\":\"Chemgramx\"},\"image\":{\"@id\":\"https:\\\/\\\/chemgramx.com\\\/#\\\/schema\\\/logo\\\/image\\\/\"}}]}<\/script>\n<!-- \/ Yoast SEO plugin. -->","yoast_head_json":{"title":"Koupit O-DSMT (Desmetramadol) online \u2013 ChemGramX","description":"Kupte si \u010dist\u00fd O-DSMT (Desmetramadol) online na ChemGramX. Zaru\u010den\u00e1 \u010distota, diskr\u00e9tn\u00ed doprava a rychl\u00e9 dod\u00e1n\u00ed.","robots":{"index":"index","follow":"follow","max-snippet":"max-snippet:-1","max-image-preview":"max-image-preview:large","max-video-preview":"max-video-preview:-1"},"canonical":"https:\/\/chemgramx.com\/cs\/produkt-1\/o-dsmt-destramadol-buy-online\/","og_locale":"cs_CZ","og_type":"article","og_title":"O-DSMT (Desmetramadol) online kaufen \u2013 ChemGramX","og_description":"Kaufen Sie reines O-DSMT (Desmetramadol) online bei ChemGramX. Garantierte Reinheit, diskreter Versand und schnelle Lieferung.","og_url":"https:\/\/chemgramx.com\/cs\/produkt-1\/o-dsmt-destramadol-buy-online\/","og_site_name":"Chemgramx","article_modified_time":"2025-11-21T11:24:42+00:00","og_image":[{"width":500,"height":500,"url":"https:\/\/chemgramx.com\/wp-content\/uploads\/2025\/11\/O-DSMT-kaufen.webp","type":"image\/webp"}],"twitter_card":"summary_large_image","twitter_misc":{"Odhadovan\u00e1 doba \u010dten\u00ed":"4 minuty"},"schema":{"@context":"https:\/\/schema.org","@graph":[{"@type":"WebPage","@id":"https:\/\/chemgramx.com\/product\/o-dsmt-destramadol-online-kaufen\/","url":"https:\/\/chemgramx.com\/product\/o-dsmt-destramadol-online-kaufen\/","name":"Koupit O-DSMT (Desmetramadol) online \u2013 ChemGramX","isPartOf":{"@id":"https:\/\/chemgramx.com\/#website"},"primaryImageOfPage":{"@id":"https:\/\/chemgramx.com\/product\/o-dsmt-destramadol-online-kaufen\/#primaryimage"},"image":{"@id":"https:\/\/chemgramx.com\/product\/o-dsmt-destramadol-online-kaufen\/#primaryimage"},"thumbnailUrl":"https:\/\/chemgramx.com\/wp-content\/uploads\/2025\/11\/O-DSMT-kaufen.webp","datePublished":"2025-11-21T11:23:56+00:00","dateModified":"2025-11-21T11:24:42+00:00","description":"Kupte si \u010dist\u00fd O-DSMT (Desmetramadol) online na ChemGramX. Zaru\u010den\u00e1 \u010distota, diskr\u00e9tn\u00ed doprava a rychl\u00e9 dod\u00e1n\u00ed.","breadcrumb":{"@id":"https:\/\/chemgramx.com\/product\/o-dsmt-destramadol-online-kaufen\/#breadcrumb"},"inLanguage":"cs","potentialAction":[{"@type":"ReadAction","target":["https:\/\/chemgramx.com\/product\/o-dsmt-destramadol-online-kaufen\/"]}]},{"@type":"ImageObject","inLanguage":"cs","@id":"https:\/\/chemgramx.com\/product\/o-dsmt-destramadol-online-kaufen\/#primaryimage","url":"https:\/\/chemgramx.com\/wp-content\/uploads\/2025\/11\/O-DSMT-kaufen.webp","contentUrl":"https:\/\/chemgramx.com\/wp-content\/uploads\/2025\/11\/O-DSMT-kaufen.webp","width":500,"height":500},{"@type":"BreadcrumbList","@id":"https:\/\/chemgramx.com\/product\/o-dsmt-destramadol-online-kaufen\/#breadcrumb","itemListElement":[{"@type":"ListItem","position":1,"name":"Home","item":"https:\/\/chemgramx.com\/"},{"@type":"ListItem","position":2,"name":"Shop","item":"https:\/\/chemgramx.com\/shop\/"},{"@type":"ListItem","position":3,"name":"O-DSMT (Destramadol) online kaufen"}]},{"@type":"WebSite","@id":"https:\/\/chemgramx.com\/#website","url":"https:\/\/chemgramx.com\/","name":"Chemgramx","description":"","publisher":{"@id":"https:\/\/chemgramx.com\/#organization"},"potentialAction":[{"@type":"SearchAction","target":{"@type":"EntryPoint","urlTemplate":"https:\/\/chemgramx.com\/?s={search_term_string}"},"query-input":{"@type":"PropertyValueSpecification","valueRequired":true,"valueName":"search_term_string"}}],"inLanguage":"cs"},{"@type":"Organization","@id":"https:\/\/chemgramx.com\/#organization","name":"Chemgramx","url":"https:\/\/chemgramx.com\/","logo":{"@type":"ImageObject","inLanguage":"cs","@id":"https:\/\/chemgramx.com\/#\/schema\/logo\/image\/","url":"https:\/\/chemgramx.com\/wp-content\/uploads\/2024\/10\/final-logo.png","contentUrl":"https:\/\/chemgramx.com\/wp-content\/uploads\/2024\/10\/final-logo.png","width":250,"height":48,"caption":"Chemgramx"},"image":{"@id":"https:\/\/chemgramx.com\/#\/schema\/logo\/image\/"}}]}},"_links":{"self":[{"href":"https:\/\/chemgramx.com\/cs\/wp-json\/wp\/v2\/product\/7877","targetHints":{"allow":["GET"]}}],"collection":[{"href":"https:\/\/chemgramx.com\/cs\/wp-json\/wp\/v2\/product"}],"about":[{"href":"https:\/\/chemgramx.com\/cs\/wp-json\/wp\/v2\/types\/product"}],"replies":[{"embeddable":true,"href":"https:\/\/chemgramx.com\/cs\/wp-json\/wp\/v2\/comments?post=7877"}],"wp:featuredmedia":[{"embeddable":true,"href":"https:\/\/chemgramx.com\/cs\/wp-json\/wp\/v2\/media\/7882"}],"wp:attachment":[{"href":"https:\/\/chemgramx.com\/cs\/wp-json\/wp\/v2\/media?parent=7877"}],"wp:term":[{"taxonomy":"product_brand","embeddable":true,"href":"https:\/\/chemgramx.com\/cs\/wp-json\/wp\/v2\/product_brand?post=7877"},{"taxonomy":"product_cat","embeddable":true,"href":"https:\/\/chemgramx.com\/cs\/wp-json\/wp\/v2\/product_cat?post=7877"},{"taxonomy":"product_tag","embeddable":true,"href":"https:\/\/chemgramx.com\/cs\/wp-json\/wp\/v2\/product_tag?post=7877"}],"curies":[{"name":"wp","href":"https:\/\/api.w.org\/{rel}","templated":true}]}}