{"id":7887,"date":"2025-11-21T11:24:15","date_gmt":"2025-11-21T11:24:15","guid":{"rendered":"https:\/\/chemgramx.com\/?post_type=product&#038;p=7887"},"modified":"2025-12-10T06:55:29","modified_gmt":"2025-12-10T06:55:29","slug":"o-koupit-dsmt-online","status":"publish","type":"product","link":"https:\/\/chemgramx.com\/cs\/product\/o-dsmt-online-kaufen\/","title":{"rendered":"O-DSMT \u2013 \u010distota (na prodej | vysok\u00e1 kvalita)"},"content":{"rendered":"<p>V\u00edtejte v Chemgramx, va\u0161em zdroji vysoce kvalitn\u00edch chemik\u00e1li\u00ed pro v\u00fdzkum. P\u0159edstavujeme <b>O-DSMT na prodej<\/b>, l\u00e1tka bezprecedentn\u00ed \u010distoty, ur\u010den\u00e1 pro n\u00e1ro\u010dn\u00e9 v\u011bdeck\u00e9 aplikace. Na\u0161e odhodl\u00e1n\u00ed dosahovat excelence zaru\u010duje produkty, kter\u00e9 spl\u0148uj\u00ed nejvy\u0161\u0161\u00ed standardy. Objevte na\u0161i nab\u00eddku <b>Kvalita v\u00fdzkumu O-DSMT<\/b>. Na str\u00e1nk\u00e1ch . <b>vysok\u00e1 \u010distota na prodej<\/b> Kvalita vzork\u016f je rozhoduj\u00edc\u00ed pro p\u0159esn\u00e9 v\u00fdsledky. Proto klademe d\u016fraz na p\u0159\u00edsn\u00e9 zaji\u0161t\u011bn\u00ed kvality. Ka\u017ed\u00e1 \u0161ar\u017ee je pe\u010dliv\u011b zpracov\u00e1na, aby byla zaji\u0161t\u011bna jej\u00ed integrita a autenti\u010dnost. V\u00edce se dozv\u00edte na <a href=\"https:\/\/chemgramx.com\/product\/o-dsmt-online-kaufen\/\">Koupit O-DSMT online<\/a>.<\/p>\n<h2>Co je O-DSMT?<\/h2>\n<p>O-desmethyltramadol (O-DSMT) je l\u00e1tka, kter\u00e1 je p\u0159edm\u011btem velk\u00e9ho v\u00fdzkumn\u00e9ho z\u00e1jmu. D\u00edky sv\u00fdm jedine\u010dn\u00fdm chemick\u00fdm vlastnostem a potenci\u00e1ln\u00edm \u00fa\u010dink\u016fm je cenn\u00fdm n\u00e1strojem. O-DSMT je struktur\u00e1ln\u011b p\u0159\u00edbuzn\u00fd a umo\u017e\u0148uje zkoum\u00e1n\u00ed specifick\u00fdch receptorov\u00fdch mechanism\u016f. Jako d\u016fle\u017eit\u00fd metabolit nab\u00edz\u00ed <b>Autentick\u00fd O-DSMT<\/b> podrobn\u00e9 anal\u00fdzy komplexn\u00edch biologick\u00fdch syst\u00e9m\u016f. V\u00fdzkum jeho molekul\u00e1rn\u00edch interakc\u00ed m\u016f\u017ee p\u0159in\u00e9st nov\u00e9 poznatky pro budouc\u00ed terapie. Proto je nezbytn\u00fd \u010dist\u00fd, dob\u0159e charakterizovan\u00fd materi\u00e1l.<\/p>\n<h2>Chemick\u00fd profil a vlastnosti<\/h2>\n<p>Chemick\u00fd profil O-DSMT, definovan\u00fd jeho molekul\u00e1rn\u00ed strukturou, ur\u010duje jeho interakce. N\u00e1\u0161 <b>\u0160pi\u010dkov\u00e1 kvalita O-DSMT<\/b> je syntetizov\u00e1n a \u010di\u0161t\u011bn za p\u0159\u00edsn\u011b kontrolovan\u00fdch podm\u00ednek, aby byla zaji\u0161t\u011bna konzistentn\u00ed slo\u017een\u00ed. V\u011bdci se proto mohou spolehnout na integritu materi\u00e1lu. \u010cistotu potvrzujeme pomoc\u00ed HPLC a NMR. Obvykle se vyskytuje ve form\u011b b\u00edl\u00e9ho krystalick\u00e9ho pr\u00e1\u0161ku. P\u0159esn\u00e1 znalost t\u011bchto vlastnost\u00ed je rozhoduj\u00edc\u00ed pro spr\u00e1vnou manipulaci a pou\u017eit\u00ed.<\/p>\n<h2>Aplikace ve v\u011bdeck\u00e9m v\u00fdzkumu<\/h2>\n<p>O-DSMT nach\u00e1z\u00ed \u0161irok\u00e9 uplatn\u011bn\u00ed v <i>In vitro<\/i>- a <i>In vivo<\/i>-Studie zam\u011b\u0159en\u00e9 na v\u00fdzkum specifick\u00fdch receptorov\u00fdch syst\u00e9m\u016f. Neurov\u011bdci jej vyu\u017e\u00edvaj\u00ed nap\u0159\u00edklad k v\u00fdzkumu neurotransmise. Pro farmakologick\u00e9 screeningy je <b>Laboratorn\u00ed kvalita O-DSMT na prodej<\/b> neocenitelnou hodnotu. Slou\u017e\u00ed jako referen\u010dn\u00ed l\u00e1tka pro p\u0159esn\u00e9 anal\u00fdzy a srovn\u00e1n\u00ed. D\u00e1le podporuje identifikaci nov\u00fdch vod\u00edkov\u00fdch struktur. Dostupnost <b>Kvalita v\u00fdzkumu O-DSMT na prodej<\/b> je nezbytn\u00e9 pro v\u00fdzkumn\u00e9 \u00fastavy po cel\u00e9m sv\u011bt\u011b, aby z\u016fstaly na \u0161pici objev\u016f.<\/p>\n<h2>Zaji\u0161t\u011bn\u00ed kvality u Chemgramx<\/h2>\n<p>Kvalita na\u0161ich produkt\u016f m\u00e1 u Chemgramx nejvy\u0161\u0161\u00ed prioritu. \u010cistota chemik\u00e1li\u00ed m\u00e1 p\u0159\u00edm\u00fd vliv na v\u00e1\u0161 v\u00fdzkum. Z tohoto d\u016fvodu podl\u00e9h\u00e1 na\u0161e <b>Nejlep\u0161\u00ed O-DSMT na trhu<\/b> nejp\u0159\u00edsn\u011bj\u0161\u00ed postupy kontroly kvality, kter\u00e9 daleko p\u0159esahuj\u00ed pr\u016fmyslov\u00e9 standardy. Pou\u017e\u00edv\u00e1me pokro\u010dil\u00e9 analytick\u00e9 postupy, abychom zajistili identitu, \u010distotu a koncentraci ka\u017ed\u00e9 \u0161ar\u017ee. T\u00edm garantujeme nejvy\u0161\u0161\u00ed spolehlivost.<\/p>\n<p>Ka\u017ed\u00fd vzorek je pe\u010dliv\u011b zkontrolov\u00e1n a zdokumentov\u00e1n, ne\u017e je uvoln\u011bn k prodeji. N\u00e1\u0161 t\u00fdm dohl\u00ed\u017e\u00ed na cel\u00fd proces, od synt\u00e9zy a\u017e po skladov\u00e1n\u00ed. T\u00edm je zaji\u0161t\u011bna nejvy\u0161\u0161\u00ed kvalita a pe\u010dliv\u00e9 zach\u00e1zen\u00ed. M\u016f\u017eete <b>Objednat O-DSMT online<\/b> a m\u016f\u017eete si b\u00fdt jisti \u010distotou. Nav\u0161tivte tak\u00e9 na\u0161i str\u00e1nku pro <a href=\"https:\/\/chemgramx.com\/product\/diplomat-hash-online-bestellung\/\">Objednejte si Diplomat Hash online<\/a>, abyste objevili dal\u0161\u00ed vysoce kvalitn\u00ed produkty. Nakupujte <b>O-DSMT u Chemgramx<\/b> a za\u017eijte rozd\u00edl skute\u010dn\u00e9 kvality.<\/p>\n<h2>Bezpe\u010dnostn\u00ed a manipula\u010dn\u00ed doporu\u010den\u00ed<\/h2>\n<p>Zodpov\u011bdn\u00e9 zach\u00e1zen\u00ed s v\u00fdzkumn\u00fdmi chemik\u00e1liemi je z\u00e1sadn\u00ed. V\u017edy pou\u017e\u00edvejte vhodn\u00e9 osobn\u00ed ochrann\u00e9 prost\u0159edky (OOP), jako jsou rukavice a ochrann\u00e9 br\u00fdle. Dobr\u00e9 v\u011btr\u00e1n\u00ed je nezbytn\u00e9. O-DSMT skladujte v dob\u0159e uzav\u0159en\u00e9m obalu na chladn\u00e9m, such\u00e9m m\u00edst\u011b, mimo dosah slune\u010dn\u00edho z\u00e1\u0159en\u00ed a vlhkosti. Uchov\u00e1vejte jej mimo dosah neopr\u00e1vn\u011bn\u00fdch osob. Spr\u00e1vn\u00e9 skladov\u00e1n\u00ed zachov\u00e1v\u00e1 integritu produktu. P\u0159i kontaktu s k\u016f\u017e\u00ed\/o\u010dima okam\u017eit\u011b opl\u00e1chn\u011bte vodou a vyhledejte l\u00e9ka\u0159skou pomoc. V\u017edy se pora\u010fte s bezpe\u010dnostn\u00edm listem (SDB). Dodr\u017eov\u00e1n\u00ed t\u011bchto pokyn\u016f chr\u00e1n\u00ed va\u0161e zdrav\u00ed a experimenty.<\/p>\n<h2>Pro\u010d zvolit O-DSMT pro sv\u016fj v\u00fdzkum?<\/h2>\n<p>V\u00fdb\u011br spr\u00e1vn\u00e9 v\u00fdzkumn\u00e9 chemik\u00e1lie je rozhoduj\u00edc\u00ed. Pro <b>O-DSMT pro v\u00e1\u0161 v\u00fdzkum<\/b> Chemgramx nab\u00edz\u00ed bezkonkuren\u010dn\u00ed \u010distotu, spolehlivost a slu\u017eby. N\u00e1\u0161 z\u00e1vazek k prvot\u0159\u00eddn\u00ed kvalit\u011b zaji\u0161\u0165uje konzistentnost va\u0161ich v\u00fdsledk\u016f. Rozum\u00edme modern\u00edm po\u017eadavk\u016fm v\u00fdzkumu. Proto n\u00e1\u0161 <b>Vysok\u00e1 \u010distota na prodej<\/b> stoj\u00edc\u00ed O-DSMT nejp\u0159\u00edsn\u011bj\u0161\u00ed specifikace. Investice do vysoce kvalitn\u00edch materi\u00e1l\u016f minimalizuje chyby a optimalizuje efektivitu. D\u00edky tomu se m\u016f\u017eete soust\u0159edit na smyslupln\u00e1 data. Nab\u00edz\u00edme bezpe\u010dn\u00e9 a diskr\u00e9tn\u00ed n\u00e1kupy. Tak m\u016f\u017eete <b>Koupit online<\/b> a s d\u016fv\u011brou sledovat v\u00fdzkumn\u00e9 c\u00edle. Zaru\u010deno. <b>Bezpe\u010dn\u00fd n\u00e1kup<\/b> u Chemgramx.<\/p>\n<h2>Porozum\u011bn\u00ed pr\u00e1vn\u00edm a etick\u00fdm r\u00e1mc\u016fm<\/h2>\n<p>V\u00fdzkum s chemick\u00fdmi l\u00e1tkami, jako je O-DSMT, vy\u017eaduje p\u0159esnost a p\u0159\u00edsn\u00e9 dodr\u017eov\u00e1n\u00ed pr\u00e1vn\u00edch\/etick\u00fdch sm\u011brnic. Ne\u017e za\u010dnete <b>Objednat O-DSMT online<\/b>, zkontrolujte z\u00e1kony sv\u00e9 zem\u011b. Dodr\u017eov\u00e1n\u00ed p\u0159edpis\u016f chr\u00e1n\u00ed v\u00fdzkumn\u00edky a instituce. Je na\u0161\u00ed odpov\u011bdnost\u00ed prov\u00e1d\u011bt v\u00fdzkum eticky spr\u00e1vn\u00fdm zp\u016fsobem. O-DSMT by m\u011bl b\u00fdt pou\u017e\u00edv\u00e1n v\u00fdhradn\u011b pro legitimn\u00ed v\u00fdzkumn\u00e9 \u00fa\u010dely, nikdy mimo zam\u00fd\u0161len\u00fd rozsah pou\u017eit\u00ed. Transparentnost a integrita jsou p\u0159i tom nanejv\u00fd\u0161 d\u016fle\u017eit\u00e9. Chemgramx podporuje odpov\u011bdn\u00fd v\u00fdzkum. Odpov\u011bdnost za dodr\u017eov\u00e1n\u00ed v\u0161ech p\u0159edpis\u016f nese kone\u010dn\u00fd u\u017eivatel. Informujte se d\u016fkladn\u011b.<\/p>\n<h2>V\u00e1\u0161 spolehliv\u00fd zdroj v\u00fdzkumn\u00fdch chemik\u00e1li\u00ed<\/h2>\n<p>Chemgramx je va\u0161\u00edm spolehliv\u00fdm partnerem pro v\u011bdce, kte\u0159\u00ed <b>\u0160pi\u010dkov\u00e1 kvalita O-DSMT<\/b> a dal\u0161\u00ed v\u00fdzkumn\u00e9 chemik\u00e1lie. Zam\u011b\u0159ujeme se na produkty s vysokou \u010distotou, konzistenc\u00ed a transparentn\u00ed dokumentac\u00ed. Z\u00edsk\u00e1te tak kvalitu, kterou pot\u0159ebujete pro sv\u00e9 n\u00e1ro\u010dn\u00e9 studie. Sna\u017e\u00edme se v\u00e1m poskytnout bezprobl\u00e9mov\u00fd a profesion\u00e1ln\u00ed z\u00e1\u017eitek. Od v\u00fdb\u011bru a\u017e po n\u00e1kup klademe d\u016fraz na jasnou komunikaci a vysoce kvalitn\u00ed produkty. Pokud <b>Nejlep\u0161\u00ed O-DSMT na trhu<\/b> hled\u00e1te, Chemgramx je pro v\u00e1s tou spr\u00e1vnou volbou. Podporujeme va\u0161e v\u00fdzkumn\u00e9 pot\u0159eby. Chemgramx je va\u0161\u00edm partnerem pro vysoce kvalitn\u00ed v\u00fdzkumn\u00e9 chemik\u00e1lie. Nakupujte <b>Autentick\u00fd O-DSMT<\/b> a posu\u0148te sv\u016fj v\u00fdzkum na novou \u00farove\u0148.<\/p>","protected":false},"excerpt":{"rendered":"<p>Objevte Chemgramx <b>Koupit O-DSMT online<\/b> v nejvy\u0161\u0161\u00ed v\u00fdzkumn\u00e9 kvalit\u011b. N\u00e1\u0161 O-DSMT se vyzna\u010duje vynikaj\u00edc\u00ed \u010distotou a p\u0159esnou charakterizac\u00ed pomoc\u00ed HPLC a NMR. Je ide\u00e1ln\u00ed pro n\u00e1ro\u010dn\u00e9 v\u011bdeck\u00e9 studie. Zakupte si u Chemgramx produkt, kter\u00fd spl\u0148uje nejp\u0159\u00edsn\u011bj\u0161\u00ed standardy kvality a je pe\u010dliv\u011b zpracov\u00e1n. D\u016fv\u011b\u0159ujte autenti\u010dnosti pro va\u0161e v\u00fdzkumn\u00e9 projekty.<\/p>\n<ul>\n<li><b>Nejvy\u0161\u0161\u00ed \u010distota:<\/b> Zaru\u010den\u00e1 kvalita pro p\u0159esn\u00fd v\u00fdzkum.<\/li>\n<li><b>Kvalita v\u00fdzkumu:<\/b> Ide\u00e1ln\u00ed pro n\u00e1ro\u010dn\u00e9 laboratorn\u00ed aplikace.<\/li>\n<li><b>Pe\u010dliv\u011b zpracov\u00e1no:<\/b> Zachov\u00e1v\u00e1 integritu produktu.<\/li>\n<\/ul>","protected":false},"featured_media":7917,"comment_status":"open","ping_status":"closed","template":"","meta":{"_joinchat":[]},"product_brand":[],"product_cat":[56],"product_tag":[773,793,797,782,783,795,772,791,787,792,799,778,780,786,774,779,785,775,790,798,777,788,784,796,781,794,789,776],"class_list":{"0":"post-7887","1":"product","2":"type-product","3":"status-publish","4":"has-post-thumbnail","6":"product_cat-opioids","7":"product_tag-o-desmethyltramadol","8":"product_tag-o-desmethyltramadol-effekte","9":"product_tag-o-desmethyltramadol-fur-forschung","10":"product_tag-o-desmethyltramadol-kaufen","11":"product_tag-o-desmethyltramadol-lieferant","12":"product_tag-o-desmethyltramadol-reinheit","13":"product_tag-o-dsmt","14":"product_tag-o-dsmt-analyse","15":"product_tag-o-dsmt-anwendungen","16":"product_tag-o-dsmt-chemie","17":"product_tag-o-dsmt-eigenschaften","18":"product_tag-o-dsmt-forschungschemikalie","19":"product_tag-o-dsmt-groshandel","20":"product_tag-o-dsmt-handhabung","21":"product_tag-o-dsmt-kaufen","22":"product_tag-o-dsmt-laboranwendung","23":"product_tag-o-dsmt-lagerung","24":"product_tag-o-dsmt-lieferant","25":"product_tag-o-dsmt-markt","26":"product_tag-o-dsmt-pharmakologie","27":"product_tag-o-dsmt-preis","28":"product_tag-o-dsmt-risiken","29":"product_tag-o-dsmt-sicherheit","30":"product_tag-o-dsmt-studien","31":"product_tag-o-dsmt-verfugbarkeit","32":"product_tag-o-dsmt-vertrieb","33":"product_tag-o-dsmt-vorschriften","34":"product_tag-o-dsmt-zum-verkauf","36":"first","37":"instock","38":"shipping-taxable","39":"purchasable","40":"product-type-variable"},"yoast_head":"<!-- This site is optimized with the Yoast SEO plugin v27.5 - https:\/\/yoast.com\/product\/yoast-seo-wordpress\/ -->\n<title>O-DSMT - Reinheit (zum Verkauf | hohe Qualit\u00e4t)<\/title>\n<meta name=\"description\" content=\"Entdecken Sie O-DSMT in h\u00f6chster Forschungsqualit\u00e4t bei Chemgramx. Bestellen Sie jetzt O-DSMT online kaufen f\u00fcr pr\u00e4zise Laborstudien. Sicherer Erwerb von Authentizit\u00e4t.\" \/>\n<meta name=\"robots\" content=\"index, follow, max-snippet:-1, max-image-preview:large, max-video-preview:-1\" \/>\n<link rel=\"canonical\" href=\"https:\/\/chemgramx.com\/cs\/produkt-1\/o-koupit-dsmt-online\/\" \/>\n<meta property=\"og:locale\" content=\"cs_CZ\" \/>\n<meta property=\"og:type\" content=\"article\" \/>\n<meta property=\"og:title\" content=\"O-DSMT - Reinheit (zum Verkauf | hohe Qualit\u00e4t)\" \/>\n<meta property=\"og:description\" content=\"Entdecken Sie O-DSMT in h\u00f6chster Forschungsqualit\u00e4t bei Chemgramx. Bestellen Sie jetzt O-DSMT online kaufen f\u00fcr pr\u00e4zise Laborstudien. Sicherer Erwerb von Authentizit\u00e4t.\" \/>\n<meta property=\"og:url\" content=\"https:\/\/chemgramx.com\/cs\/produkt-1\/o-koupit-dsmt-online\/\" \/>\n<meta property=\"og:site_name\" content=\"Chemgramx\" \/>\n<meta property=\"article:modified_time\" content=\"2025-12-10T06:55:29+00:00\" \/>\n<meta property=\"og:image\" content=\"https:\/\/chemgramx.com\/wp-content\/uploads\/2025\/11\/Buy-O-DSMT-online.png\" \/>\n\t<meta property=\"og:image:width\" content=\"450\" \/>\n\t<meta property=\"og:image:height\" content=\"400\" \/>\n\t<meta property=\"og:image:type\" content=\"image\/png\" \/>\n<meta name=\"twitter:card\" content=\"summary_large_image\" \/>\n<meta name=\"twitter:label1\" content=\"Odhadovan\u00e1 doba \u010dten\u00ed\" \/>\n\t<meta name=\"twitter:data1\" content=\"4 minuty\" \/>\n<script type=\"application\/ld+json\" class=\"yoast-schema-graph\">{\"@context\":\"https:\\\/\\\/schema.org\",\"@graph\":[{\"@type\":\"WebPage\",\"@id\":\"https:\\\/\\\/chemgramx.com\\\/product\\\/o-dsmt-online-kaufen\\\/\",\"url\":\"https:\\\/\\\/chemgramx.com\\\/product\\\/o-dsmt-online-kaufen\\\/\",\"name\":\"O-DSMT - Reinheit (zum Verkauf | hohe Qualit\u00e4t)\",\"isPartOf\":{\"@id\":\"https:\\\/\\\/chemgramx.com\\\/#website\"},\"primaryImageOfPage\":{\"@id\":\"https:\\\/\\\/chemgramx.com\\\/product\\\/o-dsmt-online-kaufen\\\/#primaryimage\"},\"image\":{\"@id\":\"https:\\\/\\\/chemgramx.com\\\/product\\\/o-dsmt-online-kaufen\\\/#primaryimage\"},\"thumbnailUrl\":\"https:\\\/\\\/chemgramx.com\\\/wp-content\\\/uploads\\\/2025\\\/11\\\/Buy-O-DSMT-online.png\",\"datePublished\":\"2025-11-21T11:24:15+00:00\",\"dateModified\":\"2025-12-10T06:55:29+00:00\",\"description\":\"Entdecken Sie O-DSMT in h\u00f6chster Forschungsqualit\u00e4t bei Chemgramx. Bestellen Sie jetzt O-DSMT online kaufen f\u00fcr pr\u00e4zise Laborstudien. Sicherer Erwerb von Authentizit\u00e4t.\",\"breadcrumb\":{\"@id\":\"https:\\\/\\\/chemgramx.com\\\/product\\\/o-dsmt-online-kaufen\\\/#breadcrumb\"},\"inLanguage\":\"cs\",\"potentialAction\":[{\"@type\":\"ReadAction\",\"target\":[\"https:\\\/\\\/chemgramx.com\\\/product\\\/o-dsmt-online-kaufen\\\/\"]}]},{\"@type\":\"ImageObject\",\"inLanguage\":\"cs\",\"@id\":\"https:\\\/\\\/chemgramx.com\\\/product\\\/o-dsmt-online-kaufen\\\/#primaryimage\",\"url\":\"https:\\\/\\\/chemgramx.com\\\/wp-content\\\/uploads\\\/2025\\\/11\\\/Buy-O-DSMT-online.png\",\"contentUrl\":\"https:\\\/\\\/chemgramx.com\\\/wp-content\\\/uploads\\\/2025\\\/11\\\/Buy-O-DSMT-online.png\",\"width\":450,\"height\":400},{\"@type\":\"BreadcrumbList\",\"@id\":\"https:\\\/\\\/chemgramx.com\\\/product\\\/o-dsmt-online-kaufen\\\/#breadcrumb\",\"itemListElement\":[{\"@type\":\"ListItem\",\"position\":1,\"name\":\"Home\",\"item\":\"https:\\\/\\\/chemgramx.com\\\/\"},{\"@type\":\"ListItem\",\"position\":2,\"name\":\"Shop\",\"item\":\"https:\\\/\\\/chemgramx.com\\\/shop\\\/\"},{\"@type\":\"ListItem\",\"position\":3,\"name\":\"O-DSMT &#8211; Reinheit (zum Verkauf | hohe Qualit\u00e4t)\"}]},{\"@type\":\"WebSite\",\"@id\":\"https:\\\/\\\/chemgramx.com\\\/#website\",\"url\":\"https:\\\/\\\/chemgramx.com\\\/\",\"name\":\"Chemgramx\",\"description\":\"\",\"publisher\":{\"@id\":\"https:\\\/\\\/chemgramx.com\\\/#organization\"},\"potentialAction\":[{\"@type\":\"SearchAction\",\"target\":{\"@type\":\"EntryPoint\",\"urlTemplate\":\"https:\\\/\\\/chemgramx.com\\\/?s={search_term_string}\"},\"query-input\":{\"@type\":\"PropertyValueSpecification\",\"valueRequired\":true,\"valueName\":\"search_term_string\"}}],\"inLanguage\":\"cs\"},{\"@type\":\"Organization\",\"@id\":\"https:\\\/\\\/chemgramx.com\\\/#organization\",\"name\":\"Chemgramx\",\"url\":\"https:\\\/\\\/chemgramx.com\\\/\",\"logo\":{\"@type\":\"ImageObject\",\"inLanguage\":\"cs\",\"@id\":\"https:\\\/\\\/chemgramx.com\\\/#\\\/schema\\\/logo\\\/image\\\/\",\"url\":\"https:\\\/\\\/chemgramx.com\\\/wp-content\\\/uploads\\\/2024\\\/10\\\/final-logo.png\",\"contentUrl\":\"https:\\\/\\\/chemgramx.com\\\/wp-content\\\/uploads\\\/2024\\\/10\\\/final-logo.png\",\"width\":250,\"height\":48,\"caption\":\"Chemgramx\"},\"image\":{\"@id\":\"https:\\\/\\\/chemgramx.com\\\/#\\\/schema\\\/logo\\\/image\\\/\"}}]}<\/script>\n<!-- \/ Yoast SEO plugin. -->","yoast_head_json":{"title":"O-DSMT \u2013 \u010distota (na prodej | vysok\u00e1 kvalita)","description":"Objevte O-DSMT v nejvy\u0161\u0161\u00ed v\u00fdzkumn\u00e9 kvalit\u011b u Chemgramx. Objednejte si O-DSMT online pro p\u0159esn\u00e9 laboratorn\u00ed studie. Bezpe\u010dn\u00fd n\u00e1kup s garanc\u00ed autenticity.","robots":{"index":"index","follow":"follow","max-snippet":"max-snippet:-1","max-image-preview":"max-image-preview:large","max-video-preview":"max-video-preview:-1"},"canonical":"https:\/\/chemgramx.com\/cs\/produkt-1\/o-koupit-dsmt-online\/","og_locale":"cs_CZ","og_type":"article","og_title":"O-DSMT - Reinheit (zum Verkauf | hohe Qualit\u00e4t)","og_description":"Entdecken Sie O-DSMT in h\u00f6chster Forschungsqualit\u00e4t bei Chemgramx. Bestellen Sie jetzt O-DSMT online kaufen f\u00fcr pr\u00e4zise Laborstudien. Sicherer Erwerb von Authentizit\u00e4t.","og_url":"https:\/\/chemgramx.com\/cs\/produkt-1\/o-koupit-dsmt-online\/","og_site_name":"Chemgramx","article_modified_time":"2025-12-10T06:55:29+00:00","og_image":[{"width":450,"height":400,"url":"https:\/\/chemgramx.com\/wp-content\/uploads\/2025\/11\/Buy-O-DSMT-online.png","type":"image\/png"}],"twitter_card":"summary_large_image","twitter_misc":{"Odhadovan\u00e1 doba \u010dten\u00ed":"4 minuty"},"schema":{"@context":"https:\/\/schema.org","@graph":[{"@type":"WebPage","@id":"https:\/\/chemgramx.com\/product\/o-dsmt-online-kaufen\/","url":"https:\/\/chemgramx.com\/product\/o-dsmt-online-kaufen\/","name":"O-DSMT \u2013 \u010distota (na prodej | vysok\u00e1 kvalita)","isPartOf":{"@id":"https:\/\/chemgramx.com\/#website"},"primaryImageOfPage":{"@id":"https:\/\/chemgramx.com\/product\/o-dsmt-online-kaufen\/#primaryimage"},"image":{"@id":"https:\/\/chemgramx.com\/product\/o-dsmt-online-kaufen\/#primaryimage"},"thumbnailUrl":"https:\/\/chemgramx.com\/wp-content\/uploads\/2025\/11\/Buy-O-DSMT-online.png","datePublished":"2025-11-21T11:24:15+00:00","dateModified":"2025-12-10T06:55:29+00:00","description":"Objevte O-DSMT v nejvy\u0161\u0161\u00ed v\u00fdzkumn\u00e9 kvalit\u011b u Chemgramx. Objednejte si O-DSMT online pro p\u0159esn\u00e9 laboratorn\u00ed studie. Bezpe\u010dn\u00fd n\u00e1kup s garanc\u00ed autenticity.","breadcrumb":{"@id":"https:\/\/chemgramx.com\/product\/o-dsmt-online-kaufen\/#breadcrumb"},"inLanguage":"cs","potentialAction":[{"@type":"ReadAction","target":["https:\/\/chemgramx.com\/product\/o-dsmt-online-kaufen\/"]}]},{"@type":"ImageObject","inLanguage":"cs","@id":"https:\/\/chemgramx.com\/product\/o-dsmt-online-kaufen\/#primaryimage","url":"https:\/\/chemgramx.com\/wp-content\/uploads\/2025\/11\/Buy-O-DSMT-online.png","contentUrl":"https:\/\/chemgramx.com\/wp-content\/uploads\/2025\/11\/Buy-O-DSMT-online.png","width":450,"height":400},{"@type":"BreadcrumbList","@id":"https:\/\/chemgramx.com\/product\/o-dsmt-online-kaufen\/#breadcrumb","itemListElement":[{"@type":"ListItem","position":1,"name":"Home","item":"https:\/\/chemgramx.com\/"},{"@type":"ListItem","position":2,"name":"Shop","item":"https:\/\/chemgramx.com\/shop\/"},{"@type":"ListItem","position":3,"name":"O-DSMT &#8211; Reinheit (zum Verkauf | hohe Qualit\u00e4t)"}]},{"@type":"WebSite","@id":"https:\/\/chemgramx.com\/#website","url":"https:\/\/chemgramx.com\/","name":"Chemgramx","description":"","publisher":{"@id":"https:\/\/chemgramx.com\/#organization"},"potentialAction":[{"@type":"SearchAction","target":{"@type":"EntryPoint","urlTemplate":"https:\/\/chemgramx.com\/?s={search_term_string}"},"query-input":{"@type":"PropertyValueSpecification","valueRequired":true,"valueName":"search_term_string"}}],"inLanguage":"cs"},{"@type":"Organization","@id":"https:\/\/chemgramx.com\/#organization","name":"Chemgramx","url":"https:\/\/chemgramx.com\/","logo":{"@type":"ImageObject","inLanguage":"cs","@id":"https:\/\/chemgramx.com\/#\/schema\/logo\/image\/","url":"https:\/\/chemgramx.com\/wp-content\/uploads\/2024\/10\/final-logo.png","contentUrl":"https:\/\/chemgramx.com\/wp-content\/uploads\/2024\/10\/final-logo.png","width":250,"height":48,"caption":"Chemgramx"},"image":{"@id":"https:\/\/chemgramx.com\/#\/schema\/logo\/image\/"}}]}},"_links":{"self":[{"href":"https:\/\/chemgramx.com\/cs\/wp-json\/wp\/v2\/product\/7887","targetHints":{"allow":["GET"]}}],"collection":[{"href":"https:\/\/chemgramx.com\/cs\/wp-json\/wp\/v2\/product"}],"about":[{"href":"https:\/\/chemgramx.com\/cs\/wp-json\/wp\/v2\/types\/product"}],"replies":[{"embeddable":true,"href":"https:\/\/chemgramx.com\/cs\/wp-json\/wp\/v2\/comments?post=7887"}],"wp:featuredmedia":[{"embeddable":true,"href":"https:\/\/chemgramx.com\/cs\/wp-json\/wp\/v2\/media\/7917"}],"wp:attachment":[{"href":"https:\/\/chemgramx.com\/cs\/wp-json\/wp\/v2\/media?parent=7887"}],"wp:term":[{"taxonomy":"product_brand","embeddable":true,"href":"https:\/\/chemgramx.com\/cs\/wp-json\/wp\/v2\/product_brand?post=7887"},{"taxonomy":"product_cat","embeddable":true,"href":"https:\/\/chemgramx.com\/cs\/wp-json\/wp\/v2\/product_cat?post=7887"},{"taxonomy":"product_tag","embeddable":true,"href":"https:\/\/chemgramx.com\/cs\/wp-json\/wp\/v2\/product_tag?post=7887"}],"curies":[{"name":"wp","href":"https:\/\/api.w.org\/{rel}","templated":true}]}}