{"id":7893,"date":"2025-11-21T11:24:16","date_gmt":"2025-11-21T11:24:16","guid":{"rendered":"https:\/\/chemgramx.com\/?post_type=product&#038;p=7893"},"modified":"2025-12-10T06:55:25","modified_gmt":"2025-12-10T06:55:25","slug":"buy-ndtdi-ergoline-online","status":"publish","type":"product","link":"https:\/\/chemgramx.com\/cs\/produkt-2\/buy-ndtdi-ergoline-online\/","title":{"rendered":"Koupit NDTDI (Ergoline) \u2013 \u010cistota (nejvy\u0161\u0161\u00ed kvalita)"},"content":{"rendered":"<p>Chemgramx je v\u00e1\u0161 spolehliv\u00fd partner pro vysoce kvalitn\u00ed chemik\u00e1lie pro v\u00fdzkum. T\u011b\u0161\u00edme se, \u017ee v\u00e1m m\u016f\u017eeme nab\u00eddnout <b>NDTDI (Ergoline) na prodej<\/b> syntetick\u00fd deriv\u00e1t ergolinu, kter\u00fd byl speci\u00e1ln\u011b vyvinut pro n\u00e1ro\u010dn\u00e9 v\u011bdeck\u00e9 aplikace. D\u00e1le zaji\u0161\u0165ujeme, aby n\u00e1\u0161 produkt vykazoval nejvy\u0161\u0161\u00ed \u010distotu a <b>Kvalita v\u00fdzkumu na prodej<\/b> , kter\u00e1 je nezbytn\u00e1 pro spolehliv\u00e9 a p\u0159esn\u00e9 v\u00fdsledky. Na z\u00e1v\u011br bychom r\u00e1di zd\u016fraznili, \u017ee integrita va\u0161ich experiment\u016f je pro n\u00e1s v\u017edy nejvy\u0161\u0161\u00ed prioritou.<\/p>\n<p>Tento vysoce kvalitn\u00ed kompozit je ide\u00e1ln\u00ed pro laborato\u0159e, kter\u00e9 kladou d\u016fraz na <b>Laboratorn\u00ed kvalita na prodej<\/b> a hledat spolehliv\u00e9ho dodavatele. D\u00edky tomu se m\u016f\u017eete spolehnout, \u017ee u n\u00e1s z\u00edsk\u00e1te produkt, kter\u00fd spl\u0148uje nejvy\u0161\u0161\u00ed standardy. Krom\u011b toho je pro n\u00e1s d\u016fle\u017eit\u00e9, abychom v\u00e1m poskytli <b>bezpe\u010dn\u00fd n\u00e1kup<\/b> aby va\u0161e objedn\u00e1vka byla v\u017edy vy\u0159\u00edzena diskr\u00e9tn\u011b a profesion\u00e1ln\u011b. Poj\u010fme se nyn\u00ed pono\u0159it hloub\u011bji do sv\u011bta NDTDI (Ergoline).<\/p>\n<h2>NDTDI (Ergoline)<\/h2>\n<p>NDTDI (Ergoline) je fascinuj\u00edc\u00ed syntetick\u00e1 molekula z t\u0159\u00eddy ergolin\u016f, kter\u00e1 m\u00e1 velk\u00fd v\u00fdznam ve v\u011bdeck\u00e9m v\u00fdzkumu. Jedn\u00e1 se o deriv\u00e1t, kter\u00fd se \u010dasto pou\u017e\u00edv\u00e1 ve studi\u00edch zam\u011b\u0159en\u00fdch na v\u00fdzkum neurotransmiter\u016f a receptorov\u00fdch vazeb. V\u011bdc\u016fm tak poskytuje cenn\u00fd n\u00e1stroj k rozlu\u0161t\u011bn\u00ed slo\u017eit\u00fdch biologick\u00fdch proces\u016f. Krom\u011b toho se d\u00edky sv\u00fdm specifick\u00fdm vlastnostem pou\u017e\u00edv\u00e1 v r\u016fzn\u00fdch oborech.<\/p>\n<p>Zejm\u00e9na jeho struktur\u00e1ln\u00ed podobnost s p\u0159\u00edrodn\u00edmi alkaloidy ergolinov\u00e9ho typu z n\u011bj \u010din\u00ed zaj\u00edmav\u00e9ho kandid\u00e1ta pro v\u00fdzkum nov\u00fdch farmakologick\u00fdch p\u0159\u00edstup\u016f. Proto je dostupnost <b>\u0160pi\u010dkov\u00e1 kvalita NDTDI (Ergoline)<\/b> rozhoduj\u00edc\u00ed pro dal\u0161\u00ed rozvoj v\u011bdy. Nakonec umo\u017e\u0148uje podrobn\u00fd vhled do mechanism\u016f, kter\u00e9 by jinak byly t\u011b\u017eko p\u0159\u00edstupn\u00e9.<\/p>\n<h2>Chemick\u00e1 struktura a vlastnosti<\/h2>\n<p>Chemick\u00e1 struktura NDTDI (ergolin) je definov\u00e1na charakteristickou ergolinovou kostrou, kter\u00e1 je zodpov\u011bdn\u00e1 za jeho biologickou aktivitu. Krom\u011b toho m\u00e1 specifick\u00e9 substituce, kter\u00e9 ur\u010duj\u00ed jeho jedine\u010dn\u00e9 farmakologick\u00e9 profily. Tyto modifikace jsou rozhoduj\u00edc\u00ed pro jeho interakci s r\u016fzn\u00fdmi receptorov\u00fdmi syst\u00e9my v t\u011ble. Je v\u0161ak t\u0159eba poznamenat, \u017ee pro zaji\u0161t\u011bn\u00ed jeho \u010distoty je nezbytn\u00e1 p\u0159esn\u00e1 synt\u00e9za a anal\u00fdza.<\/p>\n<p>Jeho stabilita a fyzik\u00e1ln\u011b-chemick\u00e9 vlastnosti z n\u011bj \u010din\u00ed snadno pou\u017eitelnou slou\u010deninu v laboratorn\u00edm prost\u0159ed\u00ed. Nap\u0159\u00edklad jeho rozpustnost v ur\u010dit\u00fdch rozpou\u0161t\u011bdlech je velmi d\u016fle\u017eit\u00e1 pro experiment\u00e1ln\u00ed pou\u017eit\u00ed. Stejn\u011b d\u016fle\u017eit\u00e9 je zn\u00e1t jeho molovou hmotnost a bod t\u00e1n\u00ed, aby bylo mo\u017en\u00e9 potvrdit jeho kvalitu a identitu. V souladu s t\u00edm je n\u00e1\u0161 <b>autentick\u00fd NDTDI (Ergoline)<\/b> v\u017edy p\u0159esn\u011b charakterizovan\u00e9 a pe\u010dliv\u011b zpracovan\u00e9.<\/p>\n<h2>Oblasti pou\u017eit\u00ed ve v\u00fdzkumu<\/h2>\n<p>V\u0161estrannost NDTDI (Ergoline) otev\u00edr\u00e1 \u0161irokou \u0161k\u00e1lu mo\u017enost\u00ed pou\u017eit\u00ed v modern\u00edm v\u00fdzkumu. V prvn\u00ed \u0159ad\u011b se pou\u017e\u00edv\u00e1 jako v\u00fdzkumn\u00e1 chemik\u00e1lie k vy\u0161et\u0159ov\u00e1n\u00ed komplexn\u00edch biochemick\u00fdch a neurofarmakologick\u00fdch mechanism\u016f. Je tak nepostradateln\u00fdm n\u00e1strojem pro v\u011bdce po cel\u00e9m sv\u011bt\u011b.<\/p>\n<h3>Neurov\u011bdeck\u00fd v\u00fdzkum<\/h3>\n<p>V neurov\u011bd\u00e1ch se NDTDI (ergolin) \u010dasto pou\u017e\u00edv\u00e1 jako ligand pro studium serotoninov\u00fdch, dopaminov\u00fdch a adrenoreceptor\u016f. Pom\u00e1h\u00e1 pochopit roli t\u011bchto receptor\u016f v r\u016fzn\u00fdch neurologick\u00fdch onemocn\u011bn\u00edch a vzorc\u00edch chov\u00e1n\u00ed. Krom\u011b toho umo\u017e\u0148uje v\u00fdvoj nov\u00fdch terapeutick\u00fdch p\u0159\u00edstup\u016f. V\u011bdci mohou nap\u0159\u00edklad podrobn\u011b analyzovat \u00fa\u010dinky specifick\u00fdch interakc\u00ed receptor\u016f, co\u017e m\u016f\u017ee v\u00e9st k pr\u016flomov\u00fdm objev\u016fm. Jedn\u00e1 se o rozhoduj\u00edc\u00ed krok p\u0159i objevov\u00e1n\u00ed nov\u00fdch l\u00e9k\u016f.<\/p>\n<h3>Farmakologick\u00e9 studie<\/h3>\n<p>Farmakologov\u00e9 pou\u017e\u00edvaj\u00ed NDTDI (Ergoline) k v\u00fdzkumu mechanism\u016f \u00fa\u010dinku potenci\u00e1ln\u00edch l\u00e9k\u016f a k hodnocen\u00ed jejich \u00fa\u010dink\u016f na bun\u011b\u010dn\u00e9 a syst\u00e9mov\u00e9 \u00farovni. T\u00edmto zp\u016fsobem lze nap\u0159\u00edklad p\u0159esn\u011b ur\u010dit vztahy mezi d\u00e1vkou a \u00fa\u010dinkem a specificitu l\u00e1tek. T\u00edmto zp\u016fsobem v\u00fdznamn\u011b p\u0159isp\u00edv\u00e1 k v\u00fdvoji l\u00e9\u010div a hodnocen\u00ed rizik. Dal\u0161\u00ed informace <a href=\"https:\/\/chemgramx.com\/cs\/produkt-2\/poradi-hvezdy-smrti\/\">Produkty pro pokro\u010dil\u00fd v\u00fdzkum<\/a> m\u016f\u017eete se tak\u00e9 pod\u00edvat na n\u00e1\u0161 sortiment.<\/p>\n<h3>syntetick\u00e1 chemie<\/h3>\n<p>NDTDI (Ergoline) se jako chemick\u00fd stavebn\u00ed prvek pou\u017e\u00edv\u00e1 tak\u00e9 p\u0159i synt\u00e9ze jin\u00fdch komplexn\u00edch molekul nebo deriv\u00e1t\u016f. Jeho jedine\u010dn\u00e1 struktura poskytuje vynikaj\u00edc\u00ed v\u00fdchoz\u00ed z\u00e1klad pro modifikaci a v\u00fdvoj nov\u00fdch slou\u010denin. Proto je tak\u00e9 velmi zaj\u00edmav\u00fd pro syntetick\u00e9 chemiky, kte\u0159\u00ed cht\u011bj\u00ed vytv\u00e1\u0159et inovativn\u00ed l\u00e1tky. Dostupnost <b>vysoce kvalitn\u00ed NDTDI (Ergoline)<\/b> m\u00e1 p\u0159i tom rozhoduj\u00edc\u00ed v\u00fdznam pro \u00fasp\u011bch t\u011bchto slo\u017eit\u00fdch synt\u00e9z.<\/p>\n<h2>Bezpe\u010dnostn\u00ed aspekty a manipulace<\/h2>\n<p>Pr\u00e1ce s NDTDI (Ergoline) vy\u017eaduje, stejn\u011b jako u v\u0161ech v\u00fdzkumn\u00fdch chemik\u00e1li\u00ed, vysokou m\u00edru opatrnosti a dodr\u017eov\u00e1n\u00ed p\u0159\u00edsn\u00fdch bezpe\u010dnostn\u00edch p\u0159edpis\u016f. Je ur\u010den v\u00fdhradn\u011b pro v\u00fdzkumn\u00e9 \u00fa\u010dely a nesm\u00ed b\u00fdt pou\u017e\u00edv\u00e1n pro jin\u00e9 aplikace. Proto by se m\u011bly v\u017edy nosit vhodn\u00e9 osobn\u00ed ochrann\u00e9 prost\u0159edky (OOP), jako jsou rukavice, ochrann\u00e9 br\u00fdle a laboratorn\u00ed pl\u00e1\u0161\u0165, aby se zabr\u00e1nilo p\u0159\u00edm\u00e9mu kontaktu.<\/p>\n<p>D\u00e1le by se s produktem m\u011blo manipulovat pouze v dob\u0159e v\u011btran\u00fdch prostor\u00e1ch nebo pod ods\u00e1vac\u00edm za\u0159\u00edzen\u00edm, aby se minimalizovala expozice par\u00e1m nebo prachu. Skladov\u00e1n\u00ed mus\u00ed prob\u00edhat v chladn\u00e9m, such\u00e9m a dob\u0159e uzav\u0159en\u00e9m obalu, mimo dosah p\u0159\u00edm\u00e9ho slune\u010dn\u00edho z\u00e1\u0159en\u00ed a jin\u00fdch potenci\u00e1ln\u00edch zdroj\u016f kontaminace. T\u00edm je zaji\u0161t\u011bna stabilita materi\u00e1lu. N\u00e1\u0161 <b>NDTDI (Ergoline)<\/b> je v\u017edy zpracov\u00e1v\u00e1no bezpe\u010dn\u011b a s maxim\u00e1ln\u00ed p\u00e9\u010d\u00ed, aby byla zaji\u0161t\u011bna nejvy\u0161\u0161\u00ed kvalita.<\/p>\n<h2>Kvalita a \u010distota u Chemgramx<\/h2>\n<p>Ve spole\u010dnosti Chemgramx ch\u00e1peme kl\u00ed\u010dovou roli, kterou \u010distota a kvalita hraj\u00ed ve v\u011bdeck\u00e9m v\u00fdzkumu. Proto je n\u00e1\u0161 NDTDI (Ergoline) podroben p\u0159\u00edsn\u00fdm kontrol\u00e1m kvality, aby bylo zaji\u0161t\u011bno, \u017ee spl\u0148uje nejvy\u0161\u0161\u00ed standardy. Ka\u017ed\u00e1 \u0161ar\u017ee je pe\u010dliv\u011b analyzov\u00e1na, aby byla zaru\u010dena vynikaj\u00edc\u00ed \u010distota, kter\u00e1 je nezbytn\u00e1 pro reprodukovatelnost va\u0161ich v\u00fdzkumn\u00fdch v\u00fdsledk\u016f.<\/p>\n<p>Pou\u017e\u00edv\u00e1me nejmodern\u011bj\u0161\u00ed analytick\u00e9 techniky, jako jsou HPLC, NMR a hmotnostn\u00ed spektrometrie, abychom zajistili identitu a \u010distotu na\u0161ich produkt\u016f. <b>autentick\u00fd NDTDI (Ergoline)<\/b> potvrdit. M\u016f\u017eete se tedy spolehnout, \u017ee produkt, kter\u00fd nab\u00edz\u00edme, neobsahuje \u017e\u00e1dn\u00e9 ne\u010distoty, kter\u00e9 by mohly ovlivnit va\u0161e experimenty. D\u00edky tomu mohou v\u011bdci po cel\u00e9m sv\u011bt\u011b s d\u016fv\u011brou <b>NDTDI (Ergoline) Objednat online<\/b>.<\/p>\n<h2>V\u00fdznam kvality v\u00fdzkumu<\/h2>\n<p>Pojem \u201ekvalita v\u00fdzkumu\u201c nen\u00ed pouhou n\u00e1lepkou; p\u0159edstavuje z\u00e1vazek k p\u0159esnosti a spolehlivosti. V p\u0159\u00edpad\u011b spole\u010dnosti Chemgramx to znamen\u00e1, \u017ee n\u00e1\u0161 produkt NDTDI (Ergoline) je speci\u00e1ln\u011b optimalizov\u00e1n pro v\u011bdeck\u00e9 aplikace a nen\u00ed ur\u010den k jin\u00fdm \u00fa\u010del\u016fm. To jej z\u00e1sadn\u011b odli\u0161uje od pr\u016fmyslov\u00fdch nebo komer\u010dn\u00edch produkt\u016f, kter\u00e9 mohou m\u00edt vy\u0161\u0161\u00ed tolerance pro ne\u010distoty.<\/p>\n<p>Zejm\u00e9na u citliv\u00fdch experiment\u016f, jako jsou studie vazby receptor\u016f nebo pokusy s bun\u011b\u010dn\u00fdmi kulturami, m\u016f\u017ee i mal\u00e9 zne\u010di\u0161t\u011bn\u00ed zkreslit v\u00fdsledky a v\u00e9st k nespr\u00e1vn\u00fdm z\u00e1v\u011br\u016fm. Proto je nanejv\u00fd\u0161 d\u016fle\u017eit\u00e9, abyste pou\u017e\u00edvali pouze <b>Kvalita v\u00fdzkumu na prodej<\/b> abyste zachovali integritu sv\u00e9 v\u011bdeck\u00e9 pr\u00e1ce. S\u00e1z\u00edme na transparentnost a nab\u00edz\u00edme podrobn\u00e9 analytick\u00e9 \u00fadaje o na\u0161ich produktech.<\/p>\n<h2>Pro\u010d objedn\u00e1vat NDTDI (Ergoline) u Chemgramx?<\/h2>\n<p>Rozhodnut\u00ed pro Chemgramx jako dodavatele NDTDI (Ergoline) v\u00e1m p\u0159in\u00e1\u0161\u00ed \u0159adu v\u00fdhod. Zaprv\u00e9 v\u00e1m garantujeme produkt mimo\u0159\u00e1dn\u00e9 \u010distoty a kvality, kter\u00fd spl\u0148uje nejp\u0159\u00edsn\u011bj\u0161\u00ed po\u017eadavky v\u011bdeck\u00e9ho v\u00fdzkumu. T\u00edm v\u00fdznamn\u011b p\u0159isp\u00edv\u00e1me k \u00fasp\u011bchu va\u0161ich projekt\u016f.<\/p>\n<ul>\n<li><b>Nejvy\u0161\u0161\u00ed \u010distota:<\/b> Ka\u017ed\u00e1 \u0161ar\u017ee je podrobena komplexn\u00edm test\u016fm, aby byla zaji\u0161t\u011bna jej\u00ed \u010distota.<\/li>\n<li><b>Kvalita v\u00fdzkumu:<\/b> Speci\u00e1ln\u011b optimalizov\u00e1no pro n\u00e1ro\u010dn\u00e9 v\u011bdeck\u00e9 aplikace.<\/li>\n<li><b>Bezpe\u010dn\u00e9 zpracov\u00e1n\u00ed:<\/b> V\u00e1\u0161 <b>Bezpe\u010dn\u00fd n\u00e1kup<\/b> je u n\u00e1s v\u017edy zaru\u010deno.<\/li>\n<li><b>Odborn\u00e1 podpora:<\/b> N\u00e1\u0161 t\u00fdm je v\u00e1m k dispozici pro p\u0159\u00edpadn\u00e9 dotazy.<\/li>\n<\/ul>\n<p>D\u00e1le jsme hrd\u00ed na to, \u017ee <b>nejlep\u0161\u00ed NDTDI (Ergoline) na trhu<\/b> kter\u00fd je oce\u0148ov\u00e1n v\u011bdci po cel\u00e9m sv\u011bt\u011b. Pokud chcete <b>NDTDI (Ergoline) Objednat online<\/b> najdete u n\u00e1s nejen produkt, ale tak\u00e9 partnera pro va\u0161e v\u011bdeck\u00e9 v\u00fdzvy. Zveme v\u00e1s, abyste, <b>koupit online nyn\u00ed<\/b> a p\u0159esv\u011bd\u010dit se o na\u0161\u00ed nab\u00eddce. Po\u0159i\u010fte si sv\u016fj <a href=\"https:\/\/chemgramx.com\/cs\/produkt-2\/buy-ndtdi-ergoline-online\/\">NDTDI (Ergoline) od Chemgramx<\/a> a vyu\u017eijte na\u0161e odborn\u00e9 znalosti.<\/p>\n<h2>\u010casto kladen\u00e9 ot\u00e1zky (FAQ)<\/h2>\n<ul>\n<li><b>K \u010demu se NDTDI (Ergoline) pou\u017e\u00edv\u00e1 hlavn\u011b?<\/b><br \/>Pou\u017e\u00edv\u00e1 se p\u0159edev\u0161\u00edm v neurov\u011bdeck\u00e9m a farmakologick\u00e9m v\u00fdzkumu ke studiu interakc\u00ed receptor\u016f a biochemick\u00fdch drah.<\/li>\n<li><b>Jakou \u010distotu mohu o\u010dek\u00e1vat?<\/b><br \/>Nab\u00edz\u00edme <b>NDTDI (Ergoline)<\/b> vysok\u00e9 \u010distoty, kter\u00e1 je potvrzena p\u0159\u00edsn\u00fdmi kontrolami kvality a analytick\u00fdmi testy, aby byla zaji\u0161t\u011bna kvalita v\u00fdzkumu.<\/li>\n<li><b>Jak by m\u011bl b\u00fdt NDTDI (Ergoline) skladov\u00e1n?<\/b><br \/>M\u011bl by b\u00fdt skladov\u00e1n v chladn\u00e9m, such\u00e9m a dob\u0159e uzav\u0159en\u00e9m obalu, chr\u00e1n\u011bn\u00e9m p\u0159ed sv\u011btlem, aby byla zachov\u00e1na jeho stabilita a integrita.<\/li>\n<li><b>Je mo\u017en\u00e9 NDTDI (Ergoline) leg\u00e1ln\u011b zakoupit?<\/b><br \/>Ano, n\u00e1kup je povolen pro leg\u00e1ln\u00ed v\u00fdzkumn\u00e9 \u00fa\u010dely. Nen\u00ed v\u0161ak ur\u010den k lidsk\u00e9 spot\u0159eb\u011b ani k terapeutick\u00fdm \u00fa\u010del\u016fm.<\/li>\n<\/ul>\n<h2>Z\u00e1v\u011br a dostupnost<\/h2>\n<p>Souhrnn\u011b lze \u0159\u00edci, \u017ee <b>NDTDI (Ergoline)<\/b> je nepostradateln\u00fdm n\u00e1strojem pro seri\u00f3zn\u00ed v\u011bdeck\u00fd v\u00fdzkum. Jeho specifick\u00e1 struktura a oblasti pou\u017eit\u00ed z n\u011bj \u010din\u00ed cennou slou\u010deninu v laborato\u0159\u00edch po cel\u00e9m sv\u011bt\u011b. Ve spole\u010dnosti Chemgramx se zav\u00e1zali, \u017ee v\u00e1m v\u017edy poskytneme produkty nejvy\u0161\u0161\u00ed kvality a \u010distoty.<\/p>\n<p>Na str\u00e1nk\u00e1ch <b>Dostupnost NDTDI (Ergoline)<\/b> je u n\u00e1s trvale zaji\u0161t\u011bna, aby pokryla va\u0161e v\u00fdzkumn\u00e9 pot\u0159eby. Vyu\u017eijte t\u00e9to p\u0159\u00edle\u017eitosti a po\u0159i\u010fte si svou <b>NDTDI (Ergoline)<\/b> u Chemgramx, kde kvalita a v\u011bdeck\u00e1 integrita jdou ruku v ruce. Nav\u0161tivte na\u0161e webov\u00e9 str\u00e1nky, kde z\u00edsk\u00e1te dal\u0161\u00ed informace a m\u016f\u017eete si sv\u016fj produkt bezpe\u010dn\u011b zakoupit. Pokud <a href=\"https:\/\/chemgramx.com\/cs\/produkt-2\/buy-ndtdi-ergoline-online\/\">vysoce kvalitn\u00ed NDTDI (Ergoline)<\/a> hled\u00e1te, jste u n\u00e1s na spr\u00e1vn\u00e9m m\u00edst\u011b.<\/p>","protected":false},"excerpt":{"rendered":"<p><b>NDTDI (Ergoline)<\/b> je syntetick\u00fd deriv\u00e1t, kter\u00fd se pou\u017e\u00edv\u00e1 pro neurov\u011bdeck\u00e9 a farmakologick\u00e9 v\u00fdzkumn\u00e9 \u00fa\u010dely. Jako produkt <b>vysok\u00e1 \u010distota<\/b> a <b>Kvalita laborato\u0159e<\/b> je ide\u00e1ln\u00ed pro n\u00e1ro\u010dn\u00e9 studium. Objevte <b>autentick\u00fd NDTDI (Ergoline)<\/b> a objednejte si jej u Chemgramx pro sv\u00e9 v\u011bdeck\u00e9 projekty.<\/p>\n<ul>\n<li>Zaru\u010den\u00e1 kvalita v\u00fdzkumu<\/li>\n<li>Vysok\u00e1 \u010distota<\/li>\n<li>Pro n\u00e1ro\u010dn\u00e9 studium<\/li>\n<\/ul>","protected":false},"featured_media":7923,"comment_status":"open","ping_status":"closed","template":"","meta":{"_joinchat":[]},"product_brand":[],"product_cat":[56],"product_tag":[2578,2581,2575,2574,2576,2577,2580,2579,2015],"class_list":{"0":"post-7893","1":"product","2":"type-product","3":"status-publish","4":"has-post-thumbnail","6":"product_cat-opioids","7":"product_tag-ergoline-chemikalien","8":"product_tag-ergoline-drogen","9":"product_tag-ergoline-kaufen","10":"product_tag-ndtdi-kaufen","11":"product_tag-ndtdi-kristalle","12":"product_tag-ndtdi-online-kaufen","13":"product_tag-ndtdi-preis","14":"product_tag-ndtdi-prodej","15":"product_tag-synthetische-drogen","17":"first","18":"instock","19":"shipping-taxable","20":"purchasable","21":"product-type-variable"},"yoast_head":"<!-- This site is optimized with the Yoast SEO plugin v26.3 - https:\/\/yoast.com\/wordpress\/plugins\/seo\/ -->\n<title>NDTDI (Ergoline) Kaufen - Reinheit (Top Qualit\u00e4t)<\/title>\n<meta name=\"description\" content=\"NDTDI Ergoline in hoher Reinheit f\u00fcr Ihre Forschung. Entdecken Sie authentische Forschungsqualit\u00e4t und bestellen Sie jetzt online bei Chemgramx. Sicherer Kauf garantiert.\" \/>\n<meta name=\"robots\" content=\"noindex, follow, max-snippet:-1, max-image-preview:large, max-video-preview:-1\" \/>\n<meta property=\"og:locale\" content=\"cs_CZ\" \/>\n<meta property=\"og:type\" content=\"article\" \/>\n<meta property=\"og:title\" content=\"NDTDI (Ergoline) Kaufen - Reinheit (Top Qualit\u00e4t)\" \/>\n<meta property=\"og:description\" content=\"NDTDI Ergoline in hoher Reinheit f\u00fcr Ihre Forschung. Entdecken Sie authentische Forschungsqualit\u00e4t und bestellen Sie jetzt online bei Chemgramx. Sicherer Kauf garantiert.\" \/>\n<meta property=\"og:url\" content=\"https:\/\/chemgramx.com\/cs\/produkt-2\/buy-ndtdi-ergoline-online\/\" \/>\n<meta property=\"og:site_name\" content=\"Chemgramx\" \/>\n<meta property=\"article:modified_time\" content=\"2025-12-10T06:55:25+00:00\" \/>\n<meta property=\"og:image\" content=\"https:\/\/chemgramx.com\/wp-content\/uploads\/2025\/11\/Buy-NDTDI-online-1.webp\" \/>\n\t<meta property=\"og:image:width\" content=\"600\" \/>\n\t<meta property=\"og:image:height\" content=\"600\" \/>\n\t<meta property=\"og:image:type\" content=\"image\/webp\" \/>\n<meta name=\"twitter:card\" content=\"summary_large_image\" \/>\n<meta name=\"twitter:label1\" content=\"Odhadovan\u00e1 doba \u010dten\u00ed\" \/>\n\t<meta name=\"twitter:data1\" content=\"4 minuty\" \/>\n<script type=\"application\/ld+json\" class=\"yoast-schema-graph\">{\"@context\":\"https:\/\/schema.org\",\"@graph\":[{\"@type\":\"WebPage\",\"@id\":\"https:\/\/chemgramx.com\/product\/ndtdi-ergoline-online-kaufen\/\",\"url\":\"https:\/\/chemgramx.com\/product\/ndtdi-ergoline-online-kaufen\/\",\"name\":\"NDTDI (Ergoline) Kaufen - Reinheit (Top Qualit\u00e4t)\",\"isPartOf\":{\"@id\":\"https:\/\/chemgramx.com\/#website\"},\"primaryImageOfPage\":{\"@id\":\"https:\/\/chemgramx.com\/product\/ndtdi-ergoline-online-kaufen\/#primaryimage\"},\"image\":{\"@id\":\"https:\/\/chemgramx.com\/product\/ndtdi-ergoline-online-kaufen\/#primaryimage\"},\"thumbnailUrl\":\"https:\/\/chemgramx.com\/wp-content\/uploads\/2025\/11\/Buy-NDTDI-online-1.webp\",\"datePublished\":\"2025-11-21T11:24:16+00:00\",\"dateModified\":\"2025-12-10T06:55:25+00:00\",\"description\":\"NDTDI Ergoline in hoher Reinheit f\u00fcr Ihre Forschung. Entdecken Sie authentische Forschungsqualit\u00e4t und bestellen Sie jetzt online bei Chemgramx. Sicherer Kauf garantiert.\",\"breadcrumb\":{\"@id\":\"https:\/\/chemgramx.com\/product\/ndtdi-ergoline-online-kaufen\/#breadcrumb\"},\"inLanguage\":\"cs\",\"potentialAction\":[{\"@type\":\"ReadAction\",\"target\":[\"https:\/\/chemgramx.com\/product\/ndtdi-ergoline-online-kaufen\/\"]}]},{\"@type\":\"ImageObject\",\"inLanguage\":\"cs\",\"@id\":\"https:\/\/chemgramx.com\/product\/ndtdi-ergoline-online-kaufen\/#primaryimage\",\"url\":\"https:\/\/chemgramx.com\/wp-content\/uploads\/2025\/11\/Buy-NDTDI-online-1.webp\",\"contentUrl\":\"https:\/\/chemgramx.com\/wp-content\/uploads\/2025\/11\/Buy-NDTDI-online-1.webp\",\"width\":600,\"height\":600},{\"@type\":\"BreadcrumbList\",\"@id\":\"https:\/\/chemgramx.com\/product\/ndtdi-ergoline-online-kaufen\/#breadcrumb\",\"itemListElement\":[{\"@type\":\"ListItem\",\"position\":1,\"name\":\"Home\",\"item\":\"https:\/\/chemgramx.com\/\"},{\"@type\":\"ListItem\",\"position\":2,\"name\":\"Shop\",\"item\":\"https:\/\/chemgramx.com\/shop\/\"},{\"@type\":\"ListItem\",\"position\":3,\"name\":\"NDTDI (Ergoline) Kaufen &#8211; Reinheit (Top Qualit\u00e4t)\"}]},{\"@type\":\"WebSite\",\"@id\":\"https:\/\/chemgramx.com\/#website\",\"url\":\"https:\/\/chemgramx.com\/\",\"name\":\"Chemgramx\",\"description\":\"\",\"publisher\":{\"@id\":\"https:\/\/chemgramx.com\/#organization\"},\"potentialAction\":[{\"@type\":\"SearchAction\",\"target\":{\"@type\":\"EntryPoint\",\"urlTemplate\":\"https:\/\/chemgramx.com\/?s={search_term_string}\"},\"query-input\":{\"@type\":\"PropertyValueSpecification\",\"valueRequired\":true,\"valueName\":\"search_term_string\"}}],\"inLanguage\":\"cs\"},{\"@type\":\"Organization\",\"@id\":\"https:\/\/chemgramx.com\/#organization\",\"name\":\"Chemgramx\",\"url\":\"https:\/\/chemgramx.com\/\",\"logo\":{\"@type\":\"ImageObject\",\"inLanguage\":\"cs\",\"@id\":\"https:\/\/chemgramx.com\/#\/schema\/logo\/image\/\",\"url\":\"https:\/\/chemgramx.com\/wp-content\/uploads\/2024\/10\/final-logo.png\",\"contentUrl\":\"https:\/\/chemgramx.com\/wp-content\/uploads\/2024\/10\/final-logo.png\",\"width\":250,\"height\":48,\"caption\":\"Chemgramx\"},\"image\":{\"@id\":\"https:\/\/chemgramx.com\/#\/schema\/logo\/image\/\"}}]}<\/script>\n<!-- \/ Yoast SEO plugin. -->","yoast_head_json":{"title":"Koupit NDTDI (Ergoline) \u2013 \u010distota (nejvy\u0161\u0161\u00ed kvalita)","description":"NDTDI Ergoline ve vysok\u00e9 \u010distot\u011b pro v\u00e1\u0161 v\u00fdzkum. Objevte autentickou kvalitu pro v\u00fdzkum a objednejte si nyn\u00ed online na Chemgramx. Bezpe\u010dn\u00fd n\u00e1kup zaru\u010den.","robots":{"index":"noindex","follow":"follow","max-snippet":"max-snippet:-1","max-image-preview":"max-image-preview:large","max-video-preview":"max-video-preview:-1"},"og_locale":"cs_CZ","og_type":"article","og_title":"NDTDI (Ergoline) Kaufen - Reinheit (Top Qualit\u00e4t)","og_description":"NDTDI Ergoline in hoher Reinheit f\u00fcr Ihre Forschung. Entdecken Sie authentische Forschungsqualit\u00e4t und bestellen Sie jetzt online bei Chemgramx. Sicherer Kauf garantiert.","og_url":"https:\/\/chemgramx.com\/cs\/produkt-2\/buy-ndtdi-ergoline-online\/","og_site_name":"Chemgramx","article_modified_time":"2025-12-10T06:55:25+00:00","og_image":[{"width":600,"height":600,"url":"https:\/\/chemgramx.com\/wp-content\/uploads\/2025\/11\/Buy-NDTDI-online-1.webp","type":"image\/webp"}],"twitter_card":"summary_large_image","twitter_misc":{"Odhadovan\u00e1 doba \u010dten\u00ed":"4 minuty"},"schema":{"@context":"https:\/\/schema.org","@graph":[{"@type":"WebPage","@id":"https:\/\/chemgramx.com\/product\/ndtdi-ergoline-online-kaufen\/","url":"https:\/\/chemgramx.com\/product\/ndtdi-ergoline-online-kaufen\/","name":"Koupit NDTDI (Ergoline) \u2013 \u010distota (nejvy\u0161\u0161\u00ed kvalita)","isPartOf":{"@id":"https:\/\/chemgramx.com\/#website"},"primaryImageOfPage":{"@id":"https:\/\/chemgramx.com\/product\/ndtdi-ergoline-online-kaufen\/#primaryimage"},"image":{"@id":"https:\/\/chemgramx.com\/product\/ndtdi-ergoline-online-kaufen\/#primaryimage"},"thumbnailUrl":"https:\/\/chemgramx.com\/wp-content\/uploads\/2025\/11\/Buy-NDTDI-online-1.webp","datePublished":"2025-11-21T11:24:16+00:00","dateModified":"2025-12-10T06:55:25+00:00","description":"NDTDI Ergoline ve vysok\u00e9 \u010distot\u011b pro v\u00e1\u0161 v\u00fdzkum. Objevte autentickou kvalitu pro v\u00fdzkum a objednejte si nyn\u00ed online na Chemgramx. Bezpe\u010dn\u00fd n\u00e1kup zaru\u010den.","breadcrumb":{"@id":"https:\/\/chemgramx.com\/product\/ndtdi-ergoline-online-kaufen\/#breadcrumb"},"inLanguage":"cs","potentialAction":[{"@type":"ReadAction","target":["https:\/\/chemgramx.com\/product\/ndtdi-ergoline-online-kaufen\/"]}]},{"@type":"ImageObject","inLanguage":"cs","@id":"https:\/\/chemgramx.com\/product\/ndtdi-ergoline-online-kaufen\/#primaryimage","url":"https:\/\/chemgramx.com\/wp-content\/uploads\/2025\/11\/Buy-NDTDI-online-1.webp","contentUrl":"https:\/\/chemgramx.com\/wp-content\/uploads\/2025\/11\/Buy-NDTDI-online-1.webp","width":600,"height":600},{"@type":"BreadcrumbList","@id":"https:\/\/chemgramx.com\/product\/ndtdi-ergoline-online-kaufen\/#breadcrumb","itemListElement":[{"@type":"ListItem","position":1,"name":"Home","item":"https:\/\/chemgramx.com\/"},{"@type":"ListItem","position":2,"name":"Shop","item":"https:\/\/chemgramx.com\/shop\/"},{"@type":"ListItem","position":3,"name":"NDTDI (Ergoline) Kaufen &#8211; Reinheit (Top Qualit\u00e4t)"}]},{"@type":"WebSite","@id":"https:\/\/chemgramx.com\/#website","url":"https:\/\/chemgramx.com\/","name":"Chemgramx","description":"","publisher":{"@id":"https:\/\/chemgramx.com\/#organization"},"potentialAction":[{"@type":"SearchAction","target":{"@type":"EntryPoint","urlTemplate":"https:\/\/chemgramx.com\/?s={search_term_string}"},"query-input":{"@type":"PropertyValueSpecification","valueRequired":true,"valueName":"search_term_string"}}],"inLanguage":"cs"},{"@type":"Organization","@id":"https:\/\/chemgramx.com\/#organization","name":"Chemgramx","url":"https:\/\/chemgramx.com\/","logo":{"@type":"ImageObject","inLanguage":"cs","@id":"https:\/\/chemgramx.com\/#\/schema\/logo\/image\/","url":"https:\/\/chemgramx.com\/wp-content\/uploads\/2024\/10\/final-logo.png","contentUrl":"https:\/\/chemgramx.com\/wp-content\/uploads\/2024\/10\/final-logo.png","width":250,"height":48,"caption":"Chemgramx"},"image":{"@id":"https:\/\/chemgramx.com\/#\/schema\/logo\/image\/"}}]}},"_links":{"self":[{"href":"https:\/\/chemgramx.com\/cs\/wp-json\/wp\/v2\/product\/7893","targetHints":{"allow":["GET"]}}],"collection":[{"href":"https:\/\/chemgramx.com\/cs\/wp-json\/wp\/v2\/product"}],"about":[{"href":"https:\/\/chemgramx.com\/cs\/wp-json\/wp\/v2\/types\/product"}],"replies":[{"embeddable":true,"href":"https:\/\/chemgramx.com\/cs\/wp-json\/wp\/v2\/comments?post=7893"}],"wp:featuredmedia":[{"embeddable":true,"href":"https:\/\/chemgramx.com\/cs\/wp-json\/wp\/v2\/media\/7923"}],"wp:attachment":[{"href":"https:\/\/chemgramx.com\/cs\/wp-json\/wp\/v2\/media?parent=7893"}],"wp:term":[{"taxonomy":"product_brand","embeddable":true,"href":"https:\/\/chemgramx.com\/cs\/wp-json\/wp\/v2\/product_brand?post=7893"},{"taxonomy":"product_cat","embeddable":true,"href":"https:\/\/chemgramx.com\/cs\/wp-json\/wp\/v2\/product_cat?post=7893"},{"taxonomy":"product_tag","embeddable":true,"href":"https:\/\/chemgramx.com\/cs\/wp-json\/wp\/v2\/product_tag?post=7893"}],"curies":[{"name":"wp","href":"https:\/\/api.w.org\/{rel}","templated":true}]}}