{"id":7979,"date":"2025-11-21T16:44:42","date_gmt":"2025-11-21T16:44:42","guid":{"rendered":"https:\/\/chemgramx.com\/?post_type=product&#038;p=7979"},"modified":"2025-12-10T18:07:23","modified_gmt":"2025-12-10T18:07:23","slug":"modra-a-zluta-ikea-220mg-mdma-koupit-online","status":"publish","type":"product","link":"https:\/\/chemgramx.com\/cs\/product\/blue-and-yellow-ikea-220mg-mdma-online-kaufen\/","title":{"rendered":"Koupit MDMA online \u2013 \u010cistota (na prodej)"},"content":{"rendered":"<p>Spole\u010dnost Chemgramx je va\u0161\u00edm d\u016fv\u011bryhodn\u00fdm partnerem p\u0159i z\u00edsk\u00e1v\u00e1n\u00ed vysoce kvalitn\u00edch v\u00fdzkumn\u00fdch materi\u00e1l\u016f pro n\u00e1ro\u010dn\u00e9 projekty. P\u0159edstavujeme v\u00e1m <b>MODR\u00c1 A \u017dLUT\u00c1 IKEA 220MG MDMA<\/b>, v\u00fdrobek speci\u00e1ln\u011b navr\u017een\u00fd pro v\u011bdeck\u00e9 a laboratorn\u00ed aplikace. Na\u0161\u00edm c\u00edlem je umo\u017enit v\u00fdzkumn\u00fdm pracovn\u00edk\u016fm p\u0159\u00edstup k l\u00e1tk\u00e1m nejvy\u0161\u0161\u00ed kvality.<\/p>\n<p>Pokud jste <b>Z\u00edskat MDMA na prodej<\/b> Spole\u010dnost Chemgramx nab\u00edz\u00ed prvot\u0159\u00eddn\u00ed v\u00fdb\u011br. Zaru\u010dujeme nejen p\u016fsobivou \u010distotu, ale tak\u00e9 dodr\u017eov\u00e1n\u00ed nejp\u0159\u00edsn\u011bj\u0161\u00edch norem pro zaji\u0161t\u011bn\u00ed integrity va\u0161eho v\u00fdzkumu. Tento produkt je zt\u011blesn\u011bn\u00edm na\u0161eho z\u00e1vazku ke kvalit\u011b a v\u011bdeck\u00e9 p\u0159esnosti.<\/p>\n<h2>Pochopen\u00ed podstaty MDMA<\/h2>\n<h3>Co je MDMA? Chemick\u00e1 a strukturn\u00ed anal\u00fdza<\/h3>\n<p>MDMA, v\u011bdecky zn\u00e1m\u00fd jako 3,4-methylendioxymetamfetamin, je chemick\u00e1 slou\u010denina, kter\u00e1 je p\u0159edm\u011btem v\u00fdzkumu ji\u017e n\u011bkolik desetilet\u00ed. Jej\u00ed jedine\u010dn\u00e1 molekul\u00e1rn\u00ed struktura j\u00ed prop\u016fj\u010duje specifick\u00e9 vlastnosti, kter\u00e9 ji \u010din\u00ed zaj\u00edmavou pro nejr\u016fzn\u011bj\u0161\u00ed studie. MDMA byl p\u016fvodn\u011b syntetizov\u00e1n v medic\u00edn\u011b a stal se d\u016fle\u017eit\u00fdm n\u00e1strojem v neurov\u011bd\u00e1ch a farmakologii.<\/p>\n<p>MDMA je tak\u00e9 zn\u00e1m\u00fd svou \u00falohou p\u0159i modulaci neurotransmiter\u016f, jako je serotonin, dopamin a noradrenalin. Tyto interakce jsou p\u0159edm\u011btem intenzivn\u00edho v\u00fdzkumu s c\u00edlem z\u00edskat hlub\u0161\u00ed porozum\u011bn\u00ed lidsk\u00e9 fyziologii a psychologii. Krom\u011b toho studium MDMA poskytuje cenn\u00e9 poznatky o neuron\u00e1ln\u00edch drah\u00e1ch a jejich funkc\u00edch.<\/p>\n<h3>V\u00fdznam d\u00e1vkov\u00e1n\u00ed: MODR\u00c1 A \u017dLUT\u00c1 IKEA 220MG<\/h3>\n<p>Ozna\u010den\u00ed <b>MODR\u00c1 A \u017dLUT\u00c1 IKEA 220MG MDMA<\/b> se t\u00fdk\u00e1 p\u0159esn\u00e9ho d\u00e1vkov\u00e1n\u00ed, kter\u00e9 je nezbytn\u00e9 pro reprodukovateln\u00e9 v\u00fdsledky v\u00fdzkumu. P\u0159esn\u00e9 mno\u017estv\u00ed 220 miligram\u016f na jednotku zaji\u0161\u0165uje, \u017ee v\u00fdzkumn\u00edci mohou pracovat se standardizovan\u00fdmi parametry. To je z\u00e1sadn\u00ed pro z\u00edsk\u00e1n\u00ed validn\u00edch a srovnateln\u00fdch \u00fadaj\u016f v experiment\u00e1ln\u00edch podm\u00ednk\u00e1ch.<\/p>\n<p>Tato standardizace proto umo\u017e\u0148uje minimalizovat prom\u011bnn\u00e9, kter\u00e9 by mohly zkreslit v\u00fdsledky. Pro studie, kter\u00e9 se spol\u00e9haj\u00ed na p\u0159esn\u00e1 a konzistentn\u00ed mno\u017estv\u00ed, je znalost p\u0159esn\u00e9ho d\u00e1vkov\u00e1n\u00ed nezbytn\u00e1. To zd\u016fraz\u0148uje pe\u010dlivost, kter\u00e1 je v\u011bnov\u00e1na p\u0159\u00edprav\u011b t\u00e9to v\u00fdzkumn\u00e9 l\u00e1tky.<\/p>\n<h2>Kvalita a \u010distota: n\u00e1\u0161 slib ve spole\u010dnosti Chemgramx<\/h2>\n<h3>Bezkonkuren\u010dn\u00ed \u010distota pro n\u00e1ro\u010dn\u00e9 projekty<\/h3>\n<p>Ve spole\u010dnosti Chemgramx klademe velk\u00fd d\u016fraz na \u010distotu na\u0161ich produkt\u016f. Na\u0161e <b>MODR\u00c1 A \u017dLUT\u00c1 IKEA 220MG MDMA<\/b> je vyr\u00e1b\u011bn a testov\u00e1n v nejp\u0159\u00edsn\u011bj\u0161\u00edch laboratorn\u00edch podm\u00ednk\u00e1ch, aby byla zaji\u0161t\u011bna v\u00fdjime\u010dn\u00e1 kvalita. <a href=\"https:\/\/chemgramx.com\/product\/blue-and-yellow-ikea-220mg-mdma-online-kaufen\/\">Vysok\u00e1 \u010distota na prodej<\/a> aby byla zaji\u0161t\u011bna nejvy\u0161\u0161\u00ed kvalita. Ka\u017ed\u00e1 \u0161ar\u017ee proch\u00e1z\u00ed rozs\u00e1hl\u00fdmi anal\u00fdzami, aby se zajistilo, \u017ee neobsahuje ne\u010distoty, kter\u00e9 by mohly ovlivnit v\u00fdsledky va\u0161eho v\u00fdzkumu.<\/p>\n<p>Nab\u00edz\u00edme tak\u00e9 <b>Kvalita v\u00fdzkumu na prodej<\/b>, kter\u00fd spl\u0148uje nejvy\u0161\u0161\u00ed n\u00e1roky. Dodr\u017eov\u00e1n\u00ed mezin\u00e1rodn\u00edch norem je pro n\u00e1s samoz\u0159ejmost\u00ed. Tento v\u00fdrobek je tak\u00e9 certifikov\u00e1n <b>Laboratorn\u00ed kvalita na prodej<\/b>, co\u017e zd\u016fraz\u0148uje jeho vhodnost pro nejn\u00e1ro\u010dn\u011bj\u0161\u00ed v\u011bdeck\u00e9 aplikace. Ch\u00e1peme, \u017ee kl\u00ed\u010dem k \u00fasp\u011bchu je p\u0159esnost.<\/p>\n<h3>Autentick\u00e1 MDMA: D\u016fv\u011bra d\u00edky transparentnosti<\/h3>\n<p>Z\u00e1kladem ka\u017ed\u00e9 \u00fasp\u011b\u0161n\u00e9 v\u00fdzkumn\u00e9 spolupr\u00e1ce je d\u016fv\u011bra. Proto v\u00e1m zaru\u010dujeme, \u017ee s n\u00e1mi <b>Autentick\u00e9 MDMA<\/b> n\u00e1kup. Ka\u017ed\u00fd v\u00fdrobek je pe\u010dliv\u011b testov\u00e1n, aby byla potvrzena jeho identita a kvalita. Spolupracujeme v\u0161ak pouze s dodavateli, kte\u0159\u00ed sd\u00edlej\u00ed na\u0161e vysok\u00e9 etick\u00e9 a v\u011bdeck\u00e9 standardy.<\/p>\n<p>Nap\u0159\u00edklad poskytujeme podrobn\u00e9 specifikace a analytick\u00e9 \u00fadaje, abychom zajistili naprostou transparentnost. N\u00e1\u0161 z\u00e1vazek k autenticit\u011b znamen\u00e1, \u017ee se v\u00fdzkumn\u00edci mohou spolehnout na konzistenci a spolehlivost na\u0161ich materi\u00e1l\u016f. To je kl\u00ed\u010dov\u00fd faktor pro d\u016fv\u011bryhodnost va\u0161\u00ed v\u011bdeck\u00e9 pr\u00e1ce.<\/p>\n<h2>Mo\u017enosti vyu\u017eit\u00ed ve v\u011bdeck\u00e9m v\u00fdzkumu<\/h2>\n<h3>Oblasti v\u00fdzkumu a potenci\u00e1ln\u00ed studie<\/h3>\n<p>Na str\u00e1nk\u00e1ch <b>MODR\u00c1 A \u017dLUT\u00c1 IKEA 220MG MDMA<\/b> je univerz\u00e1ln\u00edm n\u00e1strojem pro r\u016fzn\u00e9 v\u00fdzkumn\u00e9 obory. Pou\u017e\u00edv\u00e1 se ve studi\u00edch neuroplasticity, tvorby pam\u011bti a zpracov\u00e1n\u00ed emoc\u00ed. Je v\u0161ak nezbytn\u00e9, aby v\u0161echny experimenty byly prov\u00e1d\u011bny v p\u0159\u00edsn\u00e9m souladu s v\u011bdeck\u00fdmi protokoly a etick\u00fdmi z\u00e1sadami.<\/p>\n<p>Potenci\u00e1ln\u00ed studie mohou d\u00e1le zkoumat \u00fa\u010dinky MDMA na soci\u00e1ln\u00ed pozn\u00e1v\u00e1n\u00ed, reakci na stres nebo v\u00fdvoj nov\u00fdch terapeutick\u00fdch p\u0159\u00edstup\u016f. Pro takov\u00e9 n\u00e1ro\u010dn\u00e9 projekty pot\u0159ebuj\u00ed v\u00fdzkumn\u00ed pracovn\u00edci <b>Nejlep\u0161\u00ed dostupn\u00fd MDMA<\/b> na trhu. Na\u0161e zaji\u0161t\u011bn\u00ed kvality zaru\u010duje, \u017ee v\u00e1\u0161 v\u00fdzkum je zalo\u017een na pevn\u00fdch z\u00e1kladech. V\u00edce vzru\u0161uj\u00edc\u00ed <a href=\"https:\/\/chemgramx.com\/product\/bubble-gum-indica-hybrid-strain-15-19-thc\/\">V\u00fdzkumn\u00e9 materi\u00e1ly<\/a> najdete tak\u00e9 v na\u0161\u00ed nab\u00eddce.<\/p>\n<h3>Bezpe\u010dnostn\u00ed aspekty a etick\u00e9 z\u00e1sady<\/h3>\n<p>Zodpov\u011bdn\u00e9 zach\u00e1zen\u00ed s v\u00fdzkumn\u00fdmi chemick\u00fdmi l\u00e1tkami m\u00e1 z\u00e1sadn\u00ed v\u00fdznam. P\u0159esto zd\u016fraz\u0148ujeme, \u017ee je t\u0159eba p\u0159\u00edsn\u011b dodr\u017eovat v\u0161echny p\u0159\u00edslu\u0161n\u00e9 z\u00e1kony a p\u0159edpisy t\u00fdkaj\u00edc\u00ed se dr\u017een\u00ed a pou\u017e\u00edv\u00e1n\u00ed MDMA. Spole\u010dnost Chemgramx dod\u00e1v\u00e1 produkty pro v\u00fdzkumn\u00e9 \u00fa\u010dely pouze kvalifikovan\u00fdm instituc\u00edm a jednotlivc\u016fm.<\/p>\n<p>Dodr\u017eov\u00e1n\u00ed etick\u00fdch z\u00e1sad ve v\u00fdzkumu je v\u0161ak nezbytn\u00e9. Vyz\u00fdv\u00e1me v\u0161echny na\u0161e z\u00e1kazn\u00edky, aby byli pln\u011b informov\u00e1ni o rizic\u00edch a spr\u00e1vn\u00e9m skladov\u00e1n\u00ed a likvidaci l\u00e1tek. Bezpe\u010dnost v laborato\u0159i je v\u017edy na\u0161\u00ed nejvy\u0161\u0161\u00ed prioritou.<\/p>\n<h2>V\u00e1\u0161 partner pro v\u00fdzkumn\u00e9 materi\u00e1ly: Pro\u010d Chemgramx?<\/h2>\n<h3>Snadn\u00fd n\u00e1kup MDMA online<\/h3>\n<p>Spole\u010dnost Chemgramx optimalizovala proces z\u00edsk\u00e1v\u00e1n\u00ed v\u00fdzkumn\u00fdch chemik\u00e1li\u00ed, aby v\u00e1m nab\u00eddla maxim\u00e1ln\u00ed efektivitu. M\u016f\u017eete <b>Objednejte si MDMA online<\/b> n\u011bkolika kliknut\u00edmi a u\u0161et\u0159it drahocenn\u00fd \u010das. N\u00e1\u0161 syst\u00e9m je navr\u017een tak, aby zajistil hladk\u00fd proces od v\u00fdb\u011bru a\u017e po bezpe\u010dn\u00e9 dokon\u010den\u00ed objedn\u00e1vky.<\/p>\n<p>Pot\u00e9 obdr\u017e\u00edte potvrzen\u00ed obsahuj\u00edc\u00ed v\u0161echny podrobnosti o n\u00e1kupu. Velk\u00fd d\u016fraz klademe tak\u00e9 na diskr\u00e9tnost a bezpe\u010dn\u00e9 zpracov\u00e1n\u00ed v\u0161ech transakc\u00ed. Na\u0161\u00edm c\u00edlem je, aby byl v\u00e1\u0161 p\u0159\u00edstup k z\u00e1kladn\u00edm v\u00fdzkumn\u00fdm materi\u00e1l\u016fm co nejm\u00e9n\u011b komplikovan\u00fd. <a href=\"https:\/\/chemgramx.com\/product\/blue-and-yellow-ikea-220mg-mdma-online-kaufen\/\">Nejlep\u0161\u00ed MDMA<\/a> najdete zde.<\/p>\n<h3>Bezpe\u010dn\u00e1 cesta k vysoce kvalitn\u00edm v\u00fdzkumn\u00fdm l\u00e1tk\u00e1m<\/h3>\n<p>Va\u0161e bezpe\u010dnost a integrita va\u0161ich dat jsou pro n\u00e1s nesm\u00edrn\u011b d\u016fle\u017eit\u00e9. Zaru\u010dujeme, \u017ee <b>Bezpe\u010dn\u00fd n\u00e1kup<\/b> pomoc\u00ed nejnov\u011bj\u0161\u00edch \u0161ifrovac\u00edch technologi\u00ed a p\u0159\u00edsn\u00fdch protokol\u016f na ochranu dat. S va\u0161imi osobn\u00edmi a finan\u010dn\u00edmi \u00fadaji je v\u017edy nakl\u00e1d\u00e1no s maxim\u00e1ln\u00ed p\u00e9\u010d\u00ed. N\u00e1\u0161 proces je navr\u017een tak, aby v\u00e1m poskytl naprostou bezpe\u010dnost.<\/p>\n<p>A kone\u010dn\u011b, akvizice <b>Vysoce kvalitn\u00ed MDMA<\/b> u spole\u010dnosti Chemgramx je investic\u00ed do spolehlivosti va\u0161eho v\u00fdzkumu. Jsme hrd\u00ed na to, \u017ee jsme zdrojem prvot\u0159\u00eddn\u00edch v\u011bdeck\u00fdch materi\u00e1l\u016f. D\u016fv\u011b\u0159ujte na\u0161im odborn\u00fdm znalostem a <b>koupit u Chemgramx<\/b> pro va\u0161e dal\u0161\u00ed projekty. V\u017edy se sna\u017e\u00edme p\u0159ekonat va\u0161e o\u010dek\u00e1v\u00e1n\u00ed.<\/p>\n<h3>N\u00e1\u0161 z\u00e1vazek poskytovat vynikaj\u00edc\u00ed slu\u017eby<\/h3>\n<p>Krom\u011b poskytov\u00e1n\u00ed vysoce kvalitn\u00edch v\u00fdrobk\u016f klademe d\u016fraz na vynikaj\u00edc\u00ed z\u00e1kaznick\u00fd servis. N\u00e1\u0161 specializovan\u00fd t\u00fdm je p\u0159ipraven zodpov\u011bd\u011bt v\u0161echny va\u0161e dotazy a zajistit tak hladk\u00fd pr\u016fb\u011bh procesu. A\u0165 u\u017e se jedn\u00e1 o informace o produktech nebo o proces objedn\u00e1v\u00e1n\u00ed, jsme tu pro v\u00e1s.<\/p>\n<p>V neposledn\u00ed \u0159ad\u011b se sna\u017e\u00edme navazovat dlouhodob\u00e1 partnerstv\u00ed s v\u00fdzkumn\u00fdmi pracovn\u00edky. Rozum\u00edme pot\u0159eb\u00e1m v\u011bdeck\u00e9 komunity a podle toho p\u0159izp\u016fsobujeme na\u0161e slu\u017eby. V\u00e1\u0161 \u00fasp\u011bch je i na\u0161\u00edm \u00fasp\u011bchem a my jsme odhodl\u00e1ni poskytovat v\u00e1m tu nejlep\u0161\u00ed mo\u017enou podporu. D\u00edky tomu jsme prvn\u00ed volbou <b>Koupit online<\/b>.<\/p>","protected":false},"excerpt":{"rendered":"<p>Objevte <b>MODR\u00c1 A \u017dLUT\u00c1 IKEA 220MG MDMA<\/b> od spole\u010dnosti Chemgramx, ur\u010den\u00e9 pro n\u00e1ro\u010dn\u00e9 v\u00fdzkumn\u00e9 \u00fa\u010dely. Tento produkt nab\u00edz\u00ed nejvy\u0161\u0161\u00ed \u010distotu a laboratorn\u00ed kvalitu, kter\u00e1 je nezbytn\u00e1 pro p\u0159esn\u00e9 v\u011bdeck\u00e9 studie. Pokud <b>Koupit MDMA<\/b> se m\u016f\u017eete spolehnout na na\u0161e odborn\u00e9 znalosti.<\/p>\n<ul>\n<li><b>\u010cistota:<\/b> Zaru\u010den\u00e1 vysok\u00e1 \u010distota pro spolehliv\u00e9 v\u00fdsledky.<\/li>\n<li><b>Kvalita:<\/b> P\u0159\u00edsn\u011b testovan\u00e1 laboratorn\u00ed a v\u00fdzkumn\u00e1 kvalita.<\/li>\n<li><b>P\u0159esn\u00e9 d\u00e1vkov\u00e1n\u00ed:<\/b> Standardizov\u00e1no 220 mg na jednotku.<\/li>\n<\/ul>","protected":false},"featured_media":8015,"comment_status":"open","ping_status":"closed","template":"","meta":{"_joinchat":[]},"product_brand":[],"product_cat":[2846],"product_tag":[2187,1793,2420,2423,2422,2188,2017,2164,2421,2018,2015],"class_list":{"0":"post-7979","1":"product","2":"type-product","3":"status-publish","4":"has-post-thumbnail","6":"product_cat-ecstasy-pills","7":"product_tag-220mg-mdma","8":"product_tag-blue-and-yellow-ikea-220mg-mdma","9":"product_tag-blue-and-yellow-ikea-mdma","10":"product_tag-blue-and-yellow-mdma","11":"product_tag-ikea-mdma-kaufen","12":"product_tag-mdma-220mg-kaufen","13":"product_tag-mdma-kristalle","14":"product_tag-mdma-online-kaufen","15":"product_tag-mdma-prodej","16":"product_tag-mdma-zum-verkauf","17":"product_tag-synthetische-drogen","19":"first","20":"instock","21":"shipping-taxable","22":"purchasable","23":"product-type-variable"},"yoast_head":"<!-- This site is optimized with the Yoast SEO plugin v27.5 - https:\/\/yoast.com\/product\/yoast-seo-wordpress\/ -->\n<title>MDMA online kaufen \u2013 Reinheit (zum Verkauf)<\/title>\n<meta name=\"description\" content=\"Entdecken Sie BLUE AND YELLOW IKEA 220MG MDMA von h\u00f6chster Reinheit. Ideal f\u00fcr Forschungszwecke. MDMA online kaufen Sie sicher bei Chemgramx.\" \/>\n<meta name=\"robots\" content=\"index, follow, max-snippet:-1, max-image-preview:large, max-video-preview:-1\" \/>\n<link rel=\"canonical\" href=\"https:\/\/chemgramx.com\/cs\/produkt-1\/modra-a-zluta-ikea-220mg-mdma-koupit-online\/\" \/>\n<meta property=\"og:locale\" content=\"cs_CZ\" \/>\n<meta property=\"og:type\" content=\"article\" \/>\n<meta property=\"og:title\" content=\"MDMA online kaufen \u2013 Reinheit (zum Verkauf)\" \/>\n<meta property=\"og:description\" content=\"Entdecken Sie BLUE AND YELLOW IKEA 220MG MDMA von h\u00f6chster Reinheit. Ideal f\u00fcr Forschungszwecke. MDMA online kaufen Sie sicher bei Chemgramx.\" \/>\n<meta property=\"og:url\" content=\"https:\/\/chemgramx.com\/cs\/produkt-1\/modra-a-zluta-ikea-220mg-mdma-koupit-online\/\" \/>\n<meta property=\"og:site_name\" content=\"Chemgramx\" \/>\n<meta property=\"article:modified_time\" content=\"2025-12-10T18:07:23+00:00\" \/>\n<meta property=\"og:image\" content=\"https:\/\/chemgramx.com\/wp-content\/uploads\/2025\/11\/BLUE-AND-YELLOW-IKEA-220MG-MDMA-1.png\" \/>\n\t<meta property=\"og:image:width\" content=\"600\" \/>\n\t<meta property=\"og:image:height\" content=\"400\" \/>\n\t<meta property=\"og:image:type\" content=\"image\/png\" \/>\n<meta name=\"twitter:card\" content=\"summary_large_image\" \/>\n<meta name=\"twitter:label1\" content=\"Odhadovan\u00e1 doba \u010dten\u00ed\" \/>\n\t<meta name=\"twitter:data1\" content=\"5 minut\" \/>\n<script type=\"application\/ld+json\" class=\"yoast-schema-graph\">{\"@context\":\"https:\\\/\\\/schema.org\",\"@graph\":[{\"@type\":\"WebPage\",\"@id\":\"https:\\\/\\\/chemgramx.com\\\/product\\\/blue-and-yellow-ikea-220mg-mdma-online-kaufen\\\/\",\"url\":\"https:\\\/\\\/chemgramx.com\\\/product\\\/blue-and-yellow-ikea-220mg-mdma-online-kaufen\\\/\",\"name\":\"MDMA online kaufen \u2013 Reinheit (zum Verkauf)\",\"isPartOf\":{\"@id\":\"https:\\\/\\\/chemgramx.com\\\/#website\"},\"primaryImageOfPage\":{\"@id\":\"https:\\\/\\\/chemgramx.com\\\/product\\\/blue-and-yellow-ikea-220mg-mdma-online-kaufen\\\/#primaryimage\"},\"image\":{\"@id\":\"https:\\\/\\\/chemgramx.com\\\/product\\\/blue-and-yellow-ikea-220mg-mdma-online-kaufen\\\/#primaryimage\"},\"thumbnailUrl\":\"https:\\\/\\\/chemgramx.com\\\/wp-content\\\/uploads\\\/2025\\\/11\\\/BLUE-AND-YELLOW-IKEA-220MG-MDMA-1.png\",\"datePublished\":\"2025-11-21T16:44:42+00:00\",\"dateModified\":\"2025-12-10T18:07:23+00:00\",\"description\":\"Entdecken Sie BLUE AND YELLOW IKEA 220MG MDMA von h\u00f6chster Reinheit. Ideal f\u00fcr Forschungszwecke. MDMA online kaufen Sie sicher bei Chemgramx.\",\"breadcrumb\":{\"@id\":\"https:\\\/\\\/chemgramx.com\\\/product\\\/blue-and-yellow-ikea-220mg-mdma-online-kaufen\\\/#breadcrumb\"},\"inLanguage\":\"cs\",\"potentialAction\":[{\"@type\":\"ReadAction\",\"target\":[\"https:\\\/\\\/chemgramx.com\\\/product\\\/blue-and-yellow-ikea-220mg-mdma-online-kaufen\\\/\"]}]},{\"@type\":\"ImageObject\",\"inLanguage\":\"cs\",\"@id\":\"https:\\\/\\\/chemgramx.com\\\/product\\\/blue-and-yellow-ikea-220mg-mdma-online-kaufen\\\/#primaryimage\",\"url\":\"https:\\\/\\\/chemgramx.com\\\/wp-content\\\/uploads\\\/2025\\\/11\\\/BLUE-AND-YELLOW-IKEA-220MG-MDMA-1.png\",\"contentUrl\":\"https:\\\/\\\/chemgramx.com\\\/wp-content\\\/uploads\\\/2025\\\/11\\\/BLUE-AND-YELLOW-IKEA-220MG-MDMA-1.png\",\"width\":600,\"height\":400},{\"@type\":\"BreadcrumbList\",\"@id\":\"https:\\\/\\\/chemgramx.com\\\/product\\\/blue-and-yellow-ikea-220mg-mdma-online-kaufen\\\/#breadcrumb\",\"itemListElement\":[{\"@type\":\"ListItem\",\"position\":1,\"name\":\"Home\",\"item\":\"https:\\\/\\\/chemgramx.com\\\/\"},{\"@type\":\"ListItem\",\"position\":2,\"name\":\"Shop\",\"item\":\"https:\\\/\\\/chemgramx.com\\\/shop\\\/\"},{\"@type\":\"ListItem\",\"position\":3,\"name\":\"MDMA online kaufen \u2013 Reinheit (zum Verkauf)\"}]},{\"@type\":\"WebSite\",\"@id\":\"https:\\\/\\\/chemgramx.com\\\/#website\",\"url\":\"https:\\\/\\\/chemgramx.com\\\/\",\"name\":\"Chemgramx\",\"description\":\"\",\"publisher\":{\"@id\":\"https:\\\/\\\/chemgramx.com\\\/#organization\"},\"potentialAction\":[{\"@type\":\"SearchAction\",\"target\":{\"@type\":\"EntryPoint\",\"urlTemplate\":\"https:\\\/\\\/chemgramx.com\\\/?s={search_term_string}\"},\"query-input\":{\"@type\":\"PropertyValueSpecification\",\"valueRequired\":true,\"valueName\":\"search_term_string\"}}],\"inLanguage\":\"cs\"},{\"@type\":\"Organization\",\"@id\":\"https:\\\/\\\/chemgramx.com\\\/#organization\",\"name\":\"Chemgramx\",\"url\":\"https:\\\/\\\/chemgramx.com\\\/\",\"logo\":{\"@type\":\"ImageObject\",\"inLanguage\":\"cs\",\"@id\":\"https:\\\/\\\/chemgramx.com\\\/#\\\/schema\\\/logo\\\/image\\\/\",\"url\":\"https:\\\/\\\/chemgramx.com\\\/wp-content\\\/uploads\\\/2024\\\/10\\\/final-logo.png\",\"contentUrl\":\"https:\\\/\\\/chemgramx.com\\\/wp-content\\\/uploads\\\/2024\\\/10\\\/final-logo.png\",\"width\":250,\"height\":48,\"caption\":\"Chemgramx\"},\"image\":{\"@id\":\"https:\\\/\\\/chemgramx.com\\\/#\\\/schema\\\/logo\\\/image\\\/\"}}]}<\/script>\n<!-- \/ Yoast SEO plugin. -->","yoast_head_json":{"title":"Koupit MDMA online \u2013 \u010cistota (na prodej)","description":"Objevte MODROU A \u017dLUTOU IKEA 220MG MDMA nejvy\u0161\u0161\u00ed \u010distoty. Ide\u00e1ln\u00ed pro v\u00fdzkumn\u00e9 \u00fa\u010dely. Kupte si MDMA bezpe\u010dn\u011b online na Chemgramx.","robots":{"index":"index","follow":"follow","max-snippet":"max-snippet:-1","max-image-preview":"max-image-preview:large","max-video-preview":"max-video-preview:-1"},"canonical":"https:\/\/chemgramx.com\/cs\/produkt-1\/modra-a-zluta-ikea-220mg-mdma-koupit-online\/","og_locale":"cs_CZ","og_type":"article","og_title":"MDMA online kaufen \u2013 Reinheit (zum Verkauf)","og_description":"Entdecken Sie BLUE AND YELLOW IKEA 220MG MDMA von h\u00f6chster Reinheit. Ideal f\u00fcr Forschungszwecke. MDMA online kaufen Sie sicher bei Chemgramx.","og_url":"https:\/\/chemgramx.com\/cs\/produkt-1\/modra-a-zluta-ikea-220mg-mdma-koupit-online\/","og_site_name":"Chemgramx","article_modified_time":"2025-12-10T18:07:23+00:00","og_image":[{"width":600,"height":400,"url":"https:\/\/chemgramx.com\/wp-content\/uploads\/2025\/11\/BLUE-AND-YELLOW-IKEA-220MG-MDMA-1.png","type":"image\/png"}],"twitter_card":"summary_large_image","twitter_misc":{"Odhadovan\u00e1 doba \u010dten\u00ed":"5 minut"},"schema":{"@context":"https:\/\/schema.org","@graph":[{"@type":"WebPage","@id":"https:\/\/chemgramx.com\/product\/blue-and-yellow-ikea-220mg-mdma-online-kaufen\/","url":"https:\/\/chemgramx.com\/product\/blue-and-yellow-ikea-220mg-mdma-online-kaufen\/","name":"Koupit MDMA online \u2013 \u010cistota (na prodej)","isPartOf":{"@id":"https:\/\/chemgramx.com\/#website"},"primaryImageOfPage":{"@id":"https:\/\/chemgramx.com\/product\/blue-and-yellow-ikea-220mg-mdma-online-kaufen\/#primaryimage"},"image":{"@id":"https:\/\/chemgramx.com\/product\/blue-and-yellow-ikea-220mg-mdma-online-kaufen\/#primaryimage"},"thumbnailUrl":"https:\/\/chemgramx.com\/wp-content\/uploads\/2025\/11\/BLUE-AND-YELLOW-IKEA-220MG-MDMA-1.png","datePublished":"2025-11-21T16:44:42+00:00","dateModified":"2025-12-10T18:07:23+00:00","description":"Objevte MODROU A \u017dLUTOU IKEA 220MG MDMA nejvy\u0161\u0161\u00ed \u010distoty. Ide\u00e1ln\u00ed pro v\u00fdzkumn\u00e9 \u00fa\u010dely. Kupte si MDMA bezpe\u010dn\u011b online na Chemgramx.","breadcrumb":{"@id":"https:\/\/chemgramx.com\/product\/blue-and-yellow-ikea-220mg-mdma-online-kaufen\/#breadcrumb"},"inLanguage":"cs","potentialAction":[{"@type":"ReadAction","target":["https:\/\/chemgramx.com\/product\/blue-and-yellow-ikea-220mg-mdma-online-kaufen\/"]}]},{"@type":"ImageObject","inLanguage":"cs","@id":"https:\/\/chemgramx.com\/product\/blue-and-yellow-ikea-220mg-mdma-online-kaufen\/#primaryimage","url":"https:\/\/chemgramx.com\/wp-content\/uploads\/2025\/11\/BLUE-AND-YELLOW-IKEA-220MG-MDMA-1.png","contentUrl":"https:\/\/chemgramx.com\/wp-content\/uploads\/2025\/11\/BLUE-AND-YELLOW-IKEA-220MG-MDMA-1.png","width":600,"height":400},{"@type":"BreadcrumbList","@id":"https:\/\/chemgramx.com\/product\/blue-and-yellow-ikea-220mg-mdma-online-kaufen\/#breadcrumb","itemListElement":[{"@type":"ListItem","position":1,"name":"Home","item":"https:\/\/chemgramx.com\/"},{"@type":"ListItem","position":2,"name":"Shop","item":"https:\/\/chemgramx.com\/shop\/"},{"@type":"ListItem","position":3,"name":"MDMA online kaufen \u2013 Reinheit (zum Verkauf)"}]},{"@type":"WebSite","@id":"https:\/\/chemgramx.com\/#website","url":"https:\/\/chemgramx.com\/","name":"Chemgramx","description":"","publisher":{"@id":"https:\/\/chemgramx.com\/#organization"},"potentialAction":[{"@type":"SearchAction","target":{"@type":"EntryPoint","urlTemplate":"https:\/\/chemgramx.com\/?s={search_term_string}"},"query-input":{"@type":"PropertyValueSpecification","valueRequired":true,"valueName":"search_term_string"}}],"inLanguage":"cs"},{"@type":"Organization","@id":"https:\/\/chemgramx.com\/#organization","name":"Chemgramx","url":"https:\/\/chemgramx.com\/","logo":{"@type":"ImageObject","inLanguage":"cs","@id":"https:\/\/chemgramx.com\/#\/schema\/logo\/image\/","url":"https:\/\/chemgramx.com\/wp-content\/uploads\/2024\/10\/final-logo.png","contentUrl":"https:\/\/chemgramx.com\/wp-content\/uploads\/2024\/10\/final-logo.png","width":250,"height":48,"caption":"Chemgramx"},"image":{"@id":"https:\/\/chemgramx.com\/#\/schema\/logo\/image\/"}}]}},"_links":{"self":[{"href":"https:\/\/chemgramx.com\/cs\/wp-json\/wp\/v2\/product\/7979","targetHints":{"allow":["GET"]}}],"collection":[{"href":"https:\/\/chemgramx.com\/cs\/wp-json\/wp\/v2\/product"}],"about":[{"href":"https:\/\/chemgramx.com\/cs\/wp-json\/wp\/v2\/types\/product"}],"replies":[{"embeddable":true,"href":"https:\/\/chemgramx.com\/cs\/wp-json\/wp\/v2\/comments?post=7979"}],"wp:featuredmedia":[{"embeddable":true,"href":"https:\/\/chemgramx.com\/cs\/wp-json\/wp\/v2\/media\/8015"}],"wp:attachment":[{"href":"https:\/\/chemgramx.com\/cs\/wp-json\/wp\/v2\/media?parent=7979"}],"wp:term":[{"taxonomy":"product_brand","embeddable":true,"href":"https:\/\/chemgramx.com\/cs\/wp-json\/wp\/v2\/product_brand?post=7979"},{"taxonomy":"product_cat","embeddable":true,"href":"https:\/\/chemgramx.com\/cs\/wp-json\/wp\/v2\/product_cat?post=7979"},{"taxonomy":"product_tag","embeddable":true,"href":"https:\/\/chemgramx.com\/cs\/wp-json\/wp\/v2\/product_tag?post=7979"}],"curies":[{"name":"wp","href":"https:\/\/api.w.org\/{rel}","templated":true}]}}