{"id":7981,"date":"2025-11-21T16:44:45","date_gmt":"2025-11-21T16:44:45","guid":{"rendered":"https:\/\/chemgramx.com\/?post_type=product&#038;p=7981"},"modified":"2025-12-10T16:58:22","modified_gmt":"2025-12-10T16:58:22","slug":"cp-orange-tesla-pills-online-order","status":"publish","type":"product","link":"https:\/\/chemgramx.com\/cs\/product\/cp-orange-tesla-pills-online-bestellung\/","title":{"rendered":"Koupit CP Orange Tesla Pills \u2013 vysok\u00e1 \u010distota"},"content":{"rendered":"<p>Za\u010dn\u011bte sv\u00e9 hled\u00e1n\u00ed p\u0159esn\u00fdch v\u00fdzkumn\u00fdch chemik\u00e1li\u00ed s d\u016fv\u011brou. <b>Koupit CP Orange Tesla pilulky<\/b> jsou vynikaj\u00edc\u00ed volbou pro seri\u00f3zn\u00ed v\u011bdeck\u00e9 projekty. My v Chemgramx jsme hrd\u00ed na to, \u017ee nab\u00edz\u00edme produkty nejvy\u0161\u0161\u00ed kvality. <b>Vysok\u00e1 \u010distota na prodej<\/b> kter\u00e9 byly vyvinuty speci\u00e1ln\u011b pro va\u0161e n\u00e1ro\u010dn\u00e9 studie. Nav\u00edc zaru\u010dujeme, \u017ee ka\u017ed\u00e1 \u0161ar\u017ee <b>Kvalita v\u00fdzkumu na prodej<\/b> odpov\u00edd\u00e1 tomu, co o\u010dek\u00e1v\u00e1te od d\u016fv\u011bryhodn\u00e9ho dodavatele.<\/p>\n<h2>CP Orange Tesla Pills: \u00davod do kvality v\u00fdzkumu<\/h2>\n<h3>Co jsou CP Orange Tesla Pills?<\/h3>\n<p><b>CP Orange Tesla Pills<\/b> p\u0159edstavuj\u00ed l\u00e1tku, kter\u00e1 je ur\u010dena v\u00fdhradn\u011b pro v\u011bdeck\u00e9 a analytick\u00e9 \u00fa\u010dely. Je nezbytn\u00e9 zd\u016fraznit, \u017ee tyto produkty nejsou v \u017e\u00e1dn\u00e9m p\u0159\u00edpad\u011b ur\u010deny k lidsk\u00e9 spot\u0159eb\u011b. Slou\u017e\u00ed sp\u00ed\u0161e jako d\u016fle\u017eit\u00e9 n\u00e1stroje v laborato\u0159\u00edch po cel\u00e9m sv\u011bt\u011b k dosa\u017een\u00ed p\u0159esn\u00fdch v\u00fdsledk\u016f v r\u016fzn\u00fdch oblastech v\u00fdzkumu. Krom\u011b toho v\u00e1m nab\u00edz\u00edme <b>Autentick\u00e9 pilulky CP Orange Tesla<\/b> jejich\u017e slo\u017een\u00ed je pe\u010dliv\u011b kontrolov\u00e1no. V\u011bdci se proto mohou spolehnout na jejich konzistenci a spolehlivost.<\/p>\n<h3>V\u00fdznam \u010distoty ve v\u00fdzkumu<\/h3>\n<p>Integrita va\u0161eho v\u00fdzkumu z\u00e1vis\u00ed do zna\u010dn\u00e9 m\u00edry na \u010distot\u011b pou\u017eit\u00fdch chemik\u00e1li\u00ed. Z tohoto d\u016fvodu klademe velk\u00fd d\u016fraz na to, abychom v\u00e1m poskytli <b>\u0160pi\u010dkov\u00e1 kvalita CP Orange Tesla Pills<\/b> dod\u00e1vat. Vysok\u00e1 \u010distota minimalizuje riziko ne\u017e\u00e1douc\u00edch vedlej\u0161\u00edch reakc\u00ed nebo zkreslen\u00fdch \u00fadaj\u016f, co\u017e je rozhoduj\u00edc\u00ed pro reprodukovatelnost v\u011bdeck\u00fdch experiment\u016f. Na\u0161e produkty jsou proto <b>Vysok\u00e1 \u010distota na prodej<\/b>, abychom vytvo\u0159ili co nejlep\u0161\u00ed z\u00e1klad pro va\u0161e v\u011bdeck\u00e9 objevy. Chemgramx se tak zavazuje dodr\u017eovat nejvy\u0161\u0161\u00ed standardy.<\/p>\n<h2>Pro\u010d si vybrat CP Orange Tesla Pills od Chemgramx?<\/h2>\n<h3>Nep\u0159ekonateln\u00e1 kvalita a konzistence<\/h3>\n<p>Na\u0161e snaha o dokonalost se odr\u00e1\u017e\u00ed v ka\u017ed\u00e9m produktu. Zaru\u010dujeme, \u017ee produkty, kter\u00e9 u n\u00e1s zakoup\u00edte, <b>CP Orange Tesla Pills<\/b> podl\u00e9haj\u00ed p\u0159\u00edsn\u00fdm kontrol\u00e1m kvality. T\u00edm je zaji\u0161t\u011bno, \u017ee ka\u017ed\u00e1 dod\u00e1vka spl\u0148uje o\u010dek\u00e1v\u00e1n\u00ed ohledn\u011b <b>Kvalita v\u00fdzkumu na prodej<\/b> spl\u0148uje nebo dokonce p\u0159ekra\u010duje. D\u00e1le se sna\u017e\u00edme v\u00e1m poskytnout <b>Nejlep\u0161\u00ed CP Orange Tesla pilulky k dispozici<\/b> aby co nejl\u00e9pe podpo\u0159ili v\u00e1\u0161 v\u00fdzkum. Konkr\u00e9tn\u011b m\u016f\u017eete <a href=\"https:\/\/chemgramx.com\/product\/cp-orange-tesla-pills-online-bestellung\/\">Objednejte si CP Orange Tesla pilulky online<\/a>, aby byl zaji\u0161t\u011bn hladk\u00fd pr\u016fb\u011bh n\u00e1kupu.<\/p>\n<h3>Bezpe\u010dnost a d\u016fv\u011bra p\u0159i n\u00e1kupu v\u00fdzkumu<\/h3>\n<p>N\u00e1kup chemik\u00e1li\u00ed pro v\u00fdzkum vy\u017eaduje d\u016fv\u011bru a jistotu. U Chemgramx je <b>Bezpe\u010dn\u00fd n\u00e1kup<\/b> Va\u0161ich produkt\u016f na prvn\u00edm m\u00edst\u011b. V\u0161echny objedn\u00e1vky jsou zpracov\u00e1v\u00e1ny s maxim\u00e1ln\u00ed p\u00e9\u010d\u00ed a diskr\u00e9tnost\u00ed, aby byla zaji\u0161t\u011bna integrita a ochrana va\u0161ich \u00fadaj\u016f. Krom\u011b toho m\u016f\u017eete <b>Koupit online nyn\u00ed<\/b> a m\u016f\u017eete se spolehnout, \u017ee va\u0161e pot\u0159eby jako v\u00fdzkumn\u00edka budou \u0159e\u0161eny profesion\u00e1ln\u011b a s respektem.<\/p>\n<h2>Oblasti pou\u017eit\u00ed a v\u00fdznam pro v\u00fdzkum<\/h2>\n<h3>Experiment\u00e1ln\u00ed studie a anal\u00fdzy<\/h3>\n<p><b>CP Orange Tesla Pills<\/b> se pou\u017e\u00edvaj\u00ed v cel\u00e9 \u0159ad\u011b experiment\u00e1ln\u00edch studi\u00ed. Jsou ide\u00e1ln\u00ed pro farmakologick\u00e9 anal\u00fdzy, toxikologick\u00e9 zkou\u0161ky nebo pro v\u00fdvoj nov\u00fdch analytick\u00fdch metod. V\u011bdc\u016fm tak umo\u017e\u0148uj\u00ed testovat konkr\u00e9tn\u00ed hypot\u00e9zy a z\u00edsk\u00e1vat nov\u00e9 poznatky v komplexn\u00edch biologick\u00fdch a chemick\u00fdch syst\u00e9mech. Je t\u0159eba zd\u016fraznit, \u017ee jejich pou\u017eit\u00ed mus\u00ed b\u00fdt striktn\u011b omezeno na laboratorn\u00ed prost\u0159ed\u00ed.<\/p>\n<h3>Metodologick\u00e9 \u00favahy<\/h3>\n<p>Pro prov\u00e1d\u011bn\u00ed p\u0159esn\u00fdch experiment\u016f s <b>CP Orange Tesla Pills<\/b> jsou nezbytn\u00e9 podrobn\u00e9 metodick\u00e9 p\u0159\u00edstupy. V\u011bdci by m\u011bli v\u017edy dodr\u017eovat platn\u00e9 laboratorn\u00ed sm\u011brnice a bezpe\u010dnostn\u00ed protokoly. To zahrnuje pou\u017e\u00edv\u00e1n\u00ed vhodn\u00fdch ochrann\u00fdch pom\u016fcek a prov\u00e1d\u011bn\u00ed experiment\u016f v kontrolovan\u00e9m prost\u0159ed\u00ed. Krom\u011b toho nab\u00edz\u00edme tak\u00e9 <a href=\"https:\/\/chemgramx.com\/product\/blueberry-kush-24-thc\/\">dal\u0161\u00ed vysoce kvalitn\u00ed v\u00fdzkumn\u00e9 l\u00e1tky<\/a> kter\u00e9 mohou doplnit va\u0161e studium.<\/p>\n<h2>N\u00e1kup a manipulace s CP Orange Tesla Pills<\/h2>\n<h3>Proces objedn\u00e1vky u Chemgramx<\/h3>\n<p>Na str\u00e1nk\u00e1ch <b>Objednejte si CP Orange Tesla pilulky online<\/b> u Chemgramx je jednoduch\u00fd a bezpe\u010dn\u00fd proces. Na\u0161\u00edm c\u00edlem je umo\u017enit v\u00fdzkumn\u00fdm pracovn\u00edk\u016fm snadn\u00fd p\u0159\u00edstup k vysoce \u010dist\u00fdm chemik\u00e1li\u00edm. Stru\u010dn\u011b \u0159e\u010deno, m\u016f\u017eete si vybrat po\u017eadovan\u00e9 produkty a efektivn\u011b dokon\u010dit n\u00e1kupn\u00ed proces. Proto je n\u00e1kup <b>Laboratorn\u00ed kvalita na prodej<\/b> u n\u00e1s navr\u017een tak, aby vyhovoval pot\u0159eb\u00e1m modern\u00edch v\u00fdzkumn\u00fdch laborato\u0159\u00ed. M\u016f\u017eete se spolehnout, \u017ee u Chemgramx z\u00edsk\u00e1te ty nejlep\u0161\u00ed produkty.<\/p>\n<h3>Doporu\u010den\u00ed pro skladov\u00e1n\u00ed a bezpe\u010dnost<\/h3>\n<p>Aby byla zaji\u0161t\u011bna stabilita a \u00fa\u010dinnost <b>CP Orange Tesla Pills<\/b> Pro dlouhodob\u00e9 zaji\u0161t\u011bn\u00ed kvality je rozhoduj\u00edc\u00ed spr\u00e1vn\u00e9 skladov\u00e1n\u00ed. Doporu\u010dujeme produkt skladovat na chladn\u00e9m, such\u00e9m a tmav\u00e9m m\u00edst\u011b, mimo dosah p\u0159\u00edm\u00e9ho slune\u010dn\u00edho z\u00e1\u0159en\u00ed a vlhkosti. P\u0159i manipulaci s touto l\u00e1tkou je nav\u00edc nutn\u00e9 nosit vhodn\u00e9 osobn\u00ed ochrann\u00e9 prost\u0159edky, jako jsou rukavice a ochrann\u00e9 br\u00fdle. Jedn\u00e1 se o standardn\u00ed opat\u0159en\u00ed p\u0159i pr\u00e1ci s v\u00fdzkumn\u00fdmi chemik\u00e1liemi.<\/p>\n<h2>\u010casto kladen\u00e9 ot\u00e1zky t\u00fdkaj\u00edc\u00ed se CP Orange Tesla Pills (FAQ)<\/h2>\n<h3>Jakou \u010distotu mohu o\u010dek\u00e1vat?<\/h3>\n<p>Zaru\u010dujeme mimo\u0159\u00e1dn\u011b vysokou \u010distotu na\u0161ich produkt\u016f. <b>CP Orange Tesla Pills<\/b>. Ka\u017ed\u00e1 \u0161ar\u017ee je pe\u010dliv\u011b testov\u00e1na, aby bylo zaji\u0161t\u011bno, \u017ee spl\u0148uje nejp\u0159\u00edsn\u011bj\u0161\u00ed standardy kvality. D\u00edky tomu se m\u016f\u017eete spolehnout na konzistentn\u00ed a spolehliv\u00e9 v\u00fdsledky sv\u00fdch experiment\u016f.<\/p>\n<h3>Jsou CP Orange Tesla Pills k dispozici pro studium?<\/h3>\n<p>Ano, rozhodn\u011b. Na\u0161e <b>CP Orange Tesla Pills<\/b> jsou speci\u00e1ln\u011b ur\u010deny jako <b>Kvalita v\u00fdzkumu na prodej<\/b> a jsou k dispozici akademick\u00fdm a soukrom\u00fdm v\u00fdzkumn\u00fdm instituc\u00edm. Je d\u016fle\u017eit\u00e9, aby jejich pou\u017eit\u00ed bylo v souladu s m\u00edstn\u00edmi z\u00e1kony a p\u0159edpisy a bylo ur\u010deno v\u00fdhradn\u011b pro v\u00fdzkumn\u00e9 \u00fa\u010dely.<\/p>\n<h3>Jak Chemgramx zaji\u0161\u0165uje kvalitu?<\/h3>\n<p>Chemgramx spolupracuje pouze s renomovan\u00fdmi v\u00fdrobci a prov\u00e1d\u00ed intern\u00ed i extern\u00ed testy, aby ov\u011b\u0159il kvalitu a \u010distotu v\u0161ech produkt\u016f. To znamen\u00e1, \u017ee p\u0159i <a href=\"https:\/\/chemgramx.com\/product\/cp-orange-tesla-pills-online-bestellung\/\">Koupit autentick\u00e9 CP Orange Tesla Pills<\/a> z\u00edskat bezkonkuren\u010dn\u00ed integritu produktu. <b>Objednejte si CP Orange Tesla Pills online<\/b> s v\u011bdom\u00edm, \u017ee dostanete produkt nejvy\u0161\u0161\u00ed kvality.<\/p>\n<h2>Z\u00e1v\u011br: Va\u0161e prvn\u00ed volba pro v\u00fdzkumn\u00e9 pot\u0159eby<\/h2>\n<p>Pokud jde o n\u00e1kup vysoce \u010dist\u00fdch chemik\u00e1li\u00ed pro v\u00fdzkumn\u00e9 \u00fa\u010dely, jsou <b>CP Orange Tesla Pills<\/b> od Chemgramx je ide\u00e1ln\u00ed volbou. Na\u0161e z\u00e1vazky k kvalit\u011b, \u010distot\u011b a vynikaj\u00edc\u00edm slu\u017eb\u00e1m z n\u00e1s d\u011blaj\u00ed va\u0161eho preferovan\u00e9ho partnera. Nakonec m\u016f\u017eete <b>koupit u Chemgramx<\/b> a v\u011b\u0159te, \u017ee vy <b>Nejlep\u0161\u00ed CP Orange Tesla pilulky k dispozici<\/b> . Podporujeme va\u0161e v\u011bdeck\u00e9 \u00fasil\u00ed produkty, kter\u00e9 spl\u0148uj\u00ed nejvy\u0161\u0161\u00ed n\u00e1roky.<\/p>","protected":false},"excerpt":{"rendered":"<p><b>CP Orange Tesla Pills<\/b> \u2013 V\u00e1\u0161 spolehliv\u00fd zdroj vysoce kvalitn\u00edch chemik\u00e1li\u00ed pro v\u00fdzkum.<\/p>\n<ul>\n<li><b>Vysok\u00e1 \u010distota:<\/b> Zaru\u010duje p\u0159esn\u00e9 v\u00fdsledky v\u00fdzkumu.<\/li>\n<li><b>Kvalita v\u00fdzkumu:<\/b> V\u00fdhradn\u011b pro laboratorn\u00ed studie a v\u011bdeck\u00e9 anal\u00fdzy.<\/li>\n<li><b>Autenti\u010dnost:<\/b> D\u016fv\u011b\u0159ujte prov\u011b\u0159en\u00e9 kvalit\u011b.<\/li>\n<\/ul>\n<p>Z\u00edskejte <b>Koupit CP Orange<\/b> Produkty bezpe\u010dn\u00e9 a jednoduch\u00e9 <b>u Chemgramx<\/b> pro va\u0161e nejn\u00e1ro\u010dn\u011bj\u0161\u00ed projekty.<\/p>","protected":false},"featured_media":8017,"comment_status":"open","ping_status":"closed","template":"","meta":{"_joinchat":[]},"product_brand":[],"product_cat":[2846],"product_tag":[2146,2149,2144,2142,2145,2147,2018,2015,2143,2148],"class_list":{"0":"post-7981","1":"product","2":"type-product","3":"status-publish","4":"has-post-thumbnail","6":"product_cat-ecstasy-pills","7":"product_tag-cp-orange-mdma","8":"product_tag-cp-orange-mdma-kaufen","9":"product_tag-cp-orange-pills","10":"product_tag-cp-orange-tesla","11":"product_tag-cp-orange-tesla-kaufen","12":"product_tag-mdma-pills-online","13":"product_tag-mdma-zum-verkauf","14":"product_tag-synthetische-drogen","15":"product_tag-tesla-pills-kaufen","16":"product_tag-tesla-pills-mdma","18":"first","19":"instock","20":"shipping-taxable","21":"purchasable","22":"product-type-variable"},"yoast_head":"<!-- This site is optimized with the Yoast SEO plugin v27.5 - https:\/\/yoast.com\/product\/yoast-seo-wordpress\/ -->\n<title>CP Orange Tesla Pills kaufen - Hohe Reinheit<\/title>\n<meta name=\"description\" content=\"Entdecken Sie hochwertige CP Orange Tesla Pills f\u00fcr Ihre Forschung. Erwerben Sie CP Orange Kaufen mit garantierter Reinheit und Qualit\u00e4t bei Chemgramx. Ideal f\u00fcr wissenschaftliche Studien.\" \/>\n<meta name=\"robots\" content=\"index, follow, max-snippet:-1, max-image-preview:large, max-video-preview:-1\" \/>\n<link rel=\"canonical\" href=\"https:\/\/chemgramx.com\/cs\/produkt-1\/cp-orange-tesla-pills-online-order\/\" \/>\n<meta property=\"og:locale\" content=\"cs_CZ\" \/>\n<meta property=\"og:type\" content=\"article\" \/>\n<meta property=\"og:title\" content=\"CP Orange Tesla Pills kaufen - Hohe Reinheit\" \/>\n<meta property=\"og:description\" content=\"Entdecken Sie hochwertige CP Orange Tesla Pills f\u00fcr Ihre Forschung. Erwerben Sie CP Orange Kaufen mit garantierter Reinheit und Qualit\u00e4t bei Chemgramx. Ideal f\u00fcr wissenschaftliche Studien.\" \/>\n<meta property=\"og:url\" content=\"https:\/\/chemgramx.com\/cs\/produkt-1\/cp-orange-tesla-pills-online-order\/\" \/>\n<meta property=\"og:site_name\" content=\"Chemgramx\" \/>\n<meta property=\"article:modified_time\" content=\"2025-12-10T16:58:22+00:00\" \/>\n<meta property=\"og:image\" content=\"https:\/\/chemgramx.com\/wp-content\/uploads\/2025\/11\/p13-1.png\" \/>\n\t<meta property=\"og:image:width\" content=\"600\" \/>\n\t<meta property=\"og:image:height\" content=\"400\" \/>\n\t<meta property=\"og:image:type\" content=\"image\/png\" \/>\n<meta name=\"twitter:card\" content=\"summary_large_image\" \/>\n<meta name=\"twitter:label1\" content=\"Odhadovan\u00e1 doba \u010dten\u00ed\" \/>\n\t<meta name=\"twitter:data1\" content=\"5 minut\" \/>\n<script type=\"application\/ld+json\" class=\"yoast-schema-graph\">{\"@context\":\"https:\\\/\\\/schema.org\",\"@graph\":[{\"@type\":\"WebPage\",\"@id\":\"https:\\\/\\\/chemgramx.com\\\/product\\\/cp-orange-tesla-pills-online-bestellung\\\/\",\"url\":\"https:\\\/\\\/chemgramx.com\\\/product\\\/cp-orange-tesla-pills-online-bestellung\\\/\",\"name\":\"CP Orange Tesla Pills kaufen - Hohe Reinheit\",\"isPartOf\":{\"@id\":\"https:\\\/\\\/chemgramx.com\\\/#website\"},\"primaryImageOfPage\":{\"@id\":\"https:\\\/\\\/chemgramx.com\\\/product\\\/cp-orange-tesla-pills-online-bestellung\\\/#primaryimage\"},\"image\":{\"@id\":\"https:\\\/\\\/chemgramx.com\\\/product\\\/cp-orange-tesla-pills-online-bestellung\\\/#primaryimage\"},\"thumbnailUrl\":\"https:\\\/\\\/chemgramx.com\\\/wp-content\\\/uploads\\\/2025\\\/11\\\/p13-1.png\",\"datePublished\":\"2025-11-21T16:44:45+00:00\",\"dateModified\":\"2025-12-10T16:58:22+00:00\",\"description\":\"Entdecken Sie hochwertige CP Orange Tesla Pills f\u00fcr Ihre Forschung. Erwerben Sie CP Orange Kaufen mit garantierter Reinheit und Qualit\u00e4t bei Chemgramx. Ideal f\u00fcr wissenschaftliche Studien.\",\"breadcrumb\":{\"@id\":\"https:\\\/\\\/chemgramx.com\\\/product\\\/cp-orange-tesla-pills-online-bestellung\\\/#breadcrumb\"},\"inLanguage\":\"cs\",\"potentialAction\":[{\"@type\":\"ReadAction\",\"target\":[\"https:\\\/\\\/chemgramx.com\\\/product\\\/cp-orange-tesla-pills-online-bestellung\\\/\"]}]},{\"@type\":\"ImageObject\",\"inLanguage\":\"cs\",\"@id\":\"https:\\\/\\\/chemgramx.com\\\/product\\\/cp-orange-tesla-pills-online-bestellung\\\/#primaryimage\",\"url\":\"https:\\\/\\\/chemgramx.com\\\/wp-content\\\/uploads\\\/2025\\\/11\\\/p13-1.png\",\"contentUrl\":\"https:\\\/\\\/chemgramx.com\\\/wp-content\\\/uploads\\\/2025\\\/11\\\/p13-1.png\",\"width\":600,\"height\":400},{\"@type\":\"BreadcrumbList\",\"@id\":\"https:\\\/\\\/chemgramx.com\\\/product\\\/cp-orange-tesla-pills-online-bestellung\\\/#breadcrumb\",\"itemListElement\":[{\"@type\":\"ListItem\",\"position\":1,\"name\":\"Home\",\"item\":\"https:\\\/\\\/chemgramx.com\\\/\"},{\"@type\":\"ListItem\",\"position\":2,\"name\":\"Shop\",\"item\":\"https:\\\/\\\/chemgramx.com\\\/shop\\\/\"},{\"@type\":\"ListItem\",\"position\":3,\"name\":\"CP Orange Tesla Pills kaufen &#8211; Hohe Reinheit\"}]},{\"@type\":\"WebSite\",\"@id\":\"https:\\\/\\\/chemgramx.com\\\/#website\",\"url\":\"https:\\\/\\\/chemgramx.com\\\/\",\"name\":\"Chemgramx\",\"description\":\"\",\"publisher\":{\"@id\":\"https:\\\/\\\/chemgramx.com\\\/#organization\"},\"potentialAction\":[{\"@type\":\"SearchAction\",\"target\":{\"@type\":\"EntryPoint\",\"urlTemplate\":\"https:\\\/\\\/chemgramx.com\\\/?s={search_term_string}\"},\"query-input\":{\"@type\":\"PropertyValueSpecification\",\"valueRequired\":true,\"valueName\":\"search_term_string\"}}],\"inLanguage\":\"cs\"},{\"@type\":\"Organization\",\"@id\":\"https:\\\/\\\/chemgramx.com\\\/#organization\",\"name\":\"Chemgramx\",\"url\":\"https:\\\/\\\/chemgramx.com\\\/\",\"logo\":{\"@type\":\"ImageObject\",\"inLanguage\":\"cs\",\"@id\":\"https:\\\/\\\/chemgramx.com\\\/#\\\/schema\\\/logo\\\/image\\\/\",\"url\":\"https:\\\/\\\/chemgramx.com\\\/wp-content\\\/uploads\\\/2024\\\/10\\\/final-logo.png\",\"contentUrl\":\"https:\\\/\\\/chemgramx.com\\\/wp-content\\\/uploads\\\/2024\\\/10\\\/final-logo.png\",\"width\":250,\"height\":48,\"caption\":\"Chemgramx\"},\"image\":{\"@id\":\"https:\\\/\\\/chemgramx.com\\\/#\\\/schema\\\/logo\\\/image\\\/\"}}]}<\/script>\n<!-- \/ Yoast SEO plugin. -->","yoast_head_json":{"title":"Koupit CP Orange Tesla Pills \u2013 vysok\u00e1 \u010distota","description":"Objevte vysoce kvalitn\u00ed CP Orange Tesla Pills pro sv\u016fj v\u00fdzkum. Nakupujte CP Orange s garantovanou \u010distotou a kvalitou na Chemgramx. Ide\u00e1ln\u00ed pro v\u011bdeck\u00e9 studie.","robots":{"index":"index","follow":"follow","max-snippet":"max-snippet:-1","max-image-preview":"max-image-preview:large","max-video-preview":"max-video-preview:-1"},"canonical":"https:\/\/chemgramx.com\/cs\/produkt-1\/cp-orange-tesla-pills-online-order\/","og_locale":"cs_CZ","og_type":"article","og_title":"CP Orange Tesla Pills kaufen - Hohe Reinheit","og_description":"Entdecken Sie hochwertige CP Orange Tesla Pills f\u00fcr Ihre Forschung. Erwerben Sie CP Orange Kaufen mit garantierter Reinheit und Qualit\u00e4t bei Chemgramx. Ideal f\u00fcr wissenschaftliche Studien.","og_url":"https:\/\/chemgramx.com\/cs\/produkt-1\/cp-orange-tesla-pills-online-order\/","og_site_name":"Chemgramx","article_modified_time":"2025-12-10T16:58:22+00:00","og_image":[{"width":600,"height":400,"url":"https:\/\/chemgramx.com\/wp-content\/uploads\/2025\/11\/p13-1.png","type":"image\/png"}],"twitter_card":"summary_large_image","twitter_misc":{"Odhadovan\u00e1 doba \u010dten\u00ed":"5 minut"},"schema":{"@context":"https:\/\/schema.org","@graph":[{"@type":"WebPage","@id":"https:\/\/chemgramx.com\/product\/cp-orange-tesla-pills-online-bestellung\/","url":"https:\/\/chemgramx.com\/product\/cp-orange-tesla-pills-online-bestellung\/","name":"Koupit CP Orange Tesla Pills \u2013 vysok\u00e1 \u010distota","isPartOf":{"@id":"https:\/\/chemgramx.com\/#website"},"primaryImageOfPage":{"@id":"https:\/\/chemgramx.com\/product\/cp-orange-tesla-pills-online-bestellung\/#primaryimage"},"image":{"@id":"https:\/\/chemgramx.com\/product\/cp-orange-tesla-pills-online-bestellung\/#primaryimage"},"thumbnailUrl":"https:\/\/chemgramx.com\/wp-content\/uploads\/2025\/11\/p13-1.png","datePublished":"2025-11-21T16:44:45+00:00","dateModified":"2025-12-10T16:58:22+00:00","description":"Objevte vysoce kvalitn\u00ed CP Orange Tesla Pills pro sv\u016fj v\u00fdzkum. Nakupujte CP Orange s garantovanou \u010distotou a kvalitou na Chemgramx. Ide\u00e1ln\u00ed pro v\u011bdeck\u00e9 studie.","breadcrumb":{"@id":"https:\/\/chemgramx.com\/product\/cp-orange-tesla-pills-online-bestellung\/#breadcrumb"},"inLanguage":"cs","potentialAction":[{"@type":"ReadAction","target":["https:\/\/chemgramx.com\/product\/cp-orange-tesla-pills-online-bestellung\/"]}]},{"@type":"ImageObject","inLanguage":"cs","@id":"https:\/\/chemgramx.com\/product\/cp-orange-tesla-pills-online-bestellung\/#primaryimage","url":"https:\/\/chemgramx.com\/wp-content\/uploads\/2025\/11\/p13-1.png","contentUrl":"https:\/\/chemgramx.com\/wp-content\/uploads\/2025\/11\/p13-1.png","width":600,"height":400},{"@type":"BreadcrumbList","@id":"https:\/\/chemgramx.com\/product\/cp-orange-tesla-pills-online-bestellung\/#breadcrumb","itemListElement":[{"@type":"ListItem","position":1,"name":"Home","item":"https:\/\/chemgramx.com\/"},{"@type":"ListItem","position":2,"name":"Shop","item":"https:\/\/chemgramx.com\/shop\/"},{"@type":"ListItem","position":3,"name":"CP Orange Tesla Pills kaufen &#8211; Hohe Reinheit"}]},{"@type":"WebSite","@id":"https:\/\/chemgramx.com\/#website","url":"https:\/\/chemgramx.com\/","name":"Chemgramx","description":"","publisher":{"@id":"https:\/\/chemgramx.com\/#organization"},"potentialAction":[{"@type":"SearchAction","target":{"@type":"EntryPoint","urlTemplate":"https:\/\/chemgramx.com\/?s={search_term_string}"},"query-input":{"@type":"PropertyValueSpecification","valueRequired":true,"valueName":"search_term_string"}}],"inLanguage":"cs"},{"@type":"Organization","@id":"https:\/\/chemgramx.com\/#organization","name":"Chemgramx","url":"https:\/\/chemgramx.com\/","logo":{"@type":"ImageObject","inLanguage":"cs","@id":"https:\/\/chemgramx.com\/#\/schema\/logo\/image\/","url":"https:\/\/chemgramx.com\/wp-content\/uploads\/2024\/10\/final-logo.png","contentUrl":"https:\/\/chemgramx.com\/wp-content\/uploads\/2024\/10\/final-logo.png","width":250,"height":48,"caption":"Chemgramx"},"image":{"@id":"https:\/\/chemgramx.com\/#\/schema\/logo\/image\/"}}]}},"_links":{"self":[{"href":"https:\/\/chemgramx.com\/cs\/wp-json\/wp\/v2\/product\/7981","targetHints":{"allow":["GET"]}}],"collection":[{"href":"https:\/\/chemgramx.com\/cs\/wp-json\/wp\/v2\/product"}],"about":[{"href":"https:\/\/chemgramx.com\/cs\/wp-json\/wp\/v2\/types\/product"}],"replies":[{"embeddable":true,"href":"https:\/\/chemgramx.com\/cs\/wp-json\/wp\/v2\/comments?post=7981"}],"wp:featuredmedia":[{"embeddable":true,"href":"https:\/\/chemgramx.com\/cs\/wp-json\/wp\/v2\/media\/8017"}],"wp:attachment":[{"href":"https:\/\/chemgramx.com\/cs\/wp-json\/wp\/v2\/media?parent=7981"}],"wp:term":[{"taxonomy":"product_brand","embeddable":true,"href":"https:\/\/chemgramx.com\/cs\/wp-json\/wp\/v2\/product_brand?post=7981"},{"taxonomy":"product_cat","embeddable":true,"href":"https:\/\/chemgramx.com\/cs\/wp-json\/wp\/v2\/product_cat?post=7981"},{"taxonomy":"product_tag","embeddable":true,"href":"https:\/\/chemgramx.com\/cs\/wp-json\/wp\/v2\/product_tag?post=7981"}],"curies":[{"name":"wp","href":"https:\/\/api.w.org\/{rel}","templated":true}]}}